{"id":6870,"date":"2022-07-21T19:18:17","date_gmt":"2022-07-21T18:18:17","guid":{"rendered":"https:\/1658920591610?product=high-potency-royal-jelly-capsules-for-improved-fertility-and-the-relief-of-the-symptoms-of-menopause-60-vegetarian-capsules"},"modified":"2022-08-09T15:14:37","modified_gmt":"2022-08-09T14:14:37","slug":"high-potency-royal-jelly-capsules-for-improved-fertility-and-the-relief-of-the-symptoms-of-menopause-60-vegetarian-capsules","status":"publish","type":"product","link":"https:\/\/jeaken.com\/pl\/produkt\/high-potency-royal-jelly-capsules-for-improved-fertility-and-the-relief-of-the-symptoms-of-menopause-60-vegetarian-capsules\/","title":{"rendered":"High Potency Royal Jelly Capsules for Improved Fertility and the Relief of the Symptoms of Menopause (60 Vegetarian Capsules)"},"content":{"rendered":"<p><strong>NATURALNE SUPERFOOD  <\/strong><\/p>\n<p>Nasze kapsu\u0142ki Royal Jelly s\u0105 wykonane tylko z najlepszych naturalnych sk\u0142adnik\u00f3w. Nasz preparat jest odpowiednikiem 750 mg \u015bwie\u017cego mleczka pszczelego &#8211; dzi\u0119ki czemu otrzymujesz te same korzy\u015bci, co kr\u00f3lowe pszcz\u00f3\u0142, kt\u00f3re \u017cyj\u0105 wy\u0142\u0105cznie na mleczku pszczelim, aby wspiera\u0107 swoj\u0105 p\u0142odno\u015b\u0107, d\u0142ugowieczno\u015b\u0107 i zdrowie.&lt;<\/p>\n<p><strong>WZMACNIA ODPORNO\u015a\u0106  <\/strong><\/p>\n<p>Royal Jelly mo\u017ce pom\u00f3c z\u0142agodzi\u0107 alergie, zmniejszy\u0107 stan zapalny i przyczyni\u0107 si\u0119 do zdrowego uk\u0142adu odporno\u015bciowego.<\/p>\n<p><strong>SPRZYJA ZDROWYM W\u0141OSOM, PAZNOKCIOM I SK\u00d3RZE  <\/strong><\/p>\n<p>Royal Jelly zawiera 22 aminokwasy, kt\u00f3re utrzymuj\u0105 i naprawiaj\u0105 kom\u00f3rki w ca\u0142ym organizmie, szczeg\u00f3lnie te we w\u0142osach i sk\u00f3rze. Nasz suplement jest bogaty w witaminy z grupy B: Ryboflawin\u0119 (B2), Niacyn\u0119 (B3) i Biotyn\u0119 (B7), kt\u00f3re s\u0105 niezb\u0119dne w procesie odnowy w\u0142os\u00f3w i sk\u00f3ry.<\/p>\n<p><strong>SKUTECZNE DLA ZDROWIA I P\u0141ODNO\u015aCI KOBIET  <\/strong><\/p>\n<p>Royal Jelly jest stosowane od setek lat jako \u015brodek wspomagaj\u0105cy zdrowie kobiet. Bogata w minera\u0142y i witaminy zawarto\u015b\u0107 mleczka pszczelego sprawia, \u017ce jest ono doskona\u0142e w ukierunkowaniu na systemy zaanga\u017cowane w p\u0142odno\u015b\u0107. Royal Jelly mo\u017ce pom\u00f3c tro tro z\u0142agodzi\u0107 objawy menopauzy.<\/p>\n","protected":false},"excerpt":{"rendered":"<h4><strong>Naturalny Superfood, kt\u00f3ry sprzyja \u015bwietnemu zdrowiu u kobiet.  <\/strong><\/h4>\n","protected":false},"featured_media":16097,"template":"","meta":{"site-sidebar-layout":"default","site-content-layout":"default","ast-site-content-layout":"default","site-content-style":"default","site-sidebar-style":"default","ast-global-header-display":"","ast-banner-title-visibility":"","ast-main-header-display":"","ast-hfb-above-header-display":"","ast-hfb-below-header-display":"","ast-hfb-mobile-header-display":"","site-post-title":"","ast-breadcrumbs-content":"","ast-featured-img":"","footer-sml-layout":"","theme-transparent-header-meta":"default","adv-header-id-meta":"","stick-header-meta":"default","header-above-stick-meta":"","header-main-stick-meta":"","header-below-stick-meta":"","astra-migrate-meta-layouts":"default","ast-page-background-enabled":"default","ast-page-background-meta":{"desktop":{"background-color":"","background-image":"","background-repeat":"repeat","background-position":"center center","background-size":"auto","background-attachment":"scroll","background-type":"","background-media":"","overlay-type":"","overlay-color":"","overlay-opacity":"","overlay-gradient":""},"tablet":{"background-color":"","background-image":"","background-repeat":"repeat","background-position":"center center","background-size":"auto","background-attachment":"scroll","background-type":"","background-media":"","overlay-type":"","overlay-color":"","overlay-opacity":"","overlay-gradient":""},"mobile":{"background-color":"","background-image":"","background-repeat":"repeat","background-position":"center center","background-size":"auto","background-attachment":"scroll","background-type":"","background-media":"","overlay-type":"","overlay-color":"","overlay-opacity":"","overlay-gradient":""}},"ast-content-background-meta":{"desktop":{"background-color":"var(--ast-global-color-5)","background-image":"","background-repeat":"repeat","background-position":"center center","background-size":"auto","background-attachment":"scroll","background-type":"","background-media":"","overlay-type":"","overlay-color":"","overlay-opacity":"","overlay-gradient":""},"tablet":{"background-color":"var(--ast-global-color-5)","background-image":"","background-repeat":"repeat","background-position":"center center","background-size":"auto","background-attachment":"scroll","background-type":"","background-media":"","overlay-type":"","overlay-color":"","overlay-opacity":"","overlay-gradient":""},"mobile":{"background-color":"var(--ast-global-color-5)","background-image":"","background-repeat":"repeat","background-position":"center center","background-size":"auto","background-attachment":"scroll","background-type":"","background-media":"","overlay-type":"","overlay-color":"","overlay-opacity":"","overlay-gradient":""}}},"product_cat":[550,1004],"product_tag":[],"class_list":{"0":"post-6870","1":"product","2":"type-product","3":"status-publish","4":"has-post-thumbnail","6":"product_cat-nastroj-i-dobre-samopoczucie","7":"product_cat-plodnosc","8":"has-subscription-plans","9":"desktop-align-left","10":"tablet-align-left","11":"mobile-align-left","13":"first","14":"outofstock","15":"taxable","16":"shipping-taxable","17":"purchasable","18":"product-type-simple"},"yoast_head":"<!-- This site is optimized with the Yoast SEO plugin v22.7 - https:\/\/yoast.com\/wordpress\/plugins\/seo\/ -->\n<title>High Potency Royal Jelly Capsules for Improved Fertility and the Relief of the Symptoms of Menopause (60 Vegetarian Capsules) - JeaKen<\/title>\n<meta name=\"robots\" content=\"index, follow, max-snippet:-1, max-image-preview:large, max-video-preview:-1\" \/>\n<link rel=\"canonical\" href=\"https:\/\/jeaken.com\/pl\/produkt\/high-potency-royal-jelly-capsules-for-improved-fertility-and-the-relief-of-the-symptoms-of-menopause-60-vegetarian-capsules\/\" \/>\n<meta property=\"og:locale\" content=\"pl_PL\" \/>\n<meta property=\"og:type\" content=\"article\" \/>\n<meta property=\"og:title\" content=\"High Potency Royal Jelly Capsules for Improved Fertility and the Relief of the Symptoms of Menopause (60 Vegetarian Capsules) - JeaKen\" \/>\n<meta property=\"og:description\" content=\"Naturalny Superfood, kt\u00f3ry sprzyja \u015bwietnemu zdrowiu u kobiet.\" \/>\n<meta property=\"og:url\" content=\"https:\/\/jeaken.com\/pl\/produkt\/high-potency-royal-jelly-capsules-for-improved-fertility-and-the-relief-of-the-symptoms-of-menopause-60-vegetarian-capsules\/\" \/>\n<meta property=\"og:site_name\" content=\"JeaKen\" \/>\n<meta property=\"article:modified_time\" content=\"2022-08-09T14:14:37+00:00\" \/>\n<meta property=\"og:image\" content=\"https:\/\/jeaken.com\/wp-content\/uploads\/2022\/07\/Royal-Jelly.jpg\" \/>\n\t<meta property=\"og:image:width\" content=\"512\" \/>\n\t<meta property=\"og:image:height\" content=\"600\" \/>\n\t<meta property=\"og:image:type\" content=\"image\/jpeg\" \/>\n<meta name=\"twitter:card\" content=\"summary_large_image\" \/>\n<meta name=\"twitter:label1\" content=\"Est. reading time\" \/>\n\t<meta name=\"twitter:data1\" content=\"1 minute\" \/>\n<script type=\"application\/ld+json\" class=\"yoast-schema-graph\">{\"@context\":\"https:\/\/schema.org\",\"@graph\":[{\"@type\":\"WebPage\",\"@id\":\"https:\/\/jeaken.com\/pl\/produkt\/high-potency-royal-jelly-capsules-for-improved-fertility-and-the-relief-of-the-symptoms-of-menopause-60-vegetarian-capsules\/\",\"url\":\"https:\/\/jeaken.com\/pl\/produkt\/high-potency-royal-jelly-capsules-for-improved-fertility-and-the-relief-of-the-symptoms-of-menopause-60-vegetarian-capsules\/\",\"name\":\"High Potency Royal Jelly Capsules for Improved Fertility and the Relief of the Symptoms of Menopause (60 Vegetarian Capsules) - JeaKen\",\"isPartOf\":{\"@id\":\"https:\/\/jeaken.com\/pl\/#website\"},\"primaryImageOfPage\":{\"@id\":\"https:\/\/jeaken.com\/pl\/produkt\/high-potency-royal-jelly-capsules-for-improved-fertility-and-the-relief-of-the-symptoms-of-menopause-60-vegetarian-capsules\/#primaryimage\"},\"image\":{\"@id\":\"https:\/\/jeaken.com\/pl\/produkt\/high-potency-royal-jelly-capsules-for-improved-fertility-and-the-relief-of-the-symptoms-of-menopause-60-vegetarian-capsules\/#primaryimage\"},\"thumbnailUrl\":\"https:\/\/jeaken.com\/wp-content\/uploads\/2022\/07\/Royal-Jelly.jpg\",\"datePublished\":\"2022-07-21T18:18:17+00:00\",\"dateModified\":\"2022-08-09T14:14:37+00:00\",\"breadcrumb\":{\"@id\":\"https:\/\/jeaken.com\/pl\/produkt\/high-potency-royal-jelly-capsules-for-improved-fertility-and-the-relief-of-the-symptoms-of-menopause-60-vegetarian-capsules\/#breadcrumb\"},\"inLanguage\":\"pl-PL\",\"potentialAction\":[{\"@type\":\"ReadAction\",\"target\":[\"https:\/\/jeaken.com\/pl\/produkt\/high-potency-royal-jelly-capsules-for-improved-fertility-and-the-relief-of-the-symptoms-of-menopause-60-vegetarian-capsules\/\"]}]},{\"@type\":\"ImageObject\",\"inLanguage\":\"pl-PL\",\"@id\":\"https:\/\/jeaken.com\/pl\/produkt\/high-potency-royal-jelly-capsules-for-improved-fertility-and-the-relief-of-the-symptoms-of-menopause-60-vegetarian-capsules\/#primaryimage\",\"url\":\"https:\/\/jeaken.com\/wp-content\/uploads\/2022\/07\/Royal-Jelly.jpg\",\"contentUrl\":\"https:\/\/jeaken.com\/wp-content\/uploads\/2022\/07\/Royal-Jelly.jpg\",\"width\":512,\"height\":600,\"caption\":\"High Potency Royal Jelly Capsules for Improved Fertility and the Relief of the Symptoms of Menopause\"},{\"@type\":\"BreadcrumbList\",\"@id\":\"https:\/\/jeaken.com\/pl\/produkt\/high-potency-royal-jelly-capsules-for-improved-fertility-and-the-relief-of-the-symptoms-of-menopause-60-vegetarian-capsules\/#breadcrumb\",\"itemListElement\":[{\"@type\":\"ListItem\",\"position\":1,\"name\":\"Home\",\"item\":\"https:\/\/jeaken.com\/pl\/\"},{\"@type\":\"ListItem\",\"position\":2,\"name\":\"Private: Shop\",\"item\":\"https:\/\/jeaken.com\/shop\/\"},{\"@type\":\"ListItem\",\"position\":3,\"name\":\"High Potency Royal Jelly Capsules for Improved Fertility and the Relief of the Symptoms of Menopause (60 Vegetarian Capsules)\"}]},{\"@type\":\"WebSite\",\"@id\":\"https:\/\/jeaken.com\/pl\/#website\",\"url\":\"https:\/\/jeaken.com\/pl\/\",\"name\":\"JeaKen\",\"description\":\"Organic Supplements for Health, Fitness and Nutrition\",\"publisher\":{\"@id\":\"https:\/\/jeaken.com\/pl\/#organization\"},\"potentialAction\":[{\"@type\":\"SearchAction\",\"target\":{\"@type\":\"EntryPoint\",\"urlTemplate\":\"https:\/\/jeaken.com\/pl\/?s={search_term_string}\"},\"query-input\":\"required name=search_term_string\"}],\"inLanguage\":\"pl-PL\"},{\"@type\":\"Organization\",\"@id\":\"https:\/\/jeaken.com\/pl\/#organization\",\"name\":\"JeaKen\",\"url\":\"https:\/\/jeaken.com\/pl\/\",\"logo\":{\"@type\":\"ImageObject\",\"inLanguage\":\"pl-PL\",\"@id\":\"https:\/\/jeaken.com\/pl\/#\/schema\/logo\/image\/\",\"url\":\"https:\/\/jeaken.com\/wp-content\/uploads\/2022\/06\/jeaken-logo-23.png\",\"contentUrl\":\"https:\/\/jeaken.com\/wp-content\/uploads\/2022\/06\/jeaken-logo-23.png\",\"width\":2486,\"height\":736,\"caption\":\"JeaKen\"},\"image\":{\"@id\":\"https:\/\/jeaken.com\/pl\/#\/schema\/logo\/image\/\"}}]}<\/script>\n<!-- \/ Yoast SEO plugin. -->","yoast_head_json":{"title":"High Potency Royal Jelly Capsules for Improved Fertility and the Relief of the Symptoms of Menopause (60 Vegetarian Capsules) - JeaKen","robots":{"index":"index","follow":"follow","max-snippet":"max-snippet:-1","max-image-preview":"max-image-preview:large","max-video-preview":"max-video-preview:-1"},"canonical":"https:\/\/jeaken.com\/pl\/produkt\/high-potency-royal-jelly-capsules-for-improved-fertility-and-the-relief-of-the-symptoms-of-menopause-60-vegetarian-capsules\/","og_locale":"pl_PL","og_type":"article","og_title":"High Potency Royal Jelly Capsules for Improved Fertility and the Relief of the Symptoms of Menopause (60 Vegetarian Capsules) - JeaKen","og_description":"Naturalny Superfood, kt\u00f3ry sprzyja \u015bwietnemu zdrowiu u kobiet.","og_url":"https:\/\/jeaken.com\/pl\/produkt\/high-potency-royal-jelly-capsules-for-improved-fertility-and-the-relief-of-the-symptoms-of-menopause-60-vegetarian-capsules\/","og_site_name":"JeaKen","article_modified_time":"2022-08-09T14:14:37+00:00","og_image":[{"width":512,"height":600,"url":"https:\/\/jeaken.com\/wp-content\/uploads\/2022\/07\/Royal-Jelly.jpg","type":"image\/jpeg"}],"twitter_card":"summary_large_image","twitter_misc":{"Est. reading time":"1 minute"},"schema":{"@context":"https:\/\/schema.org","@graph":[{"@type":"WebPage","@id":"https:\/\/jeaken.com\/pl\/produkt\/high-potency-royal-jelly-capsules-for-improved-fertility-and-the-relief-of-the-symptoms-of-menopause-60-vegetarian-capsules\/","url":"https:\/\/jeaken.com\/pl\/produkt\/high-potency-royal-jelly-capsules-for-improved-fertility-and-the-relief-of-the-symptoms-of-menopause-60-vegetarian-capsules\/","name":"High Potency Royal Jelly Capsules for Improved Fertility and the Relief of the Symptoms of Menopause (60 Vegetarian Capsules) - JeaKen","isPartOf":{"@id":"https:\/\/jeaken.com\/pl\/#website"},"primaryImageOfPage":{"@id":"https:\/\/jeaken.com\/pl\/produkt\/high-potency-royal-jelly-capsules-for-improved-fertility-and-the-relief-of-the-symptoms-of-menopause-60-vegetarian-capsules\/#primaryimage"},"image":{"@id":"https:\/\/jeaken.com\/pl\/produkt\/high-potency-royal-jelly-capsules-for-improved-fertility-and-the-relief-of-the-symptoms-of-menopause-60-vegetarian-capsules\/#primaryimage"},"thumbnailUrl":"https:\/\/jeaken.com\/wp-content\/uploads\/2022\/07\/Royal-Jelly.jpg","datePublished":"2022-07-21T18:18:17+00:00","dateModified":"2022-08-09T14:14:37+00:00","breadcrumb":{"@id":"https:\/\/jeaken.com\/pl\/produkt\/high-potency-royal-jelly-capsules-for-improved-fertility-and-the-relief-of-the-symptoms-of-menopause-60-vegetarian-capsules\/#breadcrumb"},"inLanguage":"pl-PL","potentialAction":[{"@type":"ReadAction","target":["https:\/\/jeaken.com\/pl\/produkt\/high-potency-royal-jelly-capsules-for-improved-fertility-and-the-relief-of-the-symptoms-of-menopause-60-vegetarian-capsules\/"]}]},{"@type":"ImageObject","inLanguage":"pl-PL","@id":"https:\/\/jeaken.com\/pl\/produkt\/high-potency-royal-jelly-capsules-for-improved-fertility-and-the-relief-of-the-symptoms-of-menopause-60-vegetarian-capsules\/#primaryimage","url":"https:\/\/jeaken.com\/wp-content\/uploads\/2022\/07\/Royal-Jelly.jpg","contentUrl":"https:\/\/jeaken.com\/wp-content\/uploads\/2022\/07\/Royal-Jelly.jpg","width":512,"height":600,"caption":"High Potency Royal Jelly Capsules for Improved Fertility and the Relief of the Symptoms of Menopause"},{"@type":"BreadcrumbList","@id":"https:\/\/jeaken.com\/pl\/produkt\/high-potency-royal-jelly-capsules-for-improved-fertility-and-the-relief-of-the-symptoms-of-menopause-60-vegetarian-capsules\/#breadcrumb","itemListElement":[{"@type":"ListItem","position":1,"name":"Home","item":"https:\/\/jeaken.com\/pl\/"},{"@type":"ListItem","position":2,"name":"Private: Shop","item":"https:\/\/jeaken.com\/shop\/"},{"@type":"ListItem","position":3,"name":"High Potency Royal Jelly Capsules for Improved Fertility and the Relief of the Symptoms of Menopause (60 Vegetarian Capsules)"}]},{"@type":"WebSite","@id":"https:\/\/jeaken.com\/pl\/#website","url":"https:\/\/jeaken.com\/pl\/","name":"JeaKen","description":"Organic Supplements for Health, Fitness and Nutrition","publisher":{"@id":"https:\/\/jeaken.com\/pl\/#organization"},"potentialAction":[{"@type":"SearchAction","target":{"@type":"EntryPoint","urlTemplate":"https:\/\/jeaken.com\/pl\/?s={search_term_string}"},"query-input":"required name=search_term_string"}],"inLanguage":"pl-PL"},{"@type":"Organization","@id":"https:\/\/jeaken.com\/pl\/#organization","name":"JeaKen","url":"https:\/\/jeaken.com\/pl\/","logo":{"@type":"ImageObject","inLanguage":"pl-PL","@id":"https:\/\/jeaken.com\/pl\/#\/schema\/logo\/image\/","url":"https:\/\/jeaken.com\/wp-content\/uploads\/2022\/06\/jeaken-logo-23.png","contentUrl":"https:\/\/jeaken.com\/wp-content\/uploads\/2022\/06\/jeaken-logo-23.png","width":2486,"height":736,"caption":"JeaKen"},"image":{"@id":"https:\/\/jeaken.com\/pl\/#\/schema\/logo\/image\/"}}]}},"jetpack_sharing_enabled":true,"_links":{"self":[{"href":"https:\/\/jeaken.com\/pl\/wp-json\/wp\/v2\/product\/6870","targetHints":{"allow":["GET"]}}],"collection":[{"href":"https:\/\/jeaken.com\/pl\/wp-json\/wp\/v2\/product"}],"about":[{"href":"https:\/\/jeaken.com\/pl\/wp-json\/wp\/v2\/types\/product"}],"wp:featuredmedia":[{"embeddable":true,"href":"https:\/\/jeaken.com\/pl\/wp-json\/wp\/v2\/media\/16097"}],"wp:attachment":[{"href":"https:\/\/jeaken.com\/pl\/wp-json\/wp\/v2\/media?parent=6870"}],"wp:term":[{"taxonomy":"product_cat","embeddable":true,"href":"https:\/\/jeaken.com\/pl\/wp-json\/wp\/v2\/product_cat?post=6870"},{"taxonomy":"product_tag","embeddable":true,"href":"https:\/\/jeaken.com\/pl\/wp-json\/wp\/v2\/product_tag?post=6870"}],"curies":[{"name":"wp","href":"https:\/\/api.w.org\/{rel}","templated":true}]}}