{"id":6861,"date":"2022-07-21T19:18:17","date_gmt":"2022-07-21T18:18:17","guid":{"rendered":"https:\/1658920591610?product=full-spectrum-chaga-mushroom-powder-extract-41-90-vegan-capsules"},"modified":"2022-08-09T15:14:14","modified_gmt":"2022-08-09T14:14:14","slug":"full-spectrum-chaga-mushroom-powder-extract-41-90-vegan-capsules","status":"publish","type":"product","link":"https:\/\/jeaken.com\/pl\/produkt\/full-spectrum-chaga-mushroom-powder-extract-41-90-vegan-capsules\/","title":{"rendered":"Full Spectrum Chaga Mushroom Powder Extract 4:1 (90 Vegan Capsules)"},"content":{"rendered":"<p><strong>WIELE KORZY\u015aCI DLA ZDROWIA  <\/strong><\/p>\n<p>Nasze kapsu\u0142ki z grzybem chaga bez glutenu, nabia\u0142u i soi oferuj\u0105 szereg korzy\u015bci zdrowotnych. Od wiek\u00f3w Chaga jest tradycyjnie stosowana do wspomagania funkcji uk\u0142adu odporno\u015bciowego, a tak\u017ce do poprawy og\u00f3lnego stanu zdrowia. Nasz ekstrakt premium jest pe\u0142en antyoksydant\u00f3w, kt\u00f3re pomagaj\u0105 organizmowi zwalcza\u0107 atakuj\u0105ce kom\u00f3rki wolne rodniki.<\/p>\n<p><strong>NATURALNY WZMACNIACZ ENERGII  <\/strong><\/p>\n<p>Grzyby Chaga s\u0105 na\u0142adowane antyoksydantami. Ten energetyzuj\u0105cy adaptogen w naturalny spos\u00f3b zwi\u0119ksza energi\u0119, wytrzyma\u0142o\u015b\u0107 i pomaga spowolni\u0107 proces starzenia. Powszechnie uwa\u017ca si\u0119 r\u00f3wnie\u017c, \u017ce<br \/>\nGrzyby Chaga zawieraj\u0105 w\u0142a\u015bciwo\u015bci antyrakowe.<\/p>\n<p><strong>WSPOMAGA ZDROWY UK\u0141AD ODPORNO\u015aCIOWY<\/strong><\/p>\n<p>Grzyb Chaga pomaga w redukcji stan\u00f3w zapalnych, a jego w\u0142a\u015bciwo\u015bci antyoksydacyjne i wspieraj\u0105ce odporno\u015b\u0107 pomagaj\u0105 zmniejszy\u0107 stres oksydacyjny w organizmie. Ten pot\u0119\u017cny suplement jest doskona\u0142ym tonikiem zdrowotnym i detoksykatorem z wa\u017cnymi zwi\u0105zkami zwi\u0119kszaj\u0105cymi funkcje uk\u0142adu odporno\u015bciowego i zdrowe ci\u015bnienie krwi.<\/p>\n<p><strong>SZYBKO I WYGODNIE  <\/strong><\/p>\n<p>U\u017cywanie tych kapsu\u0142ek nie mo\u017ce by\u0107 prostsze! Wystarczy doda\u0107 je prosto do kawy lub wykorzysta\u0107 do przygotowania zdrowej herbaty zio\u0142owej, smoothie lub koktajlu potreningowego.<\/p>\n","protected":false},"excerpt":{"rendered":"<h4><b>Tradycyjny suplement wzmacniaj\u0105cy zdrowie dla zwi\u0119kszonej energii i zdrowego uk\u0142adu odporno\u015bciowego.<\/b><\/h4>\n","protected":false},"featured_media":15929,"template":"","meta":{"site-sidebar-layout":"default","site-content-layout":"default","ast-site-content-layout":"default","site-content-style":"default","site-sidebar-style":"default","ast-global-header-display":"","ast-banner-title-visibility":"","ast-main-header-display":"","ast-hfb-above-header-display":"","ast-hfb-below-header-display":"","ast-hfb-mobile-header-display":"","site-post-title":"","ast-breadcrumbs-content":"","ast-featured-img":"","footer-sml-layout":"","theme-transparent-header-meta":"default","adv-header-id-meta":"","stick-header-meta":"default","header-above-stick-meta":"","header-main-stick-meta":"","header-below-stick-meta":"","astra-migrate-meta-layouts":"default","ast-page-background-enabled":"default","ast-page-background-meta":{"desktop":{"background-color":"","background-image":"","background-repeat":"repeat","background-position":"center center","background-size":"auto","background-attachment":"scroll","background-type":"","background-media":"","overlay-type":"","overlay-color":"","overlay-opacity":"","overlay-gradient":""},"tablet":{"background-color":"","background-image":"","background-repeat":"repeat","background-position":"center center","background-size":"auto","background-attachment":"scroll","background-type":"","background-media":"","overlay-type":"","overlay-color":"","overlay-opacity":"","overlay-gradient":""},"mobile":{"background-color":"","background-image":"","background-repeat":"repeat","background-position":"center center","background-size":"auto","background-attachment":"scroll","background-type":"","background-media":"","overlay-type":"","overlay-color":"","overlay-opacity":"","overlay-gradient":""}},"ast-content-background-meta":{"desktop":{"background-color":"var(--ast-global-color-5)","background-image":"","background-repeat":"repeat","background-position":"center center","background-size":"auto","background-attachment":"scroll","background-type":"","background-media":"","overlay-type":"","overlay-color":"","overlay-opacity":"","overlay-gradient":""},"tablet":{"background-color":"var(--ast-global-color-5)","background-image":"","background-repeat":"repeat","background-position":"center center","background-size":"auto","background-attachment":"scroll","background-type":"","background-media":"","overlay-type":"","overlay-color":"","overlay-opacity":"","overlay-gradient":""},"mobile":{"background-color":"var(--ast-global-color-5)","background-image":"","background-repeat":"repeat","background-position":"center center","background-size":"auto","background-attachment":"scroll","background-type":"","background-media":"","overlay-type":"","overlay-color":"","overlay-opacity":"","overlay-gradient":""}}},"product_cat":[543],"product_tag":[939,945,954,928,936,941,951,935,943,947,932,934,931,953,956,949],"class_list":{"0":"post-6861","1":"product","2":"type-product","3":"status-publish","4":"has-post-thumbnail","6":"product_cat-zdrowie-ukladu-odpornosciowego","7":"product_tag-chaga-w-proszku","8":"product_tag-cztery-sigmatyki","9":"product_tag-czysta-wanilia-w-proszku","10":"product_tag-grzybek-chaga","11":"product_tag-grzyby-chaga","12":"product_tag-herbata-chaga","13":"product_tag-herbata-z-grzybow","14":"product_tag-kardamon-w-proszku","15":"product_tag-liscie-curry","16":"product_tag-mielone-ziarna-wanilii-w-proszku","17":"product_tag-proszek-grzybowy","18":"product_tag-proszek-z-borowki-czarnej","19":"product_tag-sproszkowane-grzyby-chaga","20":"product_tag-szafran-perski","21":"product_tag-ziarna-wanilii-w-proszku","22":"product_tag-ziola-indygo","23":"has-subscription-plans","24":"desktop-align-left","25":"tablet-align-left","26":"mobile-align-left","28":"first","29":"instock","30":"sale","31":"taxable","32":"shipping-taxable","33":"purchasable","34":"product-type-simple"},"yoast_head":"<!-- This site is optimized with the Yoast SEO plugin v22.7 - https:\/\/yoast.com\/wordpress\/plugins\/seo\/ -->\n<title>Full Spectrum Chaga Mushroom Powder Extract 4:1 (90 Vegan Capsules) - JeaKen<\/title>\n<meta name=\"robots\" content=\"index, follow, max-snippet:-1, max-image-preview:large, max-video-preview:-1\" \/>\n<link rel=\"canonical\" href=\"https:\/\/jeaken.com\/pl\/produkt\/full-spectrum-chaga-mushroom-powder-extract-41-90-vegan-capsules\/\" \/>\n<meta property=\"og:locale\" content=\"pl_PL\" \/>\n<meta property=\"og:type\" content=\"article\" \/>\n<meta property=\"og:title\" content=\"Full Spectrum Chaga Mushroom Powder Extract 4:1 (90 Vegan Capsules) - JeaKen\" \/>\n<meta property=\"og:description\" content=\"Tradycyjny suplement wzmacniaj\u0105cy zdrowie dla zwi\u0119kszonej energii i zdrowego uk\u0142adu odporno\u015bciowego.\" \/>\n<meta property=\"og:url\" content=\"https:\/\/jeaken.com\/pl\/produkt\/full-spectrum-chaga-mushroom-powder-extract-41-90-vegan-capsules\/\" \/>\n<meta property=\"og:site_name\" content=\"JeaKen\" \/>\n<meta property=\"article:modified_time\" content=\"2022-08-09T14:14:14+00:00\" \/>\n<meta property=\"og:image\" content=\"https:\/\/jeaken.com\/wp-content\/uploads\/2022\/07\/Chaga.jpg\" \/>\n\t<meta property=\"og:image:width\" content=\"512\" \/>\n\t<meta property=\"og:image:height\" content=\"600\" \/>\n\t<meta property=\"og:image:type\" content=\"image\/jpeg\" \/>\n<meta name=\"twitter:card\" content=\"summary_large_image\" \/>\n<meta name=\"twitter:label1\" content=\"Est. reading time\" \/>\n\t<meta name=\"twitter:data1\" content=\"1 minute\" \/>\n<script type=\"application\/ld+json\" class=\"yoast-schema-graph\">{\"@context\":\"https:\/\/schema.org\",\"@graph\":[{\"@type\":\"WebPage\",\"@id\":\"https:\/\/jeaken.com\/pl\/produkt\/full-spectrum-chaga-mushroom-powder-extract-41-90-vegan-capsules\/\",\"url\":\"https:\/\/jeaken.com\/pl\/produkt\/full-spectrum-chaga-mushroom-powder-extract-41-90-vegan-capsules\/\",\"name\":\"Full Spectrum Chaga Mushroom Powder Extract 4:1 (90 Vegan Capsules) - JeaKen\",\"isPartOf\":{\"@id\":\"https:\/\/jeaken.com\/pl\/#website\"},\"primaryImageOfPage\":{\"@id\":\"https:\/\/jeaken.com\/pl\/produkt\/full-spectrum-chaga-mushroom-powder-extract-41-90-vegan-capsules\/#primaryimage\"},\"image\":{\"@id\":\"https:\/\/jeaken.com\/pl\/produkt\/full-spectrum-chaga-mushroom-powder-extract-41-90-vegan-capsules\/#primaryimage\"},\"thumbnailUrl\":\"https:\/\/jeaken.com\/wp-content\/uploads\/2022\/07\/Chaga.jpg\",\"datePublished\":\"2022-07-21T18:18:17+00:00\",\"dateModified\":\"2022-08-09T14:14:14+00:00\",\"breadcrumb\":{\"@id\":\"https:\/\/jeaken.com\/pl\/produkt\/full-spectrum-chaga-mushroom-powder-extract-41-90-vegan-capsules\/#breadcrumb\"},\"inLanguage\":\"pl-PL\",\"potentialAction\":[{\"@type\":\"ReadAction\",\"target\":[\"https:\/\/jeaken.com\/pl\/produkt\/full-spectrum-chaga-mushroom-powder-extract-41-90-vegan-capsules\/\"]}]},{\"@type\":\"ImageObject\",\"inLanguage\":\"pl-PL\",\"@id\":\"https:\/\/jeaken.com\/pl\/produkt\/full-spectrum-chaga-mushroom-powder-extract-41-90-vegan-capsules\/#primaryimage\",\"url\":\"https:\/\/jeaken.com\/wp-content\/uploads\/2022\/07\/Chaga.jpg\",\"contentUrl\":\"https:\/\/jeaken.com\/wp-content\/uploads\/2022\/07\/Chaga.jpg\",\"width\":512,\"height\":600,\"caption\":\"Full Spectrum Chaga Mushroom Powder Extract 4:1\"},{\"@type\":\"BreadcrumbList\",\"@id\":\"https:\/\/jeaken.com\/pl\/produkt\/full-spectrum-chaga-mushroom-powder-extract-41-90-vegan-capsules\/#breadcrumb\",\"itemListElement\":[{\"@type\":\"ListItem\",\"position\":1,\"name\":\"Home\",\"item\":\"https:\/\/jeaken.com\/pl\/\"},{\"@type\":\"ListItem\",\"position\":2,\"name\":\"Private: Shop\",\"item\":\"https:\/\/jeaken.com\/shop\/\"},{\"@type\":\"ListItem\",\"position\":3,\"name\":\"Full Spectrum Chaga Mushroom Powder Extract 4:1 (90 Vegan Capsules)\"}]},{\"@type\":\"WebSite\",\"@id\":\"https:\/\/jeaken.com\/pl\/#website\",\"url\":\"https:\/\/jeaken.com\/pl\/\",\"name\":\"JeaKen\",\"description\":\"Organic Supplements for Health, Fitness and Nutrition\",\"publisher\":{\"@id\":\"https:\/\/jeaken.com\/pl\/#organization\"},\"potentialAction\":[{\"@type\":\"SearchAction\",\"target\":{\"@type\":\"EntryPoint\",\"urlTemplate\":\"https:\/\/jeaken.com\/pl\/?s={search_term_string}\"},\"query-input\":\"required name=search_term_string\"}],\"inLanguage\":\"pl-PL\"},{\"@type\":\"Organization\",\"@id\":\"https:\/\/jeaken.com\/pl\/#organization\",\"name\":\"JeaKen\",\"url\":\"https:\/\/jeaken.com\/pl\/\",\"logo\":{\"@type\":\"ImageObject\",\"inLanguage\":\"pl-PL\",\"@id\":\"https:\/\/jeaken.com\/pl\/#\/schema\/logo\/image\/\",\"url\":\"https:\/\/jeaken.com\/wp-content\/uploads\/2022\/06\/jeaken-logo-23.png\",\"contentUrl\":\"https:\/\/jeaken.com\/wp-content\/uploads\/2022\/06\/jeaken-logo-23.png\",\"width\":2486,\"height\":736,\"caption\":\"JeaKen\"},\"image\":{\"@id\":\"https:\/\/jeaken.com\/pl\/#\/schema\/logo\/image\/\"}}]}<\/script>\n<!-- \/ Yoast SEO plugin. -->","yoast_head_json":{"title":"Full Spectrum Chaga Mushroom Powder Extract 4:1 (90 Vegan Capsules) - JeaKen","robots":{"index":"index","follow":"follow","max-snippet":"max-snippet:-1","max-image-preview":"max-image-preview:large","max-video-preview":"max-video-preview:-1"},"canonical":"https:\/\/jeaken.com\/pl\/produkt\/full-spectrum-chaga-mushroom-powder-extract-41-90-vegan-capsules\/","og_locale":"pl_PL","og_type":"article","og_title":"Full Spectrum Chaga Mushroom Powder Extract 4:1 (90 Vegan Capsules) - JeaKen","og_description":"Tradycyjny suplement wzmacniaj\u0105cy zdrowie dla zwi\u0119kszonej energii i zdrowego uk\u0142adu odporno\u015bciowego.","og_url":"https:\/\/jeaken.com\/pl\/produkt\/full-spectrum-chaga-mushroom-powder-extract-41-90-vegan-capsules\/","og_site_name":"JeaKen","article_modified_time":"2022-08-09T14:14:14+00:00","og_image":[{"width":512,"height":600,"url":"https:\/\/jeaken.com\/wp-content\/uploads\/2022\/07\/Chaga.jpg","type":"image\/jpeg"}],"twitter_card":"summary_large_image","twitter_misc":{"Est. reading time":"1 minute"},"schema":{"@context":"https:\/\/schema.org","@graph":[{"@type":"WebPage","@id":"https:\/\/jeaken.com\/pl\/produkt\/full-spectrum-chaga-mushroom-powder-extract-41-90-vegan-capsules\/","url":"https:\/\/jeaken.com\/pl\/produkt\/full-spectrum-chaga-mushroom-powder-extract-41-90-vegan-capsules\/","name":"Full Spectrum Chaga Mushroom Powder Extract 4:1 (90 Vegan Capsules) - JeaKen","isPartOf":{"@id":"https:\/\/jeaken.com\/pl\/#website"},"primaryImageOfPage":{"@id":"https:\/\/jeaken.com\/pl\/produkt\/full-spectrum-chaga-mushroom-powder-extract-41-90-vegan-capsules\/#primaryimage"},"image":{"@id":"https:\/\/jeaken.com\/pl\/produkt\/full-spectrum-chaga-mushroom-powder-extract-41-90-vegan-capsules\/#primaryimage"},"thumbnailUrl":"https:\/\/jeaken.com\/wp-content\/uploads\/2022\/07\/Chaga.jpg","datePublished":"2022-07-21T18:18:17+00:00","dateModified":"2022-08-09T14:14:14+00:00","breadcrumb":{"@id":"https:\/\/jeaken.com\/pl\/produkt\/full-spectrum-chaga-mushroom-powder-extract-41-90-vegan-capsules\/#breadcrumb"},"inLanguage":"pl-PL","potentialAction":[{"@type":"ReadAction","target":["https:\/\/jeaken.com\/pl\/produkt\/full-spectrum-chaga-mushroom-powder-extract-41-90-vegan-capsules\/"]}]},{"@type":"ImageObject","inLanguage":"pl-PL","@id":"https:\/\/jeaken.com\/pl\/produkt\/full-spectrum-chaga-mushroom-powder-extract-41-90-vegan-capsules\/#primaryimage","url":"https:\/\/jeaken.com\/wp-content\/uploads\/2022\/07\/Chaga.jpg","contentUrl":"https:\/\/jeaken.com\/wp-content\/uploads\/2022\/07\/Chaga.jpg","width":512,"height":600,"caption":"Full Spectrum Chaga Mushroom Powder Extract 4:1"},{"@type":"BreadcrumbList","@id":"https:\/\/jeaken.com\/pl\/produkt\/full-spectrum-chaga-mushroom-powder-extract-41-90-vegan-capsules\/#breadcrumb","itemListElement":[{"@type":"ListItem","position":1,"name":"Home","item":"https:\/\/jeaken.com\/pl\/"},{"@type":"ListItem","position":2,"name":"Private: Shop","item":"https:\/\/jeaken.com\/shop\/"},{"@type":"ListItem","position":3,"name":"Full Spectrum Chaga Mushroom Powder Extract 4:1 (90 Vegan Capsules)"}]},{"@type":"WebSite","@id":"https:\/\/jeaken.com\/pl\/#website","url":"https:\/\/jeaken.com\/pl\/","name":"JeaKen","description":"Organic Supplements for Health, Fitness and Nutrition","publisher":{"@id":"https:\/\/jeaken.com\/pl\/#organization"},"potentialAction":[{"@type":"SearchAction","target":{"@type":"EntryPoint","urlTemplate":"https:\/\/jeaken.com\/pl\/?s={search_term_string}"},"query-input":"required name=search_term_string"}],"inLanguage":"pl-PL"},{"@type":"Organization","@id":"https:\/\/jeaken.com\/pl\/#organization","name":"JeaKen","url":"https:\/\/jeaken.com\/pl\/","logo":{"@type":"ImageObject","inLanguage":"pl-PL","@id":"https:\/\/jeaken.com\/pl\/#\/schema\/logo\/image\/","url":"https:\/\/jeaken.com\/wp-content\/uploads\/2022\/06\/jeaken-logo-23.png","contentUrl":"https:\/\/jeaken.com\/wp-content\/uploads\/2022\/06\/jeaken-logo-23.png","width":2486,"height":736,"caption":"JeaKen"},"image":{"@id":"https:\/\/jeaken.com\/pl\/#\/schema\/logo\/image\/"}}]}},"jetpack_sharing_enabled":true,"_links":{"self":[{"href":"https:\/\/jeaken.com\/pl\/wp-json\/wp\/v2\/product\/6861","targetHints":{"allow":["GET"]}}],"collection":[{"href":"https:\/\/jeaken.com\/pl\/wp-json\/wp\/v2\/product"}],"about":[{"href":"https:\/\/jeaken.com\/pl\/wp-json\/wp\/v2\/types\/product"}],"wp:featuredmedia":[{"embeddable":true,"href":"https:\/\/jeaken.com\/pl\/wp-json\/wp\/v2\/media\/15929"}],"wp:attachment":[{"href":"https:\/\/jeaken.com\/pl\/wp-json\/wp\/v2\/media?parent=6861"}],"wp:term":[{"taxonomy":"product_cat","embeddable":true,"href":"https:\/\/jeaken.com\/pl\/wp-json\/wp\/v2\/product_cat?post=6861"},{"taxonomy":"product_tag","embeddable":true,"href":"https:\/\/jeaken.com\/pl\/wp-json\/wp\/v2\/product_tag?post=6861"}],"curies":[{"name":"wp","href":"https:\/\/api.w.org\/{rel}","templated":true}]}}