{"id":6856,"date":"2022-07-21T19:18:17","date_gmt":"2022-07-21T18:18:17","guid":{"rendered":"https:\/1658920591610?product=hawajska-spirulina-naturalne-superfood-high-in-fibre-ideal-green-foods-dla-smoothies-i-sport-nutrition-120-vegan-capsules"},"modified":"2022-08-09T15:14:02","modified_gmt":"2022-08-09T14:14:02","slug":"hawajska-spirulina-naturalne-superfood-high-in-fibre-ideal-green-foods-dla-smoothies-i-sport-nutrition-120-vegan-capsules","status":"publish","type":"product","link":"https:\/\/jeaken.com\/pl\/produkt\/hawajska-spirulina-naturalne-superfood-high-in-fibre-ideal-green-foods-dla-smoothies-i-sport-nutrition-120-vegan-capsules\/","title":{"rendered":"Hawajska Spirulina &#8211; Naturalne Superfood, High In Fibre &#8211; Ideal Green Foods dla Smoothies i Sport Nutrition &#8211; (120 Vegan Capsules)"},"content":{"rendered":"<p><strong>NAJBOGATSZY SUPERFOOD NATURY  <\/strong><\/p>\n<p>Hawajska Spirulina jest pe\u0142na antyoksydant\u00f3w, witamin i minera\u0142\u00f3w oraz zawiera jedne z najwy\u017cszych poziom\u00f3w bia\u0142ka spo\u015br\u00f3d wszystkich \u017ar\u00f3de\u0142 ro\u015blinnych i zwierz\u0119cych. Ten superfood zawiera do 70% strawnego, kompletnego bia\u0142ka, wysoki poziom \u017celaza, beta karoten i inne sk\u0142adniki od\u017cywcze wzmacniaj\u0105ce zdrowie, w tym B12, witamin\u0119 K, chlorofil i fikocyjanin\u0119.<\/p>\n<p><strong>ZWI\u0118KSZA ENERGI\u0118 I ODPORNO\u015a\u0106  <\/strong><\/p>\n<p>Gram na gram, Hawajska Spirulina ma 2800% wi\u0119cej beta karotenu ni\u017c marchew i 280% wi\u0119cej potencji antyoksydacyjnej ni\u017c bor\u00f3wki. Ka\u017cda 3g porcja Hawajskiej Spiruliny zawiera wy\u017cszy poziom niekt\u00f3rych kluczowych antyoksydant\u00f3w, enzym\u00f3w, witamin i minera\u0142\u00f3w ni\u017c 5 porcji owoc\u00f3w i warzyw.<\/p>\n<p><strong>POPRAWIA REGENERACJ\u0118 SK\u00d3RY I B\u0141ON \u015aLUZOWYCH  <\/strong><\/p>\n<p>Spirulina jest bardzo dobrze przyswajana przez tkanki cz\u0142owieka, poniewa\u017c sk\u0142ad chemiczny cytoplazmy spiruliny jest podobny do ludzkiego osocza. W formie maski dzia\u0142a regeneruj\u0105co, uj\u0119drniaj\u0105co i odm\u0142adzaj\u0105co na sk\u00f3r\u0119.<\/p>\n<p><strong>NAJWY\u017bSZA JAKO\u015a\u0106 I BEZPIECZE\u0143STWO  <\/strong><\/p>\n<p>Nasz wega\u0144ski suplement od farmy do butelki jest uprawiany w certyfikowanym przez USA GMP zak\u0142adzie z szerok\u0105 kontrol\u0105 jako\u015bci i testowaniem ka\u017cdej partii. Nasze kapsu\u0142ki s\u0105 bezglutenowe i sojowe, nie zawieraj\u0105 wype\u0142niaczy, konserwant\u00f3w ani barwnik\u00f3w.<\/p>\n","protected":false},"excerpt":{"rendered":"<h4><strong>Pot\u0119\u017cny i skuteczny Superfood dla zwi\u0119kszenia energii, poprawy odporno\u015bci i zdrowszej sk\u00f3ry.<\/strong><\/h4>\n","protected":false},"featured_media":4315,"template":"","meta":{"site-sidebar-layout":"default","site-content-layout":"default","ast-site-content-layout":"default","site-content-style":"default","site-sidebar-style":"default","ast-global-header-display":"","ast-banner-title-visibility":"","ast-main-header-display":"","ast-hfb-above-header-display":"","ast-hfb-below-header-display":"","ast-hfb-mobile-header-display":"","site-post-title":"","ast-breadcrumbs-content":"","ast-featured-img":"","footer-sml-layout":"","theme-transparent-header-meta":"default","adv-header-id-meta":"","stick-header-meta":"default","header-above-stick-meta":"","header-main-stick-meta":"","header-below-stick-meta":"","astra-migrate-meta-layouts":"default","ast-page-background-enabled":"default","ast-page-background-meta":{"desktop":{"background-color":"","background-image":"","background-repeat":"repeat","background-position":"center center","background-size":"auto","background-attachment":"scroll","background-type":"","background-media":"","overlay-type":"","overlay-color":"","overlay-opacity":"","overlay-gradient":""},"tablet":{"background-color":"","background-image":"","background-repeat":"repeat","background-position":"center center","background-size":"auto","background-attachment":"scroll","background-type":"","background-media":"","overlay-type":"","overlay-color":"","overlay-opacity":"","overlay-gradient":""},"mobile":{"background-color":"","background-image":"","background-repeat":"repeat","background-position":"center center","background-size":"auto","background-attachment":"scroll","background-type":"","background-media":"","overlay-type":"","overlay-color":"","overlay-opacity":"","overlay-gradient":""}},"ast-content-background-meta":{"desktop":{"background-color":"var(--ast-global-color-5)","background-image":"","background-repeat":"repeat","background-position":"center center","background-size":"auto","background-attachment":"scroll","background-type":"","background-media":"","overlay-type":"","overlay-color":"","overlay-opacity":"","overlay-gradient":""},"tablet":{"background-color":"var(--ast-global-color-5)","background-image":"","background-repeat":"repeat","background-position":"center center","background-size":"auto","background-attachment":"scroll","background-type":"","background-media":"","overlay-type":"","overlay-color":"","overlay-opacity":"","overlay-gradient":""},"mobile":{"background-color":"var(--ast-global-color-5)","background-image":"","background-repeat":"repeat","background-position":"center center","background-size":"auto","background-attachment":"scroll","background-type":"","background-media":"","overlay-type":"","overlay-color":"","overlay-opacity":"","overlay-gradient":""}}},"product_cat":[550],"product_tag":[835,857,836,856,852,850,848,854,858,860,864,862,846,844,842,840,838],"class_list":{"0":"post-6856","1":"product","2":"type-product","3":"status-publish","4":"has-post-thumbnail","6":"product_cat-nastroj-i-dobre-samopoczucie","7":"product_tag-anty-x","8":"product_tag-jakosc-premium","9":"product_tag-komorki-energetyczne","10":"product_tag-na-temat-witamin","11":"product_tag-naturalna-witamina","12":"product_tag-naturalne-suplementy","13":"product_tag-naturalny-suplement-energetyczny","14":"product_tag-non-gmo-pl","15":"product_tag-suplementy-dla-wegan","16":"product_tag-witamina-e-naturalna","17":"product_tag-witamina-naturalna","18":"product_tag-witamina-suplement-mineralny","19":"product_tag-wysoka-zawartosc-blonnika","20":"product_tag-zdrowe-bialko","21":"product_tag-zdrowie-w-proszku","22":"product_tag-zielone-tabletki","23":"product_tag-zywnosc-ekologiczna","24":"has-subscription-plans","25":"desktop-align-left","26":"tablet-align-left","27":"mobile-align-left","29":"first","30":"outofstock","31":"taxable","32":"shipping-taxable","33":"product-type-variable"},"yoast_head":"<!-- This site is optimized with the Yoast SEO plugin v22.7 - https:\/\/yoast.com\/wordpress\/plugins\/seo\/ -->\n<title>Hawajska Spirulina - Naturalne Superfood, High In Fibre - Ideal Green Foods dla Smoothies i Sport Nutrition - (120 Vegan Capsules) - JeaKen<\/title>\n<meta name=\"robots\" content=\"index, follow, max-snippet:-1, max-image-preview:large, max-video-preview:-1\" \/>\n<link rel=\"canonical\" href=\"https:\/\/jeaken.com\/pl\/produkt\/hawajska-spirulina-naturalne-superfood-high-in-fibre-ideal-green-foods-dla-smoothies-i-sport-nutrition-120-vegan-capsules\/\" \/>\n<meta property=\"og:locale\" content=\"pl_PL\" \/>\n<meta property=\"og:type\" content=\"article\" \/>\n<meta property=\"og:title\" content=\"Hawajska Spirulina - Naturalne Superfood, High In Fibre - Ideal Green Foods dla Smoothies i Sport Nutrition - (120 Vegan Capsules) - JeaKen\" \/>\n<meta property=\"og:description\" content=\"Pot\u0119\u017cny i skuteczny Superfood dla zwi\u0119kszenia energii, poprawy odporno\u015bci i zdrowszej sk\u00f3ry.\" \/>\n<meta property=\"og:url\" content=\"https:\/\/jeaken.com\/pl\/produkt\/hawajska-spirulina-naturalne-superfood-high-in-fibre-ideal-green-foods-dla-smoothies-i-sport-nutrition-120-vegan-capsules\/\" \/>\n<meta property=\"og:site_name\" content=\"JeaKen\" \/>\n<meta property=\"article:modified_time\" content=\"2022-08-09T14:14:02+00:00\" \/>\n<meta property=\"og:image\" content=\"https:\/\/jeaken.com\/wp-content\/uploads\/2022\/07\/Front-e1612872155262.jpg\" \/>\n\t<meta property=\"og:image:width\" content=\"600\" \/>\n\t<meta property=\"og:image:height\" content=\"600\" \/>\n\t<meta property=\"og:image:type\" content=\"image\/jpeg\" \/>\n<meta name=\"twitter:card\" content=\"summary_large_image\" \/>\n<meta name=\"twitter:label1\" content=\"Est. reading time\" \/>\n\t<meta name=\"twitter:data1\" content=\"1 minute\" \/>\n<script type=\"application\/ld+json\" class=\"yoast-schema-graph\">{\"@context\":\"https:\/\/schema.org\",\"@graph\":[{\"@type\":\"WebPage\",\"@id\":\"https:\/\/jeaken.com\/pl\/produkt\/hawajska-spirulina-naturalne-superfood-high-in-fibre-ideal-green-foods-dla-smoothies-i-sport-nutrition-120-vegan-capsules\/\",\"url\":\"https:\/\/jeaken.com\/pl\/produkt\/hawajska-spirulina-naturalne-superfood-high-in-fibre-ideal-green-foods-dla-smoothies-i-sport-nutrition-120-vegan-capsules\/\",\"name\":\"Hawajska Spirulina - Naturalne Superfood, High In Fibre - Ideal Green Foods dla Smoothies i Sport Nutrition - (120 Vegan Capsules) - JeaKen\",\"isPartOf\":{\"@id\":\"https:\/\/jeaken.com\/pl\/#website\"},\"primaryImageOfPage\":{\"@id\":\"https:\/\/jeaken.com\/pl\/produkt\/hawajska-spirulina-naturalne-superfood-high-in-fibre-ideal-green-foods-dla-smoothies-i-sport-nutrition-120-vegan-capsules\/#primaryimage\"},\"image\":{\"@id\":\"https:\/\/jeaken.com\/pl\/produkt\/hawajska-spirulina-naturalne-superfood-high-in-fibre-ideal-green-foods-dla-smoothies-i-sport-nutrition-120-vegan-capsules\/#primaryimage\"},\"thumbnailUrl\":\"https:\/\/jeaken.com\/wp-content\/uploads\/2022\/07\/Front-e1612872155262.jpg\",\"datePublished\":\"2022-07-21T18:18:17+00:00\",\"dateModified\":\"2022-08-09T14:14:02+00:00\",\"breadcrumb\":{\"@id\":\"https:\/\/jeaken.com\/pl\/produkt\/hawajska-spirulina-naturalne-superfood-high-in-fibre-ideal-green-foods-dla-smoothies-i-sport-nutrition-120-vegan-capsules\/#breadcrumb\"},\"inLanguage\":\"pl-PL\",\"potentialAction\":[{\"@type\":\"ReadAction\",\"target\":[\"https:\/\/jeaken.com\/pl\/produkt\/hawajska-spirulina-naturalne-superfood-high-in-fibre-ideal-green-foods-dla-smoothies-i-sport-nutrition-120-vegan-capsules\/\"]}]},{\"@type\":\"ImageObject\",\"inLanguage\":\"pl-PL\",\"@id\":\"https:\/\/jeaken.com\/pl\/produkt\/hawajska-spirulina-naturalne-superfood-high-in-fibre-ideal-green-foods-dla-smoothies-i-sport-nutrition-120-vegan-capsules\/#primaryimage\",\"url\":\"https:\/\/jeaken.com\/wp-content\/uploads\/2022\/07\/Front-e1612872155262.jpg\",\"contentUrl\":\"https:\/\/jeaken.com\/wp-content\/uploads\/2022\/07\/Front-e1612872155262.jpg\",\"width\":600,\"height\":600,\"caption\":\"Hawaiian Spirulina\"},{\"@type\":\"BreadcrumbList\",\"@id\":\"https:\/\/jeaken.com\/pl\/produkt\/hawajska-spirulina-naturalne-superfood-high-in-fibre-ideal-green-foods-dla-smoothies-i-sport-nutrition-120-vegan-capsules\/#breadcrumb\",\"itemListElement\":[{\"@type\":\"ListItem\",\"position\":1,\"name\":\"Home\",\"item\":\"https:\/\/jeaken.com\/pl\/\"},{\"@type\":\"ListItem\",\"position\":2,\"name\":\"Private: Shop\",\"item\":\"https:\/\/jeaken.com\/shop\/\"},{\"@type\":\"ListItem\",\"position\":3,\"name\":\"Hawajska Spirulina &#8211; Naturalne Superfood, High In Fibre &#8211; Ideal Green Foods dla Smoothies i Sport Nutrition &#8211; (120 Vegan Capsules)\"}]},{\"@type\":\"WebSite\",\"@id\":\"https:\/\/jeaken.com\/pl\/#website\",\"url\":\"https:\/\/jeaken.com\/pl\/\",\"name\":\"JeaKen\",\"description\":\"Organic Supplements for Health, Fitness and Nutrition\",\"publisher\":{\"@id\":\"https:\/\/jeaken.com\/pl\/#organization\"},\"potentialAction\":[{\"@type\":\"SearchAction\",\"target\":{\"@type\":\"EntryPoint\",\"urlTemplate\":\"https:\/\/jeaken.com\/pl\/?s={search_term_string}\"},\"query-input\":\"required name=search_term_string\"}],\"inLanguage\":\"pl-PL\"},{\"@type\":\"Organization\",\"@id\":\"https:\/\/jeaken.com\/pl\/#organization\",\"name\":\"JeaKen\",\"url\":\"https:\/\/jeaken.com\/pl\/\",\"logo\":{\"@type\":\"ImageObject\",\"inLanguage\":\"pl-PL\",\"@id\":\"https:\/\/jeaken.com\/pl\/#\/schema\/logo\/image\/\",\"url\":\"https:\/\/jeaken.com\/wp-content\/uploads\/2022\/06\/jeaken-logo-23.png\",\"contentUrl\":\"https:\/\/jeaken.com\/wp-content\/uploads\/2022\/06\/jeaken-logo-23.png\",\"width\":2486,\"height\":736,\"caption\":\"JeaKen\"},\"image\":{\"@id\":\"https:\/\/jeaken.com\/pl\/#\/schema\/logo\/image\/\"}}]}<\/script>\n<!-- \/ Yoast SEO plugin. -->","yoast_head_json":{"title":"Hawajska Spirulina - Naturalne Superfood, High In Fibre - Ideal Green Foods dla Smoothies i Sport Nutrition - (120 Vegan Capsules) - JeaKen","robots":{"index":"index","follow":"follow","max-snippet":"max-snippet:-1","max-image-preview":"max-image-preview:large","max-video-preview":"max-video-preview:-1"},"canonical":"https:\/\/jeaken.com\/pl\/produkt\/hawajska-spirulina-naturalne-superfood-high-in-fibre-ideal-green-foods-dla-smoothies-i-sport-nutrition-120-vegan-capsules\/","og_locale":"pl_PL","og_type":"article","og_title":"Hawajska Spirulina - Naturalne Superfood, High In Fibre - Ideal Green Foods dla Smoothies i Sport Nutrition - (120 Vegan Capsules) - JeaKen","og_description":"Pot\u0119\u017cny i skuteczny Superfood dla zwi\u0119kszenia energii, poprawy odporno\u015bci i zdrowszej sk\u00f3ry.","og_url":"https:\/\/jeaken.com\/pl\/produkt\/hawajska-spirulina-naturalne-superfood-high-in-fibre-ideal-green-foods-dla-smoothies-i-sport-nutrition-120-vegan-capsules\/","og_site_name":"JeaKen","article_modified_time":"2022-08-09T14:14:02+00:00","og_image":[{"width":600,"height":600,"url":"https:\/\/jeaken.com\/wp-content\/uploads\/2022\/07\/Front-e1612872155262.jpg","type":"image\/jpeg"}],"twitter_card":"summary_large_image","twitter_misc":{"Est. reading time":"1 minute"},"schema":{"@context":"https:\/\/schema.org","@graph":[{"@type":"WebPage","@id":"https:\/\/jeaken.com\/pl\/produkt\/hawajska-spirulina-naturalne-superfood-high-in-fibre-ideal-green-foods-dla-smoothies-i-sport-nutrition-120-vegan-capsules\/","url":"https:\/\/jeaken.com\/pl\/produkt\/hawajska-spirulina-naturalne-superfood-high-in-fibre-ideal-green-foods-dla-smoothies-i-sport-nutrition-120-vegan-capsules\/","name":"Hawajska Spirulina - Naturalne Superfood, High In Fibre - Ideal Green Foods dla Smoothies i Sport Nutrition - (120 Vegan Capsules) - JeaKen","isPartOf":{"@id":"https:\/\/jeaken.com\/pl\/#website"},"primaryImageOfPage":{"@id":"https:\/\/jeaken.com\/pl\/produkt\/hawajska-spirulina-naturalne-superfood-high-in-fibre-ideal-green-foods-dla-smoothies-i-sport-nutrition-120-vegan-capsules\/#primaryimage"},"image":{"@id":"https:\/\/jeaken.com\/pl\/produkt\/hawajska-spirulina-naturalne-superfood-high-in-fibre-ideal-green-foods-dla-smoothies-i-sport-nutrition-120-vegan-capsules\/#primaryimage"},"thumbnailUrl":"https:\/\/jeaken.com\/wp-content\/uploads\/2022\/07\/Front-e1612872155262.jpg","datePublished":"2022-07-21T18:18:17+00:00","dateModified":"2022-08-09T14:14:02+00:00","breadcrumb":{"@id":"https:\/\/jeaken.com\/pl\/produkt\/hawajska-spirulina-naturalne-superfood-high-in-fibre-ideal-green-foods-dla-smoothies-i-sport-nutrition-120-vegan-capsules\/#breadcrumb"},"inLanguage":"pl-PL","potentialAction":[{"@type":"ReadAction","target":["https:\/\/jeaken.com\/pl\/produkt\/hawajska-spirulina-naturalne-superfood-high-in-fibre-ideal-green-foods-dla-smoothies-i-sport-nutrition-120-vegan-capsules\/"]}]},{"@type":"ImageObject","inLanguage":"pl-PL","@id":"https:\/\/jeaken.com\/pl\/produkt\/hawajska-spirulina-naturalne-superfood-high-in-fibre-ideal-green-foods-dla-smoothies-i-sport-nutrition-120-vegan-capsules\/#primaryimage","url":"https:\/\/jeaken.com\/wp-content\/uploads\/2022\/07\/Front-e1612872155262.jpg","contentUrl":"https:\/\/jeaken.com\/wp-content\/uploads\/2022\/07\/Front-e1612872155262.jpg","width":600,"height":600,"caption":"Hawaiian Spirulina"},{"@type":"BreadcrumbList","@id":"https:\/\/jeaken.com\/pl\/produkt\/hawajska-spirulina-naturalne-superfood-high-in-fibre-ideal-green-foods-dla-smoothies-i-sport-nutrition-120-vegan-capsules\/#breadcrumb","itemListElement":[{"@type":"ListItem","position":1,"name":"Home","item":"https:\/\/jeaken.com\/pl\/"},{"@type":"ListItem","position":2,"name":"Private: Shop","item":"https:\/\/jeaken.com\/shop\/"},{"@type":"ListItem","position":3,"name":"Hawajska Spirulina &#8211; Naturalne Superfood, High In Fibre &#8211; Ideal Green Foods dla Smoothies i Sport Nutrition &#8211; (120 Vegan Capsules)"}]},{"@type":"WebSite","@id":"https:\/\/jeaken.com\/pl\/#website","url":"https:\/\/jeaken.com\/pl\/","name":"JeaKen","description":"Organic Supplements for Health, Fitness and Nutrition","publisher":{"@id":"https:\/\/jeaken.com\/pl\/#organization"},"potentialAction":[{"@type":"SearchAction","target":{"@type":"EntryPoint","urlTemplate":"https:\/\/jeaken.com\/pl\/?s={search_term_string}"},"query-input":"required name=search_term_string"}],"inLanguage":"pl-PL"},{"@type":"Organization","@id":"https:\/\/jeaken.com\/pl\/#organization","name":"JeaKen","url":"https:\/\/jeaken.com\/pl\/","logo":{"@type":"ImageObject","inLanguage":"pl-PL","@id":"https:\/\/jeaken.com\/pl\/#\/schema\/logo\/image\/","url":"https:\/\/jeaken.com\/wp-content\/uploads\/2022\/06\/jeaken-logo-23.png","contentUrl":"https:\/\/jeaken.com\/wp-content\/uploads\/2022\/06\/jeaken-logo-23.png","width":2486,"height":736,"caption":"JeaKen"},"image":{"@id":"https:\/\/jeaken.com\/pl\/#\/schema\/logo\/image\/"}}]}},"jetpack_sharing_enabled":true,"_links":{"self":[{"href":"https:\/\/jeaken.com\/pl\/wp-json\/wp\/v2\/product\/6856","targetHints":{"allow":["GET"]}}],"collection":[{"href":"https:\/\/jeaken.com\/pl\/wp-json\/wp\/v2\/product"}],"about":[{"href":"https:\/\/jeaken.com\/pl\/wp-json\/wp\/v2\/types\/product"}],"wp:featuredmedia":[{"embeddable":true,"href":"https:\/\/jeaken.com\/pl\/wp-json\/wp\/v2\/media\/4315"}],"wp:attachment":[{"href":"https:\/\/jeaken.com\/pl\/wp-json\/wp\/v2\/media?parent=6856"}],"wp:term":[{"taxonomy":"product_cat","embeddable":true,"href":"https:\/\/jeaken.com\/pl\/wp-json\/wp\/v2\/product_cat?post=6856"},{"taxonomy":"product_tag","embeddable":true,"href":"https:\/\/jeaken.com\/pl\/wp-json\/wp\/v2\/product_tag?post=6856"}],"curies":[{"name":"wp","href":"https:\/\/api.w.org\/{rel}","templated":true}]}}