{"id":6849,"date":"2022-07-21T19:18:22","date_gmt":"2022-07-21T18:18:22","guid":{"rendered":"https:\/1658920591610?product=witamina-b12-high-strength-1000mcg-b12-methylcobalamin-120-kapsulek"},"modified":"2022-08-09T15:13:54","modified_gmt":"2022-08-09T14:13:54","slug":"witamina-b12-high-strength-1000mcg-b12-methylcobalamin-120-kapsulek","status":"publish","type":"product","link":"https:\/\/jeaken.com\/pl\/produkt\/witamina-b12-high-strength-1000mcg-b12-methylcobalamin-120-kapsulek\/","title":{"rendered":"Witamina B12 High Strength &#8211; 1000mcg B12 Methylcobalamin (120 kapsu\u0142ek)"},"content":{"rendered":"<p><span class=\"a-list-item\"><strong>WYSOKA BIODOST\u0118PNO\u015a\u0106 I SI\u0141A DZIA\u0141ANIA<\/strong> <\/span><\/p>\n<p><span class=\"a-list-item\">Nasza witamina B12 kapsu\u0142ki wykorzystuje tylko najwy\u017cszej jako\u015bci sk\u0142adniki dla poprawy biodost\u0119pno\u015bci. Ka\u017cda tabletka zawiera 1000mcg czystej Methylcobalamin (najwy\u017cszej jako\u015bci forma witaminy B12, kt\u00f3ra oferuje efektywne i wysokie tempo wch\u0142aniania przez organizm). Nasze tabletki zosta\u0142y specjalnie opracowane, aby zaoferowa\u0107 czasowe uwalnianie witaminy B12, aby zwalczy\u0107 zm\u0119czenie i znu\u017cenie oraz zapewni\u0107 Ci energi\u0119 na ca\u0142y dzie\u0144.<\/span><\/p>\n<p><strong>WSPOMAGA TWORZENIE CZERWONYCH KRWINEK<\/strong><\/p>\n<p>Nasze kapsu\u0142ki zosta\u0142y zaprojektowane tak, aby wspiera\u0107 tworzenie czerwonych krwinek, kt\u00f3re u\u0142atwiaj\u0105 dostarczanie niezb\u0119dnego tlenu wok\u00f3\u0142 cia\u0142a.<\/p>\n<p><strong>WSPIERA ZDROWY UK\u0141AD ODPORNO\u015aCIOWY I NERWOWY  <\/strong><\/p>\n<p>Stosujemy najwy\u017cszej jako\u015bci <span class=\"a-list-item\">witamin\u0119 B12, kt\u00f3ra sprzyja silnemu uk\u0142adowi odporno\u015bciowemu i nerwowemu <\/span>.  <\/p>\n<p><strong><span class=\"a-list-item\">ODPOWIEDNIE DLA KOBIET I M\u0118\u017bCZYZN  <\/span><\/strong><\/p>\n<p><span class=\"a-list-item\">Nasze kapsu\u0142ki z witamin\u0105 B12 mog\u0105 by\u0107 przyjmowane zar\u00f3wno przez kobiety jak i m\u0119\u017cczyzn.<\/span><\/p>\n<p><strong><span style=\"font-size: 16px;\">PRZYJAZNY DLA WEGAN I WEGETARIAN  <\/span><\/strong><\/p>\n<p><span style=\"font-size: 16px;\">Nasze kapsu\u0142ki s\u0105 odpowiednie dla wegetarian i wegan, s\u0105 wolne od sk\u0142adnik\u00f3w GMO i alergen\u00f3w takich jak gluten, laktoza, soja, orzechy i \u015bladowe ilo\u015bci orzech\u00f3w.<\/span><\/p>\n<p><strong><span class=\"a-list-item\">OPRACOWANE PRZEZ PROFESJONALIST\u00d3W  <\/span><\/strong><\/p>\n<p><span class=\"a-list-item\">Nasze tabletki uzupe\u0142niaj\u0105ce B12 o wysokim st\u0119\u017ceniu zosta\u0142y opracowane przez specjalist\u00f3w w dziedzinie ochrony zdrowia i wyprodukowane zgodnie z wysokimi standardami kontroli jako\u015bci wed\u0142ug wytycznych GMP.<\/span><\/p>\n","protected":false},"excerpt":{"rendered":"<h4><strong><span id=\"productTitle\" class=\"a-size-large product-title-word-break\">Ka\u017cda kapsu\u0142ka o du\u017cej mocy zawiera <\/span><span class=\"a-size-large product-title-word-break\">1000mcg B12 Methylcobalamin, aby zwalcza\u0107 zm\u0119czenie i znu\u017cenie, wspiera\u0107 tworzenie czerwonych krwinek i wspiera\u0107 zdrowy uk\u0142ad odporno\u015bciowy i nerwowy.<\/span><\/strong><\/h4>\n<p>&nbsp;<\/p>\n","protected":false},"featured_media":2776,"template":"","meta":{"site-sidebar-layout":"default","site-content-layout":"default","ast-site-content-layout":"default","site-content-style":"default","site-sidebar-style":"default","ast-global-header-display":"","ast-banner-title-visibility":"","ast-main-header-display":"","ast-hfb-above-header-display":"","ast-hfb-below-header-display":"","ast-hfb-mobile-header-display":"","site-post-title":"","ast-breadcrumbs-content":"","ast-featured-img":"","footer-sml-layout":"","theme-transparent-header-meta":"default","adv-header-id-meta":"","stick-header-meta":"default","header-above-stick-meta":"","header-main-stick-meta":"","header-below-stick-meta":"","astra-migrate-meta-layouts":"default","ast-page-background-enabled":"default","ast-page-background-meta":{"desktop":{"background-color":"","background-image":"","background-repeat":"repeat","background-position":"center center","background-size":"auto","background-attachment":"scroll","background-type":"","background-media":"","overlay-type":"","overlay-color":"","overlay-opacity":"","overlay-gradient":""},"tablet":{"background-color":"","background-image":"","background-repeat":"repeat","background-position":"center center","background-size":"auto","background-attachment":"scroll","background-type":"","background-media":"","overlay-type":"","overlay-color":"","overlay-opacity":"","overlay-gradient":""},"mobile":{"background-color":"","background-image":"","background-repeat":"repeat","background-position":"center center","background-size":"auto","background-attachment":"scroll","background-type":"","background-media":"","overlay-type":"","overlay-color":"","overlay-opacity":"","overlay-gradient":""}},"ast-content-background-meta":{"desktop":{"background-color":"var(--ast-global-color-5)","background-image":"","background-repeat":"repeat","background-position":"center center","background-size":"auto","background-attachment":"scroll","background-type":"","background-media":"","overlay-type":"","overlay-color":"","overlay-opacity":"","overlay-gradient":""},"tablet":{"background-color":"var(--ast-global-color-5)","background-image":"","background-repeat":"repeat","background-position":"center center","background-size":"auto","background-attachment":"scroll","background-type":"","background-media":"","overlay-type":"","overlay-color":"","overlay-opacity":"","overlay-gradient":""},"mobile":{"background-color":"var(--ast-global-color-5)","background-image":"","background-repeat":"repeat","background-position":"center center","background-size":"auto","background-attachment":"scroll","background-type":"","background-media":"","overlay-type":"","overlay-color":"","overlay-opacity":"","overlay-gradient":""}}},"product_cat":[541,552],"product_tag":[],"class_list":{"0":"post-6849","1":"product","2":"type-product","3":"status-publish","4":"has-post-thumbnail","6":"product_cat-witaminy-i-mineraly","7":"product_cat-zmeczenie","8":"has-subscription-plans","9":"desktop-align-left","10":"tablet-align-left","11":"mobile-align-left","13":"first","14":"instock","15":"taxable","16":"shipping-taxable","17":"purchasable","18":"product-type-simple"},"yoast_head":"<!-- This site is optimized with the Yoast SEO plugin v22.7 - https:\/\/yoast.com\/wordpress\/plugins\/seo\/ -->\n<title>Witamina B12 High Strength - 1000mcg B12 Methylcobalamin (120 kapsu\u0142ek) - JeaKen<\/title>\n<meta name=\"robots\" content=\"index, follow, max-snippet:-1, max-image-preview:large, max-video-preview:-1\" \/>\n<link rel=\"canonical\" href=\"https:\/\/jeaken.com\/pl\/produkt\/witamina-b12-high-strength-1000mcg-b12-methylcobalamin-120-kapsulek\/\" \/>\n<meta property=\"og:locale\" content=\"pl_PL\" \/>\n<meta property=\"og:type\" content=\"article\" \/>\n<meta property=\"og:title\" content=\"Witamina B12 High Strength - 1000mcg B12 Methylcobalamin (120 kapsu\u0142ek) - JeaKen\" \/>\n<meta property=\"og:description\" content=\"Ka\u017cda kapsu\u0142ka o du\u017cej mocy zawiera 1000mcg B12 Methylcobalamin, aby zwalcza\u0107 zm\u0119czenie i znu\u017cenie, wspiera\u0107 tworzenie czerwonych krwinek i wspiera\u0107 zdrowy uk\u0142ad odporno\u015bciowy i nerwowy. &nbsp;\" \/>\n<meta property=\"og:url\" content=\"https:\/\/jeaken.com\/pl\/produkt\/witamina-b12-high-strength-1000mcg-b12-methylcobalamin-120-kapsulek\/\" \/>\n<meta property=\"og:site_name\" content=\"JeaKen\" \/>\n<meta property=\"article:modified_time\" content=\"2022-08-09T14:13:54+00:00\" \/>\n<meta property=\"og:image\" content=\"https:\/\/jeaken.com\/wp-content\/uploads\/2022\/07\/81UZrfAZwML._AC_SL1500_-1-1.jpg\" \/>\n\t<meta property=\"og:image:width\" content=\"600\" \/>\n\t<meta property=\"og:image:height\" content=\"600\" \/>\n\t<meta property=\"og:image:type\" content=\"image\/jpeg\" \/>\n<meta name=\"twitter:card\" content=\"summary_large_image\" \/>\n<meta name=\"twitter:label1\" content=\"Est. reading time\" \/>\n\t<meta name=\"twitter:data1\" content=\"1 minute\" \/>\n<script type=\"application\/ld+json\" class=\"yoast-schema-graph\">{\"@context\":\"https:\/\/schema.org\",\"@graph\":[{\"@type\":\"WebPage\",\"@id\":\"https:\/\/jeaken.com\/pl\/produkt\/witamina-b12-high-strength-1000mcg-b12-methylcobalamin-120-kapsulek\/\",\"url\":\"https:\/\/jeaken.com\/pl\/produkt\/witamina-b12-high-strength-1000mcg-b12-methylcobalamin-120-kapsulek\/\",\"name\":\"Witamina B12 High Strength - 1000mcg B12 Methylcobalamin (120 kapsu\u0142ek) - JeaKen\",\"isPartOf\":{\"@id\":\"https:\/\/jeaken.com\/pl\/#website\"},\"primaryImageOfPage\":{\"@id\":\"https:\/\/jeaken.com\/pl\/produkt\/witamina-b12-high-strength-1000mcg-b12-methylcobalamin-120-kapsulek\/#primaryimage\"},\"image\":{\"@id\":\"https:\/\/jeaken.com\/pl\/produkt\/witamina-b12-high-strength-1000mcg-b12-methylcobalamin-120-kapsulek\/#primaryimage\"},\"thumbnailUrl\":\"https:\/\/jeaken.com\/wp-content\/uploads\/2022\/07\/81UZrfAZwML._AC_SL1500_-1-1.jpg\",\"datePublished\":\"2022-07-21T18:18:22+00:00\",\"dateModified\":\"2022-08-09T14:13:54+00:00\",\"breadcrumb\":{\"@id\":\"https:\/\/jeaken.com\/pl\/produkt\/witamina-b12-high-strength-1000mcg-b12-methylcobalamin-120-kapsulek\/#breadcrumb\"},\"inLanguage\":\"pl-PL\",\"potentialAction\":[{\"@type\":\"ReadAction\",\"target\":[\"https:\/\/jeaken.com\/pl\/produkt\/witamina-b12-high-strength-1000mcg-b12-methylcobalamin-120-kapsulek\/\"]}]},{\"@type\":\"ImageObject\",\"inLanguage\":\"pl-PL\",\"@id\":\"https:\/\/jeaken.com\/pl\/produkt\/witamina-b12-high-strength-1000mcg-b12-methylcobalamin-120-kapsulek\/#primaryimage\",\"url\":\"https:\/\/jeaken.com\/wp-content\/uploads\/2022\/07\/81UZrfAZwML._AC_SL1500_-1-1.jpg\",\"contentUrl\":\"https:\/\/jeaken.com\/wp-content\/uploads\/2022\/07\/81UZrfAZwML._AC_SL1500_-1-1.jpg\",\"width\":600,\"height\":600,\"caption\":\"Vitamin B12 High Strength - 1000mcg B12 Methylcobalamin\"},{\"@type\":\"BreadcrumbList\",\"@id\":\"https:\/\/jeaken.com\/pl\/produkt\/witamina-b12-high-strength-1000mcg-b12-methylcobalamin-120-kapsulek\/#breadcrumb\",\"itemListElement\":[{\"@type\":\"ListItem\",\"position\":1,\"name\":\"Home\",\"item\":\"https:\/\/jeaken.com\/pl\/\"},{\"@type\":\"ListItem\",\"position\":2,\"name\":\"Private: Shop\",\"item\":\"https:\/\/jeaken.com\/shop\/\"},{\"@type\":\"ListItem\",\"position\":3,\"name\":\"Witamina B12 High Strength &#8211; 1000mcg B12 Methylcobalamin (120 kapsu\u0142ek)\"}]},{\"@type\":\"WebSite\",\"@id\":\"https:\/\/jeaken.com\/pl\/#website\",\"url\":\"https:\/\/jeaken.com\/pl\/\",\"name\":\"JeaKen\",\"description\":\"Organic Supplements for Health, Fitness and Nutrition\",\"publisher\":{\"@id\":\"https:\/\/jeaken.com\/pl\/#organization\"},\"potentialAction\":[{\"@type\":\"SearchAction\",\"target\":{\"@type\":\"EntryPoint\",\"urlTemplate\":\"https:\/\/jeaken.com\/pl\/?s={search_term_string}\"},\"query-input\":\"required name=search_term_string\"}],\"inLanguage\":\"pl-PL\"},{\"@type\":\"Organization\",\"@id\":\"https:\/\/jeaken.com\/pl\/#organization\",\"name\":\"JeaKen\",\"url\":\"https:\/\/jeaken.com\/pl\/\",\"logo\":{\"@type\":\"ImageObject\",\"inLanguage\":\"pl-PL\",\"@id\":\"https:\/\/jeaken.com\/pl\/#\/schema\/logo\/image\/\",\"url\":\"https:\/\/jeaken.com\/wp-content\/uploads\/2022\/06\/jeaken-logo-23.png\",\"contentUrl\":\"https:\/\/jeaken.com\/wp-content\/uploads\/2022\/06\/jeaken-logo-23.png\",\"width\":2486,\"height\":736,\"caption\":\"JeaKen\"},\"image\":{\"@id\":\"https:\/\/jeaken.com\/pl\/#\/schema\/logo\/image\/\"}}]}<\/script>\n<!-- \/ Yoast SEO plugin. -->","yoast_head_json":{"title":"Witamina B12 High Strength - 1000mcg B12 Methylcobalamin (120 kapsu\u0142ek) - JeaKen","robots":{"index":"index","follow":"follow","max-snippet":"max-snippet:-1","max-image-preview":"max-image-preview:large","max-video-preview":"max-video-preview:-1"},"canonical":"https:\/\/jeaken.com\/pl\/produkt\/witamina-b12-high-strength-1000mcg-b12-methylcobalamin-120-kapsulek\/","og_locale":"pl_PL","og_type":"article","og_title":"Witamina B12 High Strength - 1000mcg B12 Methylcobalamin (120 kapsu\u0142ek) - JeaKen","og_description":"Ka\u017cda kapsu\u0142ka o du\u017cej mocy zawiera 1000mcg B12 Methylcobalamin, aby zwalcza\u0107 zm\u0119czenie i znu\u017cenie, wspiera\u0107 tworzenie czerwonych krwinek i wspiera\u0107 zdrowy uk\u0142ad odporno\u015bciowy i nerwowy. &nbsp;","og_url":"https:\/\/jeaken.com\/pl\/produkt\/witamina-b12-high-strength-1000mcg-b12-methylcobalamin-120-kapsulek\/","og_site_name":"JeaKen","article_modified_time":"2022-08-09T14:13:54+00:00","og_image":[{"width":600,"height":600,"url":"https:\/\/jeaken.com\/wp-content\/uploads\/2022\/07\/81UZrfAZwML._AC_SL1500_-1-1.jpg","type":"image\/jpeg"}],"twitter_card":"summary_large_image","twitter_misc":{"Est. reading time":"1 minute"},"schema":{"@context":"https:\/\/schema.org","@graph":[{"@type":"WebPage","@id":"https:\/\/jeaken.com\/pl\/produkt\/witamina-b12-high-strength-1000mcg-b12-methylcobalamin-120-kapsulek\/","url":"https:\/\/jeaken.com\/pl\/produkt\/witamina-b12-high-strength-1000mcg-b12-methylcobalamin-120-kapsulek\/","name":"Witamina B12 High Strength - 1000mcg B12 Methylcobalamin (120 kapsu\u0142ek) - JeaKen","isPartOf":{"@id":"https:\/\/jeaken.com\/pl\/#website"},"primaryImageOfPage":{"@id":"https:\/\/jeaken.com\/pl\/produkt\/witamina-b12-high-strength-1000mcg-b12-methylcobalamin-120-kapsulek\/#primaryimage"},"image":{"@id":"https:\/\/jeaken.com\/pl\/produkt\/witamina-b12-high-strength-1000mcg-b12-methylcobalamin-120-kapsulek\/#primaryimage"},"thumbnailUrl":"https:\/\/jeaken.com\/wp-content\/uploads\/2022\/07\/81UZrfAZwML._AC_SL1500_-1-1.jpg","datePublished":"2022-07-21T18:18:22+00:00","dateModified":"2022-08-09T14:13:54+00:00","breadcrumb":{"@id":"https:\/\/jeaken.com\/pl\/produkt\/witamina-b12-high-strength-1000mcg-b12-methylcobalamin-120-kapsulek\/#breadcrumb"},"inLanguage":"pl-PL","potentialAction":[{"@type":"ReadAction","target":["https:\/\/jeaken.com\/pl\/produkt\/witamina-b12-high-strength-1000mcg-b12-methylcobalamin-120-kapsulek\/"]}]},{"@type":"ImageObject","inLanguage":"pl-PL","@id":"https:\/\/jeaken.com\/pl\/produkt\/witamina-b12-high-strength-1000mcg-b12-methylcobalamin-120-kapsulek\/#primaryimage","url":"https:\/\/jeaken.com\/wp-content\/uploads\/2022\/07\/81UZrfAZwML._AC_SL1500_-1-1.jpg","contentUrl":"https:\/\/jeaken.com\/wp-content\/uploads\/2022\/07\/81UZrfAZwML._AC_SL1500_-1-1.jpg","width":600,"height":600,"caption":"Vitamin B12 High Strength - 1000mcg B12 Methylcobalamin"},{"@type":"BreadcrumbList","@id":"https:\/\/jeaken.com\/pl\/produkt\/witamina-b12-high-strength-1000mcg-b12-methylcobalamin-120-kapsulek\/#breadcrumb","itemListElement":[{"@type":"ListItem","position":1,"name":"Home","item":"https:\/\/jeaken.com\/pl\/"},{"@type":"ListItem","position":2,"name":"Private: Shop","item":"https:\/\/jeaken.com\/shop\/"},{"@type":"ListItem","position":3,"name":"Witamina B12 High Strength &#8211; 1000mcg B12 Methylcobalamin (120 kapsu\u0142ek)"}]},{"@type":"WebSite","@id":"https:\/\/jeaken.com\/pl\/#website","url":"https:\/\/jeaken.com\/pl\/","name":"JeaKen","description":"Organic Supplements for Health, Fitness and Nutrition","publisher":{"@id":"https:\/\/jeaken.com\/pl\/#organization"},"potentialAction":[{"@type":"SearchAction","target":{"@type":"EntryPoint","urlTemplate":"https:\/\/jeaken.com\/pl\/?s={search_term_string}"},"query-input":"required name=search_term_string"}],"inLanguage":"pl-PL"},{"@type":"Organization","@id":"https:\/\/jeaken.com\/pl\/#organization","name":"JeaKen","url":"https:\/\/jeaken.com\/pl\/","logo":{"@type":"ImageObject","inLanguage":"pl-PL","@id":"https:\/\/jeaken.com\/pl\/#\/schema\/logo\/image\/","url":"https:\/\/jeaken.com\/wp-content\/uploads\/2022\/06\/jeaken-logo-23.png","contentUrl":"https:\/\/jeaken.com\/wp-content\/uploads\/2022\/06\/jeaken-logo-23.png","width":2486,"height":736,"caption":"JeaKen"},"image":{"@id":"https:\/\/jeaken.com\/pl\/#\/schema\/logo\/image\/"}}]}},"jetpack_sharing_enabled":true,"_links":{"self":[{"href":"https:\/\/jeaken.com\/pl\/wp-json\/wp\/v2\/product\/6849","targetHints":{"allow":["GET"]}}],"collection":[{"href":"https:\/\/jeaken.com\/pl\/wp-json\/wp\/v2\/product"}],"about":[{"href":"https:\/\/jeaken.com\/pl\/wp-json\/wp\/v2\/types\/product"}],"wp:featuredmedia":[{"embeddable":true,"href":"https:\/\/jeaken.com\/pl\/wp-json\/wp\/v2\/media\/2776"}],"wp:attachment":[{"href":"https:\/\/jeaken.com\/pl\/wp-json\/wp\/v2\/media?parent=6849"}],"wp:term":[{"taxonomy":"product_cat","embeddable":true,"href":"https:\/\/jeaken.com\/pl\/wp-json\/wp\/v2\/product_cat?post=6849"},{"taxonomy":"product_tag","embeddable":true,"href":"https:\/\/jeaken.com\/pl\/wp-json\/wp\/v2\/product_tag?post=6849"}],"curies":[{"name":"wp","href":"https:\/\/api.w.org\/{rel}","templated":true}]}}