{"id":6818,"date":"2022-07-21T19:18:21","date_gmt":"2022-07-21T18:18:21","guid":{"rendered":"https:\/1658920591610?product=collagen-retinol-anti-ageing-face-cream-for-dry-skin-with-hyaluronic-acid-butelka-50ml"},"modified":"2022-08-09T15:13:45","modified_gmt":"2022-08-09T14:13:45","slug":"collagen-retinol-anti-ageing-face-cream-for-dry-skin-with-hyaluronic-acid-butelka-50ml","status":"publish","type":"product","link":"https:\/\/jeaken.com\/pl\/produkt\/collagen-retinol-anti-ageing-face-cream-for-dry-skin-with-hyaluronic-acid-butelka-50ml\/","title":{"rendered":"Collagen Retinol Anti-Ageing Face Cream For Dry Skin With Hyaluronic Acid. Butelka 50ml"},"content":{"rendered":"<p><strong><span class=\"a-list-item\">PRZECIWSTARZENIOWY KREM DO TWARZY DLA KOBIET I M\u0118\u017bCZYZN  <\/span><\/strong><\/p>\n<p><span class=\"a-list-item\">Nasz krem nawil\u017caj\u0105cy Collagen Retinol zawiera szereg silnych naturalnych sk\u0142adnik\u00f3w przeciwstarzeniowych. Wraz z wiekiem zmniejsza si\u0119 zdolno\u015b\u0107 sk\u00f3ry do produkcji kolagenu, co powoduje utrat\u0119 jej elastyczno\u015bci.<\/span><\/p>\n<p><strong><span class=\"a-list-item\">ZWALCZA ZMARSZCZKI  <\/span><\/strong><\/p>\n<p><span class=\"a-list-item\">Ten silny krem do twarzy dostarcza kolagen bezpo\u015brednio do warstwy sk\u00f3ry w\u0142a\u015bciwej, zmniejszaj\u0105c widoczno\u015b\u0107 zmarszczek i pozostawiaj\u0105c sk\u00f3r\u0119 nawil\u017con\u0105 i dobrze od\u017cywion\u0105.<\/span><\/p>\n<p><span class=\"a-list-item\"><strong>SUPER BOGATE \u0179R\u00d3D\u0141O RETINOLU  <\/strong><\/span><\/p>\n<p><span class=\"a-list-item\">Krem nawil\u017caj\u0105cy do twarzy zawiera r\u00f3wnie\u017c olejek z passiflory i ekstrakt z zielonej herbaty, kt\u00f3re s\u0105 bogatym \u017ar\u00f3d\u0142em witaminy A. Ta niezb\u0119dna witamina wspomaga tworzenie fibroblast\u00f3w, dzi\u0119ki czemu sk\u00f3ra staje si\u0119 bardziej napi\u0119ta i j\u0119drna.<\/span><\/p>\n<p>&nbsp;<\/p>\n<p>&nbsp;<\/p>\n","protected":false},"excerpt":{"rendered":"<h4>Silnie dzia\u0142aj\u0105cy krem przeciwzmarszczkowy dla bardziej napi\u0119tej, j\u0119drnej i m\u0142odziej wygl\u0105daj\u0105cej sk\u00f3ry.<\/h4>\n","protected":false},"featured_media":4723,"template":"","meta":{"site-sidebar-layout":"default","site-content-layout":"default","ast-site-content-layout":"default","site-content-style":"default","site-sidebar-style":"default","ast-global-header-display":"","ast-banner-title-visibility":"","ast-main-header-display":"","ast-hfb-above-header-display":"","ast-hfb-below-header-display":"","ast-hfb-mobile-header-display":"","site-post-title":"","ast-breadcrumbs-content":"","ast-featured-img":"","footer-sml-layout":"","theme-transparent-header-meta":"default","adv-header-id-meta":"","stick-header-meta":"default","header-above-stick-meta":"","header-main-stick-meta":"","header-below-stick-meta":"","astra-migrate-meta-layouts":"default","ast-page-background-enabled":"default","ast-page-background-meta":{"desktop":{"background-color":"","background-image":"","background-repeat":"repeat","background-position":"center center","background-size":"auto","background-attachment":"scroll","background-type":"","background-media":"","overlay-type":"","overlay-color":"","overlay-opacity":"","overlay-gradient":""},"tablet":{"background-color":"","background-image":"","background-repeat":"repeat","background-position":"center center","background-size":"auto","background-attachment":"scroll","background-type":"","background-media":"","overlay-type":"","overlay-color":"","overlay-opacity":"","overlay-gradient":""},"mobile":{"background-color":"","background-image":"","background-repeat":"repeat","background-position":"center center","background-size":"auto","background-attachment":"scroll","background-type":"","background-media":"","overlay-type":"","overlay-color":"","overlay-opacity":"","overlay-gradient":""}},"ast-content-background-meta":{"desktop":{"background-color":"var(--ast-global-color-5)","background-image":"","background-repeat":"repeat","background-position":"center center","background-size":"auto","background-attachment":"scroll","background-type":"","background-media":"","overlay-type":"","overlay-color":"","overlay-opacity":"","overlay-gradient":""},"tablet":{"background-color":"var(--ast-global-color-5)","background-image":"","background-repeat":"repeat","background-position":"center center","background-size":"auto","background-attachment":"scroll","background-type":"","background-media":"","overlay-type":"","overlay-color":"","overlay-opacity":"","overlay-gradient":""},"mobile":{"background-color":"var(--ast-global-color-5)","background-image":"","background-repeat":"repeat","background-position":"center center","background-size":"auto","background-attachment":"scroll","background-type":"","background-media":"","overlay-type":"","overlay-color":"","overlay-opacity":"","overlay-gradient":""}}},"product_cat":[578,575],"product_tag":[1626,1632,1627,1624,1625,1628,1629,1631,1630,1634,1635,1633],"class_list":{"0":"post-6818","1":"product","2":"type-product","3":"status-publish","4":"has-post-thumbnail","6":"product_cat-anti-aging-pl","7":"product_cat-naturalne-piekno","8":"product_tag-krem-przeciwzmarszczkowy","9":"product_tag-krem-rozjasniajacy-do-ciemnej-skory","10":"product_tag-krem-z-retinolem","11":"product_tag-leczenie-tradziku","12":"product_tag-przeciwzmarszczkowy","13":"product_tag-retinol-krem-do-twarzy","14":"product_tag-retinol-serum-do-twarzy","15":"product_tag-retinol-serum-high-strength-for-face-pl","16":"product_tag-serum-retinolu","17":"product_tag-tretinoina-krem","18":"product_tag-witamina-e-olej-do-twarzy","19":"product_tag-zwykly-retinol","20":"has-subscription-plans","21":"desktop-align-left","22":"tablet-align-left","23":"mobile-align-left","25":"first","26":"outofstock","27":"sale","28":"taxable","29":"shipping-taxable","30":"purchasable","31":"product-type-simple"},"yoast_head":"<!-- This site is optimized with the Yoast SEO plugin v22.7 - https:\/\/yoast.com\/wordpress\/plugins\/seo\/ -->\n<title>Collagen Retinol Anti-Ageing Face Cream For Dry Skin With Hyaluronic Acid. Butelka 50ml - JeaKen<\/title>\n<meta name=\"robots\" content=\"index, follow, max-snippet:-1, max-image-preview:large, max-video-preview:-1\" \/>\n<link rel=\"canonical\" href=\"https:\/\/jeaken.com\/pl\/produkt\/collagen-retinol-anti-ageing-face-cream-for-dry-skin-with-hyaluronic-acid-butelka-50ml\/\" \/>\n<meta property=\"og:locale\" content=\"pl_PL\" \/>\n<meta property=\"og:type\" content=\"article\" \/>\n<meta property=\"og:title\" content=\"Collagen Retinol Anti-Ageing Face Cream For Dry Skin With Hyaluronic Acid. Butelka 50ml - JeaKen\" \/>\n<meta property=\"og:description\" content=\"Silnie dzia\u0142aj\u0105cy krem przeciwzmarszczkowy dla bardziej napi\u0119tej, j\u0119drnej i m\u0142odziej wygl\u0105daj\u0105cej sk\u00f3ry.\" \/>\n<meta property=\"og:url\" content=\"https:\/\/jeaken.com\/pl\/produkt\/collagen-retinol-anti-ageing-face-cream-for-dry-skin-with-hyaluronic-acid-butelka-50ml\/\" \/>\n<meta property=\"og:site_name\" content=\"JeaKen\" \/>\n<meta property=\"article:modified_time\" content=\"2022-08-09T14:13:45+00:00\" \/>\n<meta property=\"og:image\" content=\"https:\/\/jeaken.com\/wp-content\/uploads\/2022\/07\/71QlbREVamL._AC_SL1500_.jpg\" \/>\n\t<meta property=\"og:image:width\" content=\"600\" \/>\n\t<meta property=\"og:image:height\" content=\"600\" \/>\n\t<meta property=\"og:image:type\" content=\"image\/jpeg\" \/>\n<meta name=\"twitter:card\" content=\"summary_large_image\" \/>\n<meta name=\"twitter:label1\" content=\"Est. reading time\" \/>\n\t<meta name=\"twitter:data1\" content=\"1 minute\" \/>\n<script type=\"application\/ld+json\" class=\"yoast-schema-graph\">{\"@context\":\"https:\/\/schema.org\",\"@graph\":[{\"@type\":\"WebPage\",\"@id\":\"https:\/\/jeaken.com\/pl\/produkt\/collagen-retinol-anti-ageing-face-cream-for-dry-skin-with-hyaluronic-acid-butelka-50ml\/\",\"url\":\"https:\/\/jeaken.com\/pl\/produkt\/collagen-retinol-anti-ageing-face-cream-for-dry-skin-with-hyaluronic-acid-butelka-50ml\/\",\"name\":\"Collagen Retinol Anti-Ageing Face Cream For Dry Skin With Hyaluronic Acid. Butelka 50ml - JeaKen\",\"isPartOf\":{\"@id\":\"https:\/\/jeaken.com\/pl\/#website\"},\"primaryImageOfPage\":{\"@id\":\"https:\/\/jeaken.com\/pl\/produkt\/collagen-retinol-anti-ageing-face-cream-for-dry-skin-with-hyaluronic-acid-butelka-50ml\/#primaryimage\"},\"image\":{\"@id\":\"https:\/\/jeaken.com\/pl\/produkt\/collagen-retinol-anti-ageing-face-cream-for-dry-skin-with-hyaluronic-acid-butelka-50ml\/#primaryimage\"},\"thumbnailUrl\":\"https:\/\/jeaken.com\/wp-content\/uploads\/2022\/07\/71QlbREVamL._AC_SL1500_.jpg\",\"datePublished\":\"2022-07-21T18:18:21+00:00\",\"dateModified\":\"2022-08-09T14:13:45+00:00\",\"breadcrumb\":{\"@id\":\"https:\/\/jeaken.com\/pl\/produkt\/collagen-retinol-anti-ageing-face-cream-for-dry-skin-with-hyaluronic-acid-butelka-50ml\/#breadcrumb\"},\"inLanguage\":\"pl-PL\",\"potentialAction\":[{\"@type\":\"ReadAction\",\"target\":[\"https:\/\/jeaken.com\/pl\/produkt\/collagen-retinol-anti-ageing-face-cream-for-dry-skin-with-hyaluronic-acid-butelka-50ml\/\"]}]},{\"@type\":\"ImageObject\",\"inLanguage\":\"pl-PL\",\"@id\":\"https:\/\/jeaken.com\/pl\/produkt\/collagen-retinol-anti-ageing-face-cream-for-dry-skin-with-hyaluronic-acid-butelka-50ml\/#primaryimage\",\"url\":\"https:\/\/jeaken.com\/wp-content\/uploads\/2022\/07\/71QlbREVamL._AC_SL1500_.jpg\",\"contentUrl\":\"https:\/\/jeaken.com\/wp-content\/uploads\/2022\/07\/71QlbREVamL._AC_SL1500_.jpg\",\"width\":600,\"height\":600,\"caption\":\"Collagen Retinol Anti-Ageing Face Cream For Dry Skin With Hyaluronic Acid. 50ml Bottle\"},{\"@type\":\"BreadcrumbList\",\"@id\":\"https:\/\/jeaken.com\/pl\/produkt\/collagen-retinol-anti-ageing-face-cream-for-dry-skin-with-hyaluronic-acid-butelka-50ml\/#breadcrumb\",\"itemListElement\":[{\"@type\":\"ListItem\",\"position\":1,\"name\":\"Home\",\"item\":\"https:\/\/jeaken.com\/pl\/\"},{\"@type\":\"ListItem\",\"position\":2,\"name\":\"Private: Shop\",\"item\":\"https:\/\/jeaken.com\/shop\/\"},{\"@type\":\"ListItem\",\"position\":3,\"name\":\"Collagen Retinol Anti-Ageing Face Cream For Dry Skin With Hyaluronic Acid. Butelka 50ml\"}]},{\"@type\":\"WebSite\",\"@id\":\"https:\/\/jeaken.com\/pl\/#website\",\"url\":\"https:\/\/jeaken.com\/pl\/\",\"name\":\"JeaKen\",\"description\":\"Organic Supplements for Health, Fitness and Nutrition\",\"publisher\":{\"@id\":\"https:\/\/jeaken.com\/pl\/#organization\"},\"potentialAction\":[{\"@type\":\"SearchAction\",\"target\":{\"@type\":\"EntryPoint\",\"urlTemplate\":\"https:\/\/jeaken.com\/pl\/?s={search_term_string}\"},\"query-input\":\"required name=search_term_string\"}],\"inLanguage\":\"pl-PL\"},{\"@type\":\"Organization\",\"@id\":\"https:\/\/jeaken.com\/pl\/#organization\",\"name\":\"JeaKen\",\"url\":\"https:\/\/jeaken.com\/pl\/\",\"logo\":{\"@type\":\"ImageObject\",\"inLanguage\":\"pl-PL\",\"@id\":\"https:\/\/jeaken.com\/pl\/#\/schema\/logo\/image\/\",\"url\":\"https:\/\/jeaken.com\/wp-content\/uploads\/2022\/06\/jeaken-logo-23.png\",\"contentUrl\":\"https:\/\/jeaken.com\/wp-content\/uploads\/2022\/06\/jeaken-logo-23.png\",\"width\":2486,\"height\":736,\"caption\":\"JeaKen\"},\"image\":{\"@id\":\"https:\/\/jeaken.com\/pl\/#\/schema\/logo\/image\/\"}}]}<\/script>\n<!-- \/ Yoast SEO plugin. -->","yoast_head_json":{"title":"Collagen Retinol Anti-Ageing Face Cream For Dry Skin With Hyaluronic Acid. Butelka 50ml - JeaKen","robots":{"index":"index","follow":"follow","max-snippet":"max-snippet:-1","max-image-preview":"max-image-preview:large","max-video-preview":"max-video-preview:-1"},"canonical":"https:\/\/jeaken.com\/pl\/produkt\/collagen-retinol-anti-ageing-face-cream-for-dry-skin-with-hyaluronic-acid-butelka-50ml\/","og_locale":"pl_PL","og_type":"article","og_title":"Collagen Retinol Anti-Ageing Face Cream For Dry Skin With Hyaluronic Acid. Butelka 50ml - JeaKen","og_description":"Silnie dzia\u0142aj\u0105cy krem przeciwzmarszczkowy dla bardziej napi\u0119tej, j\u0119drnej i m\u0142odziej wygl\u0105daj\u0105cej sk\u00f3ry.","og_url":"https:\/\/jeaken.com\/pl\/produkt\/collagen-retinol-anti-ageing-face-cream-for-dry-skin-with-hyaluronic-acid-butelka-50ml\/","og_site_name":"JeaKen","article_modified_time":"2022-08-09T14:13:45+00:00","og_image":[{"width":600,"height":600,"url":"https:\/\/jeaken.com\/wp-content\/uploads\/2022\/07\/71QlbREVamL._AC_SL1500_.jpg","type":"image\/jpeg"}],"twitter_card":"summary_large_image","twitter_misc":{"Est. reading time":"1 minute"},"schema":{"@context":"https:\/\/schema.org","@graph":[{"@type":"WebPage","@id":"https:\/\/jeaken.com\/pl\/produkt\/collagen-retinol-anti-ageing-face-cream-for-dry-skin-with-hyaluronic-acid-butelka-50ml\/","url":"https:\/\/jeaken.com\/pl\/produkt\/collagen-retinol-anti-ageing-face-cream-for-dry-skin-with-hyaluronic-acid-butelka-50ml\/","name":"Collagen Retinol Anti-Ageing Face Cream For Dry Skin With Hyaluronic Acid. Butelka 50ml - JeaKen","isPartOf":{"@id":"https:\/\/jeaken.com\/pl\/#website"},"primaryImageOfPage":{"@id":"https:\/\/jeaken.com\/pl\/produkt\/collagen-retinol-anti-ageing-face-cream-for-dry-skin-with-hyaluronic-acid-butelka-50ml\/#primaryimage"},"image":{"@id":"https:\/\/jeaken.com\/pl\/produkt\/collagen-retinol-anti-ageing-face-cream-for-dry-skin-with-hyaluronic-acid-butelka-50ml\/#primaryimage"},"thumbnailUrl":"https:\/\/jeaken.com\/wp-content\/uploads\/2022\/07\/71QlbREVamL._AC_SL1500_.jpg","datePublished":"2022-07-21T18:18:21+00:00","dateModified":"2022-08-09T14:13:45+00:00","breadcrumb":{"@id":"https:\/\/jeaken.com\/pl\/produkt\/collagen-retinol-anti-ageing-face-cream-for-dry-skin-with-hyaluronic-acid-butelka-50ml\/#breadcrumb"},"inLanguage":"pl-PL","potentialAction":[{"@type":"ReadAction","target":["https:\/\/jeaken.com\/pl\/produkt\/collagen-retinol-anti-ageing-face-cream-for-dry-skin-with-hyaluronic-acid-butelka-50ml\/"]}]},{"@type":"ImageObject","inLanguage":"pl-PL","@id":"https:\/\/jeaken.com\/pl\/produkt\/collagen-retinol-anti-ageing-face-cream-for-dry-skin-with-hyaluronic-acid-butelka-50ml\/#primaryimage","url":"https:\/\/jeaken.com\/wp-content\/uploads\/2022\/07\/71QlbREVamL._AC_SL1500_.jpg","contentUrl":"https:\/\/jeaken.com\/wp-content\/uploads\/2022\/07\/71QlbREVamL._AC_SL1500_.jpg","width":600,"height":600,"caption":"Collagen Retinol Anti-Ageing Face Cream For Dry Skin With Hyaluronic Acid. 50ml Bottle"},{"@type":"BreadcrumbList","@id":"https:\/\/jeaken.com\/pl\/produkt\/collagen-retinol-anti-ageing-face-cream-for-dry-skin-with-hyaluronic-acid-butelka-50ml\/#breadcrumb","itemListElement":[{"@type":"ListItem","position":1,"name":"Home","item":"https:\/\/jeaken.com\/pl\/"},{"@type":"ListItem","position":2,"name":"Private: Shop","item":"https:\/\/jeaken.com\/shop\/"},{"@type":"ListItem","position":3,"name":"Collagen Retinol Anti-Ageing Face Cream For Dry Skin With Hyaluronic Acid. Butelka 50ml"}]},{"@type":"WebSite","@id":"https:\/\/jeaken.com\/pl\/#website","url":"https:\/\/jeaken.com\/pl\/","name":"JeaKen","description":"Organic Supplements for Health, Fitness and Nutrition","publisher":{"@id":"https:\/\/jeaken.com\/pl\/#organization"},"potentialAction":[{"@type":"SearchAction","target":{"@type":"EntryPoint","urlTemplate":"https:\/\/jeaken.com\/pl\/?s={search_term_string}"},"query-input":"required name=search_term_string"}],"inLanguage":"pl-PL"},{"@type":"Organization","@id":"https:\/\/jeaken.com\/pl\/#organization","name":"JeaKen","url":"https:\/\/jeaken.com\/pl\/","logo":{"@type":"ImageObject","inLanguage":"pl-PL","@id":"https:\/\/jeaken.com\/pl\/#\/schema\/logo\/image\/","url":"https:\/\/jeaken.com\/wp-content\/uploads\/2022\/06\/jeaken-logo-23.png","contentUrl":"https:\/\/jeaken.com\/wp-content\/uploads\/2022\/06\/jeaken-logo-23.png","width":2486,"height":736,"caption":"JeaKen"},"image":{"@id":"https:\/\/jeaken.com\/pl\/#\/schema\/logo\/image\/"}}]}},"jetpack_sharing_enabled":true,"_links":{"self":[{"href":"https:\/\/jeaken.com\/pl\/wp-json\/wp\/v2\/product\/6818","targetHints":{"allow":["GET"]}}],"collection":[{"href":"https:\/\/jeaken.com\/pl\/wp-json\/wp\/v2\/product"}],"about":[{"href":"https:\/\/jeaken.com\/pl\/wp-json\/wp\/v2\/types\/product"}],"wp:featuredmedia":[{"embeddable":true,"href":"https:\/\/jeaken.com\/pl\/wp-json\/wp\/v2\/media\/4723"}],"wp:attachment":[{"href":"https:\/\/jeaken.com\/pl\/wp-json\/wp\/v2\/media?parent=6818"}],"wp:term":[{"taxonomy":"product_cat","embeddable":true,"href":"https:\/\/jeaken.com\/pl\/wp-json\/wp\/v2\/product_cat?post=6818"},{"taxonomy":"product_tag","embeddable":true,"href":"https:\/\/jeaken.com\/pl\/wp-json\/wp\/v2\/product_tag?post=6818"}],"curies":[{"name":"wp","href":"https:\/\/api.w.org\/{rel}","templated":true}]}}