{"id":6813,"date":"2022-07-21T19:18:21","date_gmt":"2022-07-21T18:18:21","guid":{"rendered":"https:\/1658920591610?product=premium-multivitamins-abcde-tabletki-dla-kobiet-i-mezczyzn"},"modified":"2022-08-13T19:20:27","modified_gmt":"2022-08-13T18:20:27","slug":"premium-multiwitaminy-abcde-tabletki","status":"publish","type":"product","link":"https:\/\/jeaken.com\/pl\/produkt\/premium-multiwitaminy-abcde-tabletki\/","title":{"rendered":"Premium Multivitamins ABCDE Tabletki dla kobiet i m\u0119\u017cczyzn"},"content":{"rendered":"<p><strong>Zapewnia niezawodne \u017ar\u00f3d\u0142o witamin A, B, C, D i E  <\/strong><\/p>\n<p>Ka\u017cda \u0142atwa do po\u0142kni\u0119cia tabletka zawiera witamin\u0119 A (octan retinylu), witamin\u0119 B1 (tiamin\u0119), witamin\u0119 B2 (ryboflawin\u0119), witamin\u0119 B3 (niacyn\u0119), witamin\u0119 C (kwas askorbinowy), witamin\u0119 D3 (cholekalcyferol), witamin\u0119 E (Dl-Alfa-Tokoferol 50%).<\/p>\n<p><strong>POMAGA DO\u0141ADOWA\u0106 TWOJE ZDROWIE  <\/strong><\/p>\n<p>Nasze witaminy premium zosta\u0142y starannie dobrane, aby pom\u00f3c Ci uzyska\u0107 optymalny stan zdrowia i stanowi\u0105 \u015bwietn\u0105 podstaw\u0119 ka\u017cdej diety, dostarczaj\u0105c 100% dziennej warto\u015bci referencyjnej sk\u0142adnik\u00f3w od\u017cywczych. Ta wysokiej jako\u015bci multiwitamina daje Ci dodatkow\u0105 pewno\u015b\u0107, \u017ce Tw\u00f3j organizm otrzymuje niezb\u0119dne sk\u0142adniki od\u017cywcze, kt\u00f3rych potrzebuje.<\/p>\n<p><strong>POMAGA SPOWOLNI\u0106 PROCES STARZENIA SI\u0118<\/strong><\/p>\n<p>Nasz suplement multiwitaminowy mo\u017ce chroni\u0107 organizm przed szkodliwym dzia\u0142aniem wolnych rodnik\u00f3w, kt\u00f3re mog\u0105 przyczynia\u0107 si\u0119 do procesu starzenia.<\/p>\n","protected":false},"excerpt":{"rendered":"<h4><strong>Wszystkie dzienne sk\u0142adniki od\u017cywcze, kt\u00f3rych potrzebuje Tw\u00f3j organizm w jednej, \u0142atwej do przyj\u0119cia kapsu\u0142ce!<\/strong><\/h4>\n","protected":false},"featured_media":4570,"template":"","meta":{"site-sidebar-layout":"default","site-content-layout":"default","ast-site-content-layout":"default","site-content-style":"default","site-sidebar-style":"default","ast-global-header-display":"","ast-banner-title-visibility":"","ast-main-header-display":"","ast-hfb-above-header-display":"","ast-hfb-below-header-display":"","ast-hfb-mobile-header-display":"","site-post-title":"","ast-breadcrumbs-content":"","ast-featured-img":"","footer-sml-layout":"","theme-transparent-header-meta":"default","adv-header-id-meta":"","stick-header-meta":"default","header-above-stick-meta":"","header-main-stick-meta":"","header-below-stick-meta":"","astra-migrate-meta-layouts":"default","ast-page-background-enabled":"default","ast-page-background-meta":{"desktop":{"background-color":"","background-image":"","background-repeat":"repeat","background-position":"center center","background-size":"auto","background-attachment":"scroll","background-type":"","background-media":"","overlay-type":"","overlay-color":"","overlay-opacity":"","overlay-gradient":""},"tablet":{"background-color":"","background-image":"","background-repeat":"repeat","background-position":"center center","background-size":"auto","background-attachment":"scroll","background-type":"","background-media":"","overlay-type":"","overlay-color":"","overlay-opacity":"","overlay-gradient":""},"mobile":{"background-color":"","background-image":"","background-repeat":"repeat","background-position":"center center","background-size":"auto","background-attachment":"scroll","background-type":"","background-media":"","overlay-type":"","overlay-color":"","overlay-opacity":"","overlay-gradient":""}},"ast-content-background-meta":{"desktop":{"background-color":"var(--ast-global-color-5)","background-image":"","background-repeat":"repeat","background-position":"center center","background-size":"auto","background-attachment":"scroll","background-type":"","background-media":"","overlay-type":"","overlay-color":"","overlay-opacity":"","overlay-gradient":""},"tablet":{"background-color":"var(--ast-global-color-5)","background-image":"","background-repeat":"repeat","background-position":"center center","background-size":"auto","background-attachment":"scroll","background-type":"","background-media":"","overlay-type":"","overlay-color":"","overlay-opacity":"","overlay-gradient":""},"mobile":{"background-color":"var(--ast-global-color-5)","background-image":"","background-repeat":"repeat","background-position":"center center","background-size":"auto","background-attachment":"scroll","background-type":"","background-media":"","overlay-type":"","overlay-color":"","overlay-opacity":"","overlay-gradient":""}}},"product_cat":[541,543],"product_tag":[],"class_list":{"0":"post-6813","1":"product","2":"type-product","3":"status-publish","4":"has-post-thumbnail","6":"product_cat-witaminy-i-mineraly","7":"product_cat-zdrowie-ukladu-odpornosciowego","8":"has-subscription-plans","9":"desktop-align-left","10":"tablet-align-left","11":"mobile-align-left","13":"first","14":"instock","15":"taxable","16":"shipping-taxable","17":"purchasable","18":"product-type-simple"},"yoast_head":"<!-- This site is optimized with the Yoast SEO plugin v22.7 - https:\/\/yoast.com\/wordpress\/plugins\/seo\/ -->\n<title>Premium Multivitamins ABCDE Tabletki dla kobiet i m\u0119\u017cczyzn - JeaKen<\/title>\n<meta name=\"robots\" content=\"index, follow, max-snippet:-1, max-image-preview:large, max-video-preview:-1\" \/>\n<link rel=\"canonical\" href=\"https:\/\/jeaken.com\/pl\/produkt\/premium-multiwitaminy-abcde-tabletki\/\" \/>\n<meta property=\"og:locale\" content=\"pl_PL\" \/>\n<meta property=\"og:type\" content=\"article\" \/>\n<meta property=\"og:title\" content=\"Premium Multivitamins ABCDE Tabletki dla kobiet i m\u0119\u017cczyzn - JeaKen\" \/>\n<meta property=\"og:description\" content=\"Wszystkie dzienne sk\u0142adniki od\u017cywcze, kt\u00f3rych potrzebuje Tw\u00f3j organizm w jednej, \u0142atwej do przyj\u0119cia kapsu\u0142ce!\" \/>\n<meta property=\"og:url\" content=\"https:\/\/jeaken.com\/pl\/produkt\/premium-multiwitaminy-abcde-tabletki\/\" \/>\n<meta property=\"og:site_name\" content=\"JeaKen\" \/>\n<meta property=\"article:modified_time\" content=\"2022-08-13T18:20:27+00:00\" \/>\n<meta property=\"og:image\" content=\"https:\/\/jeaken.com\/wp-content\/uploads\/2022\/07\/71dKviOol2L._AC_SL1500_.jpg\" \/>\n\t<meta property=\"og:image:width\" content=\"600\" \/>\n\t<meta property=\"og:image:height\" content=\"600\" \/>\n\t<meta property=\"og:image:type\" content=\"image\/jpeg\" \/>\n<meta name=\"twitter:card\" content=\"summary_large_image\" \/>\n<meta name=\"twitter:label1\" content=\"Est. reading time\" \/>\n\t<meta name=\"twitter:data1\" content=\"1 minute\" \/>\n<script type=\"application\/ld+json\" class=\"yoast-schema-graph\">{\"@context\":\"https:\/\/schema.org\",\"@graph\":[{\"@type\":\"WebPage\",\"@id\":\"https:\/\/jeaken.com\/pl\/produkt\/premium-multiwitaminy-abcde-tabletki\/\",\"url\":\"https:\/\/jeaken.com\/pl\/produkt\/premium-multiwitaminy-abcde-tabletki\/\",\"name\":\"Premium Multivitamins ABCDE Tabletki dla kobiet i m\u0119\u017cczyzn - JeaKen\",\"isPartOf\":{\"@id\":\"https:\/\/jeaken.com\/pl\/#website\"},\"primaryImageOfPage\":{\"@id\":\"https:\/\/jeaken.com\/pl\/produkt\/premium-multiwitaminy-abcde-tabletki\/#primaryimage\"},\"image\":{\"@id\":\"https:\/\/jeaken.com\/pl\/produkt\/premium-multiwitaminy-abcde-tabletki\/#primaryimage\"},\"thumbnailUrl\":\"https:\/\/jeaken.com\/wp-content\/uploads\/2022\/07\/71dKviOol2L._AC_SL1500_.jpg\",\"datePublished\":\"2022-07-21T18:18:21+00:00\",\"dateModified\":\"2022-08-13T18:20:27+00:00\",\"breadcrumb\":{\"@id\":\"https:\/\/jeaken.com\/pl\/produkt\/premium-multiwitaminy-abcde-tabletki\/#breadcrumb\"},\"inLanguage\":\"pl-PL\",\"potentialAction\":[{\"@type\":\"ReadAction\",\"target\":[\"https:\/\/jeaken.com\/pl\/produkt\/premium-multiwitaminy-abcde-tabletki\/\"]}]},{\"@type\":\"ImageObject\",\"inLanguage\":\"pl-PL\",\"@id\":\"https:\/\/jeaken.com\/pl\/produkt\/premium-multiwitaminy-abcde-tabletki\/#primaryimage\",\"url\":\"https:\/\/jeaken.com\/wp-content\/uploads\/2022\/07\/71dKviOol2L._AC_SL1500_.jpg\",\"contentUrl\":\"https:\/\/jeaken.com\/wp-content\/uploads\/2022\/07\/71dKviOol2L._AC_SL1500_.jpg\",\"width\":600,\"height\":600,\"caption\":\"Premium Multivitamins ABCDE Tablets For Men and Women\"},{\"@type\":\"BreadcrumbList\",\"@id\":\"https:\/\/jeaken.com\/pl\/produkt\/premium-multiwitaminy-abcde-tabletki\/#breadcrumb\",\"itemListElement\":[{\"@type\":\"ListItem\",\"position\":1,\"name\":\"Home\",\"item\":\"https:\/\/jeaken.com\/pl\/\"},{\"@type\":\"ListItem\",\"position\":2,\"name\":\"Private: Shop\",\"item\":\"https:\/\/jeaken.com\/shop\/\"},{\"@type\":\"ListItem\",\"position\":3,\"name\":\"Premium Multivitamins ABCDE Tabletki dla kobiet i m\u0119\u017cczyzn\"}]},{\"@type\":\"WebSite\",\"@id\":\"https:\/\/jeaken.com\/pl\/#website\",\"url\":\"https:\/\/jeaken.com\/pl\/\",\"name\":\"JeaKen\",\"description\":\"Organic Supplements for Health, Fitness and Nutrition\",\"publisher\":{\"@id\":\"https:\/\/jeaken.com\/pl\/#organization\"},\"potentialAction\":[{\"@type\":\"SearchAction\",\"target\":{\"@type\":\"EntryPoint\",\"urlTemplate\":\"https:\/\/jeaken.com\/pl\/?s={search_term_string}\"},\"query-input\":\"required name=search_term_string\"}],\"inLanguage\":\"pl-PL\"},{\"@type\":\"Organization\",\"@id\":\"https:\/\/jeaken.com\/pl\/#organization\",\"name\":\"JeaKen\",\"url\":\"https:\/\/jeaken.com\/pl\/\",\"logo\":{\"@type\":\"ImageObject\",\"inLanguage\":\"pl-PL\",\"@id\":\"https:\/\/jeaken.com\/pl\/#\/schema\/logo\/image\/\",\"url\":\"https:\/\/jeaken.com\/wp-content\/uploads\/2022\/06\/jeaken-logo-23.png\",\"contentUrl\":\"https:\/\/jeaken.com\/wp-content\/uploads\/2022\/06\/jeaken-logo-23.png\",\"width\":2486,\"height\":736,\"caption\":\"JeaKen\"},\"image\":{\"@id\":\"https:\/\/jeaken.com\/pl\/#\/schema\/logo\/image\/\"}}]}<\/script>\n<!-- \/ Yoast SEO plugin. -->","yoast_head_json":{"title":"Premium Multivitamins ABCDE Tabletki dla kobiet i m\u0119\u017cczyzn - JeaKen","robots":{"index":"index","follow":"follow","max-snippet":"max-snippet:-1","max-image-preview":"max-image-preview:large","max-video-preview":"max-video-preview:-1"},"canonical":"https:\/\/jeaken.com\/pl\/produkt\/premium-multiwitaminy-abcde-tabletki\/","og_locale":"pl_PL","og_type":"article","og_title":"Premium Multivitamins ABCDE Tabletki dla kobiet i m\u0119\u017cczyzn - JeaKen","og_description":"Wszystkie dzienne sk\u0142adniki od\u017cywcze, kt\u00f3rych potrzebuje Tw\u00f3j organizm w jednej, \u0142atwej do przyj\u0119cia kapsu\u0142ce!","og_url":"https:\/\/jeaken.com\/pl\/produkt\/premium-multiwitaminy-abcde-tabletki\/","og_site_name":"JeaKen","article_modified_time":"2022-08-13T18:20:27+00:00","og_image":[{"width":600,"height":600,"url":"https:\/\/jeaken.com\/wp-content\/uploads\/2022\/07\/71dKviOol2L._AC_SL1500_.jpg","type":"image\/jpeg"}],"twitter_card":"summary_large_image","twitter_misc":{"Est. reading time":"1 minute"},"schema":{"@context":"https:\/\/schema.org","@graph":[{"@type":"WebPage","@id":"https:\/\/jeaken.com\/pl\/produkt\/premium-multiwitaminy-abcde-tabletki\/","url":"https:\/\/jeaken.com\/pl\/produkt\/premium-multiwitaminy-abcde-tabletki\/","name":"Premium Multivitamins ABCDE Tabletki dla kobiet i m\u0119\u017cczyzn - JeaKen","isPartOf":{"@id":"https:\/\/jeaken.com\/pl\/#website"},"primaryImageOfPage":{"@id":"https:\/\/jeaken.com\/pl\/produkt\/premium-multiwitaminy-abcde-tabletki\/#primaryimage"},"image":{"@id":"https:\/\/jeaken.com\/pl\/produkt\/premium-multiwitaminy-abcde-tabletki\/#primaryimage"},"thumbnailUrl":"https:\/\/jeaken.com\/wp-content\/uploads\/2022\/07\/71dKviOol2L._AC_SL1500_.jpg","datePublished":"2022-07-21T18:18:21+00:00","dateModified":"2022-08-13T18:20:27+00:00","breadcrumb":{"@id":"https:\/\/jeaken.com\/pl\/produkt\/premium-multiwitaminy-abcde-tabletki\/#breadcrumb"},"inLanguage":"pl-PL","potentialAction":[{"@type":"ReadAction","target":["https:\/\/jeaken.com\/pl\/produkt\/premium-multiwitaminy-abcde-tabletki\/"]}]},{"@type":"ImageObject","inLanguage":"pl-PL","@id":"https:\/\/jeaken.com\/pl\/produkt\/premium-multiwitaminy-abcde-tabletki\/#primaryimage","url":"https:\/\/jeaken.com\/wp-content\/uploads\/2022\/07\/71dKviOol2L._AC_SL1500_.jpg","contentUrl":"https:\/\/jeaken.com\/wp-content\/uploads\/2022\/07\/71dKviOol2L._AC_SL1500_.jpg","width":600,"height":600,"caption":"Premium Multivitamins ABCDE Tablets For Men and Women"},{"@type":"BreadcrumbList","@id":"https:\/\/jeaken.com\/pl\/produkt\/premium-multiwitaminy-abcde-tabletki\/#breadcrumb","itemListElement":[{"@type":"ListItem","position":1,"name":"Home","item":"https:\/\/jeaken.com\/pl\/"},{"@type":"ListItem","position":2,"name":"Private: Shop","item":"https:\/\/jeaken.com\/shop\/"},{"@type":"ListItem","position":3,"name":"Premium Multivitamins ABCDE Tabletki dla kobiet i m\u0119\u017cczyzn"}]},{"@type":"WebSite","@id":"https:\/\/jeaken.com\/pl\/#website","url":"https:\/\/jeaken.com\/pl\/","name":"JeaKen","description":"Organic Supplements for Health, Fitness and Nutrition","publisher":{"@id":"https:\/\/jeaken.com\/pl\/#organization"},"potentialAction":[{"@type":"SearchAction","target":{"@type":"EntryPoint","urlTemplate":"https:\/\/jeaken.com\/pl\/?s={search_term_string}"},"query-input":"required name=search_term_string"}],"inLanguage":"pl-PL"},{"@type":"Organization","@id":"https:\/\/jeaken.com\/pl\/#organization","name":"JeaKen","url":"https:\/\/jeaken.com\/pl\/","logo":{"@type":"ImageObject","inLanguage":"pl-PL","@id":"https:\/\/jeaken.com\/pl\/#\/schema\/logo\/image\/","url":"https:\/\/jeaken.com\/wp-content\/uploads\/2022\/06\/jeaken-logo-23.png","contentUrl":"https:\/\/jeaken.com\/wp-content\/uploads\/2022\/06\/jeaken-logo-23.png","width":2486,"height":736,"caption":"JeaKen"},"image":{"@id":"https:\/\/jeaken.com\/pl\/#\/schema\/logo\/image\/"}}]}},"jetpack_sharing_enabled":true,"_links":{"self":[{"href":"https:\/\/jeaken.com\/pl\/wp-json\/wp\/v2\/product\/6813","targetHints":{"allow":["GET"]}}],"collection":[{"href":"https:\/\/jeaken.com\/pl\/wp-json\/wp\/v2\/product"}],"about":[{"href":"https:\/\/jeaken.com\/pl\/wp-json\/wp\/v2\/types\/product"}],"wp:featuredmedia":[{"embeddable":true,"href":"https:\/\/jeaken.com\/pl\/wp-json\/wp\/v2\/media\/4570"}],"wp:attachment":[{"href":"https:\/\/jeaken.com\/pl\/wp-json\/wp\/v2\/media?parent=6813"}],"wp:term":[{"taxonomy":"product_cat","embeddable":true,"href":"https:\/\/jeaken.com\/pl\/wp-json\/wp\/v2\/product_cat?post=6813"},{"taxonomy":"product_tag","embeddable":true,"href":"https:\/\/jeaken.com\/pl\/wp-json\/wp\/v2\/product_tag?post=6813"}],"curies":[{"name":"wp","href":"https:\/\/api.w.org\/{rel}","templated":true}]}}