{"id":6798,"date":"2022-07-21T19:18:22","date_gmt":"2022-07-21T18:18:22","guid":{"rendered":"https:\/1658920591610?product=high-calorie-mass-gainer-4kg-zaawansowane-wysokiej-kalorii-shake-bialka-z-glutaminy-140g-per-serving"},"modified":"2022-08-09T14:42:31","modified_gmt":"2022-08-09T13:42:31","slug":"high-calorie-mass-gainer-4kg-zaawansowane-wysokiej-kalorii-shake-bialka-z-glutaminy-140g-per-serving","status":"publish","type":"product","link":"https:\/\/jeaken.com\/pl\/produkt\/high-calorie-mass-gainer-4kg-zaawansowane-wysokiej-kalorii-shake-bialka-z-glutaminy-140g-per-serving\/","title":{"rendered":"High Calorie Mass Gainer &#8211; 4Kg Zaawansowane wysokiej kalorii Shake bia\u0142ka z Glutaminy &#8211; (140g Per Serving)"},"content":{"rendered":"<div class=\"a-cardui feature\" data-a-card-type=\"basic\" data-cel-widget=\"\">\n<div id=\"productDescription_feature_div\" class=\"a-section a-spacing-none\" data-feature-name=\"productDescription\" data-template-name=\"productDescription\">\n<div id=\"productDescription_fullView\">\n<div class=\"a-section a-spacing-large text-direction-override\" dir=\"auto\">\n<p><strong>ZWI\u0118KSZA PRZYROST WAGI I MASY MI\u0118\u015aNIOWEJ<\/strong><\/p>\n<p>Wiemy, co jest potrzebne do szybkiego i trwa\u0142ego przyrostu masy cia\u0142a &#8211; du\u017ca nadwy\u017cka kalorii plus bia\u0142ko i sk\u0142adniki od\u017cywcze, kt\u00f3rych organizm potrzebuje do budowy i wzrostu! Z 517 kalorii na 2 porcje i 7 gram\u00f3w b\u0142onnika na porcj\u0119, ten pot\u0119\u017cny produkt przynosi ostateczn\u0105 formu\u0142\u0119 masy dla prawdziwego hard-gainer.<\/p>\n<p><strong>WYSOKA ZAWARTO\u015a\u0106 BIA\u0141KA DLA BUDOWY I REGENERACJI MI\u0118\u015aNI<\/strong><\/p>\n<p><span class=\"a-list-item\">Nasz pot\u0119\u017cny proszek Protein Isolate zawiera 34 gramy wysokiej jako\u015bci bia\u0142ka na porcj\u0119. Stosowany po treningu mo\u017ce pom\u00f3c szybko wyleczy\u0107 mikro rozdarcia w tkankach mi\u0119\u015bniowych, co przyspiesza regeneracj\u0119, zmniejsza bolesno\u015b\u0107 mi\u0119\u015bni i z czasem prowadzi do silniejszych i wi\u0119kszych mi\u0119\u015bni.  <\/span>Nasza unikalna formu\u0142a zapewnia r\u00f3wnomierne dostarczanie organizmowi bia\u0142ek przez d\u0142u\u017cszy czas, aby u\u0142atwi\u0107 regeneracj\u0119 mi\u0119\u015bni.<\/p>\n<\/div>\n<div class=\"a-section a-spacing-large text-direction-override\" dir=\"auto\">\n<p><strong>PYSZNY SMAK<\/strong><\/p>\n<p>Mass gainer jest stworzony po to, by czerpa\u0107 z niego przyjemno\u015b\u0107. Chcesz koktajl proteinowy zapakowany w odpowiednie sk\u0142adniki od\u017cywcze i aktywne, kt\u00f3rych potrzebujesz, aby przyty\u0107, ale chcesz, aby r\u00f3wnie\u017c smakowa\u0142 \u015bwietnie. Ten produkt<span class=\"a-list-item\">  mo\u017cna spo\u017cywa\u0107 w smoothie, z p\u0142atkami owsianymi lub po dodaniu do mieszanki nale\u015bnikowej. Proszki proteinowe nie musz\u0105 by\u0107 nudne<\/span><\/p>\n<p><b>SZYBKIE WYNIKI<\/b><\/p>\n<p>Osi\u0105gni\u0119cie idealnego cia\u0142a nie musi by\u0107 czasoch\u0142onne! Ka\u017cda porcja naszego Mass Gainera zawiera optymalny profil od\u017cywczy, kt\u00f3ry wspomaga szybki wzrost i przyrosty.<\/p>\n<p>&nbsp;<\/p>\n<\/div>\n<\/div>\n<\/div>\n<\/div>\n<div class=\"a-cardui feature\" data-a-card-type=\"basic\" data-cel-widget=\"\">\n<div id=\"featureBulletsAndDetailBullets_feature_div\" class=\"a-section a-spacing-none\" data-feature-name=\"featureBulletsAndDetailBullets\" data-template-name=\"featureBulletsAndDetailBullets\">\n<div id=\"featurebullets_secondary_view_div\" class=\"a-section\">\n<div id=\"feature-bullets\" class=\"a-section a-spacing-small\">\n<p>&nbsp;<\/p>\n<p>&nbsp;<\/p>\n<\/div>\n<\/div>\n<\/div>\n<\/div>\n","protected":false},"excerpt":{"rendered":"<h4>Budowanie mi\u0119\u015bni i przyrost masy cia\u0142a &#8211; 517Kcal &#8211; 85g w\u0119glowodan\u00f3w &#8211; 34g wysokobia\u0142kowe &#8211; 7g b\u0142onnika &#8211; 28 porcji<\/h4>\n<p>&nbsp;<\/p>\n","protected":false},"featured_media":2783,"template":"","meta":{"site-sidebar-layout":"default","site-content-layout":"default","ast-site-content-layout":"default","site-content-style":"default","site-sidebar-style":"default","ast-global-header-display":"","ast-banner-title-visibility":"","ast-main-header-display":"","ast-hfb-above-header-display":"","ast-hfb-below-header-display":"","ast-hfb-mobile-header-display":"","site-post-title":"","ast-breadcrumbs-content":"","ast-featured-img":"","footer-sml-layout":"","theme-transparent-header-meta":"default","adv-header-id-meta":"","stick-header-meta":"default","header-above-stick-meta":"","header-main-stick-meta":"","header-below-stick-meta":"","astra-migrate-meta-layouts":"default","ast-page-background-enabled":"default","ast-page-background-meta":{"desktop":{"background-color":"","background-image":"","background-repeat":"repeat","background-position":"center center","background-size":"auto","background-attachment":"scroll","background-type":"","background-media":"","overlay-type":"","overlay-color":"","overlay-opacity":"","overlay-gradient":""},"tablet":{"background-color":"","background-image":"","background-repeat":"repeat","background-position":"center center","background-size":"auto","background-attachment":"scroll","background-type":"","background-media":"","overlay-type":"","overlay-color":"","overlay-opacity":"","overlay-gradient":""},"mobile":{"background-color":"","background-image":"","background-repeat":"repeat","background-position":"center center","background-size":"auto","background-attachment":"scroll","background-type":"","background-media":"","overlay-type":"","overlay-color":"","overlay-opacity":"","overlay-gradient":""}},"ast-content-background-meta":{"desktop":{"background-color":"var(--ast-global-color-5)","background-image":"","background-repeat":"repeat","background-position":"center center","background-size":"auto","background-attachment":"scroll","background-type":"","background-media":"","overlay-type":"","overlay-color":"","overlay-opacity":"","overlay-gradient":""},"tablet":{"background-color":"var(--ast-global-color-5)","background-image":"","background-repeat":"repeat","background-position":"center center","background-size":"auto","background-attachment":"scroll","background-type":"","background-media":"","overlay-type":"","overlay-color":"","overlay-opacity":"","overlay-gradient":""},"mobile":{"background-color":"var(--ast-global-color-5)","background-image":"","background-repeat":"repeat","background-position":"center center","background-size":"auto","background-attachment":"scroll","background-type":"","background-media":"","overlay-type":"","overlay-color":"","overlay-opacity":"","overlay-gradient":""}}},"product_cat":[631,551],"product_tag":[],"class_list":{"0":"post-6798","1":"product","2":"type-product","3":"status-publish","4":"has-post-thumbnail","6":"product_cat-budowanie-miesni","7":"product_cat-zywienie-sportowe","8":"has-subscription-plans","9":"desktop-align-left","10":"tablet-align-left","11":"mobile-align-left","13":"first","14":"instock","15":"taxable","16":"shipping-taxable","17":"purchasable","18":"product-type-simple"},"yoast_head":"<!-- This site is optimized with the Yoast SEO plugin v22.7 - https:\/\/yoast.com\/wordpress\/plugins\/seo\/ -->\n<title>High Calorie Mass Gainer - 4Kg Zaawansowane wysokiej kalorii Shake bia\u0142ka z Glutaminy - (140g Per Serving) - JeaKen<\/title>\n<meta name=\"robots\" content=\"index, follow, max-snippet:-1, max-image-preview:large, max-video-preview:-1\" \/>\n<link rel=\"canonical\" href=\"https:\/\/jeaken.com\/pl\/produkt\/high-calorie-mass-gainer-4kg-zaawansowane-wysokiej-kalorii-shake-bialka-z-glutaminy-140g-per-serving\/\" \/>\n<meta property=\"og:locale\" content=\"pl_PL\" \/>\n<meta property=\"og:type\" content=\"article\" \/>\n<meta property=\"og:title\" content=\"High Calorie Mass Gainer - 4Kg Zaawansowane wysokiej kalorii Shake bia\u0142ka z Glutaminy - (140g Per Serving) - JeaKen\" \/>\n<meta property=\"og:description\" content=\"Budowanie mi\u0119\u015bni i przyrost masy cia\u0142a - 517Kcal - 85g w\u0119glowodan\u00f3w - 34g wysokobia\u0142kowe - 7g b\u0142onnika - 28 porcji &nbsp;\" \/>\n<meta property=\"og:url\" content=\"https:\/\/jeaken.com\/pl\/produkt\/high-calorie-mass-gainer-4kg-zaawansowane-wysokiej-kalorii-shake-bialka-z-glutaminy-140g-per-serving\/\" \/>\n<meta property=\"og:site_name\" content=\"JeaKen\" \/>\n<meta property=\"article:modified_time\" content=\"2022-08-09T13:42:31+00:00\" \/>\n<meta property=\"og:image\" content=\"https:\/\/jeaken.com\/wp-content\/uploads\/2022\/07\/1.png\" \/>\n\t<meta property=\"og:image:width\" content=\"600\" \/>\n\t<meta property=\"og:image:height\" content=\"600\" \/>\n\t<meta property=\"og:image:type\" content=\"image\/png\" \/>\n<meta name=\"twitter:card\" content=\"summary_large_image\" \/>\n<meta name=\"twitter:label1\" content=\"Est. reading time\" \/>\n\t<meta name=\"twitter:data1\" content=\"1 minute\" \/>\n<script type=\"application\/ld+json\" class=\"yoast-schema-graph\">{\"@context\":\"https:\/\/schema.org\",\"@graph\":[{\"@type\":\"WebPage\",\"@id\":\"https:\/\/jeaken.com\/pl\/produkt\/high-calorie-mass-gainer-4kg-zaawansowane-wysokiej-kalorii-shake-bialka-z-glutaminy-140g-per-serving\/\",\"url\":\"https:\/\/jeaken.com\/pl\/produkt\/high-calorie-mass-gainer-4kg-zaawansowane-wysokiej-kalorii-shake-bialka-z-glutaminy-140g-per-serving\/\",\"name\":\"High Calorie Mass Gainer - 4Kg Zaawansowane wysokiej kalorii Shake bia\u0142ka z Glutaminy - (140g Per Serving) - JeaKen\",\"isPartOf\":{\"@id\":\"https:\/\/jeaken.com\/pl\/#website\"},\"primaryImageOfPage\":{\"@id\":\"https:\/\/jeaken.com\/pl\/produkt\/high-calorie-mass-gainer-4kg-zaawansowane-wysokiej-kalorii-shake-bialka-z-glutaminy-140g-per-serving\/#primaryimage\"},\"image\":{\"@id\":\"https:\/\/jeaken.com\/pl\/produkt\/high-calorie-mass-gainer-4kg-zaawansowane-wysokiej-kalorii-shake-bialka-z-glutaminy-140g-per-serving\/#primaryimage\"},\"thumbnailUrl\":\"https:\/\/jeaken.com\/wp-content\/uploads\/2022\/07\/1.png\",\"datePublished\":\"2022-07-21T18:18:22+00:00\",\"dateModified\":\"2022-08-09T13:42:31+00:00\",\"breadcrumb\":{\"@id\":\"https:\/\/jeaken.com\/pl\/produkt\/high-calorie-mass-gainer-4kg-zaawansowane-wysokiej-kalorii-shake-bialka-z-glutaminy-140g-per-serving\/#breadcrumb\"},\"inLanguage\":\"pl-PL\",\"potentialAction\":[{\"@type\":\"ReadAction\",\"target\":[\"https:\/\/jeaken.com\/pl\/produkt\/high-calorie-mass-gainer-4kg-zaawansowane-wysokiej-kalorii-shake-bialka-z-glutaminy-140g-per-serving\/\"]}]},{\"@type\":\"ImageObject\",\"inLanguage\":\"pl-PL\",\"@id\":\"https:\/\/jeaken.com\/pl\/produkt\/high-calorie-mass-gainer-4kg-zaawansowane-wysokiej-kalorii-shake-bialka-z-glutaminy-140g-per-serving\/#primaryimage\",\"url\":\"https:\/\/jeaken.com\/wp-content\/uploads\/2022\/07\/1.png\",\"contentUrl\":\"https:\/\/jeaken.com\/wp-content\/uploads\/2022\/07\/1.png\",\"width\":600,\"height\":600,\"caption\":\"High Calorie Mass Gainer - 4Kg Advanced High Calorie Protein Shake with Glutamine )\"},{\"@type\":\"BreadcrumbList\",\"@id\":\"https:\/\/jeaken.com\/pl\/produkt\/high-calorie-mass-gainer-4kg-zaawansowane-wysokiej-kalorii-shake-bialka-z-glutaminy-140g-per-serving\/#breadcrumb\",\"itemListElement\":[{\"@type\":\"ListItem\",\"position\":1,\"name\":\"Home\",\"item\":\"https:\/\/jeaken.com\/pl\/\"},{\"@type\":\"ListItem\",\"position\":2,\"name\":\"Private: Shop\",\"item\":\"https:\/\/jeaken.com\/shop\/\"},{\"@type\":\"ListItem\",\"position\":3,\"name\":\"High Calorie Mass Gainer &#8211; 4Kg Zaawansowane wysokiej kalorii Shake bia\u0142ka z Glutaminy &#8211; (140g Per Serving)\"}]},{\"@type\":\"WebSite\",\"@id\":\"https:\/\/jeaken.com\/pl\/#website\",\"url\":\"https:\/\/jeaken.com\/pl\/\",\"name\":\"JeaKen\",\"description\":\"Organic Supplements for Health, Fitness and Nutrition\",\"publisher\":{\"@id\":\"https:\/\/jeaken.com\/pl\/#organization\"},\"potentialAction\":[{\"@type\":\"SearchAction\",\"target\":{\"@type\":\"EntryPoint\",\"urlTemplate\":\"https:\/\/jeaken.com\/pl\/?s={search_term_string}\"},\"query-input\":\"required name=search_term_string\"}],\"inLanguage\":\"pl-PL\"},{\"@type\":\"Organization\",\"@id\":\"https:\/\/jeaken.com\/pl\/#organization\",\"name\":\"JeaKen\",\"url\":\"https:\/\/jeaken.com\/pl\/\",\"logo\":{\"@type\":\"ImageObject\",\"inLanguage\":\"pl-PL\",\"@id\":\"https:\/\/jeaken.com\/pl\/#\/schema\/logo\/image\/\",\"url\":\"https:\/\/jeaken.com\/wp-content\/uploads\/2022\/06\/jeaken-logo-23.png\",\"contentUrl\":\"https:\/\/jeaken.com\/wp-content\/uploads\/2022\/06\/jeaken-logo-23.png\",\"width\":2486,\"height\":736,\"caption\":\"JeaKen\"},\"image\":{\"@id\":\"https:\/\/jeaken.com\/pl\/#\/schema\/logo\/image\/\"}}]}<\/script>\n<!-- \/ Yoast SEO plugin. -->","yoast_head_json":{"title":"High Calorie Mass Gainer - 4Kg Zaawansowane wysokiej kalorii Shake bia\u0142ka z Glutaminy - (140g Per Serving) - JeaKen","robots":{"index":"index","follow":"follow","max-snippet":"max-snippet:-1","max-image-preview":"max-image-preview:large","max-video-preview":"max-video-preview:-1"},"canonical":"https:\/\/jeaken.com\/pl\/produkt\/high-calorie-mass-gainer-4kg-zaawansowane-wysokiej-kalorii-shake-bialka-z-glutaminy-140g-per-serving\/","og_locale":"pl_PL","og_type":"article","og_title":"High Calorie Mass Gainer - 4Kg Zaawansowane wysokiej kalorii Shake bia\u0142ka z Glutaminy - (140g Per Serving) - JeaKen","og_description":"Budowanie mi\u0119\u015bni i przyrost masy cia\u0142a - 517Kcal - 85g w\u0119glowodan\u00f3w - 34g wysokobia\u0142kowe - 7g b\u0142onnika - 28 porcji &nbsp;","og_url":"https:\/\/jeaken.com\/pl\/produkt\/high-calorie-mass-gainer-4kg-zaawansowane-wysokiej-kalorii-shake-bialka-z-glutaminy-140g-per-serving\/","og_site_name":"JeaKen","article_modified_time":"2022-08-09T13:42:31+00:00","og_image":[{"width":600,"height":600,"url":"https:\/\/jeaken.com\/wp-content\/uploads\/2022\/07\/1.png","type":"image\/png"}],"twitter_card":"summary_large_image","twitter_misc":{"Est. reading time":"1 minute"},"schema":{"@context":"https:\/\/schema.org","@graph":[{"@type":"WebPage","@id":"https:\/\/jeaken.com\/pl\/produkt\/high-calorie-mass-gainer-4kg-zaawansowane-wysokiej-kalorii-shake-bialka-z-glutaminy-140g-per-serving\/","url":"https:\/\/jeaken.com\/pl\/produkt\/high-calorie-mass-gainer-4kg-zaawansowane-wysokiej-kalorii-shake-bialka-z-glutaminy-140g-per-serving\/","name":"High Calorie Mass Gainer - 4Kg Zaawansowane wysokiej kalorii Shake bia\u0142ka z Glutaminy - (140g Per Serving) - JeaKen","isPartOf":{"@id":"https:\/\/jeaken.com\/pl\/#website"},"primaryImageOfPage":{"@id":"https:\/\/jeaken.com\/pl\/produkt\/high-calorie-mass-gainer-4kg-zaawansowane-wysokiej-kalorii-shake-bialka-z-glutaminy-140g-per-serving\/#primaryimage"},"image":{"@id":"https:\/\/jeaken.com\/pl\/produkt\/high-calorie-mass-gainer-4kg-zaawansowane-wysokiej-kalorii-shake-bialka-z-glutaminy-140g-per-serving\/#primaryimage"},"thumbnailUrl":"https:\/\/jeaken.com\/wp-content\/uploads\/2022\/07\/1.png","datePublished":"2022-07-21T18:18:22+00:00","dateModified":"2022-08-09T13:42:31+00:00","breadcrumb":{"@id":"https:\/\/jeaken.com\/pl\/produkt\/high-calorie-mass-gainer-4kg-zaawansowane-wysokiej-kalorii-shake-bialka-z-glutaminy-140g-per-serving\/#breadcrumb"},"inLanguage":"pl-PL","potentialAction":[{"@type":"ReadAction","target":["https:\/\/jeaken.com\/pl\/produkt\/high-calorie-mass-gainer-4kg-zaawansowane-wysokiej-kalorii-shake-bialka-z-glutaminy-140g-per-serving\/"]}]},{"@type":"ImageObject","inLanguage":"pl-PL","@id":"https:\/\/jeaken.com\/pl\/produkt\/high-calorie-mass-gainer-4kg-zaawansowane-wysokiej-kalorii-shake-bialka-z-glutaminy-140g-per-serving\/#primaryimage","url":"https:\/\/jeaken.com\/wp-content\/uploads\/2022\/07\/1.png","contentUrl":"https:\/\/jeaken.com\/wp-content\/uploads\/2022\/07\/1.png","width":600,"height":600,"caption":"High Calorie Mass Gainer - 4Kg Advanced High Calorie Protein Shake with Glutamine )"},{"@type":"BreadcrumbList","@id":"https:\/\/jeaken.com\/pl\/produkt\/high-calorie-mass-gainer-4kg-zaawansowane-wysokiej-kalorii-shake-bialka-z-glutaminy-140g-per-serving\/#breadcrumb","itemListElement":[{"@type":"ListItem","position":1,"name":"Home","item":"https:\/\/jeaken.com\/pl\/"},{"@type":"ListItem","position":2,"name":"Private: Shop","item":"https:\/\/jeaken.com\/shop\/"},{"@type":"ListItem","position":3,"name":"High Calorie Mass Gainer &#8211; 4Kg Zaawansowane wysokiej kalorii Shake bia\u0142ka z Glutaminy &#8211; (140g Per Serving)"}]},{"@type":"WebSite","@id":"https:\/\/jeaken.com\/pl\/#website","url":"https:\/\/jeaken.com\/pl\/","name":"JeaKen","description":"Organic Supplements for Health, Fitness and Nutrition","publisher":{"@id":"https:\/\/jeaken.com\/pl\/#organization"},"potentialAction":[{"@type":"SearchAction","target":{"@type":"EntryPoint","urlTemplate":"https:\/\/jeaken.com\/pl\/?s={search_term_string}"},"query-input":"required name=search_term_string"}],"inLanguage":"pl-PL"},{"@type":"Organization","@id":"https:\/\/jeaken.com\/pl\/#organization","name":"JeaKen","url":"https:\/\/jeaken.com\/pl\/","logo":{"@type":"ImageObject","inLanguage":"pl-PL","@id":"https:\/\/jeaken.com\/pl\/#\/schema\/logo\/image\/","url":"https:\/\/jeaken.com\/wp-content\/uploads\/2022\/06\/jeaken-logo-23.png","contentUrl":"https:\/\/jeaken.com\/wp-content\/uploads\/2022\/06\/jeaken-logo-23.png","width":2486,"height":736,"caption":"JeaKen"},"image":{"@id":"https:\/\/jeaken.com\/pl\/#\/schema\/logo\/image\/"}}]}},"jetpack_sharing_enabled":true,"_links":{"self":[{"href":"https:\/\/jeaken.com\/pl\/wp-json\/wp\/v2\/product\/6798","targetHints":{"allow":["GET"]}}],"collection":[{"href":"https:\/\/jeaken.com\/pl\/wp-json\/wp\/v2\/product"}],"about":[{"href":"https:\/\/jeaken.com\/pl\/wp-json\/wp\/v2\/types\/product"}],"wp:featuredmedia":[{"embeddable":true,"href":"https:\/\/jeaken.com\/pl\/wp-json\/wp\/v2\/media\/2783"}],"wp:attachment":[{"href":"https:\/\/jeaken.com\/pl\/wp-json\/wp\/v2\/media?parent=6798"}],"wp:term":[{"taxonomy":"product_cat","embeddable":true,"href":"https:\/\/jeaken.com\/pl\/wp-json\/wp\/v2\/product_cat?post=6798"},{"taxonomy":"product_tag","embeddable":true,"href":"https:\/\/jeaken.com\/pl\/wp-json\/wp\/v2\/product_tag?post=6798"}],"curies":[{"name":"wp","href":"https:\/\/api.w.org\/{rel}","templated":true}]}}