{"id":6797,"date":"2022-07-21T19:18:22","date_gmt":"2022-07-21T18:18:22","guid":{"rendered":"https:\/1658920591610?product=probiotyki-z-prebiotykami"},"modified":"2022-09-08T13:57:55","modified_gmt":"2022-09-08T12:57:55","slug":"probiotyki-z-prebiotykami","status":"publish","type":"product","link":"https:\/\/jeaken.com\/pl\/produkt\/probiotyki-z-prebiotykami\/","title":{"rendered":"Probiotyki z prebiotykami"},"content":{"rendered":"<p><strong><span class=\"a-list-item a-size-base\">23 aktywne szczepy z 40 miliardami CFU<\/span><\/strong><\/p>\n<p><span class=\"a-list-item a-size-base\">Oferujemy jedyny kompleks bio kultur z 23 szczepami, kt\u00f3re ciesz\u0105 si\u0119 du\u017cym uznaniem i pomagaj\u0105 w utrzymaniu zdrowego uk\u0142adu pokarmowego.  <\/span><\/p>\n<p>&nbsp;<\/p>\n<p><strong><span class=\"a-list-item a-size-base\">PRZETRWA\u0106 PRZEZ KWASOWO\u015a\u0106 \u017bO\u0141\u0104DKA  <\/span><\/strong><\/p>\n<p><span class=\"a-list-item a-size-base\">  Saccharomyces boullardii jest jednym z najlepiej uzasadnionych , dobrze przebadanym, uznanym na ca\u0142ym \u015bwiecie szczepem, udowodnionym, \u017ce potrafi przetrwa\u0107 przez kwasowo\u015b\u0107 \u017co\u0142\u0105dka, by dotrze\u0107 do jelit \u017cywy.<\/span><\/p>\n<p>&nbsp;<\/p>\n<p><strong><span class=\"a-list-item a-size-base\">WZBOGACONY O PREBIOTYK  <\/span><\/strong><\/p>\n<p><span class=\"a-list-item a-size-base\">W przeciwie\u0144stwie do innych marek, nasze<\/span><span class=\"a-list-item a-size-base\">  formu\u0142a premium zawiera dodatek Inuliny (Fructo-Oligosaccharide) znanego prebiotyku o wysokiej zawarto\u015bci b\u0142onnika w proszku. Eliminujemy konieczno\u015b\u0107 przyjmowania wielu suplement\u00f3w, po\u0142\u0105czyli\u015bmy wszystko w jednym!<\/span><\/p>\n<p>&nbsp;<\/p>\n<p><strong>OFERUJE WIELE KORZY\u015aCI ZDROWOTNYCH<\/strong><\/p>\n<p class=\"a-spacing-base\">Ka\u017cda z naszych formu\u0142 premium jest tworzona przez zesp\u00f3\u0142 do\u015bwiadczonych specjalist\u00f3w, aby zapewni\u0107 osi\u0105gni\u0119cie najwi\u0119kszych korzy\u015bci. <span style=\"font-size: 16px;\">Nale\u017c\u0105<\/span> do nich lepsze<span style=\"font-size: 16px;\">zdrowie uk\u0142adu pokarmowego, n<\/span><span style=\"font-size: 16px;\">aturalnej r\u00f3wnowagi. poprawa zdrowia uk\u0142adu odporno\u015bciowego, zwi\u0119kszona absorpcja sk\u0142adnik\u00f3w od\u017cywczych, redukcja wzd\u0119\u0107, utrata wagi, zmniejszenie zm\u0119czenia i poprawa nastroju.<\/span><\/p>\n<div class=\"amp-centerthirdcol-listbox\">\n<div class=\"a-box a-spacing-small a-color-alternate-background apm-listbox amp-centerthirdcol-listbox\">\n<div class=\"a-box-inner\"><\/div>\n<\/div>\n<\/div>\n<p>&nbsp;<\/p>\n<p><strong>WYKONANE Z NATURALNYCH SK\u0141ADNIK\u00d3W<\/strong><\/p>\n<p>Nasze przyjazne dla wegan kapsu\u0142ki s\u0105 w 100% czyste i naturalne ze sk\u0142adnik\u00f3w niemodyfikowanych genetycznie<\/p>\n<p>&nbsp;<\/p>\n","protected":false},"excerpt":{"rendered":"<p class=\"a-spacing-small a-size-small a-color-secondary\"><strong>40 mld CFU zaawansowanych kultur biologicznych dla z\u0142agodzenia wzd\u0119\u0107 i zdrowia jelit  <\/strong><\/p>\n<h4 class=\"a-spacing-small a-size-small a-color-secondary\"><\/h4>\n","protected":false},"featured_media":15809,"template":"","meta":{"site-sidebar-layout":"default","site-content-layout":"default","ast-site-content-layout":"default","site-content-style":"default","site-sidebar-style":"default","ast-global-header-display":"","ast-banner-title-visibility":"","ast-main-header-display":"","ast-hfb-above-header-display":"","ast-hfb-below-header-display":"","ast-hfb-mobile-header-display":"","site-post-title":"","ast-breadcrumbs-content":"","ast-featured-img":"","footer-sml-layout":"","theme-transparent-header-meta":"default","adv-header-id-meta":"","stick-header-meta":"default","header-above-stick-meta":"","header-main-stick-meta":"","header-below-stick-meta":"","astra-migrate-meta-layouts":"default","ast-page-background-enabled":"default","ast-page-background-meta":{"desktop":{"background-color":"","background-image":"","background-repeat":"repeat","background-position":"center center","background-size":"auto","background-attachment":"scroll","background-type":"","background-media":"","overlay-type":"","overlay-color":"","overlay-opacity":"","overlay-gradient":""},"tablet":{"background-color":"","background-image":"","background-repeat":"repeat","background-position":"center center","background-size":"auto","background-attachment":"scroll","background-type":"","background-media":"","overlay-type":"","overlay-color":"","overlay-opacity":"","overlay-gradient":""},"mobile":{"background-color":"","background-image":"","background-repeat":"repeat","background-position":"center center","background-size":"auto","background-attachment":"scroll","background-type":"","background-media":"","overlay-type":"","overlay-color":"","overlay-opacity":"","overlay-gradient":""}},"ast-content-background-meta":{"desktop":{"background-color":"var(--ast-global-color-5)","background-image":"","background-repeat":"repeat","background-position":"center center","background-size":"auto","background-attachment":"scroll","background-type":"","background-media":"","overlay-type":"","overlay-color":"","overlay-opacity":"","overlay-gradient":""},"tablet":{"background-color":"var(--ast-global-color-5)","background-image":"","background-repeat":"repeat","background-position":"center center","background-size":"auto","background-attachment":"scroll","background-type":"","background-media":"","overlay-type":"","overlay-color":"","overlay-opacity":"","overlay-gradient":""},"mobile":{"background-color":"var(--ast-global-color-5)","background-image":"","background-repeat":"repeat","background-position":"center center","background-size":"auto","background-attachment":"scroll","background-type":"","background-media":"","overlay-type":"","overlay-color":"","overlay-opacity":"","overlay-gradient":""}}},"product_cat":[671,669],"product_tag":[1693,1704,1699,1706,1708,1718,1722,1711,1726,1714,1696,1702],"class_list":{"0":"post-6797","1":"product","2":"type-product","3":"status-publish","4":"has-post-thumbnail","6":"product_cat-ulga-na-wzdecia","7":"product_cat-zdrowie-ukladu-pokarmowego","8":"product_tag-kapsulki-acidophilus","9":"product_tag-lactobacillus-rhamnosus-pl","10":"product_tag-leczenie-drozdzakow","11":"product_tag-prebiotyki-dla-doroslych","12":"product_tag-pro-biotics-kapsulki","13":"product_tag-probiotyki-dla-doroslych","14":"product_tag-probiotyki-dla-kobiet","15":"product_tag-suplement-probiotyczny","16":"product_tag-tabletki-na-plesniawki","17":"product_tag-tabletki-probiotyczne","18":"product_tag-ulga-w-wzdeciach","19":"product_tag-zdrowie-jelit","20":"has-subscription-plans","21":"desktop-align-left","22":"tablet-align-left","23":"mobile-align-left","25":"first","26":"instock","27":"sale","28":"taxable","29":"shipping-taxable","30":"purchasable","31":"product-type-simple"},"yoast_head":"<!-- This site is optimized with the Yoast SEO plugin v22.7 - https:\/\/yoast.com\/wordpress\/plugins\/seo\/ -->\n<title>Probiotyki z prebiotykami - JeaKen<\/title>\n<meta name=\"robots\" content=\"index, follow, max-snippet:-1, max-image-preview:large, max-video-preview:-1\" \/>\n<link rel=\"canonical\" href=\"https:\/\/jeaken.com\/pl\/produkt\/probiotyki-z-prebiotykami\/\" \/>\n<meta property=\"og:locale\" content=\"pl_PL\" \/>\n<meta property=\"og:type\" content=\"article\" \/>\n<meta property=\"og:title\" content=\"Probiotyki z prebiotykami - JeaKen\" \/>\n<meta property=\"og:description\" content=\"40 mld CFU zaawansowanych kultur biologicznych dla z\u0142agodzenia wzd\u0119\u0107 i zdrowia jelit\" \/>\n<meta property=\"og:url\" content=\"https:\/\/jeaken.com\/pl\/produkt\/probiotyki-z-prebiotykami\/\" \/>\n<meta property=\"og:site_name\" content=\"JeaKen\" \/>\n<meta property=\"article:modified_time\" content=\"2022-09-08T12:57:55+00:00\" \/>\n<meta property=\"og:image\" content=\"https:\/\/jeaken.com\/wp-content\/uploads\/2022\/07\/Probiotics-60-1.jpg\" \/>\n\t<meta property=\"og:image:width\" content=\"512\" \/>\n\t<meta property=\"og:image:height\" content=\"600\" \/>\n\t<meta property=\"og:image:type\" content=\"image\/jpeg\" \/>\n<meta name=\"twitter:card\" content=\"summary_large_image\" \/>\n<meta name=\"twitter:label1\" content=\"Est. reading time\" \/>\n\t<meta name=\"twitter:data1\" content=\"1 minute\" \/>\n<script type=\"application\/ld+json\" class=\"yoast-schema-graph\">{\"@context\":\"https:\/\/schema.org\",\"@graph\":[{\"@type\":\"WebPage\",\"@id\":\"https:\/\/jeaken.com\/pl\/produkt\/probiotyki-z-prebiotykami\/\",\"url\":\"https:\/\/jeaken.com\/pl\/produkt\/probiotyki-z-prebiotykami\/\",\"name\":\"Probiotyki z prebiotykami - JeaKen\",\"isPartOf\":{\"@id\":\"https:\/\/jeaken.com\/pl\/#website\"},\"primaryImageOfPage\":{\"@id\":\"https:\/\/jeaken.com\/pl\/produkt\/probiotyki-z-prebiotykami\/#primaryimage\"},\"image\":{\"@id\":\"https:\/\/jeaken.com\/pl\/produkt\/probiotyki-z-prebiotykami\/#primaryimage\"},\"thumbnailUrl\":\"https:\/\/jeaken.com\/wp-content\/uploads\/2022\/07\/Probiotics-60-1.jpg\",\"datePublished\":\"2022-07-21T18:18:22+00:00\",\"dateModified\":\"2022-09-08T12:57:55+00:00\",\"breadcrumb\":{\"@id\":\"https:\/\/jeaken.com\/pl\/produkt\/probiotyki-z-prebiotykami\/#breadcrumb\"},\"inLanguage\":\"pl-PL\",\"potentialAction\":[{\"@type\":\"ReadAction\",\"target\":[\"https:\/\/jeaken.com\/pl\/produkt\/probiotyki-z-prebiotykami\/\"]}]},{\"@type\":\"ImageObject\",\"inLanguage\":\"pl-PL\",\"@id\":\"https:\/\/jeaken.com\/pl\/produkt\/probiotyki-z-prebiotykami\/#primaryimage\",\"url\":\"https:\/\/jeaken.com\/wp-content\/uploads\/2022\/07\/Probiotics-60-1.jpg\",\"contentUrl\":\"https:\/\/jeaken.com\/wp-content\/uploads\/2022\/07\/Probiotics-60-1.jpg\",\"width\":512,\"height\":600,\"caption\":\"23 Strains Probiotics with Prebiotics\"},{\"@type\":\"BreadcrumbList\",\"@id\":\"https:\/\/jeaken.com\/pl\/produkt\/probiotyki-z-prebiotykami\/#breadcrumb\",\"itemListElement\":[{\"@type\":\"ListItem\",\"position\":1,\"name\":\"Home\",\"item\":\"https:\/\/jeaken.com\/pl\/\"},{\"@type\":\"ListItem\",\"position\":2,\"name\":\"Private: Shop\",\"item\":\"https:\/\/jeaken.com\/shop\/\"},{\"@type\":\"ListItem\",\"position\":3,\"name\":\"Probiotyki z prebiotykami\"}]},{\"@type\":\"WebSite\",\"@id\":\"https:\/\/jeaken.com\/pl\/#website\",\"url\":\"https:\/\/jeaken.com\/pl\/\",\"name\":\"JeaKen\",\"description\":\"Organic Supplements for Health, Fitness and Nutrition\",\"publisher\":{\"@id\":\"https:\/\/jeaken.com\/pl\/#organization\"},\"potentialAction\":[{\"@type\":\"SearchAction\",\"target\":{\"@type\":\"EntryPoint\",\"urlTemplate\":\"https:\/\/jeaken.com\/pl\/?s={search_term_string}\"},\"query-input\":\"required name=search_term_string\"}],\"inLanguage\":\"pl-PL\"},{\"@type\":\"Organization\",\"@id\":\"https:\/\/jeaken.com\/pl\/#organization\",\"name\":\"JeaKen\",\"url\":\"https:\/\/jeaken.com\/pl\/\",\"logo\":{\"@type\":\"ImageObject\",\"inLanguage\":\"pl-PL\",\"@id\":\"https:\/\/jeaken.com\/pl\/#\/schema\/logo\/image\/\",\"url\":\"https:\/\/jeaken.com\/wp-content\/uploads\/2022\/06\/jeaken-logo-23.png\",\"contentUrl\":\"https:\/\/jeaken.com\/wp-content\/uploads\/2022\/06\/jeaken-logo-23.png\",\"width\":2486,\"height\":736,\"caption\":\"JeaKen\"},\"image\":{\"@id\":\"https:\/\/jeaken.com\/pl\/#\/schema\/logo\/image\/\"}}]}<\/script>\n<!-- \/ Yoast SEO plugin. -->","yoast_head_json":{"title":"Probiotyki z prebiotykami - JeaKen","robots":{"index":"index","follow":"follow","max-snippet":"max-snippet:-1","max-image-preview":"max-image-preview:large","max-video-preview":"max-video-preview:-1"},"canonical":"https:\/\/jeaken.com\/pl\/produkt\/probiotyki-z-prebiotykami\/","og_locale":"pl_PL","og_type":"article","og_title":"Probiotyki z prebiotykami - JeaKen","og_description":"40 mld CFU zaawansowanych kultur biologicznych dla z\u0142agodzenia wzd\u0119\u0107 i zdrowia jelit","og_url":"https:\/\/jeaken.com\/pl\/produkt\/probiotyki-z-prebiotykami\/","og_site_name":"JeaKen","article_modified_time":"2022-09-08T12:57:55+00:00","og_image":[{"width":512,"height":600,"url":"https:\/\/jeaken.com\/wp-content\/uploads\/2022\/07\/Probiotics-60-1.jpg","type":"image\/jpeg"}],"twitter_card":"summary_large_image","twitter_misc":{"Est. reading time":"1 minute"},"schema":{"@context":"https:\/\/schema.org","@graph":[{"@type":"WebPage","@id":"https:\/\/jeaken.com\/pl\/produkt\/probiotyki-z-prebiotykami\/","url":"https:\/\/jeaken.com\/pl\/produkt\/probiotyki-z-prebiotykami\/","name":"Probiotyki z prebiotykami - JeaKen","isPartOf":{"@id":"https:\/\/jeaken.com\/pl\/#website"},"primaryImageOfPage":{"@id":"https:\/\/jeaken.com\/pl\/produkt\/probiotyki-z-prebiotykami\/#primaryimage"},"image":{"@id":"https:\/\/jeaken.com\/pl\/produkt\/probiotyki-z-prebiotykami\/#primaryimage"},"thumbnailUrl":"https:\/\/jeaken.com\/wp-content\/uploads\/2022\/07\/Probiotics-60-1.jpg","datePublished":"2022-07-21T18:18:22+00:00","dateModified":"2022-09-08T12:57:55+00:00","breadcrumb":{"@id":"https:\/\/jeaken.com\/pl\/produkt\/probiotyki-z-prebiotykami\/#breadcrumb"},"inLanguage":"pl-PL","potentialAction":[{"@type":"ReadAction","target":["https:\/\/jeaken.com\/pl\/produkt\/probiotyki-z-prebiotykami\/"]}]},{"@type":"ImageObject","inLanguage":"pl-PL","@id":"https:\/\/jeaken.com\/pl\/produkt\/probiotyki-z-prebiotykami\/#primaryimage","url":"https:\/\/jeaken.com\/wp-content\/uploads\/2022\/07\/Probiotics-60-1.jpg","contentUrl":"https:\/\/jeaken.com\/wp-content\/uploads\/2022\/07\/Probiotics-60-1.jpg","width":512,"height":600,"caption":"23 Strains Probiotics with Prebiotics"},{"@type":"BreadcrumbList","@id":"https:\/\/jeaken.com\/pl\/produkt\/probiotyki-z-prebiotykami\/#breadcrumb","itemListElement":[{"@type":"ListItem","position":1,"name":"Home","item":"https:\/\/jeaken.com\/pl\/"},{"@type":"ListItem","position":2,"name":"Private: Shop","item":"https:\/\/jeaken.com\/shop\/"},{"@type":"ListItem","position":3,"name":"Probiotyki z prebiotykami"}]},{"@type":"WebSite","@id":"https:\/\/jeaken.com\/pl\/#website","url":"https:\/\/jeaken.com\/pl\/","name":"JeaKen","description":"Organic Supplements for Health, Fitness and Nutrition","publisher":{"@id":"https:\/\/jeaken.com\/pl\/#organization"},"potentialAction":[{"@type":"SearchAction","target":{"@type":"EntryPoint","urlTemplate":"https:\/\/jeaken.com\/pl\/?s={search_term_string}"},"query-input":"required name=search_term_string"}],"inLanguage":"pl-PL"},{"@type":"Organization","@id":"https:\/\/jeaken.com\/pl\/#organization","name":"JeaKen","url":"https:\/\/jeaken.com\/pl\/","logo":{"@type":"ImageObject","inLanguage":"pl-PL","@id":"https:\/\/jeaken.com\/pl\/#\/schema\/logo\/image\/","url":"https:\/\/jeaken.com\/wp-content\/uploads\/2022\/06\/jeaken-logo-23.png","contentUrl":"https:\/\/jeaken.com\/wp-content\/uploads\/2022\/06\/jeaken-logo-23.png","width":2486,"height":736,"caption":"JeaKen"},"image":{"@id":"https:\/\/jeaken.com\/pl\/#\/schema\/logo\/image\/"}}]}},"jetpack_sharing_enabled":true,"_links":{"self":[{"href":"https:\/\/jeaken.com\/pl\/wp-json\/wp\/v2\/product\/6797","targetHints":{"allow":["GET"]}}],"collection":[{"href":"https:\/\/jeaken.com\/pl\/wp-json\/wp\/v2\/product"}],"about":[{"href":"https:\/\/jeaken.com\/pl\/wp-json\/wp\/v2\/types\/product"}],"wp:featuredmedia":[{"embeddable":true,"href":"https:\/\/jeaken.com\/pl\/wp-json\/wp\/v2\/media\/15809"}],"wp:attachment":[{"href":"https:\/\/jeaken.com\/pl\/wp-json\/wp\/v2\/media?parent=6797"}],"wp:term":[{"taxonomy":"product_cat","embeddable":true,"href":"https:\/\/jeaken.com\/pl\/wp-json\/wp\/v2\/product_cat?post=6797"},{"taxonomy":"product_tag","embeddable":true,"href":"https:\/\/jeaken.com\/pl\/wp-json\/wp\/v2\/product_tag?post=6797"}],"curies":[{"name":"wp","href":"https:\/\/api.w.org\/{rel}","templated":true}]}}