{"id":6786,"date":"2022-07-21T19:18:22","date_gmt":"2022-07-21T18:18:22","guid":{"rendered":"https:\/1658920591610?product=balsam-do-usuwania-rozstepow-wzbogacony-o-olejki-eteryczne-i-ekstrakty-ktore-redukuja-blizny-i-rozstepy-50ml"},"modified":"2022-08-09T14:41:57","modified_gmt":"2022-08-09T13:41:57","slug":"balsam-do-usuwania-rozstepow-wzbogacony-o-olejki-eteryczne-i-ekstrakty-ktore-redukuja-blizny-i-rozstepy-50ml","status":"publish","type":"product","link":"https:\/\/jeaken.com\/pl\/produkt\/balsam-do-usuwania-rozstepow-wzbogacony-o-olejki-eteryczne-i-ekstrakty-ktore-redukuja-blizny-i-rozstepy-50ml\/","title":{"rendered":"Balsam do usuwania rozst\u0119p\u00f3w &#8211; wzbogacony o olejki eteryczne i ekstrakty, kt\u00f3re redukuj\u0105 blizny i rozst\u0119py. 50ml"},"content":{"rendered":"<p><strong><span class=\"a-list-item\">OFERUJE WIELE KORZY\u015aCI<\/span><\/strong><\/p>\n<p><span class=\"a-list-item\">Zaprojektowany do leczenia rozst\u0119p\u00f3w przed i po urodzeniu, ten silny balsam tonizuje i napina, jednocze\u015bnie wspieraj\u0105c regeneracj\u0119 kom\u00f3rek i zwi\u0119kszaj\u0105c elastyczno\u015b\u0107 sk\u00f3ry.<\/span><\/p>\n<p><strong><span class=\"a-list-item\">ROZJA\u015aNIA I USUWA BLIZNY  <\/span><\/strong><\/p>\n<p><span class=\"a-list-item\">Nasze wyj\u0105tkowe serum jest odpowiednie dla wszystkich typ\u00f3w sk\u00f3ry i kobiet w ci\u0105\u017cy i pomaga poprawi\u0107 wygl\u0105d nowych i starych blizn, rozst\u0119p\u00f3w i nier\u00f3wnego kolorytu sk\u00f3ry.<\/span><\/p>\n<p><strong><span class=\"a-list-item\">ZAWIERA NATURALNE SK\u0141ADNIKI  <\/span><\/strong><\/p>\n<p><span class=\"a-list-item\">Ten delikatny balsam do cia\u0142a zawiera szereg ekstrakt\u00f3w owocowych i olejk\u00f3w eterycznych, kt\u00f3re dzia\u0142aj\u0105 na wiele sposob\u00f3w, aby zmi\u0119kczy\u0107 i zmniejszy\u0107 tkank\u0119 bliznowat\u0105 i rozst\u0119py.  <\/span><\/p>\n<p><strong><span class=\"a-list-item\">SZYBKO WCH\u0141ANIANY  <\/span><\/strong><\/p>\n<p><span class=\"a-list-item\">Po\u0142\u0105czyli\u015bmy najmilsze olejki eteryczne i ekstrakty, aby stworzy\u0107 delikatny balsam, kt\u00f3ry szybko wch\u0142ania si\u0119 w sk\u00f3r\u0119.<\/span><\/p>\n<p>&nbsp;<\/p>\n","protected":false},"excerpt":{"rendered":"<h4 id=\"title\" class=\"a-size-large a-spacing-none\"><span id=\"productTitle\" class=\"a-size-large product-title-word-break\">Delikatna i naturalna formu\u0142a, kt\u00f3ra poprawia wygl\u0105d niechcianych wyprysk\u00f3w sk\u00f3rnych.<\/span><\/h4>\n<h4 class=\"a-size-large a-spacing-none\"><\/h4>\n","protected":false},"featured_media":5211,"template":"","meta":{"site-sidebar-layout":"default","site-content-layout":"default","ast-site-content-layout":"default","site-content-style":"default","site-sidebar-style":"default","ast-global-header-display":"","ast-banner-title-visibility":"","ast-main-header-display":"","ast-hfb-above-header-display":"","ast-hfb-below-header-display":"","ast-hfb-mobile-header-display":"","site-post-title":"","ast-breadcrumbs-content":"","ast-featured-img":"","footer-sml-layout":"","theme-transparent-header-meta":"default","adv-header-id-meta":"","stick-header-meta":"default","header-above-stick-meta":"","header-main-stick-meta":"","header-below-stick-meta":"","astra-migrate-meta-layouts":"default","ast-page-background-enabled":"default","ast-page-background-meta":{"desktop":{"background-color":"","background-image":"","background-repeat":"repeat","background-position":"center center","background-size":"auto","background-attachment":"scroll","background-type":"","background-media":"","overlay-type":"","overlay-color":"","overlay-opacity":"","overlay-gradient":""},"tablet":{"background-color":"","background-image":"","background-repeat":"repeat","background-position":"center center","background-size":"auto","background-attachment":"scroll","background-type":"","background-media":"","overlay-type":"","overlay-color":"","overlay-opacity":"","overlay-gradient":""},"mobile":{"background-color":"","background-image":"","background-repeat":"repeat","background-position":"center center","background-size":"auto","background-attachment":"scroll","background-type":"","background-media":"","overlay-type":"","overlay-color":"","overlay-opacity":"","overlay-gradient":""}},"ast-content-background-meta":{"desktop":{"background-color":"var(--ast-global-color-5)","background-image":"","background-repeat":"repeat","background-position":"center center","background-size":"auto","background-attachment":"scroll","background-type":"","background-media":"","overlay-type":"","overlay-color":"","overlay-opacity":"","overlay-gradient":""},"tablet":{"background-color":"var(--ast-global-color-5)","background-image":"","background-repeat":"repeat","background-position":"center center","background-size":"auto","background-attachment":"scroll","background-type":"","background-media":"","overlay-type":"","overlay-color":"","overlay-opacity":"","overlay-gradient":""},"mobile":{"background-color":"var(--ast-global-color-5)","background-image":"","background-repeat":"repeat","background-position":"center center","background-size":"auto","background-attachment":"scroll","background-type":"","background-media":"","overlay-type":"","overlay-color":"","overlay-opacity":"","overlay-gradient":""}}},"product_cat":[542,575,635],"product_tag":[],"class_list":{"0":"post-6786","1":"product","2":"type-product","3":"status-publish","4":"has-post-thumbnail","6":"product_cat-mineraly","7":"product_cat-naturalne-piekno","8":"product_cat-rozstepy-i-cellulit","9":"has-subscription-plans","10":"desktop-align-left","11":"tablet-align-left","12":"mobile-align-left","14":"first","15":"instock","16":"taxable","17":"shipping-taxable","18":"purchasable","19":"product-type-simple"},"yoast_head":"<!-- This site is optimized with the Yoast SEO plugin v22.7 - https:\/\/yoast.com\/wordpress\/plugins\/seo\/ -->\n<title>Balsam do usuwania rozst\u0119p\u00f3w - wzbogacony o olejki eteryczne i ekstrakty, kt\u00f3re redukuj\u0105 blizny i rozst\u0119py. 50ml - JeaKen<\/title>\n<meta name=\"robots\" content=\"index, follow, max-snippet:-1, max-image-preview:large, max-video-preview:-1\" \/>\n<link rel=\"canonical\" href=\"https:\/\/jeaken.com\/pl\/produkt\/balsam-do-usuwania-rozstepow-wzbogacony-o-olejki-eteryczne-i-ekstrakty-ktore-redukuja-blizny-i-rozstepy-50ml\/\" \/>\n<meta property=\"og:locale\" content=\"pl_PL\" \/>\n<meta property=\"og:type\" content=\"article\" \/>\n<meta property=\"og:title\" content=\"Balsam do usuwania rozst\u0119p\u00f3w - wzbogacony o olejki eteryczne i ekstrakty, kt\u00f3re redukuj\u0105 blizny i rozst\u0119py. 50ml - JeaKen\" \/>\n<meta property=\"og:description\" content=\"Delikatna i naturalna formu\u0142a, kt\u00f3ra poprawia wygl\u0105d niechcianych wyprysk\u00f3w sk\u00f3rnych.\" \/>\n<meta property=\"og:url\" content=\"https:\/\/jeaken.com\/pl\/produkt\/balsam-do-usuwania-rozstepow-wzbogacony-o-olejki-eteryczne-i-ekstrakty-ktore-redukuja-blizny-i-rozstepy-50ml\/\" \/>\n<meta property=\"og:site_name\" content=\"JeaKen\" \/>\n<meta property=\"article:modified_time\" content=\"2022-08-09T13:41:57+00:00\" \/>\n<meta property=\"og:image\" content=\"https:\/\/jeaken.com\/wp-content\/uploads\/2022\/07\/81dxVnM0XyL._AC_SL1500_.jpg\" \/>\n\t<meta property=\"og:image:width\" content=\"600\" \/>\n\t<meta property=\"og:image:height\" content=\"600\" \/>\n\t<meta property=\"og:image:type\" content=\"image\/jpeg\" \/>\n<meta name=\"twitter:card\" content=\"summary_large_image\" \/>\n<meta name=\"twitter:label1\" content=\"Est. reading time\" \/>\n\t<meta name=\"twitter:data1\" content=\"1 minute\" \/>\n<script type=\"application\/ld+json\" class=\"yoast-schema-graph\">{\"@context\":\"https:\/\/schema.org\",\"@graph\":[{\"@type\":\"WebPage\",\"@id\":\"https:\/\/jeaken.com\/pl\/produkt\/balsam-do-usuwania-rozstepow-wzbogacony-o-olejki-eteryczne-i-ekstrakty-ktore-redukuja-blizny-i-rozstepy-50ml\/\",\"url\":\"https:\/\/jeaken.com\/pl\/produkt\/balsam-do-usuwania-rozstepow-wzbogacony-o-olejki-eteryczne-i-ekstrakty-ktore-redukuja-blizny-i-rozstepy-50ml\/\",\"name\":\"Balsam do usuwania rozst\u0119p\u00f3w - wzbogacony o olejki eteryczne i ekstrakty, kt\u00f3re redukuj\u0105 blizny i rozst\u0119py. 50ml - JeaKen\",\"isPartOf\":{\"@id\":\"https:\/\/jeaken.com\/pl\/#website\"},\"primaryImageOfPage\":{\"@id\":\"https:\/\/jeaken.com\/pl\/produkt\/balsam-do-usuwania-rozstepow-wzbogacony-o-olejki-eteryczne-i-ekstrakty-ktore-redukuja-blizny-i-rozstepy-50ml\/#primaryimage\"},\"image\":{\"@id\":\"https:\/\/jeaken.com\/pl\/produkt\/balsam-do-usuwania-rozstepow-wzbogacony-o-olejki-eteryczne-i-ekstrakty-ktore-redukuja-blizny-i-rozstepy-50ml\/#primaryimage\"},\"thumbnailUrl\":\"https:\/\/jeaken.com\/wp-content\/uploads\/2022\/07\/81dxVnM0XyL._AC_SL1500_.jpg\",\"datePublished\":\"2022-07-21T18:18:22+00:00\",\"dateModified\":\"2022-08-09T13:41:57+00:00\",\"breadcrumb\":{\"@id\":\"https:\/\/jeaken.com\/pl\/produkt\/balsam-do-usuwania-rozstepow-wzbogacony-o-olejki-eteryczne-i-ekstrakty-ktore-redukuja-blizny-i-rozstepy-50ml\/#breadcrumb\"},\"inLanguage\":\"pl-PL\",\"potentialAction\":[{\"@type\":\"ReadAction\",\"target\":[\"https:\/\/jeaken.com\/pl\/produkt\/balsam-do-usuwania-rozstepow-wzbogacony-o-olejki-eteryczne-i-ekstrakty-ktore-redukuja-blizny-i-rozstepy-50ml\/\"]}]},{\"@type\":\"ImageObject\",\"inLanguage\":\"pl-PL\",\"@id\":\"https:\/\/jeaken.com\/pl\/produkt\/balsam-do-usuwania-rozstepow-wzbogacony-o-olejki-eteryczne-i-ekstrakty-ktore-redukuja-blizny-i-rozstepy-50ml\/#primaryimage\",\"url\":\"https:\/\/jeaken.com\/wp-content\/uploads\/2022\/07\/81dxVnM0XyL._AC_SL1500_.jpg\",\"contentUrl\":\"https:\/\/jeaken.com\/wp-content\/uploads\/2022\/07\/81dxVnM0XyL._AC_SL1500_.jpg\",\"width\":600,\"height\":600,\"caption\":\"Stretch Mark Removal Lotion\"},{\"@type\":\"BreadcrumbList\",\"@id\":\"https:\/\/jeaken.com\/pl\/produkt\/balsam-do-usuwania-rozstepow-wzbogacony-o-olejki-eteryczne-i-ekstrakty-ktore-redukuja-blizny-i-rozstepy-50ml\/#breadcrumb\",\"itemListElement\":[{\"@type\":\"ListItem\",\"position\":1,\"name\":\"Home\",\"item\":\"https:\/\/jeaken.com\/pl\/\"},{\"@type\":\"ListItem\",\"position\":2,\"name\":\"Private: Shop\",\"item\":\"https:\/\/jeaken.com\/shop\/\"},{\"@type\":\"ListItem\",\"position\":3,\"name\":\"Balsam do usuwania rozst\u0119p\u00f3w &#8211; wzbogacony o olejki eteryczne i ekstrakty, kt\u00f3re redukuj\u0105 blizny i rozst\u0119py. 50ml\"}]},{\"@type\":\"WebSite\",\"@id\":\"https:\/\/jeaken.com\/pl\/#website\",\"url\":\"https:\/\/jeaken.com\/pl\/\",\"name\":\"JeaKen\",\"description\":\"Organic Supplements for Health, Fitness and Nutrition\",\"publisher\":{\"@id\":\"https:\/\/jeaken.com\/pl\/#organization\"},\"potentialAction\":[{\"@type\":\"SearchAction\",\"target\":{\"@type\":\"EntryPoint\",\"urlTemplate\":\"https:\/\/jeaken.com\/pl\/?s={search_term_string}\"},\"query-input\":\"required name=search_term_string\"}],\"inLanguage\":\"pl-PL\"},{\"@type\":\"Organization\",\"@id\":\"https:\/\/jeaken.com\/pl\/#organization\",\"name\":\"JeaKen\",\"url\":\"https:\/\/jeaken.com\/pl\/\",\"logo\":{\"@type\":\"ImageObject\",\"inLanguage\":\"pl-PL\",\"@id\":\"https:\/\/jeaken.com\/pl\/#\/schema\/logo\/image\/\",\"url\":\"https:\/\/jeaken.com\/wp-content\/uploads\/2022\/06\/jeaken-logo-23.png\",\"contentUrl\":\"https:\/\/jeaken.com\/wp-content\/uploads\/2022\/06\/jeaken-logo-23.png\",\"width\":2486,\"height\":736,\"caption\":\"JeaKen\"},\"image\":{\"@id\":\"https:\/\/jeaken.com\/pl\/#\/schema\/logo\/image\/\"}}]}<\/script>\n<!-- \/ Yoast SEO plugin. -->","yoast_head_json":{"title":"Balsam do usuwania rozst\u0119p\u00f3w - wzbogacony o olejki eteryczne i ekstrakty, kt\u00f3re redukuj\u0105 blizny i rozst\u0119py. 50ml - JeaKen","robots":{"index":"index","follow":"follow","max-snippet":"max-snippet:-1","max-image-preview":"max-image-preview:large","max-video-preview":"max-video-preview:-1"},"canonical":"https:\/\/jeaken.com\/pl\/produkt\/balsam-do-usuwania-rozstepow-wzbogacony-o-olejki-eteryczne-i-ekstrakty-ktore-redukuja-blizny-i-rozstepy-50ml\/","og_locale":"pl_PL","og_type":"article","og_title":"Balsam do usuwania rozst\u0119p\u00f3w - wzbogacony o olejki eteryczne i ekstrakty, kt\u00f3re redukuj\u0105 blizny i rozst\u0119py. 50ml - JeaKen","og_description":"Delikatna i naturalna formu\u0142a, kt\u00f3ra poprawia wygl\u0105d niechcianych wyprysk\u00f3w sk\u00f3rnych.","og_url":"https:\/\/jeaken.com\/pl\/produkt\/balsam-do-usuwania-rozstepow-wzbogacony-o-olejki-eteryczne-i-ekstrakty-ktore-redukuja-blizny-i-rozstepy-50ml\/","og_site_name":"JeaKen","article_modified_time":"2022-08-09T13:41:57+00:00","og_image":[{"width":600,"height":600,"url":"https:\/\/jeaken.com\/wp-content\/uploads\/2022\/07\/81dxVnM0XyL._AC_SL1500_.jpg","type":"image\/jpeg"}],"twitter_card":"summary_large_image","twitter_misc":{"Est. reading time":"1 minute"},"schema":{"@context":"https:\/\/schema.org","@graph":[{"@type":"WebPage","@id":"https:\/\/jeaken.com\/pl\/produkt\/balsam-do-usuwania-rozstepow-wzbogacony-o-olejki-eteryczne-i-ekstrakty-ktore-redukuja-blizny-i-rozstepy-50ml\/","url":"https:\/\/jeaken.com\/pl\/produkt\/balsam-do-usuwania-rozstepow-wzbogacony-o-olejki-eteryczne-i-ekstrakty-ktore-redukuja-blizny-i-rozstepy-50ml\/","name":"Balsam do usuwania rozst\u0119p\u00f3w - wzbogacony o olejki eteryczne i ekstrakty, kt\u00f3re redukuj\u0105 blizny i rozst\u0119py. 50ml - JeaKen","isPartOf":{"@id":"https:\/\/jeaken.com\/pl\/#website"},"primaryImageOfPage":{"@id":"https:\/\/jeaken.com\/pl\/produkt\/balsam-do-usuwania-rozstepow-wzbogacony-o-olejki-eteryczne-i-ekstrakty-ktore-redukuja-blizny-i-rozstepy-50ml\/#primaryimage"},"image":{"@id":"https:\/\/jeaken.com\/pl\/produkt\/balsam-do-usuwania-rozstepow-wzbogacony-o-olejki-eteryczne-i-ekstrakty-ktore-redukuja-blizny-i-rozstepy-50ml\/#primaryimage"},"thumbnailUrl":"https:\/\/jeaken.com\/wp-content\/uploads\/2022\/07\/81dxVnM0XyL._AC_SL1500_.jpg","datePublished":"2022-07-21T18:18:22+00:00","dateModified":"2022-08-09T13:41:57+00:00","breadcrumb":{"@id":"https:\/\/jeaken.com\/pl\/produkt\/balsam-do-usuwania-rozstepow-wzbogacony-o-olejki-eteryczne-i-ekstrakty-ktore-redukuja-blizny-i-rozstepy-50ml\/#breadcrumb"},"inLanguage":"pl-PL","potentialAction":[{"@type":"ReadAction","target":["https:\/\/jeaken.com\/pl\/produkt\/balsam-do-usuwania-rozstepow-wzbogacony-o-olejki-eteryczne-i-ekstrakty-ktore-redukuja-blizny-i-rozstepy-50ml\/"]}]},{"@type":"ImageObject","inLanguage":"pl-PL","@id":"https:\/\/jeaken.com\/pl\/produkt\/balsam-do-usuwania-rozstepow-wzbogacony-o-olejki-eteryczne-i-ekstrakty-ktore-redukuja-blizny-i-rozstepy-50ml\/#primaryimage","url":"https:\/\/jeaken.com\/wp-content\/uploads\/2022\/07\/81dxVnM0XyL._AC_SL1500_.jpg","contentUrl":"https:\/\/jeaken.com\/wp-content\/uploads\/2022\/07\/81dxVnM0XyL._AC_SL1500_.jpg","width":600,"height":600,"caption":"Stretch Mark Removal Lotion"},{"@type":"BreadcrumbList","@id":"https:\/\/jeaken.com\/pl\/produkt\/balsam-do-usuwania-rozstepow-wzbogacony-o-olejki-eteryczne-i-ekstrakty-ktore-redukuja-blizny-i-rozstepy-50ml\/#breadcrumb","itemListElement":[{"@type":"ListItem","position":1,"name":"Home","item":"https:\/\/jeaken.com\/pl\/"},{"@type":"ListItem","position":2,"name":"Private: Shop","item":"https:\/\/jeaken.com\/shop\/"},{"@type":"ListItem","position":3,"name":"Balsam do usuwania rozst\u0119p\u00f3w &#8211; wzbogacony o olejki eteryczne i ekstrakty, kt\u00f3re redukuj\u0105 blizny i rozst\u0119py. 50ml"}]},{"@type":"WebSite","@id":"https:\/\/jeaken.com\/pl\/#website","url":"https:\/\/jeaken.com\/pl\/","name":"JeaKen","description":"Organic Supplements for Health, Fitness and Nutrition","publisher":{"@id":"https:\/\/jeaken.com\/pl\/#organization"},"potentialAction":[{"@type":"SearchAction","target":{"@type":"EntryPoint","urlTemplate":"https:\/\/jeaken.com\/pl\/?s={search_term_string}"},"query-input":"required name=search_term_string"}],"inLanguage":"pl-PL"},{"@type":"Organization","@id":"https:\/\/jeaken.com\/pl\/#organization","name":"JeaKen","url":"https:\/\/jeaken.com\/pl\/","logo":{"@type":"ImageObject","inLanguage":"pl-PL","@id":"https:\/\/jeaken.com\/pl\/#\/schema\/logo\/image\/","url":"https:\/\/jeaken.com\/wp-content\/uploads\/2022\/06\/jeaken-logo-23.png","contentUrl":"https:\/\/jeaken.com\/wp-content\/uploads\/2022\/06\/jeaken-logo-23.png","width":2486,"height":736,"caption":"JeaKen"},"image":{"@id":"https:\/\/jeaken.com\/pl\/#\/schema\/logo\/image\/"}}]}},"jetpack_sharing_enabled":true,"_links":{"self":[{"href":"https:\/\/jeaken.com\/pl\/wp-json\/wp\/v2\/product\/6786","targetHints":{"allow":["GET"]}}],"collection":[{"href":"https:\/\/jeaken.com\/pl\/wp-json\/wp\/v2\/product"}],"about":[{"href":"https:\/\/jeaken.com\/pl\/wp-json\/wp\/v2\/types\/product"}],"wp:featuredmedia":[{"embeddable":true,"href":"https:\/\/jeaken.com\/pl\/wp-json\/wp\/v2\/media\/5211"}],"wp:attachment":[{"href":"https:\/\/jeaken.com\/pl\/wp-json\/wp\/v2\/media?parent=6786"}],"wp:term":[{"taxonomy":"product_cat","embeddable":true,"href":"https:\/\/jeaken.com\/pl\/wp-json\/wp\/v2\/product_cat?post=6786"},{"taxonomy":"product_tag","embeddable":true,"href":"https:\/\/jeaken.com\/pl\/wp-json\/wp\/v2\/product_tag?post=6786"}],"curies":[{"name":"wp","href":"https:\/\/api.w.org\/{rel}","templated":true}]}}