{"id":6785,"date":"2022-07-21T19:18:22","date_gmt":"2022-07-21T18:18:22","guid":{"rendered":"https:\/1658920591610?product=wysoko-przyswajalna-witamina-d-softgels-wzbogacona-o-oliwe-z-oliwek-dla-zdrowych-kosci-zebow-i-funkcjonowania-ukladu-odpornosciowego"},"modified":"2022-08-09T14:41:57","modified_gmt":"2022-08-09T13:41:57","slug":"wysoko-przyswajalna-witamina-d-softgels-wzbogacona-o-oliwe-z-oliwek-dla-zdrowych-kosci-zebow-i-funkcjonowania-ukladu-odpornosciowego","status":"publish","type":"product","link":"https:\/\/jeaken.com\/pl\/produkt\/wysoko-przyswajalna-witamina-d-softgels-wzbogacona-o-oliwe-z-oliwek-dla-zdrowych-kosci-zebow-i-funkcjonowania-ukladu-odpornosciowego\/","title":{"rendered":"Wysoko przyswajalna witamina D Softgels &#8211; wzbogacona o oliw\u0119 z oliwek dla zdrowych ko\u015bci, z\u0119b\u00f3w i funkcjonowania uk\u0142adu odporno\u015bciowego."},"content":{"rendered":"<p><span style=\"font-weight: 400;\"><strong>WITAMINA D3 O WYSOKIEJ POTENCJI<\/strong> <\/span><\/p>\n<p><span style=\"font-weight: 400;\">Uzyskanie odpowiedniej ilo\u015bci witaminy D mo\u017ce by\u0107 wyzwaniem, dlatego nasz suplement witaminy D dostarcza 4000 IU na softgel w ma\u0142ej, \u0142atwej do po\u0142kni\u0119cia kapsu\u0142ce, kt\u00f3r\u0105 organizm mo\u017ce \u0142atwo wch\u0142on\u0105\u0107. Nasze kapsu\u0142ki s\u0105 cztery razy silniejsze ni\u017c zwyk\u0142e produkty z witamin\u0105 D.<\/span><\/p>\n<p><strong>PROMUJE ZDROWE Z\u0118BY, KO\u015aCI I UK\u0141AD ODPORNO\u015aCIOWY Z\u0118B\u00d3W<\/strong><\/p>\n<p><span style=\"font-weight: 400;\">Witamina D pomaga regulowa\u0107 ilo\u015b\u0107 wapnia i fosforan\u00f3w w organizmie i przyczynia si\u0119 do utrzymania prawid\u0142owych ko\u015bci, z\u0119b\u00f3w, funkcji mi\u0119\u015bni i funkcji uk\u0142adu odporno\u015bciowego.<\/span><\/p>\n","protected":false},"excerpt":{"rendered":"<h4>Skutecznie przyczynia si\u0119 do zdrowia uk\u0142adu odporno\u015bciowego oraz mocnych z\u0119b\u00f3w i ko\u015bci.<\/h4>\n","protected":false},"featured_media":5017,"template":"","meta":{"site-sidebar-layout":"default","site-content-layout":"default","ast-site-content-layout":"default","site-content-style":"default","site-sidebar-style":"default","ast-global-header-display":"","ast-banner-title-visibility":"","ast-main-header-display":"","ast-hfb-above-header-display":"","ast-hfb-below-header-display":"","ast-hfb-mobile-header-display":"","site-post-title":"","ast-breadcrumbs-content":"","ast-featured-img":"","footer-sml-layout":"","theme-transparent-header-meta":"default","adv-header-id-meta":"","stick-header-meta":"default","header-above-stick-meta":"","header-main-stick-meta":"","header-below-stick-meta":"","astra-migrate-meta-layouts":"default","ast-page-background-enabled":"default","ast-page-background-meta":{"desktop":{"background-color":"","background-image":"","background-repeat":"repeat","background-position":"center center","background-size":"auto","background-attachment":"scroll","background-type":"","background-media":"","overlay-type":"","overlay-color":"","overlay-opacity":"","overlay-gradient":""},"tablet":{"background-color":"","background-image":"","background-repeat":"repeat","background-position":"center center","background-size":"auto","background-attachment":"scroll","background-type":"","background-media":"","overlay-type":"","overlay-color":"","overlay-opacity":"","overlay-gradient":""},"mobile":{"background-color":"","background-image":"","background-repeat":"repeat","background-position":"center center","background-size":"auto","background-attachment":"scroll","background-type":"","background-media":"","overlay-type":"","overlay-color":"","overlay-opacity":"","overlay-gradient":""}},"ast-content-background-meta":{"desktop":{"background-color":"var(--ast-global-color-5)","background-image":"","background-repeat":"repeat","background-position":"center center","background-size":"auto","background-attachment":"scroll","background-type":"","background-media":"","overlay-type":"","overlay-color":"","overlay-opacity":"","overlay-gradient":""},"tablet":{"background-color":"var(--ast-global-color-5)","background-image":"","background-repeat":"repeat","background-position":"center center","background-size":"auto","background-attachment":"scroll","background-type":"","background-media":"","overlay-type":"","overlay-color":"","overlay-opacity":"","overlay-gradient":""},"mobile":{"background-color":"var(--ast-global-color-5)","background-image":"","background-repeat":"repeat","background-position":"center center","background-size":"auto","background-attachment":"scroll","background-type":"","background-media":"","overlay-type":"","overlay-color":"","overlay-opacity":"","overlay-gradient":""}}},"product_cat":[541,543],"product_tag":[],"class_list":{"0":"post-6785","1":"product","2":"type-product","3":"status-publish","4":"has-post-thumbnail","6":"product_cat-witaminy-i-mineraly","7":"product_cat-zdrowie-ukladu-odpornosciowego","8":"has-subscription-plans","9":"desktop-align-left","10":"tablet-align-left","11":"mobile-align-left","13":"first","14":"instock","15":"taxable","16":"shipping-taxable","17":"purchasable","18":"product-type-simple"},"yoast_head":"<!-- This site is optimized with the Yoast SEO plugin v22.7 - https:\/\/yoast.com\/wordpress\/plugins\/seo\/ -->\n<title>Wysoko przyswajalna witamina D Softgels - wzbogacona o oliw\u0119 z oliwek dla zdrowych ko\u015bci, z\u0119b\u00f3w i funkcjonowania uk\u0142adu odporno\u015bciowego. - JeaKen<\/title>\n<meta name=\"robots\" content=\"index, follow, max-snippet:-1, max-image-preview:large, max-video-preview:-1\" \/>\n<link rel=\"canonical\" href=\"https:\/\/jeaken.com\/pl\/produkt\/wysoko-przyswajalna-witamina-d-softgels-wzbogacona-o-oliwe-z-oliwek-dla-zdrowych-kosci-zebow-i-funkcjonowania-ukladu-odpornosciowego\/\" \/>\n<meta property=\"og:locale\" content=\"pl_PL\" \/>\n<meta property=\"og:type\" content=\"article\" \/>\n<meta property=\"og:title\" content=\"Wysoko przyswajalna witamina D Softgels - wzbogacona o oliw\u0119 z oliwek dla zdrowych ko\u015bci, z\u0119b\u00f3w i funkcjonowania uk\u0142adu odporno\u015bciowego. - JeaKen\" \/>\n<meta property=\"og:description\" content=\"Skutecznie przyczynia si\u0119 do zdrowia uk\u0142adu odporno\u015bciowego oraz mocnych z\u0119b\u00f3w i ko\u015bci.\" \/>\n<meta property=\"og:url\" content=\"https:\/\/jeaken.com\/pl\/produkt\/wysoko-przyswajalna-witamina-d-softgels-wzbogacona-o-oliwe-z-oliwek-dla-zdrowych-kosci-zebow-i-funkcjonowania-ukladu-odpornosciowego\/\" \/>\n<meta property=\"og:site_name\" content=\"JeaKen\" \/>\n<meta property=\"article:modified_time\" content=\"2022-08-09T13:41:57+00:00\" \/>\n<meta property=\"og:image\" content=\"https:\/\/jeaken.com\/wp-content\/uploads\/2022\/07\/71O56XrsW9L._AC_SL1500_.jpg\" \/>\n\t<meta property=\"og:image:width\" content=\"600\" \/>\n\t<meta property=\"og:image:height\" content=\"600\" \/>\n\t<meta property=\"og:image:type\" content=\"image\/jpeg\" \/>\n<meta name=\"twitter:card\" content=\"summary_large_image\" \/>\n<meta name=\"twitter:label1\" content=\"Est. reading time\" \/>\n\t<meta name=\"twitter:data1\" content=\"1 minute\" \/>\n<script type=\"application\/ld+json\" class=\"yoast-schema-graph\">{\"@context\":\"https:\/\/schema.org\",\"@graph\":[{\"@type\":\"WebPage\",\"@id\":\"https:\/\/jeaken.com\/pl\/produkt\/wysoko-przyswajalna-witamina-d-softgels-wzbogacona-o-oliwe-z-oliwek-dla-zdrowych-kosci-zebow-i-funkcjonowania-ukladu-odpornosciowego\/\",\"url\":\"https:\/\/jeaken.com\/pl\/produkt\/wysoko-przyswajalna-witamina-d-softgels-wzbogacona-o-oliwe-z-oliwek-dla-zdrowych-kosci-zebow-i-funkcjonowania-ukladu-odpornosciowego\/\",\"name\":\"Wysoko przyswajalna witamina D Softgels - wzbogacona o oliw\u0119 z oliwek dla zdrowych ko\u015bci, z\u0119b\u00f3w i funkcjonowania uk\u0142adu odporno\u015bciowego. - JeaKen\",\"isPartOf\":{\"@id\":\"https:\/\/jeaken.com\/pl\/#website\"},\"primaryImageOfPage\":{\"@id\":\"https:\/\/jeaken.com\/pl\/produkt\/wysoko-przyswajalna-witamina-d-softgels-wzbogacona-o-oliwe-z-oliwek-dla-zdrowych-kosci-zebow-i-funkcjonowania-ukladu-odpornosciowego\/#primaryimage\"},\"image\":{\"@id\":\"https:\/\/jeaken.com\/pl\/produkt\/wysoko-przyswajalna-witamina-d-softgels-wzbogacona-o-oliwe-z-oliwek-dla-zdrowych-kosci-zebow-i-funkcjonowania-ukladu-odpornosciowego\/#primaryimage\"},\"thumbnailUrl\":\"https:\/\/jeaken.com\/wp-content\/uploads\/2022\/07\/71O56XrsW9L._AC_SL1500_.jpg\",\"datePublished\":\"2022-07-21T18:18:22+00:00\",\"dateModified\":\"2022-08-09T13:41:57+00:00\",\"breadcrumb\":{\"@id\":\"https:\/\/jeaken.com\/pl\/produkt\/wysoko-przyswajalna-witamina-d-softgels-wzbogacona-o-oliwe-z-oliwek-dla-zdrowych-kosci-zebow-i-funkcjonowania-ukladu-odpornosciowego\/#breadcrumb\"},\"inLanguage\":\"pl-PL\",\"potentialAction\":[{\"@type\":\"ReadAction\",\"target\":[\"https:\/\/jeaken.com\/pl\/produkt\/wysoko-przyswajalna-witamina-d-softgels-wzbogacona-o-oliwe-z-oliwek-dla-zdrowych-kosci-zebow-i-funkcjonowania-ukladu-odpornosciowego\/\"]}]},{\"@type\":\"ImageObject\",\"inLanguage\":\"pl-PL\",\"@id\":\"https:\/\/jeaken.com\/pl\/produkt\/wysoko-przyswajalna-witamina-d-softgels-wzbogacona-o-oliwe-z-oliwek-dla-zdrowych-kosci-zebow-i-funkcjonowania-ukladu-odpornosciowego\/#primaryimage\",\"url\":\"https:\/\/jeaken.com\/wp-content\/uploads\/2022\/07\/71O56XrsW9L._AC_SL1500_.jpg\",\"contentUrl\":\"https:\/\/jeaken.com\/wp-content\/uploads\/2022\/07\/71O56XrsW9L._AC_SL1500_.jpg\",\"width\":600,\"height\":600,\"caption\":\"High-Absorption Vitamin D Softgels\"},{\"@type\":\"BreadcrumbList\",\"@id\":\"https:\/\/jeaken.com\/pl\/produkt\/wysoko-przyswajalna-witamina-d-softgels-wzbogacona-o-oliwe-z-oliwek-dla-zdrowych-kosci-zebow-i-funkcjonowania-ukladu-odpornosciowego\/#breadcrumb\",\"itemListElement\":[{\"@type\":\"ListItem\",\"position\":1,\"name\":\"Home\",\"item\":\"https:\/\/jeaken.com\/pl\/\"},{\"@type\":\"ListItem\",\"position\":2,\"name\":\"Private: Shop\",\"item\":\"https:\/\/jeaken.com\/shop\/\"},{\"@type\":\"ListItem\",\"position\":3,\"name\":\"Wysoko przyswajalna witamina D Softgels &#8211; wzbogacona o oliw\u0119 z oliwek dla zdrowych ko\u015bci, z\u0119b\u00f3w i funkcjonowania uk\u0142adu odporno\u015bciowego.\"}]},{\"@type\":\"WebSite\",\"@id\":\"https:\/\/jeaken.com\/pl\/#website\",\"url\":\"https:\/\/jeaken.com\/pl\/\",\"name\":\"JeaKen\",\"description\":\"Organic Supplements for Health, Fitness and Nutrition\",\"publisher\":{\"@id\":\"https:\/\/jeaken.com\/pl\/#organization\"},\"potentialAction\":[{\"@type\":\"SearchAction\",\"target\":{\"@type\":\"EntryPoint\",\"urlTemplate\":\"https:\/\/jeaken.com\/pl\/?s={search_term_string}\"},\"query-input\":\"required name=search_term_string\"}],\"inLanguage\":\"pl-PL\"},{\"@type\":\"Organization\",\"@id\":\"https:\/\/jeaken.com\/pl\/#organization\",\"name\":\"JeaKen\",\"url\":\"https:\/\/jeaken.com\/pl\/\",\"logo\":{\"@type\":\"ImageObject\",\"inLanguage\":\"pl-PL\",\"@id\":\"https:\/\/jeaken.com\/pl\/#\/schema\/logo\/image\/\",\"url\":\"https:\/\/jeaken.com\/wp-content\/uploads\/2022\/06\/jeaken-logo-23.png\",\"contentUrl\":\"https:\/\/jeaken.com\/wp-content\/uploads\/2022\/06\/jeaken-logo-23.png\",\"width\":2486,\"height\":736,\"caption\":\"JeaKen\"},\"image\":{\"@id\":\"https:\/\/jeaken.com\/pl\/#\/schema\/logo\/image\/\"}}]}<\/script>\n<!-- \/ Yoast SEO plugin. -->","yoast_head_json":{"title":"Wysoko przyswajalna witamina D Softgels - wzbogacona o oliw\u0119 z oliwek dla zdrowych ko\u015bci, z\u0119b\u00f3w i funkcjonowania uk\u0142adu odporno\u015bciowego. - JeaKen","robots":{"index":"index","follow":"follow","max-snippet":"max-snippet:-1","max-image-preview":"max-image-preview:large","max-video-preview":"max-video-preview:-1"},"canonical":"https:\/\/jeaken.com\/pl\/produkt\/wysoko-przyswajalna-witamina-d-softgels-wzbogacona-o-oliwe-z-oliwek-dla-zdrowych-kosci-zebow-i-funkcjonowania-ukladu-odpornosciowego\/","og_locale":"pl_PL","og_type":"article","og_title":"Wysoko przyswajalna witamina D Softgels - wzbogacona o oliw\u0119 z oliwek dla zdrowych ko\u015bci, z\u0119b\u00f3w i funkcjonowania uk\u0142adu odporno\u015bciowego. - JeaKen","og_description":"Skutecznie przyczynia si\u0119 do zdrowia uk\u0142adu odporno\u015bciowego oraz mocnych z\u0119b\u00f3w i ko\u015bci.","og_url":"https:\/\/jeaken.com\/pl\/produkt\/wysoko-przyswajalna-witamina-d-softgels-wzbogacona-o-oliwe-z-oliwek-dla-zdrowych-kosci-zebow-i-funkcjonowania-ukladu-odpornosciowego\/","og_site_name":"JeaKen","article_modified_time":"2022-08-09T13:41:57+00:00","og_image":[{"width":600,"height":600,"url":"https:\/\/jeaken.com\/wp-content\/uploads\/2022\/07\/71O56XrsW9L._AC_SL1500_.jpg","type":"image\/jpeg"}],"twitter_card":"summary_large_image","twitter_misc":{"Est. reading time":"1 minute"},"schema":{"@context":"https:\/\/schema.org","@graph":[{"@type":"WebPage","@id":"https:\/\/jeaken.com\/pl\/produkt\/wysoko-przyswajalna-witamina-d-softgels-wzbogacona-o-oliwe-z-oliwek-dla-zdrowych-kosci-zebow-i-funkcjonowania-ukladu-odpornosciowego\/","url":"https:\/\/jeaken.com\/pl\/produkt\/wysoko-przyswajalna-witamina-d-softgels-wzbogacona-o-oliwe-z-oliwek-dla-zdrowych-kosci-zebow-i-funkcjonowania-ukladu-odpornosciowego\/","name":"Wysoko przyswajalna witamina D Softgels - wzbogacona o oliw\u0119 z oliwek dla zdrowych ko\u015bci, z\u0119b\u00f3w i funkcjonowania uk\u0142adu odporno\u015bciowego. - JeaKen","isPartOf":{"@id":"https:\/\/jeaken.com\/pl\/#website"},"primaryImageOfPage":{"@id":"https:\/\/jeaken.com\/pl\/produkt\/wysoko-przyswajalna-witamina-d-softgels-wzbogacona-o-oliwe-z-oliwek-dla-zdrowych-kosci-zebow-i-funkcjonowania-ukladu-odpornosciowego\/#primaryimage"},"image":{"@id":"https:\/\/jeaken.com\/pl\/produkt\/wysoko-przyswajalna-witamina-d-softgels-wzbogacona-o-oliwe-z-oliwek-dla-zdrowych-kosci-zebow-i-funkcjonowania-ukladu-odpornosciowego\/#primaryimage"},"thumbnailUrl":"https:\/\/jeaken.com\/wp-content\/uploads\/2022\/07\/71O56XrsW9L._AC_SL1500_.jpg","datePublished":"2022-07-21T18:18:22+00:00","dateModified":"2022-08-09T13:41:57+00:00","breadcrumb":{"@id":"https:\/\/jeaken.com\/pl\/produkt\/wysoko-przyswajalna-witamina-d-softgels-wzbogacona-o-oliwe-z-oliwek-dla-zdrowych-kosci-zebow-i-funkcjonowania-ukladu-odpornosciowego\/#breadcrumb"},"inLanguage":"pl-PL","potentialAction":[{"@type":"ReadAction","target":["https:\/\/jeaken.com\/pl\/produkt\/wysoko-przyswajalna-witamina-d-softgels-wzbogacona-o-oliwe-z-oliwek-dla-zdrowych-kosci-zebow-i-funkcjonowania-ukladu-odpornosciowego\/"]}]},{"@type":"ImageObject","inLanguage":"pl-PL","@id":"https:\/\/jeaken.com\/pl\/produkt\/wysoko-przyswajalna-witamina-d-softgels-wzbogacona-o-oliwe-z-oliwek-dla-zdrowych-kosci-zebow-i-funkcjonowania-ukladu-odpornosciowego\/#primaryimage","url":"https:\/\/jeaken.com\/wp-content\/uploads\/2022\/07\/71O56XrsW9L._AC_SL1500_.jpg","contentUrl":"https:\/\/jeaken.com\/wp-content\/uploads\/2022\/07\/71O56XrsW9L._AC_SL1500_.jpg","width":600,"height":600,"caption":"High-Absorption Vitamin D Softgels"},{"@type":"BreadcrumbList","@id":"https:\/\/jeaken.com\/pl\/produkt\/wysoko-przyswajalna-witamina-d-softgels-wzbogacona-o-oliwe-z-oliwek-dla-zdrowych-kosci-zebow-i-funkcjonowania-ukladu-odpornosciowego\/#breadcrumb","itemListElement":[{"@type":"ListItem","position":1,"name":"Home","item":"https:\/\/jeaken.com\/pl\/"},{"@type":"ListItem","position":2,"name":"Private: Shop","item":"https:\/\/jeaken.com\/shop\/"},{"@type":"ListItem","position":3,"name":"Wysoko przyswajalna witamina D Softgels &#8211; wzbogacona o oliw\u0119 z oliwek dla zdrowych ko\u015bci, z\u0119b\u00f3w i funkcjonowania uk\u0142adu odporno\u015bciowego."}]},{"@type":"WebSite","@id":"https:\/\/jeaken.com\/pl\/#website","url":"https:\/\/jeaken.com\/pl\/","name":"JeaKen","description":"Organic Supplements for Health, Fitness and Nutrition","publisher":{"@id":"https:\/\/jeaken.com\/pl\/#organization"},"potentialAction":[{"@type":"SearchAction","target":{"@type":"EntryPoint","urlTemplate":"https:\/\/jeaken.com\/pl\/?s={search_term_string}"},"query-input":"required name=search_term_string"}],"inLanguage":"pl-PL"},{"@type":"Organization","@id":"https:\/\/jeaken.com\/pl\/#organization","name":"JeaKen","url":"https:\/\/jeaken.com\/pl\/","logo":{"@type":"ImageObject","inLanguage":"pl-PL","@id":"https:\/\/jeaken.com\/pl\/#\/schema\/logo\/image\/","url":"https:\/\/jeaken.com\/wp-content\/uploads\/2022\/06\/jeaken-logo-23.png","contentUrl":"https:\/\/jeaken.com\/wp-content\/uploads\/2022\/06\/jeaken-logo-23.png","width":2486,"height":736,"caption":"JeaKen"},"image":{"@id":"https:\/\/jeaken.com\/pl\/#\/schema\/logo\/image\/"}}]}},"jetpack_sharing_enabled":true,"_links":{"self":[{"href":"https:\/\/jeaken.com\/pl\/wp-json\/wp\/v2\/product\/6785","targetHints":{"allow":["GET"]}}],"collection":[{"href":"https:\/\/jeaken.com\/pl\/wp-json\/wp\/v2\/product"}],"about":[{"href":"https:\/\/jeaken.com\/pl\/wp-json\/wp\/v2\/types\/product"}],"wp:featuredmedia":[{"embeddable":true,"href":"https:\/\/jeaken.com\/pl\/wp-json\/wp\/v2\/media\/5017"}],"wp:attachment":[{"href":"https:\/\/jeaken.com\/pl\/wp-json\/wp\/v2\/media?parent=6785"}],"wp:term":[{"taxonomy":"product_cat","embeddable":true,"href":"https:\/\/jeaken.com\/pl\/wp-json\/wp\/v2\/product_cat?post=6785"},{"taxonomy":"product_tag","embeddable":true,"href":"https:\/\/jeaken.com\/pl\/wp-json\/wp\/v2\/product_tag?post=6785"}],"curies":[{"name":"wp","href":"https:\/\/api.w.org\/{rel}","templated":true}]}}