{"id":6783,"date":"2022-07-21T19:18:22","date_gmt":"2022-07-21T18:18:22","guid":{"rendered":"https:\/1658920591610?product=collagen-boosting-anti-wrinkle-face-cream-with-hyaluronic-acid-aha-fruit-acid-and-vitamins-a-c-and-e-50ml"},"modified":"2022-08-09T14:41:57","modified_gmt":"2022-08-09T13:41:57","slug":"collagen-boosting-anti-wrinkle-face-cream-with-hyaluronic-acid-aha-fruit-acid-and-vitamins-a-c-and-e-50ml","status":"publish","type":"product","link":"https:\/\/jeaken.com\/pl\/produkt\/collagen-boosting-anti-wrinkle-face-cream-with-hyaluronic-acid-aha-fruit-acid-and-vitamins-a-c-and-e-50ml\/","title":{"rendered":"Collagen-Boosting Anti Wrinkle Face Cream with Hyaluronic Acid, AHA Fruit Acid and Vitamins A, C and E. 50ml"},"content":{"rendered":"<p><strong>WZBOGACONY O WITAMINY A, C, E , KWASY HIALURONOWY I OWOCOWY AHA<\/strong><\/p>\n<p><span style=\"font-weight: 400;\">Witaminy A, C i E to \u015bwietne po\u0142\u0105czenie przeciwstarzeniowe. Bogaty w antyoksydanty, krem ten pomo\u017ce zwi\u0119kszy\u0107 produkcj\u0119 kolagenu, co skutkuje bardziej napi\u0119t\u0105 i j\u0119drn\u0105 sk\u00f3r\u0105. Pomo\u017ce r\u00f3wnie\u017c zmniejszy\u0107 widoczno\u015b\u0107 drobnych linii i zmarszczek. Z dodatkiem kwas\u00f3w owocowych Hyaluronic i AHA, nasz krem nawil\u017caj\u0105cy z witamin\u0105 ACE rozja\u015bni i nawil\u017cy sk\u00f3r\u0119, pozostawiaj\u0105c j\u0105 mi\u0119kk\u0105 i jedwabi\u015bcie g\u0142adk\u0105.<\/span><\/p>\n<p><strong>SZYBKIE WCH\u0141ANIANIE<\/strong><\/p>\n<p><span style=\"font-weight: 400;\">Nasz najwy\u017cszej jako\u015bci, lekki przeciwzmarszczkowy krem do twarzy szybko zapewnia nawil\u017cenie. Zosta\u0142 zaprojektowany tak, aby szybko si\u0119 wch\u0142ania\u0142, nie pozostawiaj\u0105c na sk\u00f3rze uczucia ci\u0119\u017cko\u015bci ani t\u0142usto\u015bci.<\/span><\/p>\n<p><strong>ODPOWIEDNIE DLA WSZYSTKICH RODZAJ\u00d3W SK\u00d3RY<\/strong><\/p>\n<p><span style=\"font-weight: 400;\">Nasz \u0142atwy w aplikacji krem do sk\u00f3ry jest odpowiedni dla wszystkich rodzaj\u00f3w sk\u00f3ry, w tym dla sk\u00f3ry bardzo wra\u017cliwej. Pozostawia sk\u00f3r\u0119 nawil\u017con\u0105, mi\u0119kk\u0105 i elastyczn\u0105 oraz o przyjemnym, \u015bwie\u017cym zapachu.<\/span><\/p>\n<p><strong>PRZYJAZNY DLA WEGAN I WOLNY OD OKRUCIE\u0143STWA  <\/strong><\/p>\n<p><span style=\"font-weight: 400;\">Zainspirowani przez natur\u0119, w naszych produktach do piel\u0119gnacji sk\u00f3ry u\u017cywamy tylko najwy\u017cszej jako\u015bci naturalnych sk\u0142adnik\u00f3w. Wszystkie nasze produkty s\u0105 w 100% przyjazne dla wegan i wolne od okrucie\u0144stwa.<\/span><\/p>\n","protected":false},"excerpt":{"rendered":"<h4><span style=\"font-weight: 400;\">Szybko dzia\u0142aj\u0105cy, silny krem przeciwstarzeniowy dla wszystkich typ\u00f3w sk\u00f3ry<\/span><\/h4>\n","protected":false},"featured_media":4853,"template":"","meta":{"site-sidebar-layout":"default","site-content-layout":"default","ast-site-content-layout":"default","site-content-style":"default","site-sidebar-style":"default","ast-global-header-display":"","ast-banner-title-visibility":"","ast-main-header-display":"","ast-hfb-above-header-display":"","ast-hfb-below-header-display":"","ast-hfb-mobile-header-display":"","site-post-title":"","ast-breadcrumbs-content":"","ast-featured-img":"","footer-sml-layout":"","theme-transparent-header-meta":"default","adv-header-id-meta":"","stick-header-meta":"default","header-above-stick-meta":"","header-main-stick-meta":"","header-below-stick-meta":"","astra-migrate-meta-layouts":"default","ast-page-background-enabled":"default","ast-page-background-meta":{"desktop":{"background-color":"","background-image":"","background-repeat":"repeat","background-position":"center center","background-size":"auto","background-attachment":"scroll","background-type":"","background-media":"","overlay-type":"","overlay-color":"","overlay-opacity":"","overlay-gradient":""},"tablet":{"background-color":"","background-image":"","background-repeat":"repeat","background-position":"center center","background-size":"auto","background-attachment":"scroll","background-type":"","background-media":"","overlay-type":"","overlay-color":"","overlay-opacity":"","overlay-gradient":""},"mobile":{"background-color":"","background-image":"","background-repeat":"repeat","background-position":"center center","background-size":"auto","background-attachment":"scroll","background-type":"","background-media":"","overlay-type":"","overlay-color":"","overlay-opacity":"","overlay-gradient":""}},"ast-content-background-meta":{"desktop":{"background-color":"var(--ast-global-color-5)","background-image":"","background-repeat":"repeat","background-position":"center center","background-size":"auto","background-attachment":"scroll","background-type":"","background-media":"","overlay-type":"","overlay-color":"","overlay-opacity":"","overlay-gradient":""},"tablet":{"background-color":"var(--ast-global-color-5)","background-image":"","background-repeat":"repeat","background-position":"center center","background-size":"auto","background-attachment":"scroll","background-type":"","background-media":"","overlay-type":"","overlay-color":"","overlay-opacity":"","overlay-gradient":""},"mobile":{"background-color":"var(--ast-global-color-5)","background-image":"","background-repeat":"repeat","background-position":"center center","background-size":"auto","background-attachment":"scroll","background-type":"","background-media":"","overlay-type":"","overlay-color":"","overlay-opacity":"","overlay-gradient":""}}},"product_cat":[578,575],"product_tag":[],"class_list":{"0":"post-6783","1":"product","2":"type-product","3":"status-publish","4":"has-post-thumbnail","6":"product_cat-anti-aging-pl","7":"product_cat-naturalne-piekno","8":"has-subscription-plans","9":"desktop-align-left","10":"tablet-align-left","11":"mobile-align-left","13":"first","14":"instock","15":"taxable","16":"shipping-taxable","17":"purchasable","18":"product-type-simple"},"yoast_head":"<!-- This site is optimized with the Yoast SEO plugin v22.7 - https:\/\/yoast.com\/wordpress\/plugins\/seo\/ -->\n<title>Collagen-Boosting Anti Wrinkle Face Cream with Hyaluronic Acid, AHA Fruit Acid and Vitamins A, C and E. 50ml - JeaKen<\/title>\n<meta name=\"robots\" content=\"index, follow, max-snippet:-1, max-image-preview:large, max-video-preview:-1\" \/>\n<link rel=\"canonical\" href=\"https:\/\/jeaken.com\/pl\/produkt\/collagen-boosting-anti-wrinkle-face-cream-with-hyaluronic-acid-aha-fruit-acid-and-vitamins-a-c-and-e-50ml\/\" \/>\n<meta property=\"og:locale\" content=\"pl_PL\" \/>\n<meta property=\"og:type\" content=\"article\" \/>\n<meta property=\"og:title\" content=\"Collagen-Boosting Anti Wrinkle Face Cream with Hyaluronic Acid, AHA Fruit Acid and Vitamins A, C and E. 50ml - JeaKen\" \/>\n<meta property=\"og:description\" content=\"Szybko dzia\u0142aj\u0105cy, silny krem przeciwstarzeniowy dla wszystkich typ\u00f3w sk\u00f3ry\" \/>\n<meta property=\"og:url\" content=\"https:\/\/jeaken.com\/pl\/produkt\/collagen-boosting-anti-wrinkle-face-cream-with-hyaluronic-acid-aha-fruit-acid-and-vitamins-a-c-and-e-50ml\/\" \/>\n<meta property=\"og:site_name\" content=\"JeaKen\" \/>\n<meta property=\"article:modified_time\" content=\"2022-08-09T13:41:57+00:00\" \/>\n<meta property=\"og:image\" content=\"https:\/\/jeaken.com\/wp-content\/uploads\/2022\/07\/81cdwEgUL._AC_SL1500_.jpg\" \/>\n\t<meta property=\"og:image:width\" content=\"600\" \/>\n\t<meta property=\"og:image:height\" content=\"600\" \/>\n\t<meta property=\"og:image:type\" content=\"image\/jpeg\" \/>\n<meta name=\"twitter:card\" content=\"summary_large_image\" \/>\n<meta name=\"twitter:label1\" content=\"Est. reading time\" \/>\n\t<meta name=\"twitter:data1\" content=\"1 minute\" \/>\n<script type=\"application\/ld+json\" class=\"yoast-schema-graph\">{\"@context\":\"https:\/\/schema.org\",\"@graph\":[{\"@type\":\"WebPage\",\"@id\":\"https:\/\/jeaken.com\/pl\/produkt\/collagen-boosting-anti-wrinkle-face-cream-with-hyaluronic-acid-aha-fruit-acid-and-vitamins-a-c-and-e-50ml\/\",\"url\":\"https:\/\/jeaken.com\/pl\/produkt\/collagen-boosting-anti-wrinkle-face-cream-with-hyaluronic-acid-aha-fruit-acid-and-vitamins-a-c-and-e-50ml\/\",\"name\":\"Collagen-Boosting Anti Wrinkle Face Cream with Hyaluronic Acid, AHA Fruit Acid and Vitamins A, C and E. 50ml - JeaKen\",\"isPartOf\":{\"@id\":\"https:\/\/jeaken.com\/pl\/#website\"},\"primaryImageOfPage\":{\"@id\":\"https:\/\/jeaken.com\/pl\/produkt\/collagen-boosting-anti-wrinkle-face-cream-with-hyaluronic-acid-aha-fruit-acid-and-vitamins-a-c-and-e-50ml\/#primaryimage\"},\"image\":{\"@id\":\"https:\/\/jeaken.com\/pl\/produkt\/collagen-boosting-anti-wrinkle-face-cream-with-hyaluronic-acid-aha-fruit-acid-and-vitamins-a-c-and-e-50ml\/#primaryimage\"},\"thumbnailUrl\":\"https:\/\/jeaken.com\/wp-content\/uploads\/2022\/07\/81cdwEgUL._AC_SL1500_.jpg\",\"datePublished\":\"2022-07-21T18:18:22+00:00\",\"dateModified\":\"2022-08-09T13:41:57+00:00\",\"breadcrumb\":{\"@id\":\"https:\/\/jeaken.com\/pl\/produkt\/collagen-boosting-anti-wrinkle-face-cream-with-hyaluronic-acid-aha-fruit-acid-and-vitamins-a-c-and-e-50ml\/#breadcrumb\"},\"inLanguage\":\"pl-PL\",\"potentialAction\":[{\"@type\":\"ReadAction\",\"target\":[\"https:\/\/jeaken.com\/pl\/produkt\/collagen-boosting-anti-wrinkle-face-cream-with-hyaluronic-acid-aha-fruit-acid-and-vitamins-a-c-and-e-50ml\/\"]}]},{\"@type\":\"ImageObject\",\"inLanguage\":\"pl-PL\",\"@id\":\"https:\/\/jeaken.com\/pl\/produkt\/collagen-boosting-anti-wrinkle-face-cream-with-hyaluronic-acid-aha-fruit-acid-and-vitamins-a-c-and-e-50ml\/#primaryimage\",\"url\":\"https:\/\/jeaken.com\/wp-content\/uploads\/2022\/07\/81cdwEgUL._AC_SL1500_.jpg\",\"contentUrl\":\"https:\/\/jeaken.com\/wp-content\/uploads\/2022\/07\/81cdwEgUL._AC_SL1500_.jpg\",\"width\":600,\"height\":600,\"caption\":\"Collagen-Boosting Anti Wrinkle Face Cream\"},{\"@type\":\"BreadcrumbList\",\"@id\":\"https:\/\/jeaken.com\/pl\/produkt\/collagen-boosting-anti-wrinkle-face-cream-with-hyaluronic-acid-aha-fruit-acid-and-vitamins-a-c-and-e-50ml\/#breadcrumb\",\"itemListElement\":[{\"@type\":\"ListItem\",\"position\":1,\"name\":\"Home\",\"item\":\"https:\/\/jeaken.com\/pl\/\"},{\"@type\":\"ListItem\",\"position\":2,\"name\":\"Private: Shop\",\"item\":\"https:\/\/jeaken.com\/shop\/\"},{\"@type\":\"ListItem\",\"position\":3,\"name\":\"Collagen-Boosting Anti Wrinkle Face Cream with Hyaluronic Acid, AHA Fruit Acid and Vitamins A, C and E. 50ml\"}]},{\"@type\":\"WebSite\",\"@id\":\"https:\/\/jeaken.com\/pl\/#website\",\"url\":\"https:\/\/jeaken.com\/pl\/\",\"name\":\"JeaKen\",\"description\":\"Organic Supplements for Health, Fitness and Nutrition\",\"publisher\":{\"@id\":\"https:\/\/jeaken.com\/pl\/#organization\"},\"potentialAction\":[{\"@type\":\"SearchAction\",\"target\":{\"@type\":\"EntryPoint\",\"urlTemplate\":\"https:\/\/jeaken.com\/pl\/?s={search_term_string}\"},\"query-input\":\"required name=search_term_string\"}],\"inLanguage\":\"pl-PL\"},{\"@type\":\"Organization\",\"@id\":\"https:\/\/jeaken.com\/pl\/#organization\",\"name\":\"JeaKen\",\"url\":\"https:\/\/jeaken.com\/pl\/\",\"logo\":{\"@type\":\"ImageObject\",\"inLanguage\":\"pl-PL\",\"@id\":\"https:\/\/jeaken.com\/pl\/#\/schema\/logo\/image\/\",\"url\":\"https:\/\/jeaken.com\/wp-content\/uploads\/2022\/06\/jeaken-logo-23.png\",\"contentUrl\":\"https:\/\/jeaken.com\/wp-content\/uploads\/2022\/06\/jeaken-logo-23.png\",\"width\":2486,\"height\":736,\"caption\":\"JeaKen\"},\"image\":{\"@id\":\"https:\/\/jeaken.com\/pl\/#\/schema\/logo\/image\/\"}}]}<\/script>\n<!-- \/ Yoast SEO plugin. -->","yoast_head_json":{"title":"Collagen-Boosting Anti Wrinkle Face Cream with Hyaluronic Acid, AHA Fruit Acid and Vitamins A, C and E. 50ml - JeaKen","robots":{"index":"index","follow":"follow","max-snippet":"max-snippet:-1","max-image-preview":"max-image-preview:large","max-video-preview":"max-video-preview:-1"},"canonical":"https:\/\/jeaken.com\/pl\/produkt\/collagen-boosting-anti-wrinkle-face-cream-with-hyaluronic-acid-aha-fruit-acid-and-vitamins-a-c-and-e-50ml\/","og_locale":"pl_PL","og_type":"article","og_title":"Collagen-Boosting Anti Wrinkle Face Cream with Hyaluronic Acid, AHA Fruit Acid and Vitamins A, C and E. 50ml - JeaKen","og_description":"Szybko dzia\u0142aj\u0105cy, silny krem przeciwstarzeniowy dla wszystkich typ\u00f3w sk\u00f3ry","og_url":"https:\/\/jeaken.com\/pl\/produkt\/collagen-boosting-anti-wrinkle-face-cream-with-hyaluronic-acid-aha-fruit-acid-and-vitamins-a-c-and-e-50ml\/","og_site_name":"JeaKen","article_modified_time":"2022-08-09T13:41:57+00:00","og_image":[{"width":600,"height":600,"url":"https:\/\/jeaken.com\/wp-content\/uploads\/2022\/07\/81cdwEgUL._AC_SL1500_.jpg","type":"image\/jpeg"}],"twitter_card":"summary_large_image","twitter_misc":{"Est. reading time":"1 minute"},"schema":{"@context":"https:\/\/schema.org","@graph":[{"@type":"WebPage","@id":"https:\/\/jeaken.com\/pl\/produkt\/collagen-boosting-anti-wrinkle-face-cream-with-hyaluronic-acid-aha-fruit-acid-and-vitamins-a-c-and-e-50ml\/","url":"https:\/\/jeaken.com\/pl\/produkt\/collagen-boosting-anti-wrinkle-face-cream-with-hyaluronic-acid-aha-fruit-acid-and-vitamins-a-c-and-e-50ml\/","name":"Collagen-Boosting Anti Wrinkle Face Cream with Hyaluronic Acid, AHA Fruit Acid and Vitamins A, C and E. 50ml - JeaKen","isPartOf":{"@id":"https:\/\/jeaken.com\/pl\/#website"},"primaryImageOfPage":{"@id":"https:\/\/jeaken.com\/pl\/produkt\/collagen-boosting-anti-wrinkle-face-cream-with-hyaluronic-acid-aha-fruit-acid-and-vitamins-a-c-and-e-50ml\/#primaryimage"},"image":{"@id":"https:\/\/jeaken.com\/pl\/produkt\/collagen-boosting-anti-wrinkle-face-cream-with-hyaluronic-acid-aha-fruit-acid-and-vitamins-a-c-and-e-50ml\/#primaryimage"},"thumbnailUrl":"https:\/\/jeaken.com\/wp-content\/uploads\/2022\/07\/81cdwEgUL._AC_SL1500_.jpg","datePublished":"2022-07-21T18:18:22+00:00","dateModified":"2022-08-09T13:41:57+00:00","breadcrumb":{"@id":"https:\/\/jeaken.com\/pl\/produkt\/collagen-boosting-anti-wrinkle-face-cream-with-hyaluronic-acid-aha-fruit-acid-and-vitamins-a-c-and-e-50ml\/#breadcrumb"},"inLanguage":"pl-PL","potentialAction":[{"@type":"ReadAction","target":["https:\/\/jeaken.com\/pl\/produkt\/collagen-boosting-anti-wrinkle-face-cream-with-hyaluronic-acid-aha-fruit-acid-and-vitamins-a-c-and-e-50ml\/"]}]},{"@type":"ImageObject","inLanguage":"pl-PL","@id":"https:\/\/jeaken.com\/pl\/produkt\/collagen-boosting-anti-wrinkle-face-cream-with-hyaluronic-acid-aha-fruit-acid-and-vitamins-a-c-and-e-50ml\/#primaryimage","url":"https:\/\/jeaken.com\/wp-content\/uploads\/2022\/07\/81cdwEgUL._AC_SL1500_.jpg","contentUrl":"https:\/\/jeaken.com\/wp-content\/uploads\/2022\/07\/81cdwEgUL._AC_SL1500_.jpg","width":600,"height":600,"caption":"Collagen-Boosting Anti Wrinkle Face Cream"},{"@type":"BreadcrumbList","@id":"https:\/\/jeaken.com\/pl\/produkt\/collagen-boosting-anti-wrinkle-face-cream-with-hyaluronic-acid-aha-fruit-acid-and-vitamins-a-c-and-e-50ml\/#breadcrumb","itemListElement":[{"@type":"ListItem","position":1,"name":"Home","item":"https:\/\/jeaken.com\/pl\/"},{"@type":"ListItem","position":2,"name":"Private: Shop","item":"https:\/\/jeaken.com\/shop\/"},{"@type":"ListItem","position":3,"name":"Collagen-Boosting Anti Wrinkle Face Cream with Hyaluronic Acid, AHA Fruit Acid and Vitamins A, C and E. 50ml"}]},{"@type":"WebSite","@id":"https:\/\/jeaken.com\/pl\/#website","url":"https:\/\/jeaken.com\/pl\/","name":"JeaKen","description":"Organic Supplements for Health, Fitness and Nutrition","publisher":{"@id":"https:\/\/jeaken.com\/pl\/#organization"},"potentialAction":[{"@type":"SearchAction","target":{"@type":"EntryPoint","urlTemplate":"https:\/\/jeaken.com\/pl\/?s={search_term_string}"},"query-input":"required name=search_term_string"}],"inLanguage":"pl-PL"},{"@type":"Organization","@id":"https:\/\/jeaken.com\/pl\/#organization","name":"JeaKen","url":"https:\/\/jeaken.com\/pl\/","logo":{"@type":"ImageObject","inLanguage":"pl-PL","@id":"https:\/\/jeaken.com\/pl\/#\/schema\/logo\/image\/","url":"https:\/\/jeaken.com\/wp-content\/uploads\/2022\/06\/jeaken-logo-23.png","contentUrl":"https:\/\/jeaken.com\/wp-content\/uploads\/2022\/06\/jeaken-logo-23.png","width":2486,"height":736,"caption":"JeaKen"},"image":{"@id":"https:\/\/jeaken.com\/pl\/#\/schema\/logo\/image\/"}}]}},"jetpack_sharing_enabled":true,"_links":{"self":[{"href":"https:\/\/jeaken.com\/pl\/wp-json\/wp\/v2\/product\/6783","targetHints":{"allow":["GET"]}}],"collection":[{"href":"https:\/\/jeaken.com\/pl\/wp-json\/wp\/v2\/product"}],"about":[{"href":"https:\/\/jeaken.com\/pl\/wp-json\/wp\/v2\/types\/product"}],"wp:featuredmedia":[{"embeddable":true,"href":"https:\/\/jeaken.com\/pl\/wp-json\/wp\/v2\/media\/4853"}],"wp:attachment":[{"href":"https:\/\/jeaken.com\/pl\/wp-json\/wp\/v2\/media?parent=6783"}],"wp:term":[{"taxonomy":"product_cat","embeddable":true,"href":"https:\/\/jeaken.com\/pl\/wp-json\/wp\/v2\/product_cat?post=6783"},{"taxonomy":"product_tag","embeddable":true,"href":"https:\/\/jeaken.com\/pl\/wp-json\/wp\/v2\/product_tag?post=6783"}],"curies":[{"name":"wp","href":"https:\/\/api.w.org\/{rel}","templated":true}]}}