{"id":6731,"date":"2022-07-21T19:18:22","date_gmt":"2022-07-21T18:18:22","guid":{"rendered":"https:\/1658920591610?product=vitamin-c-serum-krem-do-twarzy-z-kwasem-hialuronowym-50ml"},"modified":"2022-08-14T11:16:32","modified_gmt":"2022-08-14T10:16:32","slug":"serum-a-la-vitamine-c-pour-le-visage-a-lacide-hyaluronique-serums-pour-le-visage-pour-peaux-matures-enrichis-de-vitamines-a-e-meilleur-serum-anti-age-pour-le-visage-que-le-serum-au-retinol-et-le","status":"publish","type":"product","link":"https:\/\/jeaken.com\/pl\/produkt\/serum-a-la-vitamine-c-pour-le-visage-a-lacide-hyaluronique-serums-pour-le-visage-pour-peaux-matures-enrichis-de-vitamines-a-e-meilleur-serum-anti-age-pour-le-visage-que-le-serum-au-retinol-et-le\/","title":{"rendered":"Vitamin C Serum Krem do twarzy z kwasem hialuronowym (50ml)"},"content":{"rendered":"<p id=\"tw-target-text\" class=\"tw-data-text tw-text-large tw-ta\" dir=\"ltr\" data-placeholder=\"Translation\"><strong>SILNY ANTYOKSYDANT<\/strong><\/p>\n<p class=\"tw-data-text tw-text-large tw-ta\" dir=\"ltr\" data-placeholder=\"Translation\"><span class=\"Y2IQFc\" lang=\"en\">  Produkt ten oferuje silny przeciwutleniacz dla Twojej sk\u00f3ry, kt\u00f3ry jest niezwykle \u0142atwy do dodania do istniej\u0105cej rutyny piel\u0119gnacji sk\u00f3ry. Stosuj go rano przed kremem nawil\u017caj\u0105cym, aby chroni\u0107 sk\u00f3r\u0119 przed negatywnym wp\u0142ywem s\u0142o\u0144ca, zanieczyszcze\u0144 i makija\u017cu. Nast\u0119pnie powt\u00f3rz to w nocy, aby pom\u00f3c sk\u00f3rze pozby\u0107 si\u0119 wszystkich tych wolnych rodnik\u00f3w, spowodowanych przez stres i niszcz\u0105ce sk\u00f3r\u0119 zanieczyszczenia powietrza.  <\/span><\/p>\n<p class=\"tw-data-text tw-text-large tw-ta\" dir=\"ltr\" data-placeholder=\"Translation\"><strong><span class=\"Y2IQFc\" lang=\"en\">WZBOGACONE O WITAMINY A, C I E<\/span><\/strong><\/p>\n<p class=\"tw-data-text tw-text-large tw-ta\" dir=\"ltr\" data-placeholder=\"Translation\"><span class=\"Y2IQFc\" lang=\"en\">Serum zawiera kompleks multiwitaminowy \u0142\u0105cz\u0105cy witaminy A, C i E, kt\u00f3re zwi\u0119kszaj\u0105 blask i witalno\u015b\u0107 sk\u00f3ry. Wymieszane z infuzj\u0105 z marchwi, serum stymuluje produkcj\u0119 kolagenu i zmniejsza widoczno\u015b\u0107 drobnych linii i zmarszczek.  <\/span><\/p>\n<p class=\"tw-data-text tw-text-large tw-ta\" dir=\"ltr\" data-placeholder=\"Translation\"><strong><span class=\"Y2IQFc\" lang=\"en\">SKUTECZNA FORMU\u0141A PRZECIWSTARZENIOWA  <\/span><\/strong><\/p>\n<p class=\"tw-data-text tw-text-large tw-ta\" dir=\"ltr\" data-placeholder=\"Translation\"><span class=\"Y2IQFc\" lang=\"en\">Dzi\u0119ki naturalnym w\u0142a\u015bciwo\u015bciom przeciwstarzeniowym i przeciwzmarszczkowym, to serum mo\u017ce skutecznie zmniejszy\u0107 wygl\u0105d plam starczych, skaz, zmarszczek i drobnych linii. Ponadto \u015bci\u0105ga pory i poprawia skuteczno\u015b\u0107 dzia\u0142ania Twoich filtr\u00f3w przeciws\u0142onecznych i balsam\u00f3w, nadaj\u0105c Ci promienny i zdrowy blask.  <\/span><\/p>\n<p class=\"tw-data-text tw-text-large tw-ta\" dir=\"ltr\" data-placeholder=\"Translation\"><strong><span class=\"Y2IQFc\" lang=\"en\">SUPERFOOD DLA TWOJEJ SK\u00d3RY BEZ T\u0141USTYCH POZOSTA\u0141O\u015aCI  <\/span><\/strong><\/p>\n<p class=\"tw-data-text tw-text-large tw-ta\" dir=\"ltr\" data-placeholder=\"Translation\"><span class=\"Y2IQFc\" lang=\"en\">Nasze serum premium \u015bwietnie czuje si\u0119 na sk\u00f3rze, szybko si\u0119 wch\u0142ania i jest idealne dla wszystkich typ\u00f3w sk\u00f3ry.<\/span><\/p>\n<p class=\"tw-data-text tw-text-large tw-ta\" dir=\"ltr\" data-placeholder=\"Translation\">\n","protected":false},"excerpt":{"rendered":"<h4>Szybko dzia\u0142aj\u0105ce, przyjazne dla wegan przeciwstarzeniowe serum do twarzy dla sk\u00f3ry dojrza\u0142ej.<\/h4>\n","protected":false},"featured_media":4911,"template":"","meta":{"site-sidebar-layout":"default","site-content-layout":"default","ast-site-content-layout":"default","site-content-style":"default","site-sidebar-style":"default","ast-global-header-display":"","ast-banner-title-visibility":"","ast-main-header-display":"","ast-hfb-above-header-display":"","ast-hfb-below-header-display":"","ast-hfb-mobile-header-display":"","site-post-title":"","ast-breadcrumbs-content":"","ast-featured-img":"","footer-sml-layout":"","theme-transparent-header-meta":"default","adv-header-id-meta":"","stick-header-meta":"default","header-above-stick-meta":"","header-main-stick-meta":"","header-below-stick-meta":"","astra-migrate-meta-layouts":"default","ast-page-background-enabled":"default","ast-page-background-meta":{"desktop":{"background-color":"","background-image":"","background-repeat":"repeat","background-position":"center center","background-size":"auto","background-attachment":"scroll","background-type":"","background-media":"","overlay-type":"","overlay-color":"","overlay-opacity":"","overlay-gradient":""},"tablet":{"background-color":"","background-image":"","background-repeat":"repeat","background-position":"center center","background-size":"auto","background-attachment":"scroll","background-type":"","background-media":"","overlay-type":"","overlay-color":"","overlay-opacity":"","overlay-gradient":""},"mobile":{"background-color":"","background-image":"","background-repeat":"repeat","background-position":"center center","background-size":"auto","background-attachment":"scroll","background-type":"","background-media":"","overlay-type":"","overlay-color":"","overlay-opacity":"","overlay-gradient":""}},"ast-content-background-meta":{"desktop":{"background-color":"var(--ast-global-color-5)","background-image":"","background-repeat":"repeat","background-position":"center center","background-size":"auto","background-attachment":"scroll","background-type":"","background-media":"","overlay-type":"","overlay-color":"","overlay-opacity":"","overlay-gradient":""},"tablet":{"background-color":"var(--ast-global-color-5)","background-image":"","background-repeat":"repeat","background-position":"center center","background-size":"auto","background-attachment":"scroll","background-type":"","background-media":"","overlay-type":"","overlay-color":"","overlay-opacity":"","overlay-gradient":""},"mobile":{"background-color":"var(--ast-global-color-5)","background-image":"","background-repeat":"repeat","background-position":"center center","background-size":"auto","background-attachment":"scroll","background-type":"","background-media":"","overlay-type":"","overlay-color":"","overlay-opacity":"","overlay-gradient":""}}},"product_cat":[578,575],"product_tag":[],"class_list":{"0":"post-6731","1":"product","2":"type-product","3":"status-publish","4":"has-post-thumbnail","6":"product_cat-anti-aging-pl","7":"product_cat-naturalne-piekno","8":"has-subscription-plans","9":"desktop-align-left","10":"tablet-align-left","11":"mobile-align-left","13":"first","14":"outofstock","15":"taxable","16":"shipping-taxable","17":"purchasable","18":"product-type-simple"},"yoast_head":"<!-- This site is optimized with the Yoast SEO plugin v22.7 - https:\/\/yoast.com\/wordpress\/plugins\/seo\/ -->\n<title>Vitamin C Serum Krem do twarzy z kwasem hialuronowym (50ml) - JeaKen<\/title>\n<meta name=\"robots\" content=\"index, follow, max-snippet:-1, max-image-preview:large, max-video-preview:-1\" \/>\n<link rel=\"canonical\" href=\"https:\/\/jeaken.com\/pl\/produkt\/serum-a-la-vitamine-c-pour-le-visage-a-lacide-hyaluronique-serums-pour-le-visage-pour-peaux-matures-enrichis-de-vitamines-a-e-meilleur-serum-anti-age-pour-le-visage-que-le-serum-au-retinol-et-le\/\" \/>\n<meta property=\"og:locale\" content=\"pl_PL\" \/>\n<meta property=\"og:type\" content=\"article\" \/>\n<meta property=\"og:title\" content=\"Vitamin C Serum Krem do twarzy z kwasem hialuronowym (50ml) - JeaKen\" \/>\n<meta property=\"og:description\" content=\"Szybko dzia\u0142aj\u0105ce, przyjazne dla wegan przeciwstarzeniowe serum do twarzy dla sk\u00f3ry dojrza\u0142ej.\" \/>\n<meta property=\"og:url\" content=\"https:\/\/jeaken.com\/pl\/produkt\/serum-a-la-vitamine-c-pour-le-visage-a-lacide-hyaluronique-serums-pour-le-visage-pour-peaux-matures-enrichis-de-vitamines-a-e-meilleur-serum-anti-age-pour-le-visage-que-le-serum-au-retinol-et-le\/\" \/>\n<meta property=\"og:site_name\" content=\"JeaKen\" \/>\n<meta property=\"article:modified_time\" content=\"2022-08-14T10:16:32+00:00\" \/>\n<meta property=\"og:image\" content=\"https:\/\/jeaken.com\/wp-content\/uploads\/2022\/07\/71IAOcJXCiL._AC_SL1500_.jpg\" \/>\n\t<meta property=\"og:image:width\" content=\"600\" \/>\n\t<meta property=\"og:image:height\" content=\"600\" \/>\n\t<meta property=\"og:image:type\" content=\"image\/jpeg\" \/>\n<meta name=\"twitter:card\" content=\"summary_large_image\" \/>\n<meta name=\"twitter:label1\" content=\"Est. reading time\" \/>\n\t<meta name=\"twitter:data1\" content=\"1 minute\" \/>\n<script type=\"application\/ld+json\" class=\"yoast-schema-graph\">{\"@context\":\"https:\/\/schema.org\",\"@graph\":[{\"@type\":\"WebPage\",\"@id\":\"https:\/\/jeaken.com\/pl\/produkt\/serum-a-la-vitamine-c-pour-le-visage-a-lacide-hyaluronique-serums-pour-le-visage-pour-peaux-matures-enrichis-de-vitamines-a-e-meilleur-serum-anti-age-pour-le-visage-que-le-serum-au-retinol-et-le\/\",\"url\":\"https:\/\/jeaken.com\/pl\/produkt\/serum-a-la-vitamine-c-pour-le-visage-a-lacide-hyaluronique-serums-pour-le-visage-pour-peaux-matures-enrichis-de-vitamines-a-e-meilleur-serum-anti-age-pour-le-visage-que-le-serum-au-retinol-et-le\/\",\"name\":\"Vitamin C Serum Krem do twarzy z kwasem hialuronowym (50ml) - JeaKen\",\"isPartOf\":{\"@id\":\"https:\/\/jeaken.com\/pl\/#website\"},\"primaryImageOfPage\":{\"@id\":\"https:\/\/jeaken.com\/pl\/produkt\/serum-a-la-vitamine-c-pour-le-visage-a-lacide-hyaluronique-serums-pour-le-visage-pour-peaux-matures-enrichis-de-vitamines-a-e-meilleur-serum-anti-age-pour-le-visage-que-le-serum-au-retinol-et-le\/#primaryimage\"},\"image\":{\"@id\":\"https:\/\/jeaken.com\/pl\/produkt\/serum-a-la-vitamine-c-pour-le-visage-a-lacide-hyaluronique-serums-pour-le-visage-pour-peaux-matures-enrichis-de-vitamines-a-e-meilleur-serum-anti-age-pour-le-visage-que-le-serum-au-retinol-et-le\/#primaryimage\"},\"thumbnailUrl\":\"https:\/\/jeaken.com\/wp-content\/uploads\/2022\/07\/71IAOcJXCiL._AC_SL1500_.jpg\",\"datePublished\":\"2022-07-21T18:18:22+00:00\",\"dateModified\":\"2022-08-14T10:16:32+00:00\",\"breadcrumb\":{\"@id\":\"https:\/\/jeaken.com\/pl\/produkt\/serum-a-la-vitamine-c-pour-le-visage-a-lacide-hyaluronique-serums-pour-le-visage-pour-peaux-matures-enrichis-de-vitamines-a-e-meilleur-serum-anti-age-pour-le-visage-que-le-serum-au-retinol-et-le\/#breadcrumb\"},\"inLanguage\":\"pl-PL\",\"potentialAction\":[{\"@type\":\"ReadAction\",\"target\":[\"https:\/\/jeaken.com\/pl\/produkt\/serum-a-la-vitamine-c-pour-le-visage-a-lacide-hyaluronique-serums-pour-le-visage-pour-peaux-matures-enrichis-de-vitamines-a-e-meilleur-serum-anti-age-pour-le-visage-que-le-serum-au-retinol-et-le\/\"]}]},{\"@type\":\"ImageObject\",\"inLanguage\":\"pl-PL\",\"@id\":\"https:\/\/jeaken.com\/pl\/produkt\/serum-a-la-vitamine-c-pour-le-visage-a-lacide-hyaluronique-serums-pour-le-visage-pour-peaux-matures-enrichis-de-vitamines-a-e-meilleur-serum-anti-age-pour-le-visage-que-le-serum-au-retinol-et-le\/#primaryimage\",\"url\":\"https:\/\/jeaken.com\/wp-content\/uploads\/2022\/07\/71IAOcJXCiL._AC_SL1500_.jpg\",\"contentUrl\":\"https:\/\/jeaken.com\/wp-content\/uploads\/2022\/07\/71IAOcJXCiL._AC_SL1500_.jpg\",\"width\":600,\"height\":600,\"caption\":\"Vitamin C Serum Face Cream\"},{\"@type\":\"BreadcrumbList\",\"@id\":\"https:\/\/jeaken.com\/pl\/produkt\/serum-a-la-vitamine-c-pour-le-visage-a-lacide-hyaluronique-serums-pour-le-visage-pour-peaux-matures-enrichis-de-vitamines-a-e-meilleur-serum-anti-age-pour-le-visage-que-le-serum-au-retinol-et-le\/#breadcrumb\",\"itemListElement\":[{\"@type\":\"ListItem\",\"position\":1,\"name\":\"Home\",\"item\":\"https:\/\/jeaken.com\/pl\/\"},{\"@type\":\"ListItem\",\"position\":2,\"name\":\"Private: Shop\",\"item\":\"https:\/\/jeaken.com\/shop\/\"},{\"@type\":\"ListItem\",\"position\":3,\"name\":\"Vitamin C Serum Krem do twarzy z kwasem hialuronowym (50ml)\"}]},{\"@type\":\"WebSite\",\"@id\":\"https:\/\/jeaken.com\/pl\/#website\",\"url\":\"https:\/\/jeaken.com\/pl\/\",\"name\":\"JeaKen\",\"description\":\"Organic Supplements for Health, Fitness and Nutrition\",\"publisher\":{\"@id\":\"https:\/\/jeaken.com\/pl\/#organization\"},\"potentialAction\":[{\"@type\":\"SearchAction\",\"target\":{\"@type\":\"EntryPoint\",\"urlTemplate\":\"https:\/\/jeaken.com\/pl\/?s={search_term_string}\"},\"query-input\":\"required name=search_term_string\"}],\"inLanguage\":\"pl-PL\"},{\"@type\":\"Organization\",\"@id\":\"https:\/\/jeaken.com\/pl\/#organization\",\"name\":\"JeaKen\",\"url\":\"https:\/\/jeaken.com\/pl\/\",\"logo\":{\"@type\":\"ImageObject\",\"inLanguage\":\"pl-PL\",\"@id\":\"https:\/\/jeaken.com\/pl\/#\/schema\/logo\/image\/\",\"url\":\"https:\/\/jeaken.com\/wp-content\/uploads\/2022\/06\/jeaken-logo-23.png\",\"contentUrl\":\"https:\/\/jeaken.com\/wp-content\/uploads\/2022\/06\/jeaken-logo-23.png\",\"width\":2486,\"height\":736,\"caption\":\"JeaKen\"},\"image\":{\"@id\":\"https:\/\/jeaken.com\/pl\/#\/schema\/logo\/image\/\"}}]}<\/script>\n<!-- \/ Yoast SEO plugin. -->","yoast_head_json":{"title":"Vitamin C Serum Krem do twarzy z kwasem hialuronowym (50ml) - JeaKen","robots":{"index":"index","follow":"follow","max-snippet":"max-snippet:-1","max-image-preview":"max-image-preview:large","max-video-preview":"max-video-preview:-1"},"canonical":"https:\/\/jeaken.com\/pl\/produkt\/serum-a-la-vitamine-c-pour-le-visage-a-lacide-hyaluronique-serums-pour-le-visage-pour-peaux-matures-enrichis-de-vitamines-a-e-meilleur-serum-anti-age-pour-le-visage-que-le-serum-au-retinol-et-le\/","og_locale":"pl_PL","og_type":"article","og_title":"Vitamin C Serum Krem do twarzy z kwasem hialuronowym (50ml) - JeaKen","og_description":"Szybko dzia\u0142aj\u0105ce, przyjazne dla wegan przeciwstarzeniowe serum do twarzy dla sk\u00f3ry dojrza\u0142ej.","og_url":"https:\/\/jeaken.com\/pl\/produkt\/serum-a-la-vitamine-c-pour-le-visage-a-lacide-hyaluronique-serums-pour-le-visage-pour-peaux-matures-enrichis-de-vitamines-a-e-meilleur-serum-anti-age-pour-le-visage-que-le-serum-au-retinol-et-le\/","og_site_name":"JeaKen","article_modified_time":"2022-08-14T10:16:32+00:00","og_image":[{"width":600,"height":600,"url":"https:\/\/jeaken.com\/wp-content\/uploads\/2022\/07\/71IAOcJXCiL._AC_SL1500_.jpg","type":"image\/jpeg"}],"twitter_card":"summary_large_image","twitter_misc":{"Est. reading time":"1 minute"},"schema":{"@context":"https:\/\/schema.org","@graph":[{"@type":"WebPage","@id":"https:\/\/jeaken.com\/pl\/produkt\/serum-a-la-vitamine-c-pour-le-visage-a-lacide-hyaluronique-serums-pour-le-visage-pour-peaux-matures-enrichis-de-vitamines-a-e-meilleur-serum-anti-age-pour-le-visage-que-le-serum-au-retinol-et-le\/","url":"https:\/\/jeaken.com\/pl\/produkt\/serum-a-la-vitamine-c-pour-le-visage-a-lacide-hyaluronique-serums-pour-le-visage-pour-peaux-matures-enrichis-de-vitamines-a-e-meilleur-serum-anti-age-pour-le-visage-que-le-serum-au-retinol-et-le\/","name":"Vitamin C Serum Krem do twarzy z kwasem hialuronowym (50ml) - JeaKen","isPartOf":{"@id":"https:\/\/jeaken.com\/pl\/#website"},"primaryImageOfPage":{"@id":"https:\/\/jeaken.com\/pl\/produkt\/serum-a-la-vitamine-c-pour-le-visage-a-lacide-hyaluronique-serums-pour-le-visage-pour-peaux-matures-enrichis-de-vitamines-a-e-meilleur-serum-anti-age-pour-le-visage-que-le-serum-au-retinol-et-le\/#primaryimage"},"image":{"@id":"https:\/\/jeaken.com\/pl\/produkt\/serum-a-la-vitamine-c-pour-le-visage-a-lacide-hyaluronique-serums-pour-le-visage-pour-peaux-matures-enrichis-de-vitamines-a-e-meilleur-serum-anti-age-pour-le-visage-que-le-serum-au-retinol-et-le\/#primaryimage"},"thumbnailUrl":"https:\/\/jeaken.com\/wp-content\/uploads\/2022\/07\/71IAOcJXCiL._AC_SL1500_.jpg","datePublished":"2022-07-21T18:18:22+00:00","dateModified":"2022-08-14T10:16:32+00:00","breadcrumb":{"@id":"https:\/\/jeaken.com\/pl\/produkt\/serum-a-la-vitamine-c-pour-le-visage-a-lacide-hyaluronique-serums-pour-le-visage-pour-peaux-matures-enrichis-de-vitamines-a-e-meilleur-serum-anti-age-pour-le-visage-que-le-serum-au-retinol-et-le\/#breadcrumb"},"inLanguage":"pl-PL","potentialAction":[{"@type":"ReadAction","target":["https:\/\/jeaken.com\/pl\/produkt\/serum-a-la-vitamine-c-pour-le-visage-a-lacide-hyaluronique-serums-pour-le-visage-pour-peaux-matures-enrichis-de-vitamines-a-e-meilleur-serum-anti-age-pour-le-visage-que-le-serum-au-retinol-et-le\/"]}]},{"@type":"ImageObject","inLanguage":"pl-PL","@id":"https:\/\/jeaken.com\/pl\/produkt\/serum-a-la-vitamine-c-pour-le-visage-a-lacide-hyaluronique-serums-pour-le-visage-pour-peaux-matures-enrichis-de-vitamines-a-e-meilleur-serum-anti-age-pour-le-visage-que-le-serum-au-retinol-et-le\/#primaryimage","url":"https:\/\/jeaken.com\/wp-content\/uploads\/2022\/07\/71IAOcJXCiL._AC_SL1500_.jpg","contentUrl":"https:\/\/jeaken.com\/wp-content\/uploads\/2022\/07\/71IAOcJXCiL._AC_SL1500_.jpg","width":600,"height":600,"caption":"Vitamin C Serum Face Cream"},{"@type":"BreadcrumbList","@id":"https:\/\/jeaken.com\/pl\/produkt\/serum-a-la-vitamine-c-pour-le-visage-a-lacide-hyaluronique-serums-pour-le-visage-pour-peaux-matures-enrichis-de-vitamines-a-e-meilleur-serum-anti-age-pour-le-visage-que-le-serum-au-retinol-et-le\/#breadcrumb","itemListElement":[{"@type":"ListItem","position":1,"name":"Home","item":"https:\/\/jeaken.com\/pl\/"},{"@type":"ListItem","position":2,"name":"Private: Shop","item":"https:\/\/jeaken.com\/shop\/"},{"@type":"ListItem","position":3,"name":"Vitamin C Serum Krem do twarzy z kwasem hialuronowym (50ml)"}]},{"@type":"WebSite","@id":"https:\/\/jeaken.com\/pl\/#website","url":"https:\/\/jeaken.com\/pl\/","name":"JeaKen","description":"Organic Supplements for Health, Fitness and Nutrition","publisher":{"@id":"https:\/\/jeaken.com\/pl\/#organization"},"potentialAction":[{"@type":"SearchAction","target":{"@type":"EntryPoint","urlTemplate":"https:\/\/jeaken.com\/pl\/?s={search_term_string}"},"query-input":"required name=search_term_string"}],"inLanguage":"pl-PL"},{"@type":"Organization","@id":"https:\/\/jeaken.com\/pl\/#organization","name":"JeaKen","url":"https:\/\/jeaken.com\/pl\/","logo":{"@type":"ImageObject","inLanguage":"pl-PL","@id":"https:\/\/jeaken.com\/pl\/#\/schema\/logo\/image\/","url":"https:\/\/jeaken.com\/wp-content\/uploads\/2022\/06\/jeaken-logo-23.png","contentUrl":"https:\/\/jeaken.com\/wp-content\/uploads\/2022\/06\/jeaken-logo-23.png","width":2486,"height":736,"caption":"JeaKen"},"image":{"@id":"https:\/\/jeaken.com\/pl\/#\/schema\/logo\/image\/"}}]}},"jetpack_sharing_enabled":true,"_links":{"self":[{"href":"https:\/\/jeaken.com\/pl\/wp-json\/wp\/v2\/product\/6731","targetHints":{"allow":["GET"]}}],"collection":[{"href":"https:\/\/jeaken.com\/pl\/wp-json\/wp\/v2\/product"}],"about":[{"href":"https:\/\/jeaken.com\/pl\/wp-json\/wp\/v2\/types\/product"}],"wp:featuredmedia":[{"embeddable":true,"href":"https:\/\/jeaken.com\/pl\/wp-json\/wp\/v2\/media\/4911"}],"wp:attachment":[{"href":"https:\/\/jeaken.com\/pl\/wp-json\/wp\/v2\/media?parent=6731"}],"wp:term":[{"taxonomy":"product_cat","embeddable":true,"href":"https:\/\/jeaken.com\/pl\/wp-json\/wp\/v2\/product_cat?post=6731"},{"taxonomy":"product_tag","embeddable":true,"href":"https:\/\/jeaken.com\/pl\/wp-json\/wp\/v2\/product_tag?post=6731"}],"curies":[{"name":"wp","href":"https:\/\/api.w.org\/{rel}","templated":true}]}}