{"id":6729,"date":"2022-07-21T19:18:22","date_gmt":"2022-07-21T18:18:22","guid":{"rendered":"https:\/1658920591610?product=lions-mane-mushroom-capsules-nootropics-suplement-dla-poprawy-funkcji-poznawczych-i-ukladu-odpornosciowego-5000mg"},"modified":"2022-09-08T13:46:43","modified_gmt":"2022-09-08T12:46:43","slug":"kapsulki-z-grzybem-lwim","status":"publish","type":"product","link":"https:\/\/jeaken.com\/pl\/produkt\/kapsulki-z-grzybem-lwim\/","title":{"rendered":"Lion&#8217;s Mane Mushroom Capsules &#8211; Nootropics Suplement dla poprawy funkcji poznawczych i uk\u0142adu odporno\u015bciowego. 5000mg."},"content":{"rendered":"<p><strong><span class=\"a-list-item a-size-base\">WSPOMAGA FUNKCJE POZNAWCZE  <\/span><\/strong><\/p>\n<p><span class=\"a-list-item a-size-base\">  Lion&#8217;s Mane zapewnia jest sprawdzonym wzmacniaczem m\u00f3zgu, co czyni go popularnym suplementem dla tych, kt\u00f3rzy pracuj\u0105 lub ucz\u0105 si\u0119. Opr\u00f3cz zwi\u0119kszenia pami\u0119ci, nasze kapsu\u0142ki mog\u0105 pom\u00f3c w oczyszczeniu mg\u0142y umys\u0142owej, jak r\u00f3wnie\u017c zapewni\u0107 wsparcie dla m\u00f3zgu i uk\u0142adu nerwowego.<\/span><\/p>\n<p><strong style=\"font-size: 16px;\"><br \/>\nWSPOMAGA ZDROWIE STAW\u00d3W<\/strong><\/p>\n<p><span style=\"font-size: 16px;\">Nasze sprawdzone kapsu\u0142ki skutecznie wspieraj\u0105 zdrowie staw\u00f3w, a tak\u017ce wzmacniaj\u0105 uk\u0142ad odporno\u015bciowy.<\/span><\/p>\n<p>&nbsp;<\/p>\n<p><strong>POPRAWIA ZDROWIE UK\u0141ADU ODDECHOWEGO<\/strong><\/p>\n<p>Ekstrakt z Reishi znany jest z tego, \u017ce pomaga w przewlek\u0142ych schorzeniach uk\u0142adu oddechowego.<\/p>\n<p>&nbsp;<\/p>\n<p><strong>REGULUJE HORMONY<\/strong><\/p>\n<p>Nasze kapsu\u0142ki bardzo skutecznie pomagaj\u0105 w regulacji hormon\u00f3w. R\u00f3wnowaga hormonalna jest kluczem do regulacji funkcji zmys\u0142owych, regulacji nastroju i wielu innych.<\/p>\n<p>&nbsp;<\/p>\n<p><strong>EKSTRAKT Z GRZYB\u00d3W 10:1<\/strong><\/p>\n<p>Grzyby maj\u0105 tward\u0105 \u015bcian\u0119 kom\u00f3rkow\u0105 zbudowan\u0105 z chityny, kt\u00f3r\u0105 ludzie ci\u0119\u017cko trawi\u0105. Ta \u015bciana kom\u00f3rkowa ogranicza nasz dost\u0119p do wa\u017cnych zwi\u0105zk\u00f3w leczniczych, kt\u00f3re nadaj\u0105 grzybom ich wspania\u0142e zalety.<\/p>\n<p>&nbsp;<\/p>\n<p><strong>WYPE\u0141NIACZE BEZZIARNOWE<\/strong><\/p>\n<p>Wiele produkt\u00f3w z grzyb\u00f3w leczniczych nie zawiera w rzeczywisto\u015bci \u017cadnych grzyb\u00f3w. Powstaj\u0105 one z systemu korzeniowego grzyba, zwanego grzybni\u0105, a grzybni\u0119 t\u0119 hoduje si\u0119 na ziarnach takich jak ry\u017c, owies czy sorgo.<\/p>\n<p>&nbsp;<\/p>\n<p><strong>WSPOMAGA FUNKCJE POZNAWCZE  <\/strong><\/p>\n<p><span style=\"font-weight: 400;\">Lion&#8217;s Mane to sprawdzony booster poznawczy, kt\u00f3ry jest skuteczny w usuwaniu mg\u0142y umys\u0142owej i zapewnieniu wsparcia dla m\u00f3zgu i uk\u0142adu nerwowego.<\/span><\/p>\n<p>&nbsp;<\/p>\n<p><strong>WZMACNIA UK\u0141AD ODPORNO\u015aCIOWY  <\/strong><\/p>\n<p><span style=\"font-weight: 400;\">Uwa\u017ca si\u0119, \u017ce grzyb Lion&#8217;s Mane poprawia funkcje odporno\u015bciowe i pobudza wzrost dobrych bakterii w jelitach.<\/span><\/p>\n<p>&nbsp;<\/p>\n<p><strong>POMAGA W NATURALNY SPOS\u00d3B ZR\u00d3WNOWA\u017bY\u0106 NASTR\u00d3J  <\/strong><\/p>\n<p><span style=\"font-weight: 400;\">Badania wskazuj\u0105, \u017ce grzyb Lion&#8217;s Mane mo\u017ce pom\u00f3c promowa\u0107 spokojny, zrelaksowany nastr\u00f3j. Ma r\u00f3wnie\u017c w\u0142a\u015bciwo\u015bci regeneruj\u0105ce nerwy, co mo\u017ce przyczyni\u0107 si\u0119 do dobrego zdrowia serca.  <\/span><\/p>\n<p>&nbsp;<\/p>\n","protected":false},"excerpt":{"rendered":"<h4><strong>Skuteczny suplement poznawczy dla poprawy koncentracji i skupienia.  <\/strong><\/h4>\n","protected":false},"featured_media":16169,"template":"","meta":{"site-sidebar-layout":"default","site-content-layout":"default","ast-site-content-layout":"default","site-content-style":"default","site-sidebar-style":"default","ast-global-header-display":"","ast-banner-title-visibility":"","ast-main-header-display":"","ast-hfb-above-header-display":"","ast-hfb-below-header-display":"","ast-hfb-mobile-header-display":"","site-post-title":"","ast-breadcrumbs-content":"","ast-featured-img":"","footer-sml-layout":"","theme-transparent-header-meta":"default","adv-header-id-meta":"","stick-header-meta":"default","header-above-stick-meta":"","header-main-stick-meta":"","header-below-stick-meta":"","astra-migrate-meta-layouts":"default","ast-page-background-enabled":"default","ast-page-background-meta":{"desktop":{"background-color":"","background-image":"","background-repeat":"repeat","background-position":"center center","background-size":"auto","background-attachment":"scroll","background-type":"","background-media":"","overlay-type":"","overlay-color":"","overlay-opacity":"","overlay-gradient":""},"tablet":{"background-color":"","background-image":"","background-repeat":"repeat","background-position":"center center","background-size":"auto","background-attachment":"scroll","background-type":"","background-media":"","overlay-type":"","overlay-color":"","overlay-opacity":"","overlay-gradient":""},"mobile":{"background-color":"","background-image":"","background-repeat":"repeat","background-position":"center center","background-size":"auto","background-attachment":"scroll","background-type":"","background-media":"","overlay-type":"","overlay-color":"","overlay-opacity":"","overlay-gradient":""}},"ast-content-background-meta":{"desktop":{"background-color":"var(--ast-global-color-5)","background-image":"","background-repeat":"repeat","background-position":"center center","background-size":"auto","background-attachment":"scroll","background-type":"","background-media":"","overlay-type":"","overlay-color":"","overlay-opacity":"","overlay-gradient":""},"tablet":{"background-color":"var(--ast-global-color-5)","background-image":"","background-repeat":"repeat","background-position":"center center","background-size":"auto","background-attachment":"scroll","background-type":"","background-media":"","overlay-type":"","overlay-color":"","overlay-opacity":"","overlay-gradient":""},"mobile":{"background-color":"var(--ast-global-color-5)","background-image":"","background-repeat":"repeat","background-position":"center center","background-size":"auto","background-attachment":"scroll","background-type":"","background-media":"","overlay-type":"","overlay-color":"","overlay-opacity":"","overlay-gradient":""}}},"product_cat":[550,568,567,543],"product_tag":[],"class_list":{"0":"post-6729","1":"product","2":"type-product","3":"status-publish","4":"has-post-thumbnail","6":"product_cat-nastroj-i-dobre-samopoczucie","7":"product_cat-suplementy-diety","8":"product_cat-wzmacniacze-mozgu","9":"product_cat-zdrowie-ukladu-odpornosciowego","10":"has-subscription-plans","11":"desktop-align-left","12":"tablet-align-left","13":"mobile-align-left","15":"first","16":"instock","17":"sale","18":"taxable","19":"shipping-taxable","20":"purchasable","21":"product-type-simple"},"yoast_head":"<!-- This site is optimized with the Yoast SEO plugin v22.7 - https:\/\/yoast.com\/wordpress\/plugins\/seo\/ -->\n<title>Lion&#039;s Mane Mushroom Capsules - Nootropics Suplement dla poprawy funkcji poznawczych i uk\u0142adu odporno\u015bciowego. 5000mg. - JeaKen<\/title>\n<meta name=\"robots\" content=\"index, follow, max-snippet:-1, max-image-preview:large, max-video-preview:-1\" \/>\n<link rel=\"canonical\" href=\"https:\/\/jeaken.com\/pl\/produkt\/kapsulki-z-grzybem-lwim\/\" \/>\n<meta property=\"og:locale\" content=\"pl_PL\" \/>\n<meta property=\"og:type\" content=\"article\" \/>\n<meta property=\"og:title\" content=\"Lion&#039;s Mane Mushroom Capsules - Nootropics Suplement dla poprawy funkcji poznawczych i uk\u0142adu odporno\u015bciowego. 5000mg. - JeaKen\" \/>\n<meta property=\"og:description\" content=\"Skuteczny suplement poznawczy dla poprawy koncentracji i skupienia.\" \/>\n<meta property=\"og:url\" content=\"https:\/\/jeaken.com\/pl\/produkt\/kapsulki-z-grzybem-lwim\/\" \/>\n<meta property=\"og:site_name\" content=\"JeaKen\" \/>\n<meta property=\"article:modified_time\" content=\"2022-09-08T12:46:43+00:00\" \/>\n<meta property=\"og:image\" content=\"https:\/\/jeaken.com\/wp-content\/uploads\/2022\/07\/Lions-Mane.jpg\" \/>\n\t<meta property=\"og:image:width\" content=\"512\" \/>\n\t<meta property=\"og:image:height\" content=\"600\" \/>\n\t<meta property=\"og:image:type\" content=\"image\/jpeg\" \/>\n<meta name=\"twitter:card\" content=\"summary_large_image\" \/>\n<meta name=\"twitter:label1\" content=\"Est. reading time\" \/>\n\t<meta name=\"twitter:data1\" content=\"2 minutes\" \/>\n<script type=\"application\/ld+json\" class=\"yoast-schema-graph\">{\"@context\":\"https:\/\/schema.org\",\"@graph\":[{\"@type\":\"WebPage\",\"@id\":\"https:\/\/jeaken.com\/pl\/produkt\/kapsulki-z-grzybem-lwim\/\",\"url\":\"https:\/\/jeaken.com\/pl\/produkt\/kapsulki-z-grzybem-lwim\/\",\"name\":\"Lion's Mane Mushroom Capsules - Nootropics Suplement dla poprawy funkcji poznawczych i uk\u0142adu odporno\u015bciowego. 5000mg. - JeaKen\",\"isPartOf\":{\"@id\":\"https:\/\/jeaken.com\/pl\/#website\"},\"primaryImageOfPage\":{\"@id\":\"https:\/\/jeaken.com\/pl\/produkt\/kapsulki-z-grzybem-lwim\/#primaryimage\"},\"image\":{\"@id\":\"https:\/\/jeaken.com\/pl\/produkt\/kapsulki-z-grzybem-lwim\/#primaryimage\"},\"thumbnailUrl\":\"https:\/\/jeaken.com\/wp-content\/uploads\/2022\/07\/Lions-Mane.jpg\",\"datePublished\":\"2022-07-21T18:18:22+00:00\",\"dateModified\":\"2022-09-08T12:46:43+00:00\",\"breadcrumb\":{\"@id\":\"https:\/\/jeaken.com\/pl\/produkt\/kapsulki-z-grzybem-lwim\/#breadcrumb\"},\"inLanguage\":\"pl-PL\",\"potentialAction\":[{\"@type\":\"ReadAction\",\"target\":[\"https:\/\/jeaken.com\/pl\/produkt\/kapsulki-z-grzybem-lwim\/\"]}]},{\"@type\":\"ImageObject\",\"inLanguage\":\"pl-PL\",\"@id\":\"https:\/\/jeaken.com\/pl\/produkt\/kapsulki-z-grzybem-lwim\/#primaryimage\",\"url\":\"https:\/\/jeaken.com\/wp-content\/uploads\/2022\/07\/Lions-Mane.jpg\",\"contentUrl\":\"https:\/\/jeaken.com\/wp-content\/uploads\/2022\/07\/Lions-Mane.jpg\",\"width\":512,\"height\":600,\"caption\":\"Lion\u2019s Mane\"},{\"@type\":\"BreadcrumbList\",\"@id\":\"https:\/\/jeaken.com\/pl\/produkt\/kapsulki-z-grzybem-lwim\/#breadcrumb\",\"itemListElement\":[{\"@type\":\"ListItem\",\"position\":1,\"name\":\"Home\",\"item\":\"https:\/\/jeaken.com\/pl\/\"},{\"@type\":\"ListItem\",\"position\":2,\"name\":\"Private: Shop\",\"item\":\"https:\/\/jeaken.com\/shop\/\"},{\"@type\":\"ListItem\",\"position\":3,\"name\":\"Lion&#8217;s Mane Mushroom Capsules &#8211; Nootropics Suplement dla poprawy funkcji poznawczych i uk\u0142adu odporno\u015bciowego. 5000mg.\"}]},{\"@type\":\"WebSite\",\"@id\":\"https:\/\/jeaken.com\/pl\/#website\",\"url\":\"https:\/\/jeaken.com\/pl\/\",\"name\":\"JeaKen\",\"description\":\"Organic Supplements for Health, Fitness and Nutrition\",\"publisher\":{\"@id\":\"https:\/\/jeaken.com\/pl\/#organization\"},\"potentialAction\":[{\"@type\":\"SearchAction\",\"target\":{\"@type\":\"EntryPoint\",\"urlTemplate\":\"https:\/\/jeaken.com\/pl\/?s={search_term_string}\"},\"query-input\":\"required name=search_term_string\"}],\"inLanguage\":\"pl-PL\"},{\"@type\":\"Organization\",\"@id\":\"https:\/\/jeaken.com\/pl\/#organization\",\"name\":\"JeaKen\",\"url\":\"https:\/\/jeaken.com\/pl\/\",\"logo\":{\"@type\":\"ImageObject\",\"inLanguage\":\"pl-PL\",\"@id\":\"https:\/\/jeaken.com\/pl\/#\/schema\/logo\/image\/\",\"url\":\"https:\/\/jeaken.com\/wp-content\/uploads\/2022\/06\/jeaken-logo-23.png\",\"contentUrl\":\"https:\/\/jeaken.com\/wp-content\/uploads\/2022\/06\/jeaken-logo-23.png\",\"width\":2486,\"height\":736,\"caption\":\"JeaKen\"},\"image\":{\"@id\":\"https:\/\/jeaken.com\/pl\/#\/schema\/logo\/image\/\"}}]}<\/script>\n<!-- \/ Yoast SEO plugin. -->","yoast_head_json":{"title":"Lion's Mane Mushroom Capsules - Nootropics Suplement dla poprawy funkcji poznawczych i uk\u0142adu odporno\u015bciowego. 5000mg. - JeaKen","robots":{"index":"index","follow":"follow","max-snippet":"max-snippet:-1","max-image-preview":"max-image-preview:large","max-video-preview":"max-video-preview:-1"},"canonical":"https:\/\/jeaken.com\/pl\/produkt\/kapsulki-z-grzybem-lwim\/","og_locale":"pl_PL","og_type":"article","og_title":"Lion's Mane Mushroom Capsules - Nootropics Suplement dla poprawy funkcji poznawczych i uk\u0142adu odporno\u015bciowego. 5000mg. - JeaKen","og_description":"Skuteczny suplement poznawczy dla poprawy koncentracji i skupienia.","og_url":"https:\/\/jeaken.com\/pl\/produkt\/kapsulki-z-grzybem-lwim\/","og_site_name":"JeaKen","article_modified_time":"2022-09-08T12:46:43+00:00","og_image":[{"width":512,"height":600,"url":"https:\/\/jeaken.com\/wp-content\/uploads\/2022\/07\/Lions-Mane.jpg","type":"image\/jpeg"}],"twitter_card":"summary_large_image","twitter_misc":{"Est. reading time":"2 minutes"},"schema":{"@context":"https:\/\/schema.org","@graph":[{"@type":"WebPage","@id":"https:\/\/jeaken.com\/pl\/produkt\/kapsulki-z-grzybem-lwim\/","url":"https:\/\/jeaken.com\/pl\/produkt\/kapsulki-z-grzybem-lwim\/","name":"Lion's Mane Mushroom Capsules - Nootropics Suplement dla poprawy funkcji poznawczych i uk\u0142adu odporno\u015bciowego. 5000mg. - JeaKen","isPartOf":{"@id":"https:\/\/jeaken.com\/pl\/#website"},"primaryImageOfPage":{"@id":"https:\/\/jeaken.com\/pl\/produkt\/kapsulki-z-grzybem-lwim\/#primaryimage"},"image":{"@id":"https:\/\/jeaken.com\/pl\/produkt\/kapsulki-z-grzybem-lwim\/#primaryimage"},"thumbnailUrl":"https:\/\/jeaken.com\/wp-content\/uploads\/2022\/07\/Lions-Mane.jpg","datePublished":"2022-07-21T18:18:22+00:00","dateModified":"2022-09-08T12:46:43+00:00","breadcrumb":{"@id":"https:\/\/jeaken.com\/pl\/produkt\/kapsulki-z-grzybem-lwim\/#breadcrumb"},"inLanguage":"pl-PL","potentialAction":[{"@type":"ReadAction","target":["https:\/\/jeaken.com\/pl\/produkt\/kapsulki-z-grzybem-lwim\/"]}]},{"@type":"ImageObject","inLanguage":"pl-PL","@id":"https:\/\/jeaken.com\/pl\/produkt\/kapsulki-z-grzybem-lwim\/#primaryimage","url":"https:\/\/jeaken.com\/wp-content\/uploads\/2022\/07\/Lions-Mane.jpg","contentUrl":"https:\/\/jeaken.com\/wp-content\/uploads\/2022\/07\/Lions-Mane.jpg","width":512,"height":600,"caption":"Lion\u2019s Mane"},{"@type":"BreadcrumbList","@id":"https:\/\/jeaken.com\/pl\/produkt\/kapsulki-z-grzybem-lwim\/#breadcrumb","itemListElement":[{"@type":"ListItem","position":1,"name":"Home","item":"https:\/\/jeaken.com\/pl\/"},{"@type":"ListItem","position":2,"name":"Private: Shop","item":"https:\/\/jeaken.com\/shop\/"},{"@type":"ListItem","position":3,"name":"Lion&#8217;s Mane Mushroom Capsules &#8211; Nootropics Suplement dla poprawy funkcji poznawczych i uk\u0142adu odporno\u015bciowego. 5000mg."}]},{"@type":"WebSite","@id":"https:\/\/jeaken.com\/pl\/#website","url":"https:\/\/jeaken.com\/pl\/","name":"JeaKen","description":"Organic Supplements for Health, Fitness and Nutrition","publisher":{"@id":"https:\/\/jeaken.com\/pl\/#organization"},"potentialAction":[{"@type":"SearchAction","target":{"@type":"EntryPoint","urlTemplate":"https:\/\/jeaken.com\/pl\/?s={search_term_string}"},"query-input":"required name=search_term_string"}],"inLanguage":"pl-PL"},{"@type":"Organization","@id":"https:\/\/jeaken.com\/pl\/#organization","name":"JeaKen","url":"https:\/\/jeaken.com\/pl\/","logo":{"@type":"ImageObject","inLanguage":"pl-PL","@id":"https:\/\/jeaken.com\/pl\/#\/schema\/logo\/image\/","url":"https:\/\/jeaken.com\/wp-content\/uploads\/2022\/06\/jeaken-logo-23.png","contentUrl":"https:\/\/jeaken.com\/wp-content\/uploads\/2022\/06\/jeaken-logo-23.png","width":2486,"height":736,"caption":"JeaKen"},"image":{"@id":"https:\/\/jeaken.com\/pl\/#\/schema\/logo\/image\/"}}]}},"jetpack_sharing_enabled":true,"_links":{"self":[{"href":"https:\/\/jeaken.com\/pl\/wp-json\/wp\/v2\/product\/6729","targetHints":{"allow":["GET"]}}],"collection":[{"href":"https:\/\/jeaken.com\/pl\/wp-json\/wp\/v2\/product"}],"about":[{"href":"https:\/\/jeaken.com\/pl\/wp-json\/wp\/v2\/types\/product"}],"wp:featuredmedia":[{"embeddable":true,"href":"https:\/\/jeaken.com\/pl\/wp-json\/wp\/v2\/media\/16169"}],"wp:attachment":[{"href":"https:\/\/jeaken.com\/pl\/wp-json\/wp\/v2\/media?parent=6729"}],"wp:term":[{"taxonomy":"product_cat","embeddable":true,"href":"https:\/\/jeaken.com\/pl\/wp-json\/wp\/v2\/product_cat?post=6729"},{"taxonomy":"product_tag","embeddable":true,"href":"https:\/\/jeaken.com\/pl\/wp-json\/wp\/v2\/product_tag?post=6729"}],"curies":[{"name":"wp","href":"https:\/\/api.w.org\/{rel}","templated":true}]}}