{"id":6728,"date":"2022-07-21T19:18:22","date_gmt":"2022-07-21T18:18:22","guid":{"rendered":"https:\/1658920591610?product=strawberry-flavour-nutrient-dense-complete-meal-shake"},"modified":"2022-08-09T13:27:42","modified_gmt":"2022-08-09T12:27:42","slug":"strawberry-flavour-nutrient-dense-complete-meal-shake","status":"publish","type":"product","link":"https:\/\/jeaken.com\/pl\/produkt\/strawberry-flavour-nutrient-dense-complete-meal-shake\/","title":{"rendered":"Strawberry Flavour Nutrient-Dense Complete Meal Shake."},"content":{"rendered":"<p><strong><span class=\"a-list-item\">SKUTECZNA KONTROLA UTRATY WAGI  <\/span><\/strong><\/p>\n<p><span class=\"a-list-item\">  Nasz koktajl zast\u0119puj\u0105cy posi\u0142ek ma za zadanie sprawi\u0107, \u017ce poczujesz si\u0119 pewnie wewn\u0105trz i na zewn\u0105trz. Mo\u017cesz wspiera\u0107 swoje cele zwi\u0105zane z utrat\u0105 wagi, zamieniaj\u0105c jeden do dw\u00f3ch posi\u0142k\u00f3w dziennie na nasze pyszne, \u0142atwe do zrobienia koktajle dietetyczne!  <\/span><\/p>\n<p><span class=\"a-list-item\"><strong>ZAWIERA 24 NIEZB\u0118DNE WITAMINY I MINERA\u0141Y<\/strong> <\/span><\/p>\n<p><span class=\"a-list-item\">Ten zdrowy koktajl oferuje idealn\u0105 mieszank\u0119 witamin i minera\u0142\u00f3w, aby utrzyma\u0107 wygl\u0105d i samopoczucie i utrzyma\u0107 i zdrow\u0105, zr\u00f3wnowa\u017con\u0105 diet\u0119.<\/span><\/p>\n<p><strong><span class=\"a-list-item\">KONTROLUJE POZIOM CUKRU WE KRWI<\/span><\/strong><\/p>\n<p><span class=\"a-list-item\">Nasz pot\u0119\u017cny shake jest sformu\u0142owany z chromem, aby pom\u00f3c utrzyma\u0107 normalny poziom cukru we krwi.<\/span><\/p>\n<p><strong><span class=\"a-list-item\">SZYBKI, \u0141ATWY I SYC\u0104CY  <\/span><\/strong><\/p>\n<p><span class=\"a-list-item\">Nasz wygodny koktajl zast\u0119puj\u0105cy posi\u0142ek jest szybki i \u0142atwy w przygotowaniu oraz wype\u0142niony bia\u0142kiem pochodz\u0105cym z wielu \u017ar\u00f3de\u0142, dzi\u0119ki czemu d\u0142u\u017cej zachowasz syto\u015b\u0107 i utrzymasz swoje cele.<\/span><\/p>\n<p>&nbsp;<\/p>\n","protected":false},"excerpt":{"rendered":"<h4 id=\"title\" class=\"a-size-large a-spacing-none\"><span id=\"productTitle\" class=\"a-size-large product-title-word-break\">Wszystkie witaminy, kt\u00f3rych potrzebujesz, aby przyczyni\u0107 si\u0119 do zdrowej, zr\u00f3wnowa\u017conej diety.  <\/span><\/h4>\n","protected":false},"featured_media":2734,"template":"","meta":{"site-sidebar-layout":"default","site-content-layout":"default","ast-site-content-layout":"default","site-content-style":"default","site-sidebar-style":"default","ast-global-header-display":"","ast-banner-title-visibility":"","ast-main-header-display":"","ast-hfb-above-header-display":"","ast-hfb-below-header-display":"","ast-hfb-mobile-header-display":"","site-post-title":"","ast-breadcrumbs-content":"","ast-featured-img":"","footer-sml-layout":"","theme-transparent-header-meta":"default","adv-header-id-meta":"","stick-header-meta":"default","header-above-stick-meta":"","header-main-stick-meta":"","header-below-stick-meta":"","astra-migrate-meta-layouts":"default","ast-page-background-enabled":"default","ast-page-background-meta":{"desktop":{"background-color":"","background-image":"","background-repeat":"repeat","background-position":"center center","background-size":"auto","background-attachment":"scroll","background-type":"","background-media":"","overlay-type":"","overlay-color":"","overlay-opacity":"","overlay-gradient":""},"tablet":{"background-color":"","background-image":"","background-repeat":"repeat","background-position":"center center","background-size":"auto","background-attachment":"scroll","background-type":"","background-media":"","overlay-type":"","overlay-color":"","overlay-opacity":"","overlay-gradient":""},"mobile":{"background-color":"","background-image":"","background-repeat":"repeat","background-position":"center center","background-size":"auto","background-attachment":"scroll","background-type":"","background-media":"","overlay-type":"","overlay-color":"","overlay-opacity":"","overlay-gradient":""}},"ast-content-background-meta":{"desktop":{"background-color":"var(--ast-global-color-5)","background-image":"","background-repeat":"repeat","background-position":"center center","background-size":"auto","background-attachment":"scroll","background-type":"","background-media":"","overlay-type":"","overlay-color":"","overlay-opacity":"","overlay-gradient":""},"tablet":{"background-color":"var(--ast-global-color-5)","background-image":"","background-repeat":"repeat","background-position":"center center","background-size":"auto","background-attachment":"scroll","background-type":"","background-media":"","overlay-type":"","overlay-color":"","overlay-opacity":"","overlay-gradient":""},"mobile":{"background-color":"var(--ast-global-color-5)","background-image":"","background-repeat":"repeat","background-position":"center center","background-size":"auto","background-attachment":"scroll","background-type":"","background-media":"","overlay-type":"","overlay-color":"","overlay-opacity":"","overlay-gradient":""}}},"product_cat":[551],"product_tag":[],"class_list":{"0":"post-6728","1":"product","2":"type-product","3":"status-publish","4":"has-post-thumbnail","6":"product_cat-zywienie-sportowe","7":"has-subscription-plans","8":"desktop-align-left","9":"tablet-align-left","10":"mobile-align-left","12":"first","13":"instock","14":"taxable","15":"shipping-taxable","16":"purchasable","17":"product-type-simple"},"yoast_head":"<!-- This site is optimized with the Yoast SEO plugin v22.7 - https:\/\/yoast.com\/wordpress\/plugins\/seo\/ -->\n<title>Strawberry Flavour Nutrient-Dense Complete Meal Shake. - JeaKen<\/title>\n<meta name=\"robots\" content=\"index, follow, max-snippet:-1, max-image-preview:large, max-video-preview:-1\" \/>\n<link rel=\"canonical\" href=\"https:\/\/jeaken.com\/pl\/produkt\/strawberry-flavour-nutrient-dense-complete-meal-shake\/\" \/>\n<meta property=\"og:locale\" content=\"pl_PL\" \/>\n<meta property=\"og:type\" content=\"article\" \/>\n<meta property=\"og:title\" content=\"Strawberry Flavour Nutrient-Dense Complete Meal Shake. - JeaKen\" \/>\n<meta property=\"og:description\" content=\"Wszystkie witaminy, kt\u00f3rych potrzebujesz, aby przyczyni\u0107 si\u0119 do zdrowej, zr\u00f3wnowa\u017conej diety.\" \/>\n<meta property=\"og:url\" content=\"https:\/\/jeaken.com\/pl\/produkt\/strawberry-flavour-nutrient-dense-complete-meal-shake\/\" \/>\n<meta property=\"og:site_name\" content=\"JeaKen\" \/>\n<meta property=\"article:modified_time\" content=\"2022-08-09T12:27:42+00:00\" \/>\n<meta property=\"og:image\" content=\"https:\/\/jeaken.com\/wp-content\/uploads\/2022\/07\/81YFuX2E2L._AC_SL1500_.jpg\" \/>\n\t<meta property=\"og:image:width\" content=\"600\" \/>\n\t<meta property=\"og:image:height\" content=\"600\" \/>\n\t<meta property=\"og:image:type\" content=\"image\/jpeg\" \/>\n<meta name=\"twitter:card\" content=\"summary_large_image\" \/>\n<meta name=\"twitter:label1\" content=\"Est. reading time\" \/>\n\t<meta name=\"twitter:data1\" content=\"1 minute\" \/>\n<script type=\"application\/ld+json\" class=\"yoast-schema-graph\">{\"@context\":\"https:\/\/schema.org\",\"@graph\":[{\"@type\":\"WebPage\",\"@id\":\"https:\/\/jeaken.com\/pl\/produkt\/strawberry-flavour-nutrient-dense-complete-meal-shake\/\",\"url\":\"https:\/\/jeaken.com\/pl\/produkt\/strawberry-flavour-nutrient-dense-complete-meal-shake\/\",\"name\":\"Strawberry Flavour Nutrient-Dense Complete Meal Shake. - JeaKen\",\"isPartOf\":{\"@id\":\"https:\/\/jeaken.com\/pl\/#website\"},\"primaryImageOfPage\":{\"@id\":\"https:\/\/jeaken.com\/pl\/produkt\/strawberry-flavour-nutrient-dense-complete-meal-shake\/#primaryimage\"},\"image\":{\"@id\":\"https:\/\/jeaken.com\/pl\/produkt\/strawberry-flavour-nutrient-dense-complete-meal-shake\/#primaryimage\"},\"thumbnailUrl\":\"https:\/\/jeaken.com\/wp-content\/uploads\/2022\/07\/81YFuX2E2L._AC_SL1500_.jpg\",\"datePublished\":\"2022-07-21T18:18:22+00:00\",\"dateModified\":\"2022-08-09T12:27:42+00:00\",\"breadcrumb\":{\"@id\":\"https:\/\/jeaken.com\/pl\/produkt\/strawberry-flavour-nutrient-dense-complete-meal-shake\/#breadcrumb\"},\"inLanguage\":\"pl-PL\",\"potentialAction\":[{\"@type\":\"ReadAction\",\"target\":[\"https:\/\/jeaken.com\/pl\/produkt\/strawberry-flavour-nutrient-dense-complete-meal-shake\/\"]}]},{\"@type\":\"ImageObject\",\"inLanguage\":\"pl-PL\",\"@id\":\"https:\/\/jeaken.com\/pl\/produkt\/strawberry-flavour-nutrient-dense-complete-meal-shake\/#primaryimage\",\"url\":\"https:\/\/jeaken.com\/wp-content\/uploads\/2022\/07\/81YFuX2E2L._AC_SL1500_.jpg\",\"contentUrl\":\"https:\/\/jeaken.com\/wp-content\/uploads\/2022\/07\/81YFuX2E2L._AC_SL1500_.jpg\",\"width\":600,\"height\":600,\"caption\":\"Shake Strawberry Nutrient\"},{\"@type\":\"BreadcrumbList\",\"@id\":\"https:\/\/jeaken.com\/pl\/produkt\/strawberry-flavour-nutrient-dense-complete-meal-shake\/#breadcrumb\",\"itemListElement\":[{\"@type\":\"ListItem\",\"position\":1,\"name\":\"Home\",\"item\":\"https:\/\/jeaken.com\/pl\/\"},{\"@type\":\"ListItem\",\"position\":2,\"name\":\"Private: Shop\",\"item\":\"https:\/\/jeaken.com\/shop\/\"},{\"@type\":\"ListItem\",\"position\":3,\"name\":\"Strawberry Flavour Nutrient-Dense Complete Meal Shake.\"}]},{\"@type\":\"WebSite\",\"@id\":\"https:\/\/jeaken.com\/pl\/#website\",\"url\":\"https:\/\/jeaken.com\/pl\/\",\"name\":\"JeaKen\",\"description\":\"Organic Supplements for Health, Fitness and Nutrition\",\"publisher\":{\"@id\":\"https:\/\/jeaken.com\/pl\/#organization\"},\"potentialAction\":[{\"@type\":\"SearchAction\",\"target\":{\"@type\":\"EntryPoint\",\"urlTemplate\":\"https:\/\/jeaken.com\/pl\/?s={search_term_string}\"},\"query-input\":\"required name=search_term_string\"}],\"inLanguage\":\"pl-PL\"},{\"@type\":\"Organization\",\"@id\":\"https:\/\/jeaken.com\/pl\/#organization\",\"name\":\"JeaKen\",\"url\":\"https:\/\/jeaken.com\/pl\/\",\"logo\":{\"@type\":\"ImageObject\",\"inLanguage\":\"pl-PL\",\"@id\":\"https:\/\/jeaken.com\/pl\/#\/schema\/logo\/image\/\",\"url\":\"https:\/\/jeaken.com\/wp-content\/uploads\/2022\/06\/jeaken-logo-23.png\",\"contentUrl\":\"https:\/\/jeaken.com\/wp-content\/uploads\/2022\/06\/jeaken-logo-23.png\",\"width\":2486,\"height\":736,\"caption\":\"JeaKen\"},\"image\":{\"@id\":\"https:\/\/jeaken.com\/pl\/#\/schema\/logo\/image\/\"}}]}<\/script>\n<!-- \/ Yoast SEO plugin. -->","yoast_head_json":{"title":"Strawberry Flavour Nutrient-Dense Complete Meal Shake. - JeaKen","robots":{"index":"index","follow":"follow","max-snippet":"max-snippet:-1","max-image-preview":"max-image-preview:large","max-video-preview":"max-video-preview:-1"},"canonical":"https:\/\/jeaken.com\/pl\/produkt\/strawberry-flavour-nutrient-dense-complete-meal-shake\/","og_locale":"pl_PL","og_type":"article","og_title":"Strawberry Flavour Nutrient-Dense Complete Meal Shake. - JeaKen","og_description":"Wszystkie witaminy, kt\u00f3rych potrzebujesz, aby przyczyni\u0107 si\u0119 do zdrowej, zr\u00f3wnowa\u017conej diety.","og_url":"https:\/\/jeaken.com\/pl\/produkt\/strawberry-flavour-nutrient-dense-complete-meal-shake\/","og_site_name":"JeaKen","article_modified_time":"2022-08-09T12:27:42+00:00","og_image":[{"width":600,"height":600,"url":"https:\/\/jeaken.com\/wp-content\/uploads\/2022\/07\/81YFuX2E2L._AC_SL1500_.jpg","type":"image\/jpeg"}],"twitter_card":"summary_large_image","twitter_misc":{"Est. reading time":"1 minute"},"schema":{"@context":"https:\/\/schema.org","@graph":[{"@type":"WebPage","@id":"https:\/\/jeaken.com\/pl\/produkt\/strawberry-flavour-nutrient-dense-complete-meal-shake\/","url":"https:\/\/jeaken.com\/pl\/produkt\/strawberry-flavour-nutrient-dense-complete-meal-shake\/","name":"Strawberry Flavour Nutrient-Dense Complete Meal Shake. - JeaKen","isPartOf":{"@id":"https:\/\/jeaken.com\/pl\/#website"},"primaryImageOfPage":{"@id":"https:\/\/jeaken.com\/pl\/produkt\/strawberry-flavour-nutrient-dense-complete-meal-shake\/#primaryimage"},"image":{"@id":"https:\/\/jeaken.com\/pl\/produkt\/strawberry-flavour-nutrient-dense-complete-meal-shake\/#primaryimage"},"thumbnailUrl":"https:\/\/jeaken.com\/wp-content\/uploads\/2022\/07\/81YFuX2E2L._AC_SL1500_.jpg","datePublished":"2022-07-21T18:18:22+00:00","dateModified":"2022-08-09T12:27:42+00:00","breadcrumb":{"@id":"https:\/\/jeaken.com\/pl\/produkt\/strawberry-flavour-nutrient-dense-complete-meal-shake\/#breadcrumb"},"inLanguage":"pl-PL","potentialAction":[{"@type":"ReadAction","target":["https:\/\/jeaken.com\/pl\/produkt\/strawberry-flavour-nutrient-dense-complete-meal-shake\/"]}]},{"@type":"ImageObject","inLanguage":"pl-PL","@id":"https:\/\/jeaken.com\/pl\/produkt\/strawberry-flavour-nutrient-dense-complete-meal-shake\/#primaryimage","url":"https:\/\/jeaken.com\/wp-content\/uploads\/2022\/07\/81YFuX2E2L._AC_SL1500_.jpg","contentUrl":"https:\/\/jeaken.com\/wp-content\/uploads\/2022\/07\/81YFuX2E2L._AC_SL1500_.jpg","width":600,"height":600,"caption":"Shake Strawberry Nutrient"},{"@type":"BreadcrumbList","@id":"https:\/\/jeaken.com\/pl\/produkt\/strawberry-flavour-nutrient-dense-complete-meal-shake\/#breadcrumb","itemListElement":[{"@type":"ListItem","position":1,"name":"Home","item":"https:\/\/jeaken.com\/pl\/"},{"@type":"ListItem","position":2,"name":"Private: Shop","item":"https:\/\/jeaken.com\/shop\/"},{"@type":"ListItem","position":3,"name":"Strawberry Flavour Nutrient-Dense Complete Meal Shake."}]},{"@type":"WebSite","@id":"https:\/\/jeaken.com\/pl\/#website","url":"https:\/\/jeaken.com\/pl\/","name":"JeaKen","description":"Organic Supplements for Health, Fitness and Nutrition","publisher":{"@id":"https:\/\/jeaken.com\/pl\/#organization"},"potentialAction":[{"@type":"SearchAction","target":{"@type":"EntryPoint","urlTemplate":"https:\/\/jeaken.com\/pl\/?s={search_term_string}"},"query-input":"required name=search_term_string"}],"inLanguage":"pl-PL"},{"@type":"Organization","@id":"https:\/\/jeaken.com\/pl\/#organization","name":"JeaKen","url":"https:\/\/jeaken.com\/pl\/","logo":{"@type":"ImageObject","inLanguage":"pl-PL","@id":"https:\/\/jeaken.com\/pl\/#\/schema\/logo\/image\/","url":"https:\/\/jeaken.com\/wp-content\/uploads\/2022\/06\/jeaken-logo-23.png","contentUrl":"https:\/\/jeaken.com\/wp-content\/uploads\/2022\/06\/jeaken-logo-23.png","width":2486,"height":736,"caption":"JeaKen"},"image":{"@id":"https:\/\/jeaken.com\/pl\/#\/schema\/logo\/image\/"}}]}},"jetpack_sharing_enabled":true,"_links":{"self":[{"href":"https:\/\/jeaken.com\/pl\/wp-json\/wp\/v2\/product\/6728","targetHints":{"allow":["GET"]}}],"collection":[{"href":"https:\/\/jeaken.com\/pl\/wp-json\/wp\/v2\/product"}],"about":[{"href":"https:\/\/jeaken.com\/pl\/wp-json\/wp\/v2\/types\/product"}],"wp:featuredmedia":[{"embeddable":true,"href":"https:\/\/jeaken.com\/pl\/wp-json\/wp\/v2\/media\/2734"}],"wp:attachment":[{"href":"https:\/\/jeaken.com\/pl\/wp-json\/wp\/v2\/media?parent=6728"}],"wp:term":[{"taxonomy":"product_cat","embeddable":true,"href":"https:\/\/jeaken.com\/pl\/wp-json\/wp\/v2\/product_cat?post=6728"},{"taxonomy":"product_tag","embeddable":true,"href":"https:\/\/jeaken.com\/pl\/wp-json\/wp\/v2\/product_tag?post=6728"}],"curies":[{"name":"wp","href":"https:\/\/api.w.org\/{rel}","templated":true}]}}