{"id":6717,"date":"2022-07-21T19:18:22","date_gmt":"2022-07-21T18:18:22","guid":{"rendered":"https:\/1658920591610?product=koenzym-q10-200-mg-pure-ubiquinone-coq10-suplement-120-kapsulek"},"modified":"2022-08-09T13:27:14","modified_gmt":"2022-08-09T12:27:14","slug":"koenzym-q10-200-mg-pure-ubiquinone-coq10-suplement-120-kapsulek","status":"publish","type":"product","link":"https:\/\/jeaken.com\/pl\/produkt\/koenzym-q10-200-mg-pure-ubiquinone-coq10-suplement-120-kapsulek\/","title":{"rendered":"Koenzym Q10 200 mg &#8211; Pure Ubiquinone CoQ10 Suplement (120 kapsu\u0142ek)"},"content":{"rendered":"<p id=\"tw-target-text\" class=\"tw-data-text tw-text-large tw-ta\" dir=\"ltr\" data-placeholder=\"Translation\"><strong><span class=\"Y2IQFc\" lang=\"en\">NIEZB\u0118DNE DO PRODUKCJI ENERGII  <\/span><\/strong><\/p>\n<p class=\"tw-data-text tw-text-large tw-ta\" dir=\"ltr\" data-placeholder=\"Translation\"><span class=\"Y2IQFc\" lang=\"en\">CoQ10 odgrywa wa\u017cn\u0105 rol\u0119 w produkcji energii w organizmie. Przyjmowanie suplementu CoQ10 pomaga zwi\u0119kszy\u0107 naturalny poziom CoQ10, kt\u00f3ry mo\u017ce by\u0107 uszczuplony przez wiek i leki statynowe obni\u017caj\u0105ce poziom cholesterolu.  <\/span><\/p>\n<p class=\"tw-data-text tw-text-large tw-ta\" dir=\"ltr\" data-placeholder=\"Translation\"><strong><span class=\"Y2IQFc\" lang=\"en\">SKUTECZNY I WYSOKO ABSORPCYJNY CoQ10  <\/span><\/strong><\/p>\n<p class=\"tw-data-text tw-text-large tw-ta\" dir=\"ltr\" data-placeholder=\"Translation\"><span class=\"Y2IQFc\" lang=\"en\">Nasz pot\u0119\u017cny oferuje \u0142atwo przyswajaln\u0105 form\u0119 niezb\u0119dnego sk\u0142adnika od\u017cywczego, kt\u00f3ry nap\u0119dza i chroni witalno\u015b\u0107 serca, zdrowie uk\u0142adu kr\u0105\u017cenia i energi\u0119 kom\u00f3rkow\u0105. Nasz CoQ10 zosta\u0142 zaprojektowany z my\u015bl\u0105 o skutecznym wch\u0142anianiu. U\u017cywamy tylko 100% naturalnie fermentowanego CoQ10, co skutkuje czyst\u0105 &#8220;trans&#8221; form\u0105 koenzymu Q10, kt\u00f3ra jest optymalnie wch\u0142aniana przez organizm.  <\/span><\/p>\n<p class=\"tw-data-text tw-text-large tw-ta\" dir=\"ltr\" data-placeholder=\"Translation\"><strong><span class=\"Y2IQFc\" lang=\"en\">KORZY\u015aCI DLA OS\u00d3B STOSUJ\u0104CYCH LEKI Z GRUPY STATYN  <\/span><\/strong><\/p>\n<p class=\"tw-data-text tw-text-large tw-ta\" dir=\"ltr\" data-placeholder=\"Translation\"><span class=\"Y2IQFc\" lang=\"en\">Wykazano, \u017ce leki statyny obni\u017caj\u0105 poziom CoQ10 nawet o 40%. Dodanie suplementu CoQ10 do terapii lekami z grupy statyn mo\u017ce pom\u00f3c odbudowa\u0107 poziom CoQ10.  <\/span><\/p>\n<p class=\"tw-data-text tw-text-large tw-ta\" dir=\"ltr\" data-placeholder=\"Translation\"><strong><span class=\"Y2IQFc\" lang=\"en\">ODPOWIEDNIE DLA WEGETARIAN I WEGAN<\/span><\/strong><\/p>\n<p class=\"tw-data-text tw-text-large tw-ta\" dir=\"ltr\" data-placeholder=\"Translation\"><span class=\"Y2IQFc\" lang=\"en\">Poza tym, \u017ce jest naturalnie fermentowany dla biodost\u0119pno\u015bci, nasz suplement CoQ10 200mg jest w \u0142atwych do po\u0142kni\u0119cia kapsu\u0142kach odpowiednich zar\u00f3wno dla wegan, jak i wegetarian; s\u0105 non-GMO i s\u0105 wolne od alergen\u00f3w, takich jak gluten, soja, laktoza, orzechy lub \u015blady orzech\u00f3w.  <\/span><\/p>\n","protected":false},"excerpt":{"rendered":"<h4>Suplementy o wysokiej absorpcji dla zwi\u0119kszenia energii i zdrowia uk\u0142adu sercowo-naczyniowego.<\/h4>\n","protected":false},"featured_media":2762,"template":"","meta":{"site-sidebar-layout":"default","site-content-layout":"default","ast-site-content-layout":"default","site-content-style":"default","site-sidebar-style":"default","ast-global-header-display":"","ast-banner-title-visibility":"","ast-main-header-display":"","ast-hfb-above-header-display":"","ast-hfb-below-header-display":"","ast-hfb-mobile-header-display":"","site-post-title":"","ast-breadcrumbs-content":"","ast-featured-img":"","footer-sml-layout":"","theme-transparent-header-meta":"default","adv-header-id-meta":"","stick-header-meta":"default","header-above-stick-meta":"","header-main-stick-meta":"","header-below-stick-meta":"","astra-migrate-meta-layouts":"default","ast-page-background-enabled":"default","ast-page-background-meta":{"desktop":{"background-color":"","background-image":"","background-repeat":"repeat","background-position":"center center","background-size":"auto","background-attachment":"scroll","background-type":"","background-media":"","overlay-type":"","overlay-color":"","overlay-opacity":"","overlay-gradient":""},"tablet":{"background-color":"","background-image":"","background-repeat":"repeat","background-position":"center center","background-size":"auto","background-attachment":"scroll","background-type":"","background-media":"","overlay-type":"","overlay-color":"","overlay-opacity":"","overlay-gradient":""},"mobile":{"background-color":"","background-image":"","background-repeat":"repeat","background-position":"center center","background-size":"auto","background-attachment":"scroll","background-type":"","background-media":"","overlay-type":"","overlay-color":"","overlay-opacity":"","overlay-gradient":""}},"ast-content-background-meta":{"desktop":{"background-color":"var(--ast-global-color-5)","background-image":"","background-repeat":"repeat","background-position":"center center","background-size":"auto","background-attachment":"scroll","background-type":"","background-media":"","overlay-type":"","overlay-color":"","overlay-opacity":"","overlay-gradient":""},"tablet":{"background-color":"var(--ast-global-color-5)","background-image":"","background-repeat":"repeat","background-position":"center center","background-size":"auto","background-attachment":"scroll","background-type":"","background-media":"","overlay-type":"","overlay-color":"","overlay-opacity":"","overlay-gradient":""},"mobile":{"background-color":"var(--ast-global-color-5)","background-image":"","background-repeat":"repeat","background-position":"center center","background-size":"auto","background-attachment":"scroll","background-type":"","background-media":"","overlay-type":"","overlay-color":"","overlay-opacity":"","overlay-gradient":""}}},"product_cat":[542,550,549,552,551],"product_tag":[],"class_list":{"0":"post-6717","1":"product","2":"type-product","3":"status-publish","4":"has-post-thumbnail","6":"product_cat-mineraly","7":"product_cat-nastroj-i-dobre-samopoczucie","8":"product_cat-zdrowie-serca-i-mozgu","9":"product_cat-zmeczenie","10":"product_cat-zywienie-sportowe","11":"has-subscription-plans","12":"desktop-align-left","13":"tablet-align-left","14":"mobile-align-left","16":"first","17":"instock","18":"taxable","19":"shipping-taxable","20":"purchasable","21":"product-type-simple"},"yoast_head":"<!-- This site is optimized with the Yoast SEO plugin v22.7 - https:\/\/yoast.com\/wordpress\/plugins\/seo\/ -->\n<title>Koenzym Q10 200 mg - Pure Ubiquinone CoQ10 Suplement (120 kapsu\u0142ek) - JeaKen<\/title>\n<meta name=\"robots\" content=\"index, follow, max-snippet:-1, max-image-preview:large, max-video-preview:-1\" \/>\n<link rel=\"canonical\" href=\"https:\/\/jeaken.com\/pl\/produkt\/koenzym-q10-200-mg-pure-ubiquinone-coq10-suplement-120-kapsulek\/\" \/>\n<meta property=\"og:locale\" content=\"pl_PL\" \/>\n<meta property=\"og:type\" content=\"article\" \/>\n<meta property=\"og:title\" content=\"Koenzym Q10 200 mg - Pure Ubiquinone CoQ10 Suplement (120 kapsu\u0142ek) - JeaKen\" \/>\n<meta property=\"og:description\" content=\"Suplementy o wysokiej absorpcji dla zwi\u0119kszenia energii i zdrowia uk\u0142adu sercowo-naczyniowego.\" \/>\n<meta property=\"og:url\" content=\"https:\/\/jeaken.com\/pl\/produkt\/koenzym-q10-200-mg-pure-ubiquinone-coq10-suplement-120-kapsulek\/\" \/>\n<meta property=\"og:site_name\" content=\"JeaKen\" \/>\n<meta property=\"article:modified_time\" content=\"2022-08-09T12:27:14+00:00\" \/>\n<meta property=\"og:image\" content=\"https:\/\/jeaken.com\/wp-content\/uploads\/2022\/07\/71xQMaVJaZL._AC_SL1500_.jpg\" \/>\n\t<meta property=\"og:image:width\" content=\"600\" \/>\n\t<meta property=\"og:image:height\" content=\"600\" \/>\n\t<meta property=\"og:image:type\" content=\"image\/jpeg\" \/>\n<meta name=\"twitter:card\" content=\"summary_large_image\" \/>\n<meta name=\"twitter:label1\" content=\"Est. reading time\" \/>\n\t<meta name=\"twitter:data1\" content=\"1 minute\" \/>\n<script type=\"application\/ld+json\" class=\"yoast-schema-graph\">{\"@context\":\"https:\/\/schema.org\",\"@graph\":[{\"@type\":\"WebPage\",\"@id\":\"https:\/\/jeaken.com\/pl\/produkt\/koenzym-q10-200-mg-pure-ubiquinone-coq10-suplement-120-kapsulek\/\",\"url\":\"https:\/\/jeaken.com\/pl\/produkt\/koenzym-q10-200-mg-pure-ubiquinone-coq10-suplement-120-kapsulek\/\",\"name\":\"Koenzym Q10 200 mg - Pure Ubiquinone CoQ10 Suplement (120 kapsu\u0142ek) - JeaKen\",\"isPartOf\":{\"@id\":\"https:\/\/jeaken.com\/pl\/#website\"},\"primaryImageOfPage\":{\"@id\":\"https:\/\/jeaken.com\/pl\/produkt\/koenzym-q10-200-mg-pure-ubiquinone-coq10-suplement-120-kapsulek\/#primaryimage\"},\"image\":{\"@id\":\"https:\/\/jeaken.com\/pl\/produkt\/koenzym-q10-200-mg-pure-ubiquinone-coq10-suplement-120-kapsulek\/#primaryimage\"},\"thumbnailUrl\":\"https:\/\/jeaken.com\/wp-content\/uploads\/2022\/07\/71xQMaVJaZL._AC_SL1500_.jpg\",\"datePublished\":\"2022-07-21T18:18:22+00:00\",\"dateModified\":\"2022-08-09T12:27:14+00:00\",\"breadcrumb\":{\"@id\":\"https:\/\/jeaken.com\/pl\/produkt\/koenzym-q10-200-mg-pure-ubiquinone-coq10-suplement-120-kapsulek\/#breadcrumb\"},\"inLanguage\":\"pl-PL\",\"potentialAction\":[{\"@type\":\"ReadAction\",\"target\":[\"https:\/\/jeaken.com\/pl\/produkt\/koenzym-q10-200-mg-pure-ubiquinone-coq10-suplement-120-kapsulek\/\"]}]},{\"@type\":\"ImageObject\",\"inLanguage\":\"pl-PL\",\"@id\":\"https:\/\/jeaken.com\/pl\/produkt\/koenzym-q10-200-mg-pure-ubiquinone-coq10-suplement-120-kapsulek\/#primaryimage\",\"url\":\"https:\/\/jeaken.com\/wp-content\/uploads\/2022\/07\/71xQMaVJaZL._AC_SL1500_.jpg\",\"contentUrl\":\"https:\/\/jeaken.com\/wp-content\/uploads\/2022\/07\/71xQMaVJaZL._AC_SL1500_.jpg\",\"width\":600,\"height\":600,\"caption\":\"Coenzyme Q10 200 mg - Pure Ubiquinone CoQ10 Supplement\"},{\"@type\":\"BreadcrumbList\",\"@id\":\"https:\/\/jeaken.com\/pl\/produkt\/koenzym-q10-200-mg-pure-ubiquinone-coq10-suplement-120-kapsulek\/#breadcrumb\",\"itemListElement\":[{\"@type\":\"ListItem\",\"position\":1,\"name\":\"Home\",\"item\":\"https:\/\/jeaken.com\/pl\/\"},{\"@type\":\"ListItem\",\"position\":2,\"name\":\"Private: Shop\",\"item\":\"https:\/\/jeaken.com\/shop\/\"},{\"@type\":\"ListItem\",\"position\":3,\"name\":\"Koenzym Q10 200 mg &#8211; Pure Ubiquinone CoQ10 Suplement (120 kapsu\u0142ek)\"}]},{\"@type\":\"WebSite\",\"@id\":\"https:\/\/jeaken.com\/pl\/#website\",\"url\":\"https:\/\/jeaken.com\/pl\/\",\"name\":\"JeaKen\",\"description\":\"Organic Supplements for Health, Fitness and Nutrition\",\"publisher\":{\"@id\":\"https:\/\/jeaken.com\/pl\/#organization\"},\"potentialAction\":[{\"@type\":\"SearchAction\",\"target\":{\"@type\":\"EntryPoint\",\"urlTemplate\":\"https:\/\/jeaken.com\/pl\/?s={search_term_string}\"},\"query-input\":\"required name=search_term_string\"}],\"inLanguage\":\"pl-PL\"},{\"@type\":\"Organization\",\"@id\":\"https:\/\/jeaken.com\/pl\/#organization\",\"name\":\"JeaKen\",\"url\":\"https:\/\/jeaken.com\/pl\/\",\"logo\":{\"@type\":\"ImageObject\",\"inLanguage\":\"pl-PL\",\"@id\":\"https:\/\/jeaken.com\/pl\/#\/schema\/logo\/image\/\",\"url\":\"https:\/\/jeaken.com\/wp-content\/uploads\/2022\/06\/jeaken-logo-23.png\",\"contentUrl\":\"https:\/\/jeaken.com\/wp-content\/uploads\/2022\/06\/jeaken-logo-23.png\",\"width\":2486,\"height\":736,\"caption\":\"JeaKen\"},\"image\":{\"@id\":\"https:\/\/jeaken.com\/pl\/#\/schema\/logo\/image\/\"}}]}<\/script>\n<!-- \/ Yoast SEO plugin. -->","yoast_head_json":{"title":"Koenzym Q10 200 mg - Pure Ubiquinone CoQ10 Suplement (120 kapsu\u0142ek) - JeaKen","robots":{"index":"index","follow":"follow","max-snippet":"max-snippet:-1","max-image-preview":"max-image-preview:large","max-video-preview":"max-video-preview:-1"},"canonical":"https:\/\/jeaken.com\/pl\/produkt\/koenzym-q10-200-mg-pure-ubiquinone-coq10-suplement-120-kapsulek\/","og_locale":"pl_PL","og_type":"article","og_title":"Koenzym Q10 200 mg - Pure Ubiquinone CoQ10 Suplement (120 kapsu\u0142ek) - JeaKen","og_description":"Suplementy o wysokiej absorpcji dla zwi\u0119kszenia energii i zdrowia uk\u0142adu sercowo-naczyniowego.","og_url":"https:\/\/jeaken.com\/pl\/produkt\/koenzym-q10-200-mg-pure-ubiquinone-coq10-suplement-120-kapsulek\/","og_site_name":"JeaKen","article_modified_time":"2022-08-09T12:27:14+00:00","og_image":[{"width":600,"height":600,"url":"https:\/\/jeaken.com\/wp-content\/uploads\/2022\/07\/71xQMaVJaZL._AC_SL1500_.jpg","type":"image\/jpeg"}],"twitter_card":"summary_large_image","twitter_misc":{"Est. reading time":"1 minute"},"schema":{"@context":"https:\/\/schema.org","@graph":[{"@type":"WebPage","@id":"https:\/\/jeaken.com\/pl\/produkt\/koenzym-q10-200-mg-pure-ubiquinone-coq10-suplement-120-kapsulek\/","url":"https:\/\/jeaken.com\/pl\/produkt\/koenzym-q10-200-mg-pure-ubiquinone-coq10-suplement-120-kapsulek\/","name":"Koenzym Q10 200 mg - Pure Ubiquinone CoQ10 Suplement (120 kapsu\u0142ek) - JeaKen","isPartOf":{"@id":"https:\/\/jeaken.com\/pl\/#website"},"primaryImageOfPage":{"@id":"https:\/\/jeaken.com\/pl\/produkt\/koenzym-q10-200-mg-pure-ubiquinone-coq10-suplement-120-kapsulek\/#primaryimage"},"image":{"@id":"https:\/\/jeaken.com\/pl\/produkt\/koenzym-q10-200-mg-pure-ubiquinone-coq10-suplement-120-kapsulek\/#primaryimage"},"thumbnailUrl":"https:\/\/jeaken.com\/wp-content\/uploads\/2022\/07\/71xQMaVJaZL._AC_SL1500_.jpg","datePublished":"2022-07-21T18:18:22+00:00","dateModified":"2022-08-09T12:27:14+00:00","breadcrumb":{"@id":"https:\/\/jeaken.com\/pl\/produkt\/koenzym-q10-200-mg-pure-ubiquinone-coq10-suplement-120-kapsulek\/#breadcrumb"},"inLanguage":"pl-PL","potentialAction":[{"@type":"ReadAction","target":["https:\/\/jeaken.com\/pl\/produkt\/koenzym-q10-200-mg-pure-ubiquinone-coq10-suplement-120-kapsulek\/"]}]},{"@type":"ImageObject","inLanguage":"pl-PL","@id":"https:\/\/jeaken.com\/pl\/produkt\/koenzym-q10-200-mg-pure-ubiquinone-coq10-suplement-120-kapsulek\/#primaryimage","url":"https:\/\/jeaken.com\/wp-content\/uploads\/2022\/07\/71xQMaVJaZL._AC_SL1500_.jpg","contentUrl":"https:\/\/jeaken.com\/wp-content\/uploads\/2022\/07\/71xQMaVJaZL._AC_SL1500_.jpg","width":600,"height":600,"caption":"Coenzyme Q10 200 mg - Pure Ubiquinone CoQ10 Supplement"},{"@type":"BreadcrumbList","@id":"https:\/\/jeaken.com\/pl\/produkt\/koenzym-q10-200-mg-pure-ubiquinone-coq10-suplement-120-kapsulek\/#breadcrumb","itemListElement":[{"@type":"ListItem","position":1,"name":"Home","item":"https:\/\/jeaken.com\/pl\/"},{"@type":"ListItem","position":2,"name":"Private: Shop","item":"https:\/\/jeaken.com\/shop\/"},{"@type":"ListItem","position":3,"name":"Koenzym Q10 200 mg &#8211; Pure Ubiquinone CoQ10 Suplement (120 kapsu\u0142ek)"}]},{"@type":"WebSite","@id":"https:\/\/jeaken.com\/pl\/#website","url":"https:\/\/jeaken.com\/pl\/","name":"JeaKen","description":"Organic Supplements for Health, Fitness and Nutrition","publisher":{"@id":"https:\/\/jeaken.com\/pl\/#organization"},"potentialAction":[{"@type":"SearchAction","target":{"@type":"EntryPoint","urlTemplate":"https:\/\/jeaken.com\/pl\/?s={search_term_string}"},"query-input":"required name=search_term_string"}],"inLanguage":"pl-PL"},{"@type":"Organization","@id":"https:\/\/jeaken.com\/pl\/#organization","name":"JeaKen","url":"https:\/\/jeaken.com\/pl\/","logo":{"@type":"ImageObject","inLanguage":"pl-PL","@id":"https:\/\/jeaken.com\/pl\/#\/schema\/logo\/image\/","url":"https:\/\/jeaken.com\/wp-content\/uploads\/2022\/06\/jeaken-logo-23.png","contentUrl":"https:\/\/jeaken.com\/wp-content\/uploads\/2022\/06\/jeaken-logo-23.png","width":2486,"height":736,"caption":"JeaKen"},"image":{"@id":"https:\/\/jeaken.com\/pl\/#\/schema\/logo\/image\/"}}]}},"jetpack_sharing_enabled":true,"_links":{"self":[{"href":"https:\/\/jeaken.com\/pl\/wp-json\/wp\/v2\/product\/6717","targetHints":{"allow":["GET"]}}],"collection":[{"href":"https:\/\/jeaken.com\/pl\/wp-json\/wp\/v2\/product"}],"about":[{"href":"https:\/\/jeaken.com\/pl\/wp-json\/wp\/v2\/types\/product"}],"wp:featuredmedia":[{"embeddable":true,"href":"https:\/\/jeaken.com\/pl\/wp-json\/wp\/v2\/media\/2762"}],"wp:attachment":[{"href":"https:\/\/jeaken.com\/pl\/wp-json\/wp\/v2\/media?parent=6717"}],"wp:term":[{"taxonomy":"product_cat","embeddable":true,"href":"https:\/\/jeaken.com\/pl\/wp-json\/wp\/v2\/product_cat?post=6717"},{"taxonomy":"product_tag","embeddable":true,"href":"https:\/\/jeaken.com\/pl\/wp-json\/wp\/v2\/product_tag?post=6717"}],"curies":[{"name":"wp","href":"https:\/\/api.w.org\/{rel}","templated":true}]}}