{"id":14558,"date":"2023-03-19T16:25:57","date_gmt":"2023-03-19T16:25:57","guid":{"rendered":"https:\/?post_type=product&#038;p=14558"},"modified":"2023-04-06T12:31:02","modified_gmt":"2023-04-06T11:31:02","slug":"pakiet-odchudzania-i-zdrowia-jelit","status":"publish","type":"product","link":"https:\/\/jeaken.com\/pl\/produkt\/pakiet-odchudzania-i-zdrowia-jelit\/","title":{"rendered":"Zestaw do utraty wagi i zdrowia jelit"},"content":{"rendered":"<h2>Zestaw do utraty wagi i zdrowia jelit<\/h2>\n<p><span data-sheets-value=\"{\"1\":2,\"2\":\"The Weight Loss and Gut Health Bundle is a comprehensive package of three premium supplements designed to help you achieve your weight loss and digestive health goals. The Apple Cider Vinegar Capsules offer digestive support and may help with weight loss. The Colon Cleanse supplement is designed to eliminate toxins and waste from the body, promoting healthy digestion and weight loss. Additionally, the Green Tea Capsules provide natural antioxidants and energy to support weight loss efforts. With this bundle, you have the essential supplements to support your digestive health and weight loss journey.\"}\" data-sheets-userformat=\"{\"2\":897,\"3\":{\"1\":0},\"10\":0,\"11\":4,\"12\":0}\">Weight Loss and Gut Health Bundle to kompleksowy pakiet trzech suplement\u00f3w premium, kt\u00f3re pomog\u0105 Ci osi\u0105gn\u0105\u0107 cele zwi\u0105zane z utrat\u0105 wagi i zdrowiem uk\u0142adu pokarmowego. Kapsu\u0142ki Apple Cider Vinegar oferuj\u0105 wsparcie trawienne i mog\u0105 pom\u00f3c w utracie wagi. Suplement Colon Cleanse zosta\u0142 zaprojektowany w celu wyeliminowania toksyn i odpad\u00f3w z organizmu, promuj\u0105c zdrowe trawienie i utrat\u0119 wagi. Dodatkowo Kapsu\u0142ki z Zielon\u0105 Herbat\u0105 dostarczaj\u0105 naturalnych antyoksydant\u00f3w i energii wspieraj\u0105c wysi\u0142ki zmierzaj\u0105ce do utraty wagi. Z tym pakietem, masz niezb\u0119dne suplementy, aby wspiera\u0107 swoje zdrowie trawienne i podr\u00f3\u017c utraty wagi.<\/span><\/p>\n<p>&nbsp;<\/p>\n<h4 class=\"product_title entry-title elementor-heading-title elementor-size-default\"><strong>Zielona herbata kapsu\u0142ki &#8211; 850mg utrata masy cia\u0142a antyoksydacyjne suplementy (120 tabletek)<\/strong><\/h4>\n<p>&nbsp;<\/p>\n<p><strong>OFERUJE WIELE KORZY\u015aCI ZDROWOTNYCH<\/strong><\/p>\n<p>Zielona herbata jest stosowana w medycynie chi\u0144skiej od oko\u0142o 4 tysi\u0119cy lat. Oferuje wiele pot\u0119\u017cnych korzy\u015bci zdrowotnych, w tym pomaga obni\u017cy\u0107 ryzyko chor\u00f3b serca i niekt\u00f3rych rodzaj\u00f3w raka, zwi\u0119ksza stosunek dobrego (HDL) cholesterolu do z\u0142ego (LDL) cholesterolu we krwi, wzmacnia uk\u0142ad odporno\u015bciowy i zapewnia wsparcie antyoksydacyjne.<\/p>\n<p><strong>POMAGA W UTRACIE WAGI<\/strong><\/p>\n<p>W po\u0142\u0105czeniu ze zdrow\u0105 diet\u0105, nasza przyjazna dla wegetarian zielona herbata dzia\u0142a jako skuteczny \u015brodek wspomagaj\u0105cy odchudzanie, zwi\u0119kszaj\u0105c tempo metabolizmu i hamuj\u0105c apetyt.<\/p>\n<p><strong>SILNY NATURALNY ANTYOKSYDANT<\/strong><\/p>\n<p>EGCG znajduj\u0105cy si\u0119 w zielonej herbacie jest odpowiedzialny za wi\u0119kszo\u015b\u0107 jej w\u0142a\u015bciwo\u015bci antyoksydacyjnych, co zapobiega uszkodzeniu Twoich kom\u00f3rek przez wolne rodniki.<\/p>\n<p><strong>POPRAWIA PAMI\u0118\u0106 I KONCENTRACJ\u0118<\/strong><\/p>\n<p>W\u0142a\u015bciwo\u015bci znalezione w ekstrakcie z zielonej herbaty mog\u0105 pom\u00f3c zwi\u0119kszy\u0107 poznanie i pami\u0119\u0107, pomagaj\u0105c Ci zachowa\u0107 ostro\u015b\u0107 i koncentracj\u0119 przez ca\u0142y dzie\u0144.<\/p>\n<p>&nbsp;<\/p>\n<h4 class=\"product_title entry-title elementor-heading-title elementor-size-default\"><strong>Apple Cider Vinegar &#8211; Metabolism Booster And Detox &#8211; Enhanced With Seagreens, Green Tea And Chromium (120 kapsu\u0142ek)<\/strong><\/h4>\n<p>&nbsp;<\/p>\n<p><strong>WIELE KORZY\u015aCI DLA ZDROWIA  <\/strong><\/p>\n<p>U\u017cywany przez Hipokratesa (&#8220;ojca wsp\u00f3\u0142czesnej medycyny&#8221;) ponad 2000 lat temu, ocet jab\u0142kowy podobno przyczynia si\u0119 do wielu niesamowitych korzy\u015bci zdrowotnych, w tym poprawy zdrowia trawiennego, zwi\u0119kszenia poziomu energii i poprawy metabolizmu. Nasze kapsu\u0142ki octu jab\u0142kowego o wysokiej mocy dostarczaj\u0105 tych pot\u0119\u017cnych korzy\u015bci w \u0142atwych do po\u0142kni\u0119cia kapsu\u0142kach.<\/p>\n<p><strong>WSPOMAGA ZDROW\u0104 UTRAT\u0118 WAGI  <\/strong><\/p>\n<p>Kilka ostatnich bada\u0144 wykaza\u0142o, \u017ce ocet jab\u0142kowy mo\u017ce pom\u00f3c w utracie wagi, gdy jest przyjmowany jako cz\u0119\u015b\u0107 zdrowej diety. Mo\u017ce r\u00f3wnie\u017c wspom\u00f3c trawienie i poprawi\u0107 og\u00f3lny stan zdrowia, pomagaj\u0105c wch\u0142on\u0105\u0107 wi\u0119cej sk\u0142adnik\u00f3w od\u017cywczych w po\u017cywieniu.<\/p>\n<p><strong>UNIKALNA MIESZANKA  <\/strong><\/p>\n<p>Nasze kapsu\u0142ki premium z octem jab\u0142kowym oferuj\u0105 optymalne rezultaty dzi\u0119ki unikalnej mieszance seagreens, zielonej herbaty i chromu. Twoje zdrowie jest dla nas priorytetem. Nasze kapsu\u0142ki s\u0105 produkowane w Wielkiej Brytanii w oparciu o \u015bcis\u0142e wytyczne bezpiecze\u0144stwa (kodeks GMP), aby zapewni\u0107 si\u0142\u0119 dzia\u0142ania, jako\u015b\u0107 i skuteczno\u015b\u0107.<\/p>\n<p><strong>ODPOWIEDNIE DLA WEGAN I WEGETARIAN  <\/strong><\/p>\n<p>Nasze kapsu\u0142ki z octem jab\u0142kowym s\u0105 wykonane w 100% z najwy\u017cszej jako\u015bci sk\u0142adnik\u00f3w ro\u015blinnych. Nasze kapsu\u0142ki s\u0105 bezglutenowe, bez laktozy, zgodne z GMP, non GMO i w 100% wega\u0144skie.<\/p>\n<h4 class=\"product_title entry-title elementor-heading-title elementor-size-default\"><strong>Cia\u0142o Cleanse i Detox Capsules &#8211; dla utraty wagi i Colon Cleanse (90 kapsu\u0142ek)<\/strong><\/h4>\n<p>&nbsp;<\/p>\n<p><span class=\"a-list-item\"><strong>ELIMINUJE TOKSYNY<\/strong> <\/span><\/p>\n<p><span class=\"a-list-item\">Ten pot\u0119\u017cny produkt zawiera 14 kluczowych sk\u0142adnik\u00f3w, kt\u00f3re pomagaj\u0105 wyp\u0142uka\u0107 toksyny z organizmu.<\/span><\/p>\n<p><span class=\"a-list-item\"><strong>ZMNIEJSZA WZD\u0118CIA<\/strong> <\/span><\/p>\n<p><span class=\"a-list-item\">Nasz suplement pomaga zmniejszy\u0107 wzd\u0119cia, jednocze\u015bnie reguluj\u0105c przyjmowanie pokarm\u00f3w. Regularne przyjmowanie tego suplementu mo\u017ce zapewni\u0107 efekt r\u00f3wnowa\u017cenia uk\u0142adu pokarmowego oraz z\u0142agodzi\u0107 objawy zapar\u0107 i niestrawno\u015bci.<\/span><\/p>\n<p><strong><span class=\"a-list-item\">MAKSYMALIZUJE UTRAT\u0118 WAGI  <\/span><\/strong><\/p>\n<p><span class=\"a-list-item\">Nie tylko nasze kapsu\u0142ki Cleanse Detox pozbywaj\u0105 si\u0119 toksyn, ale r\u00f3wnie\u017c maksymalizuje utrat\u0119 wagi, aby spe\u0142ni\u0107 swoje cele definiuj\u0105ce bezt\u0142uszczow\u0105 mas\u0119.<\/span><\/p>\n<p><strong><span class=\"a-list-item\">SPRAWDZONA KOMBINACJA PROBIOTYK\u00d3W  <\/span><\/strong><\/p>\n<p><span class=\"a-list-item\">Dla optymalnych rezultat\u00f3w po\u0142\u0105czyli\u015bmy sprawdzone w\u0142a\u015bciwo\u015bci zdrowotne Psyllium Husk z Inulin\u0105, aby wyp\u0142uka\u0107 odpady z Twojego systemu i od\u015bwie\u017cy\u0107 go &#8220;przyjaznymi bakteriami&#8221; Lactobacillus Acidophilus Probiotic.<\/span><\/p>\n","protected":false},"excerpt":{"rendered":"<div class=\"group w-full text-gray-800 dark:text-gray-100 border-b border-black\/10 dark:border-gray-900\/50 bg-gray-50 dark:bg-[#444654]\">\n<div class=\"text-base gap-4 md:gap-6 md:max-w-2xl lg:max-w-2xl xl:max-w-3xl p-4 md:py-6 flex lg:px-0 m-auto\">\n<div class=\"relative flex w-[calc(100%-50px)] flex-col gap-1 md:gap-3 lg:w-[calc(100%-115px)]\">\n<div class=\"flex flex-grow flex-col gap-3\">\n<div class=\"min-h-[20px] flex flex-col items-start gap-4 whitespace-pre-wrap\">\n<div class=\"markdown prose w-full break-words dark:prose-invert dark\">\n<div class=\"group w-full text-gray-800 dark:text-gray-100 border-b border-black\/10 dark:border-gray-900\/50 bg-gray-50 dark:bg-[#444654]\">\n<div class=\"text-base gap-4 md:gap-6 md:max-w-2xl lg:max-w-2xl xl:max-w-3xl p-4 md:py-6 flex lg:px-0 m-auto\">\n<div class=\"relative flex w-[calc(100%-50px)] flex-col gap-1 md:gap-3 lg:w-[calc(100%-115px)]\">\n<div class=\"flex flex-grow flex-col gap-3\">\n<div class=\"min-h-[20px] flex flex-col items-start gap-4 whitespace-pre-wrap\">\n<div class=\"markdown prose w-full break-words dark:prose-invert dark\">\n<p>Zestaw do utraty wagi i zdrowia jelit \u0142\u0105czy w sobie ocet jab\u0142kowy, oczyszczanie jelit i kapsu\u0142ki z zielon\u0105 herbat\u0105 do trawienia, detoksykacji i wsparcia utraty wagi, aby wzmocni\u0107 swoj\u0105 podr\u00f3\u017c do dobrego samopoczucia.<\/p>\n<\/div>\n<\/div>\n<\/div>\n<\/div>\n<\/div>\n<\/div>\n<\/div>\n<\/div>\n<\/div>\n<\/div>\n<\/div>\n<\/div>\n","protected":false},"featured_media":16260,"template":"","meta":{"site-sidebar-layout":"default","site-content-layout":"default","ast-site-content-layout":"default","site-content-style":"default","site-sidebar-style":"default","ast-global-header-display":"","ast-banner-title-visibility":"","ast-main-header-display":"","ast-hfb-above-header-display":"","ast-hfb-below-header-display":"","ast-hfb-mobile-header-display":"","site-post-title":"","ast-breadcrumbs-content":"","ast-featured-img":"","footer-sml-layout":"","theme-transparent-header-meta":"default","adv-header-id-meta":"","stick-header-meta":"default","header-above-stick-meta":"","header-main-stick-meta":"","header-below-stick-meta":"","astra-migrate-meta-layouts":"default","ast-page-background-enabled":"default","ast-page-background-meta":{"desktop":{"background-color":"","background-image":"","background-repeat":"repeat","background-position":"center center","background-size":"auto","background-attachment":"scroll","background-type":"","background-media":"","overlay-type":"","overlay-color":"","overlay-opacity":"","overlay-gradient":""},"tablet":{"background-color":"","background-image":"","background-repeat":"repeat","background-position":"center center","background-size":"auto","background-attachment":"scroll","background-type":"","background-media":"","overlay-type":"","overlay-color":"","overlay-opacity":"","overlay-gradient":""},"mobile":{"background-color":"","background-image":"","background-repeat":"repeat","background-position":"center center","background-size":"auto","background-attachment":"scroll","background-type":"","background-media":"","overlay-type":"","overlay-color":"","overlay-opacity":"","overlay-gradient":""}},"ast-content-background-meta":{"desktop":{"background-color":"var(--ast-global-color-5)","background-image":"","background-repeat":"repeat","background-position":"center center","background-size":"auto","background-attachment":"scroll","background-type":"","background-media":"","overlay-type":"","overlay-color":"","overlay-opacity":"","overlay-gradient":""},"tablet":{"background-color":"var(--ast-global-color-5)","background-image":"","background-repeat":"repeat","background-position":"center center","background-size":"auto","background-attachment":"scroll","background-type":"","background-media":"","overlay-type":"","overlay-color":"","overlay-opacity":"","overlay-gradient":""},"mobile":{"background-color":"var(--ast-global-color-5)","background-image":"","background-repeat":"repeat","background-position":"center center","background-size":"auto","background-attachment":"scroll","background-type":"","background-media":"","overlay-type":"","overlay-color":"","overlay-opacity":"","overlay-gradient":""}}},"product_cat":[550,1292,568,1210,567],"product_tag":[],"class_list":{"0":"post-14558","1":"product","2":"type-product","3":"status-publish","4":"has-post-thumbnail","6":"product_cat-nastroj-i-dobre-samopoczucie","7":"product_cat-odzywianie","8":"product_cat-suplementy-diety","9":"product_cat-utrata-wagi","10":"product_cat-wzmacniacze-mozgu","11":"has-subscription-plans","12":"desktop-align-left","13":"tablet-align-left","14":"mobile-align-left","16":"first","17":"instock","18":"taxable","19":"shipping-taxable","20":"purchasable","21":"product-type-simple"},"yoast_head":"<!-- This site is optimized with the Yoast SEO plugin v22.7 - https:\/\/yoast.com\/wordpress\/plugins\/seo\/ -->\n<title>Zestaw do utraty wagi i zdrowia jelit - JeaKen<\/title>\n<meta name=\"robots\" content=\"index, follow, max-snippet:-1, max-image-preview:large, max-video-preview:-1\" \/>\n<link rel=\"canonical\" href=\"https:\/\/jeaken.com\/pl\/produkt\/pakiet-odchudzania-i-zdrowia-jelit\/\" \/>\n<meta property=\"og:locale\" content=\"pl_PL\" \/>\n<meta property=\"og:type\" content=\"article\" \/>\n<meta property=\"og:title\" content=\"Zestaw do utraty wagi i zdrowia jelit - JeaKen\" \/>\n<meta property=\"og:description\" content=\"Zestaw do utraty wagi i zdrowia jelit \u0142\u0105czy w sobie ocet jab\u0142kowy, oczyszczanie jelit i kapsu\u0142ki z zielon\u0105 herbat\u0105 do trawienia, detoksykacji i wsparcia utraty wagi, aby wzmocni\u0107 swoj\u0105 podr\u00f3\u017c do dobrego samopoczucia.\" \/>\n<meta property=\"og:url\" content=\"https:\/\/jeaken.com\/pl\/produkt\/pakiet-odchudzania-i-zdrowia-jelit\/\" \/>\n<meta property=\"og:site_name\" content=\"JeaKen\" \/>\n<meta property=\"article:modified_time\" content=\"2023-04-06T11:31:02+00:00\" \/>\n<meta property=\"og:image\" content=\"https:\/\/jeaken.com\/wp-content\/uploads\/2023\/03\/Combine3.jpg\" \/>\n\t<meta property=\"og:image:width\" content=\"972\" \/>\n\t<meta property=\"og:image:height\" content=\"972\" \/>\n\t<meta property=\"og:image:type\" content=\"image\/jpeg\" \/>\n<meta name=\"twitter:card\" content=\"summary_large_image\" \/>\n<meta name=\"twitter:label1\" content=\"Est. reading time\" \/>\n\t<meta name=\"twitter:data1\" content=\"3 minutes\" \/>\n<script type=\"application\/ld+json\" class=\"yoast-schema-graph\">{\"@context\":\"https:\/\/schema.org\",\"@graph\":[{\"@type\":\"WebPage\",\"@id\":\"https:\/\/jeaken.com\/pl\/produkt\/pakiet-odchudzania-i-zdrowia-jelit\/\",\"url\":\"https:\/\/jeaken.com\/pl\/produkt\/pakiet-odchudzania-i-zdrowia-jelit\/\",\"name\":\"Zestaw do utraty wagi i zdrowia jelit - JeaKen\",\"isPartOf\":{\"@id\":\"https:\/\/jeaken.com\/pl\/#website\"},\"primaryImageOfPage\":{\"@id\":\"https:\/\/jeaken.com\/pl\/produkt\/pakiet-odchudzania-i-zdrowia-jelit\/#primaryimage\"},\"image\":{\"@id\":\"https:\/\/jeaken.com\/pl\/produkt\/pakiet-odchudzania-i-zdrowia-jelit\/#primaryimage\"},\"thumbnailUrl\":\"https:\/\/jeaken.com\/wp-content\/uploads\/2023\/03\/Combine3.jpg\",\"datePublished\":\"2023-03-19T16:25:57+00:00\",\"dateModified\":\"2023-04-06T11:31:02+00:00\",\"breadcrumb\":{\"@id\":\"https:\/\/jeaken.com\/pl\/produkt\/pakiet-odchudzania-i-zdrowia-jelit\/#breadcrumb\"},\"inLanguage\":\"pl-PL\",\"potentialAction\":[{\"@type\":\"ReadAction\",\"target\":[\"https:\/\/jeaken.com\/pl\/produkt\/pakiet-odchudzania-i-zdrowia-jelit\/\"]}]},{\"@type\":\"ImageObject\",\"inLanguage\":\"pl-PL\",\"@id\":\"https:\/\/jeaken.com\/pl\/produkt\/pakiet-odchudzania-i-zdrowia-jelit\/#primaryimage\",\"url\":\"https:\/\/jeaken.com\/wp-content\/uploads\/2023\/03\/Combine3.jpg\",\"contentUrl\":\"https:\/\/jeaken.com\/wp-content\/uploads\/2023\/03\/Combine3.jpg\",\"width\":972,\"height\":972,\"caption\":\"Weight Loss and Gut Health Bundle\"},{\"@type\":\"BreadcrumbList\",\"@id\":\"https:\/\/jeaken.com\/pl\/produkt\/pakiet-odchudzania-i-zdrowia-jelit\/#breadcrumb\",\"itemListElement\":[{\"@type\":\"ListItem\",\"position\":1,\"name\":\"Home\",\"item\":\"https:\/\/jeaken.com\/pl\/\"},{\"@type\":\"ListItem\",\"position\":2,\"name\":\"Private: Shop\",\"item\":\"https:\/\/jeaken.com\/shop\/\"},{\"@type\":\"ListItem\",\"position\":3,\"name\":\"Zestaw do utraty wagi i zdrowia jelit\"}]},{\"@type\":\"WebSite\",\"@id\":\"https:\/\/jeaken.com\/pl\/#website\",\"url\":\"https:\/\/jeaken.com\/pl\/\",\"name\":\"JeaKen\",\"description\":\"Organic Supplements for Health, Fitness and Nutrition\",\"publisher\":{\"@id\":\"https:\/\/jeaken.com\/pl\/#organization\"},\"potentialAction\":[{\"@type\":\"SearchAction\",\"target\":{\"@type\":\"EntryPoint\",\"urlTemplate\":\"https:\/\/jeaken.com\/pl\/?s={search_term_string}\"},\"query-input\":\"required name=search_term_string\"}],\"inLanguage\":\"pl-PL\"},{\"@type\":\"Organization\",\"@id\":\"https:\/\/jeaken.com\/pl\/#organization\",\"name\":\"JeaKen\",\"url\":\"https:\/\/jeaken.com\/pl\/\",\"logo\":{\"@type\":\"ImageObject\",\"inLanguage\":\"pl-PL\",\"@id\":\"https:\/\/jeaken.com\/pl\/#\/schema\/logo\/image\/\",\"url\":\"https:\/\/jeaken.com\/wp-content\/uploads\/2022\/06\/jeaken-logo-23.png\",\"contentUrl\":\"https:\/\/jeaken.com\/wp-content\/uploads\/2022\/06\/jeaken-logo-23.png\",\"width\":2486,\"height\":736,\"caption\":\"JeaKen\"},\"image\":{\"@id\":\"https:\/\/jeaken.com\/pl\/#\/schema\/logo\/image\/\"}}]}<\/script>\n<!-- \/ Yoast SEO plugin. -->","yoast_head_json":{"title":"Zestaw do utraty wagi i zdrowia jelit - JeaKen","robots":{"index":"index","follow":"follow","max-snippet":"max-snippet:-1","max-image-preview":"max-image-preview:large","max-video-preview":"max-video-preview:-1"},"canonical":"https:\/\/jeaken.com\/pl\/produkt\/pakiet-odchudzania-i-zdrowia-jelit\/","og_locale":"pl_PL","og_type":"article","og_title":"Zestaw do utraty wagi i zdrowia jelit - JeaKen","og_description":"Zestaw do utraty wagi i zdrowia jelit \u0142\u0105czy w sobie ocet jab\u0142kowy, oczyszczanie jelit i kapsu\u0142ki z zielon\u0105 herbat\u0105 do trawienia, detoksykacji i wsparcia utraty wagi, aby wzmocni\u0107 swoj\u0105 podr\u00f3\u017c do dobrego samopoczucia.","og_url":"https:\/\/jeaken.com\/pl\/produkt\/pakiet-odchudzania-i-zdrowia-jelit\/","og_site_name":"JeaKen","article_modified_time":"2023-04-06T11:31:02+00:00","og_image":[{"width":972,"height":972,"url":"https:\/\/jeaken.com\/wp-content\/uploads\/2023\/03\/Combine3.jpg","type":"image\/jpeg"}],"twitter_card":"summary_large_image","twitter_misc":{"Est. reading time":"3 minutes"},"schema":{"@context":"https:\/\/schema.org","@graph":[{"@type":"WebPage","@id":"https:\/\/jeaken.com\/pl\/produkt\/pakiet-odchudzania-i-zdrowia-jelit\/","url":"https:\/\/jeaken.com\/pl\/produkt\/pakiet-odchudzania-i-zdrowia-jelit\/","name":"Zestaw do utraty wagi i zdrowia jelit - JeaKen","isPartOf":{"@id":"https:\/\/jeaken.com\/pl\/#website"},"primaryImageOfPage":{"@id":"https:\/\/jeaken.com\/pl\/produkt\/pakiet-odchudzania-i-zdrowia-jelit\/#primaryimage"},"image":{"@id":"https:\/\/jeaken.com\/pl\/produkt\/pakiet-odchudzania-i-zdrowia-jelit\/#primaryimage"},"thumbnailUrl":"https:\/\/jeaken.com\/wp-content\/uploads\/2023\/03\/Combine3.jpg","datePublished":"2023-03-19T16:25:57+00:00","dateModified":"2023-04-06T11:31:02+00:00","breadcrumb":{"@id":"https:\/\/jeaken.com\/pl\/produkt\/pakiet-odchudzania-i-zdrowia-jelit\/#breadcrumb"},"inLanguage":"pl-PL","potentialAction":[{"@type":"ReadAction","target":["https:\/\/jeaken.com\/pl\/produkt\/pakiet-odchudzania-i-zdrowia-jelit\/"]}]},{"@type":"ImageObject","inLanguage":"pl-PL","@id":"https:\/\/jeaken.com\/pl\/produkt\/pakiet-odchudzania-i-zdrowia-jelit\/#primaryimage","url":"https:\/\/jeaken.com\/wp-content\/uploads\/2023\/03\/Combine3.jpg","contentUrl":"https:\/\/jeaken.com\/wp-content\/uploads\/2023\/03\/Combine3.jpg","width":972,"height":972,"caption":"Weight Loss and Gut Health Bundle"},{"@type":"BreadcrumbList","@id":"https:\/\/jeaken.com\/pl\/produkt\/pakiet-odchudzania-i-zdrowia-jelit\/#breadcrumb","itemListElement":[{"@type":"ListItem","position":1,"name":"Home","item":"https:\/\/jeaken.com\/pl\/"},{"@type":"ListItem","position":2,"name":"Private: Shop","item":"https:\/\/jeaken.com\/shop\/"},{"@type":"ListItem","position":3,"name":"Zestaw do utraty wagi i zdrowia jelit"}]},{"@type":"WebSite","@id":"https:\/\/jeaken.com\/pl\/#website","url":"https:\/\/jeaken.com\/pl\/","name":"JeaKen","description":"Organic Supplements for Health, Fitness and Nutrition","publisher":{"@id":"https:\/\/jeaken.com\/pl\/#organization"},"potentialAction":[{"@type":"SearchAction","target":{"@type":"EntryPoint","urlTemplate":"https:\/\/jeaken.com\/pl\/?s={search_term_string}"},"query-input":"required name=search_term_string"}],"inLanguage":"pl-PL"},{"@type":"Organization","@id":"https:\/\/jeaken.com\/pl\/#organization","name":"JeaKen","url":"https:\/\/jeaken.com\/pl\/","logo":{"@type":"ImageObject","inLanguage":"pl-PL","@id":"https:\/\/jeaken.com\/pl\/#\/schema\/logo\/image\/","url":"https:\/\/jeaken.com\/wp-content\/uploads\/2022\/06\/jeaken-logo-23.png","contentUrl":"https:\/\/jeaken.com\/wp-content\/uploads\/2022\/06\/jeaken-logo-23.png","width":2486,"height":736,"caption":"JeaKen"},"image":{"@id":"https:\/\/jeaken.com\/pl\/#\/schema\/logo\/image\/"}}]}},"jetpack_sharing_enabled":true,"_links":{"self":[{"href":"https:\/\/jeaken.com\/pl\/wp-json\/wp\/v2\/product\/14558","targetHints":{"allow":["GET"]}}],"collection":[{"href":"https:\/\/jeaken.com\/pl\/wp-json\/wp\/v2\/product"}],"about":[{"href":"https:\/\/jeaken.com\/pl\/wp-json\/wp\/v2\/types\/product"}],"wp:featuredmedia":[{"embeddable":true,"href":"https:\/\/jeaken.com\/pl\/wp-json\/wp\/v2\/media\/16260"}],"wp:attachment":[{"href":"https:\/\/jeaken.com\/pl\/wp-json\/wp\/v2\/media?parent=14558"}],"wp:term":[{"taxonomy":"product_cat","embeddable":true,"href":"https:\/\/jeaken.com\/pl\/wp-json\/wp\/v2\/product_cat?post=14558"},{"taxonomy":"product_tag","embeddable":true,"href":"https:\/\/jeaken.com\/pl\/wp-json\/wp\/v2\/product_tag?post=14558"}],"curies":[{"name":"wp","href":"https:\/\/api.w.org\/{rel}","templated":true}]}}