{"id":14542,"date":"2023-03-19T16:19:16","date_gmt":"2023-03-19T16:19:16","guid":{"rendered":"https:\/?post_type=product&#038;p=14542"},"modified":"2023-04-06T12:30:58","modified_gmt":"2023-04-06T11:30:58","slug":"pakiet-odchudzanie-i-mentalna-klarownosc","status":"publish","type":"product","link":"https:\/\/jeaken.com\/pl\/produkt\/pakiet-odchudzanie-i-mentalna-klarownosc\/","title":{"rendered":"Zestaw do utraty wagi i jasno\u015bci umys\u0142u"},"content":{"rendered":"<h2>Zestaw do utraty wagi i jasno\u015bci umys\u0142u<\/h2>\n<p><span data-sheets-value=\"{\"1\":2,\"2\":\"The Weight Loss and Mental Clarity &amp; Focus Bundle is a powerful combination of three high-quality supplements designed to support your weight loss journey while also boosting cognitive function. The Apple Cider Vinegar Capsules offer additional digestive support and may aid in weight loss. The Super Mind Nootropics contain a blend of natural ingredients that help support cognitive function, including memory, focus, and mental clarity. Lastly, Green Tea Capsules provide a natural source of antioxidants and energy to support weight loss efforts. Whether you're looking to shed some extra pounds or improve your mental performance, this bundle can help you reach your goals.\"}\" data-sheets-userformat=\"{\"2\":897,\"3\":{\"1\":0},\"10\":0,\"11\":4,\"12\":0}\">Zestaw Weight Loss and Mental Clarity Bundle to pot\u0119\u017cne po\u0142\u0105czenie trzech wysokiej jako\u015bci suplement\u00f3w diety, kt\u00f3re wspieraj\u0105 proces odchudzania i jednocze\u015bnie zwi\u0119kszaj\u0105 funkcje poznawcze. Kapsu\u0142ki Apple Cider Vinegar oferuj\u0105 dodatkowe wsparcie trawienne i mog\u0105 wspomaga\u0107 utrat\u0119 wagi. Super Mind Nootropics zawiera mieszank\u0119 naturalnych sk\u0142adnik\u00f3w, kt\u00f3re pomagaj\u0105 wspiera\u0107 funkcje poznawcze, w tym pami\u0119\u0107, koncentracj\u0119 i jasno\u015b\u0107 umys\u0142u. Wreszcie kapsu\u0142ki z zielon\u0105 herbat\u0105 stanowi\u0105 naturalne \u017ar\u00f3d\u0142o antyoksydant\u00f3w i energii wspieraj\u0105ce wysi\u0142ki zmierzaj\u0105ce do utraty wagi. Niezale\u017cnie od tego, czy chcesz zrzuci\u0107 kilka zb\u0119dnych kilogram\u00f3w, czy poprawi\u0107 swoj\u0105 sprawno\u015b\u0107 umys\u0142ow\u0105, ten pakiet mo\u017ce pom\u00f3c Ci osi\u0105gn\u0105\u0107 Twoje cele.<\/span><\/p>\n<p>&nbsp;<\/p>\n<h4 class=\"product_title entry-title elementor-heading-title elementor-size-default\"><strong>Zielona herbata kapsu\u0142ki &#8211; 850mg utrata masy cia\u0142a antyoksydacyjne suplementy (120 tabletek)<\/strong><\/h4>\n<p>&nbsp;<\/p>\n<p><strong>OFERUJE WIELE KORZY\u015aCI ZDROWOTNYCH<\/strong><\/p>\n<p>Zielona herbata jest stosowana w medycynie chi\u0144skiej od oko\u0142o 4 tysi\u0119cy lat. Oferuje wiele pot\u0119\u017cnych korzy\u015bci zdrowotnych, w tym pomaga obni\u017cy\u0107 ryzyko chor\u00f3b serca i niekt\u00f3rych rodzaj\u00f3w raka, zwi\u0119ksza stosunek dobrego (HDL) cholesterolu do z\u0142ego (LDL) cholesterolu we krwi, wzmacnia uk\u0142ad odporno\u015bciowy i zapewnia wsparcie antyoksydacyjne.<\/p>\n<p><strong>POMAGA W UTRACIE WAGI<\/strong><\/p>\n<p>W po\u0142\u0105czeniu ze zdrow\u0105 diet\u0105, nasza przyjazna dla wegetarian zielona herbata dzia\u0142a jako skuteczny \u015brodek wspomagaj\u0105cy odchudzanie, zwi\u0119kszaj\u0105c tempo metabolizmu i hamuj\u0105c apetyt.<\/p>\n<p><strong>SILNY NATURALNY ANTYOKSYDANT<\/strong><\/p>\n<p>EGCG znajduj\u0105cy si\u0119 w zielonej herbacie jest odpowiedzialny za wi\u0119kszo\u015b\u0107 jej w\u0142a\u015bciwo\u015bci antyoksydacyjnych, co zapobiega uszkodzeniu Twoich kom\u00f3rek przez wolne rodniki.<\/p>\n<p><strong>POPRAWIA PAMI\u0118\u0106 I KONCENTRACJ\u0118<\/strong><\/p>\n<p>W\u0142a\u015bciwo\u015bci znalezione w ekstrakcie z zielonej herbaty mog\u0105 pom\u00f3c zwi\u0119kszy\u0107 poznanie i pami\u0119\u0107, pomagaj\u0105c Ci zachowa\u0107 ostro\u015b\u0107 i koncentracj\u0119 przez ca\u0142y dzie\u0144.<\/p>\n<p>&nbsp;<\/p>\n<h4 class=\"product_title entry-title elementor-heading-title elementor-size-default\"><strong>Apple Cider Vinegar &#8211; Metabolism Booster And Detox &#8211; Enhanced With Seagreens, Green Tea And Chromium (120 kapsu\u0142ek)<\/strong><\/h4>\n<p>&nbsp;<\/p>\n<p><strong>WIELE KORZY\u015aCI DLA ZDROWIA  <\/strong><\/p>\n<p>U\u017cywany przez Hipokratesa (&#8220;ojca wsp\u00f3\u0142czesnej medycyny&#8221;) ponad 2000 lat temu, ocet jab\u0142kowy podobno przyczynia si\u0119 do wielu niesamowitych korzy\u015bci zdrowotnych, w tym poprawy zdrowia trawiennego, zwi\u0119kszenia poziomu energii i poprawy metabolizmu. Nasze kapsu\u0142ki octu jab\u0142kowego o wysokiej mocy dostarczaj\u0105 tych pot\u0119\u017cnych korzy\u015bci w \u0142atwych do po\u0142kni\u0119cia kapsu\u0142kach.<\/p>\n<p><strong>WSPOMAGA ZDROW\u0104 UTRAT\u0118 WAGI  <\/strong><\/p>\n<p>Kilka ostatnich bada\u0144 wykaza\u0142o, \u017ce ocet jab\u0142kowy mo\u017ce pom\u00f3c w utracie wagi, gdy jest przyjmowany jako cz\u0119\u015b\u0107 zdrowej diety. Mo\u017ce r\u00f3wnie\u017c wspom\u00f3c trawienie i poprawi\u0107 og\u00f3lny stan zdrowia, pomagaj\u0105c wch\u0142on\u0105\u0107 wi\u0119cej sk\u0142adnik\u00f3w od\u017cywczych w po\u017cywieniu.<\/p>\n<p><strong>UNIKALNA MIESZANKA  <\/strong><\/p>\n<p>Nasze kapsu\u0142ki premium z octem jab\u0142kowym oferuj\u0105 optymalne rezultaty dzi\u0119ki unikalnej mieszance seagreens, zielonej herbaty i chromu. Twoje zdrowie jest dla nas priorytetem. Nasze kapsu\u0142ki s\u0105 produkowane w Wielkiej Brytanii w oparciu o \u015bcis\u0142e wytyczne bezpiecze\u0144stwa (kodeks GMP), aby zapewni\u0107 si\u0142\u0119 dzia\u0142ania, jako\u015b\u0107 i skuteczno\u015b\u0107.<\/p>\n<p><strong>ODPOWIEDNIE DLA WEGAN I WEGETARIAN  <\/strong><\/p>\n<p>Nasze kapsu\u0142ki z octem jab\u0142kowym s\u0105 wykonane w 100% z najwy\u017cszej jako\u015bci sk\u0142adnik\u00f3w ro\u015blinnych. Nasze kapsu\u0142ki s\u0105 bezglutenowe, bez laktozy, zgodne z GMP, non GMO i w 100% wega\u0144skie.<\/p>\n<p>&nbsp;<\/p>\n<h4 class=\"product_title entry-title elementor-heading-title elementor-size-default\"><strong>Super Mind Nootropics &#8211; 60 Vegan Capsules<\/strong><\/h4>\n<p>&nbsp;<\/p>\n<ul class=\"a-unordered-list a-vertical a-spacing-none\">\n<li class=\"a-spacing-small\"><span class=\"a-list-item a-size-base\">BOOST MEMORY, CONCENTRATION and ALERTNESS &#8211; W przeciwie\u0144stwie do wielu suplement\u00f3w m\u00f3zgowych JeaKen nootropics brain boost capsules s\u0105 wykonane z naturalnych sk\u0142adnik\u00f3w, takich jak Rhodiola Rosea, kt\u00f3re pomagaj\u0105 zwi\u0119kszy\u0107 koncentracj\u0119 i czujno\u015b\u0107, zwi\u0119kszy\u0107 energi\u0119 umys\u0142ow\u0105 i wzmocni\u0107 pami\u0119\u0107.  <\/span><\/li>\n<li class=\"a-spacing-small\"><span class=\"a-list-item a-size-base\">REDUKUJE ZM\u0118CZENIE, POPRAWIA KONCENTRACJ\u0118 &#8211; Guarana, ro\u015blina pochodz\u0105ca z Amazonii, zawiera kofein\u0119, kt\u00f3ra jest bardzo skuteczna w redukcji zm\u0119czenia i poprawie koncentracji umys\u0142u. Po\u0142\u0105czenie kofeiny i teaniny okazuje si\u0119 by\u0107 bardzo skuteczne dla poprawy wydajno\u015bci poznawczej.  <\/span><\/li>\n<li class=\"a-spacing-small\"><span class=\"a-list-item a-size-base\">TYLKO NAJLEPSZE SK\u0141ADNIKI &#8211; Nasz suplement pami\u0119ci jest wykonany z ca\u0142kowicie naturalnych witamin, minera\u0142\u00f3w i ekstrakt\u00f3w zio\u0142owych, bez u\u017cycia szkodliwych dodatk\u00f3w; non-GMO i wolny od hormon\u00f3w, glutenu.  <\/span><\/li>\n<li class=\"a-spacing-small\"><span class=\"a-list-item a-size-base\">BACKED BY SCIENCE &#8211; nie by\u0142o wielk\u0105 staranno\u015bci\u0105 w \u0142\u0105czeniu tylko prawo ilo\u015b\u0107 ka\u017cdego sk\u0142adnika w zaawansowanej formule spreparowane, aby pom\u00f3c wspiera\u0107 tlenu i kr\u0105\u017cenie w kom\u00f3rkach m\u00f3zgowych, a neurony zaprojektowane w celu wspierania pami\u0119ci, ostro\u015bci i jasno\u015bci.<\/span><\/li>\n<\/ul>\n","protected":false},"excerpt":{"rendered":"<div class=\"group w-full text-gray-800 dark:text-gray-100 border-b border-black\/10 dark:border-gray-900\/50 bg-gray-50 dark:bg-[#444654]\">\n<div class=\"text-base gap-4 md:gap-6 md:max-w-2xl lg:max-w-2xl xl:max-w-3xl p-4 md:py-6 flex lg:px-0 m-auto\">\n<div class=\"relative flex w-[calc(100%-50px)] flex-col gap-1 md:gap-3 lg:w-[calc(100%-115px)]\">\n<div class=\"flex flex-grow flex-col gap-3\">\n<div class=\"min-h-[20px] flex flex-col items-start gap-4 whitespace-pre-wrap\">\n<div class=\"markdown prose w-full break-words dark:prose-invert dark\">\n<p>Zestaw do utraty wagi i jasno\u015bci umys\u0142u zawiera ocet jab\u0142kowy, Super Mind Nootropics i kapsu\u0142ki z zielon\u0105 herbat\u0105, kt\u00f3re wspomagaj\u0105 trawienie, poznanie i utrat\u0119 wagi, pomagaj\u0105c w osi\u0105gni\u0119ciu celu.<\/p>\n<\/div>\n<\/div>\n<\/div>\n<\/div>\n<\/div>\n<\/div>\n","protected":false},"featured_media":16276,"template":"","meta":{"site-sidebar-layout":"default","site-content-layout":"default","ast-site-content-layout":"default","site-content-style":"default","site-sidebar-style":"default","ast-global-header-display":"","ast-banner-title-visibility":"","ast-main-header-display":"","ast-hfb-above-header-display":"","ast-hfb-below-header-display":"","ast-hfb-mobile-header-display":"","site-post-title":"","ast-breadcrumbs-content":"","ast-featured-img":"","footer-sml-layout":"","theme-transparent-header-meta":"default","adv-header-id-meta":"","stick-header-meta":"default","header-above-stick-meta":"","header-main-stick-meta":"","header-below-stick-meta":"","astra-migrate-meta-layouts":"default","ast-page-background-enabled":"default","ast-page-background-meta":{"desktop":{"background-color":"","background-image":"","background-repeat":"repeat","background-position":"center center","background-size":"auto","background-attachment":"scroll","background-type":"","background-media":"","overlay-type":"","overlay-color":"","overlay-opacity":"","overlay-gradient":""},"tablet":{"background-color":"","background-image":"","background-repeat":"repeat","background-position":"center center","background-size":"auto","background-attachment":"scroll","background-type":"","background-media":"","overlay-type":"","overlay-color":"","overlay-opacity":"","overlay-gradient":""},"mobile":{"background-color":"","background-image":"","background-repeat":"repeat","background-position":"center center","background-size":"auto","background-attachment":"scroll","background-type":"","background-media":"","overlay-type":"","overlay-color":"","overlay-opacity":"","overlay-gradient":""}},"ast-content-background-meta":{"desktop":{"background-color":"var(--ast-global-color-5)","background-image":"","background-repeat":"repeat","background-position":"center center","background-size":"auto","background-attachment":"scroll","background-type":"","background-media":"","overlay-type":"","overlay-color":"","overlay-opacity":"","overlay-gradient":""},"tablet":{"background-color":"var(--ast-global-color-5)","background-image":"","background-repeat":"repeat","background-position":"center center","background-size":"auto","background-attachment":"scroll","background-type":"","background-media":"","overlay-type":"","overlay-color":"","overlay-opacity":"","overlay-gradient":""},"mobile":{"background-color":"var(--ast-global-color-5)","background-image":"","background-repeat":"repeat","background-position":"center center","background-size":"auto","background-attachment":"scroll","background-type":"","background-media":"","overlay-type":"","overlay-color":"","overlay-opacity":"","overlay-gradient":""}}},"product_cat":[1210,567],"product_tag":[],"class_list":{"0":"post-14542","1":"product","2":"type-product","3":"status-publish","4":"has-post-thumbnail","6":"product_cat-utrata-wagi","7":"product_cat-wzmacniacze-mozgu","8":"has-subscription-plans","9":"desktop-align-left","10":"tablet-align-left","11":"mobile-align-left","13":"first","14":"instock","15":"taxable","16":"shipping-taxable","17":"purchasable","18":"product-type-simple"},"yoast_head":"<!-- This site is optimized with the Yoast SEO plugin v22.7 - https:\/\/yoast.com\/wordpress\/plugins\/seo\/ -->\n<title>Zestaw do utraty wagi i jasno\u015bci umys\u0142u - JeaKen<\/title>\n<meta name=\"robots\" content=\"index, follow, max-snippet:-1, max-image-preview:large, max-video-preview:-1\" \/>\n<link rel=\"canonical\" href=\"https:\/\/jeaken.com\/pl\/produkt\/pakiet-odchudzanie-i-mentalna-klarownosc\/\" \/>\n<meta property=\"og:locale\" content=\"pl_PL\" \/>\n<meta property=\"og:type\" content=\"article\" \/>\n<meta property=\"og:title\" content=\"Zestaw do utraty wagi i jasno\u015bci umys\u0142u - JeaKen\" \/>\n<meta property=\"og:description\" content=\"Zestaw do utraty wagi i jasno\u015bci umys\u0142u zawiera ocet jab\u0142kowy, Super Mind Nootropics i kapsu\u0142ki z zielon\u0105 herbat\u0105, kt\u00f3re wspomagaj\u0105 trawienie, poznanie i utrat\u0119 wagi, pomagaj\u0105c w osi\u0105gni\u0119ciu celu.\" \/>\n<meta property=\"og:url\" content=\"https:\/\/jeaken.com\/pl\/produkt\/pakiet-odchudzanie-i-mentalna-klarownosc\/\" \/>\n<meta property=\"og:site_name\" content=\"JeaKen\" \/>\n<meta property=\"article:modified_time\" content=\"2023-04-06T11:30:58+00:00\" \/>\n<meta property=\"og:image\" content=\"https:\/\/jeaken.com\/wp-content\/uploads\/2023\/03\/Combine4.jpg\" \/>\n\t<meta property=\"og:image:width\" content=\"972\" \/>\n\t<meta property=\"og:image:height\" content=\"972\" \/>\n\t<meta property=\"og:image:type\" content=\"image\/jpeg\" \/>\n<meta name=\"twitter:card\" content=\"summary_large_image\" \/>\n<script type=\"application\/ld+json\" class=\"yoast-schema-graph\">{\"@context\":\"https:\/\/schema.org\",\"@graph\":[{\"@type\":\"WebPage\",\"@id\":\"https:\/\/jeaken.com\/pl\/produkt\/pakiet-odchudzanie-i-mentalna-klarownosc\/\",\"url\":\"https:\/\/jeaken.com\/pl\/produkt\/pakiet-odchudzanie-i-mentalna-klarownosc\/\",\"name\":\"Zestaw do utraty wagi i jasno\u015bci umys\u0142u - JeaKen\",\"isPartOf\":{\"@id\":\"https:\/\/jeaken.com\/pl\/#website\"},\"primaryImageOfPage\":{\"@id\":\"https:\/\/jeaken.com\/pl\/produkt\/pakiet-odchudzanie-i-mentalna-klarownosc\/#primaryimage\"},\"image\":{\"@id\":\"https:\/\/jeaken.com\/pl\/produkt\/pakiet-odchudzanie-i-mentalna-klarownosc\/#primaryimage\"},\"thumbnailUrl\":\"https:\/\/jeaken.com\/wp-content\/uploads\/2023\/03\/Combine4.jpg\",\"datePublished\":\"2023-03-19T16:19:16+00:00\",\"dateModified\":\"2023-04-06T11:30:58+00:00\",\"breadcrumb\":{\"@id\":\"https:\/\/jeaken.com\/pl\/produkt\/pakiet-odchudzanie-i-mentalna-klarownosc\/#breadcrumb\"},\"inLanguage\":\"pl-PL\",\"potentialAction\":[{\"@type\":\"ReadAction\",\"target\":[\"https:\/\/jeaken.com\/pl\/produkt\/pakiet-odchudzanie-i-mentalna-klarownosc\/\"]}]},{\"@type\":\"ImageObject\",\"inLanguage\":\"pl-PL\",\"@id\":\"https:\/\/jeaken.com\/pl\/produkt\/pakiet-odchudzanie-i-mentalna-klarownosc\/#primaryimage\",\"url\":\"https:\/\/jeaken.com\/wp-content\/uploads\/2023\/03\/Combine4.jpg\",\"contentUrl\":\"https:\/\/jeaken.com\/wp-content\/uploads\/2023\/03\/Combine4.jpg\",\"width\":972,\"height\":972,\"caption\":\"Weight Loss And Mental Clarity Bundle\"},{\"@type\":\"BreadcrumbList\",\"@id\":\"https:\/\/jeaken.com\/pl\/produkt\/pakiet-odchudzanie-i-mentalna-klarownosc\/#breadcrumb\",\"itemListElement\":[{\"@type\":\"ListItem\",\"position\":1,\"name\":\"Home\",\"item\":\"https:\/\/jeaken.com\/pl\/\"},{\"@type\":\"ListItem\",\"position\":2,\"name\":\"Private: Shop\",\"item\":\"https:\/\/jeaken.com\/shop\/\"},{\"@type\":\"ListItem\",\"position\":3,\"name\":\"Zestaw do utraty wagi i jasno\u015bci umys\u0142u\"}]},{\"@type\":\"WebSite\",\"@id\":\"https:\/\/jeaken.com\/pl\/#website\",\"url\":\"https:\/\/jeaken.com\/pl\/\",\"name\":\"JeaKen\",\"description\":\"Organic Supplements for Health, Fitness and Nutrition\",\"publisher\":{\"@id\":\"https:\/\/jeaken.com\/pl\/#organization\"},\"potentialAction\":[{\"@type\":\"SearchAction\",\"target\":{\"@type\":\"EntryPoint\",\"urlTemplate\":\"https:\/\/jeaken.com\/pl\/?s={search_term_string}\"},\"query-input\":\"required name=search_term_string\"}],\"inLanguage\":\"pl-PL\"},{\"@type\":\"Organization\",\"@id\":\"https:\/\/jeaken.com\/pl\/#organization\",\"name\":\"JeaKen\",\"url\":\"https:\/\/jeaken.com\/pl\/\",\"logo\":{\"@type\":\"ImageObject\",\"inLanguage\":\"pl-PL\",\"@id\":\"https:\/\/jeaken.com\/pl\/#\/schema\/logo\/image\/\",\"url\":\"https:\/\/jeaken.com\/wp-content\/uploads\/2022\/06\/jeaken-logo-23.png\",\"contentUrl\":\"https:\/\/jeaken.com\/wp-content\/uploads\/2022\/06\/jeaken-logo-23.png\",\"width\":2486,\"height\":736,\"caption\":\"JeaKen\"},\"image\":{\"@id\":\"https:\/\/jeaken.com\/pl\/#\/schema\/logo\/image\/\"}}]}<\/script>\n<!-- \/ Yoast SEO plugin. -->","yoast_head_json":{"title":"Zestaw do utraty wagi i jasno\u015bci umys\u0142u - JeaKen","robots":{"index":"index","follow":"follow","max-snippet":"max-snippet:-1","max-image-preview":"max-image-preview:large","max-video-preview":"max-video-preview:-1"},"canonical":"https:\/\/jeaken.com\/pl\/produkt\/pakiet-odchudzanie-i-mentalna-klarownosc\/","og_locale":"pl_PL","og_type":"article","og_title":"Zestaw do utraty wagi i jasno\u015bci umys\u0142u - JeaKen","og_description":"Zestaw do utraty wagi i jasno\u015bci umys\u0142u zawiera ocet jab\u0142kowy, Super Mind Nootropics i kapsu\u0142ki z zielon\u0105 herbat\u0105, kt\u00f3re wspomagaj\u0105 trawienie, poznanie i utrat\u0119 wagi, pomagaj\u0105c w osi\u0105gni\u0119ciu celu.","og_url":"https:\/\/jeaken.com\/pl\/produkt\/pakiet-odchudzanie-i-mentalna-klarownosc\/","og_site_name":"JeaKen","article_modified_time":"2023-04-06T11:30:58+00:00","og_image":[{"width":972,"height":972,"url":"https:\/\/jeaken.com\/wp-content\/uploads\/2023\/03\/Combine4.jpg","type":"image\/jpeg"}],"twitter_card":"summary_large_image","schema":{"@context":"https:\/\/schema.org","@graph":[{"@type":"WebPage","@id":"https:\/\/jeaken.com\/pl\/produkt\/pakiet-odchudzanie-i-mentalna-klarownosc\/","url":"https:\/\/jeaken.com\/pl\/produkt\/pakiet-odchudzanie-i-mentalna-klarownosc\/","name":"Zestaw do utraty wagi i jasno\u015bci umys\u0142u - JeaKen","isPartOf":{"@id":"https:\/\/jeaken.com\/pl\/#website"},"primaryImageOfPage":{"@id":"https:\/\/jeaken.com\/pl\/produkt\/pakiet-odchudzanie-i-mentalna-klarownosc\/#primaryimage"},"image":{"@id":"https:\/\/jeaken.com\/pl\/produkt\/pakiet-odchudzanie-i-mentalna-klarownosc\/#primaryimage"},"thumbnailUrl":"https:\/\/jeaken.com\/wp-content\/uploads\/2023\/03\/Combine4.jpg","datePublished":"2023-03-19T16:19:16+00:00","dateModified":"2023-04-06T11:30:58+00:00","breadcrumb":{"@id":"https:\/\/jeaken.com\/pl\/produkt\/pakiet-odchudzanie-i-mentalna-klarownosc\/#breadcrumb"},"inLanguage":"pl-PL","potentialAction":[{"@type":"ReadAction","target":["https:\/\/jeaken.com\/pl\/produkt\/pakiet-odchudzanie-i-mentalna-klarownosc\/"]}]},{"@type":"ImageObject","inLanguage":"pl-PL","@id":"https:\/\/jeaken.com\/pl\/produkt\/pakiet-odchudzanie-i-mentalna-klarownosc\/#primaryimage","url":"https:\/\/jeaken.com\/wp-content\/uploads\/2023\/03\/Combine4.jpg","contentUrl":"https:\/\/jeaken.com\/wp-content\/uploads\/2023\/03\/Combine4.jpg","width":972,"height":972,"caption":"Weight Loss And Mental Clarity Bundle"},{"@type":"BreadcrumbList","@id":"https:\/\/jeaken.com\/pl\/produkt\/pakiet-odchudzanie-i-mentalna-klarownosc\/#breadcrumb","itemListElement":[{"@type":"ListItem","position":1,"name":"Home","item":"https:\/\/jeaken.com\/pl\/"},{"@type":"ListItem","position":2,"name":"Private: Shop","item":"https:\/\/jeaken.com\/shop\/"},{"@type":"ListItem","position":3,"name":"Zestaw do utraty wagi i jasno\u015bci umys\u0142u"}]},{"@type":"WebSite","@id":"https:\/\/jeaken.com\/pl\/#website","url":"https:\/\/jeaken.com\/pl\/","name":"JeaKen","description":"Organic Supplements for Health, Fitness and Nutrition","publisher":{"@id":"https:\/\/jeaken.com\/pl\/#organization"},"potentialAction":[{"@type":"SearchAction","target":{"@type":"EntryPoint","urlTemplate":"https:\/\/jeaken.com\/pl\/?s={search_term_string}"},"query-input":"required name=search_term_string"}],"inLanguage":"pl-PL"},{"@type":"Organization","@id":"https:\/\/jeaken.com\/pl\/#organization","name":"JeaKen","url":"https:\/\/jeaken.com\/pl\/","logo":{"@type":"ImageObject","inLanguage":"pl-PL","@id":"https:\/\/jeaken.com\/pl\/#\/schema\/logo\/image\/","url":"https:\/\/jeaken.com\/wp-content\/uploads\/2022\/06\/jeaken-logo-23.png","contentUrl":"https:\/\/jeaken.com\/wp-content\/uploads\/2022\/06\/jeaken-logo-23.png","width":2486,"height":736,"caption":"JeaKen"},"image":{"@id":"https:\/\/jeaken.com\/pl\/#\/schema\/logo\/image\/"}}]}},"jetpack_sharing_enabled":true,"_links":{"self":[{"href":"https:\/\/jeaken.com\/pl\/wp-json\/wp\/v2\/product\/14542","targetHints":{"allow":["GET"]}}],"collection":[{"href":"https:\/\/jeaken.com\/pl\/wp-json\/wp\/v2\/product"}],"about":[{"href":"https:\/\/jeaken.com\/pl\/wp-json\/wp\/v2\/types\/product"}],"wp:featuredmedia":[{"embeddable":true,"href":"https:\/\/jeaken.com\/pl\/wp-json\/wp\/v2\/media\/16276"}],"wp:attachment":[{"href":"https:\/\/jeaken.com\/pl\/wp-json\/wp\/v2\/media?parent=14542"}],"wp:term":[{"taxonomy":"product_cat","embeddable":true,"href":"https:\/\/jeaken.com\/pl\/wp-json\/wp\/v2\/product_cat?post=14542"},{"taxonomy":"product_tag","embeddable":true,"href":"https:\/\/jeaken.com\/pl\/wp-json\/wp\/v2\/product_tag?post=14542"}],"curies":[{"name":"wp","href":"https:\/\/api.w.org\/{rel}","templated":true}]}}