{"id":14478,"date":"2023-03-19T15:46:15","date_gmt":"2023-03-19T15:46:15","guid":{"rendered":"https:\/?post_type=product&#038;p=14478"},"modified":"2023-04-06T12:31:30","modified_gmt":"2023-04-06T11:31:30","slug":"gut-health-and-weight-loss-bundle","status":"publish","type":"product","link":"https:\/\/jeaken.com\/pl\/produkt\/gut-health-and-weight-loss-bundle\/","title":{"rendered":"Pakiet &#8220;Zdrowie jelit i utrata wagi"},"content":{"rendered":"<h2>Pakiet &#8220;Zdrowie jelit i utrata wagi<\/h2>\n<p>Pakiet &#8220;Zdrowie jelit i utrata wagi&#8221; zawiera starannie dobrane trzy kluczowe produkty, kt\u00f3re wspieraj\u0105 Twoj\u0105 podr\u00f3\u017c do zdrowia. W tym pakiecie znajduj\u0105 si\u0119 Probiotics Capsules, mieszanka 6 szczep\u00f3w probiotyk\u00f3w i prebiotyk\u00f3w dla optymalnego zdrowia uk\u0142adu pokarmowego. Dodatkowo kapsu\u0142ki z zielon\u0105 herbat\u0105 oferuj\u0105 naturalne \u017ar\u00f3d\u0142o energii i antyoksydant\u00f3w, kt\u00f3re pomagaj\u0105 w wysi\u0142kach zmierzaj\u0105cych do utraty wagi. Wreszcie, kapsu\u0142ki Apple Cider Vinegar zapewniaj\u0105 dalsze wsparcie trawienia i mog\u0105 wspomaga\u0107 utrat\u0119 wagi. Ten pakiet zapewnia wszystko, czego potrzebujesz, aby promowa\u0107 optymalne zdrowie uk\u0142adu pokarmowego i pom\u00f3c w realizacji cel\u00f3w zwi\u0105zanych z utrat\u0105 wagi.<\/p>\n<p>&nbsp;<\/p>\n<h4 class=\"product_title entry-title elementor-heading-title elementor-size-default\"><strong>6 Strains Probiotics With Prebiotics &#8211; (90 kapsu\u0142ek)<\/strong><\/h4>\n<p>&nbsp;<\/p>\n<p><strong>ULGA W WZD\u0118CIACH  <\/strong><\/p>\n<p>Nasze kapsu\u0142ki pochodz\u0105 z rodziny probiotyk\u00f3w Lactobacillus, kt\u00f3re s\u0105 najskuteczniejszymi probiotykami pomagaj\u0105cymi w utrzymaniu zdrowego uk\u0142adu pokarmowego.<span class=\"a-list-item a-size-base\">  Nasze starannie wyselekcjonowane szczepy bakterii nale\u017c\u0105 do najlepszych znanych z tego, \u017ce pomagaj\u0105 z\u0142agodzi\u0107 uczucie wzd\u0119cia i pe\u0142no\u015bci.  <\/span><\/p>\n<p><span class=\"a-list-item a-size-base\"><strong>6 AKTYWNYCH SZCZEP\u00d3W Z 10 MILIARDAMI CFU NA PORCJ\u0118<\/strong> <\/span><\/p>\n<p><span class=\"a-list-item a-size-base\">Nasze kompleksowe probiotyki oferuj\u0105 6 najbardziej skutecznych szczep\u00f3w: lactobacillus acidophillus, lactobacillus rhamnosus, lactobacillus gasseri, bifidobacterium lactis, bifidobacterium bifidus oraz saccharomyces boullardii.<\/span><\/p>\n<p><strong>PRZETRWA DZI\u0118KI KWASOWO\u015aCI \u017bO\u0141\u0104DKA <\/strong><\/p>\n<p>Saccharomyces boulardii jest <span class=\"a-list-item a-size-base\">dobrze zbadanym,<\/span> uznanym na ca\u0142ym \u015bwiecie probiotykiem, udowodnionym, \u017ce potrafi przetrwa\u0107 przez kwasowo\u015b\u0107 \u017co\u0142\u0105dka, by dotrze\u0107 do jelit \u017cywy.<\/p>\n<p><b>WIELE KORZY\u015aCI DLA ZDROWIA<\/b><\/p>\n<p>Nasza innowacyjna formu\u0142a zosta\u0142a wzbogacona o inulin\u0119, b\u0142onnik prebiotyczny o silnych w\u0142a\u015bciwo\u015bciach zdrowotnych, w tym o zwi\u0119kszonej odporno\u015bci, wzmocnionym dzia\u0142aniu r<span class=\"a-list-item\"><br \/>\n  <span class=\"a-size-base\">regularno\u015b\u0107, lepsze wch\u0142anianie n<\/span><br \/>\n<\/span><span class=\"a-list-item\"><br \/>\n  <span class=\"a-size-base\">wch\u0142anianie sk\u0142adnik\u00f3w od\u017cywczych, utrata wagi, poprawa zdrowia dr\u00f3g moczowych, poprawa poziomu cholesterolu i lepszy metabolizm.<\/span><br \/>\n<\/span><\/p>\n<p><strong>WYKONANE Z NATURALNYCH SK\u0141ADNIK\u00d3W<\/strong><\/p>\n<p>Nasze przyjazne dla wegan kapsu\u0142ki s\u0105 w 100% czyste i naturalne ze sk\u0142adnik\u00f3w niemodyfikowanych genetycznie<\/p>\n<p>&nbsp;<\/p>\n<h4 class=\"product_title entry-title elementor-heading-title elementor-size-default\"><strong>Zielona herbata kapsu\u0142ki &#8211; 850mg utrata masy cia\u0142a antyoksydacyjne suplementy (120 tabletek)<\/strong><\/h4>\n<p>&nbsp;<\/p>\n<p><strong>OFERUJE WIELE KORZY\u015aCI ZDROWOTNYCH<\/strong><\/p>\n<p>Zielona herbata jest stosowana w medycynie chi\u0144skiej od oko\u0142o 4 tysi\u0119cy lat. Oferuje wiele pot\u0119\u017cnych korzy\u015bci zdrowotnych, w tym pomaga obni\u017cy\u0107 ryzyko chor\u00f3b serca i niekt\u00f3rych rodzaj\u00f3w raka, zwi\u0119ksza stosunek dobrego (HDL) cholesterolu do z\u0142ego (LDL) cholesterolu we krwi, wzmacnia uk\u0142ad odporno\u015bciowy i zapewnia wsparcie antyoksydacyjne.<\/p>\n<p><strong>POMAGA W UTRACIE WAGI<\/strong><\/p>\n<p>W po\u0142\u0105czeniu ze zdrow\u0105 diet\u0105, nasza przyjazna dla wegetarian zielona herbata dzia\u0142a jako skuteczny \u015brodek wspomagaj\u0105cy odchudzanie, zwi\u0119kszaj\u0105c tempo metabolizmu i hamuj\u0105c apetyt.<\/p>\n<p><strong>SILNY NATURALNY ANTYOKSYDANT<\/strong><\/p>\n<p>EGCG znajduj\u0105cy si\u0119 w zielonej herbacie jest odpowiedzialny za wi\u0119kszo\u015b\u0107 jej w\u0142a\u015bciwo\u015bci antyoksydacyjnych, co zapobiega uszkodzeniu Twoich kom\u00f3rek przez wolne rodniki.<\/p>\n<p><strong>POPRAWIA PAMI\u0118\u0106 I KONCENTRACJ\u0118<\/strong><\/p>\n<p>W\u0142a\u015bciwo\u015bci znalezione w ekstrakcie z zielonej herbaty mog\u0105 pom\u00f3c zwi\u0119kszy\u0107 poznanie i pami\u0119\u0107, pomagaj\u0105c Ci zachowa\u0107 ostro\u015b\u0107 i koncentracj\u0119 przez ca\u0142y dzie\u0144.<\/p>\n<p>&nbsp;<\/p>\n<h4 class=\"product_title entry-title elementor-heading-title elementor-size-default\"><strong>Apple Cider Vinegar &#8211; Metabolism Booster And Detox &#8211; Enhanced With Seagreens, Green Tea And Chromium (120 kapsu\u0142ek)<\/strong><\/h4>\n<p>&nbsp;<\/p>\n<p><strong>WIELE KORZY\u015aCI DLA ZDROWIA  <\/strong><\/p>\n<p>U\u017cywany przez Hipokratesa (&#8220;ojca wsp\u00f3\u0142czesnej medycyny&#8221;) ponad 2000 lat temu, ocet jab\u0142kowy podobno przyczynia si\u0119 do wielu niesamowitych korzy\u015bci zdrowotnych, w tym poprawy zdrowia trawiennego, zwi\u0119kszenia poziomu energii i poprawy metabolizmu. Nasze kapsu\u0142ki octu jab\u0142kowego o wysokiej mocy dostarczaj\u0105 tych pot\u0119\u017cnych korzy\u015bci w \u0142atwych do po\u0142kni\u0119cia kapsu\u0142kach.<\/p>\n<p><strong>WSPOMAGA ZDROW\u0104 UTRAT\u0118 WAGI  <\/strong><\/p>\n<p>Kilka ostatnich bada\u0144 wykaza\u0142o, \u017ce ocet jab\u0142kowy mo\u017ce pom\u00f3c w utracie wagi, gdy jest przyjmowany jako cz\u0119\u015b\u0107 zdrowej diety. Mo\u017ce r\u00f3wnie\u017c wspom\u00f3c trawienie i poprawi\u0107 og\u00f3lny stan zdrowia, pomagaj\u0105c wch\u0142on\u0105\u0107 wi\u0119cej sk\u0142adnik\u00f3w od\u017cywczych w po\u017cywieniu.<\/p>\n<p><strong>UNIKALNA MIESZANKA  <\/strong><\/p>\n<p>Nasze kapsu\u0142ki premium z octem jab\u0142kowym oferuj\u0105 optymalne rezultaty dzi\u0119ki unikalnej mieszance seagreens, zielonej herbaty i chromu. Twoje zdrowie jest dla nas priorytetem. Nasze kapsu\u0142ki s\u0105 produkowane w Wielkiej Brytanii w oparciu o \u015bcis\u0142e wytyczne bezpiecze\u0144stwa (kodeks GMP), aby zapewni\u0107 si\u0142\u0119 dzia\u0142ania, jako\u015b\u0107 i skuteczno\u015b\u0107.<\/p>\n<p><strong>ODPOWIEDNIE DLA WEGAN I WEGETARIAN  <\/strong><\/p>\n<p>Nasze kapsu\u0142ki z octem jab\u0142kowym s\u0105 wykonane w 100% z najwy\u017cszej jako\u015bci sk\u0142adnik\u00f3w ro\u015blinnych. Nasze kapsu\u0142ki s\u0105 bezglutenowe, bez laktozy, zgodne z GMP, non GMO i w 100% wega\u0144skie.<\/p>\n","protected":false},"excerpt":{"rendered":"<div class=\"group w-full text-gray-800 dark:text-gray-100 border-b border-black\/10 dark:border-gray-900\/50 bg-gray-50 dark:bg-[#444654]\">\n<div class=\"text-base gap-4 md:gap-6 md:max-w-2xl lg:max-w-2xl xl:max-w-3xl p-4 md:py-6 flex lg:px-0 m-auto\">\n<div class=\"relative flex w-[calc(100%-50px)] flex-col gap-1 md:gap-3 lg:w-[calc(100%-115px)]\">\n<div class=\"flex flex-grow flex-col gap-3\">\n<div class=\"min-h-[20px] flex flex-col items-start gap-4 whitespace-pre-wrap\">\n<div class=\"markdown prose w-full break-words dark:prose-invert dark\">\n<p>Pakiet &#8220;Gut Health and Weight Loss Bundle&#8221; \u0142\u0105czy w sobie kapsu\u0142ki z probiotykami, kapsu\u0142ki z zielon\u0105 herbat\u0105 i kapsu\u0142ki z octem jab\u0142kowym dla lepszego trawienia, energii i wsparcia utraty wagi, promuj\u0105c og\u00f3lny dobrostan.<\/p>\n<\/div>\n<\/div>\n<\/div>\n<\/div>\n<\/div>\n<\/div>\n","protected":false},"featured_media":16233,"template":"","meta":{"site-sidebar-layout":"default","site-content-layout":"default","ast-site-content-layout":"default","site-content-style":"default","site-sidebar-style":"default","ast-global-header-display":"","ast-banner-title-visibility":"","ast-main-header-display":"","ast-hfb-above-header-display":"","ast-hfb-below-header-display":"","ast-hfb-mobile-header-display":"","site-post-title":"","ast-breadcrumbs-content":"","ast-featured-img":"","footer-sml-layout":"","theme-transparent-header-meta":"default","adv-header-id-meta":"","stick-header-meta":"default","header-above-stick-meta":"","header-main-stick-meta":"","header-below-stick-meta":"","astra-migrate-meta-layouts":"default","ast-page-background-enabled":"default","ast-page-background-meta":{"desktop":{"background-color":"","background-image":"","background-repeat":"repeat","background-position":"center center","background-size":"auto","background-attachment":"scroll","background-type":"","background-media":"","overlay-type":"","overlay-color":"","overlay-opacity":"","overlay-gradient":""},"tablet":{"background-color":"","background-image":"","background-repeat":"repeat","background-position":"center center","background-size":"auto","background-attachment":"scroll","background-type":"","background-media":"","overlay-type":"","overlay-color":"","overlay-opacity":"","overlay-gradient":""},"mobile":{"background-color":"","background-image":"","background-repeat":"repeat","background-position":"center center","background-size":"auto","background-attachment":"scroll","background-type":"","background-media":"","overlay-type":"","overlay-color":"","overlay-opacity":"","overlay-gradient":""}},"ast-content-background-meta":{"desktop":{"background-color":"var(--ast-global-color-5)","background-image":"","background-repeat":"repeat","background-position":"center center","background-size":"auto","background-attachment":"scroll","background-type":"","background-media":"","overlay-type":"","overlay-color":"","overlay-opacity":"","overlay-gradient":""},"tablet":{"background-color":"var(--ast-global-color-5)","background-image":"","background-repeat":"repeat","background-position":"center center","background-size":"auto","background-attachment":"scroll","background-type":"","background-media":"","overlay-type":"","overlay-color":"","overlay-opacity":"","overlay-gradient":""},"mobile":{"background-color":"var(--ast-global-color-5)","background-image":"","background-repeat":"repeat","background-position":"center center","background-size":"auto","background-attachment":"scroll","background-type":"","background-media":"","overlay-type":"","overlay-color":"","overlay-opacity":"","overlay-gradient":""}}},"product_cat":[1292,568,671,1210,541],"product_tag":[],"class_list":{"0":"post-14478","1":"product","2":"type-product","3":"status-publish","4":"has-post-thumbnail","6":"product_cat-odzywianie","7":"product_cat-suplementy-diety","8":"product_cat-ulga-na-wzdecia","9":"product_cat-utrata-wagi","10":"product_cat-witaminy-i-mineraly","11":"has-subscription-plans","12":"desktop-align-left","13":"tablet-align-left","14":"mobile-align-left","16":"first","17":"instock","18":"taxable","19":"shipping-taxable","20":"purchasable","21":"product-type-simple"},"yoast_head":"<!-- This site is optimized with the Yoast SEO plugin v22.7 - https:\/\/yoast.com\/wordpress\/plugins\/seo\/ -->\n<title>Pakiet &quot;Zdrowie jelit i utrata wagi - JeaKen<\/title>\n<meta name=\"robots\" content=\"index, follow, max-snippet:-1, max-image-preview:large, max-video-preview:-1\" \/>\n<link rel=\"canonical\" href=\"https:\/\/jeaken.com\/pl\/produkt\/gut-health-and-weight-loss-bundle\/\" \/>\n<meta property=\"og:locale\" content=\"pl_PL\" \/>\n<meta property=\"og:type\" content=\"article\" \/>\n<meta property=\"og:title\" content=\"Pakiet &quot;Zdrowie jelit i utrata wagi - JeaKen\" \/>\n<meta property=\"og:description\" content=\"Pakiet &quot;Gut Health and Weight Loss Bundle&quot; \u0142\u0105czy w sobie kapsu\u0142ki z probiotykami, kapsu\u0142ki z zielon\u0105 herbat\u0105 i kapsu\u0142ki z octem jab\u0142kowym dla lepszego trawienia, energii i wsparcia utraty wagi, promuj\u0105c og\u00f3lny dobrostan.\" \/>\n<meta property=\"og:url\" content=\"https:\/\/jeaken.com\/pl\/produkt\/gut-health-and-weight-loss-bundle\/\" \/>\n<meta property=\"og:site_name\" content=\"JeaKen\" \/>\n<meta property=\"article:modified_time\" content=\"2023-04-06T11:31:30+00:00\" \/>\n<meta property=\"og:image\" content=\"https:\/\/jeaken.com\/wp-content\/uploads\/2023\/03\/Sans-titre-1.jpg\" \/>\n\t<meta property=\"og:image:width\" content=\"972\" \/>\n\t<meta property=\"og:image:height\" content=\"972\" \/>\n\t<meta property=\"og:image:type\" content=\"image\/jpeg\" \/>\n<meta name=\"twitter:card\" content=\"summary_large_image\" \/>\n<meta name=\"twitter:label1\" content=\"Est. reading time\" \/>\n\t<meta name=\"twitter:data1\" content=\"4 minutes\" \/>\n<script type=\"application\/ld+json\" class=\"yoast-schema-graph\">{\"@context\":\"https:\/\/schema.org\",\"@graph\":[{\"@type\":\"WebPage\",\"@id\":\"https:\/\/jeaken.com\/pl\/produkt\/gut-health-and-weight-loss-bundle\/\",\"url\":\"https:\/\/jeaken.com\/pl\/produkt\/gut-health-and-weight-loss-bundle\/\",\"name\":\"Pakiet \\\"Zdrowie jelit i utrata wagi - JeaKen\",\"isPartOf\":{\"@id\":\"https:\/\/jeaken.com\/pl\/#website\"},\"primaryImageOfPage\":{\"@id\":\"https:\/\/jeaken.com\/pl\/produkt\/gut-health-and-weight-loss-bundle\/#primaryimage\"},\"image\":{\"@id\":\"https:\/\/jeaken.com\/pl\/produkt\/gut-health-and-weight-loss-bundle\/#primaryimage\"},\"thumbnailUrl\":\"https:\/\/jeaken.com\/wp-content\/uploads\/2023\/03\/Sans-titre-1.jpg\",\"datePublished\":\"2023-03-19T15:46:15+00:00\",\"dateModified\":\"2023-04-06T11:31:30+00:00\",\"breadcrumb\":{\"@id\":\"https:\/\/jeaken.com\/pl\/produkt\/gut-health-and-weight-loss-bundle\/#breadcrumb\"},\"inLanguage\":\"pl-PL\",\"potentialAction\":[{\"@type\":\"ReadAction\",\"target\":[\"https:\/\/jeaken.com\/pl\/produkt\/gut-health-and-weight-loss-bundle\/\"]}]},{\"@type\":\"ImageObject\",\"inLanguage\":\"pl-PL\",\"@id\":\"https:\/\/jeaken.com\/pl\/produkt\/gut-health-and-weight-loss-bundle\/#primaryimage\",\"url\":\"https:\/\/jeaken.com\/wp-content\/uploads\/2023\/03\/Sans-titre-1.jpg\",\"contentUrl\":\"https:\/\/jeaken.com\/wp-content\/uploads\/2023\/03\/Sans-titre-1.jpg\",\"width\":972,\"height\":972,\"caption\":\"Gut Health and Weight Loss Bundle\"},{\"@type\":\"BreadcrumbList\",\"@id\":\"https:\/\/jeaken.com\/pl\/produkt\/gut-health-and-weight-loss-bundle\/#breadcrumb\",\"itemListElement\":[{\"@type\":\"ListItem\",\"position\":1,\"name\":\"Home\",\"item\":\"https:\/\/jeaken.com\/pl\/\"},{\"@type\":\"ListItem\",\"position\":2,\"name\":\"Private: Shop\",\"item\":\"https:\/\/jeaken.com\/shop\/\"},{\"@type\":\"ListItem\",\"position\":3,\"name\":\"Pakiet &#8220;Zdrowie jelit i utrata wagi\"}]},{\"@type\":\"WebSite\",\"@id\":\"https:\/\/jeaken.com\/pl\/#website\",\"url\":\"https:\/\/jeaken.com\/pl\/\",\"name\":\"JeaKen\",\"description\":\"Organic Supplements for Health, Fitness and Nutrition\",\"publisher\":{\"@id\":\"https:\/\/jeaken.com\/pl\/#organization\"},\"potentialAction\":[{\"@type\":\"SearchAction\",\"target\":{\"@type\":\"EntryPoint\",\"urlTemplate\":\"https:\/\/jeaken.com\/pl\/?s={search_term_string}\"},\"query-input\":\"required name=search_term_string\"}],\"inLanguage\":\"pl-PL\"},{\"@type\":\"Organization\",\"@id\":\"https:\/\/jeaken.com\/pl\/#organization\",\"name\":\"JeaKen\",\"url\":\"https:\/\/jeaken.com\/pl\/\",\"logo\":{\"@type\":\"ImageObject\",\"inLanguage\":\"pl-PL\",\"@id\":\"https:\/\/jeaken.com\/pl\/#\/schema\/logo\/image\/\",\"url\":\"https:\/\/jeaken.com\/wp-content\/uploads\/2022\/06\/jeaken-logo-23.png\",\"contentUrl\":\"https:\/\/jeaken.com\/wp-content\/uploads\/2022\/06\/jeaken-logo-23.png\",\"width\":2486,\"height\":736,\"caption\":\"JeaKen\"},\"image\":{\"@id\":\"https:\/\/jeaken.com\/pl\/#\/schema\/logo\/image\/\"}}]}<\/script>\n<!-- \/ Yoast SEO plugin. -->","yoast_head_json":{"title":"Pakiet \"Zdrowie jelit i utrata wagi - JeaKen","robots":{"index":"index","follow":"follow","max-snippet":"max-snippet:-1","max-image-preview":"max-image-preview:large","max-video-preview":"max-video-preview:-1"},"canonical":"https:\/\/jeaken.com\/pl\/produkt\/gut-health-and-weight-loss-bundle\/","og_locale":"pl_PL","og_type":"article","og_title":"Pakiet \"Zdrowie jelit i utrata wagi - JeaKen","og_description":"Pakiet \"Gut Health and Weight Loss Bundle\" \u0142\u0105czy w sobie kapsu\u0142ki z probiotykami, kapsu\u0142ki z zielon\u0105 herbat\u0105 i kapsu\u0142ki z octem jab\u0142kowym dla lepszego trawienia, energii i wsparcia utraty wagi, promuj\u0105c og\u00f3lny dobrostan.","og_url":"https:\/\/jeaken.com\/pl\/produkt\/gut-health-and-weight-loss-bundle\/","og_site_name":"JeaKen","article_modified_time":"2023-04-06T11:31:30+00:00","og_image":[{"width":972,"height":972,"url":"https:\/\/jeaken.com\/wp-content\/uploads\/2023\/03\/Sans-titre-1.jpg","type":"image\/jpeg"}],"twitter_card":"summary_large_image","twitter_misc":{"Est. reading time":"4 minutes"},"schema":{"@context":"https:\/\/schema.org","@graph":[{"@type":"WebPage","@id":"https:\/\/jeaken.com\/pl\/produkt\/gut-health-and-weight-loss-bundle\/","url":"https:\/\/jeaken.com\/pl\/produkt\/gut-health-and-weight-loss-bundle\/","name":"Pakiet \"Zdrowie jelit i utrata wagi - JeaKen","isPartOf":{"@id":"https:\/\/jeaken.com\/pl\/#website"},"primaryImageOfPage":{"@id":"https:\/\/jeaken.com\/pl\/produkt\/gut-health-and-weight-loss-bundle\/#primaryimage"},"image":{"@id":"https:\/\/jeaken.com\/pl\/produkt\/gut-health-and-weight-loss-bundle\/#primaryimage"},"thumbnailUrl":"https:\/\/jeaken.com\/wp-content\/uploads\/2023\/03\/Sans-titre-1.jpg","datePublished":"2023-03-19T15:46:15+00:00","dateModified":"2023-04-06T11:31:30+00:00","breadcrumb":{"@id":"https:\/\/jeaken.com\/pl\/produkt\/gut-health-and-weight-loss-bundle\/#breadcrumb"},"inLanguage":"pl-PL","potentialAction":[{"@type":"ReadAction","target":["https:\/\/jeaken.com\/pl\/produkt\/gut-health-and-weight-loss-bundle\/"]}]},{"@type":"ImageObject","inLanguage":"pl-PL","@id":"https:\/\/jeaken.com\/pl\/produkt\/gut-health-and-weight-loss-bundle\/#primaryimage","url":"https:\/\/jeaken.com\/wp-content\/uploads\/2023\/03\/Sans-titre-1.jpg","contentUrl":"https:\/\/jeaken.com\/wp-content\/uploads\/2023\/03\/Sans-titre-1.jpg","width":972,"height":972,"caption":"Gut Health and Weight Loss Bundle"},{"@type":"BreadcrumbList","@id":"https:\/\/jeaken.com\/pl\/produkt\/gut-health-and-weight-loss-bundle\/#breadcrumb","itemListElement":[{"@type":"ListItem","position":1,"name":"Home","item":"https:\/\/jeaken.com\/pl\/"},{"@type":"ListItem","position":2,"name":"Private: Shop","item":"https:\/\/jeaken.com\/shop\/"},{"@type":"ListItem","position":3,"name":"Pakiet &#8220;Zdrowie jelit i utrata wagi"}]},{"@type":"WebSite","@id":"https:\/\/jeaken.com\/pl\/#website","url":"https:\/\/jeaken.com\/pl\/","name":"JeaKen","description":"Organic Supplements for Health, Fitness and Nutrition","publisher":{"@id":"https:\/\/jeaken.com\/pl\/#organization"},"potentialAction":[{"@type":"SearchAction","target":{"@type":"EntryPoint","urlTemplate":"https:\/\/jeaken.com\/pl\/?s={search_term_string}"},"query-input":"required name=search_term_string"}],"inLanguage":"pl-PL"},{"@type":"Organization","@id":"https:\/\/jeaken.com\/pl\/#organization","name":"JeaKen","url":"https:\/\/jeaken.com\/pl\/","logo":{"@type":"ImageObject","inLanguage":"pl-PL","@id":"https:\/\/jeaken.com\/pl\/#\/schema\/logo\/image\/","url":"https:\/\/jeaken.com\/wp-content\/uploads\/2022\/06\/jeaken-logo-23.png","contentUrl":"https:\/\/jeaken.com\/wp-content\/uploads\/2022\/06\/jeaken-logo-23.png","width":2486,"height":736,"caption":"JeaKen"},"image":{"@id":"https:\/\/jeaken.com\/pl\/#\/schema\/logo\/image\/"}}]}},"jetpack_sharing_enabled":true,"_links":{"self":[{"href":"https:\/\/jeaken.com\/pl\/wp-json\/wp\/v2\/product\/14478","targetHints":{"allow":["GET"]}}],"collection":[{"href":"https:\/\/jeaken.com\/pl\/wp-json\/wp\/v2\/product"}],"about":[{"href":"https:\/\/jeaken.com\/pl\/wp-json\/wp\/v2\/types\/product"}],"wp:featuredmedia":[{"embeddable":true,"href":"https:\/\/jeaken.com\/pl\/wp-json\/wp\/v2\/media\/16233"}],"wp:attachment":[{"href":"https:\/\/jeaken.com\/pl\/wp-json\/wp\/v2\/media?parent=14478"}],"wp:term":[{"taxonomy":"product_cat","embeddable":true,"href":"https:\/\/jeaken.com\/pl\/wp-json\/wp\/v2\/product_cat?post=14478"},{"taxonomy":"product_tag","embeddable":true,"href":"https:\/\/jeaken.com\/pl\/wp-json\/wp\/v2\/product_tag?post=14478"}],"curies":[{"name":"wp","href":"https:\/\/api.w.org\/{rel}","templated":true}]}}