{"id":14428,"date":"2023-03-16T15:37:26","date_gmt":"2023-03-16T15:37:26","guid":{"rendered":"https:\/?post_type=product&#038;p=14428"},"modified":"2023-04-06T12:30:57","modified_gmt":"2023-04-06T11:30:57","slug":"pakiet-jelita-zdrowie-i-mentalna-klarownosc","status":"publish","type":"product","link":"https:\/\/jeaken.com\/pl\/produkt\/pakiet-jelita-zdrowie-i-mentalna-klarownosc\/","title":{"rendered":"Pakiet &#8220;Zdrowie jelit i jasno\u015b\u0107 umys\u0142u"},"content":{"rendered":"<h2>Pakiet &#8220;Zdrowie jelit i jasno\u015b\u0107 umys\u0142u<\/h2>\n<p><span data-sheets-value=\"{\"1\":2,\"2\":\"The Digestive Health and Mental Clarity &amp; Focus Bundle is a potent combination of three key products designed to support your overall wellness. This bundle includes 6 Strains Probiotics with Prebiotics, a high-quality probiotic supplement that promotes healthy digestion and supports immune function. Green Tea Capsules are also included, providing a natural source of antioxidants to promote overall health and well-being. Additionally, Super Mind Nootropics, a vegan-friendly nootropic supplement, helps to support mental clarity and focus, promoting overall cognitive function. With this bundle, you'll have everything you need to support your digestive health and enhance your mental clarity and focus.\"}\" data-sheets-userformat=\"{\"2\":897,\"3\":{\"1\":0},\"10\":0,\"11\":4,\"12\":0}\">Pakiet &#8220;Gut Health and Mental Clarity Bundle&#8221; to pot\u0119\u017cne po\u0142\u0105czenie trzech kluczowych produkt\u00f3w, kt\u00f3re maj\u0105 na celu wsparcie Twojego og\u00f3lnego samopoczucia. Ten pakiet zawiera 6 Strains Probiotics with Prebiotics, wysokiej jako\u015bci suplement probiotyczny, kt\u00f3ry promuje zdrowe trawienie i wspiera funkcje odporno\u015bciowe. Kapsu\u0142ki zielonej herbaty s\u0105 r\u00f3wnie\u017c zawarte, zapewniaj\u0105c naturalne \u017ar\u00f3d\u0142o antyoksydant\u00f3w, aby promowa\u0107 og\u00f3lne zdrowie i dobre samopoczucie. Dodatkowo Super Mind Nootropics, przyjazny dla wegan suplement nootropowy, pomaga wspiera\u0107 jasno\u015b\u0107 umys\u0142u i skupienie, promuj\u0105c og\u00f3lne funkcje poznawcze. Dzi\u0119ki temu pakietowi b\u0119dziesz mia\u0142 wszystko, czego potrzebujesz, aby wspiera\u0107 zdrowie uk\u0142adu pokarmowego i zwi\u0119kszy\u0107 jasno\u015b\u0107 umys\u0142u i skupienie.<\/span><\/p>\n<p>&nbsp;<\/p>\n<h4 class=\"product_title entry-title elementor-heading-title elementor-size-default\"><strong>6 Strains Probiotics With Prebiotics &#8211; (90 kapsu\u0142ek)<\/strong><\/h4>\n<p>&nbsp;<\/p>\n<p><strong>ULGA W WZD\u0118CIACH  <\/strong><\/p>\n<p>Nasze kapsu\u0142ki pochodz\u0105 z rodziny probiotyk\u00f3w Lactobacillus, kt\u00f3re s\u0105 najskuteczniejszymi probiotykami pomagaj\u0105cymi w utrzymaniu zdrowego uk\u0142adu pokarmowego.<span class=\"a-list-item a-size-base\">  Nasze starannie wyselekcjonowane szczepy bakterii nale\u017c\u0105 do najlepszych znanych z tego, \u017ce pomagaj\u0105 z\u0142agodzi\u0107 uczucie wzd\u0119cia i pe\u0142no\u015bci.  <\/span><\/p>\n<p><span class=\"a-list-item a-size-base\"><strong>6 AKTYWNYCH SZCZEP\u00d3W Z 10 MILIARDAMI CFU NA PORCJ\u0118<\/strong> <\/span><\/p>\n<p><span class=\"a-list-item a-size-base\">Nasze kompleksowe probiotyki oferuj\u0105 6 najbardziej skutecznych szczep\u00f3w: lactobacillus acidophillus, lactobacillus rhamnosus, lactobacillus gasseri, bifidobacterium lactis, bifidobacterium bifidus oraz saccharomyces boullardii.<\/span><\/p>\n<p><strong>PRZETRWA DZI\u0118KI KWASOWO\u015aCI \u017bO\u0141\u0104DKA <\/strong><\/p>\n<p>Saccharomyces boulardii jest <span class=\"a-list-item a-size-base\">dobrze zbadanym,<\/span> uznanym na ca\u0142ym \u015bwiecie probiotykiem, udowodnionym, \u017ce potrafi przetrwa\u0107 przez kwasowo\u015b\u0107 \u017co\u0142\u0105dka, by dotrze\u0107 do jelit \u017cywy.<\/p>\n<p><b>WIELE KORZY\u015aCI DLA ZDROWIA<\/b><\/p>\n<p>Nasza innowacyjna formu\u0142a zosta\u0142a wzbogacona o inulin\u0119, b\u0142onnik prebiotyczny o silnych w\u0142a\u015bciwo\u015bciach zdrowotnych, w tym o zwi\u0119kszonej odporno\u015bci, wzmocnionym dzia\u0142aniu r<span class=\"a-list-item\"><br \/>\n  <span class=\"a-size-base\">regularno\u015b\u0107, lepsze wch\u0142anianie n<\/span><br \/>\n<\/span><span class=\"a-list-item\"><br \/>\n  <span class=\"a-size-base\">wch\u0142anianie sk\u0142adnik\u00f3w od\u017cywczych, utrata wagi, poprawa zdrowia dr\u00f3g moczowych, poprawa poziomu cholesterolu i lepszy metabolizm.<\/span><br \/>\n<\/span><\/p>\n<p><strong>WYKONANE Z NATURALNYCH SK\u0141ADNIK\u00d3W<\/strong><\/p>\n<p>Nasze przyjazne dla wegan kapsu\u0142ki s\u0105 w 100% czyste i naturalne ze sk\u0142adnik\u00f3w niemodyfikowanych genetycznie<\/p>\n<p>&nbsp;<\/p>\n<h4 class=\"product_title entry-title elementor-heading-title elementor-size-default\"><strong>Zielona herbata kapsu\u0142ki &#8211; 850mg utrata masy cia\u0142a antyoksydacyjne suplementy (120 tabletek)<\/strong><\/h4>\n<p>&nbsp;<\/p>\n<p><strong>OFERUJE WIELE KORZY\u015aCI ZDROWOTNYCH<\/strong><\/p>\n<p>Zielona herbata jest stosowana w medycynie chi\u0144skiej od oko\u0142o 4 tysi\u0119cy lat. Oferuje wiele pot\u0119\u017cnych korzy\u015bci zdrowotnych, w tym pomaga obni\u017cy\u0107 ryzyko chor\u00f3b serca i niekt\u00f3rych rodzaj\u00f3w raka, zwi\u0119ksza stosunek dobrego (HDL) cholesterolu do z\u0142ego (LDL) cholesterolu we krwi, wzmacnia uk\u0142ad odporno\u015bciowy i zapewnia wsparcie antyoksydacyjne.<\/p>\n<p><strong>POMAGA W UTRACIE WAGI<\/strong><\/p>\n<p>W po\u0142\u0105czeniu ze zdrow\u0105 diet\u0105, nasza przyjazna dla wegetarian zielona herbata dzia\u0142a jako skuteczny \u015brodek wspomagaj\u0105cy odchudzanie, zwi\u0119kszaj\u0105c tempo metabolizmu i hamuj\u0105c apetyt.<\/p>\n<p><strong>SILNY NATURALNY ANTYOKSYDANT<\/strong><\/p>\n<p>EGCG znajduj\u0105cy si\u0119 w zielonej herbacie jest odpowiedzialny za wi\u0119kszo\u015b\u0107 jej w\u0142a\u015bciwo\u015bci antyoksydacyjnych, co zapobiega uszkodzeniu Twoich kom\u00f3rek przez wolne rodniki.<\/p>\n<p><strong>POPRAWIA PAMI\u0118\u0106 I KONCENTRACJ\u0118<\/strong><\/p>\n<p>W\u0142a\u015bciwo\u015bci znalezione w ekstrakcie z zielonej herbaty mog\u0105 pom\u00f3c zwi\u0119kszy\u0107 poznanie i pami\u0119\u0107, pomagaj\u0105c Ci zachowa\u0107 ostro\u015b\u0107 i koncentracj\u0119 przez ca\u0142y dzie\u0144.<\/p>\n<h4 class=\"product_title entry-title elementor-heading-title elementor-size-default\"><strong>Super Mind Nootropics &#8211; 60 Vegan Capsules<\/strong><\/h4>\n<p>&nbsp;<\/p>\n<ul class=\"a-unordered-list a-vertical a-spacing-none\">\n<li class=\"a-spacing-small\"><span class=\"a-list-item a-size-base\">BOOST MEMORY, CONCENTRATION and ALERTNESS &#8211; W przeciwie\u0144stwie do wielu suplement\u00f3w m\u00f3zgowych JeaKen nootropics brain boost capsules s\u0105 wykonane z naturalnych sk\u0142adnik\u00f3w, takich jak Rhodiola Rosea, kt\u00f3re pomagaj\u0105 zwi\u0119kszy\u0107 koncentracj\u0119 i czujno\u015b\u0107, zwi\u0119kszy\u0107 energi\u0119 umys\u0142ow\u0105 i wzmocni\u0107 pami\u0119\u0107.  <\/span><\/li>\n<li class=\"a-spacing-small\"><span class=\"a-list-item a-size-base\">REDUKUJE ZM\u0118CZENIE, POPRAWIA KONCENTRACJ\u0118 &#8211; Guarana, ro\u015blina pochodz\u0105ca z Amazonii, zawiera kofein\u0119, kt\u00f3ra jest bardzo skuteczna w redukcji zm\u0119czenia i poprawie koncentracji umys\u0142u. Po\u0142\u0105czenie kofeiny i teaniny okazuje si\u0119 by\u0107 bardzo skuteczne dla poprawy wydajno\u015bci poznawczej.  <\/span><\/li>\n<li class=\"a-spacing-small\"><span class=\"a-list-item a-size-base\">TYLKO NAJLEPSZE SK\u0141ADNIKI &#8211; Nasz suplement pami\u0119ci jest wykonany z ca\u0142kowicie naturalnych witamin, minera\u0142\u00f3w i ekstrakt\u00f3w zio\u0142owych, bez u\u017cycia szkodliwych dodatk\u00f3w; non-GMO i wolny od hormon\u00f3w, glutenu.  <\/span><\/li>\n<li class=\"a-spacing-small\"><span class=\"a-list-item a-size-base\">BACKED BY SCIENCE &#8211; nie by\u0142o wielk\u0105 staranno\u015bci\u0105 w \u0142\u0105czeniu tylko prawo ilo\u015b\u0107 ka\u017cdego sk\u0142adnika w zaawansowanej formule spreparowane, aby pom\u00f3c wspiera\u0107 tlenu i kr\u0105\u017cenie w kom\u00f3rkach m\u00f3zgowych, a neurony zaprojektowane w celu wspierania pami\u0119ci, ostro\u015bci i jasno\u015bci.<\/span><\/li>\n<\/ul>\n","protected":false},"excerpt":{"rendered":"<p>Popraw trawienie i funkcje poznawcze dzi\u0119ki pakietowi Gut Health and Mental Clarity Bundle, zawieraj\u0105cemu probiotyki, zielon\u0105 herbat\u0119 i nootropy dla og\u00f3lnego dobrego samopoczucia.<\/p>\n","protected":false},"featured_media":16286,"template":"","meta":{"site-sidebar-layout":"default","site-content-layout":"default","ast-site-content-layout":"default","site-content-style":"default","site-sidebar-style":"default","ast-global-header-display":"","ast-banner-title-visibility":"","ast-main-header-display":"","ast-hfb-above-header-display":"","ast-hfb-below-header-display":"","ast-hfb-mobile-header-display":"","site-post-title":"","ast-breadcrumbs-content":"","ast-featured-img":"","footer-sml-layout":"","theme-transparent-header-meta":"default","adv-header-id-meta":"","stick-header-meta":"default","header-above-stick-meta":"","header-main-stick-meta":"","header-below-stick-meta":"","astra-migrate-meta-layouts":"default","ast-page-background-enabled":"default","ast-page-background-meta":{"desktop":{"background-color":"","background-image":"","background-repeat":"repeat","background-position":"center center","background-size":"auto","background-attachment":"scroll","background-type":"","background-media":"","overlay-type":"","overlay-color":"","overlay-opacity":"","overlay-gradient":""},"tablet":{"background-color":"","background-image":"","background-repeat":"repeat","background-position":"center center","background-size":"auto","background-attachment":"scroll","background-type":"","background-media":"","overlay-type":"","overlay-color":"","overlay-opacity":"","overlay-gradient":""},"mobile":{"background-color":"","background-image":"","background-repeat":"repeat","background-position":"center center","background-size":"auto","background-attachment":"scroll","background-type":"","background-media":"","overlay-type":"","overlay-color":"","overlay-opacity":"","overlay-gradient":""}},"ast-content-background-meta":{"desktop":{"background-color":"var(--ast-global-color-5)","background-image":"","background-repeat":"repeat","background-position":"center center","background-size":"auto","background-attachment":"scroll","background-type":"","background-media":"","overlay-type":"","overlay-color":"","overlay-opacity":"","overlay-gradient":""},"tablet":{"background-color":"var(--ast-global-color-5)","background-image":"","background-repeat":"repeat","background-position":"center center","background-size":"auto","background-attachment":"scroll","background-type":"","background-media":"","overlay-type":"","overlay-color":"","overlay-opacity":"","overlay-gradient":""},"mobile":{"background-color":"var(--ast-global-color-5)","background-image":"","background-repeat":"repeat","background-position":"center center","background-size":"auto","background-attachment":"scroll","background-type":"","background-media":"","overlay-type":"","overlay-color":"","overlay-opacity":"","overlay-gradient":""}}},"product_cat":[550,1292,568,567,543,669],"product_tag":[],"class_list":{"0":"post-14428","1":"product","2":"type-product","3":"status-publish","4":"has-post-thumbnail","6":"product_cat-nastroj-i-dobre-samopoczucie","7":"product_cat-odzywianie","8":"product_cat-suplementy-diety","9":"product_cat-wzmacniacze-mozgu","10":"product_cat-zdrowie-ukladu-odpornosciowego","11":"product_cat-zdrowie-ukladu-pokarmowego","12":"has-subscription-plans","13":"desktop-align-left","14":"tablet-align-left","15":"mobile-align-left","17":"first","18":"instock","19":"taxable","20":"shipping-taxable","21":"purchasable","22":"product-type-simple"},"yoast_head":"<!-- This site is optimized with the Yoast SEO plugin v22.7 - https:\/\/yoast.com\/wordpress\/plugins\/seo\/ -->\n<title>Pakiet &quot;Zdrowie jelit i jasno\u015b\u0107 umys\u0142u - JeaKen<\/title>\n<meta name=\"robots\" content=\"index, follow, max-snippet:-1, max-image-preview:large, max-video-preview:-1\" \/>\n<link rel=\"canonical\" href=\"https:\/\/jeaken.com\/pl\/produkt\/pakiet-jelita-zdrowie-i-mentalna-klarownosc\/\" \/>\n<meta property=\"og:locale\" content=\"pl_PL\" \/>\n<meta property=\"og:type\" content=\"article\" \/>\n<meta property=\"og:title\" content=\"Pakiet &quot;Zdrowie jelit i jasno\u015b\u0107 umys\u0142u - JeaKen\" \/>\n<meta property=\"og:description\" content=\"Popraw trawienie i funkcje poznawcze dzi\u0119ki pakietowi Gut Health and Mental Clarity Bundle, zawieraj\u0105cemu probiotyki, zielon\u0105 herbat\u0119 i nootropy dla og\u00f3lnego dobrego samopoczucia.\" \/>\n<meta property=\"og:url\" content=\"https:\/\/jeaken.com\/pl\/produkt\/pakiet-jelita-zdrowie-i-mentalna-klarownosc\/\" \/>\n<meta property=\"og:site_name\" content=\"JeaKen\" \/>\n<meta property=\"article:modified_time\" content=\"2023-04-06T11:30:57+00:00\" \/>\n<meta property=\"og:image\" content=\"https:\/\/jeaken.com\/wp-content\/uploads\/2023\/03\/Combine5.jpg\" \/>\n\t<meta property=\"og:image:width\" content=\"972\" \/>\n\t<meta property=\"og:image:height\" content=\"972\" \/>\n\t<meta property=\"og:image:type\" content=\"image\/jpeg\" \/>\n<meta name=\"twitter:card\" content=\"summary_large_image\" \/>\n<script type=\"application\/ld+json\" class=\"yoast-schema-graph\">{\"@context\":\"https:\/\/schema.org\",\"@graph\":[{\"@type\":\"WebPage\",\"@id\":\"https:\/\/jeaken.com\/pl\/produkt\/pakiet-jelita-zdrowie-i-mentalna-klarownosc\/\",\"url\":\"https:\/\/jeaken.com\/pl\/produkt\/pakiet-jelita-zdrowie-i-mentalna-klarownosc\/\",\"name\":\"Pakiet \\\"Zdrowie jelit i jasno\u015b\u0107 umys\u0142u - JeaKen\",\"isPartOf\":{\"@id\":\"https:\/\/jeaken.com\/pl\/#website\"},\"primaryImageOfPage\":{\"@id\":\"https:\/\/jeaken.com\/pl\/produkt\/pakiet-jelita-zdrowie-i-mentalna-klarownosc\/#primaryimage\"},\"image\":{\"@id\":\"https:\/\/jeaken.com\/pl\/produkt\/pakiet-jelita-zdrowie-i-mentalna-klarownosc\/#primaryimage\"},\"thumbnailUrl\":\"https:\/\/jeaken.com\/wp-content\/uploads\/2023\/03\/Combine5.jpg\",\"datePublished\":\"2023-03-16T15:37:26+00:00\",\"dateModified\":\"2023-04-06T11:30:57+00:00\",\"breadcrumb\":{\"@id\":\"https:\/\/jeaken.com\/pl\/produkt\/pakiet-jelita-zdrowie-i-mentalna-klarownosc\/#breadcrumb\"},\"inLanguage\":\"pl-PL\",\"potentialAction\":[{\"@type\":\"ReadAction\",\"target\":[\"https:\/\/jeaken.com\/pl\/produkt\/pakiet-jelita-zdrowie-i-mentalna-klarownosc\/\"]}]},{\"@type\":\"ImageObject\",\"inLanguage\":\"pl-PL\",\"@id\":\"https:\/\/jeaken.com\/pl\/produkt\/pakiet-jelita-zdrowie-i-mentalna-klarownosc\/#primaryimage\",\"url\":\"https:\/\/jeaken.com\/wp-content\/uploads\/2023\/03\/Combine5.jpg\",\"contentUrl\":\"https:\/\/jeaken.com\/wp-content\/uploads\/2023\/03\/Combine5.jpg\",\"width\":972,\"height\":972,\"caption\":\"\u00a0Gut Health and Mental Clarity Bundle\"},{\"@type\":\"BreadcrumbList\",\"@id\":\"https:\/\/jeaken.com\/pl\/produkt\/pakiet-jelita-zdrowie-i-mentalna-klarownosc\/#breadcrumb\",\"itemListElement\":[{\"@type\":\"ListItem\",\"position\":1,\"name\":\"Home\",\"item\":\"https:\/\/jeaken.com\/pl\/\"},{\"@type\":\"ListItem\",\"position\":2,\"name\":\"Private: Shop\",\"item\":\"https:\/\/jeaken.com\/shop\/\"},{\"@type\":\"ListItem\",\"position\":3,\"name\":\"Pakiet &#8220;Zdrowie jelit i jasno\u015b\u0107 umys\u0142u\"}]},{\"@type\":\"WebSite\",\"@id\":\"https:\/\/jeaken.com\/pl\/#website\",\"url\":\"https:\/\/jeaken.com\/pl\/\",\"name\":\"JeaKen\",\"description\":\"Organic Supplements for Health, Fitness and Nutrition\",\"publisher\":{\"@id\":\"https:\/\/jeaken.com\/pl\/#organization\"},\"potentialAction\":[{\"@type\":\"SearchAction\",\"target\":{\"@type\":\"EntryPoint\",\"urlTemplate\":\"https:\/\/jeaken.com\/pl\/?s={search_term_string}\"},\"query-input\":\"required name=search_term_string\"}],\"inLanguage\":\"pl-PL\"},{\"@type\":\"Organization\",\"@id\":\"https:\/\/jeaken.com\/pl\/#organization\",\"name\":\"JeaKen\",\"url\":\"https:\/\/jeaken.com\/pl\/\",\"logo\":{\"@type\":\"ImageObject\",\"inLanguage\":\"pl-PL\",\"@id\":\"https:\/\/jeaken.com\/pl\/#\/schema\/logo\/image\/\",\"url\":\"https:\/\/jeaken.com\/wp-content\/uploads\/2022\/06\/jeaken-logo-23.png\",\"contentUrl\":\"https:\/\/jeaken.com\/wp-content\/uploads\/2022\/06\/jeaken-logo-23.png\",\"width\":2486,\"height\":736,\"caption\":\"JeaKen\"},\"image\":{\"@id\":\"https:\/\/jeaken.com\/pl\/#\/schema\/logo\/image\/\"}}]}<\/script>\n<!-- \/ Yoast SEO plugin. -->","yoast_head_json":{"title":"Pakiet \"Zdrowie jelit i jasno\u015b\u0107 umys\u0142u - JeaKen","robots":{"index":"index","follow":"follow","max-snippet":"max-snippet:-1","max-image-preview":"max-image-preview:large","max-video-preview":"max-video-preview:-1"},"canonical":"https:\/\/jeaken.com\/pl\/produkt\/pakiet-jelita-zdrowie-i-mentalna-klarownosc\/","og_locale":"pl_PL","og_type":"article","og_title":"Pakiet \"Zdrowie jelit i jasno\u015b\u0107 umys\u0142u - JeaKen","og_description":"Popraw trawienie i funkcje poznawcze dzi\u0119ki pakietowi Gut Health and Mental Clarity Bundle, zawieraj\u0105cemu probiotyki, zielon\u0105 herbat\u0119 i nootropy dla og\u00f3lnego dobrego samopoczucia.","og_url":"https:\/\/jeaken.com\/pl\/produkt\/pakiet-jelita-zdrowie-i-mentalna-klarownosc\/","og_site_name":"JeaKen","article_modified_time":"2023-04-06T11:30:57+00:00","og_image":[{"width":972,"height":972,"url":"https:\/\/jeaken.com\/wp-content\/uploads\/2023\/03\/Combine5.jpg","type":"image\/jpeg"}],"twitter_card":"summary_large_image","schema":{"@context":"https:\/\/schema.org","@graph":[{"@type":"WebPage","@id":"https:\/\/jeaken.com\/pl\/produkt\/pakiet-jelita-zdrowie-i-mentalna-klarownosc\/","url":"https:\/\/jeaken.com\/pl\/produkt\/pakiet-jelita-zdrowie-i-mentalna-klarownosc\/","name":"Pakiet \"Zdrowie jelit i jasno\u015b\u0107 umys\u0142u - JeaKen","isPartOf":{"@id":"https:\/\/jeaken.com\/pl\/#website"},"primaryImageOfPage":{"@id":"https:\/\/jeaken.com\/pl\/produkt\/pakiet-jelita-zdrowie-i-mentalna-klarownosc\/#primaryimage"},"image":{"@id":"https:\/\/jeaken.com\/pl\/produkt\/pakiet-jelita-zdrowie-i-mentalna-klarownosc\/#primaryimage"},"thumbnailUrl":"https:\/\/jeaken.com\/wp-content\/uploads\/2023\/03\/Combine5.jpg","datePublished":"2023-03-16T15:37:26+00:00","dateModified":"2023-04-06T11:30:57+00:00","breadcrumb":{"@id":"https:\/\/jeaken.com\/pl\/produkt\/pakiet-jelita-zdrowie-i-mentalna-klarownosc\/#breadcrumb"},"inLanguage":"pl-PL","potentialAction":[{"@type":"ReadAction","target":["https:\/\/jeaken.com\/pl\/produkt\/pakiet-jelita-zdrowie-i-mentalna-klarownosc\/"]}]},{"@type":"ImageObject","inLanguage":"pl-PL","@id":"https:\/\/jeaken.com\/pl\/produkt\/pakiet-jelita-zdrowie-i-mentalna-klarownosc\/#primaryimage","url":"https:\/\/jeaken.com\/wp-content\/uploads\/2023\/03\/Combine5.jpg","contentUrl":"https:\/\/jeaken.com\/wp-content\/uploads\/2023\/03\/Combine5.jpg","width":972,"height":972,"caption":"\u00a0Gut Health and Mental Clarity Bundle"},{"@type":"BreadcrumbList","@id":"https:\/\/jeaken.com\/pl\/produkt\/pakiet-jelita-zdrowie-i-mentalna-klarownosc\/#breadcrumb","itemListElement":[{"@type":"ListItem","position":1,"name":"Home","item":"https:\/\/jeaken.com\/pl\/"},{"@type":"ListItem","position":2,"name":"Private: Shop","item":"https:\/\/jeaken.com\/shop\/"},{"@type":"ListItem","position":3,"name":"Pakiet &#8220;Zdrowie jelit i jasno\u015b\u0107 umys\u0142u"}]},{"@type":"WebSite","@id":"https:\/\/jeaken.com\/pl\/#website","url":"https:\/\/jeaken.com\/pl\/","name":"JeaKen","description":"Organic Supplements for Health, Fitness and Nutrition","publisher":{"@id":"https:\/\/jeaken.com\/pl\/#organization"},"potentialAction":[{"@type":"SearchAction","target":{"@type":"EntryPoint","urlTemplate":"https:\/\/jeaken.com\/pl\/?s={search_term_string}"},"query-input":"required name=search_term_string"}],"inLanguage":"pl-PL"},{"@type":"Organization","@id":"https:\/\/jeaken.com\/pl\/#organization","name":"JeaKen","url":"https:\/\/jeaken.com\/pl\/","logo":{"@type":"ImageObject","inLanguage":"pl-PL","@id":"https:\/\/jeaken.com\/pl\/#\/schema\/logo\/image\/","url":"https:\/\/jeaken.com\/wp-content\/uploads\/2022\/06\/jeaken-logo-23.png","contentUrl":"https:\/\/jeaken.com\/wp-content\/uploads\/2022\/06\/jeaken-logo-23.png","width":2486,"height":736,"caption":"JeaKen"},"image":{"@id":"https:\/\/jeaken.com\/pl\/#\/schema\/logo\/image\/"}}]}},"jetpack_sharing_enabled":true,"_links":{"self":[{"href":"https:\/\/jeaken.com\/pl\/wp-json\/wp\/v2\/product\/14428","targetHints":{"allow":["GET"]}}],"collection":[{"href":"https:\/\/jeaken.com\/pl\/wp-json\/wp\/v2\/product"}],"about":[{"href":"https:\/\/jeaken.com\/pl\/wp-json\/wp\/v2\/types\/product"}],"wp:featuredmedia":[{"embeddable":true,"href":"https:\/\/jeaken.com\/pl\/wp-json\/wp\/v2\/media\/16286"}],"wp:attachment":[{"href":"https:\/\/jeaken.com\/pl\/wp-json\/wp\/v2\/media?parent=14428"}],"wp:term":[{"taxonomy":"product_cat","embeddable":true,"href":"https:\/\/jeaken.com\/pl\/wp-json\/wp\/v2\/product_cat?post=14428"},{"taxonomy":"product_tag","embeddable":true,"href":"https:\/\/jeaken.com\/pl\/wp-json\/wp\/v2\/product_tag?post=14428"}],"curies":[{"name":"wp","href":"https:\/\/api.w.org\/{rel}","templated":true}]}}