{"id":14404,"date":"2023-03-16T11:56:11","date_gmt":"2023-03-16T11:56:11","guid":{"rendered":"https:\/?post_type=product&#038;p=14404"},"modified":"2023-04-06T12:30:58","modified_gmt":"2023-04-06T11:30:58","slug":"gut-health-bundle","status":"publish","type":"product","link":"https:\/\/jeaken.com\/pl\/produkt\/gut-health-bundle\/","title":{"rendered":"Pakiet &#8220;Zdrowie jelit"},"content":{"rendered":"<h2>Pakiet &#8220;Zdrowie jelit<\/h2>\n<p><span data-sheets-value=\"{\"1\":2,\"2\":\"The Gut Health Bundle is a comprehensive package containing three essential supplements to support your digestive system. The Probiotics Capsules provide 6 strains of probiotics and prebiotics to support the growth of healthy gut bacteria. The Colon Cleanse helps to eliminate toxins and improve bowel movement. Lastly, the Green Tea Capsules provide natural antioxidants and energy to support digestive health. By incorporating this bundle into your daily routine, you can promote optimal digestive function and overall wellness.\"}\" data-sheets-userformat=\"{\"2\":2945,\"3\":{\"1\":0},\"10\":0,\"11\":4,\"12\":0,\"14\":{\"1\":2,\"2\":16497668}}\">The Gut Health Bundle to kompleksowy pakiet zawieraj\u0105cy trzy niezb\u0119dne suplementy wspieraj\u0105ce Tw\u00f3j uk\u0142ad pokarmowy. Kapsu\u0142ki Probiotics dostarczaj\u0105 6 szczep\u00f3w probiotyk\u00f3w i prebiotyk\u00f3w, aby wspiera\u0107 wzrost zdrowych bakterii jelitowych. Colon Cleanse pomaga wyeliminowa\u0107 toksyny i poprawi\u0107 prac\u0119 jelit. Wreszcie, kapsu\u0142ki z zielon\u0105 herbat\u0105 dostarczaj\u0105 naturalnych przeciwutleniaczy i energii, aby wspiera\u0107 zdrowie uk\u0142adu pokarmowego. W\u0142\u0105czaj\u0105c ten pakiet do swojej codziennej rutyny, mo\u017cesz promowa\u0107 optymalne funkcje trawienne i og\u00f3lne samopoczucie.<\/span><\/p>\n<h4 class=\"product_title entry-title elementor-heading-title elementor-size-default\"><strong>6 Strains Probiotics With Prebiotics &#8211; (90 kapsu\u0142ek)<\/strong><\/h4>\n<p>&nbsp;<\/p>\n<p><strong>ULGA W WZD\u0118CIACH  <\/strong><\/p>\n<p>Nasze kapsu\u0142ki pochodz\u0105 z rodziny probiotyk\u00f3w Lactobacillus, kt\u00f3re s\u0105 najskuteczniejszymi probiotykami pomagaj\u0105cymi w utrzymaniu zdrowego uk\u0142adu pokarmowego.<span class=\"a-list-item a-size-base\">  Nasze starannie wyselekcjonowane szczepy bakterii nale\u017c\u0105 do najlepszych znanych z tego, \u017ce pomagaj\u0105 z\u0142agodzi\u0107 uczucie wzd\u0119cia i pe\u0142no\u015bci.  <\/span><\/p>\n<p><span class=\"a-list-item a-size-base\"><strong>6 AKTYWNYCH SZCZEP\u00d3W Z 10 MILIARDAMI CFU NA PORCJ\u0118<\/strong> <\/span><\/p>\n<p><span class=\"a-list-item a-size-base\">Nasze kompleksowe probiotyki oferuj\u0105 6 najbardziej skutecznych szczep\u00f3w: lactobacillus acidophillus, lactobacillus rhamnosus, lactobacillus gasseri, bifidobacterium lactis, bifidobacterium bifidus oraz saccharomyces boullardii.<\/span><\/p>\n<p><strong>PRZETRWA DZI\u0118KI KWASOWO\u015aCI \u017bO\u0141\u0104DKA <\/strong><\/p>\n<p>Saccharomyces boulardii jest <span class=\"a-list-item a-size-base\">dobrze zbadanym,<\/span> uznanym na ca\u0142ym \u015bwiecie probiotykiem, udowodnionym, \u017ce potrafi przetrwa\u0107 przez kwasowo\u015b\u0107 \u017co\u0142\u0105dka, by dotrze\u0107 do jelit \u017cywy.<\/p>\n<p><b>WIELE KORZY\u015aCI DLA ZDROWIA<\/b><\/p>\n<p>Nasza innowacyjna formu\u0142a zosta\u0142a wzbogacona o inulin\u0119, b\u0142onnik prebiotyczny o silnych w\u0142a\u015bciwo\u015bciach zdrowotnych, w tym o zwi\u0119kszonej odporno\u015bci, wzmocnionym dzia\u0142aniu r<span class=\"a-list-item\"><br \/>\n  <span class=\"a-size-base\">regularno\u015b\u0107, lepsze wch\u0142anianie n<\/span><br \/>\n<\/span><span class=\"a-list-item\"><br \/>\n  <span class=\"a-size-base\">wch\u0142anianie sk\u0142adnik\u00f3w od\u017cywczych, utrata wagi, poprawa zdrowia dr\u00f3g moczowych, poprawa poziomu cholesterolu i lepszy metabolizm.<\/span><br \/>\n<\/span><\/p>\n<p><strong>WYKONANE Z NATURALNYCH SK\u0141ADNIK\u00d3W<\/strong><\/p>\n<p>Nasze przyjazne dla wegan kapsu\u0142ki s\u0105 w 100% czyste i naturalne ze sk\u0142adnik\u00f3w niemodyfikowanych genetycznie<\/p>\n<p>&nbsp;<\/p>\n<h4 class=\"product_title entry-title elementor-heading-title elementor-size-default\"><strong>Cia\u0142o Cleanse i Detox Capsules &#8211; dla utraty wagi i Colon Cleanse (90 kapsu\u0142ek)<\/strong><\/h4>\n<p>&nbsp;<\/p>\n<p><span class=\"a-list-item\"><strong>ELIMINUJE TOKSYNY<\/strong> <\/span><\/p>\n<p><span class=\"a-list-item\">Ten pot\u0119\u017cny produkt zawiera 14 kluczowych sk\u0142adnik\u00f3w, kt\u00f3re pomagaj\u0105 wyp\u0142uka\u0107 toksyny z organizmu.<\/span><\/p>\n<p><span class=\"a-list-item\"><strong>ZMNIEJSZA WZD\u0118CIA<\/strong> <\/span><\/p>\n<p><span class=\"a-list-item\">Nasz suplement pomaga zmniejszy\u0107 wzd\u0119cia, jednocze\u015bnie reguluj\u0105c przyjmowanie pokarm\u00f3w. Regularne przyjmowanie tego suplementu mo\u017ce zapewni\u0107 efekt r\u00f3wnowa\u017cenia uk\u0142adu pokarmowego oraz z\u0142agodzi\u0107 objawy zapar\u0107 i niestrawno\u015bci.<\/span><\/p>\n<p><strong><span class=\"a-list-item\">MAKSYMALIZUJE UTRAT\u0118 WAGI  <\/span><\/strong><\/p>\n<p><span class=\"a-list-item\">Nie tylko nasze kapsu\u0142ki Cleanse Detox pozbywaj\u0105 si\u0119 toksyn, ale r\u00f3wnie\u017c maksymalizuje utrat\u0119 wagi, aby spe\u0142ni\u0107 swoje cele definiuj\u0105ce bezt\u0142uszczow\u0105 mas\u0119.<\/span><\/p>\n<p><strong><span class=\"a-list-item\">SPRAWDZONA KOMBINACJA PROBIOTYK\u00d3W  <\/span><\/strong><\/p>\n<p><span class=\"a-list-item\">Dla optymalnych rezultat\u00f3w po\u0142\u0105czyli\u015bmy sprawdzone w\u0142a\u015bciwo\u015bci zdrowotne Psyllium Husk z Inulin\u0105, aby wyp\u0142uka\u0107 odpady z Twojego systemu i od\u015bwie\u017cy\u0107 go &#8220;przyjaznymi bakteriami&#8221; Lactobacillus Acidophilus Probiotic.<\/span><\/p>\n<p>&nbsp;<\/p>\n<h4 class=\"product_title entry-title elementor-heading-title elementor-size-default\"><strong>Zielona herbata kapsu\u0142ki &#8211; 850mg utrata masy cia\u0142a antyoksydacyjne suplementy (120 tabletek)<\/strong><\/h4>\n<p>&nbsp;<\/p>\n<p><strong>OFERUJE WIELE KORZY\u015aCI ZDROWOTNYCH<\/strong><\/p>\n<p>Zielona herbata jest stosowana w medycynie chi\u0144skiej od oko\u0142o 4 tysi\u0119cy lat. Oferuje wiele pot\u0119\u017cnych korzy\u015bci zdrowotnych, w tym pomaga obni\u017cy\u0107 ryzyko chor\u00f3b serca i niekt\u00f3rych rodzaj\u00f3w raka, zwi\u0119ksza stosunek dobrego (HDL) cholesterolu do z\u0142ego (LDL) cholesterolu we krwi, wzmacnia uk\u0142ad odporno\u015bciowy i zapewnia wsparcie antyoksydacyjne.<\/p>\n<p><strong>POMAGA W UTRACIE WAGI<\/strong><\/p>\n<p>W po\u0142\u0105czeniu ze zdrow\u0105 diet\u0105, nasza przyjazna dla wegetarian zielona herbata dzia\u0142a jako skuteczny \u015brodek wspomagaj\u0105cy odchudzanie, zwi\u0119kszaj\u0105c tempo metabolizmu i hamuj\u0105c apetyt.<\/p>\n<p><strong>SILNY NATURALNY ANTYOKSYDANT<\/strong><\/p>\n<p>EGCG znajduj\u0105cy si\u0119 w zielonej herbacie jest odpowiedzialny za wi\u0119kszo\u015b\u0107 jej w\u0142a\u015bciwo\u015bci antyoksydacyjnych, co zapobiega uszkodzeniu Twoich kom\u00f3rek przez wolne rodniki.<\/p>\n<p><strong>POPRAWIA PAMI\u0118\u0106 I KONCENTRACJ\u0118<\/strong><\/p>\n<p>W\u0142a\u015bciwo\u015bci znalezione w ekstrakcie z zielonej herbaty mog\u0105 pom\u00f3c zwi\u0119kszy\u0107 poznanie i pami\u0119\u0107, pomagaj\u0105c Ci zachowa\u0107 ostro\u015b\u0107 i koncentracj\u0119 przez ca\u0142y dzie\u0144.<\/p>\n","protected":false},"excerpt":{"rendered":"<p>Pakiet Gut Health Bundle zawiera kapsu\u0142ki Probiotics, Colon Cleanse i kapsu\u0142ki z zielon\u0105 herbat\u0105 dla lepszego wsparcia trawienia, eliminacji toksyn i energii. Poprawa trawienia i og\u00f3lnego samopoczucia przy codziennym stosowaniu.<\/p>\n","protected":false},"featured_media":16250,"template":"","meta":{"site-sidebar-layout":"default","site-content-layout":"default","ast-site-content-layout":"default","site-content-style":"default","site-sidebar-style":"default","ast-global-header-display":"","ast-banner-title-visibility":"","ast-main-header-display":"","ast-hfb-above-header-display":"","ast-hfb-below-header-display":"","ast-hfb-mobile-header-display":"","site-post-title":"","ast-breadcrumbs-content":"","ast-featured-img":"","footer-sml-layout":"","theme-transparent-header-meta":"default","adv-header-id-meta":"","stick-header-meta":"default","header-above-stick-meta":"","header-main-stick-meta":"","header-below-stick-meta":"","astra-migrate-meta-layouts":"default","ast-page-background-enabled":"default","ast-page-background-meta":{"desktop":{"background-color":"","background-image":"","background-repeat":"repeat","background-position":"center center","background-size":"auto","background-attachment":"scroll","background-type":"","background-media":"","overlay-type":"","overlay-color":"","overlay-opacity":"","overlay-gradient":""},"tablet":{"background-color":"","background-image":"","background-repeat":"repeat","background-position":"center center","background-size":"auto","background-attachment":"scroll","background-type":"","background-media":"","overlay-type":"","overlay-color":"","overlay-opacity":"","overlay-gradient":""},"mobile":{"background-color":"","background-image":"","background-repeat":"repeat","background-position":"center center","background-size":"auto","background-attachment":"scroll","background-type":"","background-media":"","overlay-type":"","overlay-color":"","overlay-opacity":"","overlay-gradient":""}},"ast-content-background-meta":{"desktop":{"background-color":"var(--ast-global-color-5)","background-image":"","background-repeat":"repeat","background-position":"center center","background-size":"auto","background-attachment":"scroll","background-type":"","background-media":"","overlay-type":"","overlay-color":"","overlay-opacity":"","overlay-gradient":""},"tablet":{"background-color":"var(--ast-global-color-5)","background-image":"","background-repeat":"repeat","background-position":"center center","background-size":"auto","background-attachment":"scroll","background-type":"","background-media":"","overlay-type":"","overlay-color":"","overlay-opacity":"","overlay-gradient":""},"mobile":{"background-color":"var(--ast-global-color-5)","background-image":"","background-repeat":"repeat","background-position":"center center","background-size":"auto","background-attachment":"scroll","background-type":"","background-media":"","overlay-type":"","overlay-color":"","overlay-opacity":"","overlay-gradient":""}}},"product_cat":[1292,568,669],"product_tag":[],"class_list":{"0":"post-14404","1":"product","2":"type-product","3":"status-publish","4":"has-post-thumbnail","6":"product_cat-odzywianie","7":"product_cat-suplementy-diety","8":"product_cat-zdrowie-ukladu-pokarmowego","9":"has-subscription-plans","10":"desktop-align-left","11":"tablet-align-left","12":"mobile-align-left","14":"first","15":"instock","16":"taxable","17":"shipping-taxable","18":"purchasable","19":"product-type-simple"},"yoast_head":"<!-- This site is optimized with the Yoast SEO plugin v22.7 - https:\/\/yoast.com\/wordpress\/plugins\/seo\/ -->\n<title>Pakiet &quot;Zdrowie jelit - JeaKen<\/title>\n<meta name=\"robots\" content=\"index, follow, max-snippet:-1, max-image-preview:large, max-video-preview:-1\" \/>\n<link rel=\"canonical\" href=\"https:\/\/jeaken.com\/pl\/produkt\/gut-health-bundle\/\" \/>\n<meta property=\"og:locale\" content=\"pl_PL\" \/>\n<meta property=\"og:type\" content=\"article\" \/>\n<meta property=\"og:title\" content=\"Pakiet &quot;Zdrowie jelit - JeaKen\" \/>\n<meta property=\"og:description\" content=\"Pakiet Gut Health Bundle zawiera kapsu\u0142ki Probiotics, Colon Cleanse i kapsu\u0142ki z zielon\u0105 herbat\u0105 dla lepszego wsparcia trawienia, eliminacji toksyn i energii. Poprawa trawienia i og\u00f3lnego samopoczucia przy codziennym stosowaniu.\" \/>\n<meta property=\"og:url\" content=\"https:\/\/jeaken.com\/pl\/produkt\/gut-health-bundle\/\" \/>\n<meta property=\"og:site_name\" content=\"JeaKen\" \/>\n<meta property=\"article:modified_time\" content=\"2023-04-06T11:30:58+00:00\" \/>\n<meta property=\"og:image\" content=\"https:\/\/jeaken.com\/wp-content\/uploads\/2023\/03\/Combine2.jpg\" \/>\n\t<meta property=\"og:image:width\" content=\"972\" \/>\n\t<meta property=\"og:image:height\" content=\"972\" \/>\n\t<meta property=\"og:image:type\" content=\"image\/jpeg\" \/>\n<meta name=\"twitter:card\" content=\"summary_large_image\" \/>\n<meta name=\"twitter:label1\" content=\"Est. reading time\" \/>\n\t<meta name=\"twitter:data1\" content=\"3 minutes\" \/>\n<script type=\"application\/ld+json\" class=\"yoast-schema-graph\">{\"@context\":\"https:\/\/schema.org\",\"@graph\":[{\"@type\":\"WebPage\",\"@id\":\"https:\/\/jeaken.com\/pl\/produkt\/gut-health-bundle\/\",\"url\":\"https:\/\/jeaken.com\/pl\/produkt\/gut-health-bundle\/\",\"name\":\"Pakiet \\\"Zdrowie jelit - JeaKen\",\"isPartOf\":{\"@id\":\"https:\/\/jeaken.com\/pl\/#website\"},\"primaryImageOfPage\":{\"@id\":\"https:\/\/jeaken.com\/pl\/produkt\/gut-health-bundle\/#primaryimage\"},\"image\":{\"@id\":\"https:\/\/jeaken.com\/pl\/produkt\/gut-health-bundle\/#primaryimage\"},\"thumbnailUrl\":\"https:\/\/jeaken.com\/wp-content\/uploads\/2023\/03\/Combine2.jpg\",\"datePublished\":\"2023-03-16T11:56:11+00:00\",\"dateModified\":\"2023-04-06T11:30:58+00:00\",\"breadcrumb\":{\"@id\":\"https:\/\/jeaken.com\/pl\/produkt\/gut-health-bundle\/#breadcrumb\"},\"inLanguage\":\"pl-PL\",\"potentialAction\":[{\"@type\":\"ReadAction\",\"target\":[\"https:\/\/jeaken.com\/pl\/produkt\/gut-health-bundle\/\"]}]},{\"@type\":\"ImageObject\",\"inLanguage\":\"pl-PL\",\"@id\":\"https:\/\/jeaken.com\/pl\/produkt\/gut-health-bundle\/#primaryimage\",\"url\":\"https:\/\/jeaken.com\/wp-content\/uploads\/2023\/03\/Combine2.jpg\",\"contentUrl\":\"https:\/\/jeaken.com\/wp-content\/uploads\/2023\/03\/Combine2.jpg\",\"width\":972,\"height\":972,\"caption\":\"Gut Health\"},{\"@type\":\"BreadcrumbList\",\"@id\":\"https:\/\/jeaken.com\/pl\/produkt\/gut-health-bundle\/#breadcrumb\",\"itemListElement\":[{\"@type\":\"ListItem\",\"position\":1,\"name\":\"Home\",\"item\":\"https:\/\/jeaken.com\/pl\/\"},{\"@type\":\"ListItem\",\"position\":2,\"name\":\"Private: Shop\",\"item\":\"https:\/\/jeaken.com\/shop\/\"},{\"@type\":\"ListItem\",\"position\":3,\"name\":\"Pakiet &#8220;Zdrowie jelit\"}]},{\"@type\":\"WebSite\",\"@id\":\"https:\/\/jeaken.com\/pl\/#website\",\"url\":\"https:\/\/jeaken.com\/pl\/\",\"name\":\"JeaKen\",\"description\":\"Organic Supplements for Health, Fitness and Nutrition\",\"publisher\":{\"@id\":\"https:\/\/jeaken.com\/pl\/#organization\"},\"potentialAction\":[{\"@type\":\"SearchAction\",\"target\":{\"@type\":\"EntryPoint\",\"urlTemplate\":\"https:\/\/jeaken.com\/pl\/?s={search_term_string}\"},\"query-input\":\"required name=search_term_string\"}],\"inLanguage\":\"pl-PL\"},{\"@type\":\"Organization\",\"@id\":\"https:\/\/jeaken.com\/pl\/#organization\",\"name\":\"JeaKen\",\"url\":\"https:\/\/jeaken.com\/pl\/\",\"logo\":{\"@type\":\"ImageObject\",\"inLanguage\":\"pl-PL\",\"@id\":\"https:\/\/jeaken.com\/pl\/#\/schema\/logo\/image\/\",\"url\":\"https:\/\/jeaken.com\/wp-content\/uploads\/2022\/06\/jeaken-logo-23.png\",\"contentUrl\":\"https:\/\/jeaken.com\/wp-content\/uploads\/2022\/06\/jeaken-logo-23.png\",\"width\":2486,\"height\":736,\"caption\":\"JeaKen\"},\"image\":{\"@id\":\"https:\/\/jeaken.com\/pl\/#\/schema\/logo\/image\/\"}}]}<\/script>\n<!-- \/ Yoast SEO plugin. -->","yoast_head_json":{"title":"Pakiet \"Zdrowie jelit - JeaKen","robots":{"index":"index","follow":"follow","max-snippet":"max-snippet:-1","max-image-preview":"max-image-preview:large","max-video-preview":"max-video-preview:-1"},"canonical":"https:\/\/jeaken.com\/pl\/produkt\/gut-health-bundle\/","og_locale":"pl_PL","og_type":"article","og_title":"Pakiet \"Zdrowie jelit - JeaKen","og_description":"Pakiet Gut Health Bundle zawiera kapsu\u0142ki Probiotics, Colon Cleanse i kapsu\u0142ki z zielon\u0105 herbat\u0105 dla lepszego wsparcia trawienia, eliminacji toksyn i energii. Poprawa trawienia i og\u00f3lnego samopoczucia przy codziennym stosowaniu.","og_url":"https:\/\/jeaken.com\/pl\/produkt\/gut-health-bundle\/","og_site_name":"JeaKen","article_modified_time":"2023-04-06T11:30:58+00:00","og_image":[{"width":972,"height":972,"url":"https:\/\/jeaken.com\/wp-content\/uploads\/2023\/03\/Combine2.jpg","type":"image\/jpeg"}],"twitter_card":"summary_large_image","twitter_misc":{"Est. reading time":"3 minutes"},"schema":{"@context":"https:\/\/schema.org","@graph":[{"@type":"WebPage","@id":"https:\/\/jeaken.com\/pl\/produkt\/gut-health-bundle\/","url":"https:\/\/jeaken.com\/pl\/produkt\/gut-health-bundle\/","name":"Pakiet \"Zdrowie jelit - JeaKen","isPartOf":{"@id":"https:\/\/jeaken.com\/pl\/#website"},"primaryImageOfPage":{"@id":"https:\/\/jeaken.com\/pl\/produkt\/gut-health-bundle\/#primaryimage"},"image":{"@id":"https:\/\/jeaken.com\/pl\/produkt\/gut-health-bundle\/#primaryimage"},"thumbnailUrl":"https:\/\/jeaken.com\/wp-content\/uploads\/2023\/03\/Combine2.jpg","datePublished":"2023-03-16T11:56:11+00:00","dateModified":"2023-04-06T11:30:58+00:00","breadcrumb":{"@id":"https:\/\/jeaken.com\/pl\/produkt\/gut-health-bundle\/#breadcrumb"},"inLanguage":"pl-PL","potentialAction":[{"@type":"ReadAction","target":["https:\/\/jeaken.com\/pl\/produkt\/gut-health-bundle\/"]}]},{"@type":"ImageObject","inLanguage":"pl-PL","@id":"https:\/\/jeaken.com\/pl\/produkt\/gut-health-bundle\/#primaryimage","url":"https:\/\/jeaken.com\/wp-content\/uploads\/2023\/03\/Combine2.jpg","contentUrl":"https:\/\/jeaken.com\/wp-content\/uploads\/2023\/03\/Combine2.jpg","width":972,"height":972,"caption":"Gut Health"},{"@type":"BreadcrumbList","@id":"https:\/\/jeaken.com\/pl\/produkt\/gut-health-bundle\/#breadcrumb","itemListElement":[{"@type":"ListItem","position":1,"name":"Home","item":"https:\/\/jeaken.com\/pl\/"},{"@type":"ListItem","position":2,"name":"Private: Shop","item":"https:\/\/jeaken.com\/shop\/"},{"@type":"ListItem","position":3,"name":"Pakiet &#8220;Zdrowie jelit"}]},{"@type":"WebSite","@id":"https:\/\/jeaken.com\/pl\/#website","url":"https:\/\/jeaken.com\/pl\/","name":"JeaKen","description":"Organic Supplements for Health, Fitness and Nutrition","publisher":{"@id":"https:\/\/jeaken.com\/pl\/#organization"},"potentialAction":[{"@type":"SearchAction","target":{"@type":"EntryPoint","urlTemplate":"https:\/\/jeaken.com\/pl\/?s={search_term_string}"},"query-input":"required name=search_term_string"}],"inLanguage":"pl-PL"},{"@type":"Organization","@id":"https:\/\/jeaken.com\/pl\/#organization","name":"JeaKen","url":"https:\/\/jeaken.com\/pl\/","logo":{"@type":"ImageObject","inLanguage":"pl-PL","@id":"https:\/\/jeaken.com\/pl\/#\/schema\/logo\/image\/","url":"https:\/\/jeaken.com\/wp-content\/uploads\/2022\/06\/jeaken-logo-23.png","contentUrl":"https:\/\/jeaken.com\/wp-content\/uploads\/2022\/06\/jeaken-logo-23.png","width":2486,"height":736,"caption":"JeaKen"},"image":{"@id":"https:\/\/jeaken.com\/pl\/#\/schema\/logo\/image\/"}}]}},"jetpack_sharing_enabled":true,"_links":{"self":[{"href":"https:\/\/jeaken.com\/pl\/wp-json\/wp\/v2\/product\/14404","targetHints":{"allow":["GET"]}}],"collection":[{"href":"https:\/\/jeaken.com\/pl\/wp-json\/wp\/v2\/product"}],"about":[{"href":"https:\/\/jeaken.com\/pl\/wp-json\/wp\/v2\/types\/product"}],"wp:featuredmedia":[{"embeddable":true,"href":"https:\/\/jeaken.com\/pl\/wp-json\/wp\/v2\/media\/16250"}],"wp:attachment":[{"href":"https:\/\/jeaken.com\/pl\/wp-json\/wp\/v2\/media?parent=14404"}],"wp:term":[{"taxonomy":"product_cat","embeddable":true,"href":"https:\/\/jeaken.com\/pl\/wp-json\/wp\/v2\/product_cat?post=14404"},{"taxonomy":"product_tag","embeddable":true,"href":"https:\/\/jeaken.com\/pl\/wp-json\/wp\/v2\/product_tag?post=14404"}],"curies":[{"name":"wp","href":"https:\/\/api.w.org\/{rel}","templated":true}]}}