{"id":14396,"date":"2023-03-16T11:43:40","date_gmt":"2023-03-16T11:43:40","guid":{"rendered":"https:\/?post_type=product&#038;p=14396"},"modified":"2023-04-06T12:31:30","modified_gmt":"2023-04-06T11:31:30","slug":"mental-clarity-and-gut-health-bundle","status":"publish","type":"product","link":"https:\/\/jeaken.com\/pl\/produkt\/mental-clarity-and-gut-health-bundle\/","title":{"rendered":"Pakiet &#8220;Mental Clarity and Gut Health"},"content":{"rendered":"<h2>Pakiet &#8220;Mental Clarity and Gut Health<\/h2>\n<p><span data-sheets-value=\"{\"1\":2,\"2\":\"The Mental Clarity &amp; Focus and Digestive Health Bundle is a powerful combination of three key products designed to optimize your overall wellness. This bundle includes Super Mind Nootropics, a potent supplement that contains a blend of natural ingredients that support cognitive function and mental clarity. Lion's Mane Mushroom Capsules are also included in this bundle, providing a natural way to support brain function and enhance focus. Finally, 6 Strains Probiotics with Prebiotics Capsules offer a natural way to support healthy digestion and promote overall wellness. With this bundle, you'll have everything you need to take your mental clarity and digestive health to the next level.\"}\" data-sheets-userformat=\"{\"2\":897,\"3\":{\"1\":0},\"10\":0,\"11\":4,\"12\":0}\">Pakiet Mental Clarity and Digestive\/Gut Health Bundle to pot\u0119\u017cne po\u0142\u0105czenie trzech kluczowych produkt\u00f3w, kt\u00f3re maj\u0105 na celu optymalizacj\u0119 og\u00f3lnego stanu zdrowia. Ten pakiet zawiera Super Mind Nootropics, silny suplement, kt\u00f3ry zawiera mieszank\u0119 naturalnych sk\u0142adnik\u00f3w, kt\u00f3re wspieraj\u0105 funkcje poznawcze i jasno\u015b\u0107 umys\u0142u. Kapsu\u0142ki Lion&#8217;s Mane Mushroom s\u0105 r\u00f3wnie\u017c zawarte w tym pakiecie, zapewniaj\u0105c naturalny spos\u00f3b wspierania funkcji m\u00f3zgu i zwi\u0119kszenia koncentracji. Wreszcie, 6 Strains Probiotics with Prebiotics Capsules oferuj\u0105 naturalny spos\u00f3b wspierania zdrowego trawienia i promowania og\u00f3lnego dobrego samopoczucia. Z tym pakietem, b\u0119dziesz mia\u0142 wszystko, czego potrzebujesz, aby wzi\u0105\u0107 swoj\u0105 jasno\u015b\u0107 umys\u0142u i zdrowie trawienne do nast\u0119pnego poziomu.<\/span><\/p>\n<p>&nbsp;<\/p>\n<h4 class=\"product_title entry-title elementor-heading-title elementor-size-default\"><strong>Super Mind Nootropics &#8211; 60 Vegan Capsules<\/strong><\/h4>\n<ul class=\"a-unordered-list a-vertical a-spacing-none\">\n<li class=\"a-spacing-small\"><span class=\"a-list-item a-size-base\">BOOST MEMORY, CONCENTRATION and ALERTNESS &#8211; W przeciwie\u0144stwie do wielu suplement\u00f3w m\u00f3zgowych JeaKen nootropics brain boost capsules s\u0105 wykonane z naturalnych sk\u0142adnik\u00f3w, takich jak Rhodiola Rosea, kt\u00f3re pomagaj\u0105 zwi\u0119kszy\u0107 koncentracj\u0119 i czujno\u015b\u0107, zwi\u0119kszy\u0107 energi\u0119 umys\u0142ow\u0105 i wzmocni\u0107 pami\u0119\u0107.  <\/span><\/li>\n<li class=\"a-spacing-small\"><span class=\"a-list-item a-size-base\">REDUKUJE ZM\u0118CZENIE, POPRAWIA KONCENTRACJ\u0118 &#8211; Guarana, ro\u015blina pochodz\u0105ca z Amazonii, zawiera kofein\u0119, kt\u00f3ra jest bardzo skuteczna w redukcji zm\u0119czenia i poprawie koncentracji umys\u0142u. Po\u0142\u0105czenie kofeiny i teaniny okazuje si\u0119 by\u0107 bardzo skuteczne dla poprawy wydajno\u015bci poznawczej.  <\/span><\/li>\n<li class=\"a-spacing-small\"><span class=\"a-list-item a-size-base\">TYLKO NAJLEPSZE SK\u0141ADNIKI &#8211; Nasz suplement pami\u0119ci jest wykonany z ca\u0142kowicie naturalnych witamin, minera\u0142\u00f3w i ekstrakt\u00f3w zio\u0142owych, bez u\u017cycia szkodliwych dodatk\u00f3w; non-GMO i wolny od hormon\u00f3w, glutenu.  <\/span><\/li>\n<li class=\"a-spacing-small\"><span class=\"a-list-item a-size-base\">BACKED BY SCIENCE &#8211; nie by\u0142o wielk\u0105 staranno\u015bci\u0105 w \u0142\u0105czeniu tylko prawo ilo\u015b\u0107 ka\u017cdego sk\u0142adnika w zaawansowanej formule spreparowane, aby pom\u00f3c wspiera\u0107 tlenu i kr\u0105\u017cenie w kom\u00f3rkach m\u00f3zgowych, a neurony zaprojektowane w celu wspierania pami\u0119ci, ostro\u015bci i jasno\u015bci.<\/span><\/li>\n<\/ul>\n<h4 class=\"product_title entry-title elementor-heading-title elementor-size-default\"><strong>Lion&#8217;s Mane Mushroom Capsules &#8211; Nootropics Suplement For Improved Cognitive And Immune System Function. 5000mg<\/strong><\/h4>\n<p>&nbsp;<\/p>\n<p><strong><span class=\"a-list-item a-size-base\">WSPOMAGA FUNKCJE POZNAWCZE  <\/span><\/strong><\/p>\n<p><span class=\"a-list-item a-size-base\">Lion&#8217;s Mane zapewnia jest sprawdzonym wzmacniaczem m\u00f3zgu, co czyni go popularnym suplementem dla tych, kt\u00f3rzy pracuj\u0105 lub ucz\u0105 si\u0119. Opr\u00f3cz zwi\u0119kszenia pami\u0119ci, nasze kapsu\u0142ki mog\u0105 pom\u00f3c w oczyszczeniu mg\u0142y umys\u0142owej, jak r\u00f3wnie\u017c zapewni\u0107 wsparcie dla m\u00f3zgu i uk\u0142adu nerwowego.<\/span><\/p>\n<p><strong><br \/>\nWSPOMAGA ZDROWIE STAW\u00d3W<\/strong><\/p>\n<p>Nasze sprawdzone kapsu\u0142ki skutecznie wspieraj\u0105 zdrowie staw\u00f3w, a tak\u017ce wzmacniaj\u0105 uk\u0142ad odporno\u015bciowy.<\/p>\n<p>&nbsp;<\/p>\n<p><strong>POPRAWIA ZDROWIE UK\u0141ADU ODDECHOWEGO<\/strong><\/p>\n<p>Ekstrakt z Reishi znany jest z tego, \u017ce pomaga w przewlek\u0142ych schorzeniach uk\u0142adu oddechowego.<\/p>\n<p>&nbsp;<\/p>\n<p><strong>REGULUJE HORMONY<\/strong><\/p>\n<p>Nasze kapsu\u0142ki bardzo skutecznie pomagaj\u0105 w regulacji hormon\u00f3w. R\u00f3wnowaga hormonalna jest kluczem do regulacji funkcji zmys\u0142owych, regulacji nastroju i wielu innych.<\/p>\n<p>&nbsp;<\/p>\n<p><strong>EKSTRAKT Z GRZYB\u00d3W 10:1<\/strong><\/p>\n<p>Grzyby maj\u0105 tward\u0105 \u015bcian\u0119 kom\u00f3rkow\u0105 zbudowan\u0105 z chityny, kt\u00f3r\u0105 ludzie ci\u0119\u017cko trawi\u0105. Ta \u015bciana kom\u00f3rkowa ogranicza nasz dost\u0119p do wa\u017cnych zwi\u0105zk\u00f3w leczniczych, kt\u00f3re nadaj\u0105 grzybom ich wspania\u0142e zalety.<\/p>\n<p>&nbsp;<\/p>\n<p><strong>WYPE\u0141NIACZE BEZZIARNOWE<\/strong><\/p>\n<p>Wiele produkt\u00f3w z grzyb\u00f3w leczniczych nie zawiera w rzeczywisto\u015bci \u017cadnych grzyb\u00f3w. Powstaj\u0105 one z systemu korzeniowego grzyba, zwanego grzybni\u0105, a grzybni\u0119 t\u0119 hoduje si\u0119 na ziarnach takich jak ry\u017c, owies czy sorgo.<\/p>\n<p>&nbsp;<\/p>\n<p><strong>WSPOMAGA FUNKCJE POZNAWCZE  <\/strong><\/p>\n<p>Lion&#8217;s Mane to sprawdzony booster poznawczy, kt\u00f3ry jest skuteczny w usuwaniu mg\u0142y umys\u0142owej i zapewnieniu wsparcia dla m\u00f3zgu i uk\u0142adu nerwowego.<\/p>\n<p>&nbsp;<\/p>\n<p><strong>WZMACNIA UK\u0141AD ODPORNO\u015aCIOWY  <\/strong><\/p>\n<p>Uwa\u017ca si\u0119, \u017ce grzyb Lion&#8217;s Mane poprawia funkcje odporno\u015bciowe i pobudza wzrost dobrych bakterii w jelitach.<\/p>\n<p>&nbsp;<\/p>\n<p><strong>POMAGA W NATURALNY SPOS\u00d3B ZR\u00d3WNOWA\u017bY\u0106 NASTR\u00d3J  <\/strong><\/p>\n<p>Badania wskazuj\u0105, \u017ce grzyb Lion&#8217;s Mane mo\u017ce pom\u00f3c promowa\u0107 spokojny, zrelaksowany nastr\u00f3j. Ma r\u00f3wnie\u017c w\u0142a\u015bciwo\u015bci regeneruj\u0105ce nerwy, co mo\u017ce przyczyni\u0107 si\u0119 do dobrego zdrowia serca.<\/p>\n<h4 class=\"product_title entry-title elementor-heading-title elementor-size-default\"><strong>6 Strains Probiotics With Prebiotics &#8211; (90 kapsu\u0142ek)<\/strong><\/h4>\n<p>&nbsp;<\/p>\n<p><strong>ULGA W WZD\u0118CIACH  <\/strong><\/p>\n<p>Nasze kapsu\u0142ki pochodz\u0105 z rodziny probiotyk\u00f3w Lactobacillus, kt\u00f3re s\u0105 najskuteczniejszymi probiotykami pomagaj\u0105cymi w utrzymaniu zdrowego uk\u0142adu pokarmowego.<span class=\"a-list-item a-size-base\">  Nasze starannie wyselekcjonowane szczepy bakterii nale\u017c\u0105 do najlepszych znanych z tego, \u017ce pomagaj\u0105 z\u0142agodzi\u0107 uczucie wzd\u0119cia i pe\u0142no\u015bci.  <\/span><\/p>\n<p><span class=\"a-list-item a-size-base\"><strong>6 AKTYWNYCH SZCZEP\u00d3W Z 10 MILIARDAMI CFU NA PORCJ\u0118<\/strong> <\/span><\/p>\n<p><span class=\"a-list-item a-size-base\">Nasze kompleksowe probiotyki oferuj\u0105 6 najbardziej skutecznych szczep\u00f3w: lactobacillus acidophillus, lactobacillus rhamnosus, lactobacillus gasseri, bifidobacterium lactis, bifidobacterium bifidus oraz saccharomyces boullardii.<\/span><\/p>\n<p><strong>PRZETRWA DZI\u0118KI KWASOWO\u015aCI \u017bO\u0141\u0104DKA <\/strong><\/p>\n<p>Saccharomyces boulardii jest <span class=\"a-list-item a-size-base\">dobrze zbadanym,<\/span> uznanym na ca\u0142ym \u015bwiecie probiotykiem, udowodnionym, \u017ce potrafi przetrwa\u0107 przez kwasowo\u015b\u0107 \u017co\u0142\u0105dka, by dotrze\u0107 do jelit \u017cywy.<\/p>\n<p><b>WIELE KORZY\u015aCI DLA ZDROWIA<\/b><\/p>\n<p>Nasza innowacyjna formu\u0142a zosta\u0142a wzbogacona o inulin\u0119, b\u0142onnik prebiotyczny o silnych w\u0142a\u015bciwo\u015bciach zdrowotnych, w tym o zwi\u0119kszonej odporno\u015bci, wzmocnionym dzia\u0142aniu r<span class=\"a-list-item\"><br \/>\n  <span class=\"a-size-base\">regularno\u015b\u0107, lepsze wch\u0142anianie n<\/span><br \/>\n<\/span><span class=\"a-list-item\"><br \/>\n  <span class=\"a-size-base\">wch\u0142anianie sk\u0142adnik\u00f3w od\u017cywczych, utrata wagi, poprawa zdrowia dr\u00f3g moczowych, poprawa poziomu cholesterolu i lepszy metabolizm.<\/span><br \/>\n<\/span><\/p>\n<p><strong>WYKONANE Z NATURALNYCH SK\u0141ADNIK\u00d3W<\/strong><\/p>\n<p>Nasze przyjazne dla wegan kapsu\u0142ki s\u0105 w 100% czyste i naturalne ze sk\u0142adnik\u00f3w niemodyfikowanych genetycznie<\/p>\n","protected":false},"excerpt":{"rendered":"<p>Pakiet Mental Clarity and Gut Health Bundle pomaga skutecznie podnie\u015b\u0107 jasno\u015b\u0107 umys\u0142u i zdrowie trawienne. Pakiet zawiera Super Mind Nootropics, Lion&#8217;s Mane Mushroom Capsules i 6 Strains Probiotics with Prebiotics Capsules, aby poprawi\u0107 funkcje poznawcze, skupienie i trawienie dla og\u00f3lnego samopoczucia.<\/p>\n","protected":false},"featured_media":16295,"template":"","meta":{"site-sidebar-layout":"default","site-content-layout":"default","ast-site-content-layout":"default","site-content-style":"default","site-sidebar-style":"default","ast-global-header-display":"","ast-banner-title-visibility":"","ast-main-header-display":"","ast-hfb-above-header-display":"","ast-hfb-below-header-display":"","ast-hfb-mobile-header-display":"","site-post-title":"","ast-breadcrumbs-content":"","ast-featured-img":"","footer-sml-layout":"","theme-transparent-header-meta":"default","adv-header-id-meta":"","stick-header-meta":"default","header-above-stick-meta":"","header-main-stick-meta":"","header-below-stick-meta":"","astra-migrate-meta-layouts":"default","ast-page-background-enabled":"default","ast-page-background-meta":{"desktop":{"background-color":"","background-image":"","background-repeat":"repeat","background-position":"center center","background-size":"auto","background-attachment":"scroll","background-type":"","background-media":"","overlay-type":"","overlay-color":"","overlay-opacity":"","overlay-gradient":""},"tablet":{"background-color":"","background-image":"","background-repeat":"repeat","background-position":"center center","background-size":"auto","background-attachment":"scroll","background-type":"","background-media":"","overlay-type":"","overlay-color":"","overlay-opacity":"","overlay-gradient":""},"mobile":{"background-color":"","background-image":"","background-repeat":"repeat","background-position":"center center","background-size":"auto","background-attachment":"scroll","background-type":"","background-media":"","overlay-type":"","overlay-color":"","overlay-opacity":"","overlay-gradient":""}},"ast-content-background-meta":{"desktop":{"background-color":"var(--ast-global-color-5)","background-image":"","background-repeat":"repeat","background-position":"center center","background-size":"auto","background-attachment":"scroll","background-type":"","background-media":"","overlay-type":"","overlay-color":"","overlay-opacity":"","overlay-gradient":""},"tablet":{"background-color":"var(--ast-global-color-5)","background-image":"","background-repeat":"repeat","background-position":"center center","background-size":"auto","background-attachment":"scroll","background-type":"","background-media":"","overlay-type":"","overlay-color":"","overlay-opacity":"","overlay-gradient":""},"mobile":{"background-color":"var(--ast-global-color-5)","background-image":"","background-repeat":"repeat","background-position":"center center","background-size":"auto","background-attachment":"scroll","background-type":"","background-media":"","overlay-type":"","overlay-color":"","overlay-opacity":"","overlay-gradient":""}}},"product_cat":[550,1292,568,567],"product_tag":[1702],"class_list":{"0":"post-14396","1":"product","2":"type-product","3":"status-publish","4":"has-post-thumbnail","6":"product_cat-nastroj-i-dobre-samopoczucie","7":"product_cat-odzywianie","8":"product_cat-suplementy-diety","9":"product_cat-wzmacniacze-mozgu","10":"product_tag-zdrowie-jelit","11":"has-subscription-plans","12":"desktop-align-left","13":"tablet-align-left","14":"mobile-align-left","16":"first","17":"instock","18":"taxable","19":"shipping-taxable","20":"purchasable","21":"product-type-simple"},"yoast_head":"<!-- This site is optimized with the Yoast SEO plugin v22.7 - https:\/\/yoast.com\/wordpress\/plugins\/seo\/ -->\n<title>Pakiet &quot;Mental Clarity and Gut Health - JeaKen<\/title>\n<meta name=\"robots\" content=\"index, follow, max-snippet:-1, max-image-preview:large, max-video-preview:-1\" \/>\n<link rel=\"canonical\" href=\"https:\/\/jeaken.com\/pl\/produkt\/mental-clarity-and-gut-health-bundle\/\" \/>\n<meta property=\"og:locale\" content=\"pl_PL\" \/>\n<meta property=\"og:type\" content=\"article\" \/>\n<meta property=\"og:title\" content=\"Pakiet &quot;Mental Clarity and Gut Health - JeaKen\" \/>\n<meta property=\"og:description\" content=\"Pakiet Mental Clarity and Gut Health Bundle pomaga skutecznie podnie\u015b\u0107 jasno\u015b\u0107 umys\u0142u i zdrowie trawienne. Pakiet zawiera Super Mind Nootropics, Lion&#039;s Mane Mushroom Capsules i 6 Strains Probiotics with Prebiotics Capsules, aby poprawi\u0107 funkcje poznawcze, skupienie i trawienie dla og\u00f3lnego samopoczucia.\" \/>\n<meta property=\"og:url\" content=\"https:\/\/jeaken.com\/pl\/produkt\/mental-clarity-and-gut-health-bundle\/\" \/>\n<meta property=\"og:site_name\" content=\"JeaKen\" \/>\n<meta property=\"article:modified_time\" content=\"2023-04-06T11:31:30+00:00\" \/>\n<meta property=\"og:image\" content=\"https:\/\/jeaken.com\/wp-content\/uploads\/2023\/03\/Combine6.jpg\" \/>\n\t<meta property=\"og:image:width\" content=\"972\" \/>\n\t<meta property=\"og:image:height\" content=\"972\" \/>\n\t<meta property=\"og:image:type\" content=\"image\/jpeg\" \/>\n<meta name=\"twitter:card\" content=\"summary_large_image\" \/>\n<meta name=\"twitter:label1\" content=\"Est. reading time\" \/>\n\t<meta name=\"twitter:data1\" content=\"4 minutes\" \/>\n<script type=\"application\/ld+json\" class=\"yoast-schema-graph\">{\"@context\":\"https:\/\/schema.org\",\"@graph\":[{\"@type\":\"WebPage\",\"@id\":\"https:\/\/jeaken.com\/pl\/produkt\/mental-clarity-and-gut-health-bundle\/\",\"url\":\"https:\/\/jeaken.com\/pl\/produkt\/mental-clarity-and-gut-health-bundle\/\",\"name\":\"Pakiet \\\"Mental Clarity and Gut Health - JeaKen\",\"isPartOf\":{\"@id\":\"https:\/\/jeaken.com\/pl\/#website\"},\"primaryImageOfPage\":{\"@id\":\"https:\/\/jeaken.com\/pl\/produkt\/mental-clarity-and-gut-health-bundle\/#primaryimage\"},\"image\":{\"@id\":\"https:\/\/jeaken.com\/pl\/produkt\/mental-clarity-and-gut-health-bundle\/#primaryimage\"},\"thumbnailUrl\":\"https:\/\/jeaken.com\/wp-content\/uploads\/2023\/03\/Combine6.jpg\",\"datePublished\":\"2023-03-16T11:43:40+00:00\",\"dateModified\":\"2023-04-06T11:31:30+00:00\",\"breadcrumb\":{\"@id\":\"https:\/\/jeaken.com\/pl\/produkt\/mental-clarity-and-gut-health-bundle\/#breadcrumb\"},\"inLanguage\":\"pl-PL\",\"potentialAction\":[{\"@type\":\"ReadAction\",\"target\":[\"https:\/\/jeaken.com\/pl\/produkt\/mental-clarity-and-gut-health-bundle\/\"]}]},{\"@type\":\"ImageObject\",\"inLanguage\":\"pl-PL\",\"@id\":\"https:\/\/jeaken.com\/pl\/produkt\/mental-clarity-and-gut-health-bundle\/#primaryimage\",\"url\":\"https:\/\/jeaken.com\/wp-content\/uploads\/2023\/03\/Combine6.jpg\",\"contentUrl\":\"https:\/\/jeaken.com\/wp-content\/uploads\/2023\/03\/Combine6.jpg\",\"width\":972,\"height\":972,\"caption\":\"Mental Clarity and Gut Health Bundle\"},{\"@type\":\"BreadcrumbList\",\"@id\":\"https:\/\/jeaken.com\/pl\/produkt\/mental-clarity-and-gut-health-bundle\/#breadcrumb\",\"itemListElement\":[{\"@type\":\"ListItem\",\"position\":1,\"name\":\"Home\",\"item\":\"https:\/\/jeaken.com\/pl\/\"},{\"@type\":\"ListItem\",\"position\":2,\"name\":\"Private: Shop\",\"item\":\"https:\/\/jeaken.com\/shop\/\"},{\"@type\":\"ListItem\",\"position\":3,\"name\":\"Pakiet &#8220;Mental Clarity and Gut Health\"}]},{\"@type\":\"WebSite\",\"@id\":\"https:\/\/jeaken.com\/pl\/#website\",\"url\":\"https:\/\/jeaken.com\/pl\/\",\"name\":\"JeaKen\",\"description\":\"Organic Supplements for Health, Fitness and Nutrition\",\"publisher\":{\"@id\":\"https:\/\/jeaken.com\/pl\/#organization\"},\"potentialAction\":[{\"@type\":\"SearchAction\",\"target\":{\"@type\":\"EntryPoint\",\"urlTemplate\":\"https:\/\/jeaken.com\/pl\/?s={search_term_string}\"},\"query-input\":\"required name=search_term_string\"}],\"inLanguage\":\"pl-PL\"},{\"@type\":\"Organization\",\"@id\":\"https:\/\/jeaken.com\/pl\/#organization\",\"name\":\"JeaKen\",\"url\":\"https:\/\/jeaken.com\/pl\/\",\"logo\":{\"@type\":\"ImageObject\",\"inLanguage\":\"pl-PL\",\"@id\":\"https:\/\/jeaken.com\/pl\/#\/schema\/logo\/image\/\",\"url\":\"https:\/\/jeaken.com\/wp-content\/uploads\/2022\/06\/jeaken-logo-23.png\",\"contentUrl\":\"https:\/\/jeaken.com\/wp-content\/uploads\/2022\/06\/jeaken-logo-23.png\",\"width\":2486,\"height\":736,\"caption\":\"JeaKen\"},\"image\":{\"@id\":\"https:\/\/jeaken.com\/pl\/#\/schema\/logo\/image\/\"}}]}<\/script>\n<!-- \/ Yoast SEO plugin. -->","yoast_head_json":{"title":"Pakiet \"Mental Clarity and Gut Health - JeaKen","robots":{"index":"index","follow":"follow","max-snippet":"max-snippet:-1","max-image-preview":"max-image-preview:large","max-video-preview":"max-video-preview:-1"},"canonical":"https:\/\/jeaken.com\/pl\/produkt\/mental-clarity-and-gut-health-bundle\/","og_locale":"pl_PL","og_type":"article","og_title":"Pakiet \"Mental Clarity and Gut Health - JeaKen","og_description":"Pakiet Mental Clarity and Gut Health Bundle pomaga skutecznie podnie\u015b\u0107 jasno\u015b\u0107 umys\u0142u i zdrowie trawienne. Pakiet zawiera Super Mind Nootropics, Lion's Mane Mushroom Capsules i 6 Strains Probiotics with Prebiotics Capsules, aby poprawi\u0107 funkcje poznawcze, skupienie i trawienie dla og\u00f3lnego samopoczucia.","og_url":"https:\/\/jeaken.com\/pl\/produkt\/mental-clarity-and-gut-health-bundle\/","og_site_name":"JeaKen","article_modified_time":"2023-04-06T11:31:30+00:00","og_image":[{"width":972,"height":972,"url":"https:\/\/jeaken.com\/wp-content\/uploads\/2023\/03\/Combine6.jpg","type":"image\/jpeg"}],"twitter_card":"summary_large_image","twitter_misc":{"Est. reading time":"4 minutes"},"schema":{"@context":"https:\/\/schema.org","@graph":[{"@type":"WebPage","@id":"https:\/\/jeaken.com\/pl\/produkt\/mental-clarity-and-gut-health-bundle\/","url":"https:\/\/jeaken.com\/pl\/produkt\/mental-clarity-and-gut-health-bundle\/","name":"Pakiet \"Mental Clarity and Gut Health - JeaKen","isPartOf":{"@id":"https:\/\/jeaken.com\/pl\/#website"},"primaryImageOfPage":{"@id":"https:\/\/jeaken.com\/pl\/produkt\/mental-clarity-and-gut-health-bundle\/#primaryimage"},"image":{"@id":"https:\/\/jeaken.com\/pl\/produkt\/mental-clarity-and-gut-health-bundle\/#primaryimage"},"thumbnailUrl":"https:\/\/jeaken.com\/wp-content\/uploads\/2023\/03\/Combine6.jpg","datePublished":"2023-03-16T11:43:40+00:00","dateModified":"2023-04-06T11:31:30+00:00","breadcrumb":{"@id":"https:\/\/jeaken.com\/pl\/produkt\/mental-clarity-and-gut-health-bundle\/#breadcrumb"},"inLanguage":"pl-PL","potentialAction":[{"@type":"ReadAction","target":["https:\/\/jeaken.com\/pl\/produkt\/mental-clarity-and-gut-health-bundle\/"]}]},{"@type":"ImageObject","inLanguage":"pl-PL","@id":"https:\/\/jeaken.com\/pl\/produkt\/mental-clarity-and-gut-health-bundle\/#primaryimage","url":"https:\/\/jeaken.com\/wp-content\/uploads\/2023\/03\/Combine6.jpg","contentUrl":"https:\/\/jeaken.com\/wp-content\/uploads\/2023\/03\/Combine6.jpg","width":972,"height":972,"caption":"Mental Clarity and Gut Health Bundle"},{"@type":"BreadcrumbList","@id":"https:\/\/jeaken.com\/pl\/produkt\/mental-clarity-and-gut-health-bundle\/#breadcrumb","itemListElement":[{"@type":"ListItem","position":1,"name":"Home","item":"https:\/\/jeaken.com\/pl\/"},{"@type":"ListItem","position":2,"name":"Private: Shop","item":"https:\/\/jeaken.com\/shop\/"},{"@type":"ListItem","position":3,"name":"Pakiet &#8220;Mental Clarity and Gut Health"}]},{"@type":"WebSite","@id":"https:\/\/jeaken.com\/pl\/#website","url":"https:\/\/jeaken.com\/pl\/","name":"JeaKen","description":"Organic Supplements for Health, Fitness and Nutrition","publisher":{"@id":"https:\/\/jeaken.com\/pl\/#organization"},"potentialAction":[{"@type":"SearchAction","target":{"@type":"EntryPoint","urlTemplate":"https:\/\/jeaken.com\/pl\/?s={search_term_string}"},"query-input":"required name=search_term_string"}],"inLanguage":"pl-PL"},{"@type":"Organization","@id":"https:\/\/jeaken.com\/pl\/#organization","name":"JeaKen","url":"https:\/\/jeaken.com\/pl\/","logo":{"@type":"ImageObject","inLanguage":"pl-PL","@id":"https:\/\/jeaken.com\/pl\/#\/schema\/logo\/image\/","url":"https:\/\/jeaken.com\/wp-content\/uploads\/2022\/06\/jeaken-logo-23.png","contentUrl":"https:\/\/jeaken.com\/wp-content\/uploads\/2022\/06\/jeaken-logo-23.png","width":2486,"height":736,"caption":"JeaKen"},"image":{"@id":"https:\/\/jeaken.com\/pl\/#\/schema\/logo\/image\/"}}]}},"jetpack_sharing_enabled":true,"_links":{"self":[{"href":"https:\/\/jeaken.com\/pl\/wp-json\/wp\/v2\/product\/14396","targetHints":{"allow":["GET"]}}],"collection":[{"href":"https:\/\/jeaken.com\/pl\/wp-json\/wp\/v2\/product"}],"about":[{"href":"https:\/\/jeaken.com\/pl\/wp-json\/wp\/v2\/types\/product"}],"wp:featuredmedia":[{"embeddable":true,"href":"https:\/\/jeaken.com\/pl\/wp-json\/wp\/v2\/media\/16295"}],"wp:attachment":[{"href":"https:\/\/jeaken.com\/pl\/wp-json\/wp\/v2\/media?parent=14396"}],"wp:term":[{"taxonomy":"product_cat","embeddable":true,"href":"https:\/\/jeaken.com\/pl\/wp-json\/wp\/v2\/product_cat?post=14396"},{"taxonomy":"product_tag","embeddable":true,"href":"https:\/\/jeaken.com\/pl\/wp-json\/wp\/v2\/product_tag?post=14396"}],"curies":[{"name":"wp","href":"https:\/\/api.w.org\/{rel}","templated":true}]}}