{"id":14372,"date":"2023-03-16T11:24:54","date_gmt":"2023-03-16T11:24:54","guid":{"rendered":"https:\/?post_type=product&#038;p=14372"},"modified":"2023-04-06T12:31:01","modified_gmt":"2023-04-06T11:31:01","slug":"pakiet-jasnosc-umyslu-i-utrata-wagi","status":"publish","type":"product","link":"https:\/\/jeaken.com\/pl\/produkt\/pakiet-jasnosc-umyslu-i-utrata-wagi\/","title":{"rendered":"Pakiet &#8220;Umys\u0142owa jasno\u015b\u0107 i utrata wagi"},"content":{"rendered":"<h2>Pakiet &#8220;Umys\u0142owa jasno\u015b\u0107 i utrata wagi<\/h2>\n<p>Pakiet Mental Clarity and Weight Loss Bundle to pot\u0119\u017cne po\u0142\u0105czenie trzech kluczowych produkt\u00f3w, kt\u00f3re pomog\u0105 Ci osi\u0105gn\u0105\u0107 Twoje cele zwi\u0105zane z popraw\u0105 samopoczucia. Ten pakiet zawiera Super Mind Nootropics, silny suplement, kt\u00f3ry wspiera jasno\u015b\u0107 umys\u0142u i koncentracj\u0119, umo\u017cliwiaj\u0105c utrzymanie si\u0119 na torze z programem utraty wagi. W sk\u0142ad pakietu wchodz\u0105 r\u00f3wnie\u017c kapsu\u0142ki Lion&#8217;s Mane Mushroom Capsules, kt\u00f3re zawieraj\u0105 zwi\u0105zki mog\u0105ce pom\u00f3c w utracie wagi poprzez regulacj\u0119 poziomu cukru we krwi i zmniejszenie stanu zapalnego. Dodatkowo pakiet zawiera kapsu\u0142ki Apple Cider Vinegar, kt\u00f3re mog\u0105 pom\u00f3c wspiera\u0107 zdrowe trawienie i metabolizm. Z tym pakietem, b\u0119dziesz mia\u0142 everBoost ostro\u015b\u0107 i utrata masy cia\u0142a z pakietem, zdrowego stylu \u017cycia, i zarz\u0105dzania stresem.ything trzeba wspiera\u0107 zar\u00f3wno sw\u00f3j umys\u0142 jasno\u015b\u0107 i utrata masy cia\u0142a podr\u00f3\u017cy.<\/p>\n<h4 class=\"product_title entry-title elementor-heading-title elementor-size-default\"><strong>Super Mind Nootropics &#8211; 60 Vegan Capsules<\/strong><\/h4>\n<ul class=\"a-unordered-list a-vertical a-spacing-none\">\n<li class=\"a-spacing-small\"><span class=\"a-list-item a-size-base\">BOOST MEMORY, CONCENTRATION and ALERTNESS &#8211; W przeciwie\u0144stwie do wielu suplement\u00f3w m\u00f3zgowych JeaKen nootropics brain boost capsules s\u0105 wykonane z naturalnych sk\u0142adnik\u00f3w, takich jak Rhodiola Rosea, kt\u00f3re pomagaj\u0105 zwi\u0119kszy\u0107 koncentracj\u0119 i czujno\u015b\u0107, zwi\u0119kszy\u0107 energi\u0119 umys\u0142ow\u0105 i wzmocni\u0107 pami\u0119\u0107.  <\/span><\/li>\n<li class=\"a-spacing-small\"><span class=\"a-list-item a-size-base\">REDUKUJE ZM\u0118CZENIE, POPRAWIA KONCENTRACJ\u0118 &#8211; Guarana, ro\u015blina pochodz\u0105ca z Amazonii, zawiera kofein\u0119, kt\u00f3ra jest bardzo skuteczna w redukcji zm\u0119czenia i poprawie koncentracji umys\u0142u. Po\u0142\u0105czenie kofeiny i teaniny okazuje si\u0119 by\u0107 bardzo skuteczne dla poprawy wydajno\u015bci poznawczej.  <\/span><\/li>\n<li class=\"a-spacing-small\"><span class=\"a-list-item a-size-base\">TYLKO NAJLEPSZE SK\u0141ADNIKI &#8211; Nasz suplement pami\u0119ci jest wykonany z ca\u0142kowicie naturalnych witamin, minera\u0142\u00f3w i ekstrakt\u00f3w zio\u0142owych, bez u\u017cycia szkodliwych dodatk\u00f3w; non-GMO i wolny od hormon\u00f3w, glutenu.  <\/span><\/li>\n<li class=\"a-spacing-small\"><span class=\"a-list-item a-size-base\">BACKED BY SCIENCE &#8211; nie by\u0142o wielk\u0105 staranno\u015bci\u0105 w \u0142\u0105czeniu tylko prawo ilo\u015b\u0107 ka\u017cdego sk\u0142adnika w zaawansowanej formule spreparowane, aby pom\u00f3c wspiera\u0107 tlenu i kr\u0105\u017cenie w kom\u00f3rkach m\u00f3zgowych, a neurony zaprojektowane w celu wspierania pami\u0119ci, ostro\u015bci i jasno\u015bci.<\/span><\/li>\n<\/ul>\n<h4 class=\"product_title entry-title elementor-heading-title elementor-size-default\"><strong>Lion&#8217;s Mane Mushroom Capsules &#8211; Nootropics Suplement For Improved Cognitive And Immune System Function. 5000mg<\/strong><\/h4>\n<p>&nbsp;<\/p>\n<p><strong><span class=\"a-list-item a-size-base\">WSPOMAGA FUNKCJE POZNAWCZE  <\/span><\/strong><\/p>\n<p><span class=\"a-list-item a-size-base\">Lion&#8217;s Mane zapewnia jest sprawdzonym wzmacniaczem m\u00f3zgu, co czyni go popularnym suplementem dla tych, kt\u00f3rzy pracuj\u0105 lub ucz\u0105 si\u0119. Opr\u00f3cz zwi\u0119kszenia pami\u0119ci, nasze kapsu\u0142ki mog\u0105 pom\u00f3c w oczyszczeniu mg\u0142y umys\u0142owej, jak r\u00f3wnie\u017c zapewni\u0107 wsparcie dla m\u00f3zgu i uk\u0142adu nerwowego.<\/span><\/p>\n<p><strong><br \/>\nWSPOMAGA ZDROWIE STAW\u00d3W<\/strong><\/p>\n<p>Nasze sprawdzone kapsu\u0142ki skutecznie wspieraj\u0105 zdrowie staw\u00f3w, a tak\u017ce wzmacniaj\u0105 uk\u0142ad odporno\u015bciowy.<\/p>\n<p>&nbsp;<\/p>\n<p><strong>POPRAWIA ZDROWIE UK\u0141ADU ODDECHOWEGO<\/strong><\/p>\n<p>Ekstrakt z Reishi znany jest z tego, \u017ce pomaga w przewlek\u0142ych schorzeniach uk\u0142adu oddechowego.<\/p>\n<p>&nbsp;<\/p>\n<p><strong>REGULUJE HORMONY<\/strong><\/p>\n<p>Nasze kapsu\u0142ki bardzo skutecznie pomagaj\u0105 w regulacji hormon\u00f3w. R\u00f3wnowaga hormonalna jest kluczem do regulacji funkcji zmys\u0142owych, regulacji nastroju i wielu innych.<\/p>\n<p>&nbsp;<\/p>\n<p><strong>EKSTRAKT Z GRZYB\u00d3W 10:1<\/strong><\/p>\n<p>Grzyby maj\u0105 tward\u0105 \u015bcian\u0119 kom\u00f3rkow\u0105 zbudowan\u0105 z chityny, kt\u00f3r\u0105 ludzie ci\u0119\u017cko trawi\u0105. Ta \u015bciana kom\u00f3rkowa ogranicza nasz dost\u0119p do wa\u017cnych zwi\u0105zk\u00f3w leczniczych, kt\u00f3re nadaj\u0105 grzybom ich wspania\u0142e zalety.<\/p>\n<p>&nbsp;<\/p>\n<p><strong>WYPE\u0141NIACZE BEZZIARNOWE<\/strong><\/p>\n<p>Wiele produkt\u00f3w z grzyb\u00f3w leczniczych nie zawiera w rzeczywisto\u015bci \u017cadnych grzyb\u00f3w. Powstaj\u0105 one z systemu korzeniowego grzyba, zwanego grzybni\u0105, a grzybni\u0119 t\u0119 hoduje si\u0119 na ziarnach takich jak ry\u017c, owies czy sorgo.<\/p>\n<p>&nbsp;<\/p>\n<p><strong>WSPOMAGA FUNKCJE POZNAWCZE  <\/strong><\/p>\n<p>Lion&#8217;s Mane to sprawdzony booster poznawczy, kt\u00f3ry jest skuteczny w usuwaniu mg\u0142y umys\u0142owej i zapewnieniu wsparcia dla m\u00f3zgu i uk\u0142adu nerwowego.<\/p>\n<p>&nbsp;<\/p>\n<p><strong>WZMACNIA UK\u0141AD ODPORNO\u015aCIOWY  <\/strong><\/p>\n<p>Uwa\u017ca si\u0119, \u017ce grzyb Lion&#8217;s Mane poprawia funkcje odporno\u015bciowe i pobudza wzrost dobrych bakterii w jelitach.<\/p>\n<p>&nbsp;<\/p>\n<p><strong>POMAGA W NATURALNY SPOS\u00d3B ZR\u00d3WNOWA\u017bY\u0106 NASTR\u00d3J  <\/strong><\/p>\n<p>Badania wskazuj\u0105, \u017ce grzyb Lion&#8217;s Mane mo\u017ce pom\u00f3c promowa\u0107 spokojny, zrelaksowany nastr\u00f3j. Ma r\u00f3wnie\u017c w\u0142a\u015bciwo\u015bci regeneruj\u0105ce nerwy, co mo\u017ce przyczyni\u0107 si\u0119 do dobrego zdrowia serca.<\/p>\n<p>&nbsp;<\/p>\n<h4 class=\"product_title entry-title elementor-heading-title elementor-size-default\"><strong>Apple Cider Vinegar &#8211; Metabolism Booster And Detox &#8211; Enhanced With Seagreens, Green Tea And Chromium (120 kapsu\u0142ek)<\/strong><\/h4>\n<p>&nbsp;<\/p>\n<p><strong>WIELE KORZY\u015aCI DLA ZDROWIA  <\/strong><\/p>\n<p>U\u017cywany przez Hipokratesa (&#8220;ojca wsp\u00f3\u0142czesnej medycyny&#8221;) ponad 2000 lat temu, ocet jab\u0142kowy podobno przyczynia si\u0119 do wielu niesamowitych korzy\u015bci zdrowotnych, w tym poprawy zdrowia trawiennego, zwi\u0119kszenia poziomu energii i poprawy metabolizmu. Nasze kapsu\u0142ki octu jab\u0142kowego o wysokiej mocy dostarczaj\u0105 tych pot\u0119\u017cnych korzy\u015bci w \u0142atwych do po\u0142kni\u0119cia kapsu\u0142kach.<\/p>\n<p><strong>WSPOMAGA ZDROW\u0104 UTRAT\u0118 WAGI  <\/strong><\/p>\n<p>Kilka ostatnich bada\u0144 wykaza\u0142o, \u017ce ocet jab\u0142kowy mo\u017ce pom\u00f3c w utracie wagi, gdy jest przyjmowany jako cz\u0119\u015b\u0107 zdrowej diety. Mo\u017ce r\u00f3wnie\u017c wspom\u00f3c trawienie i poprawi\u0107 og\u00f3lny stan zdrowia, pomagaj\u0105c wch\u0142on\u0105\u0107 wi\u0119cej sk\u0142adnik\u00f3w od\u017cywczych w po\u017cywieniu.<\/p>\n<p><strong>UNIKALNA MIESZANKA  <\/strong><\/p>\n<p>Nasze kapsu\u0142ki premium z octem jab\u0142kowym oferuj\u0105 optymalne rezultaty dzi\u0119ki unikalnej mieszance seagreens, zielonej herbaty i chromu. Twoje zdrowie jest dla nas priorytetem. Nasze kapsu\u0142ki s\u0105 produkowane w Wielkiej Brytanii w oparciu o \u015bcis\u0142e wytyczne bezpiecze\u0144stwa (kodeks GMP), aby zapewni\u0107 si\u0142\u0119 dzia\u0142ania, jako\u015b\u0107 i skuteczno\u015b\u0107.<\/p>\n<p><strong>ODPOWIEDNIE DLA WEGAN I WEGETARIAN  <\/strong><\/p>\n<p>Nasze kapsu\u0142ki z octem jab\u0142kowym s\u0105 wykonane w 100% z najwy\u017cszej jako\u015bci sk\u0142adnik\u00f3w ro\u015blinnych. Nasze kapsu\u0142ki s\u0105 bezglutenowe, bez laktozy, zgodne z GMP, non GMO i w 100% wega\u0144skie.<\/p>\n","protected":false},"excerpt":{"rendered":"<p>Pakiet Mental Clarity and Weight Loss Bundle oferuje unikaln\u0105 kombinacj\u0119 produkt\u00f3w zaprojektowanych w celu zwi\u0119kszenia jasno\u015bci umys\u0142u i wsparcia utraty wagi, sprzyjaj\u0105c zr\u00f3wnowa\u017conemu stylowi \u017cycia i skutecznemu zarz\u0105dzaniu stresem.<\/p>\n","protected":false},"featured_media":16295,"template":"","meta":{"site-sidebar-layout":"default","site-content-layout":"default","ast-site-content-layout":"default","site-content-style":"default","site-sidebar-style":"default","ast-global-header-display":"","ast-banner-title-visibility":"","ast-main-header-display":"","ast-hfb-above-header-display":"","ast-hfb-below-header-display":"","ast-hfb-mobile-header-display":"","site-post-title":"","ast-breadcrumbs-content":"","ast-featured-img":"","footer-sml-layout":"","theme-transparent-header-meta":"default","adv-header-id-meta":"","stick-header-meta":"default","header-above-stick-meta":"","header-main-stick-meta":"","header-below-stick-meta":"","astra-migrate-meta-layouts":"default","ast-page-background-enabled":"default","ast-page-background-meta":{"desktop":{"background-color":"","background-image":"","background-repeat":"repeat","background-position":"center center","background-size":"auto","background-attachment":"scroll","background-type":"","background-media":"","overlay-type":"","overlay-color":"","overlay-opacity":"","overlay-gradient":""},"tablet":{"background-color":"","background-image":"","background-repeat":"repeat","background-position":"center center","background-size":"auto","background-attachment":"scroll","background-type":"","background-media":"","overlay-type":"","overlay-color":"","overlay-opacity":"","overlay-gradient":""},"mobile":{"background-color":"","background-image":"","background-repeat":"repeat","background-position":"center center","background-size":"auto","background-attachment":"scroll","background-type":"","background-media":"","overlay-type":"","overlay-color":"","overlay-opacity":"","overlay-gradient":""}},"ast-content-background-meta":{"desktop":{"background-color":"var(--ast-global-color-5)","background-image":"","background-repeat":"repeat","background-position":"center center","background-size":"auto","background-attachment":"scroll","background-type":"","background-media":"","overlay-type":"","overlay-color":"","overlay-opacity":"","overlay-gradient":""},"tablet":{"background-color":"var(--ast-global-color-5)","background-image":"","background-repeat":"repeat","background-position":"center center","background-size":"auto","background-attachment":"scroll","background-type":"","background-media":"","overlay-type":"","overlay-color":"","overlay-opacity":"","overlay-gradient":""},"mobile":{"background-color":"var(--ast-global-color-5)","background-image":"","background-repeat":"repeat","background-position":"center center","background-size":"auto","background-attachment":"scroll","background-type":"","background-media":"","overlay-type":"","overlay-color":"","overlay-opacity":"","overlay-gradient":""}}},"product_cat":[550,1292,568,1210,567],"product_tag":[],"class_list":{"0":"post-14372","1":"product","2":"type-product","3":"status-publish","4":"has-post-thumbnail","6":"product_cat-nastroj-i-dobre-samopoczucie","7":"product_cat-odzywianie","8":"product_cat-suplementy-diety","9":"product_cat-utrata-wagi","10":"product_cat-wzmacniacze-mozgu","11":"has-subscription-plans","12":"desktop-align-left","13":"tablet-align-left","14":"mobile-align-left","16":"first","17":"instock","18":"taxable","19":"shipping-taxable","20":"purchasable","21":"product-type-simple"},"yoast_head":"<!-- This site is optimized with the Yoast SEO plugin v22.7 - https:\/\/yoast.com\/wordpress\/plugins\/seo\/ -->\n<title>Pakiet &quot;Umys\u0142owa jasno\u015b\u0107 i utrata wagi - JeaKen<\/title>\n<meta name=\"robots\" content=\"index, follow, max-snippet:-1, max-image-preview:large, max-video-preview:-1\" \/>\n<link rel=\"canonical\" href=\"https:\/\/jeaken.com\/pl\/produkt\/pakiet-jasnosc-umyslu-i-utrata-wagi\/\" \/>\n<meta property=\"og:locale\" content=\"pl_PL\" \/>\n<meta property=\"og:type\" content=\"article\" \/>\n<meta property=\"og:title\" content=\"Pakiet &quot;Umys\u0142owa jasno\u015b\u0107 i utrata wagi - JeaKen\" \/>\n<meta property=\"og:description\" content=\"Pakiet Mental Clarity and Weight Loss Bundle oferuje unikaln\u0105 kombinacj\u0119 produkt\u00f3w zaprojektowanych w celu zwi\u0119kszenia jasno\u015bci umys\u0142u i wsparcia utraty wagi, sprzyjaj\u0105c zr\u00f3wnowa\u017conemu stylowi \u017cycia i skutecznemu zarz\u0105dzaniu stresem.\" \/>\n<meta property=\"og:url\" content=\"https:\/\/jeaken.com\/pl\/produkt\/pakiet-jasnosc-umyslu-i-utrata-wagi\/\" \/>\n<meta property=\"og:site_name\" content=\"JeaKen\" \/>\n<meta property=\"article:modified_time\" content=\"2023-04-06T11:31:01+00:00\" \/>\n<meta property=\"og:image\" content=\"https:\/\/jeaken.com\/wp-content\/uploads\/2023\/03\/Combine6.jpg\" \/>\n\t<meta property=\"og:image:width\" content=\"972\" \/>\n\t<meta property=\"og:image:height\" content=\"972\" \/>\n\t<meta property=\"og:image:type\" content=\"image\/jpeg\" \/>\n<meta name=\"twitter:card\" content=\"summary_large_image\" \/>\n<meta name=\"twitter:label1\" content=\"Est. reading time\" \/>\n\t<meta name=\"twitter:data1\" content=\"4 minutes\" \/>\n<script type=\"application\/ld+json\" class=\"yoast-schema-graph\">{\"@context\":\"https:\/\/schema.org\",\"@graph\":[{\"@type\":\"WebPage\",\"@id\":\"https:\/\/jeaken.com\/pl\/produkt\/pakiet-jasnosc-umyslu-i-utrata-wagi\/\",\"url\":\"https:\/\/jeaken.com\/pl\/produkt\/pakiet-jasnosc-umyslu-i-utrata-wagi\/\",\"name\":\"Pakiet \\\"Umys\u0142owa jasno\u015b\u0107 i utrata wagi - JeaKen\",\"isPartOf\":{\"@id\":\"https:\/\/jeaken.com\/pl\/#website\"},\"primaryImageOfPage\":{\"@id\":\"https:\/\/jeaken.com\/pl\/produkt\/pakiet-jasnosc-umyslu-i-utrata-wagi\/#primaryimage\"},\"image\":{\"@id\":\"https:\/\/jeaken.com\/pl\/produkt\/pakiet-jasnosc-umyslu-i-utrata-wagi\/#primaryimage\"},\"thumbnailUrl\":\"https:\/\/jeaken.com\/wp-content\/uploads\/2023\/03\/Combine6.jpg\",\"datePublished\":\"2023-03-16T11:24:54+00:00\",\"dateModified\":\"2023-04-06T11:31:01+00:00\",\"breadcrumb\":{\"@id\":\"https:\/\/jeaken.com\/pl\/produkt\/pakiet-jasnosc-umyslu-i-utrata-wagi\/#breadcrumb\"},\"inLanguage\":\"pl-PL\",\"potentialAction\":[{\"@type\":\"ReadAction\",\"target\":[\"https:\/\/jeaken.com\/pl\/produkt\/pakiet-jasnosc-umyslu-i-utrata-wagi\/\"]}]},{\"@type\":\"ImageObject\",\"inLanguage\":\"pl-PL\",\"@id\":\"https:\/\/jeaken.com\/pl\/produkt\/pakiet-jasnosc-umyslu-i-utrata-wagi\/#primaryimage\",\"url\":\"https:\/\/jeaken.com\/wp-content\/uploads\/2023\/03\/Combine6.jpg\",\"contentUrl\":\"https:\/\/jeaken.com\/wp-content\/uploads\/2023\/03\/Combine6.jpg\",\"width\":972,\"height\":972,\"caption\":\"Mental Clarity and Gut Health Bundle\"},{\"@type\":\"BreadcrumbList\",\"@id\":\"https:\/\/jeaken.com\/pl\/produkt\/pakiet-jasnosc-umyslu-i-utrata-wagi\/#breadcrumb\",\"itemListElement\":[{\"@type\":\"ListItem\",\"position\":1,\"name\":\"Home\",\"item\":\"https:\/\/jeaken.com\/pl\/\"},{\"@type\":\"ListItem\",\"position\":2,\"name\":\"Private: Shop\",\"item\":\"https:\/\/jeaken.com\/shop\/\"},{\"@type\":\"ListItem\",\"position\":3,\"name\":\"Pakiet &#8220;Umys\u0142owa jasno\u015b\u0107 i utrata wagi\"}]},{\"@type\":\"WebSite\",\"@id\":\"https:\/\/jeaken.com\/pl\/#website\",\"url\":\"https:\/\/jeaken.com\/pl\/\",\"name\":\"JeaKen\",\"description\":\"Organic Supplements for Health, Fitness and Nutrition\",\"publisher\":{\"@id\":\"https:\/\/jeaken.com\/pl\/#organization\"},\"potentialAction\":[{\"@type\":\"SearchAction\",\"target\":{\"@type\":\"EntryPoint\",\"urlTemplate\":\"https:\/\/jeaken.com\/pl\/?s={search_term_string}\"},\"query-input\":\"required name=search_term_string\"}],\"inLanguage\":\"pl-PL\"},{\"@type\":\"Organization\",\"@id\":\"https:\/\/jeaken.com\/pl\/#organization\",\"name\":\"JeaKen\",\"url\":\"https:\/\/jeaken.com\/pl\/\",\"logo\":{\"@type\":\"ImageObject\",\"inLanguage\":\"pl-PL\",\"@id\":\"https:\/\/jeaken.com\/pl\/#\/schema\/logo\/image\/\",\"url\":\"https:\/\/jeaken.com\/wp-content\/uploads\/2022\/06\/jeaken-logo-23.png\",\"contentUrl\":\"https:\/\/jeaken.com\/wp-content\/uploads\/2022\/06\/jeaken-logo-23.png\",\"width\":2486,\"height\":736,\"caption\":\"JeaKen\"},\"image\":{\"@id\":\"https:\/\/jeaken.com\/pl\/#\/schema\/logo\/image\/\"}}]}<\/script>\n<!-- \/ Yoast SEO plugin. -->","yoast_head_json":{"title":"Pakiet \"Umys\u0142owa jasno\u015b\u0107 i utrata wagi - JeaKen","robots":{"index":"index","follow":"follow","max-snippet":"max-snippet:-1","max-image-preview":"max-image-preview:large","max-video-preview":"max-video-preview:-1"},"canonical":"https:\/\/jeaken.com\/pl\/produkt\/pakiet-jasnosc-umyslu-i-utrata-wagi\/","og_locale":"pl_PL","og_type":"article","og_title":"Pakiet \"Umys\u0142owa jasno\u015b\u0107 i utrata wagi - JeaKen","og_description":"Pakiet Mental Clarity and Weight Loss Bundle oferuje unikaln\u0105 kombinacj\u0119 produkt\u00f3w zaprojektowanych w celu zwi\u0119kszenia jasno\u015bci umys\u0142u i wsparcia utraty wagi, sprzyjaj\u0105c zr\u00f3wnowa\u017conemu stylowi \u017cycia i skutecznemu zarz\u0105dzaniu stresem.","og_url":"https:\/\/jeaken.com\/pl\/produkt\/pakiet-jasnosc-umyslu-i-utrata-wagi\/","og_site_name":"JeaKen","article_modified_time":"2023-04-06T11:31:01+00:00","og_image":[{"width":972,"height":972,"url":"https:\/\/jeaken.com\/wp-content\/uploads\/2023\/03\/Combine6.jpg","type":"image\/jpeg"}],"twitter_card":"summary_large_image","twitter_misc":{"Est. reading time":"4 minutes"},"schema":{"@context":"https:\/\/schema.org","@graph":[{"@type":"WebPage","@id":"https:\/\/jeaken.com\/pl\/produkt\/pakiet-jasnosc-umyslu-i-utrata-wagi\/","url":"https:\/\/jeaken.com\/pl\/produkt\/pakiet-jasnosc-umyslu-i-utrata-wagi\/","name":"Pakiet \"Umys\u0142owa jasno\u015b\u0107 i utrata wagi - JeaKen","isPartOf":{"@id":"https:\/\/jeaken.com\/pl\/#website"},"primaryImageOfPage":{"@id":"https:\/\/jeaken.com\/pl\/produkt\/pakiet-jasnosc-umyslu-i-utrata-wagi\/#primaryimage"},"image":{"@id":"https:\/\/jeaken.com\/pl\/produkt\/pakiet-jasnosc-umyslu-i-utrata-wagi\/#primaryimage"},"thumbnailUrl":"https:\/\/jeaken.com\/wp-content\/uploads\/2023\/03\/Combine6.jpg","datePublished":"2023-03-16T11:24:54+00:00","dateModified":"2023-04-06T11:31:01+00:00","breadcrumb":{"@id":"https:\/\/jeaken.com\/pl\/produkt\/pakiet-jasnosc-umyslu-i-utrata-wagi\/#breadcrumb"},"inLanguage":"pl-PL","potentialAction":[{"@type":"ReadAction","target":["https:\/\/jeaken.com\/pl\/produkt\/pakiet-jasnosc-umyslu-i-utrata-wagi\/"]}]},{"@type":"ImageObject","inLanguage":"pl-PL","@id":"https:\/\/jeaken.com\/pl\/produkt\/pakiet-jasnosc-umyslu-i-utrata-wagi\/#primaryimage","url":"https:\/\/jeaken.com\/wp-content\/uploads\/2023\/03\/Combine6.jpg","contentUrl":"https:\/\/jeaken.com\/wp-content\/uploads\/2023\/03\/Combine6.jpg","width":972,"height":972,"caption":"Mental Clarity and Gut Health Bundle"},{"@type":"BreadcrumbList","@id":"https:\/\/jeaken.com\/pl\/produkt\/pakiet-jasnosc-umyslu-i-utrata-wagi\/#breadcrumb","itemListElement":[{"@type":"ListItem","position":1,"name":"Home","item":"https:\/\/jeaken.com\/pl\/"},{"@type":"ListItem","position":2,"name":"Private: Shop","item":"https:\/\/jeaken.com\/shop\/"},{"@type":"ListItem","position":3,"name":"Pakiet &#8220;Umys\u0142owa jasno\u015b\u0107 i utrata wagi"}]},{"@type":"WebSite","@id":"https:\/\/jeaken.com\/pl\/#website","url":"https:\/\/jeaken.com\/pl\/","name":"JeaKen","description":"Organic Supplements for Health, Fitness and Nutrition","publisher":{"@id":"https:\/\/jeaken.com\/pl\/#organization"},"potentialAction":[{"@type":"SearchAction","target":{"@type":"EntryPoint","urlTemplate":"https:\/\/jeaken.com\/pl\/?s={search_term_string}"},"query-input":"required name=search_term_string"}],"inLanguage":"pl-PL"},{"@type":"Organization","@id":"https:\/\/jeaken.com\/pl\/#organization","name":"JeaKen","url":"https:\/\/jeaken.com\/pl\/","logo":{"@type":"ImageObject","inLanguage":"pl-PL","@id":"https:\/\/jeaken.com\/pl\/#\/schema\/logo\/image\/","url":"https:\/\/jeaken.com\/wp-content\/uploads\/2022\/06\/jeaken-logo-23.png","contentUrl":"https:\/\/jeaken.com\/wp-content\/uploads\/2022\/06\/jeaken-logo-23.png","width":2486,"height":736,"caption":"JeaKen"},"image":{"@id":"https:\/\/jeaken.com\/pl\/#\/schema\/logo\/image\/"}}]}},"jetpack_sharing_enabled":true,"_links":{"self":[{"href":"https:\/\/jeaken.com\/pl\/wp-json\/wp\/v2\/product\/14372","targetHints":{"allow":["GET"]}}],"collection":[{"href":"https:\/\/jeaken.com\/pl\/wp-json\/wp\/v2\/product"}],"about":[{"href":"https:\/\/jeaken.com\/pl\/wp-json\/wp\/v2\/types\/product"}],"wp:featuredmedia":[{"embeddable":true,"href":"https:\/\/jeaken.com\/pl\/wp-json\/wp\/v2\/media\/16295"}],"wp:attachment":[{"href":"https:\/\/jeaken.com\/pl\/wp-json\/wp\/v2\/media?parent=14372"}],"wp:term":[{"taxonomy":"product_cat","embeddable":true,"href":"https:\/\/jeaken.com\/pl\/wp-json\/wp\/v2\/product_cat?post=14372"},{"taxonomy":"product_tag","embeddable":true,"href":"https:\/\/jeaken.com\/pl\/wp-json\/wp\/v2\/product_tag?post=14372"}],"curies":[{"name":"wp","href":"https:\/\/api.w.org\/{rel}","templated":true}]}}