{"id":14356,"date":"2023-03-16T10:28:24","date_gmt":"2023-03-16T10:28:24","guid":{"rendered":"https:\/?post_type=product&#038;p=14356"},"modified":"2023-04-06T12:30:59","modified_gmt":"2023-04-06T11:30:59","slug":"mental-clarity-bundle","status":"publish","type":"product","link":"https:\/\/jeaken.com\/pl\/produkt\/mental-clarity-bundle\/","title":{"rendered":"Pakiet jasno\u015bci umys\u0142u"},"content":{"rendered":"<h2>Pakiet jasno\u015bci umys\u0142u<\/h2>\n<p><span data-sheets-value=\"{\"1\":2,\"2\":\"Looking to improve their mental clarity and focus, combining the Mental Clarity &amp; Focus Bundle with the right lifestyle changes can yield excellent results. In addition to incorporating a healthy diet and exercise regimen, taking regular breaks to reduce stress and staying hydrated can help. When using the Super Mind Nootropics and Mushroom Capsules in this bundle, it's important to follow the recommended dosages and take them consistently for optimal results. Additionally, the Nootropics Cognitive Enhancer can provide an extra boost to your cognitive function, especially when used in conjunction with the other supplements in this bundle. Remember to consult with a healthcare professional before starting any new supplement regimen.\"}\" data-sheets-userformat=\"{\"2\":2947,\"3\":{\"1\":0},\"4\":{\"1\":3,\"3\":2},\"10\":0,\"11\":4,\"12\":0,\"14\":{\"1\":2,\"2\":65280}}\">Je\u015bli chcesz poprawi\u0107 swoj\u0105 jasno\u015b\u0107 umys\u0142u i koncentracj\u0119, po\u0142\u0105czenie pakietu Mental Clarity Bundle z odpowiednimi zmianami w stylu \u017cycia mo\u017ce przynie\u015b\u0107 doskona\u0142e rezultaty. Opr\u00f3cz w\u0142\u0105czenia zdrowej diety i re\u017cimu \u0107wicze\u0144, regularne przerwy w celu zmniejszenia stresu i pozostawanie nawodnionym mog\u0105 pom\u00f3c. Podczas korzystania z Super Mind Nootropics i Mushroom Capsules w tym pakiecie, wa\u017cne jest, aby przestrzega\u0107 zalecanych dawek i wzi\u0105\u0107 je konsekwentnie dla optymalnych wynik\u00f3w. Dodatkowo Nootropics Cognitive Enhancer mo\u017ce zapewni\u0107 dodatkowy impuls do funkcji poznawczych, zw\u0142aszcza gdy jest stosowany w po\u0142\u0105czeniu z innymi suplementami w tym pakiecie. Pami\u0119taj, aby skonsultowa\u0107 si\u0119 z pracownikiem s\u0142u\u017cby zdrowia przed rozpocz\u0119ciem ka\u017cdego nowego re\u017cimu suplement\u00f3w.<\/span><\/p>\n<h4 class=\"product_title entry-title elementor-heading-title elementor-size-default\"><strong>Super Mind Nootropics &#8211; 60 Vegan Capsules<\/strong><\/h4>\n<p>&nbsp;<\/p>\n<ul class=\"a-unordered-list a-vertical a-spacing-none\">\n<li class=\"a-spacing-small\"><span class=\"a-list-item a-size-base\">BOOST MEMORY, CONCENTRATION and ALERTNESS &#8211; W przeciwie\u0144stwie do wielu suplement\u00f3w m\u00f3zgowych JeaKen nootropics brain boost capsules s\u0105 wykonane z naturalnych sk\u0142adnik\u00f3w, takich jak Rhodiola Rosea, kt\u00f3re pomagaj\u0105 zwi\u0119kszy\u0107 koncentracj\u0119 i czujno\u015b\u0107, zwi\u0119kszy\u0107 energi\u0119 umys\u0142ow\u0105 i wzmocni\u0107 pami\u0119\u0107.  <\/span><\/li>\n<li class=\"a-spacing-small\"><span class=\"a-list-item a-size-base\">REDUKUJE ZM\u0118CZENIE, POPRAWIA KONCENTRACJ\u0118 &#8211; Guarana, ro\u015blina pochodz\u0105ca z Amazonii, zawiera kofein\u0119, kt\u00f3ra jest bardzo skuteczna w redukcji zm\u0119czenia i poprawie koncentracji umys\u0142u. Po\u0142\u0105czenie kofeiny i teaniny okazuje si\u0119 by\u0107 bardzo skuteczne dla poprawy wydajno\u015bci poznawczej.  <\/span><\/li>\n<li class=\"a-spacing-small\"><span class=\"a-list-item a-size-base\">TYLKO NAJLEPSZE SK\u0141ADNIKI &#8211; Nasz suplement pami\u0119ci jest wykonany z ca\u0142kowicie naturalnych witamin, minera\u0142\u00f3w i ekstrakt\u00f3w zio\u0142owych, bez u\u017cycia szkodliwych dodatk\u00f3w; non-GMO i wolny od hormon\u00f3w, glutenu.  <\/span><\/li>\n<li class=\"a-spacing-small\"><span class=\"a-list-item a-size-base\">BACKED BY SCIENCE &#8211; By\u0142o bardzo ostro\u017cne w \u0142\u0105czeniu odpowiedniej ilo\u015bci ka\u017cdego sk\u0142adnika w zaawansowanej formule spreparowanej, aby pom\u00f3c wspiera\u0107 tlen i kr\u0105\u017cenie w kom\u00f3rkach m\u00f3zgowych i neuronach zaprojektowanych w celu wspierania pami\u0119ci, skupienia i jasno\u015bci.<\/span><\/li>\n<\/ul>\n<h4><strong>Lion&#8217;s Mane Mushroom Capsules &#8211; Nootropics Suplement For Improved Cognitive And Immune System Function. 5000mg.<\/strong><\/h4>\n<p>&nbsp;<\/p>\n<p><strong><span class=\"a-list-item a-size-base\">WSPOMAGA FUNKCJE POZNAWCZE  <\/span><\/strong><\/p>\n<p><span class=\"a-list-item a-size-base\">Lion&#8217;s Mane zapewnia jest sprawdzonym wzmacniaczem m\u00f3zgu, co czyni go popularnym suplementem dla tych, kt\u00f3rzy pracuj\u0105 lub ucz\u0105 si\u0119. Opr\u00f3cz zwi\u0119kszenia pami\u0119ci, nasze kapsu\u0142ki mog\u0105 pom\u00f3c w oczyszczeniu mg\u0142y umys\u0142owej, jak r\u00f3wnie\u017c zapewni\u0107 wsparcie dla m\u00f3zgu i uk\u0142adu nerwowego.<\/span><\/p>\n<p><strong>WSPOMAGA ZDROWIE STAW\u00d3W<\/strong><\/p>\n<p>Nasze sprawdzone kapsu\u0142ki skutecznie wspieraj\u0105 zdrowie staw\u00f3w, a tak\u017ce wzmacniaj\u0105 uk\u0142ad odporno\u015bciowy.<\/p>\n<p><strong>POPRAWIA ZDROWIE UK\u0141ADU ODDECHOWEGO<\/strong><\/p>\n<p>Ekstrakt z Reishi znany jest z tego, \u017ce pomaga w przewlek\u0142ych schorzeniach uk\u0142adu oddechowego.<\/p>\n<p><strong>REGULUJE HORMONY<\/strong><\/p>\n<p>Nasze kapsu\u0142ki bardzo skutecznie pomagaj\u0105 w regulacji hormon\u00f3w. R\u00f3wnowaga hormonalna jest kluczem do regulacji funkcji zmys\u0142owych, regulacji nastroju i wielu innych.<\/p>\n<p><strong>EKSTRAKT Z GRZYB\u00d3W 10:1<\/strong><\/p>\n<p>Grzyby maj\u0105 tward\u0105 \u015bcian\u0119 kom\u00f3rkow\u0105 zbudowan\u0105 z chityny, kt\u00f3r\u0105 ludzie ci\u0119\u017cko trawi\u0105. Ta \u015bciana kom\u00f3rkowa ogranicza nasz dost\u0119p do wa\u017cnych zwi\u0105zk\u00f3w leczniczych, kt\u00f3re nadaj\u0105 grzybom ich wspania\u0142e zalety.<\/p>\n<p><strong>WYPE\u0141NIACZE BEZZIARNOWE<\/strong><\/p>\n<p>Wiele produkt\u00f3w z grzyb\u00f3w leczniczych nie zawiera w rzeczywisto\u015bci \u017cadnych grzyb\u00f3w. Powstaj\u0105 one z systemu korzeniowego grzyba, zwanego grzybni\u0105, a grzybni\u0119 t\u0119 hoduje si\u0119 na ziarnach takich jak ry\u017c, owies czy sorgo.<\/p>\n<p><strong>WSPOMAGA FUNKCJE POZNAWCZE  <\/strong><\/p>\n<p>Lion&#8217;s Mane to sprawdzony booster poznawczy, kt\u00f3ry jest skuteczny w usuwaniu mg\u0142y umys\u0142owej i zapewnieniu wsparcia dla m\u00f3zgu i uk\u0142adu nerwowego.<\/p>\n<p><strong>WZMACNIA UK\u0141AD ODPORNO\u015aCIOWY  <\/strong><\/p>\n<p>Uwa\u017ca si\u0119, \u017ce grzyb Lion&#8217;s Mane poprawia funkcje odporno\u015bciowe i pobudza wzrost dobrych bakterii w jelitach.<\/p>\n<p><strong>POMAGA W NATURALNY SPOS\u00d3B ZR\u00d3WNOWA\u017bY\u0106 NASTR\u00d3J  <\/strong><\/p>\n<p>Badania wskazuj\u0105, \u017ce grzyb Lion&#8217;s Mane mo\u017ce pom\u00f3c promowa\u0107 spokojny, zrelaksowany nastr\u00f3j. Ma r\u00f3wnie\u017c w\u0142a\u015bciwo\u015bci regeneruj\u0105ce nerwy, co mo\u017ce przyczyni\u0107 si\u0119 do dobrego zdrowia serca.<\/p>\n<h4 class=\"product_title entry-title elementor-heading-title elementor-size-default\"><strong>Nootropics Cognitive Enhancer &#8211; Premium Concentration And Memory Enhancers (60 kapsu\u0142ek)<\/strong><\/h4>\n<p><strong><span class=\"a-list-item\">ZWI\u0118KSZAJ\u0104 PAMI\u0118\u0106, KONCENTRACJ\u0118 I CZUJNO\u015a\u0106  <\/span><\/strong><\/p>\n<p><span class=\"a-list-item\">Nasze kapsu\u0142ki nootropics brain boost s\u0105 wykonane z naturalnych sk\u0142adnik\u00f3w, kt\u00f3re pomagaj\u0105 zwi\u0119kszy\u0107 koncentracj\u0119 i czujno\u015b\u0107, zwi\u0119kszy\u0107 energi\u0119 umys\u0142ow\u0105 i poprawi\u0107 pami\u0119\u0107.<\/span><\/p>\n<p><strong><span class=\"a-list-item\">ZMNIEJSZA ZM\u0118CZENIE I POPRAWIA KONCENTRACJ\u0118  <\/span><\/strong><\/p>\n<p><span class=\"a-list-item\">Guarana, ro\u015blina pochodz\u0105ca z Amazonii, naturalnie zawiera kofein\u0119 i wykazuje skuteczno\u015b\u0107 w zmniejszaniu zm\u0119czenia i zwi\u0119kszaniu koncentracji umys\u0142owej. Pot\u0119\u017cne po\u0142\u0105czenie kofeiny i Teaniny jest niezwykle skuteczne w poprawie wydajno\u015bci poznawczej.<\/span><\/p>\n<p><strong><span class=\"a-list-item\">NATURALNE SK\u0141ADNIKI  <\/span><\/strong><\/p>\n<p><span class=\"a-list-item\">Nasz suplement na pami\u0119\u0107 jest wykonany z ca\u0142kowicie naturalnych witamin, minera\u0142\u00f3w i ekstrakt\u00f3w zio\u0142owych, bez u\u017cycia szkodliwych dodatk\u00f3w. Nasze suplementy s\u0105 niemodyfikowane genetycznie oraz wolne od hormon\u00f3w i glutenu.<\/span><\/p>\n<p><strong><span class=\"a-list-item\">POPARTE PRZEZ NAUK\u0118  <\/span><\/strong><\/p>\n<p><span class=\"a-list-item\">Du\u017c\u0105 uwag\u0119 po\u015bwi\u0119cono po\u0142\u0105czeniu odpowiedniej ilo\u015bci ka\u017cdego sk\u0142adnika w zaawansowan\u0105 formu\u0142\u0119. To zosta\u0142o starannie wykonane, aby pom\u00f3c wspiera\u0107 tlen i kr\u0105\u017cenie w kom\u00f3rkach m\u00f3zgowych, a neurony zaprojektowane, aby wspiera\u0107 pami\u0119\u0107, ostro\u015b\u0107 i jasno\u015b\u0107.<\/span><\/p>\n<p class=\"a-spacing-mini\"><strong>POPRAWIA NASTR\u00d3J<\/strong><\/p>\n<p class=\"a-size-small\">Nasze najwy\u017cszej jako\u015bci sk\u0142adniki wspieraj\u0105 zdrowy poziom serotoniny i dopaminy, kt\u00f3re pomagaj\u0105 utrzyma\u0107 pozytywny nastr\u00f3j.<\/p>\n","protected":false},"excerpt":{"rendered":"<p>Zestaw Mental Clarity Bundle jest \u015bwietny dla zwi\u0119kszenia koncentracji, zdrowego stylu \u017cycia i zarz\u0105dzania stresem. W sk\u0142ad pakietu wchodz\u0105 kapsu\u0142ki Lion&#8217;s Mane Mushroom Capsules, Super Mind Nootropics oraz Nootropics Cognitive Enhancers.<\/p>\n","protected":false},"featured_media":16313,"template":"","meta":{"site-sidebar-layout":"default","site-content-layout":"default","ast-site-content-layout":"default","site-content-style":"default","site-sidebar-style":"default","ast-global-header-display":"","ast-banner-title-visibility":"","ast-main-header-display":"","ast-hfb-above-header-display":"","ast-hfb-below-header-display":"","ast-hfb-mobile-header-display":"","site-post-title":"","ast-breadcrumbs-content":"","ast-featured-img":"","footer-sml-layout":"","theme-transparent-header-meta":"default","adv-header-id-meta":"","stick-header-meta":"default","header-above-stick-meta":"","header-main-stick-meta":"","header-below-stick-meta":"","astra-migrate-meta-layouts":"default","ast-page-background-enabled":"default","ast-page-background-meta":{"desktop":{"background-color":"","background-image":"","background-repeat":"repeat","background-position":"center center","background-size":"auto","background-attachment":"scroll","background-type":"","background-media":"","overlay-type":"","overlay-color":"","overlay-opacity":"","overlay-gradient":""},"tablet":{"background-color":"","background-image":"","background-repeat":"repeat","background-position":"center center","background-size":"auto","background-attachment":"scroll","background-type":"","background-media":"","overlay-type":"","overlay-color":"","overlay-opacity":"","overlay-gradient":""},"mobile":{"background-color":"","background-image":"","background-repeat":"repeat","background-position":"center center","background-size":"auto","background-attachment":"scroll","background-type":"","background-media":"","overlay-type":"","overlay-color":"","overlay-opacity":"","overlay-gradient":""}},"ast-content-background-meta":{"desktop":{"background-color":"var(--ast-global-color-5)","background-image":"","background-repeat":"repeat","background-position":"center center","background-size":"auto","background-attachment":"scroll","background-type":"","background-media":"","overlay-type":"","overlay-color":"","overlay-opacity":"","overlay-gradient":""},"tablet":{"background-color":"var(--ast-global-color-5)","background-image":"","background-repeat":"repeat","background-position":"center center","background-size":"auto","background-attachment":"scroll","background-type":"","background-media":"","overlay-type":"","overlay-color":"","overlay-opacity":"","overlay-gradient":""},"mobile":{"background-color":"var(--ast-global-color-5)","background-image":"","background-repeat":"repeat","background-position":"center center","background-size":"auto","background-attachment":"scroll","background-type":"","background-media":"","overlay-type":"","overlay-color":"","overlay-opacity":"","overlay-gradient":""}}},"product_cat":[550,567],"product_tag":[],"class_list":{"0":"post-14356","1":"product","2":"type-product","3":"status-publish","4":"has-post-thumbnail","6":"product_cat-nastroj-i-dobre-samopoczucie","7":"product_cat-wzmacniacze-mozgu","8":"has-subscription-plans","9":"desktop-align-left","10":"tablet-align-left","11":"mobile-align-left","13":"first","14":"instock","15":"taxable","16":"shipping-taxable","17":"purchasable","18":"product-type-simple"},"yoast_head":"<!-- This site is optimized with the Yoast SEO plugin v22.7 - https:\/\/yoast.com\/wordpress\/plugins\/seo\/ -->\n<title>Pakiet jasno\u015bci umys\u0142u - JeaKen<\/title>\n<meta name=\"robots\" content=\"index, follow, max-snippet:-1, max-image-preview:large, max-video-preview:-1\" \/>\n<link rel=\"canonical\" href=\"https:\/\/jeaken.com\/pl\/produkt\/mental-clarity-bundle\/\" \/>\n<meta property=\"og:locale\" content=\"pl_PL\" \/>\n<meta property=\"og:type\" content=\"article\" \/>\n<meta property=\"og:title\" content=\"Pakiet jasno\u015bci umys\u0142u - JeaKen\" \/>\n<meta property=\"og:description\" content=\"Zestaw Mental Clarity Bundle jest \u015bwietny dla zwi\u0119kszenia koncentracji, zdrowego stylu \u017cycia i zarz\u0105dzania stresem. W sk\u0142ad pakietu wchodz\u0105 kapsu\u0142ki Lion&#039;s Mane Mushroom Capsules, Super Mind Nootropics oraz Nootropics Cognitive Enhancers.\" \/>\n<meta property=\"og:url\" content=\"https:\/\/jeaken.com\/pl\/produkt\/mental-clarity-bundle\/\" \/>\n<meta property=\"og:site_name\" content=\"JeaKen\" \/>\n<meta property=\"article:modified_time\" content=\"2023-04-06T11:30:59+00:00\" \/>\n<meta property=\"og:image\" content=\"https:\/\/jeaken.com\/wp-content\/uploads\/2023\/03\/Combine7.jpg\" \/>\n\t<meta property=\"og:image:width\" content=\"972\" \/>\n\t<meta property=\"og:image:height\" content=\"972\" \/>\n\t<meta property=\"og:image:type\" content=\"image\/jpeg\" \/>\n<meta name=\"twitter:card\" content=\"summary_large_image\" \/>\n<script type=\"application\/ld+json\" class=\"yoast-schema-graph\">{\"@context\":\"https:\/\/schema.org\",\"@graph\":[{\"@type\":\"WebPage\",\"@id\":\"https:\/\/jeaken.com\/pl\/produkt\/mental-clarity-bundle\/\",\"url\":\"https:\/\/jeaken.com\/pl\/produkt\/mental-clarity-bundle\/\",\"name\":\"Pakiet jasno\u015bci umys\u0142u - JeaKen\",\"isPartOf\":{\"@id\":\"https:\/\/jeaken.com\/pl\/#website\"},\"primaryImageOfPage\":{\"@id\":\"https:\/\/jeaken.com\/pl\/produkt\/mental-clarity-bundle\/#primaryimage\"},\"image\":{\"@id\":\"https:\/\/jeaken.com\/pl\/produkt\/mental-clarity-bundle\/#primaryimage\"},\"thumbnailUrl\":\"https:\/\/jeaken.com\/wp-content\/uploads\/2023\/03\/Combine7.jpg\",\"datePublished\":\"2023-03-16T10:28:24+00:00\",\"dateModified\":\"2023-04-06T11:30:59+00:00\",\"breadcrumb\":{\"@id\":\"https:\/\/jeaken.com\/pl\/produkt\/mental-clarity-bundle\/#breadcrumb\"},\"inLanguage\":\"pl-PL\",\"potentialAction\":[{\"@type\":\"ReadAction\",\"target\":[\"https:\/\/jeaken.com\/pl\/produkt\/mental-clarity-bundle\/\"]}]},{\"@type\":\"ImageObject\",\"inLanguage\":\"pl-PL\",\"@id\":\"https:\/\/jeaken.com\/pl\/produkt\/mental-clarity-bundle\/#primaryimage\",\"url\":\"https:\/\/jeaken.com\/wp-content\/uploads\/2023\/03\/Combine7.jpg\",\"contentUrl\":\"https:\/\/jeaken.com\/wp-content\/uploads\/2023\/03\/Combine7.jpg\",\"width\":972,\"height\":972,\"caption\":\"Mental Clarity Bundle\"},{\"@type\":\"BreadcrumbList\",\"@id\":\"https:\/\/jeaken.com\/pl\/produkt\/mental-clarity-bundle\/#breadcrumb\",\"itemListElement\":[{\"@type\":\"ListItem\",\"position\":1,\"name\":\"Home\",\"item\":\"https:\/\/jeaken.com\/pl\/\"},{\"@type\":\"ListItem\",\"position\":2,\"name\":\"Private: Shop\",\"item\":\"https:\/\/jeaken.com\/shop\/\"},{\"@type\":\"ListItem\",\"position\":3,\"name\":\"Pakiet jasno\u015bci umys\u0142u\"}]},{\"@type\":\"WebSite\",\"@id\":\"https:\/\/jeaken.com\/pl\/#website\",\"url\":\"https:\/\/jeaken.com\/pl\/\",\"name\":\"JeaKen\",\"description\":\"Organic Supplements for Health, Fitness and Nutrition\",\"publisher\":{\"@id\":\"https:\/\/jeaken.com\/pl\/#organization\"},\"potentialAction\":[{\"@type\":\"SearchAction\",\"target\":{\"@type\":\"EntryPoint\",\"urlTemplate\":\"https:\/\/jeaken.com\/pl\/?s={search_term_string}\"},\"query-input\":\"required name=search_term_string\"}],\"inLanguage\":\"pl-PL\"},{\"@type\":\"Organization\",\"@id\":\"https:\/\/jeaken.com\/pl\/#organization\",\"name\":\"JeaKen\",\"url\":\"https:\/\/jeaken.com\/pl\/\",\"logo\":{\"@type\":\"ImageObject\",\"inLanguage\":\"pl-PL\",\"@id\":\"https:\/\/jeaken.com\/pl\/#\/schema\/logo\/image\/\",\"url\":\"https:\/\/jeaken.com\/wp-content\/uploads\/2022\/06\/jeaken-logo-23.png\",\"contentUrl\":\"https:\/\/jeaken.com\/wp-content\/uploads\/2022\/06\/jeaken-logo-23.png\",\"width\":2486,\"height\":736,\"caption\":\"JeaKen\"},\"image\":{\"@id\":\"https:\/\/jeaken.com\/pl\/#\/schema\/logo\/image\/\"}}]}<\/script>\n<!-- \/ Yoast SEO plugin. -->","yoast_head_json":{"title":"Pakiet jasno\u015bci umys\u0142u - JeaKen","robots":{"index":"index","follow":"follow","max-snippet":"max-snippet:-1","max-image-preview":"max-image-preview:large","max-video-preview":"max-video-preview:-1"},"canonical":"https:\/\/jeaken.com\/pl\/produkt\/mental-clarity-bundle\/","og_locale":"pl_PL","og_type":"article","og_title":"Pakiet jasno\u015bci umys\u0142u - JeaKen","og_description":"Zestaw Mental Clarity Bundle jest \u015bwietny dla zwi\u0119kszenia koncentracji, zdrowego stylu \u017cycia i zarz\u0105dzania stresem. W sk\u0142ad pakietu wchodz\u0105 kapsu\u0142ki Lion's Mane Mushroom Capsules, Super Mind Nootropics oraz Nootropics Cognitive Enhancers.","og_url":"https:\/\/jeaken.com\/pl\/produkt\/mental-clarity-bundle\/","og_site_name":"JeaKen","article_modified_time":"2023-04-06T11:30:59+00:00","og_image":[{"width":972,"height":972,"url":"https:\/\/jeaken.com\/wp-content\/uploads\/2023\/03\/Combine7.jpg","type":"image\/jpeg"}],"twitter_card":"summary_large_image","schema":{"@context":"https:\/\/schema.org","@graph":[{"@type":"WebPage","@id":"https:\/\/jeaken.com\/pl\/produkt\/mental-clarity-bundle\/","url":"https:\/\/jeaken.com\/pl\/produkt\/mental-clarity-bundle\/","name":"Pakiet jasno\u015bci umys\u0142u - JeaKen","isPartOf":{"@id":"https:\/\/jeaken.com\/pl\/#website"},"primaryImageOfPage":{"@id":"https:\/\/jeaken.com\/pl\/produkt\/mental-clarity-bundle\/#primaryimage"},"image":{"@id":"https:\/\/jeaken.com\/pl\/produkt\/mental-clarity-bundle\/#primaryimage"},"thumbnailUrl":"https:\/\/jeaken.com\/wp-content\/uploads\/2023\/03\/Combine7.jpg","datePublished":"2023-03-16T10:28:24+00:00","dateModified":"2023-04-06T11:30:59+00:00","breadcrumb":{"@id":"https:\/\/jeaken.com\/pl\/produkt\/mental-clarity-bundle\/#breadcrumb"},"inLanguage":"pl-PL","potentialAction":[{"@type":"ReadAction","target":["https:\/\/jeaken.com\/pl\/produkt\/mental-clarity-bundle\/"]}]},{"@type":"ImageObject","inLanguage":"pl-PL","@id":"https:\/\/jeaken.com\/pl\/produkt\/mental-clarity-bundle\/#primaryimage","url":"https:\/\/jeaken.com\/wp-content\/uploads\/2023\/03\/Combine7.jpg","contentUrl":"https:\/\/jeaken.com\/wp-content\/uploads\/2023\/03\/Combine7.jpg","width":972,"height":972,"caption":"Mental Clarity Bundle"},{"@type":"BreadcrumbList","@id":"https:\/\/jeaken.com\/pl\/produkt\/mental-clarity-bundle\/#breadcrumb","itemListElement":[{"@type":"ListItem","position":1,"name":"Home","item":"https:\/\/jeaken.com\/pl\/"},{"@type":"ListItem","position":2,"name":"Private: Shop","item":"https:\/\/jeaken.com\/shop\/"},{"@type":"ListItem","position":3,"name":"Pakiet jasno\u015bci umys\u0142u"}]},{"@type":"WebSite","@id":"https:\/\/jeaken.com\/pl\/#website","url":"https:\/\/jeaken.com\/pl\/","name":"JeaKen","description":"Organic Supplements for Health, Fitness and Nutrition","publisher":{"@id":"https:\/\/jeaken.com\/pl\/#organization"},"potentialAction":[{"@type":"SearchAction","target":{"@type":"EntryPoint","urlTemplate":"https:\/\/jeaken.com\/pl\/?s={search_term_string}"},"query-input":"required name=search_term_string"}],"inLanguage":"pl-PL"},{"@type":"Organization","@id":"https:\/\/jeaken.com\/pl\/#organization","name":"JeaKen","url":"https:\/\/jeaken.com\/pl\/","logo":{"@type":"ImageObject","inLanguage":"pl-PL","@id":"https:\/\/jeaken.com\/pl\/#\/schema\/logo\/image\/","url":"https:\/\/jeaken.com\/wp-content\/uploads\/2022\/06\/jeaken-logo-23.png","contentUrl":"https:\/\/jeaken.com\/wp-content\/uploads\/2022\/06\/jeaken-logo-23.png","width":2486,"height":736,"caption":"JeaKen"},"image":{"@id":"https:\/\/jeaken.com\/pl\/#\/schema\/logo\/image\/"}}]}},"jetpack_sharing_enabled":true,"_links":{"self":[{"href":"https:\/\/jeaken.com\/pl\/wp-json\/wp\/v2\/product\/14356","targetHints":{"allow":["GET"]}}],"collection":[{"href":"https:\/\/jeaken.com\/pl\/wp-json\/wp\/v2\/product"}],"about":[{"href":"https:\/\/jeaken.com\/pl\/wp-json\/wp\/v2\/types\/product"}],"wp:featuredmedia":[{"embeddable":true,"href":"https:\/\/jeaken.com\/pl\/wp-json\/wp\/v2\/media\/16313"}],"wp:attachment":[{"href":"https:\/\/jeaken.com\/pl\/wp-json\/wp\/v2\/media?parent=14356"}],"wp:term":[{"taxonomy":"product_cat","embeddable":true,"href":"https:\/\/jeaken.com\/pl\/wp-json\/wp\/v2\/product_cat?post=14356"},{"taxonomy":"product_tag","embeddable":true,"href":"https:\/\/jeaken.com\/pl\/wp-json\/wp\/v2\/product_tag?post=14356"}],"curies":[{"name":"wp","href":"https:\/\/api.w.org\/{rel}","templated":true}]}}