{"id":8883,"date":"2022-07-21T19:18:16","date_gmt":"2022-07-21T18:18:16","guid":{"rendered":"https:\/product\/cordyceps-paddenstoel-capsules-voor-een-verbeterd-uithoudingsvermogen-en-de-verlichting-van-angst-en-stress-60-capsules\/"},"modified":"2022-09-18T20:35:08","modified_gmt":"2022-09-18T19:35:08","slug":"cordyceps-paddenstoel-capsules-voor-een-verbeterd-uithoudingsvermogen-en-de-verlichting-van-angst-en-stress-60-capsules","status":"publish","type":"product","link":"https:\/\/jeaken.com\/nl\/product\/cordyceps-paddenstoel-capsules-voor-een-verbeterd-uithoudingsvermogen-en-de-verlichting-van-angst-en-stress-60-capsules\/","title":{"rendered":"Cordyceps Paddenstoel Capsules &#8211; Voor een verbeterd uithoudingsvermogen en de verlichting van angst en stress (60 Capsules)"},"content":{"rendered":"<p><strong><span class=\"a-list-item\">100% NATUURLIJKE PADDENSTOELEN  <\/span><\/strong><\/p>\n<p><span class=\"a-list-item\">Dit supplement is uitsluitend gemaakt van 100% cordyceps militaris paddenstoelen. De vruchtlichamen worden gekweekt om het best mogelijke cordyceps extract te verkrijgen, en de paddenstoelen ondergaan een heetwaterextractie om de heilzame betaglucaan en cordycepine verbindingen te verkrijgen. Wij voegen geen mycelium, zetmeel, granen of vulstoffen toe aan onze producten.  <\/span><\/p>\n<p><strong><span class=\"a-list-item\">VERBETERT DE ENERGIE EN VERHOOGT DE IMMUNITEIT  <\/span><\/strong><\/p>\n<p><span class=\"a-list-item\">Door de hoeveelheid zuurstof te verhogen, verhoogt Cordyceps Extract aanzienlijk de energie en immuniteit. Cordyceps stimuleert ook direct de eerste verdedigingslinie van het lichaam tegen infecties en een breed scala aan kwalen.<\/span><\/p>\n<p><strong><span class=\"a-list-item\">VERLICHT STRESS EN ANGST  <\/span><\/strong><\/p>\n<p><span class=\"a-list-item\">Door zijn vermogen om de ATP productie te verhogen is Cordyceps een van de meest effectieve adaptogene paddenstoelen voor de verlichting van de symptomen van angst en stress.<\/span><\/p>\n<p><strong><span class=\"a-list-item\">HELPT DE BLOEDSUIKERSPIEGEL TE REGULEREN  <\/span><\/strong><\/p>\n<p><span class=\"a-list-item\">  Een aantal klinische studies hebben het potentieel van Cordyceps poeder als bloedsuiker regulator aangetoond. In \u00e9\u00e9n studie vertoonde 95% van de met Cordyceps behandelde pati\u00ebnten een verbetering van hun bloedsuikerprofiel, vergeleken met een verbetering van 54% in de controlegroep.<\/span><\/p>\n<p>&nbsp;<\/p>\n","protected":false},"excerpt":{"rendered":"<h4>Een natuurlijke en effectieve manier om de immuniteit te verhogen, de energie te verhogen en stress te verminderen.<\/h4>\n<p>&nbsp;<\/p>\n","protected":false},"featured_media":15548,"template":"","meta":{"site-sidebar-layout":"default","site-content-layout":"default","ast-site-content-layout":"default","site-content-style":"default","site-sidebar-style":"default","ast-global-header-display":"","ast-banner-title-visibility":"","ast-main-header-display":"","ast-hfb-above-header-display":"","ast-hfb-below-header-display":"","ast-hfb-mobile-header-display":"","site-post-title":"","ast-breadcrumbs-content":"","ast-featured-img":"","footer-sml-layout":"","theme-transparent-header-meta":"default","adv-header-id-meta":"","stick-header-meta":"default","header-above-stick-meta":"","header-main-stick-meta":"","header-below-stick-meta":"","astra-migrate-meta-layouts":"default","ast-page-background-enabled":"default","ast-page-background-meta":{"desktop":{"background-color":"","background-image":"","background-repeat":"repeat","background-position":"center center","background-size":"auto","background-attachment":"scroll","background-type":"","background-media":"","overlay-type":"","overlay-color":"","overlay-opacity":"","overlay-gradient":""},"tablet":{"background-color":"","background-image":"","background-repeat":"repeat","background-position":"center center","background-size":"auto","background-attachment":"scroll","background-type":"","background-media":"","overlay-type":"","overlay-color":"","overlay-opacity":"","overlay-gradient":""},"mobile":{"background-color":"","background-image":"","background-repeat":"repeat","background-position":"center center","background-size":"auto","background-attachment":"scroll","background-type":"","background-media":"","overlay-type":"","overlay-color":"","overlay-opacity":"","overlay-gradient":""}},"ast-content-background-meta":{"desktop":{"background-color":"var(--ast-global-color-5)","background-image":"","background-repeat":"repeat","background-position":"center center","background-size":"auto","background-attachment":"scroll","background-type":"","background-media":"","overlay-type":"","overlay-color":"","overlay-opacity":"","overlay-gradient":""},"tablet":{"background-color":"var(--ast-global-color-5)","background-image":"","background-repeat":"repeat","background-position":"center center","background-size":"auto","background-attachment":"scroll","background-type":"","background-media":"","overlay-type":"","overlay-color":"","overlay-opacity":"","overlay-gradient":""},"mobile":{"background-color":"var(--ast-global-color-5)","background-image":"","background-repeat":"repeat","background-position":"center center","background-size":"auto","background-attachment":"scroll","background-type":"","background-media":"","overlay-type":"","overlay-color":"","overlay-opacity":"","overlay-gradient":""}}},"product_cat":[564,502,497,505,966],"product_tag":[1844,1849,1852,1856,1860,1864,1867,1871,1875,1878],"class_list":{"0":"post-8883","1":"product","2":"type-product","3":"status-publish","4":"has-post-thumbnail","6":"product_cat-immuun-gezondheid","7":"product_cat-sportvoeding","8":"product_cat-stemming-welzijn","9":"product_cat-vermoeidheid","10":"product_cat-vruchtbaarheid","11":"product_tag-cordyceps-capsules-nl","12":"product_tag-cordyceps-extract-nl","13":"product_tag-cordyceps-paddestoel-capsules","14":"product_tag-cordyceps-poeder","15":"product_tag-cordyceps-sinensis-nl","16":"product_tag-ganoderma-lucidum-nl","17":"product_tag-lions-mane-mushroom-poeder","18":"product_tag-rhodiola-rosea-capsules-nl","19":"product_tag-supplement-voor-stressvermindering","20":"product_tag-supplementen-voor-angst","21":"has-subscription-plans","22":"desktop-align-left","23":"tablet-align-left","24":"mobile-align-left","26":"first","27":"instock","28":"taxable","29":"shipping-taxable","30":"purchasable","31":"product-type-simple"},"yoast_head":"<!-- This site is optimized with the Yoast SEO plugin v22.7 - https:\/\/yoast.com\/wordpress\/plugins\/seo\/ -->\n<title>Cordyceps Paddenstoel Capsules - Voor een verbeterd uithoudingsvermogen en de verlichting van angst en stress (60 Capsules) - JeaKen<\/title>\n<meta name=\"robots\" content=\"index, follow, max-snippet:-1, max-image-preview:large, max-video-preview:-1\" \/>\n<link rel=\"canonical\" href=\"https:\/\/jeaken.com\/nl\/product\/cordyceps-paddenstoel-capsules-voor-een-verbeterd-uithoudingsvermogen-en-de-verlichting-van-angst-en-stress-60-capsules\/\" \/>\n<meta property=\"og:locale\" content=\"nl_NL\" \/>\n<meta property=\"og:type\" content=\"article\" \/>\n<meta property=\"og:title\" content=\"Cordyceps Paddenstoel Capsules - Voor een verbeterd uithoudingsvermogen en de verlichting van angst en stress (60 Capsules) - JeaKen\" \/>\n<meta property=\"og:description\" content=\"Een natuurlijke en effectieve manier om de immuniteit te verhogen, de energie te verhogen en stress te verminderen. &nbsp;\" \/>\n<meta property=\"og:url\" content=\"https:\/\/jeaken.com\/nl\/product\/cordyceps-paddenstoel-capsules-voor-een-verbeterd-uithoudingsvermogen-en-de-verlichting-van-angst-en-stress-60-capsules\/\" \/>\n<meta property=\"og:site_name\" content=\"JeaKen\" \/>\n<meta property=\"article:modified_time\" content=\"2022-09-18T19:35:08+00:00\" \/>\n<meta property=\"og:image\" content=\"https:\/\/jeaken.com\/wp-content\/uploads\/2022\/07\/Cordyceps-1.jpg\" \/>\n\t<meta property=\"og:image:width\" content=\"512\" \/>\n\t<meta property=\"og:image:height\" content=\"600\" \/>\n\t<meta property=\"og:image:type\" content=\"image\/jpeg\" \/>\n<meta name=\"twitter:card\" content=\"summary_large_image\" \/>\n<meta name=\"twitter:label1\" content=\"Est. reading time\" \/>\n\t<meta name=\"twitter:data1\" content=\"1 minute\" \/>\n<script type=\"application\/ld+json\" class=\"yoast-schema-graph\">{\"@context\":\"https:\/\/schema.org\",\"@graph\":[{\"@type\":\"WebPage\",\"@id\":\"https:\/\/jeaken.com\/nl\/product\/cordyceps-paddenstoel-capsules-voor-een-verbeterd-uithoudingsvermogen-en-de-verlichting-van-angst-en-stress-60-capsules\/\",\"url\":\"https:\/\/jeaken.com\/nl\/product\/cordyceps-paddenstoel-capsules-voor-een-verbeterd-uithoudingsvermogen-en-de-verlichting-van-angst-en-stress-60-capsules\/\",\"name\":\"Cordyceps Paddenstoel Capsules - Voor een verbeterd uithoudingsvermogen en de verlichting van angst en stress (60 Capsules) - JeaKen\",\"isPartOf\":{\"@id\":\"https:\/\/jeaken.com\/nl\/#website\"},\"primaryImageOfPage\":{\"@id\":\"https:\/\/jeaken.com\/nl\/product\/cordyceps-paddenstoel-capsules-voor-een-verbeterd-uithoudingsvermogen-en-de-verlichting-van-angst-en-stress-60-capsules\/#primaryimage\"},\"image\":{\"@id\":\"https:\/\/jeaken.com\/nl\/product\/cordyceps-paddenstoel-capsules-voor-een-verbeterd-uithoudingsvermogen-en-de-verlichting-van-angst-en-stress-60-capsules\/#primaryimage\"},\"thumbnailUrl\":\"https:\/\/jeaken.com\/wp-content\/uploads\/2022\/07\/Cordyceps-1.jpg\",\"datePublished\":\"2022-07-21T18:18:16+00:00\",\"dateModified\":\"2022-09-18T19:35:08+00:00\",\"breadcrumb\":{\"@id\":\"https:\/\/jeaken.com\/nl\/product\/cordyceps-paddenstoel-capsules-voor-een-verbeterd-uithoudingsvermogen-en-de-verlichting-van-angst-en-stress-60-capsules\/#breadcrumb\"},\"inLanguage\":\"nl-NL\",\"potentialAction\":[{\"@type\":\"ReadAction\",\"target\":[\"https:\/\/jeaken.com\/nl\/product\/cordyceps-paddenstoel-capsules-voor-een-verbeterd-uithoudingsvermogen-en-de-verlichting-van-angst-en-stress-60-capsules\/\"]}]},{\"@type\":\"ImageObject\",\"inLanguage\":\"nl-NL\",\"@id\":\"https:\/\/jeaken.com\/nl\/product\/cordyceps-paddenstoel-capsules-voor-een-verbeterd-uithoudingsvermogen-en-de-verlichting-van-angst-en-stress-60-capsules\/#primaryimage\",\"url\":\"https:\/\/jeaken.com\/wp-content\/uploads\/2022\/07\/Cordyceps-1.jpg\",\"contentUrl\":\"https:\/\/jeaken.com\/wp-content\/uploads\/2022\/07\/Cordyceps-1.jpg\",\"width\":512,\"height\":600,\"caption\":\"Cordyceps Mushroom Capsules\"},{\"@type\":\"BreadcrumbList\",\"@id\":\"https:\/\/jeaken.com\/nl\/product\/cordyceps-paddenstoel-capsules-voor-een-verbeterd-uithoudingsvermogen-en-de-verlichting-van-angst-en-stress-60-capsules\/#breadcrumb\",\"itemListElement\":[{\"@type\":\"ListItem\",\"position\":1,\"name\":\"Home\",\"item\":\"https:\/\/jeaken.com\/nl\/\"},{\"@type\":\"ListItem\",\"position\":2,\"name\":\"Private: Shop\",\"item\":\"https:\/\/jeaken.com\/shop\/\"},{\"@type\":\"ListItem\",\"position\":3,\"name\":\"Cordyceps Paddenstoel Capsules &#8211; Voor een verbeterd uithoudingsvermogen en de verlichting van angst en stress (60 Capsules)\"}]},{\"@type\":\"WebSite\",\"@id\":\"https:\/\/jeaken.com\/nl\/#website\",\"url\":\"https:\/\/jeaken.com\/nl\/\",\"name\":\"JeaKen\",\"description\":\"Organic Supplements for Health, Fitness and Nutrition\",\"publisher\":{\"@id\":\"https:\/\/jeaken.com\/nl\/#organization\"},\"potentialAction\":[{\"@type\":\"SearchAction\",\"target\":{\"@type\":\"EntryPoint\",\"urlTemplate\":\"https:\/\/jeaken.com\/nl\/?s={search_term_string}\"},\"query-input\":\"required name=search_term_string\"}],\"inLanguage\":\"nl-NL\"},{\"@type\":\"Organization\",\"@id\":\"https:\/\/jeaken.com\/nl\/#organization\",\"name\":\"JeaKen\",\"url\":\"https:\/\/jeaken.com\/nl\/\",\"logo\":{\"@type\":\"ImageObject\",\"inLanguage\":\"nl-NL\",\"@id\":\"https:\/\/jeaken.com\/nl\/#\/schema\/logo\/image\/\",\"url\":\"https:\/\/jeaken.com\/wp-content\/uploads\/2022\/06\/jeaken-logo-23.png\",\"contentUrl\":\"https:\/\/jeaken.com\/wp-content\/uploads\/2022\/06\/jeaken-logo-23.png\",\"width\":2486,\"height\":736,\"caption\":\"JeaKen\"},\"image\":{\"@id\":\"https:\/\/jeaken.com\/nl\/#\/schema\/logo\/image\/\"}}]}<\/script>\n<!-- \/ Yoast SEO plugin. -->","yoast_head_json":{"title":"Cordyceps Paddenstoel Capsules - Voor een verbeterd uithoudingsvermogen en de verlichting van angst en stress (60 Capsules) - JeaKen","robots":{"index":"index","follow":"follow","max-snippet":"max-snippet:-1","max-image-preview":"max-image-preview:large","max-video-preview":"max-video-preview:-1"},"canonical":"https:\/\/jeaken.com\/nl\/product\/cordyceps-paddenstoel-capsules-voor-een-verbeterd-uithoudingsvermogen-en-de-verlichting-van-angst-en-stress-60-capsules\/","og_locale":"nl_NL","og_type":"article","og_title":"Cordyceps Paddenstoel Capsules - Voor een verbeterd uithoudingsvermogen en de verlichting van angst en stress (60 Capsules) - JeaKen","og_description":"Een natuurlijke en effectieve manier om de immuniteit te verhogen, de energie te verhogen en stress te verminderen. &nbsp;","og_url":"https:\/\/jeaken.com\/nl\/product\/cordyceps-paddenstoel-capsules-voor-een-verbeterd-uithoudingsvermogen-en-de-verlichting-van-angst-en-stress-60-capsules\/","og_site_name":"JeaKen","article_modified_time":"2022-09-18T19:35:08+00:00","og_image":[{"width":512,"height":600,"url":"https:\/\/jeaken.com\/wp-content\/uploads\/2022\/07\/Cordyceps-1.jpg","type":"image\/jpeg"}],"twitter_card":"summary_large_image","twitter_misc":{"Est. reading time":"1 minute"},"schema":{"@context":"https:\/\/schema.org","@graph":[{"@type":"WebPage","@id":"https:\/\/jeaken.com\/nl\/product\/cordyceps-paddenstoel-capsules-voor-een-verbeterd-uithoudingsvermogen-en-de-verlichting-van-angst-en-stress-60-capsules\/","url":"https:\/\/jeaken.com\/nl\/product\/cordyceps-paddenstoel-capsules-voor-een-verbeterd-uithoudingsvermogen-en-de-verlichting-van-angst-en-stress-60-capsules\/","name":"Cordyceps Paddenstoel Capsules - Voor een verbeterd uithoudingsvermogen en de verlichting van angst en stress (60 Capsules) - JeaKen","isPartOf":{"@id":"https:\/\/jeaken.com\/nl\/#website"},"primaryImageOfPage":{"@id":"https:\/\/jeaken.com\/nl\/product\/cordyceps-paddenstoel-capsules-voor-een-verbeterd-uithoudingsvermogen-en-de-verlichting-van-angst-en-stress-60-capsules\/#primaryimage"},"image":{"@id":"https:\/\/jeaken.com\/nl\/product\/cordyceps-paddenstoel-capsules-voor-een-verbeterd-uithoudingsvermogen-en-de-verlichting-van-angst-en-stress-60-capsules\/#primaryimage"},"thumbnailUrl":"https:\/\/jeaken.com\/wp-content\/uploads\/2022\/07\/Cordyceps-1.jpg","datePublished":"2022-07-21T18:18:16+00:00","dateModified":"2022-09-18T19:35:08+00:00","breadcrumb":{"@id":"https:\/\/jeaken.com\/nl\/product\/cordyceps-paddenstoel-capsules-voor-een-verbeterd-uithoudingsvermogen-en-de-verlichting-van-angst-en-stress-60-capsules\/#breadcrumb"},"inLanguage":"nl-NL","potentialAction":[{"@type":"ReadAction","target":["https:\/\/jeaken.com\/nl\/product\/cordyceps-paddenstoel-capsules-voor-een-verbeterd-uithoudingsvermogen-en-de-verlichting-van-angst-en-stress-60-capsules\/"]}]},{"@type":"ImageObject","inLanguage":"nl-NL","@id":"https:\/\/jeaken.com\/nl\/product\/cordyceps-paddenstoel-capsules-voor-een-verbeterd-uithoudingsvermogen-en-de-verlichting-van-angst-en-stress-60-capsules\/#primaryimage","url":"https:\/\/jeaken.com\/wp-content\/uploads\/2022\/07\/Cordyceps-1.jpg","contentUrl":"https:\/\/jeaken.com\/wp-content\/uploads\/2022\/07\/Cordyceps-1.jpg","width":512,"height":600,"caption":"Cordyceps Mushroom Capsules"},{"@type":"BreadcrumbList","@id":"https:\/\/jeaken.com\/nl\/product\/cordyceps-paddenstoel-capsules-voor-een-verbeterd-uithoudingsvermogen-en-de-verlichting-van-angst-en-stress-60-capsules\/#breadcrumb","itemListElement":[{"@type":"ListItem","position":1,"name":"Home","item":"https:\/\/jeaken.com\/nl\/"},{"@type":"ListItem","position":2,"name":"Private: Shop","item":"https:\/\/jeaken.com\/shop\/"},{"@type":"ListItem","position":3,"name":"Cordyceps Paddenstoel Capsules &#8211; Voor een verbeterd uithoudingsvermogen en de verlichting van angst en stress (60 Capsules)"}]},{"@type":"WebSite","@id":"https:\/\/jeaken.com\/nl\/#website","url":"https:\/\/jeaken.com\/nl\/","name":"JeaKen","description":"Organic Supplements for Health, Fitness and Nutrition","publisher":{"@id":"https:\/\/jeaken.com\/nl\/#organization"},"potentialAction":[{"@type":"SearchAction","target":{"@type":"EntryPoint","urlTemplate":"https:\/\/jeaken.com\/nl\/?s={search_term_string}"},"query-input":"required name=search_term_string"}],"inLanguage":"nl-NL"},{"@type":"Organization","@id":"https:\/\/jeaken.com\/nl\/#organization","name":"JeaKen","url":"https:\/\/jeaken.com\/nl\/","logo":{"@type":"ImageObject","inLanguage":"nl-NL","@id":"https:\/\/jeaken.com\/nl\/#\/schema\/logo\/image\/","url":"https:\/\/jeaken.com\/wp-content\/uploads\/2022\/06\/jeaken-logo-23.png","contentUrl":"https:\/\/jeaken.com\/wp-content\/uploads\/2022\/06\/jeaken-logo-23.png","width":2486,"height":736,"caption":"JeaKen"},"image":{"@id":"https:\/\/jeaken.com\/nl\/#\/schema\/logo\/image\/"}}]}},"jetpack_sharing_enabled":true,"_links":{"self":[{"href":"https:\/\/jeaken.com\/nl\/wp-json\/wp\/v2\/product\/8883","targetHints":{"allow":["GET"]}}],"collection":[{"href":"https:\/\/jeaken.com\/nl\/wp-json\/wp\/v2\/product"}],"about":[{"href":"https:\/\/jeaken.com\/nl\/wp-json\/wp\/v2\/types\/product"}],"wp:featuredmedia":[{"embeddable":true,"href":"https:\/\/jeaken.com\/nl\/wp-json\/wp\/v2\/media\/15548"}],"wp:attachment":[{"href":"https:\/\/jeaken.com\/nl\/wp-json\/wp\/v2\/media?parent=8883"}],"wp:term":[{"taxonomy":"product_cat","embeddable":true,"href":"https:\/\/jeaken.com\/nl\/wp-json\/wp\/v2\/product_cat?post=8883"},{"taxonomy":"product_tag","embeddable":true,"href":"https:\/\/jeaken.com\/nl\/wp-json\/wp\/v2\/product_tag?post=8883"}],"curies":[{"name":"wp","href":"https:\/\/api.w.org\/{rel}","templated":true}]}}