{"id":8802,"date":"2022-07-21T19:18:16","date_gmt":"2022-07-21T18:18:16","guid":{"rendered":"https:\/product\/nootropics-cognitive-enchancer-miglioratore-della-concentrazione-e-della-memoria-60-capsule\/"},"modified":"2022-09-08T15:51:24","modified_gmt":"2022-09-08T14:51:24","slug":"nootropics-cognitive-enchancer-miglioratore-della-concentrazione-e-della-memoria-60-capsule","status":"publish","type":"product","link":"https:\/\/jeaken.com\/it\/prodotto\/nootropics-cognitive-enchancer-miglioratore-della-concentrazione-e-della-memoria-60-capsule\/","title":{"rendered":"Nootropics Cognitive Enchancer &#8211; Miglioratore della concentrazione e della memoria (60 capsule)"},"content":{"rendered":"<p><strong><span class=\"a-list-item\">AUMENTA LA MEMORIA, LA CONCENTRAZIONE E LA PRONTEZZA DI RIFLESSI  <\/span><\/strong><\/p>\n<p><span class=\"a-list-item\">Le nostre capsule nootropiche per il potenziamento del cervello sono composte da ingredienti naturali che aiutano ad aumentare la concentrazione e la vigilanza, a potenziare l&#8217;energia mentale e a migliorare la memoria.<\/span><\/p>\n<p><strong><span class=\"a-list-item\">RIDUCE LA STANCHEZZA E MIGLIORA LA CONCENTRAZIONE  <\/span><\/strong><\/p>\n<p><span class=\"a-list-item\">Il guaran\u00e0, una pianta originaria dell&#8217;Amazzonia, contiene naturalmente caffeina e si \u00e8 dimostrato efficace nel ridurre la stanchezza e nel migliorare la concentrazione mentale. La potente combinazione di caffeina e teanina \u00e8 estremamente efficace per migliorare le prestazioni cognitive.<\/span><\/p>\n<p><strong><span class=\"a-list-item\">INGREDIENTI NATURALI  <\/span><\/strong><\/p>\n<p><span class=\"a-list-item\">Il nostro integratore per la memoria \u00e8 composto da vitamine, minerali ed estratti di erbe completamente naturali, senza l&#8217;uso di additivi dannosi. I nostri integratori sono non OGM e privi di ormoni e glutine.<\/span><\/p>\n<p><strong><span class=\"a-list-item\">SUPPORTATO DALLA SCIENZA  <\/span><\/strong><\/p>\n<p><span class=\"a-list-item\">\u00c8 stata posta grande attenzione nel combinare la giusta quantit\u00e0 di ogni ingrediente in una formula avanzata. \u00c8 stato accuratamente studiato per favorire l&#8217;ossigeno e la circolazione nelle cellule cerebrali e i neuroni per favorire la memoria, la concentrazione e la lucidit\u00e0.<\/span><\/p>\n<p class=\"a-spacing-mini\"><strong>MIGLIORA L&#8217;UMORE<\/strong><\/p>\n<p class=\"a-size-small\">I nostri ingredienti di prima qualit\u00e0 favoriscono livelli sani di serotonina e dopamina, che aiutano a mantenere un umore positivo.<\/p>\n<p class=\"a-size-small\">\n","protected":false},"excerpt":{"rendered":"<h4>Integratore potente per aumentare la concentrazione, migliorare la memoria e migliorare l&#8217;umore.<\/h4>\n<p>&nbsp;<\/p>\n<p>&nbsp;<\/p>\n","protected":false},"featured_media":3788,"template":"","meta":{"site-sidebar-layout":"default","site-content-layout":"default","ast-site-content-layout":"default","site-content-style":"default","site-sidebar-style":"default","ast-global-header-display":"","ast-banner-title-visibility":"","ast-main-header-display":"","ast-hfb-above-header-display":"","ast-hfb-below-header-display":"","ast-hfb-mobile-header-display":"","site-post-title":"","ast-breadcrumbs-content":"","ast-featured-img":"","footer-sml-layout":"","theme-transparent-header-meta":"default","adv-header-id-meta":"","stick-header-meta":"default","header-above-stick-meta":"","header-main-stick-meta":"","header-below-stick-meta":"","astra-migrate-meta-layouts":"default","ast-page-background-enabled":"default","ast-page-background-meta":{"desktop":{"background-color":"","background-image":"","background-repeat":"repeat","background-position":"center center","background-size":"auto","background-attachment":"scroll","background-type":"","background-media":"","overlay-type":"","overlay-color":"","overlay-opacity":"","overlay-gradient":""},"tablet":{"background-color":"","background-image":"","background-repeat":"repeat","background-position":"center center","background-size":"auto","background-attachment":"scroll","background-type":"","background-media":"","overlay-type":"","overlay-color":"","overlay-opacity":"","overlay-gradient":""},"mobile":{"background-color":"","background-image":"","background-repeat":"repeat","background-position":"center center","background-size":"auto","background-attachment":"scroll","background-type":"","background-media":"","overlay-type":"","overlay-color":"","overlay-opacity":"","overlay-gradient":""}},"ast-content-background-meta":{"desktop":{"background-color":"var(--ast-global-color-5)","background-image":"","background-repeat":"repeat","background-position":"center center","background-size":"auto","background-attachment":"scroll","background-type":"","background-media":"","overlay-type":"","overlay-color":"","overlay-opacity":"","overlay-gradient":""},"tablet":{"background-color":"var(--ast-global-color-5)","background-image":"","background-repeat":"repeat","background-position":"center center","background-size":"auto","background-attachment":"scroll","background-type":"","background-media":"","overlay-type":"","overlay-color":"","overlay-opacity":"","overlay-gradient":""},"mobile":{"background-color":"var(--ast-global-color-5)","background-image":"","background-repeat":"repeat","background-position":"center center","background-size":"auto","background-attachment":"scroll","background-type":"","background-media":"","overlay-type":"","overlay-color":"","overlay-opacity":"","overlay-gradient":""}}},"product_cat":[596,545],"product_tag":[1817,1823,1820,1827,1816,1824,1825,1826,1397,1819,1821,1822,1815,1818],"class_list":{"0":"post-8802","1":"product","2":"type-product","3":"status-publish","4":"has-post-thumbnail","6":"product_cat-potenziatori-del-cervello","7":"product_cat-salute-del-cuore-e-del-cervello","8":"product_tag-compresse-per-il-cervello","9":"product_tag-integratore-per-la-memoria","10":"product_tag-integratori-di-dopamina","11":"product_tag-integratori-nootropici","12":"product_tag-integratori-per-il-cervello","13":"product_tag-neuro-uno","14":"product_tag-nootropi-per-il-cervello","15":"product_tag-nootropi-potenziatori-cognitivi","16":"product_tag-pillole-di-caffeina","17":"product_tag-pillole-per-la-concentrazione","18":"product_tag-pillole-per-la-concentrazione-it","19":"product_tag-pillole-per-la-memoria","20":"product_tag-potenziamento-del-cervello","21":"product_tag-vitamina-del-cervello","22":"has-subscription-plans","23":"desktop-align-left","24":"tablet-align-left","25":"mobile-align-left","27":"first","28":"outofstock","29":"taxable","30":"shipping-taxable","31":"purchasable","32":"product-type-simple"},"yoast_head":"<!-- This site is optimized with the Yoast SEO plugin v22.7 - https:\/\/yoast.com\/wordpress\/plugins\/seo\/ -->\n<title>Nootropics Cognitive Enchancer - Miglioratore della concentrazione e della memoria (60 capsule) - JeaKen<\/title>\n<meta name=\"robots\" content=\"index, follow, max-snippet:-1, max-image-preview:large, max-video-preview:-1\" \/>\n<link rel=\"canonical\" href=\"https:\/\/jeaken.com\/it\/prodotto\/nootropics-cognitive-enchancer-miglioratore-della-concentrazione-e-della-memoria-60-capsule\/\" \/>\n<meta property=\"og:locale\" content=\"it_IT\" \/>\n<meta property=\"og:type\" content=\"article\" \/>\n<meta property=\"og:title\" content=\"Nootropics Cognitive Enchancer - Miglioratore della concentrazione e della memoria (60 capsule) - JeaKen\" \/>\n<meta property=\"og:description\" content=\"Integratore potente per aumentare la concentrazione, migliorare la memoria e migliorare l&#039;umore. &nbsp; &nbsp;\" \/>\n<meta property=\"og:url\" content=\"https:\/\/jeaken.com\/it\/prodotto\/nootropics-cognitive-enchancer-miglioratore-della-concentrazione-e-della-memoria-60-capsule\/\" \/>\n<meta property=\"og:site_name\" content=\"JeaKen\" \/>\n<meta property=\"article:modified_time\" content=\"2022-09-08T14:51:24+00:00\" \/>\n<meta property=\"og:image\" content=\"https:\/\/jeaken.com\/wp-content\/uploads\/2022\/07\/71C1wDkeqPL._AC_SL1500_.jpg\" \/>\n\t<meta property=\"og:image:width\" content=\"600\" \/>\n\t<meta property=\"og:image:height\" content=\"600\" \/>\n\t<meta property=\"og:image:type\" content=\"image\/jpeg\" \/>\n<meta name=\"twitter:card\" content=\"summary_large_image\" \/>\n<meta name=\"twitter:label1\" content=\"Est. reading time\" \/>\n\t<meta name=\"twitter:data1\" content=\"1 minute\" \/>\n<script type=\"application\/ld+json\" class=\"yoast-schema-graph\">{\"@context\":\"https:\/\/schema.org\",\"@graph\":[{\"@type\":\"WebPage\",\"@id\":\"https:\/\/jeaken.com\/it\/prodotto\/nootropics-cognitive-enchancer-miglioratore-della-concentrazione-e-della-memoria-60-capsule\/\",\"url\":\"https:\/\/jeaken.com\/it\/prodotto\/nootropics-cognitive-enchancer-miglioratore-della-concentrazione-e-della-memoria-60-capsule\/\",\"name\":\"Nootropics Cognitive Enchancer - Miglioratore della concentrazione e della memoria (60 capsule) - JeaKen\",\"isPartOf\":{\"@id\":\"https:\/\/jeaken.com\/it\/#website\"},\"primaryImageOfPage\":{\"@id\":\"https:\/\/jeaken.com\/it\/prodotto\/nootropics-cognitive-enchancer-miglioratore-della-concentrazione-e-della-memoria-60-capsule\/#primaryimage\"},\"image\":{\"@id\":\"https:\/\/jeaken.com\/it\/prodotto\/nootropics-cognitive-enchancer-miglioratore-della-concentrazione-e-della-memoria-60-capsule\/#primaryimage\"},\"thumbnailUrl\":\"https:\/\/jeaken.com\/wp-content\/uploads\/2022\/07\/71C1wDkeqPL._AC_SL1500_.jpg\",\"datePublished\":\"2022-07-21T18:18:16+00:00\",\"dateModified\":\"2022-09-08T14:51:24+00:00\",\"breadcrumb\":{\"@id\":\"https:\/\/jeaken.com\/it\/prodotto\/nootropics-cognitive-enchancer-miglioratore-della-concentrazione-e-della-memoria-60-capsule\/#breadcrumb\"},\"inLanguage\":\"it-IT\",\"potentialAction\":[{\"@type\":\"ReadAction\",\"target\":[\"https:\/\/jeaken.com\/it\/prodotto\/nootropics-cognitive-enchancer-miglioratore-della-concentrazione-e-della-memoria-60-capsule\/\"]}]},{\"@type\":\"ImageObject\",\"inLanguage\":\"it-IT\",\"@id\":\"https:\/\/jeaken.com\/it\/prodotto\/nootropics-cognitive-enchancer-miglioratore-della-concentrazione-e-della-memoria-60-capsule\/#primaryimage\",\"url\":\"https:\/\/jeaken.com\/wp-content\/uploads\/2022\/07\/71C1wDkeqPL._AC_SL1500_.jpg\",\"contentUrl\":\"https:\/\/jeaken.com\/wp-content\/uploads\/2022\/07\/71C1wDkeqPL._AC_SL1500_.jpg\",\"width\":600,\"height\":600,\"caption\":\"Nootropics Cognitive Enchancer - Premium Concentration and Memory Enhancers\"},{\"@type\":\"BreadcrumbList\",\"@id\":\"https:\/\/jeaken.com\/it\/prodotto\/nootropics-cognitive-enchancer-miglioratore-della-concentrazione-e-della-memoria-60-capsule\/#breadcrumb\",\"itemListElement\":[{\"@type\":\"ListItem\",\"position\":1,\"name\":\"Home\",\"item\":\"https:\/\/jeaken.com\/it\/\"},{\"@type\":\"ListItem\",\"position\":2,\"name\":\"Private: Shop\",\"item\":\"https:\/\/jeaken.com\/shop\/\"},{\"@type\":\"ListItem\",\"position\":3,\"name\":\"Nootropics Cognitive Enchancer &#8211; Miglioratore della concentrazione e della memoria (60 capsule)\"}]},{\"@type\":\"WebSite\",\"@id\":\"https:\/\/jeaken.com\/it\/#website\",\"url\":\"https:\/\/jeaken.com\/it\/\",\"name\":\"JeaKen\",\"description\":\"Organic Supplements for Health, Fitness and Nutrition\",\"publisher\":{\"@id\":\"https:\/\/jeaken.com\/it\/#organization\"},\"potentialAction\":[{\"@type\":\"SearchAction\",\"target\":{\"@type\":\"EntryPoint\",\"urlTemplate\":\"https:\/\/jeaken.com\/it\/?s={search_term_string}\"},\"query-input\":\"required name=search_term_string\"}],\"inLanguage\":\"it-IT\"},{\"@type\":\"Organization\",\"@id\":\"https:\/\/jeaken.com\/it\/#organization\",\"name\":\"JeaKen\",\"url\":\"https:\/\/jeaken.com\/it\/\",\"logo\":{\"@type\":\"ImageObject\",\"inLanguage\":\"it-IT\",\"@id\":\"https:\/\/jeaken.com\/it\/#\/schema\/logo\/image\/\",\"url\":\"https:\/\/jeaken.com\/wp-content\/uploads\/2022\/06\/jeaken-logo-23.png\",\"contentUrl\":\"https:\/\/jeaken.com\/wp-content\/uploads\/2022\/06\/jeaken-logo-23.png\",\"width\":2486,\"height\":736,\"caption\":\"JeaKen\"},\"image\":{\"@id\":\"https:\/\/jeaken.com\/it\/#\/schema\/logo\/image\/\"}}]}<\/script>\n<!-- \/ Yoast SEO plugin. -->","yoast_head_json":{"title":"Nootropics Cognitive Enchancer - Miglioratore della concentrazione e della memoria (60 capsule) - JeaKen","robots":{"index":"index","follow":"follow","max-snippet":"max-snippet:-1","max-image-preview":"max-image-preview:large","max-video-preview":"max-video-preview:-1"},"canonical":"https:\/\/jeaken.com\/it\/prodotto\/nootropics-cognitive-enchancer-miglioratore-della-concentrazione-e-della-memoria-60-capsule\/","og_locale":"it_IT","og_type":"article","og_title":"Nootropics Cognitive Enchancer - Miglioratore della concentrazione e della memoria (60 capsule) - JeaKen","og_description":"Integratore potente per aumentare la concentrazione, migliorare la memoria e migliorare l'umore. &nbsp; &nbsp;","og_url":"https:\/\/jeaken.com\/it\/prodotto\/nootropics-cognitive-enchancer-miglioratore-della-concentrazione-e-della-memoria-60-capsule\/","og_site_name":"JeaKen","article_modified_time":"2022-09-08T14:51:24+00:00","og_image":[{"width":600,"height":600,"url":"https:\/\/jeaken.com\/wp-content\/uploads\/2022\/07\/71C1wDkeqPL._AC_SL1500_.jpg","type":"image\/jpeg"}],"twitter_card":"summary_large_image","twitter_misc":{"Est. reading time":"1 minute"},"schema":{"@context":"https:\/\/schema.org","@graph":[{"@type":"WebPage","@id":"https:\/\/jeaken.com\/it\/prodotto\/nootropics-cognitive-enchancer-miglioratore-della-concentrazione-e-della-memoria-60-capsule\/","url":"https:\/\/jeaken.com\/it\/prodotto\/nootropics-cognitive-enchancer-miglioratore-della-concentrazione-e-della-memoria-60-capsule\/","name":"Nootropics Cognitive Enchancer - Miglioratore della concentrazione e della memoria (60 capsule) - JeaKen","isPartOf":{"@id":"https:\/\/jeaken.com\/it\/#website"},"primaryImageOfPage":{"@id":"https:\/\/jeaken.com\/it\/prodotto\/nootropics-cognitive-enchancer-miglioratore-della-concentrazione-e-della-memoria-60-capsule\/#primaryimage"},"image":{"@id":"https:\/\/jeaken.com\/it\/prodotto\/nootropics-cognitive-enchancer-miglioratore-della-concentrazione-e-della-memoria-60-capsule\/#primaryimage"},"thumbnailUrl":"https:\/\/jeaken.com\/wp-content\/uploads\/2022\/07\/71C1wDkeqPL._AC_SL1500_.jpg","datePublished":"2022-07-21T18:18:16+00:00","dateModified":"2022-09-08T14:51:24+00:00","breadcrumb":{"@id":"https:\/\/jeaken.com\/it\/prodotto\/nootropics-cognitive-enchancer-miglioratore-della-concentrazione-e-della-memoria-60-capsule\/#breadcrumb"},"inLanguage":"it-IT","potentialAction":[{"@type":"ReadAction","target":["https:\/\/jeaken.com\/it\/prodotto\/nootropics-cognitive-enchancer-miglioratore-della-concentrazione-e-della-memoria-60-capsule\/"]}]},{"@type":"ImageObject","inLanguage":"it-IT","@id":"https:\/\/jeaken.com\/it\/prodotto\/nootropics-cognitive-enchancer-miglioratore-della-concentrazione-e-della-memoria-60-capsule\/#primaryimage","url":"https:\/\/jeaken.com\/wp-content\/uploads\/2022\/07\/71C1wDkeqPL._AC_SL1500_.jpg","contentUrl":"https:\/\/jeaken.com\/wp-content\/uploads\/2022\/07\/71C1wDkeqPL._AC_SL1500_.jpg","width":600,"height":600,"caption":"Nootropics Cognitive Enchancer - Premium Concentration and Memory Enhancers"},{"@type":"BreadcrumbList","@id":"https:\/\/jeaken.com\/it\/prodotto\/nootropics-cognitive-enchancer-miglioratore-della-concentrazione-e-della-memoria-60-capsule\/#breadcrumb","itemListElement":[{"@type":"ListItem","position":1,"name":"Home","item":"https:\/\/jeaken.com\/it\/"},{"@type":"ListItem","position":2,"name":"Private: Shop","item":"https:\/\/jeaken.com\/shop\/"},{"@type":"ListItem","position":3,"name":"Nootropics Cognitive Enchancer &#8211; Miglioratore della concentrazione e della memoria (60 capsule)"}]},{"@type":"WebSite","@id":"https:\/\/jeaken.com\/it\/#website","url":"https:\/\/jeaken.com\/it\/","name":"JeaKen","description":"Organic Supplements for Health, Fitness and Nutrition","publisher":{"@id":"https:\/\/jeaken.com\/it\/#organization"},"potentialAction":[{"@type":"SearchAction","target":{"@type":"EntryPoint","urlTemplate":"https:\/\/jeaken.com\/it\/?s={search_term_string}"},"query-input":"required name=search_term_string"}],"inLanguage":"it-IT"},{"@type":"Organization","@id":"https:\/\/jeaken.com\/it\/#organization","name":"JeaKen","url":"https:\/\/jeaken.com\/it\/","logo":{"@type":"ImageObject","inLanguage":"it-IT","@id":"https:\/\/jeaken.com\/it\/#\/schema\/logo\/image\/","url":"https:\/\/jeaken.com\/wp-content\/uploads\/2022\/06\/jeaken-logo-23.png","contentUrl":"https:\/\/jeaken.com\/wp-content\/uploads\/2022\/06\/jeaken-logo-23.png","width":2486,"height":736,"caption":"JeaKen"},"image":{"@id":"https:\/\/jeaken.com\/it\/#\/schema\/logo\/image\/"}}]}},"jetpack_sharing_enabled":true,"_links":{"self":[{"href":"https:\/\/jeaken.com\/it\/wp-json\/wp\/v2\/product\/8802","targetHints":{"allow":["GET"]}}],"collection":[{"href":"https:\/\/jeaken.com\/it\/wp-json\/wp\/v2\/product"}],"about":[{"href":"https:\/\/jeaken.com\/it\/wp-json\/wp\/v2\/types\/product"}],"wp:featuredmedia":[{"embeddable":true,"href":"https:\/\/jeaken.com\/it\/wp-json\/wp\/v2\/media\/3788"}],"wp:attachment":[{"href":"https:\/\/jeaken.com\/it\/wp-json\/wp\/v2\/media?parent=8802"}],"wp:term":[{"taxonomy":"product_cat","embeddable":true,"href":"https:\/\/jeaken.com\/it\/wp-json\/wp\/v2\/product_cat?post=8802"},{"taxonomy":"product_tag","embeddable":true,"href":"https:\/\/jeaken.com\/it\/wp-json\/wp\/v2\/product_tag?post=8802"}],"curies":[{"name":"wp","href":"https:\/\/api.w.org\/{rel}","templated":true}]}}