{"id":6934,"date":"2022-07-21T19:18:16","date_gmt":"2022-07-21T18:18:16","guid":{"rendered":"https:\/1658920591610?product=capsule-di-te-verde-850-mg-di-integratori-antiossidanti-per-la-perdita-di-peso-120-compresse"},"modified":"2022-08-09T15:15:59","modified_gmt":"2022-08-09T14:15:59","slug":"capsule-di-te-verde-850-mg-di-integratori-antiossidanti-per-la-perdita-di-peso-120-compresse","status":"publish","type":"product","link":"https:\/\/jeaken.com\/it\/prodotto\/capsule-di-te-verde-850-mg-di-integratori-antiossidanti-per-la-perdita-di-peso-120-compresse\/","title":{"rendered":"Capsule di t\u00e8 verde &#8211; 850 mg di integratori antiossidanti per la perdita di peso (120 compresse)"},"content":{"rendered":"<p><strong>OFFRE MOLTEPLICI BENEFICI PER LA SALUTE<\/strong><\/p>\n<p>Il t\u00e8 verde \u00e8 utilizzato nella medicina cinese da circa 4.000 anni. Offre molti potenti benefici per la salute, tra cui la riduzione del rischio di malattie cardiache e di alcuni tipi di cancro, l&#8217;aumento del rapporto tra colesterolo buono (HDL) e colesterolo cattivo (LDL) nel sangue, il potenziamento del sistema immunitario e il supporto antiossidante.<\/p>\n<p><strong>AIUTA A PERDERE PESO<\/strong><\/p>\n<p>Se associato a una dieta sana, il nostro t\u00e8 verde vegetariano funziona come un efficace aiuto per la perdita di peso, aumentando il tasso metabolico e sopprimendo l&#8217;appetito.<\/p>\n<p><strong>POTENTE ANTIOSSIDANTE NATURALE<\/strong><\/p>\n<p>L&#8217;EGCG presente nel t\u00e8 verde \u00e8 responsabile della maggior parte delle sue propriet\u00e0 antiossidanti, che impediscono ai radicali liberi di danneggiare le cellule.<\/p>\n<p><strong>MIGLIORA LA MEMORIA E LA CONCENTRAZIONE<\/strong><\/p>\n<p>Le propriet\u00e0 presenti nell&#8217;estratto di t\u00e8 verde possono contribuire ad aumentare la cognizione e la memoria, aiutandovi a rimanere acuti e concentrati per tutto il giorno.<\/p>\n","protected":false},"excerpt":{"rendered":"<h4>Soppressore dell&#8217;appetito che stimola il metabolismo, abbassa il colesterolo e potenzia il sistema immunitario.<\/h4>\n<p>&nbsp;<\/p>\n","protected":false},"featured_media":15615,"template":"","meta":{"site-sidebar-layout":"default","site-content-layout":"default","ast-site-content-layout":"default","site-content-style":"default","site-sidebar-style":"default","ast-global-header-display":"","ast-banner-title-visibility":"","ast-main-header-display":"","ast-hfb-above-header-display":"","ast-hfb-below-header-display":"","ast-hfb-mobile-header-display":"","site-post-title":"","ast-breadcrumbs-content":"","ast-featured-img":"","footer-sml-layout":"","theme-transparent-header-meta":"default","adv-header-id-meta":"","stick-header-meta":"default","header-above-stick-meta":"","header-main-stick-meta":"","header-below-stick-meta":"","astra-migrate-meta-layouts":"default","ast-page-background-enabled":"default","ast-page-background-meta":{"desktop":{"background-color":"","background-image":"","background-repeat":"repeat","background-position":"center center","background-size":"auto","background-attachment":"scroll","background-type":"","background-media":"","overlay-type":"","overlay-color":"","overlay-opacity":"","overlay-gradient":""},"tablet":{"background-color":"","background-image":"","background-repeat":"repeat","background-position":"center center","background-size":"auto","background-attachment":"scroll","background-type":"","background-media":"","overlay-type":"","overlay-color":"","overlay-opacity":"","overlay-gradient":""},"mobile":{"background-color":"","background-image":"","background-repeat":"repeat","background-position":"center center","background-size":"auto","background-attachment":"scroll","background-type":"","background-media":"","overlay-type":"","overlay-color":"","overlay-opacity":"","overlay-gradient":""}},"ast-content-background-meta":{"desktop":{"background-color":"var(--ast-global-color-5)","background-image":"","background-repeat":"repeat","background-position":"center center","background-size":"auto","background-attachment":"scroll","background-type":"","background-media":"","overlay-type":"","overlay-color":"","overlay-opacity":"","overlay-gradient":""},"tablet":{"background-color":"var(--ast-global-color-5)","background-image":"","background-repeat":"repeat","background-position":"center center","background-size":"auto","background-attachment":"scroll","background-type":"","background-media":"","overlay-type":"","overlay-color":"","overlay-opacity":"","overlay-gradient":""},"mobile":{"background-color":"var(--ast-global-color-5)","background-image":"","background-repeat":"repeat","background-position":"center center","background-size":"auto","background-attachment":"scroll","background-type":"","background-media":"","overlay-type":"","overlay-color":"","overlay-opacity":"","overlay-gradient":""}}},"product_cat":[763,576,579],"product_tag":[1399,914,1400,1411,1407,1398,1413,1421,1427,917,1409,1403,1397,916,918,919,911,912,1424,1419,1430,1404,1415],"class_list":{"0":"post-6934","1":"product","2":"type-product","3":"status-publish","4":"has-post-thumbnail","6":"product_cat-perdita-di-peso","7":"product_cat-salute-dellapparato-digerente","8":"product_cat-sollievo-dal-gonfiore","9":"product_tag-bruciatore-di-grassi","10":"product_tag-bruciatori-di-grasso-per-la-perdita-di-peso-degli-uomini","11":"product_tag-bruciatori-di-grasso-per-la-perdita-di-peso-delle-donne","12":"product_tag-capsule-di-estratto-di-te-verde","13":"product_tag-capsule-di-te-verde","14":"product_tag-compressa-di-caffeina","15":"product_tag-compresse-di-te-verde","16":"product_tag-compresse-dimagranti","17":"product_tag-compresse-per-la-perdita-di-peso","18":"product_tag-compresse-per-la-ritenzione-idrica","19":"product_tag-estratto-di-te-verde","20":"product_tag-perdita-di-grasso","21":"product_tag-pillole-di-caffeina","22":"product_tag-pillole-dimagranti","23":"product_tag-pillole-per-la-perdita-di-peso","24":"product_tag-pillole-per-la-perdita-di-peso-che-funzionano-velocemente","25":"product_tag-soppressore-dellappetito","26":"product_tag-soppressore-dellappetito-per-la-perdita-di-peso","27":"product_tag-te-dimagrante","28":"product_tag-te-matcha-it","29":"product_tag-te-per-la-perdita-di-peso","30":"product_tag-te-verde-it","31":"product_tag-te-verde-matcha-it","32":"has-subscription-plans","33":"desktop-align-left","34":"tablet-align-left","35":"mobile-align-left","37":"first","38":"instock","39":"taxable","40":"shipping-taxable","41":"purchasable","42":"product-type-simple"},"yoast_head":"<!-- This site is optimized with the Yoast SEO plugin v22.7 - https:\/\/yoast.com\/wordpress\/plugins\/seo\/ -->\n<title>Capsule di t\u00e8 verde - 850 mg di integratori antiossidanti per la perdita di peso (120 compresse) - JeaKen<\/title>\n<meta name=\"robots\" content=\"index, follow, max-snippet:-1, max-image-preview:large, max-video-preview:-1\" \/>\n<link rel=\"canonical\" href=\"https:\/\/jeaken.com\/it\/prodotto\/capsule-di-te-verde-850-mg-di-integratori-antiossidanti-per-la-perdita-di-peso-120-compresse\/\" \/>\n<meta property=\"og:locale\" content=\"it_IT\" \/>\n<meta property=\"og:type\" content=\"article\" \/>\n<meta property=\"og:title\" content=\"Capsule di t\u00e8 verde - 850 mg di integratori antiossidanti per la perdita di peso (120 compresse) - JeaKen\" \/>\n<meta property=\"og:description\" content=\"Soppressore dell&#039;appetito che stimola il metabolismo, abbassa il colesterolo e potenzia il sistema immunitario. &nbsp;\" \/>\n<meta property=\"og:url\" content=\"https:\/\/jeaken.com\/it\/prodotto\/capsule-di-te-verde-850-mg-di-integratori-antiossidanti-per-la-perdita-di-peso-120-compresse\/\" \/>\n<meta property=\"og:site_name\" content=\"JeaKen\" \/>\n<meta property=\"article:modified_time\" content=\"2022-08-09T14:15:59+00:00\" \/>\n<meta property=\"og:image\" content=\"https:\/\/jeaken.com\/wp-content\/uploads\/2022\/07\/Green-Tea.jpg\" \/>\n\t<meta property=\"og:image:width\" content=\"512\" \/>\n\t<meta property=\"og:image:height\" content=\"600\" \/>\n\t<meta property=\"og:image:type\" content=\"image\/jpeg\" \/>\n<meta name=\"twitter:card\" content=\"summary_large_image\" \/>\n<meta name=\"twitter:label1\" content=\"Est. reading time\" \/>\n\t<meta name=\"twitter:data1\" content=\"1 minute\" \/>\n<script type=\"application\/ld+json\" class=\"yoast-schema-graph\">{\"@context\":\"https:\/\/schema.org\",\"@graph\":[{\"@type\":\"WebPage\",\"@id\":\"https:\/\/jeaken.com\/it\/prodotto\/capsule-di-te-verde-850-mg-di-integratori-antiossidanti-per-la-perdita-di-peso-120-compresse\/\",\"url\":\"https:\/\/jeaken.com\/it\/prodotto\/capsule-di-te-verde-850-mg-di-integratori-antiossidanti-per-la-perdita-di-peso-120-compresse\/\",\"name\":\"Capsule di t\u00e8 verde - 850 mg di integratori antiossidanti per la perdita di peso (120 compresse) - JeaKen\",\"isPartOf\":{\"@id\":\"https:\/\/jeaken.com\/it\/#website\"},\"primaryImageOfPage\":{\"@id\":\"https:\/\/jeaken.com\/it\/prodotto\/capsule-di-te-verde-850-mg-di-integratori-antiossidanti-per-la-perdita-di-peso-120-compresse\/#primaryimage\"},\"image\":{\"@id\":\"https:\/\/jeaken.com\/it\/prodotto\/capsule-di-te-verde-850-mg-di-integratori-antiossidanti-per-la-perdita-di-peso-120-compresse\/#primaryimage\"},\"thumbnailUrl\":\"https:\/\/jeaken.com\/wp-content\/uploads\/2022\/07\/Green-Tea.jpg\",\"datePublished\":\"2022-07-21T18:18:16+00:00\",\"dateModified\":\"2022-08-09T14:15:59+00:00\",\"breadcrumb\":{\"@id\":\"https:\/\/jeaken.com\/it\/prodotto\/capsule-di-te-verde-850-mg-di-integratori-antiossidanti-per-la-perdita-di-peso-120-compresse\/#breadcrumb\"},\"inLanguage\":\"it-IT\",\"potentialAction\":[{\"@type\":\"ReadAction\",\"target\":[\"https:\/\/jeaken.com\/it\/prodotto\/capsule-di-te-verde-850-mg-di-integratori-antiossidanti-per-la-perdita-di-peso-120-compresse\/\"]}]},{\"@type\":\"ImageObject\",\"inLanguage\":\"it-IT\",\"@id\":\"https:\/\/jeaken.com\/it\/prodotto\/capsule-di-te-verde-850-mg-di-integratori-antiossidanti-per-la-perdita-di-peso-120-compresse\/#primaryimage\",\"url\":\"https:\/\/jeaken.com\/wp-content\/uploads\/2022\/07\/Green-Tea.jpg\",\"contentUrl\":\"https:\/\/jeaken.com\/wp-content\/uploads\/2022\/07\/Green-Tea.jpg\",\"width\":512,\"height\":600,\"caption\":\"Green Tea Capsules \u2013 850mg Weight Loss Antioxidant Supplements\"},{\"@type\":\"BreadcrumbList\",\"@id\":\"https:\/\/jeaken.com\/it\/prodotto\/capsule-di-te-verde-850-mg-di-integratori-antiossidanti-per-la-perdita-di-peso-120-compresse\/#breadcrumb\",\"itemListElement\":[{\"@type\":\"ListItem\",\"position\":1,\"name\":\"Home\",\"item\":\"https:\/\/jeaken.com\/it\/\"},{\"@type\":\"ListItem\",\"position\":2,\"name\":\"Private: Shop\",\"item\":\"https:\/\/jeaken.com\/shop\/\"},{\"@type\":\"ListItem\",\"position\":3,\"name\":\"Capsule di t\u00e8 verde &#8211; 850 mg di integratori antiossidanti per la perdita di peso (120 compresse)\"}]},{\"@type\":\"WebSite\",\"@id\":\"https:\/\/jeaken.com\/it\/#website\",\"url\":\"https:\/\/jeaken.com\/it\/\",\"name\":\"JeaKen\",\"description\":\"Organic Supplements for Health, Fitness and Nutrition\",\"publisher\":{\"@id\":\"https:\/\/jeaken.com\/it\/#organization\"},\"potentialAction\":[{\"@type\":\"SearchAction\",\"target\":{\"@type\":\"EntryPoint\",\"urlTemplate\":\"https:\/\/jeaken.com\/it\/?s={search_term_string}\"},\"query-input\":\"required name=search_term_string\"}],\"inLanguage\":\"it-IT\"},{\"@type\":\"Organization\",\"@id\":\"https:\/\/jeaken.com\/it\/#organization\",\"name\":\"JeaKen\",\"url\":\"https:\/\/jeaken.com\/it\/\",\"logo\":{\"@type\":\"ImageObject\",\"inLanguage\":\"it-IT\",\"@id\":\"https:\/\/jeaken.com\/it\/#\/schema\/logo\/image\/\",\"url\":\"https:\/\/jeaken.com\/wp-content\/uploads\/2022\/06\/jeaken-logo-23.png\",\"contentUrl\":\"https:\/\/jeaken.com\/wp-content\/uploads\/2022\/06\/jeaken-logo-23.png\",\"width\":2486,\"height\":736,\"caption\":\"JeaKen\"},\"image\":{\"@id\":\"https:\/\/jeaken.com\/it\/#\/schema\/logo\/image\/\"}}]}<\/script>\n<!-- \/ Yoast SEO plugin. -->","yoast_head_json":{"title":"Capsule di t\u00e8 verde - 850 mg di integratori antiossidanti per la perdita di peso (120 compresse) - JeaKen","robots":{"index":"index","follow":"follow","max-snippet":"max-snippet:-1","max-image-preview":"max-image-preview:large","max-video-preview":"max-video-preview:-1"},"canonical":"https:\/\/jeaken.com\/it\/prodotto\/capsule-di-te-verde-850-mg-di-integratori-antiossidanti-per-la-perdita-di-peso-120-compresse\/","og_locale":"it_IT","og_type":"article","og_title":"Capsule di t\u00e8 verde - 850 mg di integratori antiossidanti per la perdita di peso (120 compresse) - JeaKen","og_description":"Soppressore dell'appetito che stimola il metabolismo, abbassa il colesterolo e potenzia il sistema immunitario. &nbsp;","og_url":"https:\/\/jeaken.com\/it\/prodotto\/capsule-di-te-verde-850-mg-di-integratori-antiossidanti-per-la-perdita-di-peso-120-compresse\/","og_site_name":"JeaKen","article_modified_time":"2022-08-09T14:15:59+00:00","og_image":[{"width":512,"height":600,"url":"https:\/\/jeaken.com\/wp-content\/uploads\/2022\/07\/Green-Tea.jpg","type":"image\/jpeg"}],"twitter_card":"summary_large_image","twitter_misc":{"Est. reading time":"1 minute"},"schema":{"@context":"https:\/\/schema.org","@graph":[{"@type":"WebPage","@id":"https:\/\/jeaken.com\/it\/prodotto\/capsule-di-te-verde-850-mg-di-integratori-antiossidanti-per-la-perdita-di-peso-120-compresse\/","url":"https:\/\/jeaken.com\/it\/prodotto\/capsule-di-te-verde-850-mg-di-integratori-antiossidanti-per-la-perdita-di-peso-120-compresse\/","name":"Capsule di t\u00e8 verde - 850 mg di integratori antiossidanti per la perdita di peso (120 compresse) - JeaKen","isPartOf":{"@id":"https:\/\/jeaken.com\/it\/#website"},"primaryImageOfPage":{"@id":"https:\/\/jeaken.com\/it\/prodotto\/capsule-di-te-verde-850-mg-di-integratori-antiossidanti-per-la-perdita-di-peso-120-compresse\/#primaryimage"},"image":{"@id":"https:\/\/jeaken.com\/it\/prodotto\/capsule-di-te-verde-850-mg-di-integratori-antiossidanti-per-la-perdita-di-peso-120-compresse\/#primaryimage"},"thumbnailUrl":"https:\/\/jeaken.com\/wp-content\/uploads\/2022\/07\/Green-Tea.jpg","datePublished":"2022-07-21T18:18:16+00:00","dateModified":"2022-08-09T14:15:59+00:00","breadcrumb":{"@id":"https:\/\/jeaken.com\/it\/prodotto\/capsule-di-te-verde-850-mg-di-integratori-antiossidanti-per-la-perdita-di-peso-120-compresse\/#breadcrumb"},"inLanguage":"it-IT","potentialAction":[{"@type":"ReadAction","target":["https:\/\/jeaken.com\/it\/prodotto\/capsule-di-te-verde-850-mg-di-integratori-antiossidanti-per-la-perdita-di-peso-120-compresse\/"]}]},{"@type":"ImageObject","inLanguage":"it-IT","@id":"https:\/\/jeaken.com\/it\/prodotto\/capsule-di-te-verde-850-mg-di-integratori-antiossidanti-per-la-perdita-di-peso-120-compresse\/#primaryimage","url":"https:\/\/jeaken.com\/wp-content\/uploads\/2022\/07\/Green-Tea.jpg","contentUrl":"https:\/\/jeaken.com\/wp-content\/uploads\/2022\/07\/Green-Tea.jpg","width":512,"height":600,"caption":"Green Tea Capsules \u2013 850mg Weight Loss Antioxidant Supplements"},{"@type":"BreadcrumbList","@id":"https:\/\/jeaken.com\/it\/prodotto\/capsule-di-te-verde-850-mg-di-integratori-antiossidanti-per-la-perdita-di-peso-120-compresse\/#breadcrumb","itemListElement":[{"@type":"ListItem","position":1,"name":"Home","item":"https:\/\/jeaken.com\/it\/"},{"@type":"ListItem","position":2,"name":"Private: Shop","item":"https:\/\/jeaken.com\/shop\/"},{"@type":"ListItem","position":3,"name":"Capsule di t\u00e8 verde &#8211; 850 mg di integratori antiossidanti per la perdita di peso (120 compresse)"}]},{"@type":"WebSite","@id":"https:\/\/jeaken.com\/it\/#website","url":"https:\/\/jeaken.com\/it\/","name":"JeaKen","description":"Organic Supplements for Health, Fitness and Nutrition","publisher":{"@id":"https:\/\/jeaken.com\/it\/#organization"},"potentialAction":[{"@type":"SearchAction","target":{"@type":"EntryPoint","urlTemplate":"https:\/\/jeaken.com\/it\/?s={search_term_string}"},"query-input":"required name=search_term_string"}],"inLanguage":"it-IT"},{"@type":"Organization","@id":"https:\/\/jeaken.com\/it\/#organization","name":"JeaKen","url":"https:\/\/jeaken.com\/it\/","logo":{"@type":"ImageObject","inLanguage":"it-IT","@id":"https:\/\/jeaken.com\/it\/#\/schema\/logo\/image\/","url":"https:\/\/jeaken.com\/wp-content\/uploads\/2022\/06\/jeaken-logo-23.png","contentUrl":"https:\/\/jeaken.com\/wp-content\/uploads\/2022\/06\/jeaken-logo-23.png","width":2486,"height":736,"caption":"JeaKen"},"image":{"@id":"https:\/\/jeaken.com\/it\/#\/schema\/logo\/image\/"}}]}},"jetpack_sharing_enabled":true,"_links":{"self":[{"href":"https:\/\/jeaken.com\/it\/wp-json\/wp\/v2\/product\/6934","targetHints":{"allow":["GET"]}}],"collection":[{"href":"https:\/\/jeaken.com\/it\/wp-json\/wp\/v2\/product"}],"about":[{"href":"https:\/\/jeaken.com\/it\/wp-json\/wp\/v2\/types\/product"}],"wp:featuredmedia":[{"embeddable":true,"href":"https:\/\/jeaken.com\/it\/wp-json\/wp\/v2\/media\/15615"}],"wp:attachment":[{"href":"https:\/\/jeaken.com\/it\/wp-json\/wp\/v2\/media?parent=6934"}],"wp:term":[{"taxonomy":"product_cat","embeddable":true,"href":"https:\/\/jeaken.com\/it\/wp-json\/wp\/v2\/product_cat?post=6934"},{"taxonomy":"product_tag","embeddable":true,"href":"https:\/\/jeaken.com\/it\/wp-json\/wp\/v2\/product_tag?post=6934"}],"curies":[{"name":"wp","href":"https:\/\/api.w.org\/{rel}","templated":true}]}}