{"id":6920,"date":"2022-07-21T19:18:21","date_gmt":"2022-07-21T18:18:21","guid":{"rendered":"https:\/1658920591610?product=d-mannosio-in-polvere-in-capsule-potenziato-con-estratto-di-mirtillo-rosso-2"},"modified":"2022-08-09T15:15:46","modified_gmt":"2022-08-09T14:15:46","slug":"d-mannosio-in-polvere-in-capsule-potenziato-con-estratto-di-mirtillo-rosso-2","status":"publish","type":"product","link":"https:\/\/jeaken.com\/it\/prodotto\/d-mannosio-in-polvere-in-capsule-potenziato-con-estratto-di-mirtillo-rosso-2\/","title":{"rendered":"D-Mannosio in polvere in capsule &#8211; Potenziato con estratto di mirtillo rosso"},"content":{"rendered":"<ul class=\"a-unordered-list a-vertical a-spacing-mini\">\n<li><span class=\"a-list-item\">SOSTENERE NATURALMENTE UN TRATTO URINARIO SANO &#8211; Questa \u00e8 la combinazione vincente per evitare o ridurre in modo naturale le fastidiose e indesiderate infezioni del tratto urinario o della vescica. Il nostro integratore di supporto nutrizionale \u00e8 qui per voi. \u00c8 giunto il momento di ridurre ed eliminare i batteri presenti nelle vie urinarie e di iniziare a vivere al meglio, con una semplice assunzione giornaliera di due sole capsule facili da deglutire.<\/span><\/li>\n<li><span class=\"a-list-item\">PREVENIRE LE INFEZIONI DEL TRATTO URINARIO &#8211; Il D-Mannosio non viene metabolizzato o utilizzato dall&#8217;organismo a scopo energetico. Si attacca invece ai batteri che causano l&#8217;infezione, trasportandoli fuori dal corpo e contribuendo a eliminare e prevenire le infezioni del tratto urinario.<\/span><\/li>\n<li><span class=\"a-list-item\">DOPPIA POTENZA &#8211; Il nostro d-mannosio puro, noto anche come zucchero semplice, \u00e8 arricchito dall&#8217;estratto di mirtillo rosso (Vaccinium macrocarpon), entrambi diventati integratori alimentari sempre pi\u00f9 popolari, soprattutto per il trattamento della cistite nelle donne.<\/span><\/li>\n<li><span class=\"a-list-item\">SENZA ALLERGENI &#8211; Le nostre capsule di dmannosio ad alta resistenza forniscono una fonte affidabile di D-Mannosio adatta sia ai vegetariani che ai vegani e sono prive di allergeni, tra cui: latte, lattosio, glutine, OGM, grano, uova, crostacei, pesce, noci, semi e senape.<\/span><\/li>\n<li><span class=\"a-list-item\">LA STORIA DI JeaKen &#8211; JeaKen \u00e8 stata fondata nel Regno Unito nel 2017 &#8211; da allora siamo diventati un marchio di vitamine e integratori riconosciuto e apprezzato dai nostri clienti in tutto il mondo. La nostra rapida crescita \u00e8 dovuta all&#8217;alta qualit\u00e0 dei prodotti e all&#8217;attenzione verso il cliente. Tutto ci\u00f2 che produciamo \u00e8 realizzato e certificato nel Regno Unito e tutelato dai pi\u00f9 alti standard produttivi del mondo (GMP, HACCP). Garantiamo la restituzione del denaro se non siete completamente soddisfatti.<\/span><\/li>\n<\/ul>\n","protected":false},"excerpt":{"rendered":"<h6 id=\"title\" class=\"a-size-large a-spacing-none\"><span id=\"productTitle\" class=\"a-size-large product-title-word-break\">120 capsule di mannosio vegano &#8211; mannosio D senza allergeni per le vie urinarie &#8211; trattamento naturale e sicuro delle vie urinarie e sollievo dalla cistite &#8211; non compresse di mannosio D<\/span><\/h6>\n","protected":false},"featured_media":14758,"template":"","meta":{"site-sidebar-layout":"default","site-content-layout":"default","ast-site-content-layout":"default","site-content-style":"default","site-sidebar-style":"default","ast-global-header-display":"","ast-banner-title-visibility":"","ast-main-header-display":"","ast-hfb-above-header-display":"","ast-hfb-below-header-display":"","ast-hfb-mobile-header-display":"","site-post-title":"","ast-breadcrumbs-content":"","ast-featured-img":"","footer-sml-layout":"","theme-transparent-header-meta":"default","adv-header-id-meta":"","stick-header-meta":"default","header-above-stick-meta":"","header-main-stick-meta":"","header-below-stick-meta":"","astra-migrate-meta-layouts":"default","ast-page-background-enabled":"default","ast-page-background-meta":{"desktop":{"background-color":"","background-image":"","background-repeat":"repeat","background-position":"center center","background-size":"auto","background-attachment":"scroll","background-type":"","background-media":"","overlay-type":"","overlay-color":"","overlay-opacity":"","overlay-gradient":""},"tablet":{"background-color":"","background-image":"","background-repeat":"repeat","background-position":"center center","background-size":"auto","background-attachment":"scroll","background-type":"","background-media":"","overlay-type":"","overlay-color":"","overlay-opacity":"","overlay-gradient":""},"mobile":{"background-color":"","background-image":"","background-repeat":"repeat","background-position":"center center","background-size":"auto","background-attachment":"scroll","background-type":"","background-media":"","overlay-type":"","overlay-color":"","overlay-opacity":"","overlay-gradient":""}},"ast-content-background-meta":{"desktop":{"background-color":"var(--ast-global-color-5)","background-image":"","background-repeat":"repeat","background-position":"center center","background-size":"auto","background-attachment":"scroll","background-type":"","background-media":"","overlay-type":"","overlay-color":"","overlay-opacity":"","overlay-gradient":""},"tablet":{"background-color":"var(--ast-global-color-5)","background-image":"","background-repeat":"repeat","background-position":"center center","background-size":"auto","background-attachment":"scroll","background-type":"","background-media":"","overlay-type":"","overlay-color":"","overlay-opacity":"","overlay-gradient":""},"mobile":{"background-color":"var(--ast-global-color-5)","background-image":"","background-repeat":"repeat","background-position":"center center","background-size":"auto","background-attachment":"scroll","background-type":"","background-media":"","overlay-type":"","overlay-color":"","overlay-opacity":"","overlay-gradient":""}}},"product_cat":[576,695],"product_tag":[],"class_list":{"0":"post-6920","1":"product","2":"type-product","3":"status-publish","4":"has-post-thumbnail","6":"product_cat-salute-dellapparato-digerente","7":"product_cat-uti-it","8":"has-subscription-plans","9":"desktop-align-left","10":"tablet-align-left","11":"mobile-align-left","13":"first","14":"instock","15":"taxable","16":"shipping-taxable","17":"purchasable","18":"product-type-simple"},"yoast_head":"<!-- This site is optimized with the Yoast SEO plugin v22.7 - https:\/\/yoast.com\/wordpress\/plugins\/seo\/ -->\n<title>D-Mannosio in polvere in capsule - Potenziato con estratto di mirtillo rosso - JeaKen<\/title>\n<meta name=\"robots\" content=\"index, follow, max-snippet:-1, max-image-preview:large, max-video-preview:-1\" \/>\n<link rel=\"canonical\" href=\"https:\/\/jeaken.com\/it\/prodotto\/d-mannosio-in-polvere-in-capsule-potenziato-con-estratto-di-mirtillo-rosso-2\/\" \/>\n<meta property=\"og:locale\" content=\"it_IT\" \/>\n<meta property=\"og:type\" content=\"article\" \/>\n<meta property=\"og:title\" content=\"D-Mannosio in polvere in capsule - Potenziato con estratto di mirtillo rosso - JeaKen\" \/>\n<meta property=\"og:description\" content=\"120 capsule di mannosio vegano - mannosio D senza allergeni per le vie urinarie - trattamento naturale e sicuro delle vie urinarie e sollievo dalla cistite - non compresse di mannosio D\" \/>\n<meta property=\"og:url\" content=\"https:\/\/jeaken.com\/it\/prodotto\/d-mannosio-in-polvere-in-capsule-potenziato-con-estratto-di-mirtillo-rosso-2\/\" \/>\n<meta property=\"og:site_name\" content=\"JeaKen\" \/>\n<meta property=\"article:modified_time\" content=\"2022-08-09T14:15:46+00:00\" \/>\n<meta property=\"og:image\" content=\"https:\/\/jeaken.com\/wp-content\/uploads\/2022\/07\/Front-5.jpg\" \/>\n\t<meta property=\"og:image:width\" content=\"635\" \/>\n\t<meta property=\"og:image:height\" content=\"744\" \/>\n\t<meta property=\"og:image:type\" content=\"image\/jpeg\" \/>\n<meta name=\"twitter:card\" content=\"summary_large_image\" \/>\n<meta name=\"twitter:label1\" content=\"Est. reading time\" \/>\n\t<meta name=\"twitter:data1\" content=\"1 minute\" \/>\n<script type=\"application\/ld+json\" class=\"yoast-schema-graph\">{\"@context\":\"https:\/\/schema.org\",\"@graph\":[{\"@type\":\"WebPage\",\"@id\":\"https:\/\/jeaken.com\/it\/prodotto\/d-mannosio-in-polvere-in-capsule-potenziato-con-estratto-di-mirtillo-rosso-2\/\",\"url\":\"https:\/\/jeaken.com\/it\/prodotto\/d-mannosio-in-polvere-in-capsule-potenziato-con-estratto-di-mirtillo-rosso-2\/\",\"name\":\"D-Mannosio in polvere in capsule - Potenziato con estratto di mirtillo rosso - JeaKen\",\"isPartOf\":{\"@id\":\"https:\/\/jeaken.com\/it\/#website\"},\"primaryImageOfPage\":{\"@id\":\"https:\/\/jeaken.com\/it\/prodotto\/d-mannosio-in-polvere-in-capsule-potenziato-con-estratto-di-mirtillo-rosso-2\/#primaryimage\"},\"image\":{\"@id\":\"https:\/\/jeaken.com\/it\/prodotto\/d-mannosio-in-polvere-in-capsule-potenziato-con-estratto-di-mirtillo-rosso-2\/#primaryimage\"},\"thumbnailUrl\":\"https:\/\/jeaken.com\/wp-content\/uploads\/2022\/07\/Front-5.jpg\",\"datePublished\":\"2022-07-21T18:18:21+00:00\",\"dateModified\":\"2022-08-09T14:15:46+00:00\",\"breadcrumb\":{\"@id\":\"https:\/\/jeaken.com\/it\/prodotto\/d-mannosio-in-polvere-in-capsule-potenziato-con-estratto-di-mirtillo-rosso-2\/#breadcrumb\"},\"inLanguage\":\"it-IT\",\"potentialAction\":[{\"@type\":\"ReadAction\",\"target\":[\"https:\/\/jeaken.com\/it\/prodotto\/d-mannosio-in-polvere-in-capsule-potenziato-con-estratto-di-mirtillo-rosso-2\/\"]}]},{\"@type\":\"ImageObject\",\"inLanguage\":\"it-IT\",\"@id\":\"https:\/\/jeaken.com\/it\/prodotto\/d-mannosio-in-polvere-in-capsule-potenziato-con-estratto-di-mirtillo-rosso-2\/#primaryimage\",\"url\":\"https:\/\/jeaken.com\/wp-content\/uploads\/2022\/07\/Front-5.jpg\",\"contentUrl\":\"https:\/\/jeaken.com\/wp-content\/uploads\/2022\/07\/Front-5.jpg\",\"width\":635,\"height\":744,\"caption\":\"D-Mannose Powder in Capsules - Enhanced with Cranberry Extract\"},{\"@type\":\"BreadcrumbList\",\"@id\":\"https:\/\/jeaken.com\/it\/prodotto\/d-mannosio-in-polvere-in-capsule-potenziato-con-estratto-di-mirtillo-rosso-2\/#breadcrumb\",\"itemListElement\":[{\"@type\":\"ListItem\",\"position\":1,\"name\":\"Home\",\"item\":\"https:\/\/jeaken.com\/it\/\"},{\"@type\":\"ListItem\",\"position\":2,\"name\":\"Private: Shop\",\"item\":\"https:\/\/jeaken.com\/shop\/\"},{\"@type\":\"ListItem\",\"position\":3,\"name\":\"D-Mannosio in polvere in capsule &#8211; Potenziato con estratto di mirtillo rosso\"}]},{\"@type\":\"WebSite\",\"@id\":\"https:\/\/jeaken.com\/it\/#website\",\"url\":\"https:\/\/jeaken.com\/it\/\",\"name\":\"JeaKen\",\"description\":\"Organic Supplements for Health, Fitness and Nutrition\",\"publisher\":{\"@id\":\"https:\/\/jeaken.com\/it\/#organization\"},\"potentialAction\":[{\"@type\":\"SearchAction\",\"target\":{\"@type\":\"EntryPoint\",\"urlTemplate\":\"https:\/\/jeaken.com\/it\/?s={search_term_string}\"},\"query-input\":\"required name=search_term_string\"}],\"inLanguage\":\"it-IT\"},{\"@type\":\"Organization\",\"@id\":\"https:\/\/jeaken.com\/it\/#organization\",\"name\":\"JeaKen\",\"url\":\"https:\/\/jeaken.com\/it\/\",\"logo\":{\"@type\":\"ImageObject\",\"inLanguage\":\"it-IT\",\"@id\":\"https:\/\/jeaken.com\/it\/#\/schema\/logo\/image\/\",\"url\":\"https:\/\/jeaken.com\/wp-content\/uploads\/2022\/06\/jeaken-logo-23.png\",\"contentUrl\":\"https:\/\/jeaken.com\/wp-content\/uploads\/2022\/06\/jeaken-logo-23.png\",\"width\":2486,\"height\":736,\"caption\":\"JeaKen\"},\"image\":{\"@id\":\"https:\/\/jeaken.com\/it\/#\/schema\/logo\/image\/\"}}]}<\/script>\n<!-- \/ Yoast SEO plugin. -->","yoast_head_json":{"title":"D-Mannosio in polvere in capsule - Potenziato con estratto di mirtillo rosso - JeaKen","robots":{"index":"index","follow":"follow","max-snippet":"max-snippet:-1","max-image-preview":"max-image-preview:large","max-video-preview":"max-video-preview:-1"},"canonical":"https:\/\/jeaken.com\/it\/prodotto\/d-mannosio-in-polvere-in-capsule-potenziato-con-estratto-di-mirtillo-rosso-2\/","og_locale":"it_IT","og_type":"article","og_title":"D-Mannosio in polvere in capsule - Potenziato con estratto di mirtillo rosso - JeaKen","og_description":"120 capsule di mannosio vegano - mannosio D senza allergeni per le vie urinarie - trattamento naturale e sicuro delle vie urinarie e sollievo dalla cistite - non compresse di mannosio D","og_url":"https:\/\/jeaken.com\/it\/prodotto\/d-mannosio-in-polvere-in-capsule-potenziato-con-estratto-di-mirtillo-rosso-2\/","og_site_name":"JeaKen","article_modified_time":"2022-08-09T14:15:46+00:00","og_image":[{"width":635,"height":744,"url":"https:\/\/jeaken.com\/wp-content\/uploads\/2022\/07\/Front-5.jpg","type":"image\/jpeg"}],"twitter_card":"summary_large_image","twitter_misc":{"Est. reading time":"1 minute"},"schema":{"@context":"https:\/\/schema.org","@graph":[{"@type":"WebPage","@id":"https:\/\/jeaken.com\/it\/prodotto\/d-mannosio-in-polvere-in-capsule-potenziato-con-estratto-di-mirtillo-rosso-2\/","url":"https:\/\/jeaken.com\/it\/prodotto\/d-mannosio-in-polvere-in-capsule-potenziato-con-estratto-di-mirtillo-rosso-2\/","name":"D-Mannosio in polvere in capsule - Potenziato con estratto di mirtillo rosso - JeaKen","isPartOf":{"@id":"https:\/\/jeaken.com\/it\/#website"},"primaryImageOfPage":{"@id":"https:\/\/jeaken.com\/it\/prodotto\/d-mannosio-in-polvere-in-capsule-potenziato-con-estratto-di-mirtillo-rosso-2\/#primaryimage"},"image":{"@id":"https:\/\/jeaken.com\/it\/prodotto\/d-mannosio-in-polvere-in-capsule-potenziato-con-estratto-di-mirtillo-rosso-2\/#primaryimage"},"thumbnailUrl":"https:\/\/jeaken.com\/wp-content\/uploads\/2022\/07\/Front-5.jpg","datePublished":"2022-07-21T18:18:21+00:00","dateModified":"2022-08-09T14:15:46+00:00","breadcrumb":{"@id":"https:\/\/jeaken.com\/it\/prodotto\/d-mannosio-in-polvere-in-capsule-potenziato-con-estratto-di-mirtillo-rosso-2\/#breadcrumb"},"inLanguage":"it-IT","potentialAction":[{"@type":"ReadAction","target":["https:\/\/jeaken.com\/it\/prodotto\/d-mannosio-in-polvere-in-capsule-potenziato-con-estratto-di-mirtillo-rosso-2\/"]}]},{"@type":"ImageObject","inLanguage":"it-IT","@id":"https:\/\/jeaken.com\/it\/prodotto\/d-mannosio-in-polvere-in-capsule-potenziato-con-estratto-di-mirtillo-rosso-2\/#primaryimage","url":"https:\/\/jeaken.com\/wp-content\/uploads\/2022\/07\/Front-5.jpg","contentUrl":"https:\/\/jeaken.com\/wp-content\/uploads\/2022\/07\/Front-5.jpg","width":635,"height":744,"caption":"D-Mannose Powder in Capsules - Enhanced with Cranberry Extract"},{"@type":"BreadcrumbList","@id":"https:\/\/jeaken.com\/it\/prodotto\/d-mannosio-in-polvere-in-capsule-potenziato-con-estratto-di-mirtillo-rosso-2\/#breadcrumb","itemListElement":[{"@type":"ListItem","position":1,"name":"Home","item":"https:\/\/jeaken.com\/it\/"},{"@type":"ListItem","position":2,"name":"Private: Shop","item":"https:\/\/jeaken.com\/shop\/"},{"@type":"ListItem","position":3,"name":"D-Mannosio in polvere in capsule &#8211; Potenziato con estratto di mirtillo rosso"}]},{"@type":"WebSite","@id":"https:\/\/jeaken.com\/it\/#website","url":"https:\/\/jeaken.com\/it\/","name":"JeaKen","description":"Organic Supplements for Health, Fitness and Nutrition","publisher":{"@id":"https:\/\/jeaken.com\/it\/#organization"},"potentialAction":[{"@type":"SearchAction","target":{"@type":"EntryPoint","urlTemplate":"https:\/\/jeaken.com\/it\/?s={search_term_string}"},"query-input":"required name=search_term_string"}],"inLanguage":"it-IT"},{"@type":"Organization","@id":"https:\/\/jeaken.com\/it\/#organization","name":"JeaKen","url":"https:\/\/jeaken.com\/it\/","logo":{"@type":"ImageObject","inLanguage":"it-IT","@id":"https:\/\/jeaken.com\/it\/#\/schema\/logo\/image\/","url":"https:\/\/jeaken.com\/wp-content\/uploads\/2022\/06\/jeaken-logo-23.png","contentUrl":"https:\/\/jeaken.com\/wp-content\/uploads\/2022\/06\/jeaken-logo-23.png","width":2486,"height":736,"caption":"JeaKen"},"image":{"@id":"https:\/\/jeaken.com\/it\/#\/schema\/logo\/image\/"}}]}},"jetpack_sharing_enabled":true,"_links":{"self":[{"href":"https:\/\/jeaken.com\/it\/wp-json\/wp\/v2\/product\/6920","targetHints":{"allow":["GET"]}}],"collection":[{"href":"https:\/\/jeaken.com\/it\/wp-json\/wp\/v2\/product"}],"about":[{"href":"https:\/\/jeaken.com\/it\/wp-json\/wp\/v2\/types\/product"}],"wp:featuredmedia":[{"embeddable":true,"href":"https:\/\/jeaken.com\/it\/wp-json\/wp\/v2\/media\/14758"}],"wp:attachment":[{"href":"https:\/\/jeaken.com\/it\/wp-json\/wp\/v2\/media?parent=6920"}],"wp:term":[{"taxonomy":"product_cat","embeddable":true,"href":"https:\/\/jeaken.com\/it\/wp-json\/wp\/v2\/product_cat?post=6920"},{"taxonomy":"product_tag","embeddable":true,"href":"https:\/\/jeaken.com\/it\/wp-json\/wp\/v2\/product_tag?post=6920"}],"curies":[{"name":"wp","href":"https:\/\/api.w.org\/{rel}","templated":true}]}}