{"id":6904,"date":"2022-07-21T19:18:22","date_gmt":"2022-07-21T18:18:22","guid":{"rendered":"https:\/1658920591610?product=lozione-anticellulite-e-rassodante-della-pelle-ricca-di-estratti-di-frutta-naturali-per-risultati-ottimali-50ml"},"modified":"2022-08-09T15:15:40","modified_gmt":"2022-08-09T14:15:40","slug":"lozione-anticellulite-e-rassodante-della-pelle-ricca-di-estratti-di-frutta-naturali-per-risultati-ottimali-50ml","status":"publish","type":"product","link":"https:\/\/jeaken.com\/it\/prodotto\/lozione-anticellulite-e-rassodante-della-pelle-ricca-di-estratti-di-frutta-naturali-per-risultati-ottimali-50ml\/","title":{"rendered":"Lozione anticellulite e rassodante della pelle &#8211; Ricca di estratti di frutta naturali per risultati ottimali. 50ml"},"content":{"rendered":"<p><strong>MIGLIORA L&#8217;ASPETTO DELLA PELLE<\/strong><\/p>\n<p><span style=\"font-weight: 400;\">Questa lozione di alta qualit\u00e0 \u00e8 in grado di migliorare rapidamente l&#8217;aspetto della pelle in qualsiasi area scelta!  <\/span><\/p>\n<p><strong>RASSODA, TONIFICA E IDRATA  <\/strong><\/p>\n<p><span style=\"font-weight: 400;\">La nostra lozione di facile assorbimento \u00e8 ricca di estratti naturali di frutta come melone, fragola e papaia che tonificano, rassodano ed esfoliano la pelle.<\/span><\/p>\n<p><strong>EFFICACE TRATTAMENTO ANTICELLULITE  <\/strong><\/p>\n<p><span style=\"font-weight: 400;\">Questa lozione riduce visibilmente la cellulite, stimola una combustione pi\u00f9 rapida del grasso sottocutaneo, elimina la cellulite persistente, brucia le cellule grasse indesiderate e previene l&#8217;accumulo futuro di tessuto adiposo e la recidiva della cellulite.<\/span><\/p>\n<p><strong>FACILE DA USARE  <\/strong><\/p>\n<p><span style=\"font-weight: 400;\">Questo prodotto \u00e8 adatto alla pelle sensibile ed \u00e8 facile da usare. \u00c8 sufficiente massaggiare la pelle con movimenti circolari fino al completo assorbimento della lozione. Applicare una volta al giorno su tutto il corpo per un minimo di tre mesi.<\/span><\/p>\n<p>&nbsp;<\/p>\n","protected":false},"excerpt":{"rendered":"<h4><span style=\"font-weight: 400;\">Trattamento anticellulite ad azione rapida che migliora visibilmente l&#8217;aspetto della pelle.<\/span><\/h4>\n","protected":false},"featured_media":5134,"template":"","meta":{"site-sidebar-layout":"default","site-content-layout":"default","ast-site-content-layout":"default","site-content-style":"default","site-sidebar-style":"default","ast-global-header-display":"","ast-banner-title-visibility":"","ast-main-header-display":"","ast-hfb-above-header-display":"","ast-hfb-below-header-display":"","ast-hfb-mobile-header-display":"","site-post-title":"","ast-breadcrumbs-content":"","ast-featured-img":"","footer-sml-layout":"","theme-transparent-header-meta":"default","adv-header-id-meta":"","stick-header-meta":"default","header-above-stick-meta":"","header-main-stick-meta":"","header-below-stick-meta":"","astra-migrate-meta-layouts":"default","ast-page-background-enabled":"default","ast-page-background-meta":{"desktop":{"background-color":"","background-image":"","background-repeat":"repeat","background-position":"center center","background-size":"auto","background-attachment":"scroll","background-type":"","background-media":"","overlay-type":"","overlay-color":"","overlay-opacity":"","overlay-gradient":""},"tablet":{"background-color":"","background-image":"","background-repeat":"repeat","background-position":"center center","background-size":"auto","background-attachment":"scroll","background-type":"","background-media":"","overlay-type":"","overlay-color":"","overlay-opacity":"","overlay-gradient":""},"mobile":{"background-color":"","background-image":"","background-repeat":"repeat","background-position":"center center","background-size":"auto","background-attachment":"scroll","background-type":"","background-media":"","overlay-type":"","overlay-color":"","overlay-opacity":"","overlay-gradient":""}},"ast-content-background-meta":{"desktop":{"background-color":"var(--ast-global-color-5)","background-image":"","background-repeat":"repeat","background-position":"center center","background-size":"auto","background-attachment":"scroll","background-type":"","background-media":"","overlay-type":"","overlay-color":"","overlay-opacity":"","overlay-gradient":""},"tablet":{"background-color":"var(--ast-global-color-5)","background-image":"","background-repeat":"repeat","background-position":"center center","background-size":"auto","background-attachment":"scroll","background-type":"","background-media":"","overlay-type":"","overlay-color":"","overlay-opacity":"","overlay-gradient":""},"mobile":{"background-color":"var(--ast-global-color-5)","background-image":"","background-repeat":"repeat","background-position":"center center","background-size":"auto","background-attachment":"scroll","background-type":"","background-media":"","overlay-type":"","overlay-color":"","overlay-opacity":"","overlay-gradient":""}}},"product_cat":[1265,533,547,620],"product_tag":[],"class_list":{"0":"post-6904","1":"product","2":"type-product","3":"status-publish","4":"has-post-thumbnail","6":"product_cat-alimentazione","7":"product_cat-bellezza-naturale","8":"product_cat-minerali","9":"product_cat-smagliature-e-cellulite","10":"has-subscription-plans","11":"desktop-align-left","12":"tablet-align-left","13":"mobile-align-left","15":"first","16":"instock","17":"taxable","18":"shipping-taxable","19":"purchasable","20":"product-type-simple"},"yoast_head":"<!-- This site is optimized with the Yoast SEO plugin v22.7 - https:\/\/yoast.com\/wordpress\/plugins\/seo\/ -->\n<title>Lozione anticellulite e rassodante della pelle - Ricca di estratti di frutta naturali per risultati ottimali. 50ml - JeaKen<\/title>\n<meta name=\"robots\" content=\"index, follow, max-snippet:-1, max-image-preview:large, max-video-preview:-1\" \/>\n<link rel=\"canonical\" href=\"https:\/\/jeaken.com\/it\/prodotto\/lozione-anticellulite-e-rassodante-della-pelle-ricca-di-estratti-di-frutta-naturali-per-risultati-ottimali-50ml\/\" \/>\n<meta property=\"og:locale\" content=\"it_IT\" \/>\n<meta property=\"og:type\" content=\"article\" \/>\n<meta property=\"og:title\" content=\"Lozione anticellulite e rassodante della pelle - Ricca di estratti di frutta naturali per risultati ottimali. 50ml - JeaKen\" \/>\n<meta property=\"og:description\" content=\"Trattamento anticellulite ad azione rapida che migliora visibilmente l&#039;aspetto della pelle.\" \/>\n<meta property=\"og:url\" content=\"https:\/\/jeaken.com\/it\/prodotto\/lozione-anticellulite-e-rassodante-della-pelle-ricca-di-estratti-di-frutta-naturali-per-risultati-ottimali-50ml\/\" \/>\n<meta property=\"og:site_name\" content=\"JeaKen\" \/>\n<meta property=\"article:modified_time\" content=\"2022-08-09T14:15:40+00:00\" \/>\n<meta property=\"og:image\" content=\"https:\/\/jeaken.com\/wp-content\/uploads\/2022\/07\/81xl-3cqTTL._AC_SL1500_.jpg\" \/>\n\t<meta property=\"og:image:width\" content=\"600\" \/>\n\t<meta property=\"og:image:height\" content=\"600\" \/>\n\t<meta property=\"og:image:type\" content=\"image\/jpeg\" \/>\n<meta name=\"twitter:card\" content=\"summary_large_image\" \/>\n<meta name=\"twitter:label1\" content=\"Est. reading time\" \/>\n\t<meta name=\"twitter:data1\" content=\"1 minute\" \/>\n<script type=\"application\/ld+json\" class=\"yoast-schema-graph\">{\"@context\":\"https:\/\/schema.org\",\"@graph\":[{\"@type\":\"WebPage\",\"@id\":\"https:\/\/jeaken.com\/it\/prodotto\/lozione-anticellulite-e-rassodante-della-pelle-ricca-di-estratti-di-frutta-naturali-per-risultati-ottimali-50ml\/\",\"url\":\"https:\/\/jeaken.com\/it\/prodotto\/lozione-anticellulite-e-rassodante-della-pelle-ricca-di-estratti-di-frutta-naturali-per-risultati-ottimali-50ml\/\",\"name\":\"Lozione anticellulite e rassodante della pelle - Ricca di estratti di frutta naturali per risultati ottimali. 50ml - JeaKen\",\"isPartOf\":{\"@id\":\"https:\/\/jeaken.com\/it\/#website\"},\"primaryImageOfPage\":{\"@id\":\"https:\/\/jeaken.com\/it\/prodotto\/lozione-anticellulite-e-rassodante-della-pelle-ricca-di-estratti-di-frutta-naturali-per-risultati-ottimali-50ml\/#primaryimage\"},\"image\":{\"@id\":\"https:\/\/jeaken.com\/it\/prodotto\/lozione-anticellulite-e-rassodante-della-pelle-ricca-di-estratti-di-frutta-naturali-per-risultati-ottimali-50ml\/#primaryimage\"},\"thumbnailUrl\":\"https:\/\/jeaken.com\/wp-content\/uploads\/2022\/07\/81xl-3cqTTL._AC_SL1500_.jpg\",\"datePublished\":\"2022-07-21T18:18:22+00:00\",\"dateModified\":\"2022-08-09T14:15:40+00:00\",\"breadcrumb\":{\"@id\":\"https:\/\/jeaken.com\/it\/prodotto\/lozione-anticellulite-e-rassodante-della-pelle-ricca-di-estratti-di-frutta-naturali-per-risultati-ottimali-50ml\/#breadcrumb\"},\"inLanguage\":\"it-IT\",\"potentialAction\":[{\"@type\":\"ReadAction\",\"target\":[\"https:\/\/jeaken.com\/it\/prodotto\/lozione-anticellulite-e-rassodante-della-pelle-ricca-di-estratti-di-frutta-naturali-per-risultati-ottimali-50ml\/\"]}]},{\"@type\":\"ImageObject\",\"inLanguage\":\"it-IT\",\"@id\":\"https:\/\/jeaken.com\/it\/prodotto\/lozione-anticellulite-e-rassodante-della-pelle-ricca-di-estratti-di-frutta-naturali-per-risultati-ottimali-50ml\/#primaryimage\",\"url\":\"https:\/\/jeaken.com\/wp-content\/uploads\/2022\/07\/81xl-3cqTTL._AC_SL1500_.jpg\",\"contentUrl\":\"https:\/\/jeaken.com\/wp-content\/uploads\/2022\/07\/81xl-3cqTTL._AC_SL1500_.jpg\",\"width\":600,\"height\":600,\"caption\":\"Anti-Cellulite and Skin Firming Lotion\"},{\"@type\":\"BreadcrumbList\",\"@id\":\"https:\/\/jeaken.com\/it\/prodotto\/lozione-anticellulite-e-rassodante-della-pelle-ricca-di-estratti-di-frutta-naturali-per-risultati-ottimali-50ml\/#breadcrumb\",\"itemListElement\":[{\"@type\":\"ListItem\",\"position\":1,\"name\":\"Home\",\"item\":\"https:\/\/jeaken.com\/it\/\"},{\"@type\":\"ListItem\",\"position\":2,\"name\":\"Private: Shop\",\"item\":\"https:\/\/jeaken.com\/shop\/\"},{\"@type\":\"ListItem\",\"position\":3,\"name\":\"Lozione anticellulite e rassodante della pelle &#8211; Ricca di estratti di frutta naturali per risultati ottimali. 50ml\"}]},{\"@type\":\"WebSite\",\"@id\":\"https:\/\/jeaken.com\/it\/#website\",\"url\":\"https:\/\/jeaken.com\/it\/\",\"name\":\"JeaKen\",\"description\":\"Organic Supplements for Health, Fitness and Nutrition\",\"publisher\":{\"@id\":\"https:\/\/jeaken.com\/it\/#organization\"},\"potentialAction\":[{\"@type\":\"SearchAction\",\"target\":{\"@type\":\"EntryPoint\",\"urlTemplate\":\"https:\/\/jeaken.com\/it\/?s={search_term_string}\"},\"query-input\":\"required name=search_term_string\"}],\"inLanguage\":\"it-IT\"},{\"@type\":\"Organization\",\"@id\":\"https:\/\/jeaken.com\/it\/#organization\",\"name\":\"JeaKen\",\"url\":\"https:\/\/jeaken.com\/it\/\",\"logo\":{\"@type\":\"ImageObject\",\"inLanguage\":\"it-IT\",\"@id\":\"https:\/\/jeaken.com\/it\/#\/schema\/logo\/image\/\",\"url\":\"https:\/\/jeaken.com\/wp-content\/uploads\/2022\/06\/jeaken-logo-23.png\",\"contentUrl\":\"https:\/\/jeaken.com\/wp-content\/uploads\/2022\/06\/jeaken-logo-23.png\",\"width\":2486,\"height\":736,\"caption\":\"JeaKen\"},\"image\":{\"@id\":\"https:\/\/jeaken.com\/it\/#\/schema\/logo\/image\/\"}}]}<\/script>\n<!-- \/ Yoast SEO plugin. -->","yoast_head_json":{"title":"Lozione anticellulite e rassodante della pelle - Ricca di estratti di frutta naturali per risultati ottimali. 50ml - JeaKen","robots":{"index":"index","follow":"follow","max-snippet":"max-snippet:-1","max-image-preview":"max-image-preview:large","max-video-preview":"max-video-preview:-1"},"canonical":"https:\/\/jeaken.com\/it\/prodotto\/lozione-anticellulite-e-rassodante-della-pelle-ricca-di-estratti-di-frutta-naturali-per-risultati-ottimali-50ml\/","og_locale":"it_IT","og_type":"article","og_title":"Lozione anticellulite e rassodante della pelle - Ricca di estratti di frutta naturali per risultati ottimali. 50ml - JeaKen","og_description":"Trattamento anticellulite ad azione rapida che migliora visibilmente l'aspetto della pelle.","og_url":"https:\/\/jeaken.com\/it\/prodotto\/lozione-anticellulite-e-rassodante-della-pelle-ricca-di-estratti-di-frutta-naturali-per-risultati-ottimali-50ml\/","og_site_name":"JeaKen","article_modified_time":"2022-08-09T14:15:40+00:00","og_image":[{"width":600,"height":600,"url":"https:\/\/jeaken.com\/wp-content\/uploads\/2022\/07\/81xl-3cqTTL._AC_SL1500_.jpg","type":"image\/jpeg"}],"twitter_card":"summary_large_image","twitter_misc":{"Est. reading time":"1 minute"},"schema":{"@context":"https:\/\/schema.org","@graph":[{"@type":"WebPage","@id":"https:\/\/jeaken.com\/it\/prodotto\/lozione-anticellulite-e-rassodante-della-pelle-ricca-di-estratti-di-frutta-naturali-per-risultati-ottimali-50ml\/","url":"https:\/\/jeaken.com\/it\/prodotto\/lozione-anticellulite-e-rassodante-della-pelle-ricca-di-estratti-di-frutta-naturali-per-risultati-ottimali-50ml\/","name":"Lozione anticellulite e rassodante della pelle - Ricca di estratti di frutta naturali per risultati ottimali. 50ml - JeaKen","isPartOf":{"@id":"https:\/\/jeaken.com\/it\/#website"},"primaryImageOfPage":{"@id":"https:\/\/jeaken.com\/it\/prodotto\/lozione-anticellulite-e-rassodante-della-pelle-ricca-di-estratti-di-frutta-naturali-per-risultati-ottimali-50ml\/#primaryimage"},"image":{"@id":"https:\/\/jeaken.com\/it\/prodotto\/lozione-anticellulite-e-rassodante-della-pelle-ricca-di-estratti-di-frutta-naturali-per-risultati-ottimali-50ml\/#primaryimage"},"thumbnailUrl":"https:\/\/jeaken.com\/wp-content\/uploads\/2022\/07\/81xl-3cqTTL._AC_SL1500_.jpg","datePublished":"2022-07-21T18:18:22+00:00","dateModified":"2022-08-09T14:15:40+00:00","breadcrumb":{"@id":"https:\/\/jeaken.com\/it\/prodotto\/lozione-anticellulite-e-rassodante-della-pelle-ricca-di-estratti-di-frutta-naturali-per-risultati-ottimali-50ml\/#breadcrumb"},"inLanguage":"it-IT","potentialAction":[{"@type":"ReadAction","target":["https:\/\/jeaken.com\/it\/prodotto\/lozione-anticellulite-e-rassodante-della-pelle-ricca-di-estratti-di-frutta-naturali-per-risultati-ottimali-50ml\/"]}]},{"@type":"ImageObject","inLanguage":"it-IT","@id":"https:\/\/jeaken.com\/it\/prodotto\/lozione-anticellulite-e-rassodante-della-pelle-ricca-di-estratti-di-frutta-naturali-per-risultati-ottimali-50ml\/#primaryimage","url":"https:\/\/jeaken.com\/wp-content\/uploads\/2022\/07\/81xl-3cqTTL._AC_SL1500_.jpg","contentUrl":"https:\/\/jeaken.com\/wp-content\/uploads\/2022\/07\/81xl-3cqTTL._AC_SL1500_.jpg","width":600,"height":600,"caption":"Anti-Cellulite and Skin Firming Lotion"},{"@type":"BreadcrumbList","@id":"https:\/\/jeaken.com\/it\/prodotto\/lozione-anticellulite-e-rassodante-della-pelle-ricca-di-estratti-di-frutta-naturali-per-risultati-ottimali-50ml\/#breadcrumb","itemListElement":[{"@type":"ListItem","position":1,"name":"Home","item":"https:\/\/jeaken.com\/it\/"},{"@type":"ListItem","position":2,"name":"Private: Shop","item":"https:\/\/jeaken.com\/shop\/"},{"@type":"ListItem","position":3,"name":"Lozione anticellulite e rassodante della pelle &#8211; Ricca di estratti di frutta naturali per risultati ottimali. 50ml"}]},{"@type":"WebSite","@id":"https:\/\/jeaken.com\/it\/#website","url":"https:\/\/jeaken.com\/it\/","name":"JeaKen","description":"Organic Supplements for Health, Fitness and Nutrition","publisher":{"@id":"https:\/\/jeaken.com\/it\/#organization"},"potentialAction":[{"@type":"SearchAction","target":{"@type":"EntryPoint","urlTemplate":"https:\/\/jeaken.com\/it\/?s={search_term_string}"},"query-input":"required name=search_term_string"}],"inLanguage":"it-IT"},{"@type":"Organization","@id":"https:\/\/jeaken.com\/it\/#organization","name":"JeaKen","url":"https:\/\/jeaken.com\/it\/","logo":{"@type":"ImageObject","inLanguage":"it-IT","@id":"https:\/\/jeaken.com\/it\/#\/schema\/logo\/image\/","url":"https:\/\/jeaken.com\/wp-content\/uploads\/2022\/06\/jeaken-logo-23.png","contentUrl":"https:\/\/jeaken.com\/wp-content\/uploads\/2022\/06\/jeaken-logo-23.png","width":2486,"height":736,"caption":"JeaKen"},"image":{"@id":"https:\/\/jeaken.com\/it\/#\/schema\/logo\/image\/"}}]}},"jetpack_sharing_enabled":true,"_links":{"self":[{"href":"https:\/\/jeaken.com\/it\/wp-json\/wp\/v2\/product\/6904","targetHints":{"allow":["GET"]}}],"collection":[{"href":"https:\/\/jeaken.com\/it\/wp-json\/wp\/v2\/product"}],"about":[{"href":"https:\/\/jeaken.com\/it\/wp-json\/wp\/v2\/types\/product"}],"wp:featuredmedia":[{"embeddable":true,"href":"https:\/\/jeaken.com\/it\/wp-json\/wp\/v2\/media\/5134"}],"wp:attachment":[{"href":"https:\/\/jeaken.com\/it\/wp-json\/wp\/v2\/media?parent=6904"}],"wp:term":[{"taxonomy":"product_cat","embeddable":true,"href":"https:\/\/jeaken.com\/it\/wp-json\/wp\/v2\/product_cat?post=6904"},{"taxonomy":"product_tag","embeddable":true,"href":"https:\/\/jeaken.com\/it\/wp-json\/wp\/v2\/product_tag?post=6904"}],"curies":[{"name":"wp","href":"https:\/\/api.w.org\/{rel}","templated":true}]}}