{"id":6888,"date":"2022-07-21T19:18:16","date_gmt":"2022-07-21T18:18:16","guid":{"rendered":"https:\/1658920591610?product=creatina-monoidrato-pura-integratore-in-polvere-per-il-potenziamento-muscolare-e-il-post-workout-500-g"},"modified":"2022-08-09T15:14:49","modified_gmt":"2022-08-09T14:14:49","slug":"creatina-monoidrato-pura-integratore-in-polvere-per-il-potenziamento-muscolare-e-il-post-workout-500-g","status":"publish","type":"product","link":"https:\/\/jeaken.com\/it\/prodotto\/creatina-monoidrato-pura-integratore-in-polvere-per-il-potenziamento-muscolare-e-il-post-workout-500-g\/","title":{"rendered":"Creatina monoidrato pura &#8211; Integratore in polvere per il potenziamento muscolare e il post workout (500 g)"},"content":{"rendered":"<p><span class=\"a-list-item\">MIGLIORA LE PRESTAZIONI FISICHE &#8211; Volete aumentare le vostre prestazioni durante l&#8217;allenamento? La nostra creatina monoidrato in polvere aumenta le prestazioni fisiche in raffiche successive di esercizi di breve durata e ad alta intensit\u00e0.<\/span><\/p>\n<p><span class=\"a-list-item\">RECUPERO MUSCOLARE PRE WORKOUT &#8211; Le polveri di creatina possono essere utili per il recupero muscolare. Secondo alcuni studi, la creatina micronizzata pu\u00f2 contribuire a migliorare il recupero muscolare e il recupero dall&#8217;esercizio, ad esempio massimizzando i risultati dell&#8217;allenamento di forza.<\/span><\/p>\n<p><span class=\"a-list-item\">CRESCITA MUSCOLARE &#8211; La creatina in polvere JeaKen ha un rapido assorbimento e una potenza esplosiva con tempi di recupero pi\u00f9 rapidi rispetto alle capsule di creatina monoidrato o alle compresse di creatina monoidrato. Pu\u00f2 essere utile per aumentare il contenuto di acqua nei muscoli, aumentandone cos\u00ec le dimensioni. Questo integratore pu\u00f2 mostrare le sue propriet\u00e0 nell&#8217;aumentare le dimensioni delle fibre muscolari.<\/span><\/p>\n<p><span class=\"a-list-item\">CONVENIENTE &#8211; La nostra Creatina Monoidrato in polvere non \u00e8 aromatizzata e si mescola facilmente all&#8217;acqua, ai succhi di frutta o ai frullati, senza alcun sapore grintoso.<\/span><\/p>\n<p><span class=\"a-list-item\">QUALIT\u00c0 DI CUI POTETE FIDARVI &#8211; La creatina monoidrato in polvere di JeaKen \u00e8 adatta a vegani e vegetariani. Tutti i prodotti JeaKen a base di creatina in polvere sono fabbricati nel Regno Unito in base a un rigoroso codice GMP, i pi\u00f9 alti standard di produzione al mondo, a differenza di altri marchi importati, e sono accompagnati da una GARANZIA DI RIMBORSO DEL 100%.<\/span><\/p>\n","protected":false},"excerpt":{"rendered":"<p><strong>  CREATINA MONOIDRATO IN POLVERE Di JeaKen &#8230;<\/strong><\/p>\n<p><strong>Volete stimolare la crescita muscolare &#8211; Aumentare il volume delle cellule muscolari?<\/strong><\/p>\n<p>Allora non cercate oltre: la CREATINA MONOIDRATO IN POLVERE di JeaKen \u00e8 perfetta per voi!<\/p>\n<p><strong>Perch\u00e9 scegliere CREATINE MONOHYDRATE POWDER By JeaKen?<\/strong><\/p>\n<p>La nostra creatina monoidrato micronizzata al 100% \u00e8 testata e analizzata con HPLC per verificarne la purezza.<\/p>\n<p>Senza diciandiammide (DCD).<\/p>\n<p><strong>BENEFICI CHIAVE:<\/strong><\/p>\n<p>La creatina monoidrato 500 g \u00e8 la polvere di creatina per la crescita muscolare;<\/p>\n<p>* Aumenta il volume delle cellule muscolari.<\/p>\n<p>* Aumenta la potenza esplosiva.<\/p>\n<p>* Aumenta la resistenza.<\/p>\n<p>* Consentire un recupero pi\u00f9 rapido.<\/p>\n<p><strong>USO CONSIGLIATO:<\/strong><\/p>\n<p>Creatina monoidrato 5 g per porzione.Dosaggio di carico: 20 g al giorno per 5 giorni (4 x 5 g nell&#8217;arco della giornata) o 25 g al giorno per 4 giorni (5 x 5 g nell&#8217;arco della giornata).<\/p>\n<p><strong>DOSAGGIO DI MANTENIMENTO:<\/strong><\/p>\n<p>5 g al giorno (un cucchiaino leggermente colmo da 5 ml circa). Assumere per circa 7-10 settimane con<\/p>\n<p>due o tre settimane di pausa, prima di ricaricare e mantenere.<\/p>\n<p><strong>COMPRALO ORA  <\/strong><\/p>\n<p><strong>Fate clic su &#8220;AGGIUNGI AL CARRELLO&#8221; ora, fino ad esaurimento scorte!<\/strong><\/p>\n","protected":false},"featured_media":3419,"template":"","meta":{"site-sidebar-layout":"default","site-content-layout":"default","ast-site-content-layout":"default","site-content-style":"default","site-sidebar-style":"default","ast-global-header-display":"","ast-banner-title-visibility":"","ast-main-header-display":"","ast-hfb-above-header-display":"","ast-hfb-below-header-display":"","ast-hfb-mobile-header-display":"","site-post-title":"","ast-breadcrumbs-content":"","ast-featured-img":"","footer-sml-layout":"","theme-transparent-header-meta":"default","adv-header-id-meta":"","stick-header-meta":"default","header-above-stick-meta":"","header-main-stick-meta":"","header-below-stick-meta":"","astra-migrate-meta-layouts":"default","ast-page-background-enabled":"default","ast-page-background-meta":{"desktop":{"background-color":"","background-image":"","background-repeat":"repeat","background-position":"center center","background-size":"auto","background-attachment":"scroll","background-type":"","background-media":"","overlay-type":"","overlay-color":"","overlay-opacity":"","overlay-gradient":""},"tablet":{"background-color":"","background-image":"","background-repeat":"repeat","background-position":"center center","background-size":"auto","background-attachment":"scroll","background-type":"","background-media":"","overlay-type":"","overlay-color":"","overlay-opacity":"","overlay-gradient":""},"mobile":{"background-color":"","background-image":"","background-repeat":"repeat","background-position":"center center","background-size":"auto","background-attachment":"scroll","background-type":"","background-media":"","overlay-type":"","overlay-color":"","overlay-opacity":"","overlay-gradient":""}},"ast-content-background-meta":{"desktop":{"background-color":"var(--ast-global-color-5)","background-image":"","background-repeat":"repeat","background-position":"center center","background-size":"auto","background-attachment":"scroll","background-type":"","background-media":"","overlay-type":"","overlay-color":"","overlay-opacity":"","overlay-gradient":""},"tablet":{"background-color":"var(--ast-global-color-5)","background-image":"","background-repeat":"repeat","background-position":"center center","background-size":"auto","background-attachment":"scroll","background-type":"","background-media":"","overlay-type":"","overlay-color":"","overlay-opacity":"","overlay-gradient":""},"mobile":{"background-color":"var(--ast-global-color-5)","background-image":"","background-repeat":"repeat","background-position":"center center","background-size":"auto","background-attachment":"scroll","background-type":"","background-media":"","overlay-type":"","overlay-color":"","overlay-opacity":"","overlay-gradient":""}}},"product_cat":[537],"product_tag":[1132,1135,1141,1150,1153,1159,1138,1147,1144],"class_list":{"0":"post-6888","1":"product","2":"type-product","3":"status-publish","4":"has-post-thumbnail","6":"product_cat-nutrizione-sportiva","7":"product_tag-capsula-di-creatina","8":"product_tag-capsule-di-creatina","9":"product_tag-capsule-di-creatina-monoidrato","10":"product_tag-creatina-in-polvere","11":"product_tag-creatina-in-polvere-it","12":"product_tag-creatina-micronizzata","13":"product_tag-creatina-monoidrato","14":"product_tag-creatina-monoidrato-in-compresse","15":"product_tag-creatina-monoidrato-in-polvere","16":"has-subscription-plans","17":"desktop-align-left","18":"tablet-align-left","19":"mobile-align-left","21":"first","22":"outofstock","23":"taxable","24":"shipping-taxable","25":"purchasable","26":"product-type-simple"},"yoast_head":"<!-- This site is optimized with the Yoast SEO plugin v22.7 - https:\/\/yoast.com\/wordpress\/plugins\/seo\/ -->\n<title>Creatina monoidrato pura - Integratore in polvere per il potenziamento muscolare e il post workout (500 g) - JeaKen<\/title>\n<meta name=\"robots\" content=\"index, follow, max-snippet:-1, max-image-preview:large, max-video-preview:-1\" \/>\n<link rel=\"canonical\" href=\"https:\/\/jeaken.com\/it\/prodotto\/creatina-monoidrato-pura-integratore-in-polvere-per-il-potenziamento-muscolare-e-il-post-workout-500-g\/\" \/>\n<meta property=\"og:locale\" content=\"it_IT\" \/>\n<meta property=\"og:type\" content=\"article\" \/>\n<meta property=\"og:title\" content=\"Creatina monoidrato pura - Integratore in polvere per il potenziamento muscolare e il post workout (500 g) - JeaKen\" \/>\n<meta property=\"og:description\" content=\"CREATINA MONOIDRATO IN POLVERE Di JeaKen ... Volete stimolare la crescita muscolare - Aumentare il volume delle cellule muscolari? Allora non cercate oltre: la CREATINA MONOIDRATO IN POLVERE di JeaKen \u00e8 perfetta per voi! Perch\u00e9 scegliere CREATINE MONOHYDRATE POWDER By JeaKen? La nostra creatina monoidrato micronizzata al 100% \u00e8 testata e analizzata con HPLC per verificarne la purezza. Senza diciandiammide (DCD). BENEFICI CHIAVE: La creatina monoidrato 500 g \u00e8 la polvere di creatina per la crescita muscolare; * Aumenta il volume delle cellule muscolari. * Aumenta la potenza esplosiva. * Aumenta la resistenza. * Consentire un recupero pi\u00f9 rapido. USO CONSIGLIATO: Creatina monoidrato 5 g per porzione.Dosaggio di carico: 20 g al giorno per 5 giorni (4 x 5 g nell&#039;arco della giornata) o 25 g al giorno per 4 giorni (5 x 5 g nell&#039;arco della giornata). DOSAGGIO DI MANTENIMENTO: 5 g al giorno (un cucchiaino leggermente colmo da 5 ml circa). Assumere per circa 7-10 settimane con due o tre settimane di pausa, prima di ricaricare e mantenere. COMPRALO ORA  Fate clic su &quot;AGGIUNGI AL CARRELLO&quot; ora, fino ad esaurimento scorte!\" \/>\n<meta property=\"og:url\" content=\"https:\/\/jeaken.com\/it\/prodotto\/creatina-monoidrato-pura-integratore-in-polvere-per-il-potenziamento-muscolare-e-il-post-workout-500-g\/\" \/>\n<meta property=\"og:site_name\" content=\"JeaKen\" \/>\n<meta property=\"article:modified_time\" content=\"2022-08-09T14:14:49+00:00\" \/>\n<meta property=\"og:image\" content=\"https:\/\/jeaken.com\/wp-content\/uploads\/2022\/07\/71grcDW-M9L._AC_SL1500_-1.jpg\" \/>\n\t<meta property=\"og:image:width\" content=\"600\" \/>\n\t<meta property=\"og:image:height\" content=\"600\" \/>\n\t<meta property=\"og:image:type\" content=\"image\/jpeg\" \/>\n<meta name=\"twitter:card\" content=\"summary_large_image\" \/>\n<meta name=\"twitter:label1\" content=\"Est. reading time\" \/>\n\t<meta name=\"twitter:data1\" content=\"1 minute\" \/>\n<script type=\"application\/ld+json\" class=\"yoast-schema-graph\">{\"@context\":\"https:\/\/schema.org\",\"@graph\":[{\"@type\":\"WebPage\",\"@id\":\"https:\/\/jeaken.com\/it\/prodotto\/creatina-monoidrato-pura-integratore-in-polvere-per-il-potenziamento-muscolare-e-il-post-workout-500-g\/\",\"url\":\"https:\/\/jeaken.com\/it\/prodotto\/creatina-monoidrato-pura-integratore-in-polvere-per-il-potenziamento-muscolare-e-il-post-workout-500-g\/\",\"name\":\"Creatina monoidrato pura - Integratore in polvere per il potenziamento muscolare e il post workout (500 g) - JeaKen\",\"isPartOf\":{\"@id\":\"https:\/\/jeaken.com\/it\/#website\"},\"primaryImageOfPage\":{\"@id\":\"https:\/\/jeaken.com\/it\/prodotto\/creatina-monoidrato-pura-integratore-in-polvere-per-il-potenziamento-muscolare-e-il-post-workout-500-g\/#primaryimage\"},\"image\":{\"@id\":\"https:\/\/jeaken.com\/it\/prodotto\/creatina-monoidrato-pura-integratore-in-polvere-per-il-potenziamento-muscolare-e-il-post-workout-500-g\/#primaryimage\"},\"thumbnailUrl\":\"https:\/\/jeaken.com\/wp-content\/uploads\/2022\/07\/71grcDW-M9L._AC_SL1500_-1.jpg\",\"datePublished\":\"2022-07-21T18:18:16+00:00\",\"dateModified\":\"2022-08-09T14:14:49+00:00\",\"breadcrumb\":{\"@id\":\"https:\/\/jeaken.com\/it\/prodotto\/creatina-monoidrato-pura-integratore-in-polvere-per-il-potenziamento-muscolare-e-il-post-workout-500-g\/#breadcrumb\"},\"inLanguage\":\"it-IT\",\"potentialAction\":[{\"@type\":\"ReadAction\",\"target\":[\"https:\/\/jeaken.com\/it\/prodotto\/creatina-monoidrato-pura-integratore-in-polvere-per-il-potenziamento-muscolare-e-il-post-workout-500-g\/\"]}]},{\"@type\":\"ImageObject\",\"inLanguage\":\"it-IT\",\"@id\":\"https:\/\/jeaken.com\/it\/prodotto\/creatina-monoidrato-pura-integratore-in-polvere-per-il-potenziamento-muscolare-e-il-post-workout-500-g\/#primaryimage\",\"url\":\"https:\/\/jeaken.com\/wp-content\/uploads\/2022\/07\/71grcDW-M9L._AC_SL1500_-1.jpg\",\"contentUrl\":\"https:\/\/jeaken.com\/wp-content\/uploads\/2022\/07\/71grcDW-M9L._AC_SL1500_-1.jpg\",\"width\":600,\"height\":600,\"caption\":\"Pure Creatine Monohydrate - Muscle Gainer and Post Work Out Powder Supplement\"},{\"@type\":\"BreadcrumbList\",\"@id\":\"https:\/\/jeaken.com\/it\/prodotto\/creatina-monoidrato-pura-integratore-in-polvere-per-il-potenziamento-muscolare-e-il-post-workout-500-g\/#breadcrumb\",\"itemListElement\":[{\"@type\":\"ListItem\",\"position\":1,\"name\":\"Home\",\"item\":\"https:\/\/jeaken.com\/it\/\"},{\"@type\":\"ListItem\",\"position\":2,\"name\":\"Private: Shop\",\"item\":\"https:\/\/jeaken.com\/shop\/\"},{\"@type\":\"ListItem\",\"position\":3,\"name\":\"Creatina monoidrato pura &#8211; Integratore in polvere per il potenziamento muscolare e il post workout (500 g)\"}]},{\"@type\":\"WebSite\",\"@id\":\"https:\/\/jeaken.com\/it\/#website\",\"url\":\"https:\/\/jeaken.com\/it\/\",\"name\":\"JeaKen\",\"description\":\"Organic Supplements for Health, Fitness and Nutrition\",\"publisher\":{\"@id\":\"https:\/\/jeaken.com\/it\/#organization\"},\"potentialAction\":[{\"@type\":\"SearchAction\",\"target\":{\"@type\":\"EntryPoint\",\"urlTemplate\":\"https:\/\/jeaken.com\/it\/?s={search_term_string}\"},\"query-input\":\"required name=search_term_string\"}],\"inLanguage\":\"it-IT\"},{\"@type\":\"Organization\",\"@id\":\"https:\/\/jeaken.com\/it\/#organization\",\"name\":\"JeaKen\",\"url\":\"https:\/\/jeaken.com\/it\/\",\"logo\":{\"@type\":\"ImageObject\",\"inLanguage\":\"it-IT\",\"@id\":\"https:\/\/jeaken.com\/it\/#\/schema\/logo\/image\/\",\"url\":\"https:\/\/jeaken.com\/wp-content\/uploads\/2022\/06\/jeaken-logo-23.png\",\"contentUrl\":\"https:\/\/jeaken.com\/wp-content\/uploads\/2022\/06\/jeaken-logo-23.png\",\"width\":2486,\"height\":736,\"caption\":\"JeaKen\"},\"image\":{\"@id\":\"https:\/\/jeaken.com\/it\/#\/schema\/logo\/image\/\"}}]}<\/script>\n<!-- \/ Yoast SEO plugin. -->","yoast_head_json":{"title":"Creatina monoidrato pura - Integratore in polvere per il potenziamento muscolare e il post workout (500 g) - JeaKen","robots":{"index":"index","follow":"follow","max-snippet":"max-snippet:-1","max-image-preview":"max-image-preview:large","max-video-preview":"max-video-preview:-1"},"canonical":"https:\/\/jeaken.com\/it\/prodotto\/creatina-monoidrato-pura-integratore-in-polvere-per-il-potenziamento-muscolare-e-il-post-workout-500-g\/","og_locale":"it_IT","og_type":"article","og_title":"Creatina monoidrato pura - Integratore in polvere per il potenziamento muscolare e il post workout (500 g) - JeaKen","og_description":"CREATINA MONOIDRATO IN POLVERE Di JeaKen ... Volete stimolare la crescita muscolare - Aumentare il volume delle cellule muscolari? Allora non cercate oltre: la CREATINA MONOIDRATO IN POLVERE di JeaKen \u00e8 perfetta per voi! Perch\u00e9 scegliere CREATINE MONOHYDRATE POWDER By JeaKen? La nostra creatina monoidrato micronizzata al 100% \u00e8 testata e analizzata con HPLC per verificarne la purezza. Senza diciandiammide (DCD). BENEFICI CHIAVE: La creatina monoidrato 500 g \u00e8 la polvere di creatina per la crescita muscolare; * Aumenta il volume delle cellule muscolari. * Aumenta la potenza esplosiva. * Aumenta la resistenza. * Consentire un recupero pi\u00f9 rapido. USO CONSIGLIATO: Creatina monoidrato 5 g per porzione.Dosaggio di carico: 20 g al giorno per 5 giorni (4 x 5 g nell'arco della giornata) o 25 g al giorno per 4 giorni (5 x 5 g nell'arco della giornata). DOSAGGIO DI MANTENIMENTO: 5 g al giorno (un cucchiaino leggermente colmo da 5 ml circa). Assumere per circa 7-10 settimane con due o tre settimane di pausa, prima di ricaricare e mantenere. COMPRALO ORA  Fate clic su \"AGGIUNGI AL CARRELLO\" ora, fino ad esaurimento scorte!","og_url":"https:\/\/jeaken.com\/it\/prodotto\/creatina-monoidrato-pura-integratore-in-polvere-per-il-potenziamento-muscolare-e-il-post-workout-500-g\/","og_site_name":"JeaKen","article_modified_time":"2022-08-09T14:14:49+00:00","og_image":[{"width":600,"height":600,"url":"https:\/\/jeaken.com\/wp-content\/uploads\/2022\/07\/71grcDW-M9L._AC_SL1500_-1.jpg","type":"image\/jpeg"}],"twitter_card":"summary_large_image","twitter_misc":{"Est. reading time":"1 minute"},"schema":{"@context":"https:\/\/schema.org","@graph":[{"@type":"WebPage","@id":"https:\/\/jeaken.com\/it\/prodotto\/creatina-monoidrato-pura-integratore-in-polvere-per-il-potenziamento-muscolare-e-il-post-workout-500-g\/","url":"https:\/\/jeaken.com\/it\/prodotto\/creatina-monoidrato-pura-integratore-in-polvere-per-il-potenziamento-muscolare-e-il-post-workout-500-g\/","name":"Creatina monoidrato pura - Integratore in polvere per il potenziamento muscolare e il post workout (500 g) - JeaKen","isPartOf":{"@id":"https:\/\/jeaken.com\/it\/#website"},"primaryImageOfPage":{"@id":"https:\/\/jeaken.com\/it\/prodotto\/creatina-monoidrato-pura-integratore-in-polvere-per-il-potenziamento-muscolare-e-il-post-workout-500-g\/#primaryimage"},"image":{"@id":"https:\/\/jeaken.com\/it\/prodotto\/creatina-monoidrato-pura-integratore-in-polvere-per-il-potenziamento-muscolare-e-il-post-workout-500-g\/#primaryimage"},"thumbnailUrl":"https:\/\/jeaken.com\/wp-content\/uploads\/2022\/07\/71grcDW-M9L._AC_SL1500_-1.jpg","datePublished":"2022-07-21T18:18:16+00:00","dateModified":"2022-08-09T14:14:49+00:00","breadcrumb":{"@id":"https:\/\/jeaken.com\/it\/prodotto\/creatina-monoidrato-pura-integratore-in-polvere-per-il-potenziamento-muscolare-e-il-post-workout-500-g\/#breadcrumb"},"inLanguage":"it-IT","potentialAction":[{"@type":"ReadAction","target":["https:\/\/jeaken.com\/it\/prodotto\/creatina-monoidrato-pura-integratore-in-polvere-per-il-potenziamento-muscolare-e-il-post-workout-500-g\/"]}]},{"@type":"ImageObject","inLanguage":"it-IT","@id":"https:\/\/jeaken.com\/it\/prodotto\/creatina-monoidrato-pura-integratore-in-polvere-per-il-potenziamento-muscolare-e-il-post-workout-500-g\/#primaryimage","url":"https:\/\/jeaken.com\/wp-content\/uploads\/2022\/07\/71grcDW-M9L._AC_SL1500_-1.jpg","contentUrl":"https:\/\/jeaken.com\/wp-content\/uploads\/2022\/07\/71grcDW-M9L._AC_SL1500_-1.jpg","width":600,"height":600,"caption":"Pure Creatine Monohydrate - Muscle Gainer and Post Work Out Powder Supplement"},{"@type":"BreadcrumbList","@id":"https:\/\/jeaken.com\/it\/prodotto\/creatina-monoidrato-pura-integratore-in-polvere-per-il-potenziamento-muscolare-e-il-post-workout-500-g\/#breadcrumb","itemListElement":[{"@type":"ListItem","position":1,"name":"Home","item":"https:\/\/jeaken.com\/it\/"},{"@type":"ListItem","position":2,"name":"Private: Shop","item":"https:\/\/jeaken.com\/shop\/"},{"@type":"ListItem","position":3,"name":"Creatina monoidrato pura &#8211; Integratore in polvere per il potenziamento muscolare e il post workout (500 g)"}]},{"@type":"WebSite","@id":"https:\/\/jeaken.com\/it\/#website","url":"https:\/\/jeaken.com\/it\/","name":"JeaKen","description":"Organic Supplements for Health, Fitness and Nutrition","publisher":{"@id":"https:\/\/jeaken.com\/it\/#organization"},"potentialAction":[{"@type":"SearchAction","target":{"@type":"EntryPoint","urlTemplate":"https:\/\/jeaken.com\/it\/?s={search_term_string}"},"query-input":"required name=search_term_string"}],"inLanguage":"it-IT"},{"@type":"Organization","@id":"https:\/\/jeaken.com\/it\/#organization","name":"JeaKen","url":"https:\/\/jeaken.com\/it\/","logo":{"@type":"ImageObject","inLanguage":"it-IT","@id":"https:\/\/jeaken.com\/it\/#\/schema\/logo\/image\/","url":"https:\/\/jeaken.com\/wp-content\/uploads\/2022\/06\/jeaken-logo-23.png","contentUrl":"https:\/\/jeaken.com\/wp-content\/uploads\/2022\/06\/jeaken-logo-23.png","width":2486,"height":736,"caption":"JeaKen"},"image":{"@id":"https:\/\/jeaken.com\/it\/#\/schema\/logo\/image\/"}}]}},"jetpack_sharing_enabled":true,"_links":{"self":[{"href":"https:\/\/jeaken.com\/it\/wp-json\/wp\/v2\/product\/6888","targetHints":{"allow":["GET"]}}],"collection":[{"href":"https:\/\/jeaken.com\/it\/wp-json\/wp\/v2\/product"}],"about":[{"href":"https:\/\/jeaken.com\/it\/wp-json\/wp\/v2\/types\/product"}],"wp:featuredmedia":[{"embeddable":true,"href":"https:\/\/jeaken.com\/it\/wp-json\/wp\/v2\/media\/3419"}],"wp:attachment":[{"href":"https:\/\/jeaken.com\/it\/wp-json\/wp\/v2\/media?parent=6888"}],"wp:term":[{"taxonomy":"product_cat","embeddable":true,"href":"https:\/\/jeaken.com\/it\/wp-json\/wp\/v2\/product_cat?post=6888"},{"taxonomy":"product_tag","embeddable":true,"href":"https:\/\/jeaken.com\/it\/wp-json\/wp\/v2\/product_tag?post=6888"}],"curies":[{"name":"wp","href":"https:\/\/api.w.org\/{rel}","templated":true}]}}