{"id":6886,"date":"2022-07-21T19:18:16","date_gmt":"2022-07-21T18:18:16","guid":{"rendered":"https:\/1658920591610?product=capsule-di-l-glutammina-500-mg-per-la-generazione-e-il-recupero-muscolare-120-capsule"},"modified":"2022-08-09T15:14:49","modified_gmt":"2022-08-09T14:14:49","slug":"capsule-di-l-glutammina-500-mg-per-la-generazione-e-il-recupero-muscolare-120-capsule","status":"publish","type":"product","link":"https:\/\/jeaken.com\/it\/prodotto\/capsule-di-l-glutammina-500-mg-per-la-generazione-e-il-recupero-muscolare-120-capsule\/","title":{"rendered":"Capsule di L-Glutammina (500 mg) &#8211; Per la generazione e il recupero muscolare (120 capsule)"},"content":{"rendered":"<p><strong><span class=\"a-list-item\">AMINOACIDO VITALE RICHIESTO DA OGNI MUSCOLO  <\/span><\/strong><\/p>\n<p><span class=\"a-list-item\">  La L-Glutammina \u00e8 un aminoacido vitale richiesto da ogni muscolo dell&#8217;organismo ed \u00e8 uno dei pi\u00f9 importanti mattoni per la formazione delle proteine che mantengono la salute delle cellule e la riparazione dei tessuti. La glutammina si trova in quantit\u00e0 variabili nella maggior parte delle carni e dei pesci e, in piccola parte, nelle verdure e nei legumi.<\/span><\/p>\n<p><strong><span class=\"a-list-item\">PREVIENE LA DISGREGAZIONE MUSCOLARE E FAVORISCE IL RECUPERO MUSCOLARE  <\/span><\/strong><\/p>\n<p><span class=\"a-list-item\">  Chiunque partecipi a programmi di allenamento ad alta intensit\u00e0 finalizzati all&#8217;ipertrofia pu\u00f2 trovare nelle capsule di L-Glutammina o nella polvere di L-Glutammina un integratore vantaggioso. La L-Glutammina \u00e8 l&#8217;aminoacido pi\u00f9 abbondante presente nel corpo umano e favorisce lo sforzo e il recupero muscolare e la salute gastrointestinale.<\/span><\/p>\n<p><strong><span class=\"a-list-item\">STIMOLA LA PRODUZIONE DI ORMONI  <\/span><\/strong><\/p>\n<p><span class=\"a-list-item\">  L&#8217;integrazione di glutammina favorisce la sintesi proteica e il tasso di produzione di glicogeno. Durante l&#8217;esercizio fisico, la glutammina viene rapidamente depauperata dai muscoli a causa del suo elevato coinvolgimento in numerose reazioni. L&#8217;integrazione con glutammina \u00e8 importante per compensare queste riduzioni e creare un ambiente ottimale per lo sviluppo muscolare.<\/span><\/p>\n<p><strong><span class=\"a-list-item\">RAFFORZA IL SISTEMA IMMUNITARIO  <\/span><\/strong><\/p>\n<p><span class=\"a-list-item\">La glutammina svolge un ruolo nella divisione delle cellule immunitarie. Preserva il tessuto muscolare e sostiene la funzione immunitaria nei periodi di stress immunitario e muscolare.<\/span><\/p>\n<p>&nbsp;<\/p>\n","protected":false},"excerpt":{"rendered":"<h4><b>Un integratore efficace per gli atleti impegnati in allenamenti ad alta intensit\u00e0.<\/b><\/h4>\n<p>&nbsp;<\/p>\n<p>&nbsp;<\/p>\n","protected":false},"featured_media":16040,"template":"","meta":{"site-sidebar-layout":"default","site-content-layout":"default","ast-site-content-layout":"default","site-content-style":"default","site-sidebar-style":"default","ast-global-header-display":"","ast-banner-title-visibility":"","ast-main-header-display":"","ast-hfb-above-header-display":"","ast-hfb-below-header-display":"","ast-hfb-mobile-header-display":"","site-post-title":"","ast-breadcrumbs-content":"","ast-featured-img":"","footer-sml-layout":"","theme-transparent-header-meta":"default","adv-header-id-meta":"","stick-header-meta":"default","header-above-stick-meta":"","header-main-stick-meta":"","header-below-stick-meta":"","astra-migrate-meta-layouts":"default","ast-page-background-enabled":"default","ast-page-background-meta":{"desktop":{"background-color":"","background-image":"","background-repeat":"repeat","background-position":"center center","background-size":"auto","background-attachment":"scroll","background-type":"","background-media":"","overlay-type":"","overlay-color":"","overlay-opacity":"","overlay-gradient":""},"tablet":{"background-color":"","background-image":"","background-repeat":"repeat","background-position":"center center","background-size":"auto","background-attachment":"scroll","background-type":"","background-media":"","overlay-type":"","overlay-color":"","overlay-opacity":"","overlay-gradient":""},"mobile":{"background-color":"","background-image":"","background-repeat":"repeat","background-position":"center center","background-size":"auto","background-attachment":"scroll","background-type":"","background-media":"","overlay-type":"","overlay-color":"","overlay-opacity":"","overlay-gradient":""}},"ast-content-background-meta":{"desktop":{"background-color":"var(--ast-global-color-5)","background-image":"","background-repeat":"repeat","background-position":"center center","background-size":"auto","background-attachment":"scroll","background-type":"","background-media":"","overlay-type":"","overlay-color":"","overlay-opacity":"","overlay-gradient":""},"tablet":{"background-color":"var(--ast-global-color-5)","background-image":"","background-repeat":"repeat","background-position":"center center","background-size":"auto","background-attachment":"scroll","background-type":"","background-media":"","overlay-type":"","overlay-color":"","overlay-opacity":"","overlay-gradient":""},"mobile":{"background-color":"var(--ast-global-color-5)","background-image":"","background-repeat":"repeat","background-position":"center center","background-size":"auto","background-attachment":"scroll","background-type":"","background-media":"","overlay-type":"","overlay-color":"","overlay-opacity":"","overlay-gradient":""}}},"product_cat":[617,537,546],"product_tag":[1134,1128,1137,1146,1156,1130,1149,1163,1143,1140,1152,1160],"class_list":{"0":"post-6886","1":"product","2":"type-product","3":"status-publish","4":"has-post-thumbnail","6":"product_cat-costruzione-muscolare","7":"product_cat-nutrizione-sportiva","8":"product_cat-umore-e-benessere","9":"product_tag-aminoacidi-in-capsule","10":"product_tag-aminoacidi-in-polvere","11":"product_tag-aminoacidi-in-polvere-it","12":"product_tag-aminoacido-essenziale","13":"product_tag-capsule-di-l-glutammina","14":"product_tag-compresse-di-aminoacidi","15":"product_tag-compresse-di-glutammina","16":"product_tag-compresse-muscolari","17":"product_tag-energia-amminica","18":"product_tag-integratori-di-aminoacidi","19":"product_tag-l-glutammina-capsule-mg","20":"product_tag-l-glutammina-in-polvere","21":"has-subscription-plans","22":"desktop-align-left","23":"tablet-align-left","24":"mobile-align-left","26":"first","27":"instock","28":"taxable","29":"shipping-taxable","30":"purchasable","31":"product-type-simple"},"yoast_head":"<!-- This site is optimized with the Yoast SEO plugin v22.7 - https:\/\/yoast.com\/wordpress\/plugins\/seo\/ -->\n<title>Capsule di L-Glutammina (500 mg) - Per la generazione e il recupero muscolare (120 capsule) - JeaKen<\/title>\n<meta name=\"robots\" content=\"index, follow, max-snippet:-1, max-image-preview:large, max-video-preview:-1\" \/>\n<link rel=\"canonical\" href=\"https:\/\/jeaken.com\/it\/prodotto\/capsule-di-l-glutammina-500-mg-per-la-generazione-e-il-recupero-muscolare-120-capsule\/\" \/>\n<meta property=\"og:locale\" content=\"it_IT\" \/>\n<meta property=\"og:type\" content=\"article\" \/>\n<meta property=\"og:title\" content=\"Capsule di L-Glutammina (500 mg) - Per la generazione e il recupero muscolare (120 capsule) - JeaKen\" \/>\n<meta property=\"og:description\" content=\"Un integratore efficace per gli atleti impegnati in allenamenti ad alta intensit\u00e0. &nbsp; &nbsp;\" \/>\n<meta property=\"og:url\" content=\"https:\/\/jeaken.com\/it\/prodotto\/capsule-di-l-glutammina-500-mg-per-la-generazione-e-il-recupero-muscolare-120-capsule\/\" \/>\n<meta property=\"og:site_name\" content=\"JeaKen\" \/>\n<meta property=\"article:modified_time\" content=\"2022-08-09T14:14:49+00:00\" \/>\n<meta property=\"og:image\" content=\"https:\/\/jeaken.com\/wp-content\/uploads\/2022\/07\/L-Glutamine.jpg\" \/>\n\t<meta property=\"og:image:width\" content=\"512\" \/>\n\t<meta property=\"og:image:height\" content=\"600\" \/>\n\t<meta property=\"og:image:type\" content=\"image\/jpeg\" \/>\n<meta name=\"twitter:card\" content=\"summary_large_image\" \/>\n<meta name=\"twitter:label1\" content=\"Est. reading time\" \/>\n\t<meta name=\"twitter:data1\" content=\"1 minute\" \/>\n<script type=\"application\/ld+json\" class=\"yoast-schema-graph\">{\"@context\":\"https:\/\/schema.org\",\"@graph\":[{\"@type\":\"WebPage\",\"@id\":\"https:\/\/jeaken.com\/it\/prodotto\/capsule-di-l-glutammina-500-mg-per-la-generazione-e-il-recupero-muscolare-120-capsule\/\",\"url\":\"https:\/\/jeaken.com\/it\/prodotto\/capsule-di-l-glutammina-500-mg-per-la-generazione-e-il-recupero-muscolare-120-capsule\/\",\"name\":\"Capsule di L-Glutammina (500 mg) - Per la generazione e il recupero muscolare (120 capsule) - JeaKen\",\"isPartOf\":{\"@id\":\"https:\/\/jeaken.com\/it\/#website\"},\"primaryImageOfPage\":{\"@id\":\"https:\/\/jeaken.com\/it\/prodotto\/capsule-di-l-glutammina-500-mg-per-la-generazione-e-il-recupero-muscolare-120-capsule\/#primaryimage\"},\"image\":{\"@id\":\"https:\/\/jeaken.com\/it\/prodotto\/capsule-di-l-glutammina-500-mg-per-la-generazione-e-il-recupero-muscolare-120-capsule\/#primaryimage\"},\"thumbnailUrl\":\"https:\/\/jeaken.com\/wp-content\/uploads\/2022\/07\/L-Glutamine.jpg\",\"datePublished\":\"2022-07-21T18:18:16+00:00\",\"dateModified\":\"2022-08-09T14:14:49+00:00\",\"breadcrumb\":{\"@id\":\"https:\/\/jeaken.com\/it\/prodotto\/capsule-di-l-glutammina-500-mg-per-la-generazione-e-il-recupero-muscolare-120-capsule\/#breadcrumb\"},\"inLanguage\":\"it-IT\",\"potentialAction\":[{\"@type\":\"ReadAction\",\"target\":[\"https:\/\/jeaken.com\/it\/prodotto\/capsule-di-l-glutammina-500-mg-per-la-generazione-e-il-recupero-muscolare-120-capsule\/\"]}]},{\"@type\":\"ImageObject\",\"inLanguage\":\"it-IT\",\"@id\":\"https:\/\/jeaken.com\/it\/prodotto\/capsule-di-l-glutammina-500-mg-per-la-generazione-e-il-recupero-muscolare-120-capsule\/#primaryimage\",\"url\":\"https:\/\/jeaken.com\/wp-content\/uploads\/2022\/07\/L-Glutamine.jpg\",\"contentUrl\":\"https:\/\/jeaken.com\/wp-content\/uploads\/2022\/07\/L-Glutamine.jpg\",\"width\":512,\"height\":600,\"caption\":\"L-Glutamine Capsules (500mg) \u2013 For Muscle Generation and Recovery (120 Capsules)\"},{\"@type\":\"BreadcrumbList\",\"@id\":\"https:\/\/jeaken.com\/it\/prodotto\/capsule-di-l-glutammina-500-mg-per-la-generazione-e-il-recupero-muscolare-120-capsule\/#breadcrumb\",\"itemListElement\":[{\"@type\":\"ListItem\",\"position\":1,\"name\":\"Home\",\"item\":\"https:\/\/jeaken.com\/it\/\"},{\"@type\":\"ListItem\",\"position\":2,\"name\":\"Private: Shop\",\"item\":\"https:\/\/jeaken.com\/shop\/\"},{\"@type\":\"ListItem\",\"position\":3,\"name\":\"Capsule di L-Glutammina (500 mg) &#8211; Per la generazione e il recupero muscolare (120 capsule)\"}]},{\"@type\":\"WebSite\",\"@id\":\"https:\/\/jeaken.com\/it\/#website\",\"url\":\"https:\/\/jeaken.com\/it\/\",\"name\":\"JeaKen\",\"description\":\"Organic Supplements for Health, Fitness and Nutrition\",\"publisher\":{\"@id\":\"https:\/\/jeaken.com\/it\/#organization\"},\"potentialAction\":[{\"@type\":\"SearchAction\",\"target\":{\"@type\":\"EntryPoint\",\"urlTemplate\":\"https:\/\/jeaken.com\/it\/?s={search_term_string}\"},\"query-input\":\"required name=search_term_string\"}],\"inLanguage\":\"it-IT\"},{\"@type\":\"Organization\",\"@id\":\"https:\/\/jeaken.com\/it\/#organization\",\"name\":\"JeaKen\",\"url\":\"https:\/\/jeaken.com\/it\/\",\"logo\":{\"@type\":\"ImageObject\",\"inLanguage\":\"it-IT\",\"@id\":\"https:\/\/jeaken.com\/it\/#\/schema\/logo\/image\/\",\"url\":\"https:\/\/jeaken.com\/wp-content\/uploads\/2022\/06\/jeaken-logo-23.png\",\"contentUrl\":\"https:\/\/jeaken.com\/wp-content\/uploads\/2022\/06\/jeaken-logo-23.png\",\"width\":2486,\"height\":736,\"caption\":\"JeaKen\"},\"image\":{\"@id\":\"https:\/\/jeaken.com\/it\/#\/schema\/logo\/image\/\"}}]}<\/script>\n<!-- \/ Yoast SEO plugin. -->","yoast_head_json":{"title":"Capsule di L-Glutammina (500 mg) - Per la generazione e il recupero muscolare (120 capsule) - JeaKen","robots":{"index":"index","follow":"follow","max-snippet":"max-snippet:-1","max-image-preview":"max-image-preview:large","max-video-preview":"max-video-preview:-1"},"canonical":"https:\/\/jeaken.com\/it\/prodotto\/capsule-di-l-glutammina-500-mg-per-la-generazione-e-il-recupero-muscolare-120-capsule\/","og_locale":"it_IT","og_type":"article","og_title":"Capsule di L-Glutammina (500 mg) - Per la generazione e il recupero muscolare (120 capsule) - JeaKen","og_description":"Un integratore efficace per gli atleti impegnati in allenamenti ad alta intensit\u00e0. &nbsp; &nbsp;","og_url":"https:\/\/jeaken.com\/it\/prodotto\/capsule-di-l-glutammina-500-mg-per-la-generazione-e-il-recupero-muscolare-120-capsule\/","og_site_name":"JeaKen","article_modified_time":"2022-08-09T14:14:49+00:00","og_image":[{"width":512,"height":600,"url":"https:\/\/jeaken.com\/wp-content\/uploads\/2022\/07\/L-Glutamine.jpg","type":"image\/jpeg"}],"twitter_card":"summary_large_image","twitter_misc":{"Est. reading time":"1 minute"},"schema":{"@context":"https:\/\/schema.org","@graph":[{"@type":"WebPage","@id":"https:\/\/jeaken.com\/it\/prodotto\/capsule-di-l-glutammina-500-mg-per-la-generazione-e-il-recupero-muscolare-120-capsule\/","url":"https:\/\/jeaken.com\/it\/prodotto\/capsule-di-l-glutammina-500-mg-per-la-generazione-e-il-recupero-muscolare-120-capsule\/","name":"Capsule di L-Glutammina (500 mg) - Per la generazione e il recupero muscolare (120 capsule) - JeaKen","isPartOf":{"@id":"https:\/\/jeaken.com\/it\/#website"},"primaryImageOfPage":{"@id":"https:\/\/jeaken.com\/it\/prodotto\/capsule-di-l-glutammina-500-mg-per-la-generazione-e-il-recupero-muscolare-120-capsule\/#primaryimage"},"image":{"@id":"https:\/\/jeaken.com\/it\/prodotto\/capsule-di-l-glutammina-500-mg-per-la-generazione-e-il-recupero-muscolare-120-capsule\/#primaryimage"},"thumbnailUrl":"https:\/\/jeaken.com\/wp-content\/uploads\/2022\/07\/L-Glutamine.jpg","datePublished":"2022-07-21T18:18:16+00:00","dateModified":"2022-08-09T14:14:49+00:00","breadcrumb":{"@id":"https:\/\/jeaken.com\/it\/prodotto\/capsule-di-l-glutammina-500-mg-per-la-generazione-e-il-recupero-muscolare-120-capsule\/#breadcrumb"},"inLanguage":"it-IT","potentialAction":[{"@type":"ReadAction","target":["https:\/\/jeaken.com\/it\/prodotto\/capsule-di-l-glutammina-500-mg-per-la-generazione-e-il-recupero-muscolare-120-capsule\/"]}]},{"@type":"ImageObject","inLanguage":"it-IT","@id":"https:\/\/jeaken.com\/it\/prodotto\/capsule-di-l-glutammina-500-mg-per-la-generazione-e-il-recupero-muscolare-120-capsule\/#primaryimage","url":"https:\/\/jeaken.com\/wp-content\/uploads\/2022\/07\/L-Glutamine.jpg","contentUrl":"https:\/\/jeaken.com\/wp-content\/uploads\/2022\/07\/L-Glutamine.jpg","width":512,"height":600,"caption":"L-Glutamine Capsules (500mg) \u2013 For Muscle Generation and Recovery (120 Capsules)"},{"@type":"BreadcrumbList","@id":"https:\/\/jeaken.com\/it\/prodotto\/capsule-di-l-glutammina-500-mg-per-la-generazione-e-il-recupero-muscolare-120-capsule\/#breadcrumb","itemListElement":[{"@type":"ListItem","position":1,"name":"Home","item":"https:\/\/jeaken.com\/it\/"},{"@type":"ListItem","position":2,"name":"Private: Shop","item":"https:\/\/jeaken.com\/shop\/"},{"@type":"ListItem","position":3,"name":"Capsule di L-Glutammina (500 mg) &#8211; Per la generazione e il recupero muscolare (120 capsule)"}]},{"@type":"WebSite","@id":"https:\/\/jeaken.com\/it\/#website","url":"https:\/\/jeaken.com\/it\/","name":"JeaKen","description":"Organic Supplements for Health, Fitness and Nutrition","publisher":{"@id":"https:\/\/jeaken.com\/it\/#organization"},"potentialAction":[{"@type":"SearchAction","target":{"@type":"EntryPoint","urlTemplate":"https:\/\/jeaken.com\/it\/?s={search_term_string}"},"query-input":"required name=search_term_string"}],"inLanguage":"it-IT"},{"@type":"Organization","@id":"https:\/\/jeaken.com\/it\/#organization","name":"JeaKen","url":"https:\/\/jeaken.com\/it\/","logo":{"@type":"ImageObject","inLanguage":"it-IT","@id":"https:\/\/jeaken.com\/it\/#\/schema\/logo\/image\/","url":"https:\/\/jeaken.com\/wp-content\/uploads\/2022\/06\/jeaken-logo-23.png","contentUrl":"https:\/\/jeaken.com\/wp-content\/uploads\/2022\/06\/jeaken-logo-23.png","width":2486,"height":736,"caption":"JeaKen"},"image":{"@id":"https:\/\/jeaken.com\/it\/#\/schema\/logo\/image\/"}}]}},"jetpack_sharing_enabled":true,"_links":{"self":[{"href":"https:\/\/jeaken.com\/it\/wp-json\/wp\/v2\/product\/6886","targetHints":{"allow":["GET"]}}],"collection":[{"href":"https:\/\/jeaken.com\/it\/wp-json\/wp\/v2\/product"}],"about":[{"href":"https:\/\/jeaken.com\/it\/wp-json\/wp\/v2\/types\/product"}],"wp:featuredmedia":[{"embeddable":true,"href":"https:\/\/jeaken.com\/it\/wp-json\/wp\/v2\/media\/16040"}],"wp:attachment":[{"href":"https:\/\/jeaken.com\/it\/wp-json\/wp\/v2\/media?parent=6886"}],"wp:term":[{"taxonomy":"product_cat","embeddable":true,"href":"https:\/\/jeaken.com\/it\/wp-json\/wp\/v2\/product_cat?post=6886"},{"taxonomy":"product_tag","embeddable":true,"href":"https:\/\/jeaken.com\/it\/wp-json\/wp\/v2\/product_tag?post=6886"}],"curies":[{"name":"wp","href":"https:\/\/api.w.org\/{rel}","templated":true}]}}