{"id":6877,"date":"2022-07-21T19:18:17","date_gmt":"2022-07-21T18:18:17","guid":{"rendered":"https:\/1658920591610?product=capsule-di-radice-di-maca-per-aumentare-la-resistenza-e-bilanciare-gli-ormoni-180-capsule"},"modified":"2022-08-09T15:14:40","modified_gmt":"2022-08-09T14:14:40","slug":"capsule-di-radice-di-maca-per-aumentare-la-resistenza-e-bilanciare-gli-ormoni-180-capsule","status":"publish","type":"product","link":"https:\/\/jeaken.com\/it\/prodotto\/capsule-di-radice-di-maca-per-aumentare-la-resistenza-e-bilanciare-gli-ormoni-180-capsule\/","title":{"rendered":"Capsule di radice di maca per aumentare la resistenza e bilanciare gli ormoni (180 capsule)"},"content":{"rendered":"<p><strong>AUMENTA L&#8217;ENERGIA E LA RESISTENZA  <\/strong><\/p>\n<p>La radice di Maca veniva tradizionalmente somministrata ai guerrieri dell&#8217;epoca Inca per migliorare la forza, le prestazioni atletiche, la libido, la resistenza e i livelli di energia. Oggi l&#8217;estratto di Maca \u00e8 apprezzato per gli stessi motivi: aiuta a sentirsi pi\u00f9 energici, a migliorare il benessere mentale e l&#8217;umore, a ridurre lo stress e a potenziare il cervello e la memoria.<\/p>\n<p><strong>EFFICACE PER MIGLIORARE LA FERTILIT\u00c0 E IL BILANCIAMENTO ORMONALE  <\/strong><\/p>\n<p>La radice di Maca \u00e8 considerata uno dei migliori integratori per la fertilit\u00e0 e il bilanciamento ormonale. Questo integratore pu\u00f2 essere efficace anche per correggere gli squilibri ormonali, i problemi mestruali e i sintomi della menopausa.<\/p>\n<p><strong>RICCO DI VITAMINE E NUTRIENTI  <\/strong><\/p>\n<p>Le nostre capsule di radice di Maca di alta qualit\u00e0 sono ricche di vitamine, con un&#8217;alta concentrazione di nutrienti e un facile assorbimento da parte dell&#8217;organismo.<\/p>\n<p><strong>SICURO E FACILE DA USARE  <\/strong><\/p>\n<p>La polvere di radice di Maca \u00e8 naturalmente efficace e facile da integrare nello stile di vita quotidiano. Incorporare questo superfood a base di radice di Maca nella vostra dieta quotidiana \u00e8 estremamente comodo grazie alle nostre capsule facili da assumere e che non hanno nemmeno un sapore sgradevole! Questo integratore completamente naturale \u00e8 adatto a vegani e vegetariani ed \u00e8 prodotto nel Regno Unito secondo il codice GMP.<\/p>\n","protected":false},"excerpt":{"rendered":"<h4><strong>Capsule vegane ad alta resistenza ricche di vitamine, calcio, zinco e fibre.  <\/strong><\/h4>\n","protected":false},"featured_media":15728,"template":"","meta":{"site-sidebar-layout":"default","site-content-layout":"default","ast-site-content-layout":"default","site-content-style":"default","site-sidebar-style":"default","ast-global-header-display":"","ast-banner-title-visibility":"","ast-main-header-display":"","ast-hfb-above-header-display":"","ast-hfb-below-header-display":"","ast-hfb-mobile-header-display":"","site-post-title":"","ast-breadcrumbs-content":"","ast-featured-img":"","footer-sml-layout":"","theme-transparent-header-meta":"default","adv-header-id-meta":"","stick-header-meta":"default","header-above-stick-meta":"","header-main-stick-meta":"","header-below-stick-meta":"","astra-migrate-meta-layouts":"default","ast-page-background-enabled":"default","ast-page-background-meta":{"desktop":{"background-color":"","background-image":"","background-repeat":"repeat","background-position":"center center","background-size":"auto","background-attachment":"scroll","background-type":"","background-media":"","overlay-type":"","overlay-color":"","overlay-opacity":"","overlay-gradient":""},"tablet":{"background-color":"","background-image":"","background-repeat":"repeat","background-position":"center center","background-size":"auto","background-attachment":"scroll","background-type":"","background-media":"","overlay-type":"","overlay-color":"","overlay-opacity":"","overlay-gradient":""},"mobile":{"background-color":"","background-image":"","background-repeat":"repeat","background-position":"center center","background-size":"auto","background-attachment":"scroll","background-type":"","background-media":"","overlay-type":"","overlay-color":"","overlay-opacity":"","overlay-gradient":""}},"ast-content-background-meta":{"desktop":{"background-color":"var(--ast-global-color-5)","background-image":"","background-repeat":"repeat","background-position":"center center","background-size":"auto","background-attachment":"scroll","background-type":"","background-media":"","overlay-type":"","overlay-color":"","overlay-opacity":"","overlay-gradient":""},"tablet":{"background-color":"var(--ast-global-color-5)","background-image":"","background-repeat":"repeat","background-position":"center center","background-size":"auto","background-attachment":"scroll","background-type":"","background-media":"","overlay-type":"","overlay-color":"","overlay-opacity":"","overlay-gradient":""},"mobile":{"background-color":"var(--ast-global-color-5)","background-image":"","background-repeat":"repeat","background-position":"center center","background-size":"auto","background-attachment":"scroll","background-type":"","background-media":"","overlay-type":"","overlay-color":"","overlay-opacity":"","overlay-gradient":""}}},"product_cat":[1025,597,538],"product_tag":[],"class_list":{"0":"post-6877","1":"product","2":"type-product","3":"status-publish","4":"has-post-thumbnail","6":"product_cat-fertilita","7":"product_cat-integratori-alimentari","8":"product_cat-stanchezza","9":"has-subscription-plans","10":"desktop-align-left","11":"tablet-align-left","12":"mobile-align-left","14":"first","15":"outofstock","16":"taxable","17":"shipping-taxable","18":"purchasable","19":"product-type-simple"},"yoast_head":"<!-- This site is optimized with the Yoast SEO plugin v22.7 - https:\/\/yoast.com\/wordpress\/plugins\/seo\/ -->\n<title>Capsule di radice di maca per aumentare la resistenza e bilanciare gli ormoni (180 capsule) - JeaKen<\/title>\n<meta name=\"robots\" content=\"index, follow, max-snippet:-1, max-image-preview:large, max-video-preview:-1\" \/>\n<link rel=\"canonical\" href=\"https:\/\/jeaken.com\/it\/prodotto\/capsule-di-radice-di-maca-per-aumentare-la-resistenza-e-bilanciare-gli-ormoni-180-capsule\/\" \/>\n<meta property=\"og:locale\" content=\"it_IT\" \/>\n<meta property=\"og:type\" content=\"article\" \/>\n<meta property=\"og:title\" content=\"Capsule di radice di maca per aumentare la resistenza e bilanciare gli ormoni (180 capsule) - JeaKen\" \/>\n<meta property=\"og:description\" content=\"Capsule vegane ad alta resistenza ricche di vitamine, calcio, zinco e fibre.\" \/>\n<meta property=\"og:url\" content=\"https:\/\/jeaken.com\/it\/prodotto\/capsule-di-radice-di-maca-per-aumentare-la-resistenza-e-bilanciare-gli-ormoni-180-capsule\/\" \/>\n<meta property=\"og:site_name\" content=\"JeaKen\" \/>\n<meta property=\"article:modified_time\" content=\"2022-08-09T14:14:40+00:00\" \/>\n<meta property=\"og:image\" content=\"https:\/\/jeaken.com\/wp-content\/uploads\/2022\/07\/Maca.jpg\" \/>\n\t<meta property=\"og:image:width\" content=\"512\" \/>\n\t<meta property=\"og:image:height\" content=\"600\" \/>\n\t<meta property=\"og:image:type\" content=\"image\/jpeg\" \/>\n<meta name=\"twitter:card\" content=\"summary_large_image\" \/>\n<meta name=\"twitter:label1\" content=\"Est. reading time\" \/>\n\t<meta name=\"twitter:data1\" content=\"1 minute\" \/>\n<script type=\"application\/ld+json\" class=\"yoast-schema-graph\">{\"@context\":\"https:\/\/schema.org\",\"@graph\":[{\"@type\":\"WebPage\",\"@id\":\"https:\/\/jeaken.com\/it\/prodotto\/capsule-di-radice-di-maca-per-aumentare-la-resistenza-e-bilanciare-gli-ormoni-180-capsule\/\",\"url\":\"https:\/\/jeaken.com\/it\/prodotto\/capsule-di-radice-di-maca-per-aumentare-la-resistenza-e-bilanciare-gli-ormoni-180-capsule\/\",\"name\":\"Capsule di radice di maca per aumentare la resistenza e bilanciare gli ormoni (180 capsule) - JeaKen\",\"isPartOf\":{\"@id\":\"https:\/\/jeaken.com\/it\/#website\"},\"primaryImageOfPage\":{\"@id\":\"https:\/\/jeaken.com\/it\/prodotto\/capsule-di-radice-di-maca-per-aumentare-la-resistenza-e-bilanciare-gli-ormoni-180-capsule\/#primaryimage\"},\"image\":{\"@id\":\"https:\/\/jeaken.com\/it\/prodotto\/capsule-di-radice-di-maca-per-aumentare-la-resistenza-e-bilanciare-gli-ormoni-180-capsule\/#primaryimage\"},\"thumbnailUrl\":\"https:\/\/jeaken.com\/wp-content\/uploads\/2022\/07\/Maca.jpg\",\"datePublished\":\"2022-07-21T18:18:17+00:00\",\"dateModified\":\"2022-08-09T14:14:40+00:00\",\"breadcrumb\":{\"@id\":\"https:\/\/jeaken.com\/it\/prodotto\/capsule-di-radice-di-maca-per-aumentare-la-resistenza-e-bilanciare-gli-ormoni-180-capsule\/#breadcrumb\"},\"inLanguage\":\"it-IT\",\"potentialAction\":[{\"@type\":\"ReadAction\",\"target\":[\"https:\/\/jeaken.com\/it\/prodotto\/capsule-di-radice-di-maca-per-aumentare-la-resistenza-e-bilanciare-gli-ormoni-180-capsule\/\"]}]},{\"@type\":\"ImageObject\",\"inLanguage\":\"it-IT\",\"@id\":\"https:\/\/jeaken.com\/it\/prodotto\/capsule-di-radice-di-maca-per-aumentare-la-resistenza-e-bilanciare-gli-ormoni-180-capsule\/#primaryimage\",\"url\":\"https:\/\/jeaken.com\/wp-content\/uploads\/2022\/07\/Maca.jpg\",\"contentUrl\":\"https:\/\/jeaken.com\/wp-content\/uploads\/2022\/07\/Maca.jpg\",\"width\":512,\"height\":600,\"caption\":\"Maca Root Capsules for Increased Stamina and Hormone Balancing\"},{\"@type\":\"BreadcrumbList\",\"@id\":\"https:\/\/jeaken.com\/it\/prodotto\/capsule-di-radice-di-maca-per-aumentare-la-resistenza-e-bilanciare-gli-ormoni-180-capsule\/#breadcrumb\",\"itemListElement\":[{\"@type\":\"ListItem\",\"position\":1,\"name\":\"Home\",\"item\":\"https:\/\/jeaken.com\/it\/\"},{\"@type\":\"ListItem\",\"position\":2,\"name\":\"Private: Shop\",\"item\":\"https:\/\/jeaken.com\/shop\/\"},{\"@type\":\"ListItem\",\"position\":3,\"name\":\"Capsule di radice di maca per aumentare la resistenza e bilanciare gli ormoni (180 capsule)\"}]},{\"@type\":\"WebSite\",\"@id\":\"https:\/\/jeaken.com\/it\/#website\",\"url\":\"https:\/\/jeaken.com\/it\/\",\"name\":\"JeaKen\",\"description\":\"Organic Supplements for Health, Fitness and Nutrition\",\"publisher\":{\"@id\":\"https:\/\/jeaken.com\/it\/#organization\"},\"potentialAction\":[{\"@type\":\"SearchAction\",\"target\":{\"@type\":\"EntryPoint\",\"urlTemplate\":\"https:\/\/jeaken.com\/it\/?s={search_term_string}\"},\"query-input\":\"required name=search_term_string\"}],\"inLanguage\":\"it-IT\"},{\"@type\":\"Organization\",\"@id\":\"https:\/\/jeaken.com\/it\/#organization\",\"name\":\"JeaKen\",\"url\":\"https:\/\/jeaken.com\/it\/\",\"logo\":{\"@type\":\"ImageObject\",\"inLanguage\":\"it-IT\",\"@id\":\"https:\/\/jeaken.com\/it\/#\/schema\/logo\/image\/\",\"url\":\"https:\/\/jeaken.com\/wp-content\/uploads\/2022\/06\/jeaken-logo-23.png\",\"contentUrl\":\"https:\/\/jeaken.com\/wp-content\/uploads\/2022\/06\/jeaken-logo-23.png\",\"width\":2486,\"height\":736,\"caption\":\"JeaKen\"},\"image\":{\"@id\":\"https:\/\/jeaken.com\/it\/#\/schema\/logo\/image\/\"}}]}<\/script>\n<!-- \/ Yoast SEO plugin. -->","yoast_head_json":{"title":"Capsule di radice di maca per aumentare la resistenza e bilanciare gli ormoni (180 capsule) - JeaKen","robots":{"index":"index","follow":"follow","max-snippet":"max-snippet:-1","max-image-preview":"max-image-preview:large","max-video-preview":"max-video-preview:-1"},"canonical":"https:\/\/jeaken.com\/it\/prodotto\/capsule-di-radice-di-maca-per-aumentare-la-resistenza-e-bilanciare-gli-ormoni-180-capsule\/","og_locale":"it_IT","og_type":"article","og_title":"Capsule di radice di maca per aumentare la resistenza e bilanciare gli ormoni (180 capsule) - JeaKen","og_description":"Capsule vegane ad alta resistenza ricche di vitamine, calcio, zinco e fibre.","og_url":"https:\/\/jeaken.com\/it\/prodotto\/capsule-di-radice-di-maca-per-aumentare-la-resistenza-e-bilanciare-gli-ormoni-180-capsule\/","og_site_name":"JeaKen","article_modified_time":"2022-08-09T14:14:40+00:00","og_image":[{"width":512,"height":600,"url":"https:\/\/jeaken.com\/wp-content\/uploads\/2022\/07\/Maca.jpg","type":"image\/jpeg"}],"twitter_card":"summary_large_image","twitter_misc":{"Est. reading time":"1 minute"},"schema":{"@context":"https:\/\/schema.org","@graph":[{"@type":"WebPage","@id":"https:\/\/jeaken.com\/it\/prodotto\/capsule-di-radice-di-maca-per-aumentare-la-resistenza-e-bilanciare-gli-ormoni-180-capsule\/","url":"https:\/\/jeaken.com\/it\/prodotto\/capsule-di-radice-di-maca-per-aumentare-la-resistenza-e-bilanciare-gli-ormoni-180-capsule\/","name":"Capsule di radice di maca per aumentare la resistenza e bilanciare gli ormoni (180 capsule) - JeaKen","isPartOf":{"@id":"https:\/\/jeaken.com\/it\/#website"},"primaryImageOfPage":{"@id":"https:\/\/jeaken.com\/it\/prodotto\/capsule-di-radice-di-maca-per-aumentare-la-resistenza-e-bilanciare-gli-ormoni-180-capsule\/#primaryimage"},"image":{"@id":"https:\/\/jeaken.com\/it\/prodotto\/capsule-di-radice-di-maca-per-aumentare-la-resistenza-e-bilanciare-gli-ormoni-180-capsule\/#primaryimage"},"thumbnailUrl":"https:\/\/jeaken.com\/wp-content\/uploads\/2022\/07\/Maca.jpg","datePublished":"2022-07-21T18:18:17+00:00","dateModified":"2022-08-09T14:14:40+00:00","breadcrumb":{"@id":"https:\/\/jeaken.com\/it\/prodotto\/capsule-di-radice-di-maca-per-aumentare-la-resistenza-e-bilanciare-gli-ormoni-180-capsule\/#breadcrumb"},"inLanguage":"it-IT","potentialAction":[{"@type":"ReadAction","target":["https:\/\/jeaken.com\/it\/prodotto\/capsule-di-radice-di-maca-per-aumentare-la-resistenza-e-bilanciare-gli-ormoni-180-capsule\/"]}]},{"@type":"ImageObject","inLanguage":"it-IT","@id":"https:\/\/jeaken.com\/it\/prodotto\/capsule-di-radice-di-maca-per-aumentare-la-resistenza-e-bilanciare-gli-ormoni-180-capsule\/#primaryimage","url":"https:\/\/jeaken.com\/wp-content\/uploads\/2022\/07\/Maca.jpg","contentUrl":"https:\/\/jeaken.com\/wp-content\/uploads\/2022\/07\/Maca.jpg","width":512,"height":600,"caption":"Maca Root Capsules for Increased Stamina and Hormone Balancing"},{"@type":"BreadcrumbList","@id":"https:\/\/jeaken.com\/it\/prodotto\/capsule-di-radice-di-maca-per-aumentare-la-resistenza-e-bilanciare-gli-ormoni-180-capsule\/#breadcrumb","itemListElement":[{"@type":"ListItem","position":1,"name":"Home","item":"https:\/\/jeaken.com\/it\/"},{"@type":"ListItem","position":2,"name":"Private: Shop","item":"https:\/\/jeaken.com\/shop\/"},{"@type":"ListItem","position":3,"name":"Capsule di radice di maca per aumentare la resistenza e bilanciare gli ormoni (180 capsule)"}]},{"@type":"WebSite","@id":"https:\/\/jeaken.com\/it\/#website","url":"https:\/\/jeaken.com\/it\/","name":"JeaKen","description":"Organic Supplements for Health, Fitness and Nutrition","publisher":{"@id":"https:\/\/jeaken.com\/it\/#organization"},"potentialAction":[{"@type":"SearchAction","target":{"@type":"EntryPoint","urlTemplate":"https:\/\/jeaken.com\/it\/?s={search_term_string}"},"query-input":"required name=search_term_string"}],"inLanguage":"it-IT"},{"@type":"Organization","@id":"https:\/\/jeaken.com\/it\/#organization","name":"JeaKen","url":"https:\/\/jeaken.com\/it\/","logo":{"@type":"ImageObject","inLanguage":"it-IT","@id":"https:\/\/jeaken.com\/it\/#\/schema\/logo\/image\/","url":"https:\/\/jeaken.com\/wp-content\/uploads\/2022\/06\/jeaken-logo-23.png","contentUrl":"https:\/\/jeaken.com\/wp-content\/uploads\/2022\/06\/jeaken-logo-23.png","width":2486,"height":736,"caption":"JeaKen"},"image":{"@id":"https:\/\/jeaken.com\/it\/#\/schema\/logo\/image\/"}}]}},"jetpack_sharing_enabled":true,"_links":{"self":[{"href":"https:\/\/jeaken.com\/it\/wp-json\/wp\/v2\/product\/6877","targetHints":{"allow":["GET"]}}],"collection":[{"href":"https:\/\/jeaken.com\/it\/wp-json\/wp\/v2\/product"}],"about":[{"href":"https:\/\/jeaken.com\/it\/wp-json\/wp\/v2\/types\/product"}],"wp:featuredmedia":[{"embeddable":true,"href":"https:\/\/jeaken.com\/it\/wp-json\/wp\/v2\/media\/15728"}],"wp:attachment":[{"href":"https:\/\/jeaken.com\/it\/wp-json\/wp\/v2\/media?parent=6877"}],"wp:term":[{"taxonomy":"product_cat","embeddable":true,"href":"https:\/\/jeaken.com\/it\/wp-json\/wp\/v2\/product_cat?post=6877"},{"taxonomy":"product_tag","embeddable":true,"href":"https:\/\/jeaken.com\/it\/wp-json\/wp\/v2\/product_tag?post=6877"}],"curies":[{"name":"wp","href":"https:\/\/api.w.org\/{rel}","templated":true}]}}