{"id":6874,"date":"2022-07-21T19:18:16","date_gmt":"2022-07-21T18:18:16","guid":{"rendered":"https:\/1658920591610?product=integratore-di-glucosamina-solfato-1500-mg-365-compresse"},"modified":"2022-09-08T15:50:58","modified_gmt":"2022-09-08T14:50:58","slug":"glucosamina-solfato-1500mg-integratore-365-compresse","status":"publish","type":"product","link":"https:\/\/jeaken.com\/it\/prodotto\/glucosamina-solfato-1500mg-integratore-365-compresse\/","title":{"rendered":"Integratore di glucosamina solfato 1500 mg (365 compresse)"},"content":{"rendered":"<p><strong>PROMUOVE LA SALUTE DELLE ARTICOLAZIONI  <\/strong><\/p>\n<p>La glucosamina \u00e8 una sostanza naturalmente presente nell&#8217;organismo e costituisce uno dei mattoni della cartilagine. Il nostro integratore di glucosamina solfato aiuta a costruire e rafforzare la cartilagine che si riduce naturalmente con l&#8217;et\u00e0.<\/p>\n<p>&nbsp;<\/p>\n<p><strong>CLINICAMENTE TESTATO<\/strong><\/p>\n<p>Il nostro solfato di glucosamina a massima potenza \u00e8 combinato con bassi livelli di cloruro di potassio (2kcl) che aiuta a stabilizzare la glucosamina. Negli studi clinici, il cloruro di potassio si \u00e8 dimostrato il tipo di integratore di glucosamina pi\u00f9 efficace.<\/p>\n<p>&nbsp;<\/p>\n<p><strong>GLUCOSAMINA SOLFATO AD ALTA RESISTENZA  <\/strong><\/p>\n<p>Il nostro integratore per la cura della glucosammina contiene 1500 mg di glucosammina solfato 2kcl, un integratore alimentare ad alta resistenza che fornisce 1.133 mg di glucosammina solfato e 888 mg di glucosammina pura (di base) al giorno.<\/p>\n<p>&nbsp;<\/p>\n<p><strong>SODDISFAZIONE GARANTITA  <\/strong><\/p>\n<p>I nostri integratori di qualit\u00e0 superiore sono prodotti nel Regno Unito secondo il codice GMP.<\/p>\n<p>&nbsp;<\/p>\n<p><strong>FAVORISCE LA SALUTE DELLE OSSA<\/strong><\/p>\n<p class=\"a-spacing-base\">Molte persone con dolori ossei, bassa densit\u00e0 ossea e una storia di fratture possono trarre beneficio dall&#8217;assunzione di glucosamina. \u00c8 dimostrato che la glucosamina aiuta a preservare la cartilagine articolare che circonda le ossa. Pu\u00f2 inoltre contribuire a ridurre il dolore, ad aumentare la funzionalit\u00e0 fisica e a migliorare la capacit\u00e0 di attivit\u00e0 nelle persone affette da dolore osseo.<\/p>\n<p>&nbsp;<\/p>\n<p class=\"a-spacing-mini a-color-secondary\"><strong>SUPPORTA LA SALUTE DELL&#8217;APPARATO DIGERENTE<\/strong><\/p>\n<p class=\"a-spacing-base\">La glucosamina pu\u00f2 essere un integratore utile per migliorare la funzione digestiva e sostenere il rivestimento del tratto gastrointestinale. Gli integratori di glucosamina, o il brodo d&#8217;ossa naturalmente ricco di glucosamina, aiutano a riparare i tessuti danneggiati e a ridurre l&#8217;infiammazione del tratto gastrointestinale.<\/p>\n<p>&nbsp;<\/p>\n<p><strong>PROMUOVE LA SALUTE DELLE CELLULE<\/strong><\/p>\n<p>La polvere di peptidi di collagene contenuta in questo integratore favorisce la crescita dei capelli, idrata le unghie e stimola la produzione di collagene per favorire la rigenerazione delle cellule della pelle.<\/p>\n<p>&nbsp;<\/p>\n<p><strong>FORNISCE MOLTEPLICI BENEFICI PER LA SALUTE<\/strong><\/p>\n<p>Questo integratore contiene olio di fegato di merluzzo, noto per sostenere la salute del cuore, la cura delle articolazioni, la salute delle ossa, la funzione cerebrale e la salute degli occhi. L&#8217;assunzione di integratori alimentari a base di coenzima Q10 \u00e8 consigliata anche per contrastare la stanchezza, ridurre la sensazione di affaticamento, aumentare l&#8217;energia e promuovere la salute dei muscoli.<\/p>\n<p>&nbsp;<\/p>\n<p>&nbsp;<\/p>\n<p>&nbsp;<\/p>\n","protected":false},"excerpt":{"rendered":"<h4><strong>Integratore di glucosamina di grado A, vegan-friendly, per una migliore salute delle articolazioni.<\/strong><\/h4>\n","protected":false},"featured_media":14822,"template":"","meta":{"site-sidebar-layout":"default","site-content-layout":"default","ast-site-content-layout":"default","site-content-style":"default","site-sidebar-style":"default","ast-global-header-display":"","ast-banner-title-visibility":"","ast-main-header-display":"","ast-hfb-above-header-display":"","ast-hfb-below-header-display":"","ast-hfb-mobile-header-display":"","site-post-title":"","ast-breadcrumbs-content":"","ast-featured-img":"","footer-sml-layout":"","theme-transparent-header-meta":"default","adv-header-id-meta":"","stick-header-meta":"default","header-above-stick-meta":"","header-main-stick-meta":"","header-below-stick-meta":"","astra-migrate-meta-layouts":"default","ast-page-background-enabled":"default","ast-page-background-meta":{"desktop":{"background-color":"","background-image":"","background-repeat":"repeat","background-position":"center center","background-size":"auto","background-attachment":"scroll","background-type":"","background-media":"","overlay-type":"","overlay-color":"","overlay-opacity":"","overlay-gradient":""},"tablet":{"background-color":"","background-image":"","background-repeat":"repeat","background-position":"center center","background-size":"auto","background-attachment":"scroll","background-type":"","background-media":"","overlay-type":"","overlay-color":"","overlay-opacity":"","overlay-gradient":""},"mobile":{"background-color":"","background-image":"","background-repeat":"repeat","background-position":"center center","background-size":"auto","background-attachment":"scroll","background-type":"","background-media":"","overlay-type":"","overlay-color":"","overlay-opacity":"","overlay-gradient":""}},"ast-content-background-meta":{"desktop":{"background-color":"var(--ast-global-color-5)","background-image":"","background-repeat":"repeat","background-position":"center center","background-size":"auto","background-attachment":"scroll","background-type":"","background-media":"","overlay-type":"","overlay-color":"","overlay-opacity":"","overlay-gradient":""},"tablet":{"background-color":"var(--ast-global-color-5)","background-image":"","background-repeat":"repeat","background-position":"center center","background-size":"auto","background-attachment":"scroll","background-type":"","background-media":"","overlay-type":"","overlay-color":"","overlay-opacity":"","overlay-gradient":""},"mobile":{"background-color":"var(--ast-global-color-5)","background-image":"","background-repeat":"repeat","background-position":"center center","background-size":"auto","background-attachment":"scroll","background-type":"","background-media":"","overlay-type":"","overlay-color":"","overlay-opacity":"","overlay-gradient":""}}},"product_cat":[762],"product_tag":[1061,1059,1063,1021,1024,1019,1028,1031,1036,1041,1044,1065,1017,1052,1055,1048,1067],"class_list":{"0":"post-6874","1":"product","2":"type-product","3":"status-publish","4":"has-post-thumbnail","6":"product_cat-salute-delle-ossa-e-delle-articolazioni","7":"product_tag-compresse-antidolorifiche","8":"product_tag-compresse-msm","9":"product_tag-compresse-per-lartrite","10":"product_tag-condroitina-glucosamina-ad-alta-resistenza","11":"product_tag-condroitina-solfato","12":"product_tag-cura-delle-articolazioni","13":"product_tag-glucosamina-mg","14":"product_tag-glucosamina-msm","15":"product_tag-glucosamina-solfato","16":"product_tag-glucosamina-solfato-it","17":"product_tag-glucosamina-solfato-mg","18":"product_tag-glucosamina-vegana","19":"product_tag-integratore-per-la-cura-delle-articolazioni","20":"product_tag-metformina-mg-compresse","21":"product_tag-muoversi-liberamente","22":"product_tag-sollievo-dal-dolore-articolare","23":"product_tag-vitamine-per-lartrite","24":"has-subscription-plans","25":"desktop-align-left","26":"tablet-align-left","27":"mobile-align-left","29":"first","30":"instock","31":"sale","32":"taxable","33":"shipping-taxable","34":"purchasable","35":"product-type-simple"},"yoast_head":"<!-- This site is optimized with the Yoast SEO plugin v22.7 - https:\/\/yoast.com\/wordpress\/plugins\/seo\/ -->\n<title>Integratore di glucosamina solfato 1500 mg (365 compresse) - JeaKen<\/title>\n<meta name=\"robots\" content=\"index, follow, max-snippet:-1, max-image-preview:large, max-video-preview:-1\" \/>\n<link rel=\"canonical\" href=\"https:\/\/jeaken.com\/it\/prodotto\/glucosamina-solfato-1500mg-integratore-365-compresse\/\" \/>\n<meta property=\"og:locale\" content=\"it_IT\" \/>\n<meta property=\"og:type\" content=\"article\" \/>\n<meta property=\"og:title\" content=\"Integratore di glucosamina solfato 1500 mg (365 compresse) - JeaKen\" \/>\n<meta property=\"og:description\" content=\"Integratore di glucosamina di grado A, vegan-friendly, per una migliore salute delle articolazioni.\" \/>\n<meta property=\"og:url\" content=\"https:\/\/jeaken.com\/it\/prodotto\/glucosamina-solfato-1500mg-integratore-365-compresse\/\" \/>\n<meta property=\"og:site_name\" content=\"JeaKen\" \/>\n<meta property=\"article:modified_time\" content=\"2022-09-08T14:50:58+00:00\" \/>\n<meta property=\"og:image\" content=\"https:\/\/jeaken.com\/wp-content\/uploads\/2022\/07\/Front-7.jpg\" \/>\n\t<meta property=\"og:image:width\" content=\"901\" \/>\n\t<meta property=\"og:image:height\" content=\"1100\" \/>\n\t<meta property=\"og:image:type\" content=\"image\/jpeg\" \/>\n<meta name=\"twitter:card\" content=\"summary_large_image\" \/>\n<meta name=\"twitter:label1\" content=\"Est. reading time\" \/>\n\t<meta name=\"twitter:data1\" content=\"2 minutes\" \/>\n<script type=\"application\/ld+json\" class=\"yoast-schema-graph\">{\"@context\":\"https:\/\/schema.org\",\"@graph\":[{\"@type\":\"WebPage\",\"@id\":\"https:\/\/jeaken.com\/it\/prodotto\/glucosamina-solfato-1500mg-integratore-365-compresse\/\",\"url\":\"https:\/\/jeaken.com\/it\/prodotto\/glucosamina-solfato-1500mg-integratore-365-compresse\/\",\"name\":\"Integratore di glucosamina solfato 1500 mg (365 compresse) - JeaKen\",\"isPartOf\":{\"@id\":\"https:\/\/jeaken.com\/it\/#website\"},\"primaryImageOfPage\":{\"@id\":\"https:\/\/jeaken.com\/it\/prodotto\/glucosamina-solfato-1500mg-integratore-365-compresse\/#primaryimage\"},\"image\":{\"@id\":\"https:\/\/jeaken.com\/it\/prodotto\/glucosamina-solfato-1500mg-integratore-365-compresse\/#primaryimage\"},\"thumbnailUrl\":\"https:\/\/jeaken.com\/wp-content\/uploads\/2022\/07\/Front-7.jpg\",\"datePublished\":\"2022-07-21T18:18:16+00:00\",\"dateModified\":\"2022-09-08T14:50:58+00:00\",\"breadcrumb\":{\"@id\":\"https:\/\/jeaken.com\/it\/prodotto\/glucosamina-solfato-1500mg-integratore-365-compresse\/#breadcrumb\"},\"inLanguage\":\"it-IT\",\"potentialAction\":[{\"@type\":\"ReadAction\",\"target\":[\"https:\/\/jeaken.com\/it\/prodotto\/glucosamina-solfato-1500mg-integratore-365-compresse\/\"]}]},{\"@type\":\"ImageObject\",\"inLanguage\":\"it-IT\",\"@id\":\"https:\/\/jeaken.com\/it\/prodotto\/glucosamina-solfato-1500mg-integratore-365-compresse\/#primaryimage\",\"url\":\"https:\/\/jeaken.com\/wp-content\/uploads\/2022\/07\/Front-7.jpg\",\"contentUrl\":\"https:\/\/jeaken.com\/wp-content\/uploads\/2022\/07\/Front-7.jpg\",\"width\":901,\"height\":1100,\"caption\":\"Glucosamine Sulfate\"},{\"@type\":\"BreadcrumbList\",\"@id\":\"https:\/\/jeaken.com\/it\/prodotto\/glucosamina-solfato-1500mg-integratore-365-compresse\/#breadcrumb\",\"itemListElement\":[{\"@type\":\"ListItem\",\"position\":1,\"name\":\"Home\",\"item\":\"https:\/\/jeaken.com\/it\/\"},{\"@type\":\"ListItem\",\"position\":2,\"name\":\"Private: Shop\",\"item\":\"https:\/\/jeaken.com\/shop\/\"},{\"@type\":\"ListItem\",\"position\":3,\"name\":\"Integratore di glucosamina solfato 1500 mg (365 compresse)\"}]},{\"@type\":\"WebSite\",\"@id\":\"https:\/\/jeaken.com\/it\/#website\",\"url\":\"https:\/\/jeaken.com\/it\/\",\"name\":\"JeaKen\",\"description\":\"Organic Supplements for Health, Fitness and Nutrition\",\"publisher\":{\"@id\":\"https:\/\/jeaken.com\/it\/#organization\"},\"potentialAction\":[{\"@type\":\"SearchAction\",\"target\":{\"@type\":\"EntryPoint\",\"urlTemplate\":\"https:\/\/jeaken.com\/it\/?s={search_term_string}\"},\"query-input\":\"required name=search_term_string\"}],\"inLanguage\":\"it-IT\"},{\"@type\":\"Organization\",\"@id\":\"https:\/\/jeaken.com\/it\/#organization\",\"name\":\"JeaKen\",\"url\":\"https:\/\/jeaken.com\/it\/\",\"logo\":{\"@type\":\"ImageObject\",\"inLanguage\":\"it-IT\",\"@id\":\"https:\/\/jeaken.com\/it\/#\/schema\/logo\/image\/\",\"url\":\"https:\/\/jeaken.com\/wp-content\/uploads\/2022\/06\/jeaken-logo-23.png\",\"contentUrl\":\"https:\/\/jeaken.com\/wp-content\/uploads\/2022\/06\/jeaken-logo-23.png\",\"width\":2486,\"height\":736,\"caption\":\"JeaKen\"},\"image\":{\"@id\":\"https:\/\/jeaken.com\/it\/#\/schema\/logo\/image\/\"}}]}<\/script>\n<!-- \/ Yoast SEO plugin. -->","yoast_head_json":{"title":"Integratore di glucosamina solfato 1500 mg (365 compresse) - JeaKen","robots":{"index":"index","follow":"follow","max-snippet":"max-snippet:-1","max-image-preview":"max-image-preview:large","max-video-preview":"max-video-preview:-1"},"canonical":"https:\/\/jeaken.com\/it\/prodotto\/glucosamina-solfato-1500mg-integratore-365-compresse\/","og_locale":"it_IT","og_type":"article","og_title":"Integratore di glucosamina solfato 1500 mg (365 compresse) - JeaKen","og_description":"Integratore di glucosamina di grado A, vegan-friendly, per una migliore salute delle articolazioni.","og_url":"https:\/\/jeaken.com\/it\/prodotto\/glucosamina-solfato-1500mg-integratore-365-compresse\/","og_site_name":"JeaKen","article_modified_time":"2022-09-08T14:50:58+00:00","og_image":[{"width":901,"height":1100,"url":"https:\/\/jeaken.com\/wp-content\/uploads\/2022\/07\/Front-7.jpg","type":"image\/jpeg"}],"twitter_card":"summary_large_image","twitter_misc":{"Est. reading time":"2 minutes"},"schema":{"@context":"https:\/\/schema.org","@graph":[{"@type":"WebPage","@id":"https:\/\/jeaken.com\/it\/prodotto\/glucosamina-solfato-1500mg-integratore-365-compresse\/","url":"https:\/\/jeaken.com\/it\/prodotto\/glucosamina-solfato-1500mg-integratore-365-compresse\/","name":"Integratore di glucosamina solfato 1500 mg (365 compresse) - JeaKen","isPartOf":{"@id":"https:\/\/jeaken.com\/it\/#website"},"primaryImageOfPage":{"@id":"https:\/\/jeaken.com\/it\/prodotto\/glucosamina-solfato-1500mg-integratore-365-compresse\/#primaryimage"},"image":{"@id":"https:\/\/jeaken.com\/it\/prodotto\/glucosamina-solfato-1500mg-integratore-365-compresse\/#primaryimage"},"thumbnailUrl":"https:\/\/jeaken.com\/wp-content\/uploads\/2022\/07\/Front-7.jpg","datePublished":"2022-07-21T18:18:16+00:00","dateModified":"2022-09-08T14:50:58+00:00","breadcrumb":{"@id":"https:\/\/jeaken.com\/it\/prodotto\/glucosamina-solfato-1500mg-integratore-365-compresse\/#breadcrumb"},"inLanguage":"it-IT","potentialAction":[{"@type":"ReadAction","target":["https:\/\/jeaken.com\/it\/prodotto\/glucosamina-solfato-1500mg-integratore-365-compresse\/"]}]},{"@type":"ImageObject","inLanguage":"it-IT","@id":"https:\/\/jeaken.com\/it\/prodotto\/glucosamina-solfato-1500mg-integratore-365-compresse\/#primaryimage","url":"https:\/\/jeaken.com\/wp-content\/uploads\/2022\/07\/Front-7.jpg","contentUrl":"https:\/\/jeaken.com\/wp-content\/uploads\/2022\/07\/Front-7.jpg","width":901,"height":1100,"caption":"Glucosamine Sulfate"},{"@type":"BreadcrumbList","@id":"https:\/\/jeaken.com\/it\/prodotto\/glucosamina-solfato-1500mg-integratore-365-compresse\/#breadcrumb","itemListElement":[{"@type":"ListItem","position":1,"name":"Home","item":"https:\/\/jeaken.com\/it\/"},{"@type":"ListItem","position":2,"name":"Private: Shop","item":"https:\/\/jeaken.com\/shop\/"},{"@type":"ListItem","position":3,"name":"Integratore di glucosamina solfato 1500 mg (365 compresse)"}]},{"@type":"WebSite","@id":"https:\/\/jeaken.com\/it\/#website","url":"https:\/\/jeaken.com\/it\/","name":"JeaKen","description":"Organic Supplements for Health, Fitness and Nutrition","publisher":{"@id":"https:\/\/jeaken.com\/it\/#organization"},"potentialAction":[{"@type":"SearchAction","target":{"@type":"EntryPoint","urlTemplate":"https:\/\/jeaken.com\/it\/?s={search_term_string}"},"query-input":"required name=search_term_string"}],"inLanguage":"it-IT"},{"@type":"Organization","@id":"https:\/\/jeaken.com\/it\/#organization","name":"JeaKen","url":"https:\/\/jeaken.com\/it\/","logo":{"@type":"ImageObject","inLanguage":"it-IT","@id":"https:\/\/jeaken.com\/it\/#\/schema\/logo\/image\/","url":"https:\/\/jeaken.com\/wp-content\/uploads\/2022\/06\/jeaken-logo-23.png","contentUrl":"https:\/\/jeaken.com\/wp-content\/uploads\/2022\/06\/jeaken-logo-23.png","width":2486,"height":736,"caption":"JeaKen"},"image":{"@id":"https:\/\/jeaken.com\/it\/#\/schema\/logo\/image\/"}}]}},"jetpack_sharing_enabled":true,"_links":{"self":[{"href":"https:\/\/jeaken.com\/it\/wp-json\/wp\/v2\/product\/6874","targetHints":{"allow":["GET"]}}],"collection":[{"href":"https:\/\/jeaken.com\/it\/wp-json\/wp\/v2\/product"}],"about":[{"href":"https:\/\/jeaken.com\/it\/wp-json\/wp\/v2\/types\/product"}],"wp:featuredmedia":[{"embeddable":true,"href":"https:\/\/jeaken.com\/it\/wp-json\/wp\/v2\/media\/14822"}],"wp:attachment":[{"href":"https:\/\/jeaken.com\/it\/wp-json\/wp\/v2\/media?parent=6874"}],"wp:term":[{"taxonomy":"product_cat","embeddable":true,"href":"https:\/\/jeaken.com\/it\/wp-json\/wp\/v2\/product_cat?post=6874"},{"taxonomy":"product_tag","embeddable":true,"href":"https:\/\/jeaken.com\/it\/wp-json\/wp\/v2\/product_tag?post=6874"}],"curies":[{"name":"wp","href":"https:\/\/api.w.org\/{rel}","templated":true}]}}