{"id":6868,"date":"2022-07-21T19:18:16","date_gmt":"2022-07-21T18:18:16","guid":{"rendered":"https:\/1658920591610?product=siero-viso-retinico-allaloe-ad-alta-resistenza-crema-antirughe-naturale-di-qualita-superiore-50-ml"},"modified":"2022-08-09T15:14:37","modified_gmt":"2022-08-09T14:14:37","slug":"siero-viso-retinico-allaloe-ad-alta-resistenza-crema-antirughe-naturale-di-qualita-superiore-50-ml","status":"publish","type":"product","link":"https:\/\/jeaken.com\/it\/prodotto\/siero-viso-retinico-allaloe-ad-alta-resistenza-crema-antirughe-naturale-di-qualita-superiore-50-ml\/","title":{"rendered":"Siero viso retinico all&#8217;aloe ad alta resistenza &#8211; Crema antirughe naturale di qualit\u00e0 superiore (50 ml)"},"content":{"rendered":"<ul class=\"a-unordered-list a-vertical a-spacing-none\">\n<li><span class=\"a-list-item\">FORMULA ANTI-INVECCHIAMENTO AVANZATA &#8211; Il siero viso al retinolo di JeaKen, un gel opaco, contiene estratti di frutto della passione e di t\u00e8 verde che aggiungono propriet\u00e0 anti-invecchiamento per pelli secche, spente o stanche, aiuta a cancellare le rughe sottili e leviga le rughe &#8211; rendendolo il siero al retinolo anti-invecchiamento per eccellenza!<\/span><\/li>\n<li><span class=\"a-list-item\">LIFT AND BRIGHTEN THE SKIN &#8211; Siete stanchi di provare il siero per il viso senza ottenere risultati? Acquistate il siero viso all&#8217;aloe retinolo di JeaKen e stupitevi dell&#8217;aspetto diverso della vostra pelle entro pochi giorni dall&#8217;utilizzo. Questa formula naturale \u00e8 infusa con estratti di frutta e di piante per sollevare e illuminare la pelle.<\/span><\/li>\n<li><span class=\"a-list-item\">PURA PROTEZIONE ATTIVA DAL RETINOLO &#8211; Il nostro siero al retinolo ad alta resistenza per il viso contiene olio di avocado, una ricca fonte di retinolo e betacarotene, e olio di argan, che nutre la pelle con sostanze nutritive fondamentali che aiutano a prevenire le rughe. Il siero viso al retinolo agisce a livello estremo per riparare la pelle e stimolare il collagene, che si traduce in una pelle pi\u00f9 soda, liscia e senza rughe.<\/span><\/li>\n<li><span class=\"a-list-item\">INGREDIENTI NATURALI &#8211; il nostro siero al retinolo \u00e8 privo di parabeni e di alcol. I principi attivi contenuti nel nostro siero lavorano in sinergia con la pelle. Questo potente siero viso al retinolo, realizzato con ingredienti di origine naturale e rivale dei pi\u00f9 costosi sieri anti-invecchiamento di grandi marche, far\u00e0 risaltare la bellezza in modo naturale.<\/span><\/li>\n<li><span class=\"a-list-item\">SODDISFAZIONE GARANTITA &#8211; Siamo cos\u00ec sicuri che amerete il nostro siero di retinolo ad alta resistenza per il viso che vi garantiamo il rimborso se non siete completamente soddisfatti.<\/span><\/li>\n<\/ul>\n","protected":false},"excerpt":{"rendered":"<p><strong>  ALOE RETINOL FACIAL SERUM Di JeaKen &#8230;<\/strong><\/p>\n<p><strong>State cercando di migliorare e illuminare la vostra pelle per prevenire le rughe e l&#8217;invecchiamento cutaneo?<\/strong><\/p>\n<p>Allora non cercate oltre: ALOE RETINOL FACIAL SERUM By JeaKen \u00e8 perfetto per voi!<\/p>\n<p><strong>  Perch\u00e9 scegliere ALOE RETINOL FACIAL SERUM di JeaKen?<\/strong><\/p>\n<p>Le nostre formule sono completamente uniche. Per invertire i segni dell&#8217;invecchiamento e i danni del sole, il siero al retinolo aiuta la pelle a sostituire le cellule vecchie e morte con altre nuove e fresche, per donare al viso una qualit\u00e0 giovanile. Il siero per la pelle Jeaken Retinol \u00e8 una potente combinazione di alcuni dei pi\u00f9 raffinati ingredienti anti-invecchiamento conosciuti dalla scienza.<\/p>\n<p>Abbiamo prestato grande attenzione alla creazione e allo sviluppo di formule naturali, scegliendo ogni sostanza botanica per i suoi benefici mirati sulla pelle. Questa combinazione di ingredienti unica e sapientemente lavorata non \u00e8 disponibile altrove.<\/p>\n<p><strong>BENEFICI CHIAVE:<\/strong><\/p>\n<ul>\n<li>Solleva e illumina la pelle<\/li>\n<li>Migliora l&#8217;elasticit\u00e0 e la struttura della pelle assicurando l&#8217;idratazione.<\/li>\n<li>Ammorbidisce, illumina e migliora l&#8217;incarnato generale.<\/li>\n<li>Aumenta il ricambio cellulare e la produzione di collagene, migliorando il tono della pelle.<\/li>\n<li>Migliora l&#8217;aspetto di linee sottili e rughe.<\/li>\n<\/ul>\n<p><strong>ISTRUZIONI PER L&#8217;USO<\/strong><\/p>\n<p>Asciugare leggermente il viso con un asciugamano caldo e umido. Tamponare delicatamente il prodotto sulla pelle pulita e sfumare fino a completo assorbimento. Dopo l&#8217;applicazione, picchiettare delicatamente il viso con la punta delle dita per favorire la penetrazione del siero negli strati pi\u00f9 profondi della pelle.<\/p>\n<p><strong>COMPRALO ORA  <\/strong><\/p>\n<p><strong>Fate clic su &#8220;AGGIUNGI AL CARRELLO&#8221; ora, fino ad esaurimento scorte!<\/strong><\/p>\n","protected":false},"featured_media":3468,"template":"","meta":{"site-sidebar-layout":"default","site-content-layout":"default","ast-site-content-layout":"default","site-content-style":"default","site-sidebar-style":"default","ast-global-header-display":"","ast-banner-title-visibility":"","ast-main-header-display":"","ast-hfb-above-header-display":"","ast-hfb-below-header-display":"","ast-hfb-mobile-header-display":"","site-post-title":"","ast-breadcrumbs-content":"","ast-featured-img":"","footer-sml-layout":"","theme-transparent-header-meta":"default","adv-header-id-meta":"","stick-header-meta":"default","header-above-stick-meta":"","header-main-stick-meta":"","header-below-stick-meta":"","astra-migrate-meta-layouts":"default","ast-page-background-enabled":"default","ast-page-background-meta":{"desktop":{"background-color":"","background-image":"","background-repeat":"repeat","background-position":"center center","background-size":"auto","background-attachment":"scroll","background-type":"","background-media":"","overlay-type":"","overlay-color":"","overlay-opacity":"","overlay-gradient":""},"tablet":{"background-color":"","background-image":"","background-repeat":"repeat","background-position":"center center","background-size":"auto","background-attachment":"scroll","background-type":"","background-media":"","overlay-type":"","overlay-color":"","overlay-opacity":"","overlay-gradient":""},"mobile":{"background-color":"","background-image":"","background-repeat":"repeat","background-position":"center center","background-size":"auto","background-attachment":"scroll","background-type":"","background-media":"","overlay-type":"","overlay-color":"","overlay-opacity":"","overlay-gradient":""}},"ast-content-background-meta":{"desktop":{"background-color":"var(--ast-global-color-5)","background-image":"","background-repeat":"repeat","background-position":"center center","background-size":"auto","background-attachment":"scroll","background-type":"","background-media":"","overlay-type":"","overlay-color":"","overlay-opacity":"","overlay-gradient":""},"tablet":{"background-color":"var(--ast-global-color-5)","background-image":"","background-repeat":"repeat","background-position":"center center","background-size":"auto","background-attachment":"scroll","background-type":"","background-media":"","overlay-type":"","overlay-color":"","overlay-opacity":"","overlay-gradient":""},"mobile":{"background-color":"var(--ast-global-color-5)","background-image":"","background-repeat":"repeat","background-position":"center center","background-size":"auto","background-attachment":"scroll","background-type":"","background-media":"","overlay-type":"","overlay-color":"","overlay-opacity":"","overlay-gradient":""}}},"product_cat":[534,533,974],"product_tag":[979,985,982,1006,1000,988,1002,1008,994,998,991,977],"class_list":{"0":"post-6868","1":"product","2":"type-product","3":"status-publish","4":"has-post-thumbnail","6":"product_cat-anti-eta","7":"product_cat-bellezza-naturale","8":"product_cat-cura-della-pelle","9":"product_tag-antirughe","10":"product_tag-crema-al-retinolo","11":"product_tag-crema-antirughe","12":"product_tag-crema-di-tretinoina","13":"product_tag-crema-schiarente-per-la-pelle-scura","14":"product_tag-crema-viso-al-retinolo","15":"product_tag-il-retinolo-ordinario","16":"product_tag-olio-di-vitamina-e-per-il-viso","17":"product_tag-siero-al-retinolo","18":"product_tag-siero-di-retinolo-ad-alta-resistenza-per-il-viso","19":"product_tag-siero-viso-al-retinolo","20":"product_tag-trattamento-dellacne","21":"has-subscription-plans","22":"desktop-align-left","23":"tablet-align-left","24":"mobile-align-left","26":"first","27":"onbackorder","28":"taxable","29":"shipping-taxable","30":"purchasable","31":"product-type-simple"},"yoast_head":"<!-- This site is optimized with the Yoast SEO plugin v22.7 - https:\/\/yoast.com\/wordpress\/plugins\/seo\/ -->\n<title>Siero viso retinico all&#039;aloe ad alta resistenza - Crema antirughe naturale di qualit\u00e0 superiore (50 ml) - JeaKen<\/title>\n<meta name=\"robots\" content=\"index, follow, max-snippet:-1, max-image-preview:large, max-video-preview:-1\" \/>\n<link rel=\"canonical\" href=\"https:\/\/jeaken.com\/it\/prodotto\/siero-viso-retinico-allaloe-ad-alta-resistenza-crema-antirughe-naturale-di-qualita-superiore-50-ml\/\" \/>\n<meta property=\"og:locale\" content=\"it_IT\" \/>\n<meta property=\"og:type\" content=\"article\" \/>\n<meta property=\"og:title\" content=\"Siero viso retinico all&#039;aloe ad alta resistenza - Crema antirughe naturale di qualit\u00e0 superiore (50 ml) - JeaKen\" \/>\n<meta property=\"og:description\" content=\"ALOE RETINOL FACIAL SERUM Di JeaKen ... State cercando di migliorare e illuminare la vostra pelle per prevenire le rughe e l&#039;invecchiamento cutaneo? Allora non cercate oltre: ALOE RETINOL FACIAL SERUM By JeaKen \u00e8 perfetto per voi!  Perch\u00e9 scegliere ALOE RETINOL FACIAL SERUM di JeaKen? Le nostre formule sono completamente uniche. Per invertire i segni dell&#039;invecchiamento e i danni del sole, il siero al retinolo aiuta la pelle a sostituire le cellule vecchie e morte con altre nuove e fresche, per donare al viso una qualit\u00e0 giovanile. Il siero per la pelle Jeaken Retinol \u00e8 una potente combinazione di alcuni dei pi\u00f9 raffinati ingredienti anti-invecchiamento conosciuti dalla scienza. Abbiamo prestato grande attenzione alla creazione e allo sviluppo di formule naturali, scegliendo ogni sostanza botanica per i suoi benefici mirati sulla pelle. Questa combinazione di ingredienti unica e sapientemente lavorata non \u00e8 disponibile altrove. BENEFICI CHIAVE:  Solleva e illumina la pelle  Migliora l&#039;elasticit\u00e0 e la struttura della pelle assicurando l&#039;idratazione.  Ammorbidisce, illumina e migliora l&#039;incarnato generale.  Aumenta il ricambio cellulare e la produzione di collagene, migliorando il tono della pelle.  Migliora l&#039;aspetto di linee sottili e rughe. ISTRUZIONI PER L&#039;USO Asciugare leggermente il viso con un asciugamano caldo e umido. Tamponare delicatamente il prodotto sulla pelle pulita e sfumare fino a completo assorbimento. Dopo l&#039;applicazione, picchiettare delicatamente il viso con la punta delle dita per favorire la penetrazione del siero negli strati pi\u00f9 profondi della pelle. COMPRALO ORA  Fate clic su &quot;AGGIUNGI AL CARRELLO&quot; ora, fino ad esaurimento scorte!\" \/>\n<meta property=\"og:url\" content=\"https:\/\/jeaken.com\/it\/prodotto\/siero-viso-retinico-allaloe-ad-alta-resistenza-crema-antirughe-naturale-di-qualita-superiore-50-ml\/\" \/>\n<meta property=\"og:site_name\" content=\"JeaKen\" \/>\n<meta property=\"article:modified_time\" content=\"2022-08-09T14:14:37+00:00\" \/>\n<meta property=\"og:image\" content=\"https:\/\/jeaken.com\/wp-content\/uploads\/2022\/07\/61g28VXACL._AC_SL1500_.jpg\" \/>\n\t<meta property=\"og:image:width\" content=\"600\" \/>\n\t<meta property=\"og:image:height\" content=\"600\" \/>\n\t<meta property=\"og:image:type\" content=\"image\/jpeg\" \/>\n<meta name=\"twitter:card\" content=\"summary_large_image\" \/>\n<meta name=\"twitter:label1\" content=\"Est. reading time\" \/>\n\t<meta name=\"twitter:data1\" content=\"1 minute\" \/>\n<script type=\"application\/ld+json\" class=\"yoast-schema-graph\">{\"@context\":\"https:\/\/schema.org\",\"@graph\":[{\"@type\":\"WebPage\",\"@id\":\"https:\/\/jeaken.com\/it\/prodotto\/siero-viso-retinico-allaloe-ad-alta-resistenza-crema-antirughe-naturale-di-qualita-superiore-50-ml\/\",\"url\":\"https:\/\/jeaken.com\/it\/prodotto\/siero-viso-retinico-allaloe-ad-alta-resistenza-crema-antirughe-naturale-di-qualita-superiore-50-ml\/\",\"name\":\"Siero viso retinico all'aloe ad alta resistenza - Crema antirughe naturale di qualit\u00e0 superiore (50 ml) - JeaKen\",\"isPartOf\":{\"@id\":\"https:\/\/jeaken.com\/it\/#website\"},\"primaryImageOfPage\":{\"@id\":\"https:\/\/jeaken.com\/it\/prodotto\/siero-viso-retinico-allaloe-ad-alta-resistenza-crema-antirughe-naturale-di-qualita-superiore-50-ml\/#primaryimage\"},\"image\":{\"@id\":\"https:\/\/jeaken.com\/it\/prodotto\/siero-viso-retinico-allaloe-ad-alta-resistenza-crema-antirughe-naturale-di-qualita-superiore-50-ml\/#primaryimage\"},\"thumbnailUrl\":\"https:\/\/jeaken.com\/wp-content\/uploads\/2022\/07\/61g28VXACL._AC_SL1500_.jpg\",\"datePublished\":\"2022-07-21T18:18:16+00:00\",\"dateModified\":\"2022-08-09T14:14:37+00:00\",\"breadcrumb\":{\"@id\":\"https:\/\/jeaken.com\/it\/prodotto\/siero-viso-retinico-allaloe-ad-alta-resistenza-crema-antirughe-naturale-di-qualita-superiore-50-ml\/#breadcrumb\"},\"inLanguage\":\"it-IT\",\"potentialAction\":[{\"@type\":\"ReadAction\",\"target\":[\"https:\/\/jeaken.com\/it\/prodotto\/siero-viso-retinico-allaloe-ad-alta-resistenza-crema-antirughe-naturale-di-qualita-superiore-50-ml\/\"]}]},{\"@type\":\"ImageObject\",\"inLanguage\":\"it-IT\",\"@id\":\"https:\/\/jeaken.com\/it\/prodotto\/siero-viso-retinico-allaloe-ad-alta-resistenza-crema-antirughe-naturale-di-qualita-superiore-50-ml\/#primaryimage\",\"url\":\"https:\/\/jeaken.com\/wp-content\/uploads\/2022\/07\/61g28VXACL._AC_SL1500_.jpg\",\"contentUrl\":\"https:\/\/jeaken.com\/wp-content\/uploads\/2022\/07\/61g28VXACL._AC_SL1500_.jpg\",\"width\":600,\"height\":600,\"caption\":\"High-Strength Aloe Retinol Face Serum - Premium Quality Natural Anti-Wrinkle Cream\"},{\"@type\":\"BreadcrumbList\",\"@id\":\"https:\/\/jeaken.com\/it\/prodotto\/siero-viso-retinico-allaloe-ad-alta-resistenza-crema-antirughe-naturale-di-qualita-superiore-50-ml\/#breadcrumb\",\"itemListElement\":[{\"@type\":\"ListItem\",\"position\":1,\"name\":\"Home\",\"item\":\"https:\/\/jeaken.com\/it\/\"},{\"@type\":\"ListItem\",\"position\":2,\"name\":\"Private: Shop\",\"item\":\"https:\/\/jeaken.com\/shop\/\"},{\"@type\":\"ListItem\",\"position\":3,\"name\":\"Siero viso retinico all&#8217;aloe ad alta resistenza &#8211; Crema antirughe naturale di qualit\u00e0 superiore (50 ml)\"}]},{\"@type\":\"WebSite\",\"@id\":\"https:\/\/jeaken.com\/it\/#website\",\"url\":\"https:\/\/jeaken.com\/it\/\",\"name\":\"JeaKen\",\"description\":\"Organic Supplements for Health, Fitness and Nutrition\",\"publisher\":{\"@id\":\"https:\/\/jeaken.com\/it\/#organization\"},\"potentialAction\":[{\"@type\":\"SearchAction\",\"target\":{\"@type\":\"EntryPoint\",\"urlTemplate\":\"https:\/\/jeaken.com\/it\/?s={search_term_string}\"},\"query-input\":\"required name=search_term_string\"}],\"inLanguage\":\"it-IT\"},{\"@type\":\"Organization\",\"@id\":\"https:\/\/jeaken.com\/it\/#organization\",\"name\":\"JeaKen\",\"url\":\"https:\/\/jeaken.com\/it\/\",\"logo\":{\"@type\":\"ImageObject\",\"inLanguage\":\"it-IT\",\"@id\":\"https:\/\/jeaken.com\/it\/#\/schema\/logo\/image\/\",\"url\":\"https:\/\/jeaken.com\/wp-content\/uploads\/2022\/06\/jeaken-logo-23.png\",\"contentUrl\":\"https:\/\/jeaken.com\/wp-content\/uploads\/2022\/06\/jeaken-logo-23.png\",\"width\":2486,\"height\":736,\"caption\":\"JeaKen\"},\"image\":{\"@id\":\"https:\/\/jeaken.com\/it\/#\/schema\/logo\/image\/\"}}]}<\/script>\n<!-- \/ Yoast SEO plugin. -->","yoast_head_json":{"title":"Siero viso retinico all'aloe ad alta resistenza - Crema antirughe naturale di qualit\u00e0 superiore (50 ml) - JeaKen","robots":{"index":"index","follow":"follow","max-snippet":"max-snippet:-1","max-image-preview":"max-image-preview:large","max-video-preview":"max-video-preview:-1"},"canonical":"https:\/\/jeaken.com\/it\/prodotto\/siero-viso-retinico-allaloe-ad-alta-resistenza-crema-antirughe-naturale-di-qualita-superiore-50-ml\/","og_locale":"it_IT","og_type":"article","og_title":"Siero viso retinico all'aloe ad alta resistenza - Crema antirughe naturale di qualit\u00e0 superiore (50 ml) - JeaKen","og_description":"ALOE RETINOL FACIAL SERUM Di JeaKen ... State cercando di migliorare e illuminare la vostra pelle per prevenire le rughe e l'invecchiamento cutaneo? Allora non cercate oltre: ALOE RETINOL FACIAL SERUM By JeaKen \u00e8 perfetto per voi!  Perch\u00e9 scegliere ALOE RETINOL FACIAL SERUM di JeaKen? Le nostre formule sono completamente uniche. Per invertire i segni dell'invecchiamento e i danni del sole, il siero al retinolo aiuta la pelle a sostituire le cellule vecchie e morte con altre nuove e fresche, per donare al viso una qualit\u00e0 giovanile. Il siero per la pelle Jeaken Retinol \u00e8 una potente combinazione di alcuni dei pi\u00f9 raffinati ingredienti anti-invecchiamento conosciuti dalla scienza. Abbiamo prestato grande attenzione alla creazione e allo sviluppo di formule naturali, scegliendo ogni sostanza botanica per i suoi benefici mirati sulla pelle. Questa combinazione di ingredienti unica e sapientemente lavorata non \u00e8 disponibile altrove. BENEFICI CHIAVE:  Solleva e illumina la pelle  Migliora l'elasticit\u00e0 e la struttura della pelle assicurando l'idratazione.  Ammorbidisce, illumina e migliora l'incarnato generale.  Aumenta il ricambio cellulare e la produzione di collagene, migliorando il tono della pelle.  Migliora l'aspetto di linee sottili e rughe. ISTRUZIONI PER L'USO Asciugare leggermente il viso con un asciugamano caldo e umido. Tamponare delicatamente il prodotto sulla pelle pulita e sfumare fino a completo assorbimento. Dopo l'applicazione, picchiettare delicatamente il viso con la punta delle dita per favorire la penetrazione del siero negli strati pi\u00f9 profondi della pelle. COMPRALO ORA  Fate clic su \"AGGIUNGI AL CARRELLO\" ora, fino ad esaurimento scorte!","og_url":"https:\/\/jeaken.com\/it\/prodotto\/siero-viso-retinico-allaloe-ad-alta-resistenza-crema-antirughe-naturale-di-qualita-superiore-50-ml\/","og_site_name":"JeaKen","article_modified_time":"2022-08-09T14:14:37+00:00","og_image":[{"width":600,"height":600,"url":"https:\/\/jeaken.com\/wp-content\/uploads\/2022\/07\/61g28VXACL._AC_SL1500_.jpg","type":"image\/jpeg"}],"twitter_card":"summary_large_image","twitter_misc":{"Est. reading time":"1 minute"},"schema":{"@context":"https:\/\/schema.org","@graph":[{"@type":"WebPage","@id":"https:\/\/jeaken.com\/it\/prodotto\/siero-viso-retinico-allaloe-ad-alta-resistenza-crema-antirughe-naturale-di-qualita-superiore-50-ml\/","url":"https:\/\/jeaken.com\/it\/prodotto\/siero-viso-retinico-allaloe-ad-alta-resistenza-crema-antirughe-naturale-di-qualita-superiore-50-ml\/","name":"Siero viso retinico all'aloe ad alta resistenza - Crema antirughe naturale di qualit\u00e0 superiore (50 ml) - JeaKen","isPartOf":{"@id":"https:\/\/jeaken.com\/it\/#website"},"primaryImageOfPage":{"@id":"https:\/\/jeaken.com\/it\/prodotto\/siero-viso-retinico-allaloe-ad-alta-resistenza-crema-antirughe-naturale-di-qualita-superiore-50-ml\/#primaryimage"},"image":{"@id":"https:\/\/jeaken.com\/it\/prodotto\/siero-viso-retinico-allaloe-ad-alta-resistenza-crema-antirughe-naturale-di-qualita-superiore-50-ml\/#primaryimage"},"thumbnailUrl":"https:\/\/jeaken.com\/wp-content\/uploads\/2022\/07\/61g28VXACL._AC_SL1500_.jpg","datePublished":"2022-07-21T18:18:16+00:00","dateModified":"2022-08-09T14:14:37+00:00","breadcrumb":{"@id":"https:\/\/jeaken.com\/it\/prodotto\/siero-viso-retinico-allaloe-ad-alta-resistenza-crema-antirughe-naturale-di-qualita-superiore-50-ml\/#breadcrumb"},"inLanguage":"it-IT","potentialAction":[{"@type":"ReadAction","target":["https:\/\/jeaken.com\/it\/prodotto\/siero-viso-retinico-allaloe-ad-alta-resistenza-crema-antirughe-naturale-di-qualita-superiore-50-ml\/"]}]},{"@type":"ImageObject","inLanguage":"it-IT","@id":"https:\/\/jeaken.com\/it\/prodotto\/siero-viso-retinico-allaloe-ad-alta-resistenza-crema-antirughe-naturale-di-qualita-superiore-50-ml\/#primaryimage","url":"https:\/\/jeaken.com\/wp-content\/uploads\/2022\/07\/61g28VXACL._AC_SL1500_.jpg","contentUrl":"https:\/\/jeaken.com\/wp-content\/uploads\/2022\/07\/61g28VXACL._AC_SL1500_.jpg","width":600,"height":600,"caption":"High-Strength Aloe Retinol Face Serum - Premium Quality Natural Anti-Wrinkle Cream"},{"@type":"BreadcrumbList","@id":"https:\/\/jeaken.com\/it\/prodotto\/siero-viso-retinico-allaloe-ad-alta-resistenza-crema-antirughe-naturale-di-qualita-superiore-50-ml\/#breadcrumb","itemListElement":[{"@type":"ListItem","position":1,"name":"Home","item":"https:\/\/jeaken.com\/it\/"},{"@type":"ListItem","position":2,"name":"Private: Shop","item":"https:\/\/jeaken.com\/shop\/"},{"@type":"ListItem","position":3,"name":"Siero viso retinico all&#8217;aloe ad alta resistenza &#8211; Crema antirughe naturale di qualit\u00e0 superiore (50 ml)"}]},{"@type":"WebSite","@id":"https:\/\/jeaken.com\/it\/#website","url":"https:\/\/jeaken.com\/it\/","name":"JeaKen","description":"Organic Supplements for Health, Fitness and Nutrition","publisher":{"@id":"https:\/\/jeaken.com\/it\/#organization"},"potentialAction":[{"@type":"SearchAction","target":{"@type":"EntryPoint","urlTemplate":"https:\/\/jeaken.com\/it\/?s={search_term_string}"},"query-input":"required name=search_term_string"}],"inLanguage":"it-IT"},{"@type":"Organization","@id":"https:\/\/jeaken.com\/it\/#organization","name":"JeaKen","url":"https:\/\/jeaken.com\/it\/","logo":{"@type":"ImageObject","inLanguage":"it-IT","@id":"https:\/\/jeaken.com\/it\/#\/schema\/logo\/image\/","url":"https:\/\/jeaken.com\/wp-content\/uploads\/2022\/06\/jeaken-logo-23.png","contentUrl":"https:\/\/jeaken.com\/wp-content\/uploads\/2022\/06\/jeaken-logo-23.png","width":2486,"height":736,"caption":"JeaKen"},"image":{"@id":"https:\/\/jeaken.com\/it\/#\/schema\/logo\/image\/"}}]}},"jetpack_sharing_enabled":true,"_links":{"self":[{"href":"https:\/\/jeaken.com\/it\/wp-json\/wp\/v2\/product\/6868","targetHints":{"allow":["GET"]}}],"collection":[{"href":"https:\/\/jeaken.com\/it\/wp-json\/wp\/v2\/product"}],"about":[{"href":"https:\/\/jeaken.com\/it\/wp-json\/wp\/v2\/types\/product"}],"wp:featuredmedia":[{"embeddable":true,"href":"https:\/\/jeaken.com\/it\/wp-json\/wp\/v2\/media\/3468"}],"wp:attachment":[{"href":"https:\/\/jeaken.com\/it\/wp-json\/wp\/v2\/media?parent=6868"}],"wp:term":[{"taxonomy":"product_cat","embeddable":true,"href":"https:\/\/jeaken.com\/it\/wp-json\/wp\/v2\/product_cat?post=6868"},{"taxonomy":"product_tag","embeddable":true,"href":"https:\/\/jeaken.com\/it\/wp-json\/wp\/v2\/product_tag?post=6868"}],"curies":[{"name":"wp","href":"https:\/\/api.w.org\/{rel}","templated":true}]}}