{"id":6860,"date":"2022-07-21T19:18:17","date_gmt":"2022-07-21T18:18:17","guid":{"rendered":"https:\/1658920591610?product=aceto-di-sidro-di-mele-stimolante-del-metabolismo-e-disintossicante-potenziato-con-seagreens-te-verde-e-cromo-120-capsule"},"modified":"2022-08-09T15:14:11","modified_gmt":"2022-08-09T14:14:11","slug":"aceto-di-sidro-di-mele-stimolante-del-metabolismo-e-disintossicante-potenziato-con-seagreens-te-verde-e-cromo-120-capsule","status":"publish","type":"product","link":"https:\/\/jeaken.com\/it\/prodotto\/aceto-di-sidro-di-mele-stimolante-del-metabolismo-e-disintossicante-potenziato-con-seagreens-te-verde-e-cromo-120-capsule\/","title":{"rendered":"Aceto di sidro di mele &#8211; stimolante del metabolismo e disintossicante &#8211; potenziato con Seagreens, t\u00e8 verde e cromo (120 capsule)"},"content":{"rendered":"<p><strong>MOLTEPLICI BENEFICI PER LA SALUTE  <\/strong><\/p>\n<p>Utilizzato da Ippocrate (il &#8220;padre della medicina moderna&#8221;) oltre 2000 anni fa, si dice che l&#8217;aceto di sidro di mele contribuisca a una serie di incredibili benefici per la salute, tra cui il miglioramento della salute dell&#8217;apparato digerente, l&#8217;aumento dei livelli di energia e il potenziamento del metabolismo. Le nostre capsule di aceto di sidro di mele ad alta concentrazione offrono questi potenti benefici in capsule facili da ingerire.<\/p>\n<p><strong>FAVORISCE UNA SANA PERDITA DI PESO  <\/strong><\/p>\n<p>Diversi studi recenti hanno dimostrato che l&#8217;aceto di sidro di mele pu\u00f2 aiutare a perdere peso se assunto nell&#8217;ambito di una dieta sana. Pu\u00f2 anche favorire la digestione e migliorare la salute generale, aiutando ad assorbire pi\u00f9 sostanze nutritive dagli alimenti.<\/p>\n<p><strong>MISCELA UNICA  <\/strong><\/p>\n<p>Le nostre capsule di aceto di sidro di mele di qualit\u00e0 superiore offrono risultati ottimali grazie alla loro miscela unica di semi di mare, t\u00e8 verde e cromo. La vostra salute \u00e8 la nostra priorit\u00e0. Le nostre capsule sono prodotte nel Regno Unito secondo rigorose linee guida di sicurezza (codice GMP) per garantire potenza, qualit\u00e0 ed efficacia.<\/p>\n<p><strong>ADATTO A VEGANI E VEGETARIANI  <\/strong><\/p>\n<p>Le nostre capsule di aceto di sidro di mele sono realizzate al 100% con ingredienti vegetali di prima qualit\u00e0. Le nostre capsule sono senza glutine, senza lattosio, conformi alle GMP, non OGM e 100% vegane.<\/p>\n","protected":false},"excerpt":{"rendered":"<h4><strong>Una miscela naturale di qualit\u00e0 superiore per un corpo pi\u00f9 sano e pi\u00f9 snello!  <\/strong><\/h4>\n","protected":false},"featured_media":15872,"template":"","meta":{"site-sidebar-layout":"default","site-content-layout":"default","ast-site-content-layout":"default","site-content-style":"default","site-sidebar-style":"default","ast-global-header-display":"","ast-banner-title-visibility":"","ast-main-header-display":"","ast-hfb-above-header-display":"","ast-hfb-below-header-display":"","ast-hfb-mobile-header-display":"","site-post-title":"","ast-breadcrumbs-content":"","ast-featured-img":"","footer-sml-layout":"","theme-transparent-header-meta":"default","adv-header-id-meta":"","stick-header-meta":"default","header-above-stick-meta":"","header-main-stick-meta":"","header-below-stick-meta":"","astra-migrate-meta-layouts":"default","ast-page-background-enabled":"default","ast-page-background-meta":{"desktop":{"background-color":"","background-image":"","background-repeat":"repeat","background-position":"center center","background-size":"auto","background-attachment":"scroll","background-type":"","background-media":"","overlay-type":"","overlay-color":"","overlay-opacity":"","overlay-gradient":""},"tablet":{"background-color":"","background-image":"","background-repeat":"repeat","background-position":"center center","background-size":"auto","background-attachment":"scroll","background-type":"","background-media":"","overlay-type":"","overlay-color":"","overlay-opacity":"","overlay-gradient":""},"mobile":{"background-color":"","background-image":"","background-repeat":"repeat","background-position":"center center","background-size":"auto","background-attachment":"scroll","background-type":"","background-media":"","overlay-type":"","overlay-color":"","overlay-opacity":"","overlay-gradient":""}},"ast-content-background-meta":{"desktop":{"background-color":"var(--ast-global-color-5)","background-image":"","background-repeat":"repeat","background-position":"center center","background-size":"auto","background-attachment":"scroll","background-type":"","background-media":"","overlay-type":"","overlay-color":"","overlay-opacity":"","overlay-gradient":""},"tablet":{"background-color":"var(--ast-global-color-5)","background-image":"","background-repeat":"repeat","background-position":"center center","background-size":"auto","background-attachment":"scroll","background-type":"","background-media":"","overlay-type":"","overlay-color":"","overlay-opacity":"","overlay-gradient":""},"mobile":{"background-color":"var(--ast-global-color-5)","background-image":"","background-repeat":"repeat","background-position":"center center","background-size":"auto","background-attachment":"scroll","background-type":"","background-media":"","overlay-type":"","overlay-color":"","overlay-opacity":"","overlay-gradient":""}}},"product_cat":[763,576,579],"product_tag":[921,914,922,924,929,917,923,925,920,933,927,916,930,926,918,919,911,912],"class_list":{"0":"post-6860","1":"product","2":"type-product","3":"status-publish","4":"has-post-thumbnail","6":"product_cat-perdita-di-peso","7":"product_cat-salute-dellapparato-digerente","8":"product_cat-sollievo-dal-gonfiore","9":"product_tag-aceto-di-sidro-di-mele","10":"product_tag-bruciatori-di-grasso-per-la-perdita-di-peso-degli-uomini","11":"product_tag-capsule-di-aceto-di-sidro-di-mele","12":"product_tag-compresse-di-aceto-di-sidro-di-mele","13":"product_tag-compresse-per-la-dieta-keto","14":"product_tag-compresse-per-la-ritenzione-idrica","15":"product_tag-gomme-allaceto-di-sidro-di-mele","16":"product_tag-gomme-allaceto-di-sidro-di-mele-di-goli","17":"product_tag-gommine-goli","18":"product_tag-keto-puro","19":"product_tag-pillole-dietetiche-keto-tana-dei-draghi","20":"product_tag-pillole-dimagranti","21":"product_tag-pillole-keto","22":"product_tag-pillole-per-la-dieta-keto","23":"product_tag-pillole-per-la-perdita-di-peso","24":"product_tag-pillole-per-la-perdita-di-peso-che-funzionano-velocemente","25":"product_tag-soppressore-dellappetito","26":"product_tag-soppressore-dellappetito-per-la-perdita-di-peso","27":"has-subscription-plans","28":"desktop-align-left","29":"tablet-align-left","30":"mobile-align-left","32":"first","33":"instock","34":"sale","35":"taxable","36":"shipping-taxable","37":"purchasable","38":"product-type-simple"},"yoast_head":"<!-- This site is optimized with the Yoast SEO plugin v22.7 - https:\/\/yoast.com\/wordpress\/plugins\/seo\/ -->\n<title>Aceto di sidro di mele - stimolante del metabolismo e disintossicante - potenziato con Seagreens, t\u00e8 verde e cromo (120 capsule) - JeaKen<\/title>\n<meta name=\"robots\" content=\"index, follow, max-snippet:-1, max-image-preview:large, max-video-preview:-1\" \/>\n<link rel=\"canonical\" href=\"https:\/\/jeaken.com\/it\/prodotto\/aceto-di-sidro-di-mele-stimolante-del-metabolismo-e-disintossicante-potenziato-con-seagreens-te-verde-e-cromo-120-capsule\/\" \/>\n<meta property=\"og:locale\" content=\"it_IT\" \/>\n<meta property=\"og:type\" content=\"article\" \/>\n<meta property=\"og:title\" content=\"Aceto di sidro di mele - stimolante del metabolismo e disintossicante - potenziato con Seagreens, t\u00e8 verde e cromo (120 capsule) - JeaKen\" \/>\n<meta property=\"og:description\" content=\"Una miscela naturale di qualit\u00e0 superiore per un corpo pi\u00f9 sano e pi\u00f9 snello!\" \/>\n<meta property=\"og:url\" content=\"https:\/\/jeaken.com\/it\/prodotto\/aceto-di-sidro-di-mele-stimolante-del-metabolismo-e-disintossicante-potenziato-con-seagreens-te-verde-e-cromo-120-capsule\/\" \/>\n<meta property=\"og:site_name\" content=\"JeaKen\" \/>\n<meta property=\"article:modified_time\" content=\"2022-08-09T14:14:11+00:00\" \/>\n<meta property=\"og:image\" content=\"https:\/\/jeaken.com\/wp-content\/uploads\/2022\/07\/510x600.jpg\" \/>\n\t<meta property=\"og:image:width\" content=\"512\" \/>\n\t<meta property=\"og:image:height\" content=\"600\" \/>\n\t<meta property=\"og:image:type\" content=\"image\/jpeg\" \/>\n<meta name=\"twitter:card\" content=\"summary_large_image\" \/>\n<meta name=\"twitter:label1\" content=\"Est. reading time\" \/>\n\t<meta name=\"twitter:data1\" content=\"1 minute\" \/>\n<script type=\"application\/ld+json\" class=\"yoast-schema-graph\">{\"@context\":\"https:\/\/schema.org\",\"@graph\":[{\"@type\":\"WebPage\",\"@id\":\"https:\/\/jeaken.com\/it\/prodotto\/aceto-di-sidro-di-mele-stimolante-del-metabolismo-e-disintossicante-potenziato-con-seagreens-te-verde-e-cromo-120-capsule\/\",\"url\":\"https:\/\/jeaken.com\/it\/prodotto\/aceto-di-sidro-di-mele-stimolante-del-metabolismo-e-disintossicante-potenziato-con-seagreens-te-verde-e-cromo-120-capsule\/\",\"name\":\"Aceto di sidro di mele - stimolante del metabolismo e disintossicante - potenziato con Seagreens, t\u00e8 verde e cromo (120 capsule) - JeaKen\",\"isPartOf\":{\"@id\":\"https:\/\/jeaken.com\/it\/#website\"},\"primaryImageOfPage\":{\"@id\":\"https:\/\/jeaken.com\/it\/prodotto\/aceto-di-sidro-di-mele-stimolante-del-metabolismo-e-disintossicante-potenziato-con-seagreens-te-verde-e-cromo-120-capsule\/#primaryimage\"},\"image\":{\"@id\":\"https:\/\/jeaken.com\/it\/prodotto\/aceto-di-sidro-di-mele-stimolante-del-metabolismo-e-disintossicante-potenziato-con-seagreens-te-verde-e-cromo-120-capsule\/#primaryimage\"},\"thumbnailUrl\":\"https:\/\/jeaken.com\/wp-content\/uploads\/2022\/07\/510x600.jpg\",\"datePublished\":\"2022-07-21T18:18:17+00:00\",\"dateModified\":\"2022-08-09T14:14:11+00:00\",\"breadcrumb\":{\"@id\":\"https:\/\/jeaken.com\/it\/prodotto\/aceto-di-sidro-di-mele-stimolante-del-metabolismo-e-disintossicante-potenziato-con-seagreens-te-verde-e-cromo-120-capsule\/#breadcrumb\"},\"inLanguage\":\"it-IT\",\"potentialAction\":[{\"@type\":\"ReadAction\",\"target\":[\"https:\/\/jeaken.com\/it\/prodotto\/aceto-di-sidro-di-mele-stimolante-del-metabolismo-e-disintossicante-potenziato-con-seagreens-te-verde-e-cromo-120-capsule\/\"]}]},{\"@type\":\"ImageObject\",\"inLanguage\":\"it-IT\",\"@id\":\"https:\/\/jeaken.com\/it\/prodotto\/aceto-di-sidro-di-mele-stimolante-del-metabolismo-e-disintossicante-potenziato-con-seagreens-te-verde-e-cromo-120-capsule\/#primaryimage\",\"url\":\"https:\/\/jeaken.com\/wp-content\/uploads\/2022\/07\/510x600.jpg\",\"contentUrl\":\"https:\/\/jeaken.com\/wp-content\/uploads\/2022\/07\/510x600.jpg\",\"width\":512,\"height\":600,\"caption\":\"Apple Cider Vinegar - Metabolism Booster and Detox - Enhanced with Seagreens, Green Tea and Chromium\"},{\"@type\":\"BreadcrumbList\",\"@id\":\"https:\/\/jeaken.com\/it\/prodotto\/aceto-di-sidro-di-mele-stimolante-del-metabolismo-e-disintossicante-potenziato-con-seagreens-te-verde-e-cromo-120-capsule\/#breadcrumb\",\"itemListElement\":[{\"@type\":\"ListItem\",\"position\":1,\"name\":\"Home\",\"item\":\"https:\/\/jeaken.com\/it\/\"},{\"@type\":\"ListItem\",\"position\":2,\"name\":\"Private: Shop\",\"item\":\"https:\/\/jeaken.com\/shop\/\"},{\"@type\":\"ListItem\",\"position\":3,\"name\":\"Aceto di sidro di mele &#8211; stimolante del metabolismo e disintossicante &#8211; potenziato con Seagreens, t\u00e8 verde e cromo (120 capsule)\"}]},{\"@type\":\"WebSite\",\"@id\":\"https:\/\/jeaken.com\/it\/#website\",\"url\":\"https:\/\/jeaken.com\/it\/\",\"name\":\"JeaKen\",\"description\":\"Organic Supplements for Health, Fitness and Nutrition\",\"publisher\":{\"@id\":\"https:\/\/jeaken.com\/it\/#organization\"},\"potentialAction\":[{\"@type\":\"SearchAction\",\"target\":{\"@type\":\"EntryPoint\",\"urlTemplate\":\"https:\/\/jeaken.com\/it\/?s={search_term_string}\"},\"query-input\":\"required name=search_term_string\"}],\"inLanguage\":\"it-IT\"},{\"@type\":\"Organization\",\"@id\":\"https:\/\/jeaken.com\/it\/#organization\",\"name\":\"JeaKen\",\"url\":\"https:\/\/jeaken.com\/it\/\",\"logo\":{\"@type\":\"ImageObject\",\"inLanguage\":\"it-IT\",\"@id\":\"https:\/\/jeaken.com\/it\/#\/schema\/logo\/image\/\",\"url\":\"https:\/\/jeaken.com\/wp-content\/uploads\/2022\/06\/jeaken-logo-23.png\",\"contentUrl\":\"https:\/\/jeaken.com\/wp-content\/uploads\/2022\/06\/jeaken-logo-23.png\",\"width\":2486,\"height\":736,\"caption\":\"JeaKen\"},\"image\":{\"@id\":\"https:\/\/jeaken.com\/it\/#\/schema\/logo\/image\/\"}}]}<\/script>\n<!-- \/ Yoast SEO plugin. -->","yoast_head_json":{"title":"Aceto di sidro di mele - stimolante del metabolismo e disintossicante - potenziato con Seagreens, t\u00e8 verde e cromo (120 capsule) - JeaKen","robots":{"index":"index","follow":"follow","max-snippet":"max-snippet:-1","max-image-preview":"max-image-preview:large","max-video-preview":"max-video-preview:-1"},"canonical":"https:\/\/jeaken.com\/it\/prodotto\/aceto-di-sidro-di-mele-stimolante-del-metabolismo-e-disintossicante-potenziato-con-seagreens-te-verde-e-cromo-120-capsule\/","og_locale":"it_IT","og_type":"article","og_title":"Aceto di sidro di mele - stimolante del metabolismo e disintossicante - potenziato con Seagreens, t\u00e8 verde e cromo (120 capsule) - JeaKen","og_description":"Una miscela naturale di qualit\u00e0 superiore per un corpo pi\u00f9 sano e pi\u00f9 snello!","og_url":"https:\/\/jeaken.com\/it\/prodotto\/aceto-di-sidro-di-mele-stimolante-del-metabolismo-e-disintossicante-potenziato-con-seagreens-te-verde-e-cromo-120-capsule\/","og_site_name":"JeaKen","article_modified_time":"2022-08-09T14:14:11+00:00","og_image":[{"width":512,"height":600,"url":"https:\/\/jeaken.com\/wp-content\/uploads\/2022\/07\/510x600.jpg","type":"image\/jpeg"}],"twitter_card":"summary_large_image","twitter_misc":{"Est. reading time":"1 minute"},"schema":{"@context":"https:\/\/schema.org","@graph":[{"@type":"WebPage","@id":"https:\/\/jeaken.com\/it\/prodotto\/aceto-di-sidro-di-mele-stimolante-del-metabolismo-e-disintossicante-potenziato-con-seagreens-te-verde-e-cromo-120-capsule\/","url":"https:\/\/jeaken.com\/it\/prodotto\/aceto-di-sidro-di-mele-stimolante-del-metabolismo-e-disintossicante-potenziato-con-seagreens-te-verde-e-cromo-120-capsule\/","name":"Aceto di sidro di mele - stimolante del metabolismo e disintossicante - potenziato con Seagreens, t\u00e8 verde e cromo (120 capsule) - JeaKen","isPartOf":{"@id":"https:\/\/jeaken.com\/it\/#website"},"primaryImageOfPage":{"@id":"https:\/\/jeaken.com\/it\/prodotto\/aceto-di-sidro-di-mele-stimolante-del-metabolismo-e-disintossicante-potenziato-con-seagreens-te-verde-e-cromo-120-capsule\/#primaryimage"},"image":{"@id":"https:\/\/jeaken.com\/it\/prodotto\/aceto-di-sidro-di-mele-stimolante-del-metabolismo-e-disintossicante-potenziato-con-seagreens-te-verde-e-cromo-120-capsule\/#primaryimage"},"thumbnailUrl":"https:\/\/jeaken.com\/wp-content\/uploads\/2022\/07\/510x600.jpg","datePublished":"2022-07-21T18:18:17+00:00","dateModified":"2022-08-09T14:14:11+00:00","breadcrumb":{"@id":"https:\/\/jeaken.com\/it\/prodotto\/aceto-di-sidro-di-mele-stimolante-del-metabolismo-e-disintossicante-potenziato-con-seagreens-te-verde-e-cromo-120-capsule\/#breadcrumb"},"inLanguage":"it-IT","potentialAction":[{"@type":"ReadAction","target":["https:\/\/jeaken.com\/it\/prodotto\/aceto-di-sidro-di-mele-stimolante-del-metabolismo-e-disintossicante-potenziato-con-seagreens-te-verde-e-cromo-120-capsule\/"]}]},{"@type":"ImageObject","inLanguage":"it-IT","@id":"https:\/\/jeaken.com\/it\/prodotto\/aceto-di-sidro-di-mele-stimolante-del-metabolismo-e-disintossicante-potenziato-con-seagreens-te-verde-e-cromo-120-capsule\/#primaryimage","url":"https:\/\/jeaken.com\/wp-content\/uploads\/2022\/07\/510x600.jpg","contentUrl":"https:\/\/jeaken.com\/wp-content\/uploads\/2022\/07\/510x600.jpg","width":512,"height":600,"caption":"Apple Cider Vinegar - Metabolism Booster and Detox - Enhanced with Seagreens, Green Tea and Chromium"},{"@type":"BreadcrumbList","@id":"https:\/\/jeaken.com\/it\/prodotto\/aceto-di-sidro-di-mele-stimolante-del-metabolismo-e-disintossicante-potenziato-con-seagreens-te-verde-e-cromo-120-capsule\/#breadcrumb","itemListElement":[{"@type":"ListItem","position":1,"name":"Home","item":"https:\/\/jeaken.com\/it\/"},{"@type":"ListItem","position":2,"name":"Private: Shop","item":"https:\/\/jeaken.com\/shop\/"},{"@type":"ListItem","position":3,"name":"Aceto di sidro di mele &#8211; stimolante del metabolismo e disintossicante &#8211; potenziato con Seagreens, t\u00e8 verde e cromo (120 capsule)"}]},{"@type":"WebSite","@id":"https:\/\/jeaken.com\/it\/#website","url":"https:\/\/jeaken.com\/it\/","name":"JeaKen","description":"Organic Supplements for Health, Fitness and Nutrition","publisher":{"@id":"https:\/\/jeaken.com\/it\/#organization"},"potentialAction":[{"@type":"SearchAction","target":{"@type":"EntryPoint","urlTemplate":"https:\/\/jeaken.com\/it\/?s={search_term_string}"},"query-input":"required name=search_term_string"}],"inLanguage":"it-IT"},{"@type":"Organization","@id":"https:\/\/jeaken.com\/it\/#organization","name":"JeaKen","url":"https:\/\/jeaken.com\/it\/","logo":{"@type":"ImageObject","inLanguage":"it-IT","@id":"https:\/\/jeaken.com\/it\/#\/schema\/logo\/image\/","url":"https:\/\/jeaken.com\/wp-content\/uploads\/2022\/06\/jeaken-logo-23.png","contentUrl":"https:\/\/jeaken.com\/wp-content\/uploads\/2022\/06\/jeaken-logo-23.png","width":2486,"height":736,"caption":"JeaKen"},"image":{"@id":"https:\/\/jeaken.com\/it\/#\/schema\/logo\/image\/"}}]}},"jetpack_sharing_enabled":true,"_links":{"self":[{"href":"https:\/\/jeaken.com\/it\/wp-json\/wp\/v2\/product\/6860","targetHints":{"allow":["GET"]}}],"collection":[{"href":"https:\/\/jeaken.com\/it\/wp-json\/wp\/v2\/product"}],"about":[{"href":"https:\/\/jeaken.com\/it\/wp-json\/wp\/v2\/types\/product"}],"wp:featuredmedia":[{"embeddable":true,"href":"https:\/\/jeaken.com\/it\/wp-json\/wp\/v2\/media\/15872"}],"wp:attachment":[{"href":"https:\/\/jeaken.com\/it\/wp-json\/wp\/v2\/media?parent=6860"}],"wp:term":[{"taxonomy":"product_cat","embeddable":true,"href":"https:\/\/jeaken.com\/it\/wp-json\/wp\/v2\/product_cat?post=6860"},{"taxonomy":"product_tag","embeddable":true,"href":"https:\/\/jeaken.com\/it\/wp-json\/wp\/v2\/product_tag?post=6860"}],"curies":[{"name":"wp","href":"https:\/\/api.w.org\/{rel}","templated":true}]}}