{"id":6855,"date":"2022-07-21T19:18:21","date_gmt":"2022-07-21T18:18:21","guid":{"rendered":"https:\/1658920591610?product=crema-viso-antieta-al-collagene-e-retinolo-per-pelli-secche-con-acido-ialuronico-flacone-da-50-ml"},"modified":"2022-08-09T15:13:56","modified_gmt":"2022-08-09T14:13:56","slug":"crema-viso-antieta-al-collagene-e-retinolo-per-pelli-secche-con-acido-ialuronico-flacone-da-50-ml","status":"publish","type":"product","link":"https:\/\/jeaken.com\/it\/prodotto\/crema-viso-antieta-al-collagene-e-retinolo-per-pelli-secche-con-acido-ialuronico-flacone-da-50-ml\/","title":{"rendered":"Crema viso antiet\u00e0 al collagene e retinolo per pelli secche con acido ialuronico. Flacone da 50 ml"},"content":{"rendered":"<p><strong><span class=\"a-list-item\">CREMA VISO ANTIET\u00c0 PER UOMO E DONNA  <\/span><\/strong><\/p>\n<p><span class=\"a-list-item\">La nostra crema idratante al collagene e retinolo contiene una serie di potenti ingredienti naturali anti-et\u00e0. Con l&#8217;avanzare dell&#8217;et\u00e0 la capacit\u00e0 della pelle di produrre collagene si riduce, causando la perdita di elasticit\u00e0 della pelle.<\/span><\/p>\n<p><strong><span class=\"a-list-item\">COMBATTE LE RUGHE  <\/span><\/strong><\/p>\n<p><span class=\"a-list-item\">Questa potente crema per il viso fornisce collagene direttamente allo strato del derma della pelle, riducendo l&#8217;aspetto delle rughe e lasciando la pelle idratata e ben nutrita.<\/span><\/p>\n<p><span class=\"a-list-item\"><strong>FONTE RICCHISSIMA DI RETINOLO  <\/strong><\/span><\/p>\n<p><span class=\"a-list-item\">La crema idratante per il viso \u00e8 inoltre arricchita con olio di frutto della passione ed estratto di t\u00e8 verde, ricche fonti di vitamina A. Questa vitamina essenziale favorisce la formazione dei fibroblasti, rendendo la pelle pi\u00f9 tonica e compatta.<\/span><\/p>\n<p>&nbsp;<\/p>\n<p>&nbsp;<\/p>\n","protected":false},"excerpt":{"rendered":"<h4>Potente crema antirughe per una pelle pi\u00f9 tonica, soda e giovane.<\/h4>\n","protected":false},"featured_media":4722,"template":"","meta":{"site-sidebar-layout":"default","site-content-layout":"default","ast-site-content-layout":"default","site-content-style":"default","site-sidebar-style":"default","ast-global-header-display":"","ast-banner-title-visibility":"","ast-main-header-display":"","ast-hfb-above-header-display":"","ast-hfb-below-header-display":"","ast-hfb-mobile-header-display":"","site-post-title":"","ast-breadcrumbs-content":"","ast-featured-img":"","footer-sml-layout":"","theme-transparent-header-meta":"default","adv-header-id-meta":"","stick-header-meta":"default","header-above-stick-meta":"","header-main-stick-meta":"","header-below-stick-meta":"","astra-migrate-meta-layouts":"default","ast-page-background-enabled":"default","ast-page-background-meta":{"desktop":{"background-color":"","background-image":"","background-repeat":"repeat","background-position":"center center","background-size":"auto","background-attachment":"scroll","background-type":"","background-media":"","overlay-type":"","overlay-color":"","overlay-opacity":"","overlay-gradient":""},"tablet":{"background-color":"","background-image":"","background-repeat":"repeat","background-position":"center center","background-size":"auto","background-attachment":"scroll","background-type":"","background-media":"","overlay-type":"","overlay-color":"","overlay-opacity":"","overlay-gradient":""},"mobile":{"background-color":"","background-image":"","background-repeat":"repeat","background-position":"center center","background-size":"auto","background-attachment":"scroll","background-type":"","background-media":"","overlay-type":"","overlay-color":"","overlay-opacity":"","overlay-gradient":""}},"ast-content-background-meta":{"desktop":{"background-color":"var(--ast-global-color-5)","background-image":"","background-repeat":"repeat","background-position":"center center","background-size":"auto","background-attachment":"scroll","background-type":"","background-media":"","overlay-type":"","overlay-color":"","overlay-opacity":"","overlay-gradient":""},"tablet":{"background-color":"var(--ast-global-color-5)","background-image":"","background-repeat":"repeat","background-position":"center center","background-size":"auto","background-attachment":"scroll","background-type":"","background-media":"","overlay-type":"","overlay-color":"","overlay-opacity":"","overlay-gradient":""},"mobile":{"background-color":"var(--ast-global-color-5)","background-image":"","background-repeat":"repeat","background-position":"center center","background-size":"auto","background-attachment":"scroll","background-type":"","background-media":"","overlay-type":"","overlay-color":"","overlay-opacity":"","overlay-gradient":""}}},"product_cat":[534,533],"product_tag":[979,985,982,1006,1000,988,1002,1008,994,998,991,977],"class_list":{"0":"post-6855","1":"product","2":"type-product","3":"status-publish","4":"has-post-thumbnail","6":"product_cat-anti-eta","7":"product_cat-bellezza-naturale","8":"product_tag-antirughe","9":"product_tag-crema-al-retinolo","10":"product_tag-crema-antirughe","11":"product_tag-crema-di-tretinoina","12":"product_tag-crema-schiarente-per-la-pelle-scura","13":"product_tag-crema-viso-al-retinolo","14":"product_tag-il-retinolo-ordinario","15":"product_tag-olio-di-vitamina-e-per-il-viso","16":"product_tag-siero-al-retinolo","17":"product_tag-siero-di-retinolo-ad-alta-resistenza-per-il-viso","18":"product_tag-siero-viso-al-retinolo","19":"product_tag-trattamento-dellacne","20":"has-subscription-plans","21":"desktop-align-left","22":"tablet-align-left","23":"mobile-align-left","25":"first","26":"outofstock","27":"sale","28":"taxable","29":"shipping-taxable","30":"purchasable","31":"product-type-simple"},"yoast_head":"<!-- This site is optimized with the Yoast SEO plugin v22.7 - https:\/\/yoast.com\/wordpress\/plugins\/seo\/ -->\n<title>Crema viso antiet\u00e0 al collagene e retinolo per pelli secche con acido ialuronico. Flacone da 50 ml - JeaKen<\/title>\n<meta name=\"robots\" content=\"index, follow, max-snippet:-1, max-image-preview:large, max-video-preview:-1\" \/>\n<link rel=\"canonical\" href=\"https:\/\/jeaken.com\/it\/prodotto\/crema-viso-antieta-al-collagene-e-retinolo-per-pelli-secche-con-acido-ialuronico-flacone-da-50-ml\/\" \/>\n<meta property=\"og:locale\" content=\"it_IT\" \/>\n<meta property=\"og:type\" content=\"article\" \/>\n<meta property=\"og:title\" content=\"Crema viso antiet\u00e0 al collagene e retinolo per pelli secche con acido ialuronico. Flacone da 50 ml - JeaKen\" \/>\n<meta property=\"og:description\" content=\"Potente crema antirughe per una pelle pi\u00f9 tonica, soda e giovane.\" \/>\n<meta property=\"og:url\" content=\"https:\/\/jeaken.com\/it\/prodotto\/crema-viso-antieta-al-collagene-e-retinolo-per-pelli-secche-con-acido-ialuronico-flacone-da-50-ml\/\" \/>\n<meta property=\"og:site_name\" content=\"JeaKen\" \/>\n<meta property=\"article:modified_time\" content=\"2022-08-09T14:13:56+00:00\" \/>\n<meta property=\"og:image\" content=\"https:\/\/jeaken.com\/wp-content\/uploads\/2022\/07\/71QlbREVamL._AC_SL1500_.jpg\" \/>\n\t<meta property=\"og:image:width\" content=\"600\" \/>\n\t<meta property=\"og:image:height\" content=\"600\" \/>\n\t<meta property=\"og:image:type\" content=\"image\/jpeg\" \/>\n<meta name=\"twitter:card\" content=\"summary_large_image\" \/>\n<meta name=\"twitter:label1\" content=\"Est. reading time\" \/>\n\t<meta name=\"twitter:data1\" content=\"1 minute\" \/>\n<script type=\"application\/ld+json\" class=\"yoast-schema-graph\">{\"@context\":\"https:\/\/schema.org\",\"@graph\":[{\"@type\":\"WebPage\",\"@id\":\"https:\/\/jeaken.com\/it\/prodotto\/crema-viso-antieta-al-collagene-e-retinolo-per-pelli-secche-con-acido-ialuronico-flacone-da-50-ml\/\",\"url\":\"https:\/\/jeaken.com\/it\/prodotto\/crema-viso-antieta-al-collagene-e-retinolo-per-pelli-secche-con-acido-ialuronico-flacone-da-50-ml\/\",\"name\":\"Crema viso antiet\u00e0 al collagene e retinolo per pelli secche con acido ialuronico. Flacone da 50 ml - JeaKen\",\"isPartOf\":{\"@id\":\"https:\/\/jeaken.com\/it\/#website\"},\"primaryImageOfPage\":{\"@id\":\"https:\/\/jeaken.com\/it\/prodotto\/crema-viso-antieta-al-collagene-e-retinolo-per-pelli-secche-con-acido-ialuronico-flacone-da-50-ml\/#primaryimage\"},\"image\":{\"@id\":\"https:\/\/jeaken.com\/it\/prodotto\/crema-viso-antieta-al-collagene-e-retinolo-per-pelli-secche-con-acido-ialuronico-flacone-da-50-ml\/#primaryimage\"},\"thumbnailUrl\":\"https:\/\/jeaken.com\/wp-content\/uploads\/2022\/07\/71QlbREVamL._AC_SL1500_.jpg\",\"datePublished\":\"2022-07-21T18:18:21+00:00\",\"dateModified\":\"2022-08-09T14:13:56+00:00\",\"breadcrumb\":{\"@id\":\"https:\/\/jeaken.com\/it\/prodotto\/crema-viso-antieta-al-collagene-e-retinolo-per-pelli-secche-con-acido-ialuronico-flacone-da-50-ml\/#breadcrumb\"},\"inLanguage\":\"it-IT\",\"potentialAction\":[{\"@type\":\"ReadAction\",\"target\":[\"https:\/\/jeaken.com\/it\/prodotto\/crema-viso-antieta-al-collagene-e-retinolo-per-pelli-secche-con-acido-ialuronico-flacone-da-50-ml\/\"]}]},{\"@type\":\"ImageObject\",\"inLanguage\":\"it-IT\",\"@id\":\"https:\/\/jeaken.com\/it\/prodotto\/crema-viso-antieta-al-collagene-e-retinolo-per-pelli-secche-con-acido-ialuronico-flacone-da-50-ml\/#primaryimage\",\"url\":\"https:\/\/jeaken.com\/wp-content\/uploads\/2022\/07\/71QlbREVamL._AC_SL1500_.jpg\",\"contentUrl\":\"https:\/\/jeaken.com\/wp-content\/uploads\/2022\/07\/71QlbREVamL._AC_SL1500_.jpg\",\"width\":600,\"height\":600,\"caption\":\"Collagen Retinol Anti-Ageing Face Cream For Dry Skin With Hyaluronic Acid. 50ml Bottle\"},{\"@type\":\"BreadcrumbList\",\"@id\":\"https:\/\/jeaken.com\/it\/prodotto\/crema-viso-antieta-al-collagene-e-retinolo-per-pelli-secche-con-acido-ialuronico-flacone-da-50-ml\/#breadcrumb\",\"itemListElement\":[{\"@type\":\"ListItem\",\"position\":1,\"name\":\"Home\",\"item\":\"https:\/\/jeaken.com\/it\/\"},{\"@type\":\"ListItem\",\"position\":2,\"name\":\"Private: Shop\",\"item\":\"https:\/\/jeaken.com\/shop\/\"},{\"@type\":\"ListItem\",\"position\":3,\"name\":\"Crema viso antiet\u00e0 al collagene e retinolo per pelli secche con acido ialuronico. Flacone da 50 ml\"}]},{\"@type\":\"WebSite\",\"@id\":\"https:\/\/jeaken.com\/it\/#website\",\"url\":\"https:\/\/jeaken.com\/it\/\",\"name\":\"JeaKen\",\"description\":\"Organic Supplements for Health, Fitness and Nutrition\",\"publisher\":{\"@id\":\"https:\/\/jeaken.com\/it\/#organization\"},\"potentialAction\":[{\"@type\":\"SearchAction\",\"target\":{\"@type\":\"EntryPoint\",\"urlTemplate\":\"https:\/\/jeaken.com\/it\/?s={search_term_string}\"},\"query-input\":\"required name=search_term_string\"}],\"inLanguage\":\"it-IT\"},{\"@type\":\"Organization\",\"@id\":\"https:\/\/jeaken.com\/it\/#organization\",\"name\":\"JeaKen\",\"url\":\"https:\/\/jeaken.com\/it\/\",\"logo\":{\"@type\":\"ImageObject\",\"inLanguage\":\"it-IT\",\"@id\":\"https:\/\/jeaken.com\/it\/#\/schema\/logo\/image\/\",\"url\":\"https:\/\/jeaken.com\/wp-content\/uploads\/2022\/06\/jeaken-logo-23.png\",\"contentUrl\":\"https:\/\/jeaken.com\/wp-content\/uploads\/2022\/06\/jeaken-logo-23.png\",\"width\":2486,\"height\":736,\"caption\":\"JeaKen\"},\"image\":{\"@id\":\"https:\/\/jeaken.com\/it\/#\/schema\/logo\/image\/\"}}]}<\/script>\n<!-- \/ Yoast SEO plugin. -->","yoast_head_json":{"title":"Crema viso antiet\u00e0 al collagene e retinolo per pelli secche con acido ialuronico. Flacone da 50 ml - JeaKen","robots":{"index":"index","follow":"follow","max-snippet":"max-snippet:-1","max-image-preview":"max-image-preview:large","max-video-preview":"max-video-preview:-1"},"canonical":"https:\/\/jeaken.com\/it\/prodotto\/crema-viso-antieta-al-collagene-e-retinolo-per-pelli-secche-con-acido-ialuronico-flacone-da-50-ml\/","og_locale":"it_IT","og_type":"article","og_title":"Crema viso antiet\u00e0 al collagene e retinolo per pelli secche con acido ialuronico. Flacone da 50 ml - JeaKen","og_description":"Potente crema antirughe per una pelle pi\u00f9 tonica, soda e giovane.","og_url":"https:\/\/jeaken.com\/it\/prodotto\/crema-viso-antieta-al-collagene-e-retinolo-per-pelli-secche-con-acido-ialuronico-flacone-da-50-ml\/","og_site_name":"JeaKen","article_modified_time":"2022-08-09T14:13:56+00:00","og_image":[{"width":600,"height":600,"url":"https:\/\/jeaken.com\/wp-content\/uploads\/2022\/07\/71QlbREVamL._AC_SL1500_.jpg","type":"image\/jpeg"}],"twitter_card":"summary_large_image","twitter_misc":{"Est. reading time":"1 minute"},"schema":{"@context":"https:\/\/schema.org","@graph":[{"@type":"WebPage","@id":"https:\/\/jeaken.com\/it\/prodotto\/crema-viso-antieta-al-collagene-e-retinolo-per-pelli-secche-con-acido-ialuronico-flacone-da-50-ml\/","url":"https:\/\/jeaken.com\/it\/prodotto\/crema-viso-antieta-al-collagene-e-retinolo-per-pelli-secche-con-acido-ialuronico-flacone-da-50-ml\/","name":"Crema viso antiet\u00e0 al collagene e retinolo per pelli secche con acido ialuronico. Flacone da 50 ml - JeaKen","isPartOf":{"@id":"https:\/\/jeaken.com\/it\/#website"},"primaryImageOfPage":{"@id":"https:\/\/jeaken.com\/it\/prodotto\/crema-viso-antieta-al-collagene-e-retinolo-per-pelli-secche-con-acido-ialuronico-flacone-da-50-ml\/#primaryimage"},"image":{"@id":"https:\/\/jeaken.com\/it\/prodotto\/crema-viso-antieta-al-collagene-e-retinolo-per-pelli-secche-con-acido-ialuronico-flacone-da-50-ml\/#primaryimage"},"thumbnailUrl":"https:\/\/jeaken.com\/wp-content\/uploads\/2022\/07\/71QlbREVamL._AC_SL1500_.jpg","datePublished":"2022-07-21T18:18:21+00:00","dateModified":"2022-08-09T14:13:56+00:00","breadcrumb":{"@id":"https:\/\/jeaken.com\/it\/prodotto\/crema-viso-antieta-al-collagene-e-retinolo-per-pelli-secche-con-acido-ialuronico-flacone-da-50-ml\/#breadcrumb"},"inLanguage":"it-IT","potentialAction":[{"@type":"ReadAction","target":["https:\/\/jeaken.com\/it\/prodotto\/crema-viso-antieta-al-collagene-e-retinolo-per-pelli-secche-con-acido-ialuronico-flacone-da-50-ml\/"]}]},{"@type":"ImageObject","inLanguage":"it-IT","@id":"https:\/\/jeaken.com\/it\/prodotto\/crema-viso-antieta-al-collagene-e-retinolo-per-pelli-secche-con-acido-ialuronico-flacone-da-50-ml\/#primaryimage","url":"https:\/\/jeaken.com\/wp-content\/uploads\/2022\/07\/71QlbREVamL._AC_SL1500_.jpg","contentUrl":"https:\/\/jeaken.com\/wp-content\/uploads\/2022\/07\/71QlbREVamL._AC_SL1500_.jpg","width":600,"height":600,"caption":"Collagen Retinol Anti-Ageing Face Cream For Dry Skin With Hyaluronic Acid. 50ml Bottle"},{"@type":"BreadcrumbList","@id":"https:\/\/jeaken.com\/it\/prodotto\/crema-viso-antieta-al-collagene-e-retinolo-per-pelli-secche-con-acido-ialuronico-flacone-da-50-ml\/#breadcrumb","itemListElement":[{"@type":"ListItem","position":1,"name":"Home","item":"https:\/\/jeaken.com\/it\/"},{"@type":"ListItem","position":2,"name":"Private: Shop","item":"https:\/\/jeaken.com\/shop\/"},{"@type":"ListItem","position":3,"name":"Crema viso antiet\u00e0 al collagene e retinolo per pelli secche con acido ialuronico. Flacone da 50 ml"}]},{"@type":"WebSite","@id":"https:\/\/jeaken.com\/it\/#website","url":"https:\/\/jeaken.com\/it\/","name":"JeaKen","description":"Organic Supplements for Health, Fitness and Nutrition","publisher":{"@id":"https:\/\/jeaken.com\/it\/#organization"},"potentialAction":[{"@type":"SearchAction","target":{"@type":"EntryPoint","urlTemplate":"https:\/\/jeaken.com\/it\/?s={search_term_string}"},"query-input":"required name=search_term_string"}],"inLanguage":"it-IT"},{"@type":"Organization","@id":"https:\/\/jeaken.com\/it\/#organization","name":"JeaKen","url":"https:\/\/jeaken.com\/it\/","logo":{"@type":"ImageObject","inLanguage":"it-IT","@id":"https:\/\/jeaken.com\/it\/#\/schema\/logo\/image\/","url":"https:\/\/jeaken.com\/wp-content\/uploads\/2022\/06\/jeaken-logo-23.png","contentUrl":"https:\/\/jeaken.com\/wp-content\/uploads\/2022\/06\/jeaken-logo-23.png","width":2486,"height":736,"caption":"JeaKen"},"image":{"@id":"https:\/\/jeaken.com\/it\/#\/schema\/logo\/image\/"}}]}},"jetpack_sharing_enabled":true,"_links":{"self":[{"href":"https:\/\/jeaken.com\/it\/wp-json\/wp\/v2\/product\/6855","targetHints":{"allow":["GET"]}}],"collection":[{"href":"https:\/\/jeaken.com\/it\/wp-json\/wp\/v2\/product"}],"about":[{"href":"https:\/\/jeaken.com\/it\/wp-json\/wp\/v2\/types\/product"}],"wp:featuredmedia":[{"embeddable":true,"href":"https:\/\/jeaken.com\/it\/wp-json\/wp\/v2\/media\/4722"}],"wp:attachment":[{"href":"https:\/\/jeaken.com\/it\/wp-json\/wp\/v2\/media?parent=6855"}],"wp:term":[{"taxonomy":"product_cat","embeddable":true,"href":"https:\/\/jeaken.com\/it\/wp-json\/wp\/v2\/product_cat?post=6855"},{"taxonomy":"product_tag","embeddable":true,"href":"https:\/\/jeaken.com\/it\/wp-json\/wp\/v2\/product_tag?post=6855"}],"curies":[{"name":"wp","href":"https:\/\/api.w.org\/{rel}","templated":true}]}}