{"id":6840,"date":"2022-07-21T19:18:17","date_gmt":"2022-07-21T18:18:17","guid":{"rendered":"https:\/1658920591610?product=spirulina-hawaiana-superfood-naturale-ricco-di-fibre-alimento-verde-ideale-per-frullati-e-alimentazione-sportiva-120-capsule-vegane"},"modified":"2022-08-09T15:13:55","modified_gmt":"2022-08-09T14:13:55","slug":"spirulina-hawaiana-superfood-naturale-ricco-di-fibre-alimento-verde-ideale-per-frullati-e-alimentazione-sportiva-120-capsule-vegane","status":"publish","type":"product","link":"https:\/\/jeaken.com\/it\/prodotto\/spirulina-hawaiana-superfood-naturale-ricco-di-fibre-alimento-verde-ideale-per-frullati-e-alimentazione-sportiva-120-capsule-vegane\/","title":{"rendered":"Spirulina hawaiana &#8211; Superfood naturale, ricco di fibre &#8211; alimento verde ideale per frullati e alimentazione sportiva &#8211; (120 capsule vegane)"},"content":{"rendered":"<p><strong>IL SUPERALIMENTO PI\u00d9 RICCO DELLA NATURA  <\/strong><\/p>\n<p>La Spirulina hawaiana \u00e8 ricca di antiossidanti, vitamine e minerali e contiene alcuni dei pi\u00f9 alti livelli di proteine di qualsiasi altra fonte vegetale o animale. Questo superalimento contiene fino al 70% di proteine complete e digeribili, alti livelli di ferro, beta-carotene e altri nutrienti utili per la salute, tra cui B12, vitamina K, clorofilla e ficocianina.<\/p>\n<p><strong>AUMENTA L&#8217;ENERGIA E L&#8217;IMMUNIT\u00c0  <\/strong><\/p>\n<p>Grammo per grammo, la Spirulina hawaiana ha il 2800% di beta-carotene in pi\u00f9 rispetto alle carote e il 280% di potenza antiossidante in pi\u00f9 rispetto ai mirtilli. Ogni porzione da 3 g di Spirulina hawaiana contiene livelli pi\u00f9 elevati di alcuni antiossidanti chiave, enzimi, vitamine e minerali rispetto a 5 porzioni di frutta e verdura.<\/p>\n<p><strong>MIGLIORA LA RIGENERAZIONE DELLA PELLE E DELLE MUCOSE  <\/strong><\/p>\n<p>La spirulina viene assorbita molto bene dai tessuti umani, poich\u00e9 la composizione chimica del citoplasma della spirulina \u00e8 simile a quella del plasma umano. Sotto forma di maschera, agisce per rigenerare, rassodare e ringiovanire la pelle.<\/p>\n<p><strong>MASSIMA QUALIT\u00c0 E SICUREZZA  <\/strong><\/p>\n<p>Il nostro integratore vegano &#8220;dalla fattoria alla bottiglia&#8221; \u00e8 coltivato in una struttura certificata GMP negli Stati Uniti, con controlli di qualit\u00e0 e test approfonditi su ogni lotto. Le nostre capsule sono prive di glutine e soia e non contengono riempitivi, conservanti o coloranti.<\/p>\n","protected":false},"excerpt":{"rendered":"<h4><strong>Un superalimento potente ed efficace per aumentare l&#8217;energia, migliorare l&#8217;immunit\u00e0 e migliorare la salute della pelle.<\/strong><\/h4>\n","protected":false},"featured_media":4314,"template":"","meta":{"site-sidebar-layout":"default","site-content-layout":"default","ast-site-content-layout":"default","site-content-style":"default","site-sidebar-style":"default","ast-global-header-display":"","ast-banner-title-visibility":"","ast-main-header-display":"","ast-hfb-above-header-display":"","ast-hfb-below-header-display":"","ast-hfb-mobile-header-display":"","site-post-title":"","ast-breadcrumbs-content":"","ast-featured-img":"","footer-sml-layout":"","theme-transparent-header-meta":"default","adv-header-id-meta":"","stick-header-meta":"default","header-above-stick-meta":"","header-main-stick-meta":"","header-below-stick-meta":"","astra-migrate-meta-layouts":"default","ast-page-background-enabled":"default","ast-page-background-meta":{"desktop":{"background-color":"","background-image":"","background-repeat":"repeat","background-position":"center center","background-size":"auto","background-attachment":"scroll","background-type":"","background-media":"","overlay-type":"","overlay-color":"","overlay-opacity":"","overlay-gradient":""},"tablet":{"background-color":"","background-image":"","background-repeat":"repeat","background-position":"center center","background-size":"auto","background-attachment":"scroll","background-type":"","background-media":"","overlay-type":"","overlay-color":"","overlay-opacity":"","overlay-gradient":""},"mobile":{"background-color":"","background-image":"","background-repeat":"repeat","background-position":"center center","background-size":"auto","background-attachment":"scroll","background-type":"","background-media":"","overlay-type":"","overlay-color":"","overlay-opacity":"","overlay-gradient":""}},"ast-content-background-meta":{"desktop":{"background-color":"var(--ast-global-color-5)","background-image":"","background-repeat":"repeat","background-position":"center center","background-size":"auto","background-attachment":"scroll","background-type":"","background-media":"","overlay-type":"","overlay-color":"","overlay-opacity":"","overlay-gradient":""},"tablet":{"background-color":"var(--ast-global-color-5)","background-image":"","background-repeat":"repeat","background-position":"center center","background-size":"auto","background-attachment":"scroll","background-type":"","background-media":"","overlay-type":"","overlay-color":"","overlay-opacity":"","overlay-gradient":""},"mobile":{"background-color":"var(--ast-global-color-5)","background-image":"","background-repeat":"repeat","background-position":"center center","background-size":"auto","background-attachment":"scroll","background-type":"","background-media":"","overlay-type":"","overlay-color":"","overlay-opacity":"","overlay-gradient":""}}},"product_cat":[546],"product_tag":[787,777,774,776,780,790,808,792,805,797,782,785,802,799,807,810,795],"class_list":{"0":"post-6840","1":"product","2":"type-product","3":"status-publish","4":"has-post-thumbnail","6":"product_cat-umore-e-benessere","7":"product_tag-ad-alto-contenuto-di-fibre","8":"product_tag-alimenti-verdi","9":"product_tag-anti-x-it","10":"product_tag-celle-energetiche","11":"product_tag-compresse-verdi","12":"product_tag-integratore-energetico-naturale","13":"product_tag-integratore-vitaminico-minerale","14":"product_tag-integratori-naturali","15":"product_tag-integratori-per-vegani","16":"product_tag-non-ogm","17":"product_tag-polvere-di-salute","18":"product_tag-proteine-sane","19":"product_tag-qualita-premium","20":"product_tag-sulle-vitamine","21":"product_tag-vitamina-e-naturale","22":"product_tag-vitamina-naturale-it","23":"product_tag-vitamina-naturale","24":"has-subscription-plans","25":"desktop-align-left","26":"tablet-align-left","27":"mobile-align-left","29":"first","30":"outofstock","31":"taxable","32":"shipping-taxable","33":"product-type-variable"},"yoast_head":"<!-- This site is optimized with the Yoast SEO plugin v22.7 - https:\/\/yoast.com\/wordpress\/plugins\/seo\/ -->\n<title>Spirulina hawaiana - Superfood naturale, ricco di fibre - alimento verde ideale per frullati e alimentazione sportiva - (120 capsule vegane) - JeaKen<\/title>\n<meta name=\"robots\" content=\"index, follow, max-snippet:-1, max-image-preview:large, max-video-preview:-1\" \/>\n<link rel=\"canonical\" href=\"https:\/\/jeaken.com\/it\/prodotto\/spirulina-hawaiana-superfood-naturale-ricco-di-fibre-alimento-verde-ideale-per-frullati-e-alimentazione-sportiva-120-capsule-vegane\/\" \/>\n<meta property=\"og:locale\" content=\"it_IT\" \/>\n<meta property=\"og:type\" content=\"article\" \/>\n<meta property=\"og:title\" content=\"Spirulina hawaiana - Superfood naturale, ricco di fibre - alimento verde ideale per frullati e alimentazione sportiva - (120 capsule vegane) - JeaKen\" \/>\n<meta property=\"og:description\" content=\"Un superalimento potente ed efficace per aumentare l&#039;energia, migliorare l&#039;immunit\u00e0 e migliorare la salute della pelle.\" \/>\n<meta property=\"og:url\" content=\"https:\/\/jeaken.com\/it\/prodotto\/spirulina-hawaiana-superfood-naturale-ricco-di-fibre-alimento-verde-ideale-per-frullati-e-alimentazione-sportiva-120-capsule-vegane\/\" \/>\n<meta property=\"og:site_name\" content=\"JeaKen\" \/>\n<meta property=\"article:modified_time\" content=\"2022-08-09T14:13:55+00:00\" \/>\n<meta property=\"og:image\" content=\"https:\/\/jeaken.com\/wp-content\/uploads\/2022\/07\/Front-e1612872155262.jpg\" \/>\n\t<meta property=\"og:image:width\" content=\"600\" \/>\n\t<meta property=\"og:image:height\" content=\"600\" \/>\n\t<meta property=\"og:image:type\" content=\"image\/jpeg\" \/>\n<meta name=\"twitter:card\" content=\"summary_large_image\" \/>\n<meta name=\"twitter:label1\" content=\"Est. reading time\" \/>\n\t<meta name=\"twitter:data1\" content=\"1 minute\" \/>\n<script type=\"application\/ld+json\" class=\"yoast-schema-graph\">{\"@context\":\"https:\/\/schema.org\",\"@graph\":[{\"@type\":\"WebPage\",\"@id\":\"https:\/\/jeaken.com\/it\/prodotto\/spirulina-hawaiana-superfood-naturale-ricco-di-fibre-alimento-verde-ideale-per-frullati-e-alimentazione-sportiva-120-capsule-vegane\/\",\"url\":\"https:\/\/jeaken.com\/it\/prodotto\/spirulina-hawaiana-superfood-naturale-ricco-di-fibre-alimento-verde-ideale-per-frullati-e-alimentazione-sportiva-120-capsule-vegane\/\",\"name\":\"Spirulina hawaiana - Superfood naturale, ricco di fibre - alimento verde ideale per frullati e alimentazione sportiva - (120 capsule vegane) - JeaKen\",\"isPartOf\":{\"@id\":\"https:\/\/jeaken.com\/it\/#website\"},\"primaryImageOfPage\":{\"@id\":\"https:\/\/jeaken.com\/it\/prodotto\/spirulina-hawaiana-superfood-naturale-ricco-di-fibre-alimento-verde-ideale-per-frullati-e-alimentazione-sportiva-120-capsule-vegane\/#primaryimage\"},\"image\":{\"@id\":\"https:\/\/jeaken.com\/it\/prodotto\/spirulina-hawaiana-superfood-naturale-ricco-di-fibre-alimento-verde-ideale-per-frullati-e-alimentazione-sportiva-120-capsule-vegane\/#primaryimage\"},\"thumbnailUrl\":\"https:\/\/jeaken.com\/wp-content\/uploads\/2022\/07\/Front-e1612872155262.jpg\",\"datePublished\":\"2022-07-21T18:18:17+00:00\",\"dateModified\":\"2022-08-09T14:13:55+00:00\",\"breadcrumb\":{\"@id\":\"https:\/\/jeaken.com\/it\/prodotto\/spirulina-hawaiana-superfood-naturale-ricco-di-fibre-alimento-verde-ideale-per-frullati-e-alimentazione-sportiva-120-capsule-vegane\/#breadcrumb\"},\"inLanguage\":\"it-IT\",\"potentialAction\":[{\"@type\":\"ReadAction\",\"target\":[\"https:\/\/jeaken.com\/it\/prodotto\/spirulina-hawaiana-superfood-naturale-ricco-di-fibre-alimento-verde-ideale-per-frullati-e-alimentazione-sportiva-120-capsule-vegane\/\"]}]},{\"@type\":\"ImageObject\",\"inLanguage\":\"it-IT\",\"@id\":\"https:\/\/jeaken.com\/it\/prodotto\/spirulina-hawaiana-superfood-naturale-ricco-di-fibre-alimento-verde-ideale-per-frullati-e-alimentazione-sportiva-120-capsule-vegane\/#primaryimage\",\"url\":\"https:\/\/jeaken.com\/wp-content\/uploads\/2022\/07\/Front-e1612872155262.jpg\",\"contentUrl\":\"https:\/\/jeaken.com\/wp-content\/uploads\/2022\/07\/Front-e1612872155262.jpg\",\"width\":600,\"height\":600,\"caption\":\"Hawaiian Spirulina\"},{\"@type\":\"BreadcrumbList\",\"@id\":\"https:\/\/jeaken.com\/it\/prodotto\/spirulina-hawaiana-superfood-naturale-ricco-di-fibre-alimento-verde-ideale-per-frullati-e-alimentazione-sportiva-120-capsule-vegane\/#breadcrumb\",\"itemListElement\":[{\"@type\":\"ListItem\",\"position\":1,\"name\":\"Home\",\"item\":\"https:\/\/jeaken.com\/it\/\"},{\"@type\":\"ListItem\",\"position\":2,\"name\":\"Private: Shop\",\"item\":\"https:\/\/jeaken.com\/shop\/\"},{\"@type\":\"ListItem\",\"position\":3,\"name\":\"Spirulina hawaiana &#8211; Superfood naturale, ricco di fibre &#8211; alimento verde ideale per frullati e alimentazione sportiva &#8211; (120 capsule vegane)\"}]},{\"@type\":\"WebSite\",\"@id\":\"https:\/\/jeaken.com\/it\/#website\",\"url\":\"https:\/\/jeaken.com\/it\/\",\"name\":\"JeaKen\",\"description\":\"Organic Supplements for Health, Fitness and Nutrition\",\"publisher\":{\"@id\":\"https:\/\/jeaken.com\/it\/#organization\"},\"potentialAction\":[{\"@type\":\"SearchAction\",\"target\":{\"@type\":\"EntryPoint\",\"urlTemplate\":\"https:\/\/jeaken.com\/it\/?s={search_term_string}\"},\"query-input\":\"required name=search_term_string\"}],\"inLanguage\":\"it-IT\"},{\"@type\":\"Organization\",\"@id\":\"https:\/\/jeaken.com\/it\/#organization\",\"name\":\"JeaKen\",\"url\":\"https:\/\/jeaken.com\/it\/\",\"logo\":{\"@type\":\"ImageObject\",\"inLanguage\":\"it-IT\",\"@id\":\"https:\/\/jeaken.com\/it\/#\/schema\/logo\/image\/\",\"url\":\"https:\/\/jeaken.com\/wp-content\/uploads\/2022\/06\/jeaken-logo-23.png\",\"contentUrl\":\"https:\/\/jeaken.com\/wp-content\/uploads\/2022\/06\/jeaken-logo-23.png\",\"width\":2486,\"height\":736,\"caption\":\"JeaKen\"},\"image\":{\"@id\":\"https:\/\/jeaken.com\/it\/#\/schema\/logo\/image\/\"}}]}<\/script>\n<!-- \/ Yoast SEO plugin. -->","yoast_head_json":{"title":"Spirulina hawaiana - Superfood naturale, ricco di fibre - alimento verde ideale per frullati e alimentazione sportiva - (120 capsule vegane) - JeaKen","robots":{"index":"index","follow":"follow","max-snippet":"max-snippet:-1","max-image-preview":"max-image-preview:large","max-video-preview":"max-video-preview:-1"},"canonical":"https:\/\/jeaken.com\/it\/prodotto\/spirulina-hawaiana-superfood-naturale-ricco-di-fibre-alimento-verde-ideale-per-frullati-e-alimentazione-sportiva-120-capsule-vegane\/","og_locale":"it_IT","og_type":"article","og_title":"Spirulina hawaiana - Superfood naturale, ricco di fibre - alimento verde ideale per frullati e alimentazione sportiva - (120 capsule vegane) - JeaKen","og_description":"Un superalimento potente ed efficace per aumentare l'energia, migliorare l'immunit\u00e0 e migliorare la salute della pelle.","og_url":"https:\/\/jeaken.com\/it\/prodotto\/spirulina-hawaiana-superfood-naturale-ricco-di-fibre-alimento-verde-ideale-per-frullati-e-alimentazione-sportiva-120-capsule-vegane\/","og_site_name":"JeaKen","article_modified_time":"2022-08-09T14:13:55+00:00","og_image":[{"width":600,"height":600,"url":"https:\/\/jeaken.com\/wp-content\/uploads\/2022\/07\/Front-e1612872155262.jpg","type":"image\/jpeg"}],"twitter_card":"summary_large_image","twitter_misc":{"Est. reading time":"1 minute"},"schema":{"@context":"https:\/\/schema.org","@graph":[{"@type":"WebPage","@id":"https:\/\/jeaken.com\/it\/prodotto\/spirulina-hawaiana-superfood-naturale-ricco-di-fibre-alimento-verde-ideale-per-frullati-e-alimentazione-sportiva-120-capsule-vegane\/","url":"https:\/\/jeaken.com\/it\/prodotto\/spirulina-hawaiana-superfood-naturale-ricco-di-fibre-alimento-verde-ideale-per-frullati-e-alimentazione-sportiva-120-capsule-vegane\/","name":"Spirulina hawaiana - Superfood naturale, ricco di fibre - alimento verde ideale per frullati e alimentazione sportiva - (120 capsule vegane) - JeaKen","isPartOf":{"@id":"https:\/\/jeaken.com\/it\/#website"},"primaryImageOfPage":{"@id":"https:\/\/jeaken.com\/it\/prodotto\/spirulina-hawaiana-superfood-naturale-ricco-di-fibre-alimento-verde-ideale-per-frullati-e-alimentazione-sportiva-120-capsule-vegane\/#primaryimage"},"image":{"@id":"https:\/\/jeaken.com\/it\/prodotto\/spirulina-hawaiana-superfood-naturale-ricco-di-fibre-alimento-verde-ideale-per-frullati-e-alimentazione-sportiva-120-capsule-vegane\/#primaryimage"},"thumbnailUrl":"https:\/\/jeaken.com\/wp-content\/uploads\/2022\/07\/Front-e1612872155262.jpg","datePublished":"2022-07-21T18:18:17+00:00","dateModified":"2022-08-09T14:13:55+00:00","breadcrumb":{"@id":"https:\/\/jeaken.com\/it\/prodotto\/spirulina-hawaiana-superfood-naturale-ricco-di-fibre-alimento-verde-ideale-per-frullati-e-alimentazione-sportiva-120-capsule-vegane\/#breadcrumb"},"inLanguage":"it-IT","potentialAction":[{"@type":"ReadAction","target":["https:\/\/jeaken.com\/it\/prodotto\/spirulina-hawaiana-superfood-naturale-ricco-di-fibre-alimento-verde-ideale-per-frullati-e-alimentazione-sportiva-120-capsule-vegane\/"]}]},{"@type":"ImageObject","inLanguage":"it-IT","@id":"https:\/\/jeaken.com\/it\/prodotto\/spirulina-hawaiana-superfood-naturale-ricco-di-fibre-alimento-verde-ideale-per-frullati-e-alimentazione-sportiva-120-capsule-vegane\/#primaryimage","url":"https:\/\/jeaken.com\/wp-content\/uploads\/2022\/07\/Front-e1612872155262.jpg","contentUrl":"https:\/\/jeaken.com\/wp-content\/uploads\/2022\/07\/Front-e1612872155262.jpg","width":600,"height":600,"caption":"Hawaiian Spirulina"},{"@type":"BreadcrumbList","@id":"https:\/\/jeaken.com\/it\/prodotto\/spirulina-hawaiana-superfood-naturale-ricco-di-fibre-alimento-verde-ideale-per-frullati-e-alimentazione-sportiva-120-capsule-vegane\/#breadcrumb","itemListElement":[{"@type":"ListItem","position":1,"name":"Home","item":"https:\/\/jeaken.com\/it\/"},{"@type":"ListItem","position":2,"name":"Private: Shop","item":"https:\/\/jeaken.com\/shop\/"},{"@type":"ListItem","position":3,"name":"Spirulina hawaiana &#8211; Superfood naturale, ricco di fibre &#8211; alimento verde ideale per frullati e alimentazione sportiva &#8211; (120 capsule vegane)"}]},{"@type":"WebSite","@id":"https:\/\/jeaken.com\/it\/#website","url":"https:\/\/jeaken.com\/it\/","name":"JeaKen","description":"Organic Supplements for Health, Fitness and Nutrition","publisher":{"@id":"https:\/\/jeaken.com\/it\/#organization"},"potentialAction":[{"@type":"SearchAction","target":{"@type":"EntryPoint","urlTemplate":"https:\/\/jeaken.com\/it\/?s={search_term_string}"},"query-input":"required name=search_term_string"}],"inLanguage":"it-IT"},{"@type":"Organization","@id":"https:\/\/jeaken.com\/it\/#organization","name":"JeaKen","url":"https:\/\/jeaken.com\/it\/","logo":{"@type":"ImageObject","inLanguage":"it-IT","@id":"https:\/\/jeaken.com\/it\/#\/schema\/logo\/image\/","url":"https:\/\/jeaken.com\/wp-content\/uploads\/2022\/06\/jeaken-logo-23.png","contentUrl":"https:\/\/jeaken.com\/wp-content\/uploads\/2022\/06\/jeaken-logo-23.png","width":2486,"height":736,"caption":"JeaKen"},"image":{"@id":"https:\/\/jeaken.com\/it\/#\/schema\/logo\/image\/"}}]}},"jetpack_sharing_enabled":true,"_links":{"self":[{"href":"https:\/\/jeaken.com\/it\/wp-json\/wp\/v2\/product\/6840","targetHints":{"allow":["GET"]}}],"collection":[{"href":"https:\/\/jeaken.com\/it\/wp-json\/wp\/v2\/product"}],"about":[{"href":"https:\/\/jeaken.com\/it\/wp-json\/wp\/v2\/types\/product"}],"wp:featuredmedia":[{"embeddable":true,"href":"https:\/\/jeaken.com\/it\/wp-json\/wp\/v2\/media\/4314"}],"wp:attachment":[{"href":"https:\/\/jeaken.com\/it\/wp-json\/wp\/v2\/media?parent=6840"}],"wp:term":[{"taxonomy":"product_cat","embeddable":true,"href":"https:\/\/jeaken.com\/it\/wp-json\/wp\/v2\/product_cat?post=6840"},{"taxonomy":"product_tag","embeddable":true,"href":"https:\/\/jeaken.com\/it\/wp-json\/wp\/v2\/product_tag?post=6840"}],"curies":[{"name":"wp","href":"https:\/\/api.w.org\/{rel}","templated":true}]}}