{"id":6836,"date":"2022-07-21T19:18:21","date_gmt":"2022-07-21T18:18:21","guid":{"rendered":"https:\/1658920591610?product=acido-linoleico-coniugato-in-capsule-molli-per-laumento-della-massa-muscolare-e-la-perdita-di-grasso-90-capsule"},"modified":"2022-08-09T15:13:51","modified_gmt":"2022-08-09T14:13:51","slug":"acido-linoleico-coniugato-in-capsule-molli-per-laumento-della-massa-muscolare-e-la-perdita-di-grasso-90-capsule","status":"publish","type":"product","link":"https:\/\/jeaken.com\/it\/prodotto\/acido-linoleico-coniugato-in-capsule-molli-per-laumento-della-massa-muscolare-e-la-perdita-di-grasso-90-capsule\/","title":{"rendered":"Acido linoleico coniugato in capsule molli per l&#8217;aumento della massa muscolare e la perdita di grasso (90 capsule)"},"content":{"rendered":"<p><strong><span class=\"a-list-item\">RIDUCE IL GRASSO CORPOREO E AUMENTA LA MASSA MUSCOLARE MAGRA  <\/span><\/strong><\/p>\n<p><span class=\"a-list-item\">  L&#8217;acido linoleico coniugato (CLA) \u00e8 un acido grasso Omega-6 presente naturalmente nell&#8217;organismo e si trova nella carne e nei latticini. \u00c8 stato dimostrato che riduce il grasso corporeo e aumenta la massa muscolare.  <\/span><\/p>\n<p><strong><span class=\"a-list-item\">AUMENTA L&#8217;ENERGIA  <\/span><\/strong><\/p>\n<p><span class=\"a-list-item\">Il CLA contribuisce ad aumentare il tasso metabolico, consentendo di godere di maggiori livelli di energia dalla mattina alla sera. Il nostro potente integratore CLA pu\u00f2 aiutarvi ad allenarvi pi\u00f9 a lungo, con un minor affaticamento e tempi di recupero pi\u00f9 rapidi.<\/span><\/p>\n<p><strong><span class=\"a-list-item\">RAFFORZA L&#8217;IMMUNIT\u00c0<\/span><\/strong><\/p>\n<p><span class=\"a-list-item\">Il CLA rafforza il sistema immunitario e contribuisce a creare una resistenza alle infezioni, ai problemi infiammatori e ad altri squilibri del sistema immunitario, come i problemi autoimmuni e le allergie.<\/span><\/p>\n<p><strong><span class=\"a-list-item\">IMPORTANTE PER VEGANI E VEGETARIANI  <\/span><\/strong><\/p>\n<p><span class=\"a-list-item\">Il CLA non pu\u00f2 essere creato nel corpo umano, ma si trova nei prodotti animali e caseari. Le nostre capsule di CLA rappresentano un&#8217;alternativa sana per i vegetariani o per coloro che vogliono evitare di mangiare carne.<\/span><\/p>\n<p>&nbsp;<\/p>\n","protected":false},"excerpt":{"rendered":"<h4>Un modo efficace per costruire muscoli, ridurre il grasso e aumentare l&#8217;immunit\u00e0.<\/h4>\n","protected":false},"featured_media":4667,"template":"","meta":{"site-sidebar-layout":"default","site-content-layout":"default","ast-site-content-layout":"default","site-content-style":"default","site-sidebar-style":"default","ast-global-header-display":"","ast-banner-title-visibility":"","ast-main-header-display":"","ast-hfb-above-header-display":"","ast-hfb-below-header-display":"","ast-hfb-mobile-header-display":"","site-post-title":"","ast-breadcrumbs-content":"","ast-featured-img":"","footer-sml-layout":"","theme-transparent-header-meta":"default","adv-header-id-meta":"","stick-header-meta":"default","header-above-stick-meta":"","header-main-stick-meta":"","header-below-stick-meta":"","astra-migrate-meta-layouts":"default","ast-page-background-enabled":"default","ast-page-background-meta":{"desktop":{"background-color":"","background-image":"","background-repeat":"repeat","background-position":"center center","background-size":"auto","background-attachment":"scroll","background-type":"","background-media":"","overlay-type":"","overlay-color":"","overlay-opacity":"","overlay-gradient":""},"tablet":{"background-color":"","background-image":"","background-repeat":"repeat","background-position":"center center","background-size":"auto","background-attachment":"scroll","background-type":"","background-media":"","overlay-type":"","overlay-color":"","overlay-opacity":"","overlay-gradient":""},"mobile":{"background-color":"","background-image":"","background-repeat":"repeat","background-position":"center center","background-size":"auto","background-attachment":"scroll","background-type":"","background-media":"","overlay-type":"","overlay-color":"","overlay-opacity":"","overlay-gradient":""}},"ast-content-background-meta":{"desktop":{"background-color":"var(--ast-global-color-5)","background-image":"","background-repeat":"repeat","background-position":"center center","background-size":"auto","background-attachment":"scroll","background-type":"","background-media":"","overlay-type":"","overlay-color":"","overlay-opacity":"","overlay-gradient":""},"tablet":{"background-color":"var(--ast-global-color-5)","background-image":"","background-repeat":"repeat","background-position":"center center","background-size":"auto","background-attachment":"scroll","background-type":"","background-media":"","overlay-type":"","overlay-color":"","overlay-opacity":"","overlay-gradient":""},"mobile":{"background-color":"var(--ast-global-color-5)","background-image":"","background-repeat":"repeat","background-position":"center center","background-size":"auto","background-attachment":"scroll","background-type":"","background-media":"","overlay-type":"","overlay-color":"","overlay-opacity":"","overlay-gradient":""}}},"product_cat":[537,763,545,762],"product_tag":[1403],"class_list":{"0":"post-6836","1":"product","2":"type-product","3":"status-publish","4":"has-post-thumbnail","6":"product_cat-nutrizione-sportiva","7":"product_cat-perdita-di-peso","8":"product_cat-salute-del-cuore-e-del-cervello","9":"product_cat-salute-delle-ossa-e-delle-articolazioni","10":"product_tag-perdita-di-grasso","11":"has-subscription-plans","12":"desktop-align-left","13":"tablet-align-left","14":"mobile-align-left","16":"first","17":"instock","18":"taxable","19":"shipping-taxable","20":"purchasable","21":"product-type-simple"},"yoast_head":"<!-- This site is optimized with the Yoast SEO plugin v22.7 - https:\/\/yoast.com\/wordpress\/plugins\/seo\/ -->\n<title>Acido linoleico coniugato in capsule molli per l&#039;aumento della massa muscolare e la perdita di grasso (90 capsule) - JeaKen<\/title>\n<meta name=\"robots\" content=\"index, follow, max-snippet:-1, max-image-preview:large, max-video-preview:-1\" \/>\n<link rel=\"canonical\" href=\"https:\/\/jeaken.com\/it\/prodotto\/acido-linoleico-coniugato-in-capsule-molli-per-laumento-della-massa-muscolare-e-la-perdita-di-grasso-90-capsule\/\" \/>\n<meta property=\"og:locale\" content=\"it_IT\" \/>\n<meta property=\"og:type\" content=\"article\" \/>\n<meta property=\"og:title\" content=\"Acido linoleico coniugato in capsule molli per l&#039;aumento della massa muscolare e la perdita di grasso (90 capsule) - JeaKen\" \/>\n<meta property=\"og:description\" content=\"Un modo efficace per costruire muscoli, ridurre il grasso e aumentare l&#039;immunit\u00e0.\" \/>\n<meta property=\"og:url\" content=\"https:\/\/jeaken.com\/it\/prodotto\/acido-linoleico-coniugato-in-capsule-molli-per-laumento-della-massa-muscolare-e-la-perdita-di-grasso-90-capsule\/\" \/>\n<meta property=\"og:site_name\" content=\"JeaKen\" \/>\n<meta property=\"article:modified_time\" content=\"2022-08-09T14:13:51+00:00\" \/>\n<meta property=\"og:image\" content=\"https:\/\/jeaken.com\/wp-content\/uploads\/2022\/07\/71Exwa8OxML._AC_SL1500_.jpg\" \/>\n\t<meta property=\"og:image:width\" content=\"600\" \/>\n\t<meta property=\"og:image:height\" content=\"600\" \/>\n\t<meta property=\"og:image:type\" content=\"image\/jpeg\" \/>\n<meta name=\"twitter:card\" content=\"summary_large_image\" \/>\n<meta name=\"twitter:label1\" content=\"Est. reading time\" \/>\n\t<meta name=\"twitter:data1\" content=\"1 minute\" \/>\n<script type=\"application\/ld+json\" class=\"yoast-schema-graph\">{\"@context\":\"https:\/\/schema.org\",\"@graph\":[{\"@type\":\"WebPage\",\"@id\":\"https:\/\/jeaken.com\/it\/prodotto\/acido-linoleico-coniugato-in-capsule-molli-per-laumento-della-massa-muscolare-e-la-perdita-di-grasso-90-capsule\/\",\"url\":\"https:\/\/jeaken.com\/it\/prodotto\/acido-linoleico-coniugato-in-capsule-molli-per-laumento-della-massa-muscolare-e-la-perdita-di-grasso-90-capsule\/\",\"name\":\"Acido linoleico coniugato in capsule molli per l'aumento della massa muscolare e la perdita di grasso (90 capsule) - JeaKen\",\"isPartOf\":{\"@id\":\"https:\/\/jeaken.com\/it\/#website\"},\"primaryImageOfPage\":{\"@id\":\"https:\/\/jeaken.com\/it\/prodotto\/acido-linoleico-coniugato-in-capsule-molli-per-laumento-della-massa-muscolare-e-la-perdita-di-grasso-90-capsule\/#primaryimage\"},\"image\":{\"@id\":\"https:\/\/jeaken.com\/it\/prodotto\/acido-linoleico-coniugato-in-capsule-molli-per-laumento-della-massa-muscolare-e-la-perdita-di-grasso-90-capsule\/#primaryimage\"},\"thumbnailUrl\":\"https:\/\/jeaken.com\/wp-content\/uploads\/2022\/07\/71Exwa8OxML._AC_SL1500_.jpg\",\"datePublished\":\"2022-07-21T18:18:21+00:00\",\"dateModified\":\"2022-08-09T14:13:51+00:00\",\"breadcrumb\":{\"@id\":\"https:\/\/jeaken.com\/it\/prodotto\/acido-linoleico-coniugato-in-capsule-molli-per-laumento-della-massa-muscolare-e-la-perdita-di-grasso-90-capsule\/#breadcrumb\"},\"inLanguage\":\"it-IT\",\"potentialAction\":[{\"@type\":\"ReadAction\",\"target\":[\"https:\/\/jeaken.com\/it\/prodotto\/acido-linoleico-coniugato-in-capsule-molli-per-laumento-della-massa-muscolare-e-la-perdita-di-grasso-90-capsule\/\"]}]},{\"@type\":\"ImageObject\",\"inLanguage\":\"it-IT\",\"@id\":\"https:\/\/jeaken.com\/it\/prodotto\/acido-linoleico-coniugato-in-capsule-molli-per-laumento-della-massa-muscolare-e-la-perdita-di-grasso-90-capsule\/#primaryimage\",\"url\":\"https:\/\/jeaken.com\/wp-content\/uploads\/2022\/07\/71Exwa8OxML._AC_SL1500_.jpg\",\"contentUrl\":\"https:\/\/jeaken.com\/wp-content\/uploads\/2022\/07\/71Exwa8OxML._AC_SL1500_.jpg\",\"width\":600,\"height\":600,\"caption\":\"Conjugated Linoleic Acid Softgels for Increased Muscle Mass and Fat Loss\"},{\"@type\":\"BreadcrumbList\",\"@id\":\"https:\/\/jeaken.com\/it\/prodotto\/acido-linoleico-coniugato-in-capsule-molli-per-laumento-della-massa-muscolare-e-la-perdita-di-grasso-90-capsule\/#breadcrumb\",\"itemListElement\":[{\"@type\":\"ListItem\",\"position\":1,\"name\":\"Home\",\"item\":\"https:\/\/jeaken.com\/it\/\"},{\"@type\":\"ListItem\",\"position\":2,\"name\":\"Private: Shop\",\"item\":\"https:\/\/jeaken.com\/shop\/\"},{\"@type\":\"ListItem\",\"position\":3,\"name\":\"Acido linoleico coniugato in capsule molli per l&#8217;aumento della massa muscolare e la perdita di grasso (90 capsule)\"}]},{\"@type\":\"WebSite\",\"@id\":\"https:\/\/jeaken.com\/it\/#website\",\"url\":\"https:\/\/jeaken.com\/it\/\",\"name\":\"JeaKen\",\"description\":\"Organic Supplements for Health, Fitness and Nutrition\",\"publisher\":{\"@id\":\"https:\/\/jeaken.com\/it\/#organization\"},\"potentialAction\":[{\"@type\":\"SearchAction\",\"target\":{\"@type\":\"EntryPoint\",\"urlTemplate\":\"https:\/\/jeaken.com\/it\/?s={search_term_string}\"},\"query-input\":\"required name=search_term_string\"}],\"inLanguage\":\"it-IT\"},{\"@type\":\"Organization\",\"@id\":\"https:\/\/jeaken.com\/it\/#organization\",\"name\":\"JeaKen\",\"url\":\"https:\/\/jeaken.com\/it\/\",\"logo\":{\"@type\":\"ImageObject\",\"inLanguage\":\"it-IT\",\"@id\":\"https:\/\/jeaken.com\/it\/#\/schema\/logo\/image\/\",\"url\":\"https:\/\/jeaken.com\/wp-content\/uploads\/2022\/06\/jeaken-logo-23.png\",\"contentUrl\":\"https:\/\/jeaken.com\/wp-content\/uploads\/2022\/06\/jeaken-logo-23.png\",\"width\":2486,\"height\":736,\"caption\":\"JeaKen\"},\"image\":{\"@id\":\"https:\/\/jeaken.com\/it\/#\/schema\/logo\/image\/\"}}]}<\/script>\n<!-- \/ Yoast SEO plugin. -->","yoast_head_json":{"title":"Acido linoleico coniugato in capsule molli per l'aumento della massa muscolare e la perdita di grasso (90 capsule) - JeaKen","robots":{"index":"index","follow":"follow","max-snippet":"max-snippet:-1","max-image-preview":"max-image-preview:large","max-video-preview":"max-video-preview:-1"},"canonical":"https:\/\/jeaken.com\/it\/prodotto\/acido-linoleico-coniugato-in-capsule-molli-per-laumento-della-massa-muscolare-e-la-perdita-di-grasso-90-capsule\/","og_locale":"it_IT","og_type":"article","og_title":"Acido linoleico coniugato in capsule molli per l'aumento della massa muscolare e la perdita di grasso (90 capsule) - JeaKen","og_description":"Un modo efficace per costruire muscoli, ridurre il grasso e aumentare l'immunit\u00e0.","og_url":"https:\/\/jeaken.com\/it\/prodotto\/acido-linoleico-coniugato-in-capsule-molli-per-laumento-della-massa-muscolare-e-la-perdita-di-grasso-90-capsule\/","og_site_name":"JeaKen","article_modified_time":"2022-08-09T14:13:51+00:00","og_image":[{"width":600,"height":600,"url":"https:\/\/jeaken.com\/wp-content\/uploads\/2022\/07\/71Exwa8OxML._AC_SL1500_.jpg","type":"image\/jpeg"}],"twitter_card":"summary_large_image","twitter_misc":{"Est. reading time":"1 minute"},"schema":{"@context":"https:\/\/schema.org","@graph":[{"@type":"WebPage","@id":"https:\/\/jeaken.com\/it\/prodotto\/acido-linoleico-coniugato-in-capsule-molli-per-laumento-della-massa-muscolare-e-la-perdita-di-grasso-90-capsule\/","url":"https:\/\/jeaken.com\/it\/prodotto\/acido-linoleico-coniugato-in-capsule-molli-per-laumento-della-massa-muscolare-e-la-perdita-di-grasso-90-capsule\/","name":"Acido linoleico coniugato in capsule molli per l'aumento della massa muscolare e la perdita di grasso (90 capsule) - JeaKen","isPartOf":{"@id":"https:\/\/jeaken.com\/it\/#website"},"primaryImageOfPage":{"@id":"https:\/\/jeaken.com\/it\/prodotto\/acido-linoleico-coniugato-in-capsule-molli-per-laumento-della-massa-muscolare-e-la-perdita-di-grasso-90-capsule\/#primaryimage"},"image":{"@id":"https:\/\/jeaken.com\/it\/prodotto\/acido-linoleico-coniugato-in-capsule-molli-per-laumento-della-massa-muscolare-e-la-perdita-di-grasso-90-capsule\/#primaryimage"},"thumbnailUrl":"https:\/\/jeaken.com\/wp-content\/uploads\/2022\/07\/71Exwa8OxML._AC_SL1500_.jpg","datePublished":"2022-07-21T18:18:21+00:00","dateModified":"2022-08-09T14:13:51+00:00","breadcrumb":{"@id":"https:\/\/jeaken.com\/it\/prodotto\/acido-linoleico-coniugato-in-capsule-molli-per-laumento-della-massa-muscolare-e-la-perdita-di-grasso-90-capsule\/#breadcrumb"},"inLanguage":"it-IT","potentialAction":[{"@type":"ReadAction","target":["https:\/\/jeaken.com\/it\/prodotto\/acido-linoleico-coniugato-in-capsule-molli-per-laumento-della-massa-muscolare-e-la-perdita-di-grasso-90-capsule\/"]}]},{"@type":"ImageObject","inLanguage":"it-IT","@id":"https:\/\/jeaken.com\/it\/prodotto\/acido-linoleico-coniugato-in-capsule-molli-per-laumento-della-massa-muscolare-e-la-perdita-di-grasso-90-capsule\/#primaryimage","url":"https:\/\/jeaken.com\/wp-content\/uploads\/2022\/07\/71Exwa8OxML._AC_SL1500_.jpg","contentUrl":"https:\/\/jeaken.com\/wp-content\/uploads\/2022\/07\/71Exwa8OxML._AC_SL1500_.jpg","width":600,"height":600,"caption":"Conjugated Linoleic Acid Softgels for Increased Muscle Mass and Fat Loss"},{"@type":"BreadcrumbList","@id":"https:\/\/jeaken.com\/it\/prodotto\/acido-linoleico-coniugato-in-capsule-molli-per-laumento-della-massa-muscolare-e-la-perdita-di-grasso-90-capsule\/#breadcrumb","itemListElement":[{"@type":"ListItem","position":1,"name":"Home","item":"https:\/\/jeaken.com\/it\/"},{"@type":"ListItem","position":2,"name":"Private: Shop","item":"https:\/\/jeaken.com\/shop\/"},{"@type":"ListItem","position":3,"name":"Acido linoleico coniugato in capsule molli per l&#8217;aumento della massa muscolare e la perdita di grasso (90 capsule)"}]},{"@type":"WebSite","@id":"https:\/\/jeaken.com\/it\/#website","url":"https:\/\/jeaken.com\/it\/","name":"JeaKen","description":"Organic Supplements for Health, Fitness and Nutrition","publisher":{"@id":"https:\/\/jeaken.com\/it\/#organization"},"potentialAction":[{"@type":"SearchAction","target":{"@type":"EntryPoint","urlTemplate":"https:\/\/jeaken.com\/it\/?s={search_term_string}"},"query-input":"required name=search_term_string"}],"inLanguage":"it-IT"},{"@type":"Organization","@id":"https:\/\/jeaken.com\/it\/#organization","name":"JeaKen","url":"https:\/\/jeaken.com\/it\/","logo":{"@type":"ImageObject","inLanguage":"it-IT","@id":"https:\/\/jeaken.com\/it\/#\/schema\/logo\/image\/","url":"https:\/\/jeaken.com\/wp-content\/uploads\/2022\/06\/jeaken-logo-23.png","contentUrl":"https:\/\/jeaken.com\/wp-content\/uploads\/2022\/06\/jeaken-logo-23.png","width":2486,"height":736,"caption":"JeaKen"},"image":{"@id":"https:\/\/jeaken.com\/it\/#\/schema\/logo\/image\/"}}]}},"jetpack_sharing_enabled":true,"_links":{"self":[{"href":"https:\/\/jeaken.com\/it\/wp-json\/wp\/v2\/product\/6836","targetHints":{"allow":["GET"]}}],"collection":[{"href":"https:\/\/jeaken.com\/it\/wp-json\/wp\/v2\/product"}],"about":[{"href":"https:\/\/jeaken.com\/it\/wp-json\/wp\/v2\/types\/product"}],"wp:featuredmedia":[{"embeddable":true,"href":"https:\/\/jeaken.com\/it\/wp-json\/wp\/v2\/media\/4667"}],"wp:attachment":[{"href":"https:\/\/jeaken.com\/it\/wp-json\/wp\/v2\/media?parent=6836"}],"wp:term":[{"taxonomy":"product_cat","embeddable":true,"href":"https:\/\/jeaken.com\/it\/wp-json\/wp\/v2\/product_cat?post=6836"},{"taxonomy":"product_tag","embeddable":true,"href":"https:\/\/jeaken.com\/it\/wp-json\/wp\/v2\/product_tag?post=6836"}],"curies":[{"name":"wp","href":"https:\/\/api.w.org\/{rel}","templated":true}]}}