{"id":6752,"date":"2022-07-21T19:18:22","date_gmt":"2022-07-21T18:18:22","guid":{"rendered":"https:\/1658920591610?product=lozione-naturale-antieta-al-coenzima-q10-per-pelli-molto-secche-flacone-da-50-ml"},"modified":"2022-08-09T14:41:47","modified_gmt":"2022-08-09T13:41:47","slug":"lozione-naturale-antieta-al-coenzima-q10-per-pelli-molto-secche-flacone-da-50-ml","status":"publish","type":"product","link":"https:\/\/jeaken.com\/it\/prodotto\/lozione-naturale-antieta-al-coenzima-q10-per-pelli-molto-secche-flacone-da-50-ml\/","title":{"rendered":"Lozione naturale antiet\u00e0 al coenzima Q10 per pelli molto secche. Flacone da 50 ml"},"content":{"rendered":"<p><strong><span class=\"a-list-item\">FORMULA ANTI-ET\u00c0 AVANZATA  <\/span><\/strong><\/p>\n<p><span class=\"a-list-item\">La nostra lussuosa lozione per il corpo al Q10 botanico \u00e8 studiata per tenere a bada le rughe e le linee sottili. Il coenzima Q10 \u00e8 noto per le sue propriet\u00e0 anti-invecchiamento. \u00c8 un potente antiossidante che migliora l&#8217;aspetto della pelle bloccando il deterioramento cellulare e facilitando la riparazione delle cellule danneggiate.<\/span><\/p>\n<p><strong><span class=\"a-list-item\">DONA ALLA PELLE UN ASPETTO PI\u00d9 LUMINOSO E LUMINOSO  <\/span><\/strong><\/p>\n<p><span class=\"a-list-item\">Questa lozione naturale per il corpo \u00e8 perfetta per energizzare, proteggere e stimolare la pelle che, a sua volta, ha un aspetto pi\u00f9 giovane. \u00c8 cos\u00ec cremoso che ne basta una piccola quantit\u00e0 per ottenere una pelle perfettamente liscia.<\/span><\/p>\n<p><strong><span class=\"a-list-item\">TONER A RAPIDO ASSORBIMENTO  <\/span><\/strong><\/p>\n<p><span class=\"a-list-item\">La Lozione al Coenzima Q10, un tonico rinfrescante e di rapido assorbimento, \u00e8 abbastanza delicato per tutti i tipi di pelle, ma particolarmente benefico per chi ha la pelle danneggiata dal sole o in via di invecchiamento.<\/span><\/p>\n<p><strong><span class=\"a-list-item\">INGREDIENTI NATURALI  <\/span><\/strong><\/p>\n<p><span class=\"a-list-item\">La nostra lozione al coenzima Q10 \u00e8 vegana e priva di parabeni e alcol. I principi attivi contenuti nella nostra Lozione al Coenzima Q10 lavorano in sinergia con la pelle. Questa potente lozione per il corpo, realizzata con ingredienti di origine naturale e rivale delle pi\u00f9 costose lozioni anti-et\u00e0 delle grandi marche, far\u00e0 risaltare la vostra bellezza in modo naturale.<\/span><\/p>\n<p>&nbsp;<\/p>\n","protected":false},"excerpt":{"rendered":"<h4 id=\"title\" class=\"a-size-large a-spacing-none\"><span id=\"productTitle\" class=\"a-size-large product-title-word-break\">Una formula naturale e idratante per una pelle pi\u00f9 luminosa, liscia e giovane.<\/span><\/h4>\n<h4 class=\"a-size-large a-spacing-none\"><\/h4>\n","protected":false},"featured_media":5277,"template":"","meta":{"site-sidebar-layout":"default","site-content-layout":"default","ast-site-content-layout":"default","site-content-style":"default","site-sidebar-style":"default","ast-global-header-display":"","ast-banner-title-visibility":"","ast-main-header-display":"","ast-hfb-above-header-display":"","ast-hfb-below-header-display":"","ast-hfb-mobile-header-display":"","site-post-title":"","ast-breadcrumbs-content":"","ast-featured-img":"","footer-sml-layout":"","theme-transparent-header-meta":"default","adv-header-id-meta":"","stick-header-meta":"default","header-above-stick-meta":"","header-main-stick-meta":"","header-below-stick-meta":"","astra-migrate-meta-layouts":"default","ast-page-background-enabled":"default","ast-page-background-meta":{"desktop":{"background-color":"","background-image":"","background-repeat":"repeat","background-position":"center center","background-size":"auto","background-attachment":"scroll","background-type":"","background-media":"","overlay-type":"","overlay-color":"","overlay-opacity":"","overlay-gradient":""},"tablet":{"background-color":"","background-image":"","background-repeat":"repeat","background-position":"center center","background-size":"auto","background-attachment":"scroll","background-type":"","background-media":"","overlay-type":"","overlay-color":"","overlay-opacity":"","overlay-gradient":""},"mobile":{"background-color":"","background-image":"","background-repeat":"repeat","background-position":"center center","background-size":"auto","background-attachment":"scroll","background-type":"","background-media":"","overlay-type":"","overlay-color":"","overlay-opacity":"","overlay-gradient":""}},"ast-content-background-meta":{"desktop":{"background-color":"var(--ast-global-color-5)","background-image":"","background-repeat":"repeat","background-position":"center center","background-size":"auto","background-attachment":"scroll","background-type":"","background-media":"","overlay-type":"","overlay-color":"","overlay-opacity":"","overlay-gradient":""},"tablet":{"background-color":"var(--ast-global-color-5)","background-image":"","background-repeat":"repeat","background-position":"center center","background-size":"auto","background-attachment":"scroll","background-type":"","background-media":"","overlay-type":"","overlay-color":"","overlay-opacity":"","overlay-gradient":""},"mobile":{"background-color":"var(--ast-global-color-5)","background-image":"","background-repeat":"repeat","background-position":"center center","background-size":"auto","background-attachment":"scroll","background-type":"","background-media":"","overlay-type":"","overlay-color":"","overlay-opacity":"","overlay-gradient":""}}},"product_cat":[534,533,620],"product_tag":[],"class_list":{"0":"post-6752","1":"product","2":"type-product","3":"status-publish","4":"has-post-thumbnail","6":"product_cat-anti-eta","7":"product_cat-bellezza-naturale","8":"product_cat-smagliature-e-cellulite","9":"has-subscription-plans","10":"desktop-align-left","11":"tablet-align-left","12":"mobile-align-left","14":"first","15":"instock","16":"taxable","17":"shipping-taxable","18":"purchasable","19":"product-type-simple"},"yoast_head":"<!-- This site is optimized with the Yoast SEO plugin v22.7 - https:\/\/yoast.com\/wordpress\/plugins\/seo\/ -->\n<title>Lozione naturale antiet\u00e0 al coenzima Q10 per pelli molto secche. Flacone da 50 ml - JeaKen<\/title>\n<meta name=\"robots\" content=\"index, follow, max-snippet:-1, max-image-preview:large, max-video-preview:-1\" \/>\n<link rel=\"canonical\" href=\"https:\/\/jeaken.com\/it\/prodotto\/lozione-naturale-antieta-al-coenzima-q10-per-pelli-molto-secche-flacone-da-50-ml\/\" \/>\n<meta property=\"og:locale\" content=\"it_IT\" \/>\n<meta property=\"og:type\" content=\"article\" \/>\n<meta property=\"og:title\" content=\"Lozione naturale antiet\u00e0 al coenzima Q10 per pelli molto secche. Flacone da 50 ml - JeaKen\" \/>\n<meta property=\"og:description\" content=\"Una formula naturale e idratante per una pelle pi\u00f9 luminosa, liscia e giovane.\" \/>\n<meta property=\"og:url\" content=\"https:\/\/jeaken.com\/it\/prodotto\/lozione-naturale-antieta-al-coenzima-q10-per-pelli-molto-secche-flacone-da-50-ml\/\" \/>\n<meta property=\"og:site_name\" content=\"JeaKen\" \/>\n<meta property=\"article:modified_time\" content=\"2022-08-09T13:41:47+00:00\" \/>\n<meta property=\"og:image\" content=\"https:\/\/jeaken.com\/wp-content\/uploads\/2022\/07\/81aPlWEAuWL._AC_SL1500_.jpg\" \/>\n\t<meta property=\"og:image:width\" content=\"600\" \/>\n\t<meta property=\"og:image:height\" content=\"600\" \/>\n\t<meta property=\"og:image:type\" content=\"image\/jpeg\" \/>\n<meta name=\"twitter:card\" content=\"summary_large_image\" \/>\n<meta name=\"twitter:label1\" content=\"Est. reading time\" \/>\n\t<meta name=\"twitter:data1\" content=\"1 minute\" \/>\n<script type=\"application\/ld+json\" class=\"yoast-schema-graph\">{\"@context\":\"https:\/\/schema.org\",\"@graph\":[{\"@type\":\"WebPage\",\"@id\":\"https:\/\/jeaken.com\/it\/prodotto\/lozione-naturale-antieta-al-coenzima-q10-per-pelli-molto-secche-flacone-da-50-ml\/\",\"url\":\"https:\/\/jeaken.com\/it\/prodotto\/lozione-naturale-antieta-al-coenzima-q10-per-pelli-molto-secche-flacone-da-50-ml\/\",\"name\":\"Lozione naturale antiet\u00e0 al coenzima Q10 per pelli molto secche. Flacone da 50 ml - JeaKen\",\"isPartOf\":{\"@id\":\"https:\/\/jeaken.com\/it\/#website\"},\"primaryImageOfPage\":{\"@id\":\"https:\/\/jeaken.com\/it\/prodotto\/lozione-naturale-antieta-al-coenzima-q10-per-pelli-molto-secche-flacone-da-50-ml\/#primaryimage\"},\"image\":{\"@id\":\"https:\/\/jeaken.com\/it\/prodotto\/lozione-naturale-antieta-al-coenzima-q10-per-pelli-molto-secche-flacone-da-50-ml\/#primaryimage\"},\"thumbnailUrl\":\"https:\/\/jeaken.com\/wp-content\/uploads\/2022\/07\/81aPlWEAuWL._AC_SL1500_.jpg\",\"datePublished\":\"2022-07-21T18:18:22+00:00\",\"dateModified\":\"2022-08-09T13:41:47+00:00\",\"breadcrumb\":{\"@id\":\"https:\/\/jeaken.com\/it\/prodotto\/lozione-naturale-antieta-al-coenzima-q10-per-pelli-molto-secche-flacone-da-50-ml\/#breadcrumb\"},\"inLanguage\":\"it-IT\",\"potentialAction\":[{\"@type\":\"ReadAction\",\"target\":[\"https:\/\/jeaken.com\/it\/prodotto\/lozione-naturale-antieta-al-coenzima-q10-per-pelli-molto-secche-flacone-da-50-ml\/\"]}]},{\"@type\":\"ImageObject\",\"inLanguage\":\"it-IT\",\"@id\":\"https:\/\/jeaken.com\/it\/prodotto\/lozione-naturale-antieta-al-coenzima-q10-per-pelli-molto-secche-flacone-da-50-ml\/#primaryimage\",\"url\":\"https:\/\/jeaken.com\/wp-content\/uploads\/2022\/07\/81aPlWEAuWL._AC_SL1500_.jpg\",\"contentUrl\":\"https:\/\/jeaken.com\/wp-content\/uploads\/2022\/07\/81aPlWEAuWL._AC_SL1500_.jpg\",\"width\":600,\"height\":600,\"caption\":\"Coenzyme Q10\"},{\"@type\":\"BreadcrumbList\",\"@id\":\"https:\/\/jeaken.com\/it\/prodotto\/lozione-naturale-antieta-al-coenzima-q10-per-pelli-molto-secche-flacone-da-50-ml\/#breadcrumb\",\"itemListElement\":[{\"@type\":\"ListItem\",\"position\":1,\"name\":\"Home\",\"item\":\"https:\/\/jeaken.com\/it\/\"},{\"@type\":\"ListItem\",\"position\":2,\"name\":\"Private: Shop\",\"item\":\"https:\/\/jeaken.com\/shop\/\"},{\"@type\":\"ListItem\",\"position\":3,\"name\":\"Lozione naturale antiet\u00e0 al coenzima Q10 per pelli molto secche. Flacone da 50 ml\"}]},{\"@type\":\"WebSite\",\"@id\":\"https:\/\/jeaken.com\/it\/#website\",\"url\":\"https:\/\/jeaken.com\/it\/\",\"name\":\"JeaKen\",\"description\":\"Organic Supplements for Health, Fitness and Nutrition\",\"publisher\":{\"@id\":\"https:\/\/jeaken.com\/it\/#organization\"},\"potentialAction\":[{\"@type\":\"SearchAction\",\"target\":{\"@type\":\"EntryPoint\",\"urlTemplate\":\"https:\/\/jeaken.com\/it\/?s={search_term_string}\"},\"query-input\":\"required name=search_term_string\"}],\"inLanguage\":\"it-IT\"},{\"@type\":\"Organization\",\"@id\":\"https:\/\/jeaken.com\/it\/#organization\",\"name\":\"JeaKen\",\"url\":\"https:\/\/jeaken.com\/it\/\",\"logo\":{\"@type\":\"ImageObject\",\"inLanguage\":\"it-IT\",\"@id\":\"https:\/\/jeaken.com\/it\/#\/schema\/logo\/image\/\",\"url\":\"https:\/\/jeaken.com\/wp-content\/uploads\/2022\/06\/jeaken-logo-23.png\",\"contentUrl\":\"https:\/\/jeaken.com\/wp-content\/uploads\/2022\/06\/jeaken-logo-23.png\",\"width\":2486,\"height\":736,\"caption\":\"JeaKen\"},\"image\":{\"@id\":\"https:\/\/jeaken.com\/it\/#\/schema\/logo\/image\/\"}}]}<\/script>\n<!-- \/ Yoast SEO plugin. -->","yoast_head_json":{"title":"Lozione naturale antiet\u00e0 al coenzima Q10 per pelli molto secche. Flacone da 50 ml - JeaKen","robots":{"index":"index","follow":"follow","max-snippet":"max-snippet:-1","max-image-preview":"max-image-preview:large","max-video-preview":"max-video-preview:-1"},"canonical":"https:\/\/jeaken.com\/it\/prodotto\/lozione-naturale-antieta-al-coenzima-q10-per-pelli-molto-secche-flacone-da-50-ml\/","og_locale":"it_IT","og_type":"article","og_title":"Lozione naturale antiet\u00e0 al coenzima Q10 per pelli molto secche. Flacone da 50 ml - JeaKen","og_description":"Una formula naturale e idratante per una pelle pi\u00f9 luminosa, liscia e giovane.","og_url":"https:\/\/jeaken.com\/it\/prodotto\/lozione-naturale-antieta-al-coenzima-q10-per-pelli-molto-secche-flacone-da-50-ml\/","og_site_name":"JeaKen","article_modified_time":"2022-08-09T13:41:47+00:00","og_image":[{"width":600,"height":600,"url":"https:\/\/jeaken.com\/wp-content\/uploads\/2022\/07\/81aPlWEAuWL._AC_SL1500_.jpg","type":"image\/jpeg"}],"twitter_card":"summary_large_image","twitter_misc":{"Est. reading time":"1 minute"},"schema":{"@context":"https:\/\/schema.org","@graph":[{"@type":"WebPage","@id":"https:\/\/jeaken.com\/it\/prodotto\/lozione-naturale-antieta-al-coenzima-q10-per-pelli-molto-secche-flacone-da-50-ml\/","url":"https:\/\/jeaken.com\/it\/prodotto\/lozione-naturale-antieta-al-coenzima-q10-per-pelli-molto-secche-flacone-da-50-ml\/","name":"Lozione naturale antiet\u00e0 al coenzima Q10 per pelli molto secche. Flacone da 50 ml - JeaKen","isPartOf":{"@id":"https:\/\/jeaken.com\/it\/#website"},"primaryImageOfPage":{"@id":"https:\/\/jeaken.com\/it\/prodotto\/lozione-naturale-antieta-al-coenzima-q10-per-pelli-molto-secche-flacone-da-50-ml\/#primaryimage"},"image":{"@id":"https:\/\/jeaken.com\/it\/prodotto\/lozione-naturale-antieta-al-coenzima-q10-per-pelli-molto-secche-flacone-da-50-ml\/#primaryimage"},"thumbnailUrl":"https:\/\/jeaken.com\/wp-content\/uploads\/2022\/07\/81aPlWEAuWL._AC_SL1500_.jpg","datePublished":"2022-07-21T18:18:22+00:00","dateModified":"2022-08-09T13:41:47+00:00","breadcrumb":{"@id":"https:\/\/jeaken.com\/it\/prodotto\/lozione-naturale-antieta-al-coenzima-q10-per-pelli-molto-secche-flacone-da-50-ml\/#breadcrumb"},"inLanguage":"it-IT","potentialAction":[{"@type":"ReadAction","target":["https:\/\/jeaken.com\/it\/prodotto\/lozione-naturale-antieta-al-coenzima-q10-per-pelli-molto-secche-flacone-da-50-ml\/"]}]},{"@type":"ImageObject","inLanguage":"it-IT","@id":"https:\/\/jeaken.com\/it\/prodotto\/lozione-naturale-antieta-al-coenzima-q10-per-pelli-molto-secche-flacone-da-50-ml\/#primaryimage","url":"https:\/\/jeaken.com\/wp-content\/uploads\/2022\/07\/81aPlWEAuWL._AC_SL1500_.jpg","contentUrl":"https:\/\/jeaken.com\/wp-content\/uploads\/2022\/07\/81aPlWEAuWL._AC_SL1500_.jpg","width":600,"height":600,"caption":"Coenzyme Q10"},{"@type":"BreadcrumbList","@id":"https:\/\/jeaken.com\/it\/prodotto\/lozione-naturale-antieta-al-coenzima-q10-per-pelli-molto-secche-flacone-da-50-ml\/#breadcrumb","itemListElement":[{"@type":"ListItem","position":1,"name":"Home","item":"https:\/\/jeaken.com\/it\/"},{"@type":"ListItem","position":2,"name":"Private: Shop","item":"https:\/\/jeaken.com\/shop\/"},{"@type":"ListItem","position":3,"name":"Lozione naturale antiet\u00e0 al coenzima Q10 per pelli molto secche. Flacone da 50 ml"}]},{"@type":"WebSite","@id":"https:\/\/jeaken.com\/it\/#website","url":"https:\/\/jeaken.com\/it\/","name":"JeaKen","description":"Organic Supplements for Health, Fitness and Nutrition","publisher":{"@id":"https:\/\/jeaken.com\/it\/#organization"},"potentialAction":[{"@type":"SearchAction","target":{"@type":"EntryPoint","urlTemplate":"https:\/\/jeaken.com\/it\/?s={search_term_string}"},"query-input":"required name=search_term_string"}],"inLanguage":"it-IT"},{"@type":"Organization","@id":"https:\/\/jeaken.com\/it\/#organization","name":"JeaKen","url":"https:\/\/jeaken.com\/it\/","logo":{"@type":"ImageObject","inLanguage":"it-IT","@id":"https:\/\/jeaken.com\/it\/#\/schema\/logo\/image\/","url":"https:\/\/jeaken.com\/wp-content\/uploads\/2022\/06\/jeaken-logo-23.png","contentUrl":"https:\/\/jeaken.com\/wp-content\/uploads\/2022\/06\/jeaken-logo-23.png","width":2486,"height":736,"caption":"JeaKen"},"image":{"@id":"https:\/\/jeaken.com\/it\/#\/schema\/logo\/image\/"}}]}},"jetpack_sharing_enabled":true,"_links":{"self":[{"href":"https:\/\/jeaken.com\/it\/wp-json\/wp\/v2\/product\/6752","targetHints":{"allow":["GET"]}}],"collection":[{"href":"https:\/\/jeaken.com\/it\/wp-json\/wp\/v2\/product"}],"about":[{"href":"https:\/\/jeaken.com\/it\/wp-json\/wp\/v2\/types\/product"}],"wp:featuredmedia":[{"embeddable":true,"href":"https:\/\/jeaken.com\/it\/wp-json\/wp\/v2\/media\/5277"}],"wp:attachment":[{"href":"https:\/\/jeaken.com\/it\/wp-json\/wp\/v2\/media?parent=6752"}],"wp:term":[{"taxonomy":"product_cat","embeddable":true,"href":"https:\/\/jeaken.com\/it\/wp-json\/wp\/v2\/product_cat?post=6752"},{"taxonomy":"product_tag","embeddable":true,"href":"https:\/\/jeaken.com\/it\/wp-json\/wp\/v2\/product_tag?post=6752"}],"curies":[{"name":"wp","href":"https:\/\/api.w.org\/{rel}","templated":true}]}}