{"id":6750,"date":"2022-07-21T19:18:22","date_gmt":"2022-07-21T18:18:22","guid":{"rendered":"https:\/1658920591610?product=integratore-unico-pre-allenamento-con-creatina-citrullina-beta-alanina-caffeina-e-aakg-500g"},"modified":"2022-08-09T14:41:47","modified_gmt":"2022-08-09T13:41:47","slug":"integratore-unico-pre-allenamento-con-creatina-citrullina-beta-alanina-caffeina-e-aakg-500g","status":"publish","type":"product","link":"https:\/\/jeaken.com\/it\/prodotto\/integratore-unico-pre-allenamento-con-creatina-citrullina-beta-alanina-caffeina-e-aakg-500g\/","title":{"rendered":"Integratore unico pre-allenamento con creatina citrullina, beta-alanina caffeina e AAKG. 500g"},"content":{"rendered":"<p><strong><span class=\"a-list-item\">SUPPORTA L&#8217;ENERGIA ESPLOSIVA  <\/span><\/strong><\/p>\n<p><span class=\"a-list-item\">Questo potente integratore offre una miscela unica di BCAA, Creatina, Citrullina Malato, Beta Alanina, AAKG, Caffeina, Vitamina B6 e molto altro ancora per aiutare il corpo ad allenarsi ai massimi livelli, aumentare le prestazioni fisiche e ridurre la fatica.<\/span><\/p>\n<p><strong><span class=\"a-list-item\">FAVORISCE UNA MAGGIORE DURATA DELLE POMPE  <\/span><\/strong><\/p>\n<p><span class=\"a-list-item\">La nostra formula, dai risultati comprovati, \u00e8 stata creata con L-citrullina anzich\u00e9 con L-arginina, per pompaggi muscolari intensi e duraturi. \u00c8 stato dimostrato che la L-Citrullina raggiunge livelli plasmatici di arginina di picco superiori rispetto a una dose maggiore di L-Arginina.<\/span><\/p>\n<p><strong><span class=\"a-list-item\">AMPLIFICA LA FORZA E LE PRESTAZIONI  <\/span><\/strong><\/p>\n<p><span class=\"a-list-item\">Una creatina altamente potente ed esclusiva, nota come Tri-Creatina Malato, \u00e8 stata inserita in questa formula per amplificare i guadagni in termini di dimensioni e forza. Questo significa allenamenti pi\u00f9 lunghi ed efficienti.<\/span><\/p>\n<p><strong><span class=\"a-list-item\">POLVERE PER L&#8217;ALLENAMENTO FACILE E CONVENIENTE  <\/span><\/strong><\/p>\n<p><span class=\"a-list-item\">La nostra polvere pre-allenamento \u00e8 una formula di grande gusto, facile e comoda da usare. \u00c8 sufficiente assumerlo 30 minuti prima dell&#8217;allenamento e dell&#8217;esperienza per vedere da soli i risultati.  <\/span><\/p>\n<p>&nbsp;<\/p>\n","protected":false},"excerpt":{"rendered":"<h4>Risultati degli stivali. Amplifica i guadagni. Migliora le prestazioni.<\/h4>\n","protected":false},"featured_media":2746,"template":"","meta":{"site-sidebar-layout":"default","site-content-layout":"default","ast-site-content-layout":"default","site-content-style":"default","site-sidebar-style":"default","ast-global-header-display":"","ast-banner-title-visibility":"","ast-main-header-display":"","ast-hfb-above-header-display":"","ast-hfb-below-header-display":"","ast-hfb-mobile-header-display":"","site-post-title":"","ast-breadcrumbs-content":"","ast-featured-img":"","footer-sml-layout":"","theme-transparent-header-meta":"default","adv-header-id-meta":"","stick-header-meta":"default","header-above-stick-meta":"","header-main-stick-meta":"","header-below-stick-meta":"","astra-migrate-meta-layouts":"default","ast-page-background-enabled":"default","ast-page-background-meta":{"desktop":{"background-color":"","background-image":"","background-repeat":"repeat","background-position":"center center","background-size":"auto","background-attachment":"scroll","background-type":"","background-media":"","overlay-type":"","overlay-color":"","overlay-opacity":"","overlay-gradient":""},"tablet":{"background-color":"","background-image":"","background-repeat":"repeat","background-position":"center center","background-size":"auto","background-attachment":"scroll","background-type":"","background-media":"","overlay-type":"","overlay-color":"","overlay-opacity":"","overlay-gradient":""},"mobile":{"background-color":"","background-image":"","background-repeat":"repeat","background-position":"center center","background-size":"auto","background-attachment":"scroll","background-type":"","background-media":"","overlay-type":"","overlay-color":"","overlay-opacity":"","overlay-gradient":""}},"ast-content-background-meta":{"desktop":{"background-color":"var(--ast-global-color-5)","background-image":"","background-repeat":"repeat","background-position":"center center","background-size":"auto","background-attachment":"scroll","background-type":"","background-media":"","overlay-type":"","overlay-color":"","overlay-opacity":"","overlay-gradient":""},"tablet":{"background-color":"var(--ast-global-color-5)","background-image":"","background-repeat":"repeat","background-position":"center center","background-size":"auto","background-attachment":"scroll","background-type":"","background-media":"","overlay-type":"","overlay-color":"","overlay-opacity":"","overlay-gradient":""},"mobile":{"background-color":"var(--ast-global-color-5)","background-image":"","background-repeat":"repeat","background-position":"center center","background-size":"auto","background-attachment":"scroll","background-type":"","background-media":"","overlay-type":"","overlay-color":"","overlay-opacity":"","overlay-gradient":""}}},"product_cat":[617,537],"product_tag":[],"class_list":{"0":"post-6750","1":"product","2":"type-product","3":"status-publish","4":"has-post-thumbnail","6":"product_cat-costruzione-muscolare","7":"product_cat-nutrizione-sportiva","8":"has-subscription-plans","9":"desktop-align-left","10":"tablet-align-left","11":"mobile-align-left","13":"first","14":"instock","15":"taxable","16":"shipping-taxable","17":"purchasable","18":"product-type-simple"},"yoast_head":"<!-- This site is optimized with the Yoast SEO plugin v22.7 - https:\/\/yoast.com\/wordpress\/plugins\/seo\/ -->\n<title>Integratore unico pre-allenamento con creatina citrullina, beta-alanina caffeina e AAKG. 500g - JeaKen<\/title>\n<meta name=\"robots\" content=\"index, follow, max-snippet:-1, max-image-preview:large, max-video-preview:-1\" \/>\n<link rel=\"canonical\" href=\"https:\/\/jeaken.com\/it\/prodotto\/integratore-unico-pre-allenamento-con-creatina-citrullina-beta-alanina-caffeina-e-aakg-500g\/\" \/>\n<meta property=\"og:locale\" content=\"it_IT\" \/>\n<meta property=\"og:type\" content=\"article\" \/>\n<meta property=\"og:title\" content=\"Integratore unico pre-allenamento con creatina citrullina, beta-alanina caffeina e AAKG. 500g - JeaKen\" \/>\n<meta property=\"og:description\" content=\"Risultati degli stivali. Amplifica i guadagni. Migliora le prestazioni.\" \/>\n<meta property=\"og:url\" content=\"https:\/\/jeaken.com\/it\/prodotto\/integratore-unico-pre-allenamento-con-creatina-citrullina-beta-alanina-caffeina-e-aakg-500g\/\" \/>\n<meta property=\"og:site_name\" content=\"JeaKen\" \/>\n<meta property=\"article:modified_time\" content=\"2022-08-09T13:41:47+00:00\" \/>\n<meta property=\"og:image\" content=\"https:\/\/jeaken.com\/wp-content\/uploads\/2022\/07\/81qFu636vqL._AC_SL1500_.jpg\" \/>\n\t<meta property=\"og:image:width\" content=\"600\" \/>\n\t<meta property=\"og:image:height\" content=\"600\" \/>\n\t<meta property=\"og:image:type\" content=\"image\/jpeg\" \/>\n<meta name=\"twitter:card\" content=\"summary_large_image\" \/>\n<meta name=\"twitter:label1\" content=\"Est. reading time\" \/>\n\t<meta name=\"twitter:data1\" content=\"1 minute\" \/>\n<script type=\"application\/ld+json\" class=\"yoast-schema-graph\">{\"@context\":\"https:\/\/schema.org\",\"@graph\":[{\"@type\":\"WebPage\",\"@id\":\"https:\/\/jeaken.com\/it\/prodotto\/integratore-unico-pre-allenamento-con-creatina-citrullina-beta-alanina-caffeina-e-aakg-500g\/\",\"url\":\"https:\/\/jeaken.com\/it\/prodotto\/integratore-unico-pre-allenamento-con-creatina-citrullina-beta-alanina-caffeina-e-aakg-500g\/\",\"name\":\"Integratore unico pre-allenamento con creatina citrullina, beta-alanina caffeina e AAKG. 500g - JeaKen\",\"isPartOf\":{\"@id\":\"https:\/\/jeaken.com\/it\/#website\"},\"primaryImageOfPage\":{\"@id\":\"https:\/\/jeaken.com\/it\/prodotto\/integratore-unico-pre-allenamento-con-creatina-citrullina-beta-alanina-caffeina-e-aakg-500g\/#primaryimage\"},\"image\":{\"@id\":\"https:\/\/jeaken.com\/it\/prodotto\/integratore-unico-pre-allenamento-con-creatina-citrullina-beta-alanina-caffeina-e-aakg-500g\/#primaryimage\"},\"thumbnailUrl\":\"https:\/\/jeaken.com\/wp-content\/uploads\/2022\/07\/81qFu636vqL._AC_SL1500_.jpg\",\"datePublished\":\"2022-07-21T18:18:22+00:00\",\"dateModified\":\"2022-08-09T13:41:47+00:00\",\"breadcrumb\":{\"@id\":\"https:\/\/jeaken.com\/it\/prodotto\/integratore-unico-pre-allenamento-con-creatina-citrullina-beta-alanina-caffeina-e-aakg-500g\/#breadcrumb\"},\"inLanguage\":\"it-IT\",\"potentialAction\":[{\"@type\":\"ReadAction\",\"target\":[\"https:\/\/jeaken.com\/it\/prodotto\/integratore-unico-pre-allenamento-con-creatina-citrullina-beta-alanina-caffeina-e-aakg-500g\/\"]}]},{\"@type\":\"ImageObject\",\"inLanguage\":\"it-IT\",\"@id\":\"https:\/\/jeaken.com\/it\/prodotto\/integratore-unico-pre-allenamento-con-creatina-citrullina-beta-alanina-caffeina-e-aakg-500g\/#primaryimage\",\"url\":\"https:\/\/jeaken.com\/wp-content\/uploads\/2022\/07\/81qFu636vqL._AC_SL1500_.jpg\",\"contentUrl\":\"https:\/\/jeaken.com\/wp-content\/uploads\/2022\/07\/81qFu636vqL._AC_SL1500_.jpg\",\"width\":600,\"height\":600,\"caption\":\"Unique Pre-Workout Supplement with Citrulline Creatine, Caffeine Beta-Alanine and AAKG. 500g\"},{\"@type\":\"BreadcrumbList\",\"@id\":\"https:\/\/jeaken.com\/it\/prodotto\/integratore-unico-pre-allenamento-con-creatina-citrullina-beta-alanina-caffeina-e-aakg-500g\/#breadcrumb\",\"itemListElement\":[{\"@type\":\"ListItem\",\"position\":1,\"name\":\"Home\",\"item\":\"https:\/\/jeaken.com\/it\/\"},{\"@type\":\"ListItem\",\"position\":2,\"name\":\"Private: Shop\",\"item\":\"https:\/\/jeaken.com\/shop\/\"},{\"@type\":\"ListItem\",\"position\":3,\"name\":\"Integratore unico pre-allenamento con creatina citrullina, beta-alanina caffeina e AAKG. 500g\"}]},{\"@type\":\"WebSite\",\"@id\":\"https:\/\/jeaken.com\/it\/#website\",\"url\":\"https:\/\/jeaken.com\/it\/\",\"name\":\"JeaKen\",\"description\":\"Organic Supplements for Health, Fitness and Nutrition\",\"publisher\":{\"@id\":\"https:\/\/jeaken.com\/it\/#organization\"},\"potentialAction\":[{\"@type\":\"SearchAction\",\"target\":{\"@type\":\"EntryPoint\",\"urlTemplate\":\"https:\/\/jeaken.com\/it\/?s={search_term_string}\"},\"query-input\":\"required name=search_term_string\"}],\"inLanguage\":\"it-IT\"},{\"@type\":\"Organization\",\"@id\":\"https:\/\/jeaken.com\/it\/#organization\",\"name\":\"JeaKen\",\"url\":\"https:\/\/jeaken.com\/it\/\",\"logo\":{\"@type\":\"ImageObject\",\"inLanguage\":\"it-IT\",\"@id\":\"https:\/\/jeaken.com\/it\/#\/schema\/logo\/image\/\",\"url\":\"https:\/\/jeaken.com\/wp-content\/uploads\/2022\/06\/jeaken-logo-23.png\",\"contentUrl\":\"https:\/\/jeaken.com\/wp-content\/uploads\/2022\/06\/jeaken-logo-23.png\",\"width\":2486,\"height\":736,\"caption\":\"JeaKen\"},\"image\":{\"@id\":\"https:\/\/jeaken.com\/it\/#\/schema\/logo\/image\/\"}}]}<\/script>\n<!-- \/ Yoast SEO plugin. -->","yoast_head_json":{"title":"Integratore unico pre-allenamento con creatina citrullina, beta-alanina caffeina e AAKG. 500g - JeaKen","robots":{"index":"index","follow":"follow","max-snippet":"max-snippet:-1","max-image-preview":"max-image-preview:large","max-video-preview":"max-video-preview:-1"},"canonical":"https:\/\/jeaken.com\/it\/prodotto\/integratore-unico-pre-allenamento-con-creatina-citrullina-beta-alanina-caffeina-e-aakg-500g\/","og_locale":"it_IT","og_type":"article","og_title":"Integratore unico pre-allenamento con creatina citrullina, beta-alanina caffeina e AAKG. 500g - JeaKen","og_description":"Risultati degli stivali. Amplifica i guadagni. Migliora le prestazioni.","og_url":"https:\/\/jeaken.com\/it\/prodotto\/integratore-unico-pre-allenamento-con-creatina-citrullina-beta-alanina-caffeina-e-aakg-500g\/","og_site_name":"JeaKen","article_modified_time":"2022-08-09T13:41:47+00:00","og_image":[{"width":600,"height":600,"url":"https:\/\/jeaken.com\/wp-content\/uploads\/2022\/07\/81qFu636vqL._AC_SL1500_.jpg","type":"image\/jpeg"}],"twitter_card":"summary_large_image","twitter_misc":{"Est. reading time":"1 minute"},"schema":{"@context":"https:\/\/schema.org","@graph":[{"@type":"WebPage","@id":"https:\/\/jeaken.com\/it\/prodotto\/integratore-unico-pre-allenamento-con-creatina-citrullina-beta-alanina-caffeina-e-aakg-500g\/","url":"https:\/\/jeaken.com\/it\/prodotto\/integratore-unico-pre-allenamento-con-creatina-citrullina-beta-alanina-caffeina-e-aakg-500g\/","name":"Integratore unico pre-allenamento con creatina citrullina, beta-alanina caffeina e AAKG. 500g - JeaKen","isPartOf":{"@id":"https:\/\/jeaken.com\/it\/#website"},"primaryImageOfPage":{"@id":"https:\/\/jeaken.com\/it\/prodotto\/integratore-unico-pre-allenamento-con-creatina-citrullina-beta-alanina-caffeina-e-aakg-500g\/#primaryimage"},"image":{"@id":"https:\/\/jeaken.com\/it\/prodotto\/integratore-unico-pre-allenamento-con-creatina-citrullina-beta-alanina-caffeina-e-aakg-500g\/#primaryimage"},"thumbnailUrl":"https:\/\/jeaken.com\/wp-content\/uploads\/2022\/07\/81qFu636vqL._AC_SL1500_.jpg","datePublished":"2022-07-21T18:18:22+00:00","dateModified":"2022-08-09T13:41:47+00:00","breadcrumb":{"@id":"https:\/\/jeaken.com\/it\/prodotto\/integratore-unico-pre-allenamento-con-creatina-citrullina-beta-alanina-caffeina-e-aakg-500g\/#breadcrumb"},"inLanguage":"it-IT","potentialAction":[{"@type":"ReadAction","target":["https:\/\/jeaken.com\/it\/prodotto\/integratore-unico-pre-allenamento-con-creatina-citrullina-beta-alanina-caffeina-e-aakg-500g\/"]}]},{"@type":"ImageObject","inLanguage":"it-IT","@id":"https:\/\/jeaken.com\/it\/prodotto\/integratore-unico-pre-allenamento-con-creatina-citrullina-beta-alanina-caffeina-e-aakg-500g\/#primaryimage","url":"https:\/\/jeaken.com\/wp-content\/uploads\/2022\/07\/81qFu636vqL._AC_SL1500_.jpg","contentUrl":"https:\/\/jeaken.com\/wp-content\/uploads\/2022\/07\/81qFu636vqL._AC_SL1500_.jpg","width":600,"height":600,"caption":"Unique Pre-Workout Supplement with Citrulline Creatine, Caffeine Beta-Alanine and AAKG. 500g"},{"@type":"BreadcrumbList","@id":"https:\/\/jeaken.com\/it\/prodotto\/integratore-unico-pre-allenamento-con-creatina-citrullina-beta-alanina-caffeina-e-aakg-500g\/#breadcrumb","itemListElement":[{"@type":"ListItem","position":1,"name":"Home","item":"https:\/\/jeaken.com\/it\/"},{"@type":"ListItem","position":2,"name":"Private: Shop","item":"https:\/\/jeaken.com\/shop\/"},{"@type":"ListItem","position":3,"name":"Integratore unico pre-allenamento con creatina citrullina, beta-alanina caffeina e AAKG. 500g"}]},{"@type":"WebSite","@id":"https:\/\/jeaken.com\/it\/#website","url":"https:\/\/jeaken.com\/it\/","name":"JeaKen","description":"Organic Supplements for Health, Fitness and Nutrition","publisher":{"@id":"https:\/\/jeaken.com\/it\/#organization"},"potentialAction":[{"@type":"SearchAction","target":{"@type":"EntryPoint","urlTemplate":"https:\/\/jeaken.com\/it\/?s={search_term_string}"},"query-input":"required name=search_term_string"}],"inLanguage":"it-IT"},{"@type":"Organization","@id":"https:\/\/jeaken.com\/it\/#organization","name":"JeaKen","url":"https:\/\/jeaken.com\/it\/","logo":{"@type":"ImageObject","inLanguage":"it-IT","@id":"https:\/\/jeaken.com\/it\/#\/schema\/logo\/image\/","url":"https:\/\/jeaken.com\/wp-content\/uploads\/2022\/06\/jeaken-logo-23.png","contentUrl":"https:\/\/jeaken.com\/wp-content\/uploads\/2022\/06\/jeaken-logo-23.png","width":2486,"height":736,"caption":"JeaKen"},"image":{"@id":"https:\/\/jeaken.com\/it\/#\/schema\/logo\/image\/"}}]}},"jetpack_sharing_enabled":true,"_links":{"self":[{"href":"https:\/\/jeaken.com\/it\/wp-json\/wp\/v2\/product\/6750","targetHints":{"allow":["GET"]}}],"collection":[{"href":"https:\/\/jeaken.com\/it\/wp-json\/wp\/v2\/product"}],"about":[{"href":"https:\/\/jeaken.com\/it\/wp-json\/wp\/v2\/types\/product"}],"wp:featuredmedia":[{"embeddable":true,"href":"https:\/\/jeaken.com\/it\/wp-json\/wp\/v2\/media\/2746"}],"wp:attachment":[{"href":"https:\/\/jeaken.com\/it\/wp-json\/wp\/v2\/media?parent=6750"}],"wp:term":[{"taxonomy":"product_cat","embeddable":true,"href":"https:\/\/jeaken.com\/it\/wp-json\/wp\/v2\/product_cat?post=6750"},{"taxonomy":"product_tag","embeddable":true,"href":"https:\/\/jeaken.com\/it\/wp-json\/wp\/v2\/product_tag?post=6750"}],"curies":[{"name":"wp","href":"https:\/\/api.w.org\/{rel}","templated":true}]}}