{"id":6732,"date":"2022-07-21T19:18:22","date_gmt":"2022-07-21T18:18:22","guid":{"rendered":"https:\/1658920591610?product=probiotici-con-prebiotici"},"modified":"2022-09-08T13:57:53","modified_gmt":"2022-09-08T12:57:53","slug":"probiotici-con-prebiotici","status":"publish","type":"product","link":"https:\/\/jeaken.com\/it\/prodotto\/probiotici-con-prebiotici\/","title":{"rendered":"Probiotici con prebiotici"},"content":{"rendered":"<p><strong><span class=\"a-list-item a-size-base\">23 STAMPI ATTIVI DI 40 MILIARDI DI CFU<\/span><\/strong><\/p>\n<p><span class=\"a-list-item a-size-base\">Offriamo l&#8217;unico complesso di biocolture con 23 ceppi, molto apprezzati per il loro contributo al mantenimento di un sistema digestivo sano.  <\/span><\/p>\n<p>&nbsp;<\/p>\n<p><strong><span class=\"a-list-item a-size-base\">SOPRAVVIVERE ALL&#8217;ACIDIT\u00c0 DI STOMACO  <\/span><\/strong><\/p>\n<p><span class=\"a-list-item a-size-base\">  Il Saccharomyces boullardii \u00e8 uno dei ceppi meglio documentati, ben studiato e riconosciuto a livello internazionale, che ha dimostrato di sopravvivere all&#8217;acidit\u00e0 dello stomaco per raggiungere l&#8217;intestino vivo.<\/span><\/p>\n<p>&nbsp;<\/p>\n<p><strong><span class=\"a-list-item a-size-base\">ARRICCHITO CON PREBIOTICI  <\/span><\/strong><\/p>\n<p><span class=\"a-list-item a-size-base\">A differenza di altri marchi, il nostro<\/span><span class=\"a-list-item a-size-base\">  La formula premium contiene l&#8217;aggiunta di Inulina (Frutto-oligosaccaride), una nota polvere prebiotica ad alto contenuto di fibre. Eliminiamo la necessit\u00e0 di assumere pi\u00f9 integratori, perch\u00e9 abbiamo riunito tutto in un unico prodotto!<\/span><\/p>\n<p>&nbsp;<\/p>\n<p><strong>OFFRE MOLTEPLICI BENEFICI PER LA SALUTE<\/strong><\/p>\n<p class=\"a-spacing-base\">Ciascuna delle nostre formule premium viene creata da un team di professionisti di grande esperienza per garantire i massimi benefici. Questi includono una migliore<span style=\"font-size: 16px;\">salute dell&#8217;apparato digerente, n<\/span><span style=\"font-size: 16px;\">equilibrio aturale. miglioramento della salute del sistema immunitario, maggiore assorbimento dei nutrienti, riduzione del gonfiore, perdita di peso, riduzione della stanchezza e miglioramento dell&#8217;umore.<\/span><\/p>\n<div class=\"amp-centerthirdcol-listbox\">\n<div class=\"a-box a-spacing-small a-color-alternate-background apm-listbox amp-centerthirdcol-listbox\">\n<div class=\"a-box-inner\"><\/div>\n<\/div>\n<\/div>\n<p>&nbsp;<\/p>\n<p><strong>PRODOTTO CON INGREDIENTI NATURALI<\/strong><\/p>\n<p>Le nostre capsule vegane sono al 100% pure e naturali, con ingredienti non OGM.<\/p>\n<p>&nbsp;<\/p>\n","protected":false},"excerpt":{"rendered":"<p class=\"a-spacing-small a-size-small a-color-secondary\"><strong>40 miliardi di bioculture avanzate CFU per alleviare il gonfiore e la salute dell&#8217;intestino  <\/strong><\/p>\n<h4 class=\"a-spacing-small a-size-small a-color-secondary\"><\/h4>\n","protected":false},"featured_media":15808,"template":"","meta":{"site-sidebar-layout":"default","site-content-layout":"default","ast-site-content-layout":"default","site-content-style":"default","site-sidebar-style":"default","ast-global-header-display":"","ast-banner-title-visibility":"","ast-main-header-display":"","ast-hfb-above-header-display":"","ast-hfb-below-header-display":"","ast-hfb-mobile-header-display":"","site-post-title":"","ast-breadcrumbs-content":"","ast-featured-img":"","footer-sml-layout":"","theme-transparent-header-meta":"default","adv-header-id-meta":"","stick-header-meta":"default","header-above-stick-meta":"","header-main-stick-meta":"","header-below-stick-meta":"","astra-migrate-meta-layouts":"default","ast-page-background-enabled":"default","ast-page-background-meta":{"desktop":{"background-color":"","background-image":"","background-repeat":"repeat","background-position":"center center","background-size":"auto","background-attachment":"scroll","background-type":"","background-media":"","overlay-type":"","overlay-color":"","overlay-opacity":"","overlay-gradient":""},"tablet":{"background-color":"","background-image":"","background-repeat":"repeat","background-position":"center center","background-size":"auto","background-attachment":"scroll","background-type":"","background-media":"","overlay-type":"","overlay-color":"","overlay-opacity":"","overlay-gradient":""},"mobile":{"background-color":"","background-image":"","background-repeat":"repeat","background-position":"center center","background-size":"auto","background-attachment":"scroll","background-type":"","background-media":"","overlay-type":"","overlay-color":"","overlay-opacity":"","overlay-gradient":""}},"ast-content-background-meta":{"desktop":{"background-color":"var(--ast-global-color-5)","background-image":"","background-repeat":"repeat","background-position":"center center","background-size":"auto","background-attachment":"scroll","background-type":"","background-media":"","overlay-type":"","overlay-color":"","overlay-opacity":"","overlay-gradient":""},"tablet":{"background-color":"var(--ast-global-color-5)","background-image":"","background-repeat":"repeat","background-position":"center center","background-size":"auto","background-attachment":"scroll","background-type":"","background-media":"","overlay-type":"","overlay-color":"","overlay-opacity":"","overlay-gradient":""},"mobile":{"background-color":"var(--ast-global-color-5)","background-image":"","background-repeat":"repeat","background-position":"center center","background-size":"auto","background-attachment":"scroll","background-type":"","background-media":"","overlay-type":"","overlay-color":"","overlay-opacity":"","overlay-gradient":""}}},"product_cat":[576,579],"product_tag":[1694,1709,1727,1715,1712,1705,1707,1719,1723,1703,1697,1700],"class_list":{"0":"post-6732","1":"product","2":"type-product","3":"status-publish","4":"has-post-thumbnail","6":"product_cat-salute-dellapparato-digerente","7":"product_cat-sollievo-dal-gonfiore","8":"product_tag-capsule-di-acidophilus","9":"product_tag-capsule-pro-biotics","10":"product_tag-compresse-per-il-mughetto","11":"product_tag-compresse-probiotiche","12":"product_tag-integratore-probiotico","13":"product_tag-lactobacillus-rhamnosus-it","14":"product_tag-prebiotici-per-adulti","15":"product_tag-probiotici-per-adulti","16":"product_tag-probiotici-per-le-donne","17":"product_tag-salute-dellintestino","18":"product_tag-sollievo-dal-gonfiore","19":"product_tag-trattamento-della-candida","20":"has-subscription-plans","21":"desktop-align-left","22":"tablet-align-left","23":"mobile-align-left","25":"first","26":"instock","27":"sale","28":"taxable","29":"shipping-taxable","30":"purchasable","31":"product-type-simple"},"yoast_head":"<!-- This site is optimized with the Yoast SEO plugin v22.7 - https:\/\/yoast.com\/wordpress\/plugins\/seo\/ -->\n<title>Probiotici con prebiotici - JeaKen<\/title>\n<meta name=\"robots\" content=\"index, follow, max-snippet:-1, max-image-preview:large, max-video-preview:-1\" \/>\n<link rel=\"canonical\" href=\"https:\/\/jeaken.com\/it\/prodotto\/probiotici-con-prebiotici\/\" \/>\n<meta property=\"og:locale\" content=\"it_IT\" \/>\n<meta property=\"og:type\" content=\"article\" \/>\n<meta property=\"og:title\" content=\"Probiotici con prebiotici - JeaKen\" \/>\n<meta property=\"og:description\" content=\"40 miliardi di bioculture avanzate CFU per alleviare il gonfiore e la salute dell&#039;intestino\" \/>\n<meta property=\"og:url\" content=\"https:\/\/jeaken.com\/it\/prodotto\/probiotici-con-prebiotici\/\" \/>\n<meta property=\"og:site_name\" content=\"JeaKen\" \/>\n<meta property=\"article:modified_time\" content=\"2022-09-08T12:57:53+00:00\" \/>\n<meta property=\"og:image\" content=\"https:\/\/jeaken.com\/wp-content\/uploads\/2022\/07\/Probiotics-60-1.jpg\" \/>\n\t<meta property=\"og:image:width\" content=\"512\" \/>\n\t<meta property=\"og:image:height\" content=\"600\" \/>\n\t<meta property=\"og:image:type\" content=\"image\/jpeg\" \/>\n<meta name=\"twitter:card\" content=\"summary_large_image\" \/>\n<meta name=\"twitter:label1\" content=\"Est. reading time\" \/>\n\t<meta name=\"twitter:data1\" content=\"1 minute\" \/>\n<script type=\"application\/ld+json\" class=\"yoast-schema-graph\">{\"@context\":\"https:\/\/schema.org\",\"@graph\":[{\"@type\":\"WebPage\",\"@id\":\"https:\/\/jeaken.com\/it\/prodotto\/probiotici-con-prebiotici\/\",\"url\":\"https:\/\/jeaken.com\/it\/prodotto\/probiotici-con-prebiotici\/\",\"name\":\"Probiotici con prebiotici - JeaKen\",\"isPartOf\":{\"@id\":\"https:\/\/jeaken.com\/it\/#website\"},\"primaryImageOfPage\":{\"@id\":\"https:\/\/jeaken.com\/it\/prodotto\/probiotici-con-prebiotici\/#primaryimage\"},\"image\":{\"@id\":\"https:\/\/jeaken.com\/it\/prodotto\/probiotici-con-prebiotici\/#primaryimage\"},\"thumbnailUrl\":\"https:\/\/jeaken.com\/wp-content\/uploads\/2022\/07\/Probiotics-60-1.jpg\",\"datePublished\":\"2022-07-21T18:18:22+00:00\",\"dateModified\":\"2022-09-08T12:57:53+00:00\",\"breadcrumb\":{\"@id\":\"https:\/\/jeaken.com\/it\/prodotto\/probiotici-con-prebiotici\/#breadcrumb\"},\"inLanguage\":\"it-IT\",\"potentialAction\":[{\"@type\":\"ReadAction\",\"target\":[\"https:\/\/jeaken.com\/it\/prodotto\/probiotici-con-prebiotici\/\"]}]},{\"@type\":\"ImageObject\",\"inLanguage\":\"it-IT\",\"@id\":\"https:\/\/jeaken.com\/it\/prodotto\/probiotici-con-prebiotici\/#primaryimage\",\"url\":\"https:\/\/jeaken.com\/wp-content\/uploads\/2022\/07\/Probiotics-60-1.jpg\",\"contentUrl\":\"https:\/\/jeaken.com\/wp-content\/uploads\/2022\/07\/Probiotics-60-1.jpg\",\"width\":512,\"height\":600,\"caption\":\"23 Strains Probiotics with Prebiotics\"},{\"@type\":\"BreadcrumbList\",\"@id\":\"https:\/\/jeaken.com\/it\/prodotto\/probiotici-con-prebiotici\/#breadcrumb\",\"itemListElement\":[{\"@type\":\"ListItem\",\"position\":1,\"name\":\"Home\",\"item\":\"https:\/\/jeaken.com\/it\/\"},{\"@type\":\"ListItem\",\"position\":2,\"name\":\"Private: Shop\",\"item\":\"https:\/\/jeaken.com\/shop\/\"},{\"@type\":\"ListItem\",\"position\":3,\"name\":\"Probiotici con prebiotici\"}]},{\"@type\":\"WebSite\",\"@id\":\"https:\/\/jeaken.com\/it\/#website\",\"url\":\"https:\/\/jeaken.com\/it\/\",\"name\":\"JeaKen\",\"description\":\"Organic Supplements for Health, Fitness and Nutrition\",\"publisher\":{\"@id\":\"https:\/\/jeaken.com\/it\/#organization\"},\"potentialAction\":[{\"@type\":\"SearchAction\",\"target\":{\"@type\":\"EntryPoint\",\"urlTemplate\":\"https:\/\/jeaken.com\/it\/?s={search_term_string}\"},\"query-input\":\"required name=search_term_string\"}],\"inLanguage\":\"it-IT\"},{\"@type\":\"Organization\",\"@id\":\"https:\/\/jeaken.com\/it\/#organization\",\"name\":\"JeaKen\",\"url\":\"https:\/\/jeaken.com\/it\/\",\"logo\":{\"@type\":\"ImageObject\",\"inLanguage\":\"it-IT\",\"@id\":\"https:\/\/jeaken.com\/it\/#\/schema\/logo\/image\/\",\"url\":\"https:\/\/jeaken.com\/wp-content\/uploads\/2022\/06\/jeaken-logo-23.png\",\"contentUrl\":\"https:\/\/jeaken.com\/wp-content\/uploads\/2022\/06\/jeaken-logo-23.png\",\"width\":2486,\"height\":736,\"caption\":\"JeaKen\"},\"image\":{\"@id\":\"https:\/\/jeaken.com\/it\/#\/schema\/logo\/image\/\"}}]}<\/script>\n<!-- \/ Yoast SEO plugin. -->","yoast_head_json":{"title":"Probiotici con prebiotici - JeaKen","robots":{"index":"index","follow":"follow","max-snippet":"max-snippet:-1","max-image-preview":"max-image-preview:large","max-video-preview":"max-video-preview:-1"},"canonical":"https:\/\/jeaken.com\/it\/prodotto\/probiotici-con-prebiotici\/","og_locale":"it_IT","og_type":"article","og_title":"Probiotici con prebiotici - JeaKen","og_description":"40 miliardi di bioculture avanzate CFU per alleviare il gonfiore e la salute dell'intestino","og_url":"https:\/\/jeaken.com\/it\/prodotto\/probiotici-con-prebiotici\/","og_site_name":"JeaKen","article_modified_time":"2022-09-08T12:57:53+00:00","og_image":[{"width":512,"height":600,"url":"https:\/\/jeaken.com\/wp-content\/uploads\/2022\/07\/Probiotics-60-1.jpg","type":"image\/jpeg"}],"twitter_card":"summary_large_image","twitter_misc":{"Est. reading time":"1 minute"},"schema":{"@context":"https:\/\/schema.org","@graph":[{"@type":"WebPage","@id":"https:\/\/jeaken.com\/it\/prodotto\/probiotici-con-prebiotici\/","url":"https:\/\/jeaken.com\/it\/prodotto\/probiotici-con-prebiotici\/","name":"Probiotici con prebiotici - JeaKen","isPartOf":{"@id":"https:\/\/jeaken.com\/it\/#website"},"primaryImageOfPage":{"@id":"https:\/\/jeaken.com\/it\/prodotto\/probiotici-con-prebiotici\/#primaryimage"},"image":{"@id":"https:\/\/jeaken.com\/it\/prodotto\/probiotici-con-prebiotici\/#primaryimage"},"thumbnailUrl":"https:\/\/jeaken.com\/wp-content\/uploads\/2022\/07\/Probiotics-60-1.jpg","datePublished":"2022-07-21T18:18:22+00:00","dateModified":"2022-09-08T12:57:53+00:00","breadcrumb":{"@id":"https:\/\/jeaken.com\/it\/prodotto\/probiotici-con-prebiotici\/#breadcrumb"},"inLanguage":"it-IT","potentialAction":[{"@type":"ReadAction","target":["https:\/\/jeaken.com\/it\/prodotto\/probiotici-con-prebiotici\/"]}]},{"@type":"ImageObject","inLanguage":"it-IT","@id":"https:\/\/jeaken.com\/it\/prodotto\/probiotici-con-prebiotici\/#primaryimage","url":"https:\/\/jeaken.com\/wp-content\/uploads\/2022\/07\/Probiotics-60-1.jpg","contentUrl":"https:\/\/jeaken.com\/wp-content\/uploads\/2022\/07\/Probiotics-60-1.jpg","width":512,"height":600,"caption":"23 Strains Probiotics with Prebiotics"},{"@type":"BreadcrumbList","@id":"https:\/\/jeaken.com\/it\/prodotto\/probiotici-con-prebiotici\/#breadcrumb","itemListElement":[{"@type":"ListItem","position":1,"name":"Home","item":"https:\/\/jeaken.com\/it\/"},{"@type":"ListItem","position":2,"name":"Private: Shop","item":"https:\/\/jeaken.com\/shop\/"},{"@type":"ListItem","position":3,"name":"Probiotici con prebiotici"}]},{"@type":"WebSite","@id":"https:\/\/jeaken.com\/it\/#website","url":"https:\/\/jeaken.com\/it\/","name":"JeaKen","description":"Organic Supplements for Health, Fitness and Nutrition","publisher":{"@id":"https:\/\/jeaken.com\/it\/#organization"},"potentialAction":[{"@type":"SearchAction","target":{"@type":"EntryPoint","urlTemplate":"https:\/\/jeaken.com\/it\/?s={search_term_string}"},"query-input":"required name=search_term_string"}],"inLanguage":"it-IT"},{"@type":"Organization","@id":"https:\/\/jeaken.com\/it\/#organization","name":"JeaKen","url":"https:\/\/jeaken.com\/it\/","logo":{"@type":"ImageObject","inLanguage":"it-IT","@id":"https:\/\/jeaken.com\/it\/#\/schema\/logo\/image\/","url":"https:\/\/jeaken.com\/wp-content\/uploads\/2022\/06\/jeaken-logo-23.png","contentUrl":"https:\/\/jeaken.com\/wp-content\/uploads\/2022\/06\/jeaken-logo-23.png","width":2486,"height":736,"caption":"JeaKen"},"image":{"@id":"https:\/\/jeaken.com\/it\/#\/schema\/logo\/image\/"}}]}},"jetpack_sharing_enabled":true,"_links":{"self":[{"href":"https:\/\/jeaken.com\/it\/wp-json\/wp\/v2\/product\/6732","targetHints":{"allow":["GET"]}}],"collection":[{"href":"https:\/\/jeaken.com\/it\/wp-json\/wp\/v2\/product"}],"about":[{"href":"https:\/\/jeaken.com\/it\/wp-json\/wp\/v2\/types\/product"}],"wp:featuredmedia":[{"embeddable":true,"href":"https:\/\/jeaken.com\/it\/wp-json\/wp\/v2\/media\/15808"}],"wp:attachment":[{"href":"https:\/\/jeaken.com\/it\/wp-json\/wp\/v2\/media?parent=6732"}],"wp:term":[{"taxonomy":"product_cat","embeddable":true,"href":"https:\/\/jeaken.com\/it\/wp-json\/wp\/v2\/product_cat?post=6732"},{"taxonomy":"product_tag","embeddable":true,"href":"https:\/\/jeaken.com\/it\/wp-json\/wp\/v2\/product_tag?post=6732"}],"curies":[{"name":"wp","href":"https:\/\/api.w.org\/{rel}","templated":true}]}}