{"id":6693,"date":"2022-07-21T19:18:22","date_gmt":"2022-07-21T18:18:22","guid":{"rendered":"https:\/1658920591610?product=crema-viso-al-siero-di-vitamina-c-con-acido-ialuronico-50-ml"},"modified":"2022-08-14T11:16:30","modified_gmt":"2022-08-14T10:16:30","slug":"siero-a-la-vitamina-c-pour-le-visage-a-lacide-hyaluronique-serums-pour-le-visage-pour-peaux-matures-enrichis-de-vitamines-a-e-meilleur-serum-anti-age-pour-le-visage-que-le-serum-au-retinol-et-le","status":"publish","type":"product","link":"https:\/\/jeaken.com\/it\/prodotto\/siero-a-la-vitamina-c-pour-le-visage-a-lacide-hyaluronique-serums-pour-le-visage-pour-peaux-matures-enrichis-de-vitamines-a-e-meilleur-serum-anti-age-pour-le-visage-que-le-serum-au-retinol-et-le\/","title":{"rendered":"Crema viso al siero di vitamina C con acido ialuronico (50 ml)"},"content":{"rendered":"<p id=\"tw-target-text\" class=\"tw-data-text tw-text-large tw-ta\" dir=\"ltr\" data-placeholder=\"Translation\"><strong>POTENTE ANTIOSSIDANTE<\/strong><\/p>\n<p class=\"tw-data-text tw-text-large tw-ta\" dir=\"ltr\" data-placeholder=\"Translation\"><span class=\"Y2IQFc\" lang=\"en\">  Questo prodotto offre un potente antiossidante per la pelle, estremamente facile da aggiungere alla routine di trattamento esistente. Usatelo al mattino prima della crema idratante per proteggere la pelle dall&#8217;impatto negativo del sole, dell&#8217;inquinamento e del trucco. Ripetete poi la sera per aiutare la pelle a liberarsi di tutti i radicali liberi, causati dallo stress e dagli inquinanti atmosferici che danneggiano la pelle.  <\/span><\/p>\n<p class=\"tw-data-text tw-text-large tw-ta\" dir=\"ltr\" data-placeholder=\"Translation\"><strong><span class=\"Y2IQFc\" lang=\"en\">ARRICCHITO CON VITAMINE A, C ED E<\/span><\/strong><\/p>\n<p class=\"tw-data-text tw-text-large tw-ta\" dir=\"ltr\" data-placeholder=\"Translation\"><span class=\"Y2IQFc\" lang=\"en\">Questo siero contiene un complesso multivitaminico che combina le vitamine A, C ed E che aumentano la luminosit\u00e0 e la vitalit\u00e0 della pelle. Miscelato con infuso di carota, il siero stimola la produzione di collagene e riduce l&#8217;aspetto di linee sottili e rughe.  <\/span><\/p>\n<p class=\"tw-data-text tw-text-large tw-ta\" dir=\"ltr\" data-placeholder=\"Translation\"><strong><span class=\"Y2IQFc\" lang=\"en\">EFFICACE FORMULA ANTI-ET\u00c0  <\/span><\/strong><\/p>\n<p class=\"tw-data-text tw-text-large tw-ta\" dir=\"ltr\" data-placeholder=\"Translation\"><span class=\"Y2IQFc\" lang=\"en\">Grazie alle sue naturali propriet\u00e0 antiet\u00e0 e antirughe, questo siero \u00e8 in grado di ridurre efficacemente l&#8217;aspetto di macchie dell&#8217;et\u00e0, imperfezioni, rughe e linee sottili. Inoltre, restringe i pori e migliora l&#8217;efficacia della protezione solare e delle lozioni, donando una luminosit\u00e0 sana e radiosa.  <\/span><\/p>\n<p class=\"tw-data-text tw-text-large tw-ta\" dir=\"ltr\" data-placeholder=\"Translation\"><strong><span class=\"Y2IQFc\" lang=\"en\">SUPERALIMENTI PER LA VOSTRA PELLE SENZA RESIDUI OLEOSI  <\/span><\/strong><\/p>\n<p class=\"tw-data-text tw-text-large tw-ta\" dir=\"ltr\" data-placeholder=\"Translation\"><span class=\"Y2IQFc\" lang=\"en\">Il nostro siero di qualit\u00e0 superiore si sente benissimo sulla pelle, si assorbe rapidamente ed \u00e8 perfetto per tutti i tipi di pelle.<\/span><\/p>\n<p class=\"tw-data-text tw-text-large tw-ta\" dir=\"ltr\" data-placeholder=\"Translation\">\n","protected":false},"excerpt":{"rendered":"<h4>Siero viso antiet\u00e0 ad azione rapida e vegana per pelli mature.<\/h4>\n","protected":false},"featured_media":4910,"template":"","meta":{"site-sidebar-layout":"default","site-content-layout":"default","ast-site-content-layout":"default","site-content-style":"default","site-sidebar-style":"default","ast-global-header-display":"","ast-banner-title-visibility":"","ast-main-header-display":"","ast-hfb-above-header-display":"","ast-hfb-below-header-display":"","ast-hfb-mobile-header-display":"","site-post-title":"","ast-breadcrumbs-content":"","ast-featured-img":"","footer-sml-layout":"","theme-transparent-header-meta":"default","adv-header-id-meta":"","stick-header-meta":"default","header-above-stick-meta":"","header-main-stick-meta":"","header-below-stick-meta":"","astra-migrate-meta-layouts":"default","ast-page-background-enabled":"default","ast-page-background-meta":{"desktop":{"background-color":"","background-image":"","background-repeat":"repeat","background-position":"center center","background-size":"auto","background-attachment":"scroll","background-type":"","background-media":"","overlay-type":"","overlay-color":"","overlay-opacity":"","overlay-gradient":""},"tablet":{"background-color":"","background-image":"","background-repeat":"repeat","background-position":"center center","background-size":"auto","background-attachment":"scroll","background-type":"","background-media":"","overlay-type":"","overlay-color":"","overlay-opacity":"","overlay-gradient":""},"mobile":{"background-color":"","background-image":"","background-repeat":"repeat","background-position":"center center","background-size":"auto","background-attachment":"scroll","background-type":"","background-media":"","overlay-type":"","overlay-color":"","overlay-opacity":"","overlay-gradient":""}},"ast-content-background-meta":{"desktop":{"background-color":"var(--ast-global-color-5)","background-image":"","background-repeat":"repeat","background-position":"center center","background-size":"auto","background-attachment":"scroll","background-type":"","background-media":"","overlay-type":"","overlay-color":"","overlay-opacity":"","overlay-gradient":""},"tablet":{"background-color":"var(--ast-global-color-5)","background-image":"","background-repeat":"repeat","background-position":"center center","background-size":"auto","background-attachment":"scroll","background-type":"","background-media":"","overlay-type":"","overlay-color":"","overlay-opacity":"","overlay-gradient":""},"mobile":{"background-color":"var(--ast-global-color-5)","background-image":"","background-repeat":"repeat","background-position":"center center","background-size":"auto","background-attachment":"scroll","background-type":"","background-media":"","overlay-type":"","overlay-color":"","overlay-opacity":"","overlay-gradient":""}}},"product_cat":[534,533],"product_tag":[],"class_list":{"0":"post-6693","1":"product","2":"type-product","3":"status-publish","4":"has-post-thumbnail","6":"product_cat-anti-eta","7":"product_cat-bellezza-naturale","8":"has-subscription-plans","9":"desktop-align-left","10":"tablet-align-left","11":"mobile-align-left","13":"first","14":"outofstock","15":"taxable","16":"shipping-taxable","17":"purchasable","18":"product-type-simple"},"yoast_head":"<!-- This site is optimized with the Yoast SEO plugin v22.7 - https:\/\/yoast.com\/wordpress\/plugins\/seo\/ -->\n<title>Crema viso al siero di vitamina C con acido ialuronico (50 ml) - JeaKen<\/title>\n<meta name=\"robots\" content=\"index, follow, max-snippet:-1, max-image-preview:large, max-video-preview:-1\" \/>\n<link rel=\"canonical\" href=\"https:\/\/jeaken.com\/it\/prodotto\/siero-a-la-vitamina-c-pour-le-visage-a-lacide-hyaluronique-serums-pour-le-visage-pour-peaux-matures-enrichis-de-vitamines-a-e-meilleur-serum-anti-age-pour-le-visage-que-le-serum-au-retinol-et-le\/\" \/>\n<meta property=\"og:locale\" content=\"it_IT\" \/>\n<meta property=\"og:type\" content=\"article\" \/>\n<meta property=\"og:title\" content=\"Crema viso al siero di vitamina C con acido ialuronico (50 ml) - JeaKen\" \/>\n<meta property=\"og:description\" content=\"Siero viso antiet\u00e0 ad azione rapida e vegana per pelli mature.\" \/>\n<meta property=\"og:url\" content=\"https:\/\/jeaken.com\/it\/prodotto\/siero-a-la-vitamina-c-pour-le-visage-a-lacide-hyaluronique-serums-pour-le-visage-pour-peaux-matures-enrichis-de-vitamines-a-e-meilleur-serum-anti-age-pour-le-visage-que-le-serum-au-retinol-et-le\/\" \/>\n<meta property=\"og:site_name\" content=\"JeaKen\" \/>\n<meta property=\"article:modified_time\" content=\"2022-08-14T10:16:30+00:00\" \/>\n<meta property=\"og:image\" content=\"https:\/\/jeaken.com\/wp-content\/uploads\/2022\/07\/71IAOcJXCiL._AC_SL1500_.jpg\" \/>\n\t<meta property=\"og:image:width\" content=\"600\" \/>\n\t<meta property=\"og:image:height\" content=\"600\" \/>\n\t<meta property=\"og:image:type\" content=\"image\/jpeg\" \/>\n<meta name=\"twitter:card\" content=\"summary_large_image\" \/>\n<meta name=\"twitter:label1\" content=\"Est. reading time\" \/>\n\t<meta name=\"twitter:data1\" content=\"1 minute\" \/>\n<script type=\"application\/ld+json\" class=\"yoast-schema-graph\">{\"@context\":\"https:\/\/schema.org\",\"@graph\":[{\"@type\":\"WebPage\",\"@id\":\"https:\/\/jeaken.com\/it\/prodotto\/siero-a-la-vitamina-c-pour-le-visage-a-lacide-hyaluronique-serums-pour-le-visage-pour-peaux-matures-enrichis-de-vitamines-a-e-meilleur-serum-anti-age-pour-le-visage-que-le-serum-au-retinol-et-le\/\",\"url\":\"https:\/\/jeaken.com\/it\/prodotto\/siero-a-la-vitamina-c-pour-le-visage-a-lacide-hyaluronique-serums-pour-le-visage-pour-peaux-matures-enrichis-de-vitamines-a-e-meilleur-serum-anti-age-pour-le-visage-que-le-serum-au-retinol-et-le\/\",\"name\":\"Crema viso al siero di vitamina C con acido ialuronico (50 ml) - JeaKen\",\"isPartOf\":{\"@id\":\"https:\/\/jeaken.com\/it\/#website\"},\"primaryImageOfPage\":{\"@id\":\"https:\/\/jeaken.com\/it\/prodotto\/siero-a-la-vitamina-c-pour-le-visage-a-lacide-hyaluronique-serums-pour-le-visage-pour-peaux-matures-enrichis-de-vitamines-a-e-meilleur-serum-anti-age-pour-le-visage-que-le-serum-au-retinol-et-le\/#primaryimage\"},\"image\":{\"@id\":\"https:\/\/jeaken.com\/it\/prodotto\/siero-a-la-vitamina-c-pour-le-visage-a-lacide-hyaluronique-serums-pour-le-visage-pour-peaux-matures-enrichis-de-vitamines-a-e-meilleur-serum-anti-age-pour-le-visage-que-le-serum-au-retinol-et-le\/#primaryimage\"},\"thumbnailUrl\":\"https:\/\/jeaken.com\/wp-content\/uploads\/2022\/07\/71IAOcJXCiL._AC_SL1500_.jpg\",\"datePublished\":\"2022-07-21T18:18:22+00:00\",\"dateModified\":\"2022-08-14T10:16:30+00:00\",\"breadcrumb\":{\"@id\":\"https:\/\/jeaken.com\/it\/prodotto\/siero-a-la-vitamina-c-pour-le-visage-a-lacide-hyaluronique-serums-pour-le-visage-pour-peaux-matures-enrichis-de-vitamines-a-e-meilleur-serum-anti-age-pour-le-visage-que-le-serum-au-retinol-et-le\/#breadcrumb\"},\"inLanguage\":\"it-IT\",\"potentialAction\":[{\"@type\":\"ReadAction\",\"target\":[\"https:\/\/jeaken.com\/it\/prodotto\/siero-a-la-vitamina-c-pour-le-visage-a-lacide-hyaluronique-serums-pour-le-visage-pour-peaux-matures-enrichis-de-vitamines-a-e-meilleur-serum-anti-age-pour-le-visage-que-le-serum-au-retinol-et-le\/\"]}]},{\"@type\":\"ImageObject\",\"inLanguage\":\"it-IT\",\"@id\":\"https:\/\/jeaken.com\/it\/prodotto\/siero-a-la-vitamina-c-pour-le-visage-a-lacide-hyaluronique-serums-pour-le-visage-pour-peaux-matures-enrichis-de-vitamines-a-e-meilleur-serum-anti-age-pour-le-visage-que-le-serum-au-retinol-et-le\/#primaryimage\",\"url\":\"https:\/\/jeaken.com\/wp-content\/uploads\/2022\/07\/71IAOcJXCiL._AC_SL1500_.jpg\",\"contentUrl\":\"https:\/\/jeaken.com\/wp-content\/uploads\/2022\/07\/71IAOcJXCiL._AC_SL1500_.jpg\",\"width\":600,\"height\":600,\"caption\":\"Vitamin C Serum Face Cream\"},{\"@type\":\"BreadcrumbList\",\"@id\":\"https:\/\/jeaken.com\/it\/prodotto\/siero-a-la-vitamina-c-pour-le-visage-a-lacide-hyaluronique-serums-pour-le-visage-pour-peaux-matures-enrichis-de-vitamines-a-e-meilleur-serum-anti-age-pour-le-visage-que-le-serum-au-retinol-et-le\/#breadcrumb\",\"itemListElement\":[{\"@type\":\"ListItem\",\"position\":1,\"name\":\"Home\",\"item\":\"https:\/\/jeaken.com\/it\/\"},{\"@type\":\"ListItem\",\"position\":2,\"name\":\"Private: Shop\",\"item\":\"https:\/\/jeaken.com\/shop\/\"},{\"@type\":\"ListItem\",\"position\":3,\"name\":\"Crema viso al siero di vitamina C con acido ialuronico (50 ml)\"}]},{\"@type\":\"WebSite\",\"@id\":\"https:\/\/jeaken.com\/it\/#website\",\"url\":\"https:\/\/jeaken.com\/it\/\",\"name\":\"JeaKen\",\"description\":\"Organic Supplements for Health, Fitness and Nutrition\",\"publisher\":{\"@id\":\"https:\/\/jeaken.com\/it\/#organization\"},\"potentialAction\":[{\"@type\":\"SearchAction\",\"target\":{\"@type\":\"EntryPoint\",\"urlTemplate\":\"https:\/\/jeaken.com\/it\/?s={search_term_string}\"},\"query-input\":\"required name=search_term_string\"}],\"inLanguage\":\"it-IT\"},{\"@type\":\"Organization\",\"@id\":\"https:\/\/jeaken.com\/it\/#organization\",\"name\":\"JeaKen\",\"url\":\"https:\/\/jeaken.com\/it\/\",\"logo\":{\"@type\":\"ImageObject\",\"inLanguage\":\"it-IT\",\"@id\":\"https:\/\/jeaken.com\/it\/#\/schema\/logo\/image\/\",\"url\":\"https:\/\/jeaken.com\/wp-content\/uploads\/2022\/06\/jeaken-logo-23.png\",\"contentUrl\":\"https:\/\/jeaken.com\/wp-content\/uploads\/2022\/06\/jeaken-logo-23.png\",\"width\":2486,\"height\":736,\"caption\":\"JeaKen\"},\"image\":{\"@id\":\"https:\/\/jeaken.com\/it\/#\/schema\/logo\/image\/\"}}]}<\/script>\n<!-- \/ Yoast SEO plugin. -->","yoast_head_json":{"title":"Crema viso al siero di vitamina C con acido ialuronico (50 ml) - JeaKen","robots":{"index":"index","follow":"follow","max-snippet":"max-snippet:-1","max-image-preview":"max-image-preview:large","max-video-preview":"max-video-preview:-1"},"canonical":"https:\/\/jeaken.com\/it\/prodotto\/siero-a-la-vitamina-c-pour-le-visage-a-lacide-hyaluronique-serums-pour-le-visage-pour-peaux-matures-enrichis-de-vitamines-a-e-meilleur-serum-anti-age-pour-le-visage-que-le-serum-au-retinol-et-le\/","og_locale":"it_IT","og_type":"article","og_title":"Crema viso al siero di vitamina C con acido ialuronico (50 ml) - JeaKen","og_description":"Siero viso antiet\u00e0 ad azione rapida e vegana per pelli mature.","og_url":"https:\/\/jeaken.com\/it\/prodotto\/siero-a-la-vitamina-c-pour-le-visage-a-lacide-hyaluronique-serums-pour-le-visage-pour-peaux-matures-enrichis-de-vitamines-a-e-meilleur-serum-anti-age-pour-le-visage-que-le-serum-au-retinol-et-le\/","og_site_name":"JeaKen","article_modified_time":"2022-08-14T10:16:30+00:00","og_image":[{"width":600,"height":600,"url":"https:\/\/jeaken.com\/wp-content\/uploads\/2022\/07\/71IAOcJXCiL._AC_SL1500_.jpg","type":"image\/jpeg"}],"twitter_card":"summary_large_image","twitter_misc":{"Est. reading time":"1 minute"},"schema":{"@context":"https:\/\/schema.org","@graph":[{"@type":"WebPage","@id":"https:\/\/jeaken.com\/it\/prodotto\/siero-a-la-vitamina-c-pour-le-visage-a-lacide-hyaluronique-serums-pour-le-visage-pour-peaux-matures-enrichis-de-vitamines-a-e-meilleur-serum-anti-age-pour-le-visage-que-le-serum-au-retinol-et-le\/","url":"https:\/\/jeaken.com\/it\/prodotto\/siero-a-la-vitamina-c-pour-le-visage-a-lacide-hyaluronique-serums-pour-le-visage-pour-peaux-matures-enrichis-de-vitamines-a-e-meilleur-serum-anti-age-pour-le-visage-que-le-serum-au-retinol-et-le\/","name":"Crema viso al siero di vitamina C con acido ialuronico (50 ml) - JeaKen","isPartOf":{"@id":"https:\/\/jeaken.com\/it\/#website"},"primaryImageOfPage":{"@id":"https:\/\/jeaken.com\/it\/prodotto\/siero-a-la-vitamina-c-pour-le-visage-a-lacide-hyaluronique-serums-pour-le-visage-pour-peaux-matures-enrichis-de-vitamines-a-e-meilleur-serum-anti-age-pour-le-visage-que-le-serum-au-retinol-et-le\/#primaryimage"},"image":{"@id":"https:\/\/jeaken.com\/it\/prodotto\/siero-a-la-vitamina-c-pour-le-visage-a-lacide-hyaluronique-serums-pour-le-visage-pour-peaux-matures-enrichis-de-vitamines-a-e-meilleur-serum-anti-age-pour-le-visage-que-le-serum-au-retinol-et-le\/#primaryimage"},"thumbnailUrl":"https:\/\/jeaken.com\/wp-content\/uploads\/2022\/07\/71IAOcJXCiL._AC_SL1500_.jpg","datePublished":"2022-07-21T18:18:22+00:00","dateModified":"2022-08-14T10:16:30+00:00","breadcrumb":{"@id":"https:\/\/jeaken.com\/it\/prodotto\/siero-a-la-vitamina-c-pour-le-visage-a-lacide-hyaluronique-serums-pour-le-visage-pour-peaux-matures-enrichis-de-vitamines-a-e-meilleur-serum-anti-age-pour-le-visage-que-le-serum-au-retinol-et-le\/#breadcrumb"},"inLanguage":"it-IT","potentialAction":[{"@type":"ReadAction","target":["https:\/\/jeaken.com\/it\/prodotto\/siero-a-la-vitamina-c-pour-le-visage-a-lacide-hyaluronique-serums-pour-le-visage-pour-peaux-matures-enrichis-de-vitamines-a-e-meilleur-serum-anti-age-pour-le-visage-que-le-serum-au-retinol-et-le\/"]}]},{"@type":"ImageObject","inLanguage":"it-IT","@id":"https:\/\/jeaken.com\/it\/prodotto\/siero-a-la-vitamina-c-pour-le-visage-a-lacide-hyaluronique-serums-pour-le-visage-pour-peaux-matures-enrichis-de-vitamines-a-e-meilleur-serum-anti-age-pour-le-visage-que-le-serum-au-retinol-et-le\/#primaryimage","url":"https:\/\/jeaken.com\/wp-content\/uploads\/2022\/07\/71IAOcJXCiL._AC_SL1500_.jpg","contentUrl":"https:\/\/jeaken.com\/wp-content\/uploads\/2022\/07\/71IAOcJXCiL._AC_SL1500_.jpg","width":600,"height":600,"caption":"Vitamin C Serum Face Cream"},{"@type":"BreadcrumbList","@id":"https:\/\/jeaken.com\/it\/prodotto\/siero-a-la-vitamina-c-pour-le-visage-a-lacide-hyaluronique-serums-pour-le-visage-pour-peaux-matures-enrichis-de-vitamines-a-e-meilleur-serum-anti-age-pour-le-visage-que-le-serum-au-retinol-et-le\/#breadcrumb","itemListElement":[{"@type":"ListItem","position":1,"name":"Home","item":"https:\/\/jeaken.com\/it\/"},{"@type":"ListItem","position":2,"name":"Private: Shop","item":"https:\/\/jeaken.com\/shop\/"},{"@type":"ListItem","position":3,"name":"Crema viso al siero di vitamina C con acido ialuronico (50 ml)"}]},{"@type":"WebSite","@id":"https:\/\/jeaken.com\/it\/#website","url":"https:\/\/jeaken.com\/it\/","name":"JeaKen","description":"Organic Supplements for Health, Fitness and Nutrition","publisher":{"@id":"https:\/\/jeaken.com\/it\/#organization"},"potentialAction":[{"@type":"SearchAction","target":{"@type":"EntryPoint","urlTemplate":"https:\/\/jeaken.com\/it\/?s={search_term_string}"},"query-input":"required name=search_term_string"}],"inLanguage":"it-IT"},{"@type":"Organization","@id":"https:\/\/jeaken.com\/it\/#organization","name":"JeaKen","url":"https:\/\/jeaken.com\/it\/","logo":{"@type":"ImageObject","inLanguage":"it-IT","@id":"https:\/\/jeaken.com\/it\/#\/schema\/logo\/image\/","url":"https:\/\/jeaken.com\/wp-content\/uploads\/2022\/06\/jeaken-logo-23.png","contentUrl":"https:\/\/jeaken.com\/wp-content\/uploads\/2022\/06\/jeaken-logo-23.png","width":2486,"height":736,"caption":"JeaKen"},"image":{"@id":"https:\/\/jeaken.com\/it\/#\/schema\/logo\/image\/"}}]}},"jetpack_sharing_enabled":true,"_links":{"self":[{"href":"https:\/\/jeaken.com\/it\/wp-json\/wp\/v2\/product\/6693","targetHints":{"allow":["GET"]}}],"collection":[{"href":"https:\/\/jeaken.com\/it\/wp-json\/wp\/v2\/product"}],"about":[{"href":"https:\/\/jeaken.com\/it\/wp-json\/wp\/v2\/types\/product"}],"wp:featuredmedia":[{"embeddable":true,"href":"https:\/\/jeaken.com\/it\/wp-json\/wp\/v2\/media\/4910"}],"wp:attachment":[{"href":"https:\/\/jeaken.com\/it\/wp-json\/wp\/v2\/media?parent=6693"}],"wp:term":[{"taxonomy":"product_cat","embeddable":true,"href":"https:\/\/jeaken.com\/it\/wp-json\/wp\/v2\/product_cat?post=6693"},{"taxonomy":"product_tag","embeddable":true,"href":"https:\/\/jeaken.com\/it\/wp-json\/wp\/v2\/product_tag?post=6693"}],"curies":[{"name":"wp","href":"https:\/\/api.w.org\/{rel}","templated":true}]}}