{"id":14556,"date":"2023-03-19T16:25:57","date_gmt":"2023-03-19T16:25:57","guid":{"rendered":"https:\/?post_type=product&#038;p=14556"},"modified":"2023-04-06T12:31:01","modified_gmt":"2023-04-06T11:31:01","slug":"pacchetto-perdita-di-peso-e-salute-dellintestino","status":"publish","type":"product","link":"https:\/\/jeaken.com\/it\/prodotto\/pacchetto-perdita-di-peso-e-salute-dellintestino\/","title":{"rendered":"Pacchetto per la perdita di peso e la salute dell&#8217;intestino"},"content":{"rendered":"<h2>Pacchetto per la perdita di peso e la salute dell&#8217;intestino<\/h2>\n<p><span data-sheets-value=\"{\"1\":2,\"2\":\"The Weight Loss and Gut Health Bundle is a comprehensive package of three premium supplements designed to help you achieve your weight loss and digestive health goals. The Apple Cider Vinegar Capsules offer digestive support and may help with weight loss. The Colon Cleanse supplement is designed to eliminate toxins and waste from the body, promoting healthy digestion and weight loss. Additionally, the Green Tea Capsules provide natural antioxidants and energy to support weight loss efforts. With this bundle, you have the essential supplements to support your digestive health and weight loss journey.\"}\" data-sheets-userformat=\"{\"2\":897,\"3\":{\"1\":0},\"10\":0,\"11\":4,\"12\":0}\">Il pacchetto per la perdita di peso e la salute dell&#8217;intestino \u00e8 un pacchetto completo di tre integratori di qualit\u00e0 superiore, ideati per aiutarvi a raggiungere i vostri obiettivi di perdita di peso e di salute dell&#8217;apparato digerente. Le capsule di aceto di sidro di mele offrono un supporto digestivo e possono contribuire alla perdita di peso. L&#8217;integratore Colon Cleanse \u00e8 progettato per eliminare le tossine e le scorie dall&#8217;organismo, favorendo una sana digestione e la perdita di peso. Inoltre, le capsule di t\u00e8 verde forniscono antiossidanti naturali ed energia per sostenere gli sforzi di perdita di peso. Con questo pacchetto avrete a disposizione gli integratori essenziali per sostenere la vostra salute digestiva e il vostro percorso di dimagrimento.<\/span><\/p>\n<p>&nbsp;<\/p>\n<h4 class=\"product_title entry-title elementor-heading-title elementor-size-default\"><strong>Capsule di t\u00e8 verde &#8211; 850 mg di integratori antiossidanti per la perdita di peso (120 compresse)<\/strong><\/h4>\n<p>&nbsp;<\/p>\n<p><strong>OFFRE MOLTEPLICI BENEFICI PER LA SALUTE<\/strong><\/p>\n<p>Il t\u00e8 verde \u00e8 utilizzato nella medicina cinese da circa 4.000 anni. Offre molti potenti benefici per la salute, tra cui la riduzione del rischio di malattie cardiache e di alcuni tipi di cancro, l&#8217;aumento del rapporto tra colesterolo buono (HDL) e colesterolo cattivo (LDL) nel sangue, il potenziamento del sistema immunitario e il supporto antiossidante.<\/p>\n<p><strong>AIUTA A PERDERE PESO<\/strong><\/p>\n<p>Se associato a una dieta sana, il nostro t\u00e8 verde vegetariano funziona come un efficace aiuto per la perdita di peso, aumentando il tasso metabolico e sopprimendo l&#8217;appetito.<\/p>\n<p><strong>POTENTE ANTIOSSIDANTE NATURALE<\/strong><\/p>\n<p>L&#8217;EGCG presente nel t\u00e8 verde \u00e8 responsabile della maggior parte delle sue propriet\u00e0 antiossidanti, che impediscono ai radicali liberi di danneggiare le cellule.<\/p>\n<p><strong>MIGLIORA LA MEMORIA E LA CONCENTRAZIONE<\/strong><\/p>\n<p>Le propriet\u00e0 presenti nell&#8217;estratto di t\u00e8 verde possono contribuire ad aumentare la cognizione e la memoria, aiutandovi a rimanere acuti e concentrati per tutto il giorno.<\/p>\n<p>&nbsp;<\/p>\n<h4 class=\"product_title entry-title elementor-heading-title elementor-size-default\"><strong>Aceto di sidro di mele &#8211; stimolante del metabolismo e disintossicante &#8211; potenziato con seagreens, t\u00e8 verde e cromo (120 capsule)<\/strong><\/h4>\n<p>&nbsp;<\/p>\n<p><strong>MOLTEPLICI BENEFICI PER LA SALUTE  <\/strong><\/p>\n<p>Utilizzato da Ippocrate (il &#8220;padre della medicina moderna&#8221;) oltre 2000 anni fa, si dice che l&#8217;aceto di sidro di mele contribuisca a una serie di incredibili benefici per la salute, tra cui il miglioramento della salute dell&#8217;apparato digerente, l&#8217;aumento dei livelli di energia e il potenziamento del metabolismo. Le nostre capsule di aceto di sidro di mele ad alta concentrazione offrono questi potenti benefici in capsule facili da ingerire.<\/p>\n<p><strong>FAVORISCE UNA SANA PERDITA DI PESO  <\/strong><\/p>\n<p>Diversi studi recenti hanno dimostrato che l&#8217;aceto di sidro di mele pu\u00f2 aiutare a perdere peso se assunto nell&#8217;ambito di una dieta sana. Pu\u00f2 anche favorire la digestione e migliorare la salute generale, aiutando ad assorbire pi\u00f9 sostanze nutritive dagli alimenti.<\/p>\n<p><strong>MISCELA UNICA  <\/strong><\/p>\n<p>Le nostre capsule di aceto di sidro di mele di qualit\u00e0 superiore offrono risultati ottimali grazie alla loro miscela unica di semi di mare, t\u00e8 verde e cromo. La vostra salute \u00e8 la nostra priorit\u00e0. Le nostre capsule sono prodotte nel Regno Unito secondo rigorose linee guida di sicurezza (codice GMP) per garantire potenza, qualit\u00e0 ed efficacia.<\/p>\n<p><strong>ADATTO A VEGANI E VEGETARIANI  <\/strong><\/p>\n<p>Le nostre capsule di aceto di sidro di mele sono realizzate al 100% con ingredienti vegetali di prima qualit\u00e0. Le nostre capsule sono senza glutine, senza lattosio, conformi alle GMP, non OGM e 100% vegane.<\/p>\n<h4 class=\"product_title entry-title elementor-heading-title elementor-size-default\"><strong>Capsule di pulizia e disintossicazione del corpo &#8211; per la perdita di peso e la pulizia del colon (90 capsule)<\/strong><\/h4>\n<p>&nbsp;<\/p>\n<p><span class=\"a-list-item\"><strong>ELIMINA LE TOSSINE<\/strong> <\/span><\/p>\n<p><span class=\"a-list-item\">Questo potente prodotto contiene 14 ingredienti fondamentali che aiutano a eliminare le tossine dall&#8217;organismo.<\/span><\/p>\n<p><span class=\"a-list-item\"><strong>RIDUCE IL GONFIORE<\/strong> <\/span><\/p>\n<p><span class=\"a-list-item\">Il nostro integratore aiuta a ridurre il gonfiore e a regolare l&#8217;assunzione di cibo. L&#8217;assunzione regolare di questo integratore pu\u00f2 avere un effetto riequilibrante sull&#8217;apparato digerente e alleviare i sintomi di stitichezza e indigestione.<\/span><\/p>\n<p><strong><span class=\"a-list-item\">MASSIMIZZA LA PERDITA DI PESO  <\/span><\/strong><\/p>\n<p><span class=\"a-list-item\">Le nostre capsule Cleanse Detox non solo eliminano le tossine, ma massimizzano anche la perdita di peso per raggiungere gli obiettivi di definizione della massa magra.<\/span><\/p>\n<p><strong><span class=\"a-list-item\">COMBINAZIONE PROBIOTICA COMPROVATA  <\/span><\/strong><\/p>\n<p><span class=\"a-list-item\">Per ottenere risultati ottimali, abbiamo combinato le comprovate qualit\u00e0 salutari del guscio di psillio con l&#8217;inulina, per eliminare le scorie dal sistema e rinfrescarlo con i &#8220;batteri amici&#8221; del Lactobacillus Acidophilus Probiotic.<\/span><\/p>\n","protected":false},"excerpt":{"rendered":"<div class=\"group w-full text-gray-800 dark:text-gray-100 border-b border-black\/10 dark:border-gray-900\/50 bg-gray-50 dark:bg-[#444654]\">\n<div class=\"text-base gap-4 md:gap-6 md:max-w-2xl lg:max-w-2xl xl:max-w-3xl p-4 md:py-6 flex lg:px-0 m-auto\">\n<div class=\"relative flex w-[calc(100%-50px)] flex-col gap-1 md:gap-3 lg:w-[calc(100%-115px)]\">\n<div class=\"flex flex-grow flex-col gap-3\">\n<div class=\"min-h-[20px] flex flex-col items-start gap-4 whitespace-pre-wrap\">\n<div class=\"markdown prose w-full break-words dark:prose-invert dark\">\n<div class=\"group w-full text-gray-800 dark:text-gray-100 border-b border-black\/10 dark:border-gray-900\/50 bg-gray-50 dark:bg-[#444654]\">\n<div class=\"text-base gap-4 md:gap-6 md:max-w-2xl lg:max-w-2xl xl:max-w-3xl p-4 md:py-6 flex lg:px-0 m-auto\">\n<div class=\"relative flex w-[calc(100%-50px)] flex-col gap-1 md:gap-3 lg:w-[calc(100%-115px)]\">\n<div class=\"flex flex-grow flex-col gap-3\">\n<div class=\"min-h-[20px] flex flex-col items-start gap-4 whitespace-pre-wrap\">\n<div class=\"markdown prose w-full break-words dark:prose-invert dark\">\n<p>Il pacchetto per la perdita di peso e la salute dell&#8217;intestino combina l&#8217;aceto di sidro di mele, la pulizia del colon e le capsule di t\u00e8 verde per la digestione, la disintossicazione e il supporto alla perdita di peso per migliorare il vostro percorso di benessere.<\/p>\n<\/div>\n<\/div>\n<\/div>\n<\/div>\n<\/div>\n<\/div>\n<\/div>\n<\/div>\n<\/div>\n<\/div>\n<\/div>\n<\/div>\n","protected":false},"featured_media":16259,"template":"","meta":{"site-sidebar-layout":"default","site-content-layout":"default","ast-site-content-layout":"default","site-content-style":"default","site-sidebar-style":"default","ast-global-header-display":"","ast-banner-title-visibility":"","ast-main-header-display":"","ast-hfb-above-header-display":"","ast-hfb-below-header-display":"","ast-hfb-mobile-header-display":"","site-post-title":"","ast-breadcrumbs-content":"","ast-featured-img":"","footer-sml-layout":"","theme-transparent-header-meta":"default","adv-header-id-meta":"","stick-header-meta":"default","header-above-stick-meta":"","header-main-stick-meta":"","header-below-stick-meta":"","astra-migrate-meta-layouts":"default","ast-page-background-enabled":"default","ast-page-background-meta":{"desktop":{"background-color":"","background-image":"","background-repeat":"repeat","background-position":"center center","background-size":"auto","background-attachment":"scroll","background-type":"","background-media":"","overlay-type":"","overlay-color":"","overlay-opacity":"","overlay-gradient":""},"tablet":{"background-color":"","background-image":"","background-repeat":"repeat","background-position":"center center","background-size":"auto","background-attachment":"scroll","background-type":"","background-media":"","overlay-type":"","overlay-color":"","overlay-opacity":"","overlay-gradient":""},"mobile":{"background-color":"","background-image":"","background-repeat":"repeat","background-position":"center center","background-size":"auto","background-attachment":"scroll","background-type":"","background-media":"","overlay-type":"","overlay-color":"","overlay-opacity":"","overlay-gradient":""}},"ast-content-background-meta":{"desktop":{"background-color":"var(--ast-global-color-5)","background-image":"","background-repeat":"repeat","background-position":"center center","background-size":"auto","background-attachment":"scroll","background-type":"","background-media":"","overlay-type":"","overlay-color":"","overlay-opacity":"","overlay-gradient":""},"tablet":{"background-color":"var(--ast-global-color-5)","background-image":"","background-repeat":"repeat","background-position":"center center","background-size":"auto","background-attachment":"scroll","background-type":"","background-media":"","overlay-type":"","overlay-color":"","overlay-opacity":"","overlay-gradient":""},"mobile":{"background-color":"var(--ast-global-color-5)","background-image":"","background-repeat":"repeat","background-position":"center center","background-size":"auto","background-attachment":"scroll","background-type":"","background-media":"","overlay-type":"","overlay-color":"","overlay-opacity":"","overlay-gradient":""}}},"product_cat":[1265,597,763,596,546],"product_tag":[],"class_list":{"0":"post-14556","1":"product","2":"type-product","3":"status-publish","4":"has-post-thumbnail","6":"product_cat-alimentazione","7":"product_cat-integratori-alimentari","8":"product_cat-perdita-di-peso","9":"product_cat-potenziatori-del-cervello","10":"product_cat-umore-e-benessere","11":"has-subscription-plans","12":"desktop-align-left","13":"tablet-align-left","14":"mobile-align-left","16":"first","17":"instock","18":"taxable","19":"shipping-taxable","20":"purchasable","21":"product-type-simple"},"yoast_head":"<!-- This site is optimized with the Yoast SEO plugin v22.7 - https:\/\/yoast.com\/wordpress\/plugins\/seo\/ -->\n<title>Pacchetto per la perdita di peso e la salute dell&#039;intestino - JeaKen<\/title>\n<meta name=\"robots\" content=\"index, follow, max-snippet:-1, max-image-preview:large, max-video-preview:-1\" \/>\n<link rel=\"canonical\" href=\"https:\/\/jeaken.com\/it\/prodotto\/pacchetto-perdita-di-peso-e-salute-dellintestino\/\" \/>\n<meta property=\"og:locale\" content=\"it_IT\" \/>\n<meta property=\"og:type\" content=\"article\" \/>\n<meta property=\"og:title\" content=\"Pacchetto per la perdita di peso e la salute dell&#039;intestino - JeaKen\" \/>\n<meta property=\"og:description\" content=\"Il pacchetto per la perdita di peso e la salute dell&#039;intestino combina l&#039;aceto di sidro di mele, la pulizia del colon e le capsule di t\u00e8 verde per la digestione, la disintossicazione e il supporto alla perdita di peso per migliorare il vostro percorso di benessere.\" \/>\n<meta property=\"og:url\" content=\"https:\/\/jeaken.com\/it\/prodotto\/pacchetto-perdita-di-peso-e-salute-dellintestino\/\" \/>\n<meta property=\"og:site_name\" content=\"JeaKen\" \/>\n<meta property=\"article:modified_time\" content=\"2023-04-06T11:31:01+00:00\" \/>\n<meta property=\"og:image\" content=\"https:\/\/jeaken.com\/wp-content\/uploads\/2023\/03\/Combine3.jpg\" \/>\n\t<meta property=\"og:image:width\" content=\"972\" \/>\n\t<meta property=\"og:image:height\" content=\"972\" \/>\n\t<meta property=\"og:image:type\" content=\"image\/jpeg\" \/>\n<meta name=\"twitter:card\" content=\"summary_large_image\" \/>\n<meta name=\"twitter:label1\" content=\"Est. reading time\" \/>\n\t<meta name=\"twitter:data1\" content=\"3 minutes\" \/>\n<script type=\"application\/ld+json\" class=\"yoast-schema-graph\">{\"@context\":\"https:\/\/schema.org\",\"@graph\":[{\"@type\":\"WebPage\",\"@id\":\"https:\/\/jeaken.com\/it\/prodotto\/pacchetto-perdita-di-peso-e-salute-dellintestino\/\",\"url\":\"https:\/\/jeaken.com\/it\/prodotto\/pacchetto-perdita-di-peso-e-salute-dellintestino\/\",\"name\":\"Pacchetto per la perdita di peso e la salute dell'intestino - JeaKen\",\"isPartOf\":{\"@id\":\"https:\/\/jeaken.com\/it\/#website\"},\"primaryImageOfPage\":{\"@id\":\"https:\/\/jeaken.com\/it\/prodotto\/pacchetto-perdita-di-peso-e-salute-dellintestino\/#primaryimage\"},\"image\":{\"@id\":\"https:\/\/jeaken.com\/it\/prodotto\/pacchetto-perdita-di-peso-e-salute-dellintestino\/#primaryimage\"},\"thumbnailUrl\":\"https:\/\/jeaken.com\/wp-content\/uploads\/2023\/03\/Combine3.jpg\",\"datePublished\":\"2023-03-19T16:25:57+00:00\",\"dateModified\":\"2023-04-06T11:31:01+00:00\",\"breadcrumb\":{\"@id\":\"https:\/\/jeaken.com\/it\/prodotto\/pacchetto-perdita-di-peso-e-salute-dellintestino\/#breadcrumb\"},\"inLanguage\":\"it-IT\",\"potentialAction\":[{\"@type\":\"ReadAction\",\"target\":[\"https:\/\/jeaken.com\/it\/prodotto\/pacchetto-perdita-di-peso-e-salute-dellintestino\/\"]}]},{\"@type\":\"ImageObject\",\"inLanguage\":\"it-IT\",\"@id\":\"https:\/\/jeaken.com\/it\/prodotto\/pacchetto-perdita-di-peso-e-salute-dellintestino\/#primaryimage\",\"url\":\"https:\/\/jeaken.com\/wp-content\/uploads\/2023\/03\/Combine3.jpg\",\"contentUrl\":\"https:\/\/jeaken.com\/wp-content\/uploads\/2023\/03\/Combine3.jpg\",\"width\":972,\"height\":972,\"caption\":\"Weight Loss and Gut Health Bundle\"},{\"@type\":\"BreadcrumbList\",\"@id\":\"https:\/\/jeaken.com\/it\/prodotto\/pacchetto-perdita-di-peso-e-salute-dellintestino\/#breadcrumb\",\"itemListElement\":[{\"@type\":\"ListItem\",\"position\":1,\"name\":\"Home\",\"item\":\"https:\/\/jeaken.com\/it\/\"},{\"@type\":\"ListItem\",\"position\":2,\"name\":\"Private: Shop\",\"item\":\"https:\/\/jeaken.com\/shop\/\"},{\"@type\":\"ListItem\",\"position\":3,\"name\":\"Pacchetto per la perdita di peso e la salute dell&#8217;intestino\"}]},{\"@type\":\"WebSite\",\"@id\":\"https:\/\/jeaken.com\/it\/#website\",\"url\":\"https:\/\/jeaken.com\/it\/\",\"name\":\"JeaKen\",\"description\":\"Organic Supplements for Health, Fitness and Nutrition\",\"publisher\":{\"@id\":\"https:\/\/jeaken.com\/it\/#organization\"},\"potentialAction\":[{\"@type\":\"SearchAction\",\"target\":{\"@type\":\"EntryPoint\",\"urlTemplate\":\"https:\/\/jeaken.com\/it\/?s={search_term_string}\"},\"query-input\":\"required name=search_term_string\"}],\"inLanguage\":\"it-IT\"},{\"@type\":\"Organization\",\"@id\":\"https:\/\/jeaken.com\/it\/#organization\",\"name\":\"JeaKen\",\"url\":\"https:\/\/jeaken.com\/it\/\",\"logo\":{\"@type\":\"ImageObject\",\"inLanguage\":\"it-IT\",\"@id\":\"https:\/\/jeaken.com\/it\/#\/schema\/logo\/image\/\",\"url\":\"https:\/\/jeaken.com\/wp-content\/uploads\/2022\/06\/jeaken-logo-23.png\",\"contentUrl\":\"https:\/\/jeaken.com\/wp-content\/uploads\/2022\/06\/jeaken-logo-23.png\",\"width\":2486,\"height\":736,\"caption\":\"JeaKen\"},\"image\":{\"@id\":\"https:\/\/jeaken.com\/it\/#\/schema\/logo\/image\/\"}}]}<\/script>\n<!-- \/ Yoast SEO plugin. -->","yoast_head_json":{"title":"Pacchetto per la perdita di peso e la salute dell'intestino - JeaKen","robots":{"index":"index","follow":"follow","max-snippet":"max-snippet:-1","max-image-preview":"max-image-preview:large","max-video-preview":"max-video-preview:-1"},"canonical":"https:\/\/jeaken.com\/it\/prodotto\/pacchetto-perdita-di-peso-e-salute-dellintestino\/","og_locale":"it_IT","og_type":"article","og_title":"Pacchetto per la perdita di peso e la salute dell'intestino - JeaKen","og_description":"Il pacchetto per la perdita di peso e la salute dell'intestino combina l'aceto di sidro di mele, la pulizia del colon e le capsule di t\u00e8 verde per la digestione, la disintossicazione e il supporto alla perdita di peso per migliorare il vostro percorso di benessere.","og_url":"https:\/\/jeaken.com\/it\/prodotto\/pacchetto-perdita-di-peso-e-salute-dellintestino\/","og_site_name":"JeaKen","article_modified_time":"2023-04-06T11:31:01+00:00","og_image":[{"width":972,"height":972,"url":"https:\/\/jeaken.com\/wp-content\/uploads\/2023\/03\/Combine3.jpg","type":"image\/jpeg"}],"twitter_card":"summary_large_image","twitter_misc":{"Est. reading time":"3 minutes"},"schema":{"@context":"https:\/\/schema.org","@graph":[{"@type":"WebPage","@id":"https:\/\/jeaken.com\/it\/prodotto\/pacchetto-perdita-di-peso-e-salute-dellintestino\/","url":"https:\/\/jeaken.com\/it\/prodotto\/pacchetto-perdita-di-peso-e-salute-dellintestino\/","name":"Pacchetto per la perdita di peso e la salute dell'intestino - JeaKen","isPartOf":{"@id":"https:\/\/jeaken.com\/it\/#website"},"primaryImageOfPage":{"@id":"https:\/\/jeaken.com\/it\/prodotto\/pacchetto-perdita-di-peso-e-salute-dellintestino\/#primaryimage"},"image":{"@id":"https:\/\/jeaken.com\/it\/prodotto\/pacchetto-perdita-di-peso-e-salute-dellintestino\/#primaryimage"},"thumbnailUrl":"https:\/\/jeaken.com\/wp-content\/uploads\/2023\/03\/Combine3.jpg","datePublished":"2023-03-19T16:25:57+00:00","dateModified":"2023-04-06T11:31:01+00:00","breadcrumb":{"@id":"https:\/\/jeaken.com\/it\/prodotto\/pacchetto-perdita-di-peso-e-salute-dellintestino\/#breadcrumb"},"inLanguage":"it-IT","potentialAction":[{"@type":"ReadAction","target":["https:\/\/jeaken.com\/it\/prodotto\/pacchetto-perdita-di-peso-e-salute-dellintestino\/"]}]},{"@type":"ImageObject","inLanguage":"it-IT","@id":"https:\/\/jeaken.com\/it\/prodotto\/pacchetto-perdita-di-peso-e-salute-dellintestino\/#primaryimage","url":"https:\/\/jeaken.com\/wp-content\/uploads\/2023\/03\/Combine3.jpg","contentUrl":"https:\/\/jeaken.com\/wp-content\/uploads\/2023\/03\/Combine3.jpg","width":972,"height":972,"caption":"Weight Loss and Gut Health Bundle"},{"@type":"BreadcrumbList","@id":"https:\/\/jeaken.com\/it\/prodotto\/pacchetto-perdita-di-peso-e-salute-dellintestino\/#breadcrumb","itemListElement":[{"@type":"ListItem","position":1,"name":"Home","item":"https:\/\/jeaken.com\/it\/"},{"@type":"ListItem","position":2,"name":"Private: Shop","item":"https:\/\/jeaken.com\/shop\/"},{"@type":"ListItem","position":3,"name":"Pacchetto per la perdita di peso e la salute dell&#8217;intestino"}]},{"@type":"WebSite","@id":"https:\/\/jeaken.com\/it\/#website","url":"https:\/\/jeaken.com\/it\/","name":"JeaKen","description":"Organic Supplements for Health, Fitness and Nutrition","publisher":{"@id":"https:\/\/jeaken.com\/it\/#organization"},"potentialAction":[{"@type":"SearchAction","target":{"@type":"EntryPoint","urlTemplate":"https:\/\/jeaken.com\/it\/?s={search_term_string}"},"query-input":"required name=search_term_string"}],"inLanguage":"it-IT"},{"@type":"Organization","@id":"https:\/\/jeaken.com\/it\/#organization","name":"JeaKen","url":"https:\/\/jeaken.com\/it\/","logo":{"@type":"ImageObject","inLanguage":"it-IT","@id":"https:\/\/jeaken.com\/it\/#\/schema\/logo\/image\/","url":"https:\/\/jeaken.com\/wp-content\/uploads\/2022\/06\/jeaken-logo-23.png","contentUrl":"https:\/\/jeaken.com\/wp-content\/uploads\/2022\/06\/jeaken-logo-23.png","width":2486,"height":736,"caption":"JeaKen"},"image":{"@id":"https:\/\/jeaken.com\/it\/#\/schema\/logo\/image\/"}}]}},"jetpack_sharing_enabled":true,"_links":{"self":[{"href":"https:\/\/jeaken.com\/it\/wp-json\/wp\/v2\/product\/14556","targetHints":{"allow":["GET"]}}],"collection":[{"href":"https:\/\/jeaken.com\/it\/wp-json\/wp\/v2\/product"}],"about":[{"href":"https:\/\/jeaken.com\/it\/wp-json\/wp\/v2\/types\/product"}],"wp:featuredmedia":[{"embeddable":true,"href":"https:\/\/jeaken.com\/it\/wp-json\/wp\/v2\/media\/16259"}],"wp:attachment":[{"href":"https:\/\/jeaken.com\/it\/wp-json\/wp\/v2\/media?parent=14556"}],"wp:term":[{"taxonomy":"product_cat","embeddable":true,"href":"https:\/\/jeaken.com\/it\/wp-json\/wp\/v2\/product_cat?post=14556"},{"taxonomy":"product_tag","embeddable":true,"href":"https:\/\/jeaken.com\/it\/wp-json\/wp\/v2\/product_tag?post=14556"}],"curies":[{"name":"wp","href":"https:\/\/api.w.org\/{rel}","templated":true}]}}