{"id":14540,"date":"2023-03-19T16:19:16","date_gmt":"2023-03-19T16:19:16","guid":{"rendered":"https:\/?post_type=product&#038;p=14540"},"modified":"2023-04-06T12:30:57","modified_gmt":"2023-04-06T11:30:57","slug":"pacchetto-perdita-di-peso-e-chiarezza-mentale","status":"publish","type":"product","link":"https:\/\/jeaken.com\/it\/prodotto\/pacchetto-perdita-di-peso-e-chiarezza-mentale\/","title":{"rendered":"Pacchetto perdita di peso e chiarezza mentale"},"content":{"rendered":"<h2>Pacchetto perdita di peso e chiarezza mentale<\/h2>\n<p><span data-sheets-value=\"{\"1\":2,\"2\":\"The Weight Loss and Mental Clarity &amp; Focus Bundle is a powerful combination of three high-quality supplements designed to support your weight loss journey while also boosting cognitive function. The Apple Cider Vinegar Capsules offer additional digestive support and may aid in weight loss. The Super Mind Nootropics contain a blend of natural ingredients that help support cognitive function, including memory, focus, and mental clarity. Lastly, Green Tea Capsules provide a natural source of antioxidants and energy to support weight loss efforts. Whether you're looking to shed some extra pounds or improve your mental performance, this bundle can help you reach your goals.\"}\" data-sheets-userformat=\"{\"2\":897,\"3\":{\"1\":0},\"10\":0,\"11\":4,\"12\":0}\">Il pacchetto Perdita di peso e chiarezza mentale \u00e8 una potente combinazione di tre integratori di alta qualit\u00e0 studiati per sostenere il vostro percorso di perdita di peso e al tempo stesso potenziare le funzioni cognitive. Le capsule di aceto di sidro di mele offrono un ulteriore supporto digestivo e possono contribuire alla perdita di peso. I Nootropi Super Mind contengono una miscela di ingredienti naturali che aiutano a sostenere le funzioni cognitive, tra cui la memoria, la concentrazione e la chiarezza mentale. Infine, le capsule di t\u00e8 verde forniscono una fonte naturale di antiossidanti e di energia per sostenere gli sforzi di perdita di peso. Se state cercando di perdere qualche chilo di troppo o di migliorare le vostre prestazioni mentali, questo pacchetto pu\u00f2 aiutarvi a raggiungere i vostri obiettivi.<\/span><\/p>\n<p>&nbsp;<\/p>\n<h4 class=\"product_title entry-title elementor-heading-title elementor-size-default\"><strong>Capsule di t\u00e8 verde &#8211; 850 mg di integratori antiossidanti per la perdita di peso (120 compresse)<\/strong><\/h4>\n<p>&nbsp;<\/p>\n<p><strong>OFFRE MOLTEPLICI BENEFICI PER LA SALUTE<\/strong><\/p>\n<p>Il t\u00e8 verde \u00e8 utilizzato nella medicina cinese da circa 4.000 anni. Offre molti potenti benefici per la salute, tra cui la riduzione del rischio di malattie cardiache e di alcuni tipi di cancro, l&#8217;aumento del rapporto tra colesterolo buono (HDL) e colesterolo cattivo (LDL) nel sangue, il potenziamento del sistema immunitario e il supporto antiossidante.<\/p>\n<p><strong>AIUTA A PERDERE PESO<\/strong><\/p>\n<p>Se associato a una dieta sana, il nostro t\u00e8 verde vegetariano funziona come un efficace aiuto per la perdita di peso, aumentando il tasso metabolico e sopprimendo l&#8217;appetito.<\/p>\n<p><strong>POTENTE ANTIOSSIDANTE NATURALE<\/strong><\/p>\n<p>L&#8217;EGCG presente nel t\u00e8 verde \u00e8 responsabile della maggior parte delle sue propriet\u00e0 antiossidanti, che impediscono ai radicali liberi di danneggiare le cellule.<\/p>\n<p><strong>MIGLIORA LA MEMORIA E LA CONCENTRAZIONE<\/strong><\/p>\n<p>Le propriet\u00e0 presenti nell&#8217;estratto di t\u00e8 verde possono contribuire ad aumentare la cognizione e la memoria, aiutandovi a rimanere acuti e concentrati per tutto il giorno.<\/p>\n<p>&nbsp;<\/p>\n<h4 class=\"product_title entry-title elementor-heading-title elementor-size-default\"><strong>Aceto di sidro di mele &#8211; stimolante del metabolismo e disintossicante &#8211; potenziato con seagreens, t\u00e8 verde e cromo (120 capsule)<\/strong><\/h4>\n<p>&nbsp;<\/p>\n<p><strong>MOLTEPLICI BENEFICI PER LA SALUTE  <\/strong><\/p>\n<p>Utilizzato da Ippocrate (il &#8220;padre della medicina moderna&#8221;) oltre 2000 anni fa, si dice che l&#8217;aceto di sidro di mele contribuisca a una serie di incredibili benefici per la salute, tra cui il miglioramento della salute dell&#8217;apparato digerente, l&#8217;aumento dei livelli di energia e il potenziamento del metabolismo. Le nostre capsule di aceto di sidro di mele ad alta concentrazione offrono questi potenti benefici in capsule facili da ingerire.<\/p>\n<p><strong>FAVORISCE UNA SANA PERDITA DI PESO  <\/strong><\/p>\n<p>Diversi studi recenti hanno dimostrato che l&#8217;aceto di sidro di mele pu\u00f2 aiutare a perdere peso se assunto nell&#8217;ambito di una dieta sana. Pu\u00f2 anche favorire la digestione e migliorare la salute generale, aiutando ad assorbire pi\u00f9 sostanze nutritive dagli alimenti.<\/p>\n<p><strong>MISCELA UNICA  <\/strong><\/p>\n<p>Le nostre capsule di aceto di sidro di mele di qualit\u00e0 superiore offrono risultati ottimali grazie alla loro miscela unica di semi di mare, t\u00e8 verde e cromo. La vostra salute \u00e8 la nostra priorit\u00e0. Le nostre capsule sono prodotte nel Regno Unito secondo rigorose linee guida di sicurezza (codice GMP) per garantire potenza, qualit\u00e0 ed efficacia.<\/p>\n<p><strong>ADATTO A VEGANI E VEGETARIANI  <\/strong><\/p>\n<p>Le nostre capsule di aceto di sidro di mele sono realizzate al 100% con ingredienti vegetali di prima qualit\u00e0. Le nostre capsule sono senza glutine, senza lattosio, conformi alle GMP, non OGM e 100% vegane.<\/p>\n<p>&nbsp;<\/p>\n<h4 class=\"product_title entry-title elementor-heading-title elementor-size-default\"><strong>Super Mind Nootropics &#8211; 60 capsule vegane<\/strong><\/h4>\n<p>&nbsp;<\/p>\n<ul class=\"a-unordered-list a-vertical a-spacing-none\">\n<li class=\"a-spacing-small\"><span class=\"a-list-item a-size-base\">A differenza di molti altri integratori cerebrali, le capsule di JeaKen nootropics brain boost sono composte da ingredienti naturali come la Rhodiola Rosea, che contribuiscono ad aumentare la concentrazione e la vigilanza, a potenziare l&#8217;energia mentale e a migliorare la memoria.  <\/span><\/li>\n<li class=\"a-spacing-small\"><span class=\"a-list-item a-size-base\">RIDUCE LA FATICA, MIGLIORA LA FOCALIZZAZIONE &#8211; Il guaran\u00e0, una pianta originaria dell&#8217;Amazzonia, contiene naturalmente caffeina, che si \u00e8 dimostrata molto efficace nel ridurre la fatica e nel migliorare la concentrazione mentale. La combinazione di caffeina e teanina si \u00e8 dimostrata molto efficace per migliorare le prestazioni cognitive.  <\/span><\/li>\n<li class=\"a-spacing-small\"><span class=\"a-list-item a-size-base\">SOLO I MIGLIORI INGREDIENTI &#8211; Il nostro integratore per la memoria \u00e8 composto da vitamine, minerali ed estratti di erbe completamente naturali, senza l&#8217;uso di additivi dannosi; non OGM e privo di ormoni e glutine.  <\/span><\/li>\n<li class=\"a-spacing-small\"><span class=\"a-list-item a-size-base\">SOSTENUTO DALLA SCIENZA &#8211; \u00c8 stata posta grande attenzione nel combinare la giusta quantit\u00e0 di ogni ingrediente in una formula avanzata realizzata per favorire l&#8217;ossigeno e la circolazione nelle cellule cerebrali e nei neuroni, progettata per favorire la memoria, la concentrazione e la chiarezza.<\/span><\/li>\n<\/ul>\n","protected":false},"excerpt":{"rendered":"<div class=\"group w-full text-gray-800 dark:text-gray-100 border-b border-black\/10 dark:border-gray-900\/50 bg-gray-50 dark:bg-[#444654]\">\n<div class=\"text-base gap-4 md:gap-6 md:max-w-2xl lg:max-w-2xl xl:max-w-3xl p-4 md:py-6 flex lg:px-0 m-auto\">\n<div class=\"relative flex w-[calc(100%-50px)] flex-col gap-1 md:gap-3 lg:w-[calc(100%-115px)]\">\n<div class=\"flex flex-grow flex-col gap-3\">\n<div class=\"min-h-[20px] flex flex-col items-start gap-4 whitespace-pre-wrap\">\n<div class=\"markdown prose w-full break-words dark:prose-invert dark\">\n<p>Il pacchetto per la perdita di peso e la chiarezza mentale comprende aceto di sidro di mele, Nootropics Super Mind e capsule di t\u00e8 verde per migliorare la digestione, la cognizione e la perdita di peso, contribuendo al raggiungimento degli obiettivi.<\/p>\n<\/div>\n<\/div>\n<\/div>\n<\/div>\n<\/div>\n<\/div>\n","protected":false},"featured_media":16275,"template":"","meta":{"site-sidebar-layout":"default","site-content-layout":"default","ast-site-content-layout":"default","site-content-style":"default","site-sidebar-style":"default","ast-global-header-display":"","ast-banner-title-visibility":"","ast-main-header-display":"","ast-hfb-above-header-display":"","ast-hfb-below-header-display":"","ast-hfb-mobile-header-display":"","site-post-title":"","ast-breadcrumbs-content":"","ast-featured-img":"","footer-sml-layout":"","theme-transparent-header-meta":"default","adv-header-id-meta":"","stick-header-meta":"default","header-above-stick-meta":"","header-main-stick-meta":"","header-below-stick-meta":"","astra-migrate-meta-layouts":"default","ast-page-background-enabled":"default","ast-page-background-meta":{"desktop":{"background-color":"","background-image":"","background-repeat":"repeat","background-position":"center center","background-size":"auto","background-attachment":"scroll","background-type":"","background-media":"","overlay-type":"","overlay-color":"","overlay-opacity":"","overlay-gradient":""},"tablet":{"background-color":"","background-image":"","background-repeat":"repeat","background-position":"center center","background-size":"auto","background-attachment":"scroll","background-type":"","background-media":"","overlay-type":"","overlay-color":"","overlay-opacity":"","overlay-gradient":""},"mobile":{"background-color":"","background-image":"","background-repeat":"repeat","background-position":"center center","background-size":"auto","background-attachment":"scroll","background-type":"","background-media":"","overlay-type":"","overlay-color":"","overlay-opacity":"","overlay-gradient":""}},"ast-content-background-meta":{"desktop":{"background-color":"var(--ast-global-color-5)","background-image":"","background-repeat":"repeat","background-position":"center center","background-size":"auto","background-attachment":"scroll","background-type":"","background-media":"","overlay-type":"","overlay-color":"","overlay-opacity":"","overlay-gradient":""},"tablet":{"background-color":"var(--ast-global-color-5)","background-image":"","background-repeat":"repeat","background-position":"center center","background-size":"auto","background-attachment":"scroll","background-type":"","background-media":"","overlay-type":"","overlay-color":"","overlay-opacity":"","overlay-gradient":""},"mobile":{"background-color":"var(--ast-global-color-5)","background-image":"","background-repeat":"repeat","background-position":"center center","background-size":"auto","background-attachment":"scroll","background-type":"","background-media":"","overlay-type":"","overlay-color":"","overlay-opacity":"","overlay-gradient":""}}},"product_cat":[763,596],"product_tag":[],"class_list":{"0":"post-14540","1":"product","2":"type-product","3":"status-publish","4":"has-post-thumbnail","6":"product_cat-perdita-di-peso","7":"product_cat-potenziatori-del-cervello","8":"has-subscription-plans","9":"desktop-align-left","10":"tablet-align-left","11":"mobile-align-left","13":"first","14":"instock","15":"taxable","16":"shipping-taxable","17":"purchasable","18":"product-type-simple"},"yoast_head":"<!-- This site is optimized with the Yoast SEO plugin v22.7 - https:\/\/yoast.com\/wordpress\/plugins\/seo\/ -->\n<title>Pacchetto perdita di peso e chiarezza mentale - JeaKen<\/title>\n<meta name=\"robots\" content=\"index, follow, max-snippet:-1, max-image-preview:large, max-video-preview:-1\" \/>\n<link rel=\"canonical\" href=\"https:\/\/jeaken.com\/it\/prodotto\/pacchetto-perdita-di-peso-e-chiarezza-mentale\/\" \/>\n<meta property=\"og:locale\" content=\"it_IT\" \/>\n<meta property=\"og:type\" content=\"article\" \/>\n<meta property=\"og:title\" content=\"Pacchetto perdita di peso e chiarezza mentale - JeaKen\" \/>\n<meta property=\"og:description\" content=\"Il pacchetto per la perdita di peso e la chiarezza mentale comprende aceto di sidro di mele, Nootropics Super Mind e capsule di t\u00e8 verde per migliorare la digestione, la cognizione e la perdita di peso, contribuendo al raggiungimento degli obiettivi.\" \/>\n<meta property=\"og:url\" content=\"https:\/\/jeaken.com\/it\/prodotto\/pacchetto-perdita-di-peso-e-chiarezza-mentale\/\" \/>\n<meta property=\"og:site_name\" content=\"JeaKen\" \/>\n<meta property=\"article:modified_time\" content=\"2023-04-06T11:30:57+00:00\" \/>\n<meta property=\"og:image\" content=\"https:\/\/jeaken.com\/wp-content\/uploads\/2023\/03\/Combine4.jpg\" \/>\n\t<meta property=\"og:image:width\" content=\"972\" \/>\n\t<meta property=\"og:image:height\" content=\"972\" \/>\n\t<meta property=\"og:image:type\" content=\"image\/jpeg\" \/>\n<meta name=\"twitter:card\" content=\"summary_large_image\" \/>\n<script type=\"application\/ld+json\" class=\"yoast-schema-graph\">{\"@context\":\"https:\/\/schema.org\",\"@graph\":[{\"@type\":\"WebPage\",\"@id\":\"https:\/\/jeaken.com\/it\/prodotto\/pacchetto-perdita-di-peso-e-chiarezza-mentale\/\",\"url\":\"https:\/\/jeaken.com\/it\/prodotto\/pacchetto-perdita-di-peso-e-chiarezza-mentale\/\",\"name\":\"Pacchetto perdita di peso e chiarezza mentale - JeaKen\",\"isPartOf\":{\"@id\":\"https:\/\/jeaken.com\/it\/#website\"},\"primaryImageOfPage\":{\"@id\":\"https:\/\/jeaken.com\/it\/prodotto\/pacchetto-perdita-di-peso-e-chiarezza-mentale\/#primaryimage\"},\"image\":{\"@id\":\"https:\/\/jeaken.com\/it\/prodotto\/pacchetto-perdita-di-peso-e-chiarezza-mentale\/#primaryimage\"},\"thumbnailUrl\":\"https:\/\/jeaken.com\/wp-content\/uploads\/2023\/03\/Combine4.jpg\",\"datePublished\":\"2023-03-19T16:19:16+00:00\",\"dateModified\":\"2023-04-06T11:30:57+00:00\",\"breadcrumb\":{\"@id\":\"https:\/\/jeaken.com\/it\/prodotto\/pacchetto-perdita-di-peso-e-chiarezza-mentale\/#breadcrumb\"},\"inLanguage\":\"it-IT\",\"potentialAction\":[{\"@type\":\"ReadAction\",\"target\":[\"https:\/\/jeaken.com\/it\/prodotto\/pacchetto-perdita-di-peso-e-chiarezza-mentale\/\"]}]},{\"@type\":\"ImageObject\",\"inLanguage\":\"it-IT\",\"@id\":\"https:\/\/jeaken.com\/it\/prodotto\/pacchetto-perdita-di-peso-e-chiarezza-mentale\/#primaryimage\",\"url\":\"https:\/\/jeaken.com\/wp-content\/uploads\/2023\/03\/Combine4.jpg\",\"contentUrl\":\"https:\/\/jeaken.com\/wp-content\/uploads\/2023\/03\/Combine4.jpg\",\"width\":972,\"height\":972,\"caption\":\"Weight Loss And Mental Clarity Bundle\"},{\"@type\":\"BreadcrumbList\",\"@id\":\"https:\/\/jeaken.com\/it\/prodotto\/pacchetto-perdita-di-peso-e-chiarezza-mentale\/#breadcrumb\",\"itemListElement\":[{\"@type\":\"ListItem\",\"position\":1,\"name\":\"Home\",\"item\":\"https:\/\/jeaken.com\/it\/\"},{\"@type\":\"ListItem\",\"position\":2,\"name\":\"Private: Shop\",\"item\":\"https:\/\/jeaken.com\/shop\/\"},{\"@type\":\"ListItem\",\"position\":3,\"name\":\"Pacchetto perdita di peso e chiarezza mentale\"}]},{\"@type\":\"WebSite\",\"@id\":\"https:\/\/jeaken.com\/it\/#website\",\"url\":\"https:\/\/jeaken.com\/it\/\",\"name\":\"JeaKen\",\"description\":\"Organic Supplements for Health, Fitness and Nutrition\",\"publisher\":{\"@id\":\"https:\/\/jeaken.com\/it\/#organization\"},\"potentialAction\":[{\"@type\":\"SearchAction\",\"target\":{\"@type\":\"EntryPoint\",\"urlTemplate\":\"https:\/\/jeaken.com\/it\/?s={search_term_string}\"},\"query-input\":\"required name=search_term_string\"}],\"inLanguage\":\"it-IT\"},{\"@type\":\"Organization\",\"@id\":\"https:\/\/jeaken.com\/it\/#organization\",\"name\":\"JeaKen\",\"url\":\"https:\/\/jeaken.com\/it\/\",\"logo\":{\"@type\":\"ImageObject\",\"inLanguage\":\"it-IT\",\"@id\":\"https:\/\/jeaken.com\/it\/#\/schema\/logo\/image\/\",\"url\":\"https:\/\/jeaken.com\/wp-content\/uploads\/2022\/06\/jeaken-logo-23.png\",\"contentUrl\":\"https:\/\/jeaken.com\/wp-content\/uploads\/2022\/06\/jeaken-logo-23.png\",\"width\":2486,\"height\":736,\"caption\":\"JeaKen\"},\"image\":{\"@id\":\"https:\/\/jeaken.com\/it\/#\/schema\/logo\/image\/\"}}]}<\/script>\n<!-- \/ Yoast SEO plugin. -->","yoast_head_json":{"title":"Pacchetto perdita di peso e chiarezza mentale - JeaKen","robots":{"index":"index","follow":"follow","max-snippet":"max-snippet:-1","max-image-preview":"max-image-preview:large","max-video-preview":"max-video-preview:-1"},"canonical":"https:\/\/jeaken.com\/it\/prodotto\/pacchetto-perdita-di-peso-e-chiarezza-mentale\/","og_locale":"it_IT","og_type":"article","og_title":"Pacchetto perdita di peso e chiarezza mentale - JeaKen","og_description":"Il pacchetto per la perdita di peso e la chiarezza mentale comprende aceto di sidro di mele, Nootropics Super Mind e capsule di t\u00e8 verde per migliorare la digestione, la cognizione e la perdita di peso, contribuendo al raggiungimento degli obiettivi.","og_url":"https:\/\/jeaken.com\/it\/prodotto\/pacchetto-perdita-di-peso-e-chiarezza-mentale\/","og_site_name":"JeaKen","article_modified_time":"2023-04-06T11:30:57+00:00","og_image":[{"width":972,"height":972,"url":"https:\/\/jeaken.com\/wp-content\/uploads\/2023\/03\/Combine4.jpg","type":"image\/jpeg"}],"twitter_card":"summary_large_image","schema":{"@context":"https:\/\/schema.org","@graph":[{"@type":"WebPage","@id":"https:\/\/jeaken.com\/it\/prodotto\/pacchetto-perdita-di-peso-e-chiarezza-mentale\/","url":"https:\/\/jeaken.com\/it\/prodotto\/pacchetto-perdita-di-peso-e-chiarezza-mentale\/","name":"Pacchetto perdita di peso e chiarezza mentale - JeaKen","isPartOf":{"@id":"https:\/\/jeaken.com\/it\/#website"},"primaryImageOfPage":{"@id":"https:\/\/jeaken.com\/it\/prodotto\/pacchetto-perdita-di-peso-e-chiarezza-mentale\/#primaryimage"},"image":{"@id":"https:\/\/jeaken.com\/it\/prodotto\/pacchetto-perdita-di-peso-e-chiarezza-mentale\/#primaryimage"},"thumbnailUrl":"https:\/\/jeaken.com\/wp-content\/uploads\/2023\/03\/Combine4.jpg","datePublished":"2023-03-19T16:19:16+00:00","dateModified":"2023-04-06T11:30:57+00:00","breadcrumb":{"@id":"https:\/\/jeaken.com\/it\/prodotto\/pacchetto-perdita-di-peso-e-chiarezza-mentale\/#breadcrumb"},"inLanguage":"it-IT","potentialAction":[{"@type":"ReadAction","target":["https:\/\/jeaken.com\/it\/prodotto\/pacchetto-perdita-di-peso-e-chiarezza-mentale\/"]}]},{"@type":"ImageObject","inLanguage":"it-IT","@id":"https:\/\/jeaken.com\/it\/prodotto\/pacchetto-perdita-di-peso-e-chiarezza-mentale\/#primaryimage","url":"https:\/\/jeaken.com\/wp-content\/uploads\/2023\/03\/Combine4.jpg","contentUrl":"https:\/\/jeaken.com\/wp-content\/uploads\/2023\/03\/Combine4.jpg","width":972,"height":972,"caption":"Weight Loss And Mental Clarity Bundle"},{"@type":"BreadcrumbList","@id":"https:\/\/jeaken.com\/it\/prodotto\/pacchetto-perdita-di-peso-e-chiarezza-mentale\/#breadcrumb","itemListElement":[{"@type":"ListItem","position":1,"name":"Home","item":"https:\/\/jeaken.com\/it\/"},{"@type":"ListItem","position":2,"name":"Private: Shop","item":"https:\/\/jeaken.com\/shop\/"},{"@type":"ListItem","position":3,"name":"Pacchetto perdita di peso e chiarezza mentale"}]},{"@type":"WebSite","@id":"https:\/\/jeaken.com\/it\/#website","url":"https:\/\/jeaken.com\/it\/","name":"JeaKen","description":"Organic Supplements for Health, Fitness and Nutrition","publisher":{"@id":"https:\/\/jeaken.com\/it\/#organization"},"potentialAction":[{"@type":"SearchAction","target":{"@type":"EntryPoint","urlTemplate":"https:\/\/jeaken.com\/it\/?s={search_term_string}"},"query-input":"required name=search_term_string"}],"inLanguage":"it-IT"},{"@type":"Organization","@id":"https:\/\/jeaken.com\/it\/#organization","name":"JeaKen","url":"https:\/\/jeaken.com\/it\/","logo":{"@type":"ImageObject","inLanguage":"it-IT","@id":"https:\/\/jeaken.com\/it\/#\/schema\/logo\/image\/","url":"https:\/\/jeaken.com\/wp-content\/uploads\/2022\/06\/jeaken-logo-23.png","contentUrl":"https:\/\/jeaken.com\/wp-content\/uploads\/2022\/06\/jeaken-logo-23.png","width":2486,"height":736,"caption":"JeaKen"},"image":{"@id":"https:\/\/jeaken.com\/it\/#\/schema\/logo\/image\/"}}]}},"jetpack_sharing_enabled":true,"_links":{"self":[{"href":"https:\/\/jeaken.com\/it\/wp-json\/wp\/v2\/product\/14540","targetHints":{"allow":["GET"]}}],"collection":[{"href":"https:\/\/jeaken.com\/it\/wp-json\/wp\/v2\/product"}],"about":[{"href":"https:\/\/jeaken.com\/it\/wp-json\/wp\/v2\/types\/product"}],"wp:featuredmedia":[{"embeddable":true,"href":"https:\/\/jeaken.com\/it\/wp-json\/wp\/v2\/media\/16275"}],"wp:attachment":[{"href":"https:\/\/jeaken.com\/it\/wp-json\/wp\/v2\/media?parent=14540"}],"wp:term":[{"taxonomy":"product_cat","embeddable":true,"href":"https:\/\/jeaken.com\/it\/wp-json\/wp\/v2\/product_cat?post=14540"},{"taxonomy":"product_tag","embeddable":true,"href":"https:\/\/jeaken.com\/it\/wp-json\/wp\/v2\/product_tag?post=14540"}],"curies":[{"name":"wp","href":"https:\/\/api.w.org\/{rel}","templated":true}]}}