{"id":14508,"date":"2023-03-19T16:08:57","date_gmt":"2023-03-19T16:08:57","guid":{"rendered":"https:\/?post_type=product&#038;p=14508"},"modified":"2023-04-06T12:31:27","modified_gmt":"2023-04-06T11:31:27","slug":"pacchetto-per-la-perdita-di-peso","status":"publish","type":"product","link":"https:\/\/jeaken.com\/it\/prodotto\/pacchetto-per-la-perdita-di-peso\/","title":{"rendered":"Pacchetto perdita di peso"},"content":{"rendered":"<h2>Pacchetto perdita di peso<\/h2>\n<p><span data-sheets-value=\"{\"1\":2,\"2\":\"The Weight Loss Bundle is a comprehensive package that includes three high-quality products to support your weight loss journey. The Apple Cider Vinegar Capsules provide additional digestive support and may help with weight loss efforts. The Colon Cleanse Capsules are designed to help cleanse and detoxify the body, supporting healthy digestion and elimination. Finally, the Green Tea Capsules offer a natural source of antioxidants and energy to support weight loss goals. Whether you're just starting out or looking for an extra boost, this bundle can help you achieve your weight loss goals.\"}\" data-sheets-userformat=\"{\"2\":2945,\"3\":{\"1\":0},\"10\":0,\"11\":4,\"12\":0,\"14\":{\"1\":2,\"2\":16711935}}\">Il pacchetto per la perdita di peso \u00e8 un pacchetto completo che comprende tre prodotti di alta qualit\u00e0 per sostenere il vostro percorso di perdita di peso. Le capsule di aceto di sidro di mele forniscono un ulteriore supporto digestivo e possono contribuire alla perdita di peso. Le capsule Colon Cleanse sono studiate per aiutare a pulire e disintossicare l&#8217;organismo, favorendo una sana digestione ed eliminazione. Infine, le capsule di t\u00e8 verde offrono una fonte naturale di antiossidanti e di energia per sostenere gli obiettivi di perdita di peso. Che siate agli inizi o alla ricerca di una spinta in pi\u00f9, questo pacchetto pu\u00f2 aiutarvi a raggiungere i vostri obiettivi di perdita di peso.<\/span><\/p>\n<p>&nbsp;<\/p>\n<h4 class=\"product_title entry-title elementor-heading-title elementor-size-default\"><strong>Capsule di pulizia e disintossicazione del corpo &#8211; per la perdita di peso e la pulizia del colon (90 capsule)<\/strong><\/h4>\n<p>&nbsp;<\/p>\n<p><span class=\"a-list-item\"><strong>ELIMINA LE TOSSINE<\/strong> <\/span><\/p>\n<p><span class=\"a-list-item\">Questo potente prodotto contiene 14 ingredienti fondamentali che aiutano a eliminare le tossine dall&#8217;organismo.<\/span><\/p>\n<p><span class=\"a-list-item\"><strong>RIDUCE IL GONFIORE<\/strong> <\/span><\/p>\n<p><span class=\"a-list-item\">Il nostro integratore aiuta a ridurre il gonfiore e a regolare l&#8217;assunzione di cibo. L&#8217;assunzione regolare di questo integratore pu\u00f2 avere un effetto riequilibrante sull&#8217;apparato digerente e alleviare i sintomi di stitichezza e indigestione.<\/span><\/p>\n<p><strong><span class=\"a-list-item\">MASSIMIZZA LA PERDITA DI PESO  <\/span><\/strong><\/p>\n<p><span class=\"a-list-item\">Le nostre capsule Cleanse Detox non solo eliminano le tossine, ma massimizzano anche la perdita di peso per raggiungere gli obiettivi di definizione della massa magra.<\/span><\/p>\n<p><strong><span class=\"a-list-item\">COMBINAZIONE PROBIOTICA COMPROVATA  <\/span><\/strong><\/p>\n<p><span class=\"a-list-item\">Per ottenere risultati ottimali, abbiamo combinato le comprovate qualit\u00e0 salutari del guscio di psillio con l&#8217;inulina, per eliminare le scorie dal sistema e rinfrescarlo con i &#8220;batteri amici&#8221; del Lactobacillus Acidophilus Probiotic.<\/span><\/p>\n<p>&nbsp;<\/p>\n<h4 class=\"product_title entry-title elementor-heading-title elementor-size-default\"><strong>Capsule di t\u00e8 verde &#8211; 850 mg di integratori antiossidanti per la perdita di peso (120 compresse)<\/strong><\/h4>\n<p>&nbsp;<\/p>\n<p><strong>OFFRE MOLTEPLICI BENEFICI PER LA SALUTE<\/strong><\/p>\n<p>Il t\u00e8 verde \u00e8 utilizzato nella medicina cinese da circa 4.000 anni. Offre molti potenti benefici per la salute, tra cui la riduzione del rischio di malattie cardiache e di alcuni tipi di cancro, l&#8217;aumento del rapporto tra colesterolo buono (HDL) e colesterolo cattivo (LDL) nel sangue, il potenziamento del sistema immunitario e il supporto antiossidante.<\/p>\n<p><strong>AIUTA A PERDERE PESO<\/strong><\/p>\n<p>Se associato a una dieta sana, il nostro t\u00e8 verde vegetariano funziona come un efficace aiuto per la perdita di peso, aumentando il tasso metabolico e sopprimendo l&#8217;appetito.<\/p>\n<p><strong>POTENTE ANTIOSSIDANTE NATURALE<\/strong><\/p>\n<p>L&#8217;EGCG presente nel t\u00e8 verde \u00e8 responsabile della maggior parte delle sue propriet\u00e0 antiossidanti, che impediscono ai radicali liberi di danneggiare le cellule.<\/p>\n<p><strong>MIGLIORA LA MEMORIA E LA CONCENTRAZIONE<\/strong><\/p>\n<p>Le propriet\u00e0 presenti nell&#8217;estratto di t\u00e8 verde possono contribuire ad aumentare la cognizione e la memoria, aiutandovi a rimanere acuti e concentrati per tutto il giorno.<\/p>\n<p>&nbsp;<\/p>\n<h4 class=\"product_title entry-title elementor-heading-title elementor-size-default\"><strong>Aceto di sidro di mele &#8211; stimolante del metabolismo e disintossicante &#8211; potenziato con seagreens, t\u00e8 verde e cromo (120 capsule)<\/strong><\/h4>\n<p>&nbsp;<\/p>\n<p><strong>MOLTEPLICI BENEFICI PER LA SALUTE  <\/strong><\/p>\n<p>Utilizzato da Ippocrate (il &#8220;padre della medicina moderna&#8221;) oltre 2000 anni fa, si dice che l&#8217;aceto di sidro di mele contribuisca a una serie di incredibili benefici per la salute, tra cui il miglioramento della salute dell&#8217;apparato digerente, l&#8217;aumento dei livelli di energia e il potenziamento del metabolismo. Le nostre capsule di aceto di sidro di mele ad alta concentrazione offrono questi potenti benefici in capsule facili da ingerire.<\/p>\n<p><strong>FAVORISCE UNA SANA PERDITA DI PESO  <\/strong><\/p>\n<p>Diversi studi recenti hanno dimostrato che l&#8217;aceto di sidro di mele pu\u00f2 aiutare a perdere peso se assunto nell&#8217;ambito di una dieta sana. Pu\u00f2 anche favorire la digestione e migliorare la salute generale, aiutando ad assorbire pi\u00f9 sostanze nutritive dagli alimenti.<\/p>\n<p><strong>MISCELA UNICA  <\/strong><\/p>\n<p>Le nostre capsule di aceto di sidro di mele di qualit\u00e0 superiore offrono risultati ottimali grazie alla loro miscela unica di semi di mare, t\u00e8 verde e cromo. La vostra salute \u00e8 la nostra priorit\u00e0. Le nostre capsule sono prodotte nel Regno Unito secondo rigorose linee guida di sicurezza (codice GMP) per garantire potenza, qualit\u00e0 ed efficacia.<\/p>\n<p><strong>ADATTO A VEGANI E VEGETARIANI  <\/strong><\/p>\n<p>Le nostre capsule di aceto di sidro di mele sono realizzate al 100% con ingredienti vegetali di prima qualit\u00e0. Le nostre capsule sono senza glutine, senza lattosio, conformi alle GMP, non OGM e 100% vegane.<\/p>\n","protected":false},"excerpt":{"rendered":"<p>Il pacchetto per la perdita di peso combina l&#8217;aceto di sidro di mele, la pulizia del colon e le capsule di t\u00e8 verde per favorire la digestione, la disintossicazione e l&#8217;energia, aiutandovi a perdere peso.<\/p>\n","protected":false},"featured_media":16259,"template":"","meta":{"site-sidebar-layout":"default","site-content-layout":"default","ast-site-content-layout":"default","site-content-style":"default","site-sidebar-style":"default","ast-global-header-display":"","ast-banner-title-visibility":"","ast-main-header-display":"","ast-hfb-above-header-display":"","ast-hfb-below-header-display":"","ast-hfb-mobile-header-display":"","site-post-title":"","ast-breadcrumbs-content":"","ast-featured-img":"","footer-sml-layout":"","theme-transparent-header-meta":"default","adv-header-id-meta":"","stick-header-meta":"default","header-above-stick-meta":"","header-main-stick-meta":"","header-below-stick-meta":"","astra-migrate-meta-layouts":"default","ast-page-background-enabled":"default","ast-page-background-meta":{"desktop":{"background-color":"","background-image":"","background-repeat":"repeat","background-position":"center center","background-size":"auto","background-attachment":"scroll","background-type":"","background-media":"","overlay-type":"","overlay-color":"","overlay-opacity":"","overlay-gradient":""},"tablet":{"background-color":"","background-image":"","background-repeat":"repeat","background-position":"center center","background-size":"auto","background-attachment":"scroll","background-type":"","background-media":"","overlay-type":"","overlay-color":"","overlay-opacity":"","overlay-gradient":""},"mobile":{"background-color":"","background-image":"","background-repeat":"repeat","background-position":"center center","background-size":"auto","background-attachment":"scroll","background-type":"","background-media":"","overlay-type":"","overlay-color":"","overlay-opacity":"","overlay-gradient":""}},"ast-content-background-meta":{"desktop":{"background-color":"var(--ast-global-color-5)","background-image":"","background-repeat":"repeat","background-position":"center center","background-size":"auto","background-attachment":"scroll","background-type":"","background-media":"","overlay-type":"","overlay-color":"","overlay-opacity":"","overlay-gradient":""},"tablet":{"background-color":"var(--ast-global-color-5)","background-image":"","background-repeat":"repeat","background-position":"center center","background-size":"auto","background-attachment":"scroll","background-type":"","background-media":"","overlay-type":"","overlay-color":"","overlay-opacity":"","overlay-gradient":""},"mobile":{"background-color":"var(--ast-global-color-5)","background-image":"","background-repeat":"repeat","background-position":"center center","background-size":"auto","background-attachment":"scroll","background-type":"","background-media":"","overlay-type":"","overlay-color":"","overlay-opacity":"","overlay-gradient":""}}},"product_cat":[1265,597,763,546],"product_tag":[],"class_list":{"0":"post-14508","1":"product","2":"type-product","3":"status-publish","4":"has-post-thumbnail","6":"product_cat-alimentazione","7":"product_cat-integratori-alimentari","8":"product_cat-perdita-di-peso","9":"product_cat-umore-e-benessere","10":"has-subscription-plans","11":"desktop-align-left","12":"tablet-align-left","13":"mobile-align-left","15":"first","16":"instock","17":"taxable","18":"shipping-taxable","19":"purchasable","20":"product-type-simple"},"yoast_head":"<!-- This site is optimized with the Yoast SEO plugin v22.7 - https:\/\/yoast.com\/wordpress\/plugins\/seo\/ -->\n<title>Pacchetto perdita di peso - JeaKen<\/title>\n<meta name=\"robots\" content=\"index, follow, max-snippet:-1, max-image-preview:large, max-video-preview:-1\" \/>\n<link rel=\"canonical\" href=\"https:\/\/jeaken.com\/it\/prodotto\/pacchetto-per-la-perdita-di-peso\/\" \/>\n<meta property=\"og:locale\" content=\"it_IT\" \/>\n<meta property=\"og:type\" content=\"article\" \/>\n<meta property=\"og:title\" content=\"Pacchetto perdita di peso - JeaKen\" \/>\n<meta property=\"og:description\" content=\"Il pacchetto per la perdita di peso combina l&#039;aceto di sidro di mele, la pulizia del colon e le capsule di t\u00e8 verde per favorire la digestione, la disintossicazione e l&#039;energia, aiutandovi a perdere peso.\" \/>\n<meta property=\"og:url\" content=\"https:\/\/jeaken.com\/it\/prodotto\/pacchetto-per-la-perdita-di-peso\/\" \/>\n<meta property=\"og:site_name\" content=\"JeaKen\" \/>\n<meta property=\"article:modified_time\" content=\"2023-04-06T11:31:27+00:00\" \/>\n<meta property=\"og:image\" content=\"https:\/\/jeaken.com\/wp-content\/uploads\/2023\/03\/Combine3.jpg\" \/>\n\t<meta property=\"og:image:width\" content=\"972\" \/>\n\t<meta property=\"og:image:height\" content=\"972\" \/>\n\t<meta property=\"og:image:type\" content=\"image\/jpeg\" \/>\n<meta name=\"twitter:card\" content=\"summary_large_image\" \/>\n<script type=\"application\/ld+json\" class=\"yoast-schema-graph\">{\"@context\":\"https:\/\/schema.org\",\"@graph\":[{\"@type\":\"WebPage\",\"@id\":\"https:\/\/jeaken.com\/it\/prodotto\/pacchetto-per-la-perdita-di-peso\/\",\"url\":\"https:\/\/jeaken.com\/it\/prodotto\/pacchetto-per-la-perdita-di-peso\/\",\"name\":\"Pacchetto perdita di peso - JeaKen\",\"isPartOf\":{\"@id\":\"https:\/\/jeaken.com\/it\/#website\"},\"primaryImageOfPage\":{\"@id\":\"https:\/\/jeaken.com\/it\/prodotto\/pacchetto-per-la-perdita-di-peso\/#primaryimage\"},\"image\":{\"@id\":\"https:\/\/jeaken.com\/it\/prodotto\/pacchetto-per-la-perdita-di-peso\/#primaryimage\"},\"thumbnailUrl\":\"https:\/\/jeaken.com\/wp-content\/uploads\/2023\/03\/Combine3.jpg\",\"datePublished\":\"2023-03-19T16:08:57+00:00\",\"dateModified\":\"2023-04-06T11:31:27+00:00\",\"breadcrumb\":{\"@id\":\"https:\/\/jeaken.com\/it\/prodotto\/pacchetto-per-la-perdita-di-peso\/#breadcrumb\"},\"inLanguage\":\"it-IT\",\"potentialAction\":[{\"@type\":\"ReadAction\",\"target\":[\"https:\/\/jeaken.com\/it\/prodotto\/pacchetto-per-la-perdita-di-peso\/\"]}]},{\"@type\":\"ImageObject\",\"inLanguage\":\"it-IT\",\"@id\":\"https:\/\/jeaken.com\/it\/prodotto\/pacchetto-per-la-perdita-di-peso\/#primaryimage\",\"url\":\"https:\/\/jeaken.com\/wp-content\/uploads\/2023\/03\/Combine3.jpg\",\"contentUrl\":\"https:\/\/jeaken.com\/wp-content\/uploads\/2023\/03\/Combine3.jpg\",\"width\":972,\"height\":972,\"caption\":\"Weight Loss and Gut Health Bundle\"},{\"@type\":\"BreadcrumbList\",\"@id\":\"https:\/\/jeaken.com\/it\/prodotto\/pacchetto-per-la-perdita-di-peso\/#breadcrumb\",\"itemListElement\":[{\"@type\":\"ListItem\",\"position\":1,\"name\":\"Home\",\"item\":\"https:\/\/jeaken.com\/it\/\"},{\"@type\":\"ListItem\",\"position\":2,\"name\":\"Private: Shop\",\"item\":\"https:\/\/jeaken.com\/shop\/\"},{\"@type\":\"ListItem\",\"position\":3,\"name\":\"Pacchetto perdita di peso\"}]},{\"@type\":\"WebSite\",\"@id\":\"https:\/\/jeaken.com\/it\/#website\",\"url\":\"https:\/\/jeaken.com\/it\/\",\"name\":\"JeaKen\",\"description\":\"Organic Supplements for Health, Fitness and Nutrition\",\"publisher\":{\"@id\":\"https:\/\/jeaken.com\/it\/#organization\"},\"potentialAction\":[{\"@type\":\"SearchAction\",\"target\":{\"@type\":\"EntryPoint\",\"urlTemplate\":\"https:\/\/jeaken.com\/it\/?s={search_term_string}\"},\"query-input\":\"required name=search_term_string\"}],\"inLanguage\":\"it-IT\"},{\"@type\":\"Organization\",\"@id\":\"https:\/\/jeaken.com\/it\/#organization\",\"name\":\"JeaKen\",\"url\":\"https:\/\/jeaken.com\/it\/\",\"logo\":{\"@type\":\"ImageObject\",\"inLanguage\":\"it-IT\",\"@id\":\"https:\/\/jeaken.com\/it\/#\/schema\/logo\/image\/\",\"url\":\"https:\/\/jeaken.com\/wp-content\/uploads\/2022\/06\/jeaken-logo-23.png\",\"contentUrl\":\"https:\/\/jeaken.com\/wp-content\/uploads\/2022\/06\/jeaken-logo-23.png\",\"width\":2486,\"height\":736,\"caption\":\"JeaKen\"},\"image\":{\"@id\":\"https:\/\/jeaken.com\/it\/#\/schema\/logo\/image\/\"}}]}<\/script>\n<!-- \/ Yoast SEO plugin. -->","yoast_head_json":{"title":"Pacchetto perdita di peso - JeaKen","robots":{"index":"index","follow":"follow","max-snippet":"max-snippet:-1","max-image-preview":"max-image-preview:large","max-video-preview":"max-video-preview:-1"},"canonical":"https:\/\/jeaken.com\/it\/prodotto\/pacchetto-per-la-perdita-di-peso\/","og_locale":"it_IT","og_type":"article","og_title":"Pacchetto perdita di peso - JeaKen","og_description":"Il pacchetto per la perdita di peso combina l'aceto di sidro di mele, la pulizia del colon e le capsule di t\u00e8 verde per favorire la digestione, la disintossicazione e l'energia, aiutandovi a perdere peso.","og_url":"https:\/\/jeaken.com\/it\/prodotto\/pacchetto-per-la-perdita-di-peso\/","og_site_name":"JeaKen","article_modified_time":"2023-04-06T11:31:27+00:00","og_image":[{"width":972,"height":972,"url":"https:\/\/jeaken.com\/wp-content\/uploads\/2023\/03\/Combine3.jpg","type":"image\/jpeg"}],"twitter_card":"summary_large_image","schema":{"@context":"https:\/\/schema.org","@graph":[{"@type":"WebPage","@id":"https:\/\/jeaken.com\/it\/prodotto\/pacchetto-per-la-perdita-di-peso\/","url":"https:\/\/jeaken.com\/it\/prodotto\/pacchetto-per-la-perdita-di-peso\/","name":"Pacchetto perdita di peso - JeaKen","isPartOf":{"@id":"https:\/\/jeaken.com\/it\/#website"},"primaryImageOfPage":{"@id":"https:\/\/jeaken.com\/it\/prodotto\/pacchetto-per-la-perdita-di-peso\/#primaryimage"},"image":{"@id":"https:\/\/jeaken.com\/it\/prodotto\/pacchetto-per-la-perdita-di-peso\/#primaryimage"},"thumbnailUrl":"https:\/\/jeaken.com\/wp-content\/uploads\/2023\/03\/Combine3.jpg","datePublished":"2023-03-19T16:08:57+00:00","dateModified":"2023-04-06T11:31:27+00:00","breadcrumb":{"@id":"https:\/\/jeaken.com\/it\/prodotto\/pacchetto-per-la-perdita-di-peso\/#breadcrumb"},"inLanguage":"it-IT","potentialAction":[{"@type":"ReadAction","target":["https:\/\/jeaken.com\/it\/prodotto\/pacchetto-per-la-perdita-di-peso\/"]}]},{"@type":"ImageObject","inLanguage":"it-IT","@id":"https:\/\/jeaken.com\/it\/prodotto\/pacchetto-per-la-perdita-di-peso\/#primaryimage","url":"https:\/\/jeaken.com\/wp-content\/uploads\/2023\/03\/Combine3.jpg","contentUrl":"https:\/\/jeaken.com\/wp-content\/uploads\/2023\/03\/Combine3.jpg","width":972,"height":972,"caption":"Weight Loss and Gut Health Bundle"},{"@type":"BreadcrumbList","@id":"https:\/\/jeaken.com\/it\/prodotto\/pacchetto-per-la-perdita-di-peso\/#breadcrumb","itemListElement":[{"@type":"ListItem","position":1,"name":"Home","item":"https:\/\/jeaken.com\/it\/"},{"@type":"ListItem","position":2,"name":"Private: Shop","item":"https:\/\/jeaken.com\/shop\/"},{"@type":"ListItem","position":3,"name":"Pacchetto perdita di peso"}]},{"@type":"WebSite","@id":"https:\/\/jeaken.com\/it\/#website","url":"https:\/\/jeaken.com\/it\/","name":"JeaKen","description":"Organic Supplements for Health, Fitness and Nutrition","publisher":{"@id":"https:\/\/jeaken.com\/it\/#organization"},"potentialAction":[{"@type":"SearchAction","target":{"@type":"EntryPoint","urlTemplate":"https:\/\/jeaken.com\/it\/?s={search_term_string}"},"query-input":"required name=search_term_string"}],"inLanguage":"it-IT"},{"@type":"Organization","@id":"https:\/\/jeaken.com\/it\/#organization","name":"JeaKen","url":"https:\/\/jeaken.com\/it\/","logo":{"@type":"ImageObject","inLanguage":"it-IT","@id":"https:\/\/jeaken.com\/it\/#\/schema\/logo\/image\/","url":"https:\/\/jeaken.com\/wp-content\/uploads\/2022\/06\/jeaken-logo-23.png","contentUrl":"https:\/\/jeaken.com\/wp-content\/uploads\/2022\/06\/jeaken-logo-23.png","width":2486,"height":736,"caption":"JeaKen"},"image":{"@id":"https:\/\/jeaken.com\/it\/#\/schema\/logo\/image\/"}}]}},"jetpack_sharing_enabled":true,"_links":{"self":[{"href":"https:\/\/jeaken.com\/it\/wp-json\/wp\/v2\/product\/14508","targetHints":{"allow":["GET"]}}],"collection":[{"href":"https:\/\/jeaken.com\/it\/wp-json\/wp\/v2\/product"}],"about":[{"href":"https:\/\/jeaken.com\/it\/wp-json\/wp\/v2\/types\/product"}],"wp:featuredmedia":[{"embeddable":true,"href":"https:\/\/jeaken.com\/it\/wp-json\/wp\/v2\/media\/16259"}],"wp:attachment":[{"href":"https:\/\/jeaken.com\/it\/wp-json\/wp\/v2\/media?parent=14508"}],"wp:term":[{"taxonomy":"product_cat","embeddable":true,"href":"https:\/\/jeaken.com\/it\/wp-json\/wp\/v2\/product_cat?post=14508"},{"taxonomy":"product_tag","embeddable":true,"href":"https:\/\/jeaken.com\/it\/wp-json\/wp\/v2\/product_tag?post=14508"}],"curies":[{"name":"wp","href":"https:\/\/api.w.org\/{rel}","templated":true}]}}