{"id":14476,"date":"2023-03-19T15:46:15","date_gmt":"2023-03-19T15:46:15","guid":{"rendered":"https:\/?post_type=product&#038;p=14476"},"modified":"2023-04-06T12:30:57","modified_gmt":"2023-04-06T11:30:57","slug":"pacchetto-salute-intestinale-e-perdita-di-peso","status":"publish","type":"product","link":"https:\/\/jeaken.com\/it\/prodotto\/pacchetto-salute-intestinale-e-perdita-di-peso\/","title":{"rendered":"Pacchetto salute dell&#8217;intestino e perdita di peso"},"content":{"rendered":"<h2>Pacchetto salute dell&#8217;intestino e perdita di peso<\/h2>\n<p>Il pacchetto per la salute dell&#8217;intestino e la perdita di peso comprende una selezione accuratamente curata di tre prodotti chiave per sostenere il vostro percorso di benessere. Questo pacchetto comprende capsule di probiotici, una miscela di 6 ceppi di probiotici e prebiotici per una salute digestiva ottimale. Inoltre, le capsule di t\u00e8 verde offrono una fonte naturale di energia e antiossidanti che aiutano a perdere peso. Infine, le capsule di aceto di sidro di mele forniscono un ulteriore supporto digestivo e possono contribuire alla perdita di peso. Questo pacchetto fornisce tutto il necessario per promuovere una salute digestiva ottimale e aiutare a raggiungere gli obiettivi di perdita di peso.<\/p>\n<p>&nbsp;<\/p>\n<h4 class=\"product_title entry-title elementor-heading-title elementor-size-default\"><strong>6 ceppi probiotici con prebiotici &#8211; (90 capsule)<\/strong><\/h4>\n<p>&nbsp;<\/p>\n<p><strong>SOLLIEVO DAL GONFIORE  <\/strong><\/p>\n<p>Le nostre capsule derivano dalla famiglia dei probiotici Lactobacillus, che sono i probiotici pi\u00f9 efficaci nel mantenere un sistema digestivo sano.<span class=\"a-list-item a-size-base\">  I nostri ceppi batterici accuratamente selezionati sono tra i pi\u00f9 noti per contribuire ad alleviare le sensazioni di gonfiore e pienezza.  <\/span><\/p>\n<p><span class=\"a-list-item a-size-base\"><strong>6 CEPPI ATTIVI DA 10 MILIARDI DI UFC PER DOSE<\/strong> <\/span><\/p>\n<p><span class=\"a-list-item a-size-base\">I nostri probiotici complessi offrono i 6 ceppi pi\u00f9 efficaci: lactobacillus acidophillus, lactobacillus rhamnosus, lactobacillus gasseri, bifidobacterium lactis, bifidobacterium bifidus e saccharomyces boullardii.<\/span><\/p>\n<p><strong>SOPRAVVIVE GRAZIE ALL&#8217;ACIDIT\u00c0 DELLO STOMACO <\/strong><\/p>\n<p>Il Saccharomyces boulardii \u00e8 un probiotico <span class=\"a-list-item a-size-base\">ben studiato e<\/span> apprezzato a livello internazionale, che ha dimostrato di sopravvivere all&#8217;acidit\u00e0 dello stomaco per raggiungere l&#8217;intestino vivo.<\/p>\n<p><b>MOLTEPLICI BENEFICI PER LA SALUTE<\/b><\/p>\n<p>La nostra formula innovativa \u00e8 arricchita con inulina, una fibra prebiotica con potenti benefici per la salute, tra cui il miglioramento delle difese immunitarie, il potenziamento del metabolismo e la riduzione del rischio.<span class=\"a-list-item\"><br \/>\n  <span class=\"a-size-base\">egolarit\u00e0, migliore assorbimento dei n<\/span><br \/>\n<\/span><span class=\"a-list-item\"><br \/>\n  <span class=\"a-size-base\">utrienti, perdita di peso, maggiore salute del tratto urinario, miglioramento dei livelli di colesterolo e del metabolismo.<\/span><br \/>\n<\/span><\/p>\n<p><strong>PRODOTTO CON INGREDIENTI NATURALI<\/strong><\/p>\n<p>Le nostre capsule vegane sono al 100% pure e naturali, con ingredienti non OGM.<\/p>\n<p>&nbsp;<\/p>\n<h4 class=\"product_title entry-title elementor-heading-title elementor-size-default\"><strong>Capsule di t\u00e8 verde &#8211; 850 mg di integratori antiossidanti per la perdita di peso (120 compresse)<\/strong><\/h4>\n<p>&nbsp;<\/p>\n<p><strong>OFFRE MOLTEPLICI BENEFICI PER LA SALUTE<\/strong><\/p>\n<p>Il t\u00e8 verde \u00e8 utilizzato nella medicina cinese da circa 4.000 anni. Offre molti potenti benefici per la salute, tra cui la riduzione del rischio di malattie cardiache e di alcuni tipi di cancro, l&#8217;aumento del rapporto tra colesterolo buono (HDL) e colesterolo cattivo (LDL) nel sangue, il potenziamento del sistema immunitario e il supporto antiossidante.<\/p>\n<p><strong>AIUTA A PERDERE PESO<\/strong><\/p>\n<p>Se associato a una dieta sana, il nostro t\u00e8 verde vegetariano funziona come un efficace aiuto per la perdita di peso, aumentando il tasso metabolico e sopprimendo l&#8217;appetito.<\/p>\n<p><strong>POTENTE ANTIOSSIDANTE NATURALE<\/strong><\/p>\n<p>L&#8217;EGCG presente nel t\u00e8 verde \u00e8 responsabile della maggior parte delle sue propriet\u00e0 antiossidanti, che impediscono ai radicali liberi di danneggiare le cellule.<\/p>\n<p><strong>MIGLIORA LA MEMORIA E LA CONCENTRAZIONE<\/strong><\/p>\n<p>Le propriet\u00e0 presenti nell&#8217;estratto di t\u00e8 verde possono contribuire ad aumentare la cognizione e la memoria, aiutandovi a rimanere acuti e concentrati per tutto il giorno.<\/p>\n<p>&nbsp;<\/p>\n<h4 class=\"product_title entry-title elementor-heading-title elementor-size-default\"><strong>Aceto di sidro di mele &#8211; stimolante del metabolismo e disintossicante &#8211; potenziato con seagreens, t\u00e8 verde e cromo (120 capsule)<\/strong><\/h4>\n<p>&nbsp;<\/p>\n<p><strong>MOLTEPLICI BENEFICI PER LA SALUTE  <\/strong><\/p>\n<p>Utilizzato da Ippocrate (il &#8220;padre della medicina moderna&#8221;) oltre 2000 anni fa, si dice che l&#8217;aceto di sidro di mele contribuisca a una serie di incredibili benefici per la salute, tra cui il miglioramento della salute dell&#8217;apparato digerente, l&#8217;aumento dei livelli di energia e il potenziamento del metabolismo. Le nostre capsule di aceto di sidro di mele ad alta concentrazione offrono questi potenti benefici in capsule facili da ingerire.<\/p>\n<p><strong>FAVORISCE UNA SANA PERDITA DI PESO  <\/strong><\/p>\n<p>Diversi studi recenti hanno dimostrato che l&#8217;aceto di sidro di mele pu\u00f2 aiutare a perdere peso se assunto nell&#8217;ambito di una dieta sana. Pu\u00f2 anche favorire la digestione e migliorare la salute generale, aiutando ad assorbire pi\u00f9 sostanze nutritive dagli alimenti.<\/p>\n<p><strong>MISCELA UNICA  <\/strong><\/p>\n<p>Le nostre capsule di aceto di sidro di mele di qualit\u00e0 superiore offrono risultati ottimali grazie alla loro miscela unica di semi di mare, t\u00e8 verde e cromo. La vostra salute \u00e8 la nostra priorit\u00e0. Le nostre capsule sono prodotte nel Regno Unito secondo rigorose linee guida di sicurezza (codice GMP) per garantire potenza, qualit\u00e0 ed efficacia.<\/p>\n<p><strong>ADATTO A VEGANI E VEGETARIANI  <\/strong><\/p>\n<p>Le nostre capsule di aceto di sidro di mele sono realizzate al 100% con ingredienti vegetali di prima qualit\u00e0. Le nostre capsule sono senza glutine, senza lattosio, conformi alle GMP, non OGM e 100% vegane.<\/p>\n","protected":false},"excerpt":{"rendered":"<div class=\"group w-full text-gray-800 dark:text-gray-100 border-b border-black\/10 dark:border-gray-900\/50 bg-gray-50 dark:bg-[#444654]\">\n<div class=\"text-base gap-4 md:gap-6 md:max-w-2xl lg:max-w-2xl xl:max-w-3xl p-4 md:py-6 flex lg:px-0 m-auto\">\n<div class=\"relative flex w-[calc(100%-50px)] flex-col gap-1 md:gap-3 lg:w-[calc(100%-115px)]\">\n<div class=\"flex flex-grow flex-col gap-3\">\n<div class=\"min-h-[20px] flex flex-col items-start gap-4 whitespace-pre-wrap\">\n<div class=\"markdown prose w-full break-words dark:prose-invert dark\">\n<p>Il pacchetto Salute intestinale e perdita di peso combina capsule di probiotici, capsule di t\u00e8 verde e capsule di aceto di sidro di mele per migliorare la digestione, l&#8217;energia e la perdita di peso, promuovendo il benessere generale.<\/p>\n<\/div>\n<\/div>\n<\/div>\n<\/div>\n<\/div>\n<\/div>\n","protected":false},"featured_media":16232,"template":"","meta":{"site-sidebar-layout":"default","site-content-layout":"default","ast-site-content-layout":"default","site-content-style":"default","site-sidebar-style":"default","ast-global-header-display":"","ast-banner-title-visibility":"","ast-main-header-display":"","ast-hfb-above-header-display":"","ast-hfb-below-header-display":"","ast-hfb-mobile-header-display":"","site-post-title":"","ast-breadcrumbs-content":"","ast-featured-img":"","footer-sml-layout":"","theme-transparent-header-meta":"default","adv-header-id-meta":"","stick-header-meta":"default","header-above-stick-meta":"","header-main-stick-meta":"","header-below-stick-meta":"","astra-migrate-meta-layouts":"default","ast-page-background-enabled":"default","ast-page-background-meta":{"desktop":{"background-color":"","background-image":"","background-repeat":"repeat","background-position":"center center","background-size":"auto","background-attachment":"scroll","background-type":"","background-media":"","overlay-type":"","overlay-color":"","overlay-opacity":"","overlay-gradient":""},"tablet":{"background-color":"","background-image":"","background-repeat":"repeat","background-position":"center center","background-size":"auto","background-attachment":"scroll","background-type":"","background-media":"","overlay-type":"","overlay-color":"","overlay-opacity":"","overlay-gradient":""},"mobile":{"background-color":"","background-image":"","background-repeat":"repeat","background-position":"center center","background-size":"auto","background-attachment":"scroll","background-type":"","background-media":"","overlay-type":"","overlay-color":"","overlay-opacity":"","overlay-gradient":""}},"ast-content-background-meta":{"desktop":{"background-color":"var(--ast-global-color-5)","background-image":"","background-repeat":"repeat","background-position":"center center","background-size":"auto","background-attachment":"scroll","background-type":"","background-media":"","overlay-type":"","overlay-color":"","overlay-opacity":"","overlay-gradient":""},"tablet":{"background-color":"var(--ast-global-color-5)","background-image":"","background-repeat":"repeat","background-position":"center center","background-size":"auto","background-attachment":"scroll","background-type":"","background-media":"","overlay-type":"","overlay-color":"","overlay-opacity":"","overlay-gradient":""},"mobile":{"background-color":"var(--ast-global-color-5)","background-image":"","background-repeat":"repeat","background-position":"center center","background-size":"auto","background-attachment":"scroll","background-type":"","background-media":"","overlay-type":"","overlay-color":"","overlay-opacity":"","overlay-gradient":""}}},"product_cat":[1265,597,763,579,536],"product_tag":[],"class_list":{"0":"post-14476","1":"product","2":"type-product","3":"status-publish","4":"has-post-thumbnail","6":"product_cat-alimentazione","7":"product_cat-integratori-alimentari","8":"product_cat-perdita-di-peso","9":"product_cat-sollievo-dal-gonfiore","10":"product_cat-vitamine-e-minerali","11":"has-subscription-plans","12":"desktop-align-left","13":"tablet-align-left","14":"mobile-align-left","16":"first","17":"instock","18":"taxable","19":"shipping-taxable","20":"purchasable","21":"product-type-simple"},"yoast_head":"<!-- This site is optimized with the Yoast SEO plugin v22.7 - https:\/\/yoast.com\/wordpress\/plugins\/seo\/ -->\n<title>Pacchetto salute dell&#039;intestino e perdita di peso - JeaKen<\/title>\n<meta name=\"robots\" content=\"index, follow, max-snippet:-1, max-image-preview:large, max-video-preview:-1\" \/>\n<link rel=\"canonical\" href=\"https:\/\/jeaken.com\/it\/prodotto\/pacchetto-salute-intestinale-e-perdita-di-peso\/\" \/>\n<meta property=\"og:locale\" content=\"it_IT\" \/>\n<meta property=\"og:type\" content=\"article\" \/>\n<meta property=\"og:title\" content=\"Pacchetto salute dell&#039;intestino e perdita di peso - JeaKen\" \/>\n<meta property=\"og:description\" content=\"Il pacchetto Salute intestinale e perdita di peso combina capsule di probiotici, capsule di t\u00e8 verde e capsule di aceto di sidro di mele per migliorare la digestione, l&#039;energia e la perdita di peso, promuovendo il benessere generale.\" \/>\n<meta property=\"og:url\" content=\"https:\/\/jeaken.com\/it\/prodotto\/pacchetto-salute-intestinale-e-perdita-di-peso\/\" \/>\n<meta property=\"og:site_name\" content=\"JeaKen\" \/>\n<meta property=\"article:modified_time\" content=\"2023-04-06T11:30:57+00:00\" \/>\n<meta property=\"og:image\" content=\"https:\/\/jeaken.com\/wp-content\/uploads\/2023\/03\/Sans-titre-1.jpg\" \/>\n\t<meta property=\"og:image:width\" content=\"972\" \/>\n\t<meta property=\"og:image:height\" content=\"972\" \/>\n\t<meta property=\"og:image:type\" content=\"image\/jpeg\" \/>\n<meta name=\"twitter:card\" content=\"summary_large_image\" \/>\n<meta name=\"twitter:label1\" content=\"Est. reading time\" \/>\n\t<meta name=\"twitter:data1\" content=\"4 minutes\" \/>\n<script type=\"application\/ld+json\" class=\"yoast-schema-graph\">{\"@context\":\"https:\/\/schema.org\",\"@graph\":[{\"@type\":\"WebPage\",\"@id\":\"https:\/\/jeaken.com\/it\/prodotto\/pacchetto-salute-intestinale-e-perdita-di-peso\/\",\"url\":\"https:\/\/jeaken.com\/it\/prodotto\/pacchetto-salute-intestinale-e-perdita-di-peso\/\",\"name\":\"Pacchetto salute dell'intestino e perdita di peso - JeaKen\",\"isPartOf\":{\"@id\":\"https:\/\/jeaken.com\/it\/#website\"},\"primaryImageOfPage\":{\"@id\":\"https:\/\/jeaken.com\/it\/prodotto\/pacchetto-salute-intestinale-e-perdita-di-peso\/#primaryimage\"},\"image\":{\"@id\":\"https:\/\/jeaken.com\/it\/prodotto\/pacchetto-salute-intestinale-e-perdita-di-peso\/#primaryimage\"},\"thumbnailUrl\":\"https:\/\/jeaken.com\/wp-content\/uploads\/2023\/03\/Sans-titre-1.jpg\",\"datePublished\":\"2023-03-19T15:46:15+00:00\",\"dateModified\":\"2023-04-06T11:30:57+00:00\",\"breadcrumb\":{\"@id\":\"https:\/\/jeaken.com\/it\/prodotto\/pacchetto-salute-intestinale-e-perdita-di-peso\/#breadcrumb\"},\"inLanguage\":\"it-IT\",\"potentialAction\":[{\"@type\":\"ReadAction\",\"target\":[\"https:\/\/jeaken.com\/it\/prodotto\/pacchetto-salute-intestinale-e-perdita-di-peso\/\"]}]},{\"@type\":\"ImageObject\",\"inLanguage\":\"it-IT\",\"@id\":\"https:\/\/jeaken.com\/it\/prodotto\/pacchetto-salute-intestinale-e-perdita-di-peso\/#primaryimage\",\"url\":\"https:\/\/jeaken.com\/wp-content\/uploads\/2023\/03\/Sans-titre-1.jpg\",\"contentUrl\":\"https:\/\/jeaken.com\/wp-content\/uploads\/2023\/03\/Sans-titre-1.jpg\",\"width\":972,\"height\":972,\"caption\":\"Gut Health and Weight Loss Bundle\"},{\"@type\":\"BreadcrumbList\",\"@id\":\"https:\/\/jeaken.com\/it\/prodotto\/pacchetto-salute-intestinale-e-perdita-di-peso\/#breadcrumb\",\"itemListElement\":[{\"@type\":\"ListItem\",\"position\":1,\"name\":\"Home\",\"item\":\"https:\/\/jeaken.com\/it\/\"},{\"@type\":\"ListItem\",\"position\":2,\"name\":\"Private: Shop\",\"item\":\"https:\/\/jeaken.com\/shop\/\"},{\"@type\":\"ListItem\",\"position\":3,\"name\":\"Pacchetto salute dell&#8217;intestino e perdita di peso\"}]},{\"@type\":\"WebSite\",\"@id\":\"https:\/\/jeaken.com\/it\/#website\",\"url\":\"https:\/\/jeaken.com\/it\/\",\"name\":\"JeaKen\",\"description\":\"Organic Supplements for Health, Fitness and Nutrition\",\"publisher\":{\"@id\":\"https:\/\/jeaken.com\/it\/#organization\"},\"potentialAction\":[{\"@type\":\"SearchAction\",\"target\":{\"@type\":\"EntryPoint\",\"urlTemplate\":\"https:\/\/jeaken.com\/it\/?s={search_term_string}\"},\"query-input\":\"required name=search_term_string\"}],\"inLanguage\":\"it-IT\"},{\"@type\":\"Organization\",\"@id\":\"https:\/\/jeaken.com\/it\/#organization\",\"name\":\"JeaKen\",\"url\":\"https:\/\/jeaken.com\/it\/\",\"logo\":{\"@type\":\"ImageObject\",\"inLanguage\":\"it-IT\",\"@id\":\"https:\/\/jeaken.com\/it\/#\/schema\/logo\/image\/\",\"url\":\"https:\/\/jeaken.com\/wp-content\/uploads\/2022\/06\/jeaken-logo-23.png\",\"contentUrl\":\"https:\/\/jeaken.com\/wp-content\/uploads\/2022\/06\/jeaken-logo-23.png\",\"width\":2486,\"height\":736,\"caption\":\"JeaKen\"},\"image\":{\"@id\":\"https:\/\/jeaken.com\/it\/#\/schema\/logo\/image\/\"}}]}<\/script>\n<!-- \/ Yoast SEO plugin. -->","yoast_head_json":{"title":"Pacchetto salute dell'intestino e perdita di peso - JeaKen","robots":{"index":"index","follow":"follow","max-snippet":"max-snippet:-1","max-image-preview":"max-image-preview:large","max-video-preview":"max-video-preview:-1"},"canonical":"https:\/\/jeaken.com\/it\/prodotto\/pacchetto-salute-intestinale-e-perdita-di-peso\/","og_locale":"it_IT","og_type":"article","og_title":"Pacchetto salute dell'intestino e perdita di peso - JeaKen","og_description":"Il pacchetto Salute intestinale e perdita di peso combina capsule di probiotici, capsule di t\u00e8 verde e capsule di aceto di sidro di mele per migliorare la digestione, l'energia e la perdita di peso, promuovendo il benessere generale.","og_url":"https:\/\/jeaken.com\/it\/prodotto\/pacchetto-salute-intestinale-e-perdita-di-peso\/","og_site_name":"JeaKen","article_modified_time":"2023-04-06T11:30:57+00:00","og_image":[{"width":972,"height":972,"url":"https:\/\/jeaken.com\/wp-content\/uploads\/2023\/03\/Sans-titre-1.jpg","type":"image\/jpeg"}],"twitter_card":"summary_large_image","twitter_misc":{"Est. reading time":"4 minutes"},"schema":{"@context":"https:\/\/schema.org","@graph":[{"@type":"WebPage","@id":"https:\/\/jeaken.com\/it\/prodotto\/pacchetto-salute-intestinale-e-perdita-di-peso\/","url":"https:\/\/jeaken.com\/it\/prodotto\/pacchetto-salute-intestinale-e-perdita-di-peso\/","name":"Pacchetto salute dell'intestino e perdita di peso - JeaKen","isPartOf":{"@id":"https:\/\/jeaken.com\/it\/#website"},"primaryImageOfPage":{"@id":"https:\/\/jeaken.com\/it\/prodotto\/pacchetto-salute-intestinale-e-perdita-di-peso\/#primaryimage"},"image":{"@id":"https:\/\/jeaken.com\/it\/prodotto\/pacchetto-salute-intestinale-e-perdita-di-peso\/#primaryimage"},"thumbnailUrl":"https:\/\/jeaken.com\/wp-content\/uploads\/2023\/03\/Sans-titre-1.jpg","datePublished":"2023-03-19T15:46:15+00:00","dateModified":"2023-04-06T11:30:57+00:00","breadcrumb":{"@id":"https:\/\/jeaken.com\/it\/prodotto\/pacchetto-salute-intestinale-e-perdita-di-peso\/#breadcrumb"},"inLanguage":"it-IT","potentialAction":[{"@type":"ReadAction","target":["https:\/\/jeaken.com\/it\/prodotto\/pacchetto-salute-intestinale-e-perdita-di-peso\/"]}]},{"@type":"ImageObject","inLanguage":"it-IT","@id":"https:\/\/jeaken.com\/it\/prodotto\/pacchetto-salute-intestinale-e-perdita-di-peso\/#primaryimage","url":"https:\/\/jeaken.com\/wp-content\/uploads\/2023\/03\/Sans-titre-1.jpg","contentUrl":"https:\/\/jeaken.com\/wp-content\/uploads\/2023\/03\/Sans-titre-1.jpg","width":972,"height":972,"caption":"Gut Health and Weight Loss Bundle"},{"@type":"BreadcrumbList","@id":"https:\/\/jeaken.com\/it\/prodotto\/pacchetto-salute-intestinale-e-perdita-di-peso\/#breadcrumb","itemListElement":[{"@type":"ListItem","position":1,"name":"Home","item":"https:\/\/jeaken.com\/it\/"},{"@type":"ListItem","position":2,"name":"Private: Shop","item":"https:\/\/jeaken.com\/shop\/"},{"@type":"ListItem","position":3,"name":"Pacchetto salute dell&#8217;intestino e perdita di peso"}]},{"@type":"WebSite","@id":"https:\/\/jeaken.com\/it\/#website","url":"https:\/\/jeaken.com\/it\/","name":"JeaKen","description":"Organic Supplements for Health, Fitness and Nutrition","publisher":{"@id":"https:\/\/jeaken.com\/it\/#organization"},"potentialAction":[{"@type":"SearchAction","target":{"@type":"EntryPoint","urlTemplate":"https:\/\/jeaken.com\/it\/?s={search_term_string}"},"query-input":"required name=search_term_string"}],"inLanguage":"it-IT"},{"@type":"Organization","@id":"https:\/\/jeaken.com\/it\/#organization","name":"JeaKen","url":"https:\/\/jeaken.com\/it\/","logo":{"@type":"ImageObject","inLanguage":"it-IT","@id":"https:\/\/jeaken.com\/it\/#\/schema\/logo\/image\/","url":"https:\/\/jeaken.com\/wp-content\/uploads\/2022\/06\/jeaken-logo-23.png","contentUrl":"https:\/\/jeaken.com\/wp-content\/uploads\/2022\/06\/jeaken-logo-23.png","width":2486,"height":736,"caption":"JeaKen"},"image":{"@id":"https:\/\/jeaken.com\/it\/#\/schema\/logo\/image\/"}}]}},"jetpack_sharing_enabled":true,"_links":{"self":[{"href":"https:\/\/jeaken.com\/it\/wp-json\/wp\/v2\/product\/14476","targetHints":{"allow":["GET"]}}],"collection":[{"href":"https:\/\/jeaken.com\/it\/wp-json\/wp\/v2\/product"}],"about":[{"href":"https:\/\/jeaken.com\/it\/wp-json\/wp\/v2\/types\/product"}],"wp:featuredmedia":[{"embeddable":true,"href":"https:\/\/jeaken.com\/it\/wp-json\/wp\/v2\/media\/16232"}],"wp:attachment":[{"href":"https:\/\/jeaken.com\/it\/wp-json\/wp\/v2\/media?parent=14476"}],"wp:term":[{"taxonomy":"product_cat","embeddable":true,"href":"https:\/\/jeaken.com\/it\/wp-json\/wp\/v2\/product_cat?post=14476"},{"taxonomy":"product_tag","embeddable":true,"href":"https:\/\/jeaken.com\/it\/wp-json\/wp\/v2\/product_tag?post=14476"}],"curies":[{"name":"wp","href":"https:\/\/api.w.org\/{rel}","templated":true}]}}