{"id":14426,"date":"2023-03-16T15:37:26","date_gmt":"2023-03-16T15:37:26","guid":{"rendered":"https:\/?post_type=product&#038;p=14426"},"modified":"2023-04-06T12:31:27","modified_gmt":"2023-04-06T11:31:27","slug":"pacchetto-salute-intestinale-e-chiarezza-mentale","status":"publish","type":"product","link":"https:\/\/jeaken.com\/it\/prodotto\/pacchetto-salute-intestinale-e-chiarezza-mentale\/","title":{"rendered":"Pacchetto Salute dell&#8217;intestino e chiarezza mentale"},"content":{"rendered":"<h2>Pacchetto Salute dell&#8217;intestino e chiarezza mentale<\/h2>\n<p><span data-sheets-value=\"{\"1\":2,\"2\":\"The Digestive Health and Mental Clarity &amp; Focus Bundle is a potent combination of three key products designed to support your overall wellness. This bundle includes 6 Strains Probiotics with Prebiotics, a high-quality probiotic supplement that promotes healthy digestion and supports immune function. Green Tea Capsules are also included, providing a natural source of antioxidants to promote overall health and well-being. Additionally, Super Mind Nootropics, a vegan-friendly nootropic supplement, helps to support mental clarity and focus, promoting overall cognitive function. With this bundle, you'll have everything you need to support your digestive health and enhance your mental clarity and focus.\"}\" data-sheets-userformat=\"{\"2\":897,\"3\":{\"1\":0},\"10\":0,\"11\":4,\"12\":0}\">Il pacchetto Salute dell&#8217;intestino e chiarezza mentale \u00e8 una potente combinazione di tre prodotti chiave studiati per favorire il vostro benessere generale. Questo pacchetto comprende 6 ceppi probiotici con prebiotici, un integratore probiotico di alta qualit\u00e0 che favorisce una sana digestione e supporta la funzione immunitaria. Sono incluse anche capsule di t\u00e8 verde, che forniscono una fonte naturale di antiossidanti per promuovere la salute e il benessere generale. Inoltre, Super Mind Nootropics, un integratore nootropico vegano, aiuta a sostenere la chiarezza mentale e la concentrazione, promuovendo la funzione cognitiva complessiva. Con questo pacchetto avrete tutto ci\u00f2 che vi serve per sostenere la salute dell&#8217;apparato digerente e migliorare la vostra lucidit\u00e0 mentale e la concentrazione.<\/span><\/p>\n<p>&nbsp;<\/p>\n<h4 class=\"product_title entry-title elementor-heading-title elementor-size-default\"><strong>6 ceppi probiotici con prebiotici &#8211; (90 capsule)<\/strong><\/h4>\n<p>&nbsp;<\/p>\n<p><strong>SOLLIEVO DAL GONFIORE  <\/strong><\/p>\n<p>Le nostre capsule derivano dalla famiglia dei probiotici Lactobacillus, che sono i probiotici pi\u00f9 efficaci nel mantenere un sistema digestivo sano.<span class=\"a-list-item a-size-base\">  I nostri ceppi batterici accuratamente selezionati sono tra i pi\u00f9 noti per contribuire ad alleviare le sensazioni di gonfiore e pienezza.  <\/span><\/p>\n<p><span class=\"a-list-item a-size-base\"><strong>6 CEPPI ATTIVI DA 10 MILIARDI DI UFC PER DOSE<\/strong> <\/span><\/p>\n<p><span class=\"a-list-item a-size-base\">I nostri probiotici complessi offrono i 6 ceppi pi\u00f9 efficaci: lactobacillus acidophillus, lactobacillus rhamnosus, lactobacillus gasseri, bifidobacterium lactis, bifidobacterium bifidus e saccharomyces boullardii.<\/span><\/p>\n<p><strong>SOPRAVVIVE GRAZIE ALL&#8217;ACIDIT\u00c0 DELLO STOMACO <\/strong><\/p>\n<p>Il Saccharomyces boulardii \u00e8 un probiotico <span class=\"a-list-item a-size-base\">ben studiato e<\/span> apprezzato a livello internazionale, che ha dimostrato di sopravvivere all&#8217;acidit\u00e0 dello stomaco per raggiungere l&#8217;intestino vivo.<\/p>\n<p><b>MOLTEPLICI BENEFICI PER LA SALUTE<\/b><\/p>\n<p>La nostra formula innovativa \u00e8 arricchita con inulina, una fibra prebiotica con potenti benefici per la salute, tra cui il miglioramento delle difese immunitarie, il potenziamento del metabolismo e la riduzione del rischio.<span class=\"a-list-item\"><br \/>\n  <span class=\"a-size-base\">egolarit\u00e0, migliore assorbimento dei n<\/span><br \/>\n<\/span><span class=\"a-list-item\"><br \/>\n  <span class=\"a-size-base\">utrienti, perdita di peso, maggiore salute del tratto urinario, miglioramento dei livelli di colesterolo e del metabolismo.<\/span><br \/>\n<\/span><\/p>\n<p><strong>PRODOTTO CON INGREDIENTI NATURALI<\/strong><\/p>\n<p>Le nostre capsule vegane sono al 100% pure e naturali, con ingredienti non OGM.<\/p>\n<p>&nbsp;<\/p>\n<h4 class=\"product_title entry-title elementor-heading-title elementor-size-default\"><strong>Capsule di t\u00e8 verde &#8211; 850 mg di integratori antiossidanti per la perdita di peso (120 compresse)<\/strong><\/h4>\n<p>&nbsp;<\/p>\n<p><strong>OFFRE MOLTEPLICI BENEFICI PER LA SALUTE<\/strong><\/p>\n<p>Il t\u00e8 verde \u00e8 utilizzato nella medicina cinese da circa 4.000 anni. Offre molti potenti benefici per la salute, tra cui la riduzione del rischio di malattie cardiache e di alcuni tipi di cancro, l&#8217;aumento del rapporto tra colesterolo buono (HDL) e colesterolo cattivo (LDL) nel sangue, il potenziamento del sistema immunitario e il supporto antiossidante.<\/p>\n<p><strong>AIUTA A PERDERE PESO<\/strong><\/p>\n<p>Se associato a una dieta sana, il nostro t\u00e8 verde vegetariano funziona come un efficace aiuto per la perdita di peso, aumentando il tasso metabolico e sopprimendo l&#8217;appetito.<\/p>\n<p><strong>POTENTE ANTIOSSIDANTE NATURALE<\/strong><\/p>\n<p>L&#8217;EGCG presente nel t\u00e8 verde \u00e8 responsabile della maggior parte delle sue propriet\u00e0 antiossidanti, che impediscono ai radicali liberi di danneggiare le cellule.<\/p>\n<p><strong>MIGLIORA LA MEMORIA E LA CONCENTRAZIONE<\/strong><\/p>\n<p>Le propriet\u00e0 presenti nell&#8217;estratto di t\u00e8 verde possono contribuire ad aumentare la cognizione e la memoria, aiutandovi a rimanere acuti e concentrati per tutto il giorno.<\/p>\n<h4 class=\"product_title entry-title elementor-heading-title elementor-size-default\"><strong>Super Mind Nootropics &#8211; 60 capsule vegane<\/strong><\/h4>\n<p>&nbsp;<\/p>\n<ul class=\"a-unordered-list a-vertical a-spacing-none\">\n<li class=\"a-spacing-small\"><span class=\"a-list-item a-size-base\">A differenza di molti altri integratori cerebrali, le capsule di JeaKen nootropics brain boost sono composte da ingredienti naturali come la Rhodiola Rosea, che contribuiscono ad aumentare la concentrazione e la vigilanza, a potenziare l&#8217;energia mentale e a migliorare la memoria.  <\/span><\/li>\n<li class=\"a-spacing-small\"><span class=\"a-list-item a-size-base\">RIDUCE LA FATICA, MIGLIORA LA FOCALIZZAZIONE &#8211; Il guaran\u00e0, una pianta originaria dell&#8217;Amazzonia, contiene naturalmente caffeina, che si \u00e8 dimostrata molto efficace nel ridurre la fatica e nel migliorare la concentrazione mentale. La combinazione di caffeina e teanina si \u00e8 dimostrata molto efficace per migliorare le prestazioni cognitive.  <\/span><\/li>\n<li class=\"a-spacing-small\"><span class=\"a-list-item a-size-base\">SOLO I MIGLIORI INGREDIENTI &#8211; Il nostro integratore per la memoria \u00e8 composto da vitamine, minerali ed estratti di erbe completamente naturali, senza l&#8217;uso di additivi dannosi; non OGM e privo di ormoni e glutine.  <\/span><\/li>\n<li class=\"a-spacing-small\"><span class=\"a-list-item a-size-base\">SOSTENUTO DALLA SCIENZA &#8211; \u00c8 stata posta grande attenzione nel combinare la giusta quantit\u00e0 di ogni ingrediente in una formula avanzata realizzata per favorire l&#8217;ossigeno e la circolazione nelle cellule cerebrali e nei neuroni, progettata per favorire la memoria, la concentrazione e la chiarezza.<\/span><\/li>\n<\/ul>\n","protected":false},"excerpt":{"rendered":"<p>Potenziate la digestione e le funzioni cognitive con il pacchetto Gut Health and Mental Clarity, che comprende probiotici, t\u00e8 verde e nootropi per il benessere generale.<\/p>\n","protected":false},"featured_media":16285,"template":"","meta":{"site-sidebar-layout":"default","site-content-layout":"default","ast-site-content-layout":"default","site-content-style":"default","site-sidebar-style":"default","ast-global-header-display":"","ast-banner-title-visibility":"","ast-main-header-display":"","ast-hfb-above-header-display":"","ast-hfb-below-header-display":"","ast-hfb-mobile-header-display":"","site-post-title":"","ast-breadcrumbs-content":"","ast-featured-img":"","footer-sml-layout":"","theme-transparent-header-meta":"default","adv-header-id-meta":"","stick-header-meta":"default","header-above-stick-meta":"","header-main-stick-meta":"","header-below-stick-meta":"","astra-migrate-meta-layouts":"default","ast-page-background-enabled":"default","ast-page-background-meta":{"desktop":{"background-color":"","background-image":"","background-repeat":"repeat","background-position":"center center","background-size":"auto","background-attachment":"scroll","background-type":"","background-media":"","overlay-type":"","overlay-color":"","overlay-opacity":"","overlay-gradient":""},"tablet":{"background-color":"","background-image":"","background-repeat":"repeat","background-position":"center center","background-size":"auto","background-attachment":"scroll","background-type":"","background-media":"","overlay-type":"","overlay-color":"","overlay-opacity":"","overlay-gradient":""},"mobile":{"background-color":"","background-image":"","background-repeat":"repeat","background-position":"center center","background-size":"auto","background-attachment":"scroll","background-type":"","background-media":"","overlay-type":"","overlay-color":"","overlay-opacity":"","overlay-gradient":""}},"ast-content-background-meta":{"desktop":{"background-color":"var(--ast-global-color-5)","background-image":"","background-repeat":"repeat","background-position":"center center","background-size":"auto","background-attachment":"scroll","background-type":"","background-media":"","overlay-type":"","overlay-color":"","overlay-opacity":"","overlay-gradient":""},"tablet":{"background-color":"var(--ast-global-color-5)","background-image":"","background-repeat":"repeat","background-position":"center center","background-size":"auto","background-attachment":"scroll","background-type":"","background-media":"","overlay-type":"","overlay-color":"","overlay-opacity":"","overlay-gradient":""},"mobile":{"background-color":"var(--ast-global-color-5)","background-image":"","background-repeat":"repeat","background-position":"center center","background-size":"auto","background-attachment":"scroll","background-type":"","background-media":"","overlay-type":"","overlay-color":"","overlay-opacity":"","overlay-gradient":""}}},"product_cat":[1265,597,596,576,595,546],"product_tag":[],"class_list":{"0":"post-14426","1":"product","2":"type-product","3":"status-publish","4":"has-post-thumbnail","6":"product_cat-alimentazione","7":"product_cat-integratori-alimentari","8":"product_cat-potenziatori-del-cervello","9":"product_cat-salute-dellapparato-digerente","10":"product_cat-salute-immunitaria","11":"product_cat-umore-e-benessere","12":"has-subscription-plans","13":"desktop-align-left","14":"tablet-align-left","15":"mobile-align-left","17":"first","18":"instock","19":"taxable","20":"shipping-taxable","21":"purchasable","22":"product-type-simple"},"yoast_head":"<!-- This site is optimized with the Yoast SEO plugin v22.7 - https:\/\/yoast.com\/wordpress\/plugins\/seo\/ -->\n<title>Pacchetto Salute dell&#039;intestino e chiarezza mentale - JeaKen<\/title>\n<meta name=\"robots\" content=\"index, follow, max-snippet:-1, max-image-preview:large, max-video-preview:-1\" \/>\n<link rel=\"canonical\" href=\"https:\/\/jeaken.com\/it\/prodotto\/pacchetto-salute-intestinale-e-chiarezza-mentale\/\" \/>\n<meta property=\"og:locale\" content=\"it_IT\" \/>\n<meta property=\"og:type\" content=\"article\" \/>\n<meta property=\"og:title\" content=\"Pacchetto Salute dell&#039;intestino e chiarezza mentale - JeaKen\" \/>\n<meta property=\"og:description\" content=\"Potenziate la digestione e le funzioni cognitive con il pacchetto Gut Health and Mental Clarity, che comprende probiotici, t\u00e8 verde e nootropi per il benessere generale.\" \/>\n<meta property=\"og:url\" content=\"https:\/\/jeaken.com\/it\/prodotto\/pacchetto-salute-intestinale-e-chiarezza-mentale\/\" \/>\n<meta property=\"og:site_name\" content=\"JeaKen\" \/>\n<meta property=\"article:modified_time\" content=\"2023-04-06T11:31:27+00:00\" \/>\n<meta property=\"og:image\" content=\"https:\/\/jeaken.com\/wp-content\/uploads\/2023\/03\/Combine5.jpg\" \/>\n\t<meta property=\"og:image:width\" content=\"972\" \/>\n\t<meta property=\"og:image:height\" content=\"972\" \/>\n\t<meta property=\"og:image:type\" content=\"image\/jpeg\" \/>\n<meta name=\"twitter:card\" content=\"summary_large_image\" \/>\n<script type=\"application\/ld+json\" class=\"yoast-schema-graph\">{\"@context\":\"https:\/\/schema.org\",\"@graph\":[{\"@type\":\"WebPage\",\"@id\":\"https:\/\/jeaken.com\/it\/prodotto\/pacchetto-salute-intestinale-e-chiarezza-mentale\/\",\"url\":\"https:\/\/jeaken.com\/it\/prodotto\/pacchetto-salute-intestinale-e-chiarezza-mentale\/\",\"name\":\"Pacchetto Salute dell'intestino e chiarezza mentale - JeaKen\",\"isPartOf\":{\"@id\":\"https:\/\/jeaken.com\/it\/#website\"},\"primaryImageOfPage\":{\"@id\":\"https:\/\/jeaken.com\/it\/prodotto\/pacchetto-salute-intestinale-e-chiarezza-mentale\/#primaryimage\"},\"image\":{\"@id\":\"https:\/\/jeaken.com\/it\/prodotto\/pacchetto-salute-intestinale-e-chiarezza-mentale\/#primaryimage\"},\"thumbnailUrl\":\"https:\/\/jeaken.com\/wp-content\/uploads\/2023\/03\/Combine5.jpg\",\"datePublished\":\"2023-03-16T15:37:26+00:00\",\"dateModified\":\"2023-04-06T11:31:27+00:00\",\"breadcrumb\":{\"@id\":\"https:\/\/jeaken.com\/it\/prodotto\/pacchetto-salute-intestinale-e-chiarezza-mentale\/#breadcrumb\"},\"inLanguage\":\"it-IT\",\"potentialAction\":[{\"@type\":\"ReadAction\",\"target\":[\"https:\/\/jeaken.com\/it\/prodotto\/pacchetto-salute-intestinale-e-chiarezza-mentale\/\"]}]},{\"@type\":\"ImageObject\",\"inLanguage\":\"it-IT\",\"@id\":\"https:\/\/jeaken.com\/it\/prodotto\/pacchetto-salute-intestinale-e-chiarezza-mentale\/#primaryimage\",\"url\":\"https:\/\/jeaken.com\/wp-content\/uploads\/2023\/03\/Combine5.jpg\",\"contentUrl\":\"https:\/\/jeaken.com\/wp-content\/uploads\/2023\/03\/Combine5.jpg\",\"width\":972,\"height\":972,\"caption\":\"\u00a0Gut Health and Mental Clarity Bundle\"},{\"@type\":\"BreadcrumbList\",\"@id\":\"https:\/\/jeaken.com\/it\/prodotto\/pacchetto-salute-intestinale-e-chiarezza-mentale\/#breadcrumb\",\"itemListElement\":[{\"@type\":\"ListItem\",\"position\":1,\"name\":\"Home\",\"item\":\"https:\/\/jeaken.com\/it\/\"},{\"@type\":\"ListItem\",\"position\":2,\"name\":\"Private: Shop\",\"item\":\"https:\/\/jeaken.com\/shop\/\"},{\"@type\":\"ListItem\",\"position\":3,\"name\":\"Pacchetto Salute dell&#8217;intestino e chiarezza mentale\"}]},{\"@type\":\"WebSite\",\"@id\":\"https:\/\/jeaken.com\/it\/#website\",\"url\":\"https:\/\/jeaken.com\/it\/\",\"name\":\"JeaKen\",\"description\":\"Organic Supplements for Health, Fitness and Nutrition\",\"publisher\":{\"@id\":\"https:\/\/jeaken.com\/it\/#organization\"},\"potentialAction\":[{\"@type\":\"SearchAction\",\"target\":{\"@type\":\"EntryPoint\",\"urlTemplate\":\"https:\/\/jeaken.com\/it\/?s={search_term_string}\"},\"query-input\":\"required name=search_term_string\"}],\"inLanguage\":\"it-IT\"},{\"@type\":\"Organization\",\"@id\":\"https:\/\/jeaken.com\/it\/#organization\",\"name\":\"JeaKen\",\"url\":\"https:\/\/jeaken.com\/it\/\",\"logo\":{\"@type\":\"ImageObject\",\"inLanguage\":\"it-IT\",\"@id\":\"https:\/\/jeaken.com\/it\/#\/schema\/logo\/image\/\",\"url\":\"https:\/\/jeaken.com\/wp-content\/uploads\/2022\/06\/jeaken-logo-23.png\",\"contentUrl\":\"https:\/\/jeaken.com\/wp-content\/uploads\/2022\/06\/jeaken-logo-23.png\",\"width\":2486,\"height\":736,\"caption\":\"JeaKen\"},\"image\":{\"@id\":\"https:\/\/jeaken.com\/it\/#\/schema\/logo\/image\/\"}}]}<\/script>\n<!-- \/ Yoast SEO plugin. -->","yoast_head_json":{"title":"Pacchetto Salute dell'intestino e chiarezza mentale - JeaKen","robots":{"index":"index","follow":"follow","max-snippet":"max-snippet:-1","max-image-preview":"max-image-preview:large","max-video-preview":"max-video-preview:-1"},"canonical":"https:\/\/jeaken.com\/it\/prodotto\/pacchetto-salute-intestinale-e-chiarezza-mentale\/","og_locale":"it_IT","og_type":"article","og_title":"Pacchetto Salute dell'intestino e chiarezza mentale - JeaKen","og_description":"Potenziate la digestione e le funzioni cognitive con il pacchetto Gut Health and Mental Clarity, che comprende probiotici, t\u00e8 verde e nootropi per il benessere generale.","og_url":"https:\/\/jeaken.com\/it\/prodotto\/pacchetto-salute-intestinale-e-chiarezza-mentale\/","og_site_name":"JeaKen","article_modified_time":"2023-04-06T11:31:27+00:00","og_image":[{"width":972,"height":972,"url":"https:\/\/jeaken.com\/wp-content\/uploads\/2023\/03\/Combine5.jpg","type":"image\/jpeg"}],"twitter_card":"summary_large_image","schema":{"@context":"https:\/\/schema.org","@graph":[{"@type":"WebPage","@id":"https:\/\/jeaken.com\/it\/prodotto\/pacchetto-salute-intestinale-e-chiarezza-mentale\/","url":"https:\/\/jeaken.com\/it\/prodotto\/pacchetto-salute-intestinale-e-chiarezza-mentale\/","name":"Pacchetto Salute dell'intestino e chiarezza mentale - JeaKen","isPartOf":{"@id":"https:\/\/jeaken.com\/it\/#website"},"primaryImageOfPage":{"@id":"https:\/\/jeaken.com\/it\/prodotto\/pacchetto-salute-intestinale-e-chiarezza-mentale\/#primaryimage"},"image":{"@id":"https:\/\/jeaken.com\/it\/prodotto\/pacchetto-salute-intestinale-e-chiarezza-mentale\/#primaryimage"},"thumbnailUrl":"https:\/\/jeaken.com\/wp-content\/uploads\/2023\/03\/Combine5.jpg","datePublished":"2023-03-16T15:37:26+00:00","dateModified":"2023-04-06T11:31:27+00:00","breadcrumb":{"@id":"https:\/\/jeaken.com\/it\/prodotto\/pacchetto-salute-intestinale-e-chiarezza-mentale\/#breadcrumb"},"inLanguage":"it-IT","potentialAction":[{"@type":"ReadAction","target":["https:\/\/jeaken.com\/it\/prodotto\/pacchetto-salute-intestinale-e-chiarezza-mentale\/"]}]},{"@type":"ImageObject","inLanguage":"it-IT","@id":"https:\/\/jeaken.com\/it\/prodotto\/pacchetto-salute-intestinale-e-chiarezza-mentale\/#primaryimage","url":"https:\/\/jeaken.com\/wp-content\/uploads\/2023\/03\/Combine5.jpg","contentUrl":"https:\/\/jeaken.com\/wp-content\/uploads\/2023\/03\/Combine5.jpg","width":972,"height":972,"caption":"\u00a0Gut Health and Mental Clarity Bundle"},{"@type":"BreadcrumbList","@id":"https:\/\/jeaken.com\/it\/prodotto\/pacchetto-salute-intestinale-e-chiarezza-mentale\/#breadcrumb","itemListElement":[{"@type":"ListItem","position":1,"name":"Home","item":"https:\/\/jeaken.com\/it\/"},{"@type":"ListItem","position":2,"name":"Private: Shop","item":"https:\/\/jeaken.com\/shop\/"},{"@type":"ListItem","position":3,"name":"Pacchetto Salute dell&#8217;intestino e chiarezza mentale"}]},{"@type":"WebSite","@id":"https:\/\/jeaken.com\/it\/#website","url":"https:\/\/jeaken.com\/it\/","name":"JeaKen","description":"Organic Supplements for Health, Fitness and Nutrition","publisher":{"@id":"https:\/\/jeaken.com\/it\/#organization"},"potentialAction":[{"@type":"SearchAction","target":{"@type":"EntryPoint","urlTemplate":"https:\/\/jeaken.com\/it\/?s={search_term_string}"},"query-input":"required name=search_term_string"}],"inLanguage":"it-IT"},{"@type":"Organization","@id":"https:\/\/jeaken.com\/it\/#organization","name":"JeaKen","url":"https:\/\/jeaken.com\/it\/","logo":{"@type":"ImageObject","inLanguage":"it-IT","@id":"https:\/\/jeaken.com\/it\/#\/schema\/logo\/image\/","url":"https:\/\/jeaken.com\/wp-content\/uploads\/2022\/06\/jeaken-logo-23.png","contentUrl":"https:\/\/jeaken.com\/wp-content\/uploads\/2022\/06\/jeaken-logo-23.png","width":2486,"height":736,"caption":"JeaKen"},"image":{"@id":"https:\/\/jeaken.com\/it\/#\/schema\/logo\/image\/"}}]}},"jetpack_sharing_enabled":true,"_links":{"self":[{"href":"https:\/\/jeaken.com\/it\/wp-json\/wp\/v2\/product\/14426","targetHints":{"allow":["GET"]}}],"collection":[{"href":"https:\/\/jeaken.com\/it\/wp-json\/wp\/v2\/product"}],"about":[{"href":"https:\/\/jeaken.com\/it\/wp-json\/wp\/v2\/types\/product"}],"wp:featuredmedia":[{"embeddable":true,"href":"https:\/\/jeaken.com\/it\/wp-json\/wp\/v2\/media\/16285"}],"wp:attachment":[{"href":"https:\/\/jeaken.com\/it\/wp-json\/wp\/v2\/media?parent=14426"}],"wp:term":[{"taxonomy":"product_cat","embeddable":true,"href":"https:\/\/jeaken.com\/it\/wp-json\/wp\/v2\/product_cat?post=14426"},{"taxonomy":"product_tag","embeddable":true,"href":"https:\/\/jeaken.com\/it\/wp-json\/wp\/v2\/product_tag?post=14426"}],"curies":[{"name":"wp","href":"https:\/\/api.w.org\/{rel}","templated":true}]}}