{"id":14402,"date":"2023-03-16T11:56:11","date_gmt":"2023-03-16T11:56:11","guid":{"rendered":"https:\/?post_type=product&#038;p=14402"},"modified":"2023-04-06T12:30:57","modified_gmt":"2023-04-06T11:30:57","slug":"pacchetto-salute-intestinale","status":"publish","type":"product","link":"https:\/\/jeaken.com\/it\/prodotto\/pacchetto-salute-intestinale\/","title":{"rendered":"Pacchetto Salute dell&#8217;intestino"},"content":{"rendered":"<h2>Pacchetto Salute dell&#8217;intestino<\/h2>\n<p><span data-sheets-value=\"{\"1\":2,\"2\":\"The Gut Health Bundle is a comprehensive package containing three essential supplements to support your digestive system. The Probiotics Capsules provide 6 strains of probiotics and prebiotics to support the growth of healthy gut bacteria. The Colon Cleanse helps to eliminate toxins and improve bowel movement. Lastly, the Green Tea Capsules provide natural antioxidants and energy to support digestive health. By incorporating this bundle into your daily routine, you can promote optimal digestive function and overall wellness.\"}\" data-sheets-userformat=\"{\"2\":2945,\"3\":{\"1\":0},\"10\":0,\"11\":4,\"12\":0,\"14\":{\"1\":2,\"2\":16497668}}\">Il Gut Health Bundle \u00e8 un pacchetto completo che contiene tre integratori essenziali per il supporto dell&#8217;apparato digerente. Le capsule di probiotici forniscono 6 ceppi di probiotici e prebiotici per favorire la crescita di batteri intestinali sani. Il Colon Cleanse aiuta a eliminare le tossine e a migliorare il movimento intestinale. Infine, le capsule di t\u00e8 verde forniscono antiossidanti naturali ed energia per favorire la salute dell&#8217;apparato digerente. Incorporando questo pacchetto nella vostra routine quotidiana, potrete promuovere una funzione digestiva ottimale e il benessere generale.<\/span><\/p>\n<h4 class=\"product_title entry-title elementor-heading-title elementor-size-default\"><strong>6 ceppi probiotici con prebiotici &#8211; (90 capsule)<\/strong><\/h4>\n<p>&nbsp;<\/p>\n<p><strong>SOLLIEVO DAL GONFIORE  <\/strong><\/p>\n<p>Le nostre capsule derivano dalla famiglia dei probiotici Lactobacillus, che sono i probiotici pi\u00f9 efficaci nel mantenere un sistema digestivo sano.<span class=\"a-list-item a-size-base\">  I nostri ceppi batterici accuratamente selezionati sono tra i pi\u00f9 noti per contribuire ad alleviare le sensazioni di gonfiore e pienezza.  <\/span><\/p>\n<p><span class=\"a-list-item a-size-base\"><strong>6 CEPPI ATTIVI DA 10 MILIARDI DI UFC PER DOSE<\/strong> <\/span><\/p>\n<p><span class=\"a-list-item a-size-base\">I nostri probiotici complessi offrono i 6 ceppi pi\u00f9 efficaci: lactobacillus acidophillus, lactobacillus rhamnosus, lactobacillus gasseri, bifidobacterium lactis, bifidobacterium bifidus e saccharomyces boullardii.<\/span><\/p>\n<p><strong>SOPRAVVIVE GRAZIE ALL&#8217;ACIDIT\u00c0 DELLO STOMACO <\/strong><\/p>\n<p>Il Saccharomyces boulardii \u00e8 un probiotico <span class=\"a-list-item a-size-base\">ben studiato e<\/span> apprezzato a livello internazionale, che ha dimostrato di sopravvivere all&#8217;acidit\u00e0 dello stomaco per raggiungere l&#8217;intestino vivo.<\/p>\n<p><b>MOLTEPLICI BENEFICI PER LA SALUTE<\/b><\/p>\n<p>La nostra formula innovativa \u00e8 arricchita con inulina, una fibra prebiotica con potenti benefici per la salute, tra cui il miglioramento delle difese immunitarie, il potenziamento del metabolismo e la riduzione del rischio.<span class=\"a-list-item\"><br \/>\n  <span class=\"a-size-base\">egolarit\u00e0, migliore assorbimento dei n<\/span><br \/>\n<\/span><span class=\"a-list-item\"><br \/>\n  <span class=\"a-size-base\">utrienti, perdita di peso, maggiore salute del tratto urinario, miglioramento dei livelli di colesterolo e del metabolismo.<\/span><br \/>\n<\/span><\/p>\n<p><strong>PRODOTTO CON INGREDIENTI NATURALI<\/strong><\/p>\n<p>Le nostre capsule vegane sono al 100% pure e naturali, con ingredienti non OGM.<\/p>\n<p>&nbsp;<\/p>\n<h4 class=\"product_title entry-title elementor-heading-title elementor-size-default\"><strong>Capsule di pulizia e disintossicazione del corpo &#8211; per la perdita di peso e la pulizia del colon (90 capsule)<\/strong><\/h4>\n<p>&nbsp;<\/p>\n<p><span class=\"a-list-item\"><strong>ELIMINA LE TOSSINE<\/strong> <\/span><\/p>\n<p><span class=\"a-list-item\">Questo potente prodotto contiene 14 ingredienti fondamentali che aiutano a eliminare le tossine dall&#8217;organismo.<\/span><\/p>\n<p><span class=\"a-list-item\"><strong>RIDUCE IL GONFIORE<\/strong> <\/span><\/p>\n<p><span class=\"a-list-item\">Il nostro integratore aiuta a ridurre il gonfiore e a regolare l&#8217;assunzione di cibo. L&#8217;assunzione regolare di questo integratore pu\u00f2 avere un effetto riequilibrante sull&#8217;apparato digerente e alleviare i sintomi di stitichezza e indigestione.<\/span><\/p>\n<p><strong><span class=\"a-list-item\">MASSIMIZZA LA PERDITA DI PESO  <\/span><\/strong><\/p>\n<p><span class=\"a-list-item\">Le nostre capsule Cleanse Detox non solo eliminano le tossine, ma massimizzano anche la perdita di peso per raggiungere gli obiettivi di definizione della massa magra.<\/span><\/p>\n<p><strong><span class=\"a-list-item\">COMBINAZIONE PROBIOTICA COMPROVATA  <\/span><\/strong><\/p>\n<p><span class=\"a-list-item\">Per ottenere risultati ottimali, abbiamo combinato le comprovate qualit\u00e0 salutari del guscio di psillio con l&#8217;inulina, per eliminare le scorie dal sistema e rinfrescarlo con i &#8220;batteri amici&#8221; del Lactobacillus Acidophilus Probiotic.<\/span><\/p>\n<p>&nbsp;<\/p>\n<h4 class=\"product_title entry-title elementor-heading-title elementor-size-default\"><strong>Capsule di t\u00e8 verde &#8211; 850 mg di integratori antiossidanti per la perdita di peso (120 compresse)<\/strong><\/h4>\n<p>&nbsp;<\/p>\n<p><strong>OFFRE MOLTEPLICI BENEFICI PER LA SALUTE<\/strong><\/p>\n<p>Il t\u00e8 verde \u00e8 utilizzato nella medicina cinese da circa 4.000 anni. Offre molti potenti benefici per la salute, tra cui la riduzione del rischio di malattie cardiache e di alcuni tipi di cancro, l&#8217;aumento del rapporto tra colesterolo buono (HDL) e colesterolo cattivo (LDL) nel sangue, il potenziamento del sistema immunitario e il supporto antiossidante.<\/p>\n<p><strong>AIUTA A PERDERE PESO<\/strong><\/p>\n<p>Se associato a una dieta sana, il nostro t\u00e8 verde vegetariano funziona come un efficace aiuto per la perdita di peso, aumentando il tasso metabolico e sopprimendo l&#8217;appetito.<\/p>\n<p><strong>POTENTE ANTIOSSIDANTE NATURALE<\/strong><\/p>\n<p>L&#8217;EGCG presente nel t\u00e8 verde \u00e8 responsabile della maggior parte delle sue propriet\u00e0 antiossidanti, che impediscono ai radicali liberi di danneggiare le cellule.<\/p>\n<p><strong>MIGLIORA LA MEMORIA E LA CONCENTRAZIONE<\/strong><\/p>\n<p>Le propriet\u00e0 presenti nell&#8217;estratto di t\u00e8 verde possono contribuire ad aumentare la cognizione e la memoria, aiutandovi a rimanere acuti e concentrati per tutto il giorno.<\/p>\n","protected":false},"excerpt":{"rendered":"<p>Il pacchetto Salute dell&#8217;intestino comprende capsule di probiotici, Colon Cleanse e capsule di t\u00e8 verde per un migliore supporto digestivo, l&#8217;eliminazione delle tossine e l&#8217;energia. Migliora la digestione e il benessere generale con l&#8217;uso quotidiano.<\/p>\n","protected":false},"featured_media":16249,"template":"","meta":{"site-sidebar-layout":"default","site-content-layout":"default","ast-site-content-layout":"default","site-content-style":"default","site-sidebar-style":"default","ast-global-header-display":"","ast-banner-title-visibility":"","ast-main-header-display":"","ast-hfb-above-header-display":"","ast-hfb-below-header-display":"","ast-hfb-mobile-header-display":"","site-post-title":"","ast-breadcrumbs-content":"","ast-featured-img":"","footer-sml-layout":"","theme-transparent-header-meta":"default","adv-header-id-meta":"","stick-header-meta":"default","header-above-stick-meta":"","header-main-stick-meta":"","header-below-stick-meta":"","astra-migrate-meta-layouts":"default","ast-page-background-enabled":"default","ast-page-background-meta":{"desktop":{"background-color":"","background-image":"","background-repeat":"repeat","background-position":"center center","background-size":"auto","background-attachment":"scroll","background-type":"","background-media":"","overlay-type":"","overlay-color":"","overlay-opacity":"","overlay-gradient":""},"tablet":{"background-color":"","background-image":"","background-repeat":"repeat","background-position":"center center","background-size":"auto","background-attachment":"scroll","background-type":"","background-media":"","overlay-type":"","overlay-color":"","overlay-opacity":"","overlay-gradient":""},"mobile":{"background-color":"","background-image":"","background-repeat":"repeat","background-position":"center center","background-size":"auto","background-attachment":"scroll","background-type":"","background-media":"","overlay-type":"","overlay-color":"","overlay-opacity":"","overlay-gradient":""}},"ast-content-background-meta":{"desktop":{"background-color":"var(--ast-global-color-5)","background-image":"","background-repeat":"repeat","background-position":"center center","background-size":"auto","background-attachment":"scroll","background-type":"","background-media":"","overlay-type":"","overlay-color":"","overlay-opacity":"","overlay-gradient":""},"tablet":{"background-color":"var(--ast-global-color-5)","background-image":"","background-repeat":"repeat","background-position":"center center","background-size":"auto","background-attachment":"scroll","background-type":"","background-media":"","overlay-type":"","overlay-color":"","overlay-opacity":"","overlay-gradient":""},"mobile":{"background-color":"var(--ast-global-color-5)","background-image":"","background-repeat":"repeat","background-position":"center center","background-size":"auto","background-attachment":"scroll","background-type":"","background-media":"","overlay-type":"","overlay-color":"","overlay-opacity":"","overlay-gradient":""}}},"product_cat":[1265,597,576],"product_tag":[],"class_list":{"0":"post-14402","1":"product","2":"type-product","3":"status-publish","4":"has-post-thumbnail","6":"product_cat-alimentazione","7":"product_cat-integratori-alimentari","8":"product_cat-salute-dellapparato-digerente","9":"has-subscription-plans","10":"desktop-align-left","11":"tablet-align-left","12":"mobile-align-left","14":"first","15":"instock","16":"taxable","17":"shipping-taxable","18":"purchasable","19":"product-type-simple"},"yoast_head":"<!-- This site is optimized with the Yoast SEO plugin v22.7 - https:\/\/yoast.com\/wordpress\/plugins\/seo\/ -->\n<title>Pacchetto Salute dell&#039;intestino - JeaKen<\/title>\n<meta name=\"robots\" content=\"index, follow, max-snippet:-1, max-image-preview:large, max-video-preview:-1\" \/>\n<link rel=\"canonical\" href=\"https:\/\/jeaken.com\/it\/prodotto\/pacchetto-salute-intestinale\/\" \/>\n<meta property=\"og:locale\" content=\"it_IT\" \/>\n<meta property=\"og:type\" content=\"article\" \/>\n<meta property=\"og:title\" content=\"Pacchetto Salute dell&#039;intestino - JeaKen\" \/>\n<meta property=\"og:description\" content=\"Il pacchetto Salute dell&#039;intestino comprende capsule di probiotici, Colon Cleanse e capsule di t\u00e8 verde per un migliore supporto digestivo, l&#039;eliminazione delle tossine e l&#039;energia. Migliora la digestione e il benessere generale con l&#039;uso quotidiano.\" \/>\n<meta property=\"og:url\" content=\"https:\/\/jeaken.com\/it\/prodotto\/pacchetto-salute-intestinale\/\" \/>\n<meta property=\"og:site_name\" content=\"JeaKen\" \/>\n<meta property=\"article:modified_time\" content=\"2023-04-06T11:30:57+00:00\" \/>\n<meta property=\"og:image\" content=\"https:\/\/jeaken.com\/wp-content\/uploads\/2023\/03\/Combine2.jpg\" \/>\n\t<meta property=\"og:image:width\" content=\"972\" \/>\n\t<meta property=\"og:image:height\" content=\"972\" \/>\n\t<meta property=\"og:image:type\" content=\"image\/jpeg\" \/>\n<meta name=\"twitter:card\" content=\"summary_large_image\" \/>\n<meta name=\"twitter:label1\" content=\"Est. reading time\" \/>\n\t<meta name=\"twitter:data1\" content=\"3 minutes\" \/>\n<script type=\"application\/ld+json\" class=\"yoast-schema-graph\">{\"@context\":\"https:\/\/schema.org\",\"@graph\":[{\"@type\":\"WebPage\",\"@id\":\"https:\/\/jeaken.com\/it\/prodotto\/pacchetto-salute-intestinale\/\",\"url\":\"https:\/\/jeaken.com\/it\/prodotto\/pacchetto-salute-intestinale\/\",\"name\":\"Pacchetto Salute dell'intestino - JeaKen\",\"isPartOf\":{\"@id\":\"https:\/\/jeaken.com\/it\/#website\"},\"primaryImageOfPage\":{\"@id\":\"https:\/\/jeaken.com\/it\/prodotto\/pacchetto-salute-intestinale\/#primaryimage\"},\"image\":{\"@id\":\"https:\/\/jeaken.com\/it\/prodotto\/pacchetto-salute-intestinale\/#primaryimage\"},\"thumbnailUrl\":\"https:\/\/jeaken.com\/wp-content\/uploads\/2023\/03\/Combine2.jpg\",\"datePublished\":\"2023-03-16T11:56:11+00:00\",\"dateModified\":\"2023-04-06T11:30:57+00:00\",\"breadcrumb\":{\"@id\":\"https:\/\/jeaken.com\/it\/prodotto\/pacchetto-salute-intestinale\/#breadcrumb\"},\"inLanguage\":\"it-IT\",\"potentialAction\":[{\"@type\":\"ReadAction\",\"target\":[\"https:\/\/jeaken.com\/it\/prodotto\/pacchetto-salute-intestinale\/\"]}]},{\"@type\":\"ImageObject\",\"inLanguage\":\"it-IT\",\"@id\":\"https:\/\/jeaken.com\/it\/prodotto\/pacchetto-salute-intestinale\/#primaryimage\",\"url\":\"https:\/\/jeaken.com\/wp-content\/uploads\/2023\/03\/Combine2.jpg\",\"contentUrl\":\"https:\/\/jeaken.com\/wp-content\/uploads\/2023\/03\/Combine2.jpg\",\"width\":972,\"height\":972,\"caption\":\"Gut Health\"},{\"@type\":\"BreadcrumbList\",\"@id\":\"https:\/\/jeaken.com\/it\/prodotto\/pacchetto-salute-intestinale\/#breadcrumb\",\"itemListElement\":[{\"@type\":\"ListItem\",\"position\":1,\"name\":\"Home\",\"item\":\"https:\/\/jeaken.com\/it\/\"},{\"@type\":\"ListItem\",\"position\":2,\"name\":\"Private: Shop\",\"item\":\"https:\/\/jeaken.com\/shop\/\"},{\"@type\":\"ListItem\",\"position\":3,\"name\":\"Pacchetto Salute dell&#8217;intestino\"}]},{\"@type\":\"WebSite\",\"@id\":\"https:\/\/jeaken.com\/it\/#website\",\"url\":\"https:\/\/jeaken.com\/it\/\",\"name\":\"JeaKen\",\"description\":\"Organic Supplements for Health, Fitness and Nutrition\",\"publisher\":{\"@id\":\"https:\/\/jeaken.com\/it\/#organization\"},\"potentialAction\":[{\"@type\":\"SearchAction\",\"target\":{\"@type\":\"EntryPoint\",\"urlTemplate\":\"https:\/\/jeaken.com\/it\/?s={search_term_string}\"},\"query-input\":\"required name=search_term_string\"}],\"inLanguage\":\"it-IT\"},{\"@type\":\"Organization\",\"@id\":\"https:\/\/jeaken.com\/it\/#organization\",\"name\":\"JeaKen\",\"url\":\"https:\/\/jeaken.com\/it\/\",\"logo\":{\"@type\":\"ImageObject\",\"inLanguage\":\"it-IT\",\"@id\":\"https:\/\/jeaken.com\/it\/#\/schema\/logo\/image\/\",\"url\":\"https:\/\/jeaken.com\/wp-content\/uploads\/2022\/06\/jeaken-logo-23.png\",\"contentUrl\":\"https:\/\/jeaken.com\/wp-content\/uploads\/2022\/06\/jeaken-logo-23.png\",\"width\":2486,\"height\":736,\"caption\":\"JeaKen\"},\"image\":{\"@id\":\"https:\/\/jeaken.com\/it\/#\/schema\/logo\/image\/\"}}]}<\/script>\n<!-- \/ Yoast SEO plugin. -->","yoast_head_json":{"title":"Pacchetto Salute dell'intestino - JeaKen","robots":{"index":"index","follow":"follow","max-snippet":"max-snippet:-1","max-image-preview":"max-image-preview:large","max-video-preview":"max-video-preview:-1"},"canonical":"https:\/\/jeaken.com\/it\/prodotto\/pacchetto-salute-intestinale\/","og_locale":"it_IT","og_type":"article","og_title":"Pacchetto Salute dell'intestino - JeaKen","og_description":"Il pacchetto Salute dell'intestino comprende capsule di probiotici, Colon Cleanse e capsule di t\u00e8 verde per un migliore supporto digestivo, l'eliminazione delle tossine e l'energia. Migliora la digestione e il benessere generale con l'uso quotidiano.","og_url":"https:\/\/jeaken.com\/it\/prodotto\/pacchetto-salute-intestinale\/","og_site_name":"JeaKen","article_modified_time":"2023-04-06T11:30:57+00:00","og_image":[{"width":972,"height":972,"url":"https:\/\/jeaken.com\/wp-content\/uploads\/2023\/03\/Combine2.jpg","type":"image\/jpeg"}],"twitter_card":"summary_large_image","twitter_misc":{"Est. reading time":"3 minutes"},"schema":{"@context":"https:\/\/schema.org","@graph":[{"@type":"WebPage","@id":"https:\/\/jeaken.com\/it\/prodotto\/pacchetto-salute-intestinale\/","url":"https:\/\/jeaken.com\/it\/prodotto\/pacchetto-salute-intestinale\/","name":"Pacchetto Salute dell'intestino - JeaKen","isPartOf":{"@id":"https:\/\/jeaken.com\/it\/#website"},"primaryImageOfPage":{"@id":"https:\/\/jeaken.com\/it\/prodotto\/pacchetto-salute-intestinale\/#primaryimage"},"image":{"@id":"https:\/\/jeaken.com\/it\/prodotto\/pacchetto-salute-intestinale\/#primaryimage"},"thumbnailUrl":"https:\/\/jeaken.com\/wp-content\/uploads\/2023\/03\/Combine2.jpg","datePublished":"2023-03-16T11:56:11+00:00","dateModified":"2023-04-06T11:30:57+00:00","breadcrumb":{"@id":"https:\/\/jeaken.com\/it\/prodotto\/pacchetto-salute-intestinale\/#breadcrumb"},"inLanguage":"it-IT","potentialAction":[{"@type":"ReadAction","target":["https:\/\/jeaken.com\/it\/prodotto\/pacchetto-salute-intestinale\/"]}]},{"@type":"ImageObject","inLanguage":"it-IT","@id":"https:\/\/jeaken.com\/it\/prodotto\/pacchetto-salute-intestinale\/#primaryimage","url":"https:\/\/jeaken.com\/wp-content\/uploads\/2023\/03\/Combine2.jpg","contentUrl":"https:\/\/jeaken.com\/wp-content\/uploads\/2023\/03\/Combine2.jpg","width":972,"height":972,"caption":"Gut Health"},{"@type":"BreadcrumbList","@id":"https:\/\/jeaken.com\/it\/prodotto\/pacchetto-salute-intestinale\/#breadcrumb","itemListElement":[{"@type":"ListItem","position":1,"name":"Home","item":"https:\/\/jeaken.com\/it\/"},{"@type":"ListItem","position":2,"name":"Private: Shop","item":"https:\/\/jeaken.com\/shop\/"},{"@type":"ListItem","position":3,"name":"Pacchetto Salute dell&#8217;intestino"}]},{"@type":"WebSite","@id":"https:\/\/jeaken.com\/it\/#website","url":"https:\/\/jeaken.com\/it\/","name":"JeaKen","description":"Organic Supplements for Health, Fitness and Nutrition","publisher":{"@id":"https:\/\/jeaken.com\/it\/#organization"},"potentialAction":[{"@type":"SearchAction","target":{"@type":"EntryPoint","urlTemplate":"https:\/\/jeaken.com\/it\/?s={search_term_string}"},"query-input":"required name=search_term_string"}],"inLanguage":"it-IT"},{"@type":"Organization","@id":"https:\/\/jeaken.com\/it\/#organization","name":"JeaKen","url":"https:\/\/jeaken.com\/it\/","logo":{"@type":"ImageObject","inLanguage":"it-IT","@id":"https:\/\/jeaken.com\/it\/#\/schema\/logo\/image\/","url":"https:\/\/jeaken.com\/wp-content\/uploads\/2022\/06\/jeaken-logo-23.png","contentUrl":"https:\/\/jeaken.com\/wp-content\/uploads\/2022\/06\/jeaken-logo-23.png","width":2486,"height":736,"caption":"JeaKen"},"image":{"@id":"https:\/\/jeaken.com\/it\/#\/schema\/logo\/image\/"}}]}},"jetpack_sharing_enabled":true,"_links":{"self":[{"href":"https:\/\/jeaken.com\/it\/wp-json\/wp\/v2\/product\/14402","targetHints":{"allow":["GET"]}}],"collection":[{"href":"https:\/\/jeaken.com\/it\/wp-json\/wp\/v2\/product"}],"about":[{"href":"https:\/\/jeaken.com\/it\/wp-json\/wp\/v2\/types\/product"}],"wp:featuredmedia":[{"embeddable":true,"href":"https:\/\/jeaken.com\/it\/wp-json\/wp\/v2\/media\/16249"}],"wp:attachment":[{"href":"https:\/\/jeaken.com\/it\/wp-json\/wp\/v2\/media?parent=14402"}],"wp:term":[{"taxonomy":"product_cat","embeddable":true,"href":"https:\/\/jeaken.com\/it\/wp-json\/wp\/v2\/product_cat?post=14402"},{"taxonomy":"product_tag","embeddable":true,"href":"https:\/\/jeaken.com\/it\/wp-json\/wp\/v2\/product_tag?post=14402"}],"curies":[{"name":"wp","href":"https:\/\/api.w.org\/{rel}","templated":true}]}}