{"id":14370,"date":"2023-03-16T11:24:54","date_gmt":"2023-03-16T11:24:54","guid":{"rendered":"https:\/?post_type=product&#038;p=14370"},"modified":"2023-04-06T12:31:00","modified_gmt":"2023-04-06T11:31:00","slug":"pacchetto-chiarezza-mentale-e-perdita-di-peso","status":"publish","type":"product","link":"https:\/\/jeaken.com\/it\/prodotto\/pacchetto-chiarezza-mentale-e-perdita-di-peso\/","title":{"rendered":"Pacchetto chiarezza mentale e perdita di peso"},"content":{"rendered":"<h2>Pacchetto chiarezza mentale e perdita di peso<\/h2>\n<p>Il Mental Clarity and Weight Loss Bundle \u00e8 una potente combinazione di tre prodotti chiave progettati per aiutarvi a raggiungere i vostri obiettivi di benessere. Questo pacchetto include Super Mind Nootropics, un potente integratore che favorisce la chiarezza mentale e la concentrazione, consentendo di mantenere il programma di perdita di peso. Il pacchetto comprende anche le capsule di Funghi del Cane di Leone, che contengono composti che possono contribuire alla perdita di peso regolando lo zucchero nel sangue e riducendo l&#8217;infiammazione. Inoltre, il pacchetto comprende capsule di aceto di sidro di mele, che possono aiutare a favorire una digestione e un metabolismo sani. Con questo pacchetto, avrete sempre a disposizione tutto ci\u00f2 di cui avete bisogno per sostenere la vostra chiarezza mentale e il vostro percorso di perdita di peso.<\/p>\n<h4 class=\"product_title entry-title elementor-heading-title elementor-size-default\"><strong>Super Mind Nootropics &#8211; 60 capsule vegane<\/strong><\/h4>\n<ul class=\"a-unordered-list a-vertical a-spacing-none\">\n<li class=\"a-spacing-small\"><span class=\"a-list-item a-size-base\">A differenza di molti altri integratori cerebrali, le capsule di JeaKen nootropics brain boost sono composte da ingredienti naturali come la Rhodiola Rosea, che contribuiscono ad aumentare la concentrazione e la vigilanza, a potenziare l&#8217;energia mentale e a migliorare la memoria.  <\/span><\/li>\n<li class=\"a-spacing-small\"><span class=\"a-list-item a-size-base\">RIDUCE LA FATICA, MIGLIORA LA FOCALIZZAZIONE &#8211; Il guaran\u00e0, una pianta originaria dell&#8217;Amazzonia, contiene naturalmente caffeina, che si \u00e8 dimostrata molto efficace nel ridurre la fatica e nel migliorare la concentrazione mentale. La combinazione di caffeina e teanina si \u00e8 dimostrata molto efficace per migliorare le prestazioni cognitive.  <\/span><\/li>\n<li class=\"a-spacing-small\"><span class=\"a-list-item a-size-base\">SOLO I MIGLIORI INGREDIENTI &#8211; Il nostro integratore per la memoria \u00e8 composto da vitamine, minerali ed estratti di erbe completamente naturali, senza l&#8217;uso di additivi dannosi; non OGM e privo di ormoni e glutine.  <\/span><\/li>\n<li class=\"a-spacing-small\"><span class=\"a-list-item a-size-base\">SOSTENUTO DALLA SCIENZA &#8211; \u00c8 stata posta grande attenzione nel combinare la giusta quantit\u00e0 di ogni ingrediente in una formula avanzata realizzata per favorire l&#8217;ossigeno e la circolazione nelle cellule cerebrali e nei neuroni, progettata per favorire la memoria, la concentrazione e la chiarezza.<\/span><\/li>\n<\/ul>\n<h4 class=\"product_title entry-title elementor-heading-title elementor-size-default\"><strong>Capsule di fungo della criniera di leone &#8211; Integratore nootropico per migliorare le funzioni cognitive e del sistema immunitario. 5000mg<\/strong><\/h4>\n<p>&nbsp;<\/p>\n<p><strong><span class=\"a-list-item a-size-base\">SUPPORTA LA FUNZIONE COGNITIVA  <\/span><\/strong><\/p>\n<p><span class=\"a-list-item a-size-base\">Il Lion&#8217;s Mane \u00e8 un comprovato stimolante cerebrale, che lo rende un integratore popolare per chi lavora o studia. Oltre a potenziare la memoria, le nostre capsule possono aiutare a eliminare la nebbia mentale e a fornire un supporto al sistema cerebrale e nervoso.<\/span><\/p>\n<p><strong><br \/>\nFAVORISCE LA SALUTE DELLE ARTICOLAZIONI<\/strong><\/p>\n<p>Le nostre capsule, di provata efficacia, supportano la salute delle articolazioni e rafforzano il sistema immunitario.<\/p>\n<p>&nbsp;<\/p>\n<p><strong>MIGLIORA LA SALUTE DEL CORPO<\/strong><\/p>\n<p>L&#8217;estratto di Reishi \u00e8 noto per la sua capacit\u00e0 di aiutare le patologie respiratorie croniche.<\/p>\n<p>&nbsp;<\/p>\n<p><strong>REGOLA GLI ORMONI<\/strong><\/p>\n<p>Le nostre capsule sono molto efficaci per aiutare a regolare gli ormoni. L&#8217;equilibrio ormonale \u00e8 fondamentale per regolare la funzione sensuale, la regolazione dell&#8217;umore e molto altro ancora.<\/p>\n<p>&nbsp;<\/p>\n<p><strong>ESTRATTO DI FUNGHI 10:1<\/strong><\/p>\n<p>I funghi hanno una parete cellulare resistente composta da chitina che l&#8217;uomo fatica a digerire. Questa parete cellulare limita il nostro accesso agli importanti composti medicinali che conferiscono ai funghi i loro meravigliosi benefici.<\/p>\n<p>&nbsp;<\/p>\n<p><strong>RIEMPITIVI A ZERO CEREALI<\/strong><\/p>\n<p>Molti prodotti a base di funghi medicinali non contengono in realt\u00e0 alcun fungo. Si ricavano dall&#8217;apparato radicale del fungo, chiamato micelio, che viene coltivato su cereali come riso, avena e sorgo.<\/p>\n<p>&nbsp;<\/p>\n<p><strong>SUPPORTA LA FUNZIONE COGNITIVA  <\/strong><\/p>\n<p>Il Criniera di Leone \u00e8 un comprovato potenziatore cognitivo, efficace per eliminare la nebbia mentale e fornire supporto al sistema cerebrale e nervoso.<\/p>\n<p>&nbsp;<\/p>\n<p><strong>RAFFORZA IL SISTEMA IMMUNITARIO  <\/strong><\/p>\n<p>Il fungo della criniera di leone \u00e8 ritenuto in grado di migliorare la funzione immunitaria e di favorire la crescita di batteri buoni nell&#8217;intestino.<\/p>\n<p>&nbsp;<\/p>\n<p><strong>AIUTA A RIEQUILIBRARE NATURALMENTE L&#8217;UMORE  <\/strong><\/p>\n<p>Le ricerche indicano che il fungo Lion&#8217;s Mane pu\u00f2 contribuire a promuovere uno stato d&#8217;animo calmo e rilassato. Ha anche propriet\u00e0 rigenerative dei nervi che possono contribuire alla buona salute del cuore.<\/p>\n<p>&nbsp;<\/p>\n<h4 class=\"product_title entry-title elementor-heading-title elementor-size-default\"><strong>Aceto di sidro di mele &#8211; stimolante del metabolismo e disintossicante &#8211; potenziato con seagreens, t\u00e8 verde e cromo (120 capsule)<\/strong><\/h4>\n<p>&nbsp;<\/p>\n<p><strong>MOLTEPLICI BENEFICI PER LA SALUTE  <\/strong><\/p>\n<p>Utilizzato da Ippocrate (il &#8220;padre della medicina moderna&#8221;) oltre 2000 anni fa, si dice che l&#8217;aceto di sidro di mele contribuisca a una serie di incredibili benefici per la salute, tra cui il miglioramento della salute dell&#8217;apparato digerente, l&#8217;aumento dei livelli di energia e il potenziamento del metabolismo. Le nostre capsule di aceto di sidro di mele ad alta concentrazione offrono questi potenti benefici in capsule facili da ingerire.<\/p>\n<p><strong>FAVORISCE UNA SANA PERDITA DI PESO  <\/strong><\/p>\n<p>Diversi studi recenti hanno dimostrato che l&#8217;aceto di sidro di mele pu\u00f2 aiutare a perdere peso se assunto nell&#8217;ambito di una dieta sana. Pu\u00f2 anche favorire la digestione e migliorare la salute generale, aiutando ad assorbire pi\u00f9 sostanze nutritive dagli alimenti.<\/p>\n<p><strong>MISCELA UNICA  <\/strong><\/p>\n<p>Le nostre capsule di aceto di sidro di mele di qualit\u00e0 superiore offrono risultati ottimali grazie alla loro miscela unica di semi di mare, t\u00e8 verde e cromo. La vostra salute \u00e8 la nostra priorit\u00e0. Le nostre capsule sono prodotte nel Regno Unito secondo rigorose linee guida di sicurezza (codice GMP) per garantire potenza, qualit\u00e0 ed efficacia.<\/p>\n<p><strong>ADATTO A VEGANI E VEGETARIANI  <\/strong><\/p>\n<p>Le nostre capsule di aceto di sidro di mele sono realizzate al 100% con ingredienti vegetali di prima qualit\u00e0. Le nostre capsule sono senza glutine, senza lattosio, conformi alle GMP, non OGM e 100% vegane.<\/p>\n","protected":false},"excerpt":{"rendered":"<p>Il pacchetto &#8220;Chiarezza mentale e perdita di peso&#8221; offre una combinazione unica di prodotti studiati per migliorare la chiarezza mentale e sostenere la perdita di peso, favorendo uno stile di vita completo e una gestione efficace dello stress.<\/p>\n","protected":false},"featured_media":16294,"template":"","meta":{"site-sidebar-layout":"default","site-content-layout":"default","ast-site-content-layout":"default","site-content-style":"default","site-sidebar-style":"default","ast-global-header-display":"","ast-banner-title-visibility":"","ast-main-header-display":"","ast-hfb-above-header-display":"","ast-hfb-below-header-display":"","ast-hfb-mobile-header-display":"","site-post-title":"","ast-breadcrumbs-content":"","ast-featured-img":"","footer-sml-layout":"","theme-transparent-header-meta":"default","adv-header-id-meta":"","stick-header-meta":"default","header-above-stick-meta":"","header-main-stick-meta":"","header-below-stick-meta":"","astra-migrate-meta-layouts":"default","ast-page-background-enabled":"default","ast-page-background-meta":{"desktop":{"background-color":"","background-image":"","background-repeat":"repeat","background-position":"center center","background-size":"auto","background-attachment":"scroll","background-type":"","background-media":"","overlay-type":"","overlay-color":"","overlay-opacity":"","overlay-gradient":""},"tablet":{"background-color":"","background-image":"","background-repeat":"repeat","background-position":"center center","background-size":"auto","background-attachment":"scroll","background-type":"","background-media":"","overlay-type":"","overlay-color":"","overlay-opacity":"","overlay-gradient":""},"mobile":{"background-color":"","background-image":"","background-repeat":"repeat","background-position":"center center","background-size":"auto","background-attachment":"scroll","background-type":"","background-media":"","overlay-type":"","overlay-color":"","overlay-opacity":"","overlay-gradient":""}},"ast-content-background-meta":{"desktop":{"background-color":"var(--ast-global-color-5)","background-image":"","background-repeat":"repeat","background-position":"center center","background-size":"auto","background-attachment":"scroll","background-type":"","background-media":"","overlay-type":"","overlay-color":"","overlay-opacity":"","overlay-gradient":""},"tablet":{"background-color":"var(--ast-global-color-5)","background-image":"","background-repeat":"repeat","background-position":"center center","background-size":"auto","background-attachment":"scroll","background-type":"","background-media":"","overlay-type":"","overlay-color":"","overlay-opacity":"","overlay-gradient":""},"mobile":{"background-color":"var(--ast-global-color-5)","background-image":"","background-repeat":"repeat","background-position":"center center","background-size":"auto","background-attachment":"scroll","background-type":"","background-media":"","overlay-type":"","overlay-color":"","overlay-opacity":"","overlay-gradient":""}}},"product_cat":[1265,597,763,596,546],"product_tag":[],"class_list":{"0":"post-14370","1":"product","2":"type-product","3":"status-publish","4":"has-post-thumbnail","6":"product_cat-alimentazione","7":"product_cat-integratori-alimentari","8":"product_cat-perdita-di-peso","9":"product_cat-potenziatori-del-cervello","10":"product_cat-umore-e-benessere","11":"has-subscription-plans","12":"desktop-align-left","13":"tablet-align-left","14":"mobile-align-left","16":"first","17":"instock","18":"taxable","19":"shipping-taxable","20":"purchasable","21":"product-type-simple"},"yoast_head":"<!-- This site is optimized with the Yoast SEO plugin v22.7 - https:\/\/yoast.com\/wordpress\/plugins\/seo\/ -->\n<title>Pacchetto chiarezza mentale e perdita di peso - JeaKen<\/title>\n<meta name=\"robots\" content=\"index, follow, max-snippet:-1, max-image-preview:large, max-video-preview:-1\" \/>\n<link rel=\"canonical\" href=\"https:\/\/jeaken.com\/it\/prodotto\/pacchetto-chiarezza-mentale-e-perdita-di-peso\/\" \/>\n<meta property=\"og:locale\" content=\"it_IT\" \/>\n<meta property=\"og:type\" content=\"article\" \/>\n<meta property=\"og:title\" content=\"Pacchetto chiarezza mentale e perdita di peso - JeaKen\" \/>\n<meta property=\"og:description\" content=\"Il pacchetto &quot;Chiarezza mentale e perdita di peso&quot; offre una combinazione unica di prodotti studiati per migliorare la chiarezza mentale e sostenere la perdita di peso, favorendo uno stile di vita completo e una gestione efficace dello stress.\" \/>\n<meta property=\"og:url\" content=\"https:\/\/jeaken.com\/it\/prodotto\/pacchetto-chiarezza-mentale-e-perdita-di-peso\/\" \/>\n<meta property=\"og:site_name\" content=\"JeaKen\" \/>\n<meta property=\"article:modified_time\" content=\"2023-04-06T11:31:00+00:00\" \/>\n<meta property=\"og:image\" content=\"https:\/\/jeaken.com\/wp-content\/uploads\/2023\/03\/Combine6.jpg\" \/>\n\t<meta property=\"og:image:width\" content=\"972\" \/>\n\t<meta property=\"og:image:height\" content=\"972\" \/>\n\t<meta property=\"og:image:type\" content=\"image\/jpeg\" \/>\n<meta name=\"twitter:card\" content=\"summary_large_image\" \/>\n<meta name=\"twitter:label1\" content=\"Est. reading time\" \/>\n\t<meta name=\"twitter:data1\" content=\"4 minutes\" \/>\n<script type=\"application\/ld+json\" class=\"yoast-schema-graph\">{\"@context\":\"https:\/\/schema.org\",\"@graph\":[{\"@type\":\"WebPage\",\"@id\":\"https:\/\/jeaken.com\/it\/prodotto\/pacchetto-chiarezza-mentale-e-perdita-di-peso\/\",\"url\":\"https:\/\/jeaken.com\/it\/prodotto\/pacchetto-chiarezza-mentale-e-perdita-di-peso\/\",\"name\":\"Pacchetto chiarezza mentale e perdita di peso - JeaKen\",\"isPartOf\":{\"@id\":\"https:\/\/jeaken.com\/it\/#website\"},\"primaryImageOfPage\":{\"@id\":\"https:\/\/jeaken.com\/it\/prodotto\/pacchetto-chiarezza-mentale-e-perdita-di-peso\/#primaryimage\"},\"image\":{\"@id\":\"https:\/\/jeaken.com\/it\/prodotto\/pacchetto-chiarezza-mentale-e-perdita-di-peso\/#primaryimage\"},\"thumbnailUrl\":\"https:\/\/jeaken.com\/wp-content\/uploads\/2023\/03\/Combine6.jpg\",\"datePublished\":\"2023-03-16T11:24:54+00:00\",\"dateModified\":\"2023-04-06T11:31:00+00:00\",\"breadcrumb\":{\"@id\":\"https:\/\/jeaken.com\/it\/prodotto\/pacchetto-chiarezza-mentale-e-perdita-di-peso\/#breadcrumb\"},\"inLanguage\":\"it-IT\",\"potentialAction\":[{\"@type\":\"ReadAction\",\"target\":[\"https:\/\/jeaken.com\/it\/prodotto\/pacchetto-chiarezza-mentale-e-perdita-di-peso\/\"]}]},{\"@type\":\"ImageObject\",\"inLanguage\":\"it-IT\",\"@id\":\"https:\/\/jeaken.com\/it\/prodotto\/pacchetto-chiarezza-mentale-e-perdita-di-peso\/#primaryimage\",\"url\":\"https:\/\/jeaken.com\/wp-content\/uploads\/2023\/03\/Combine6.jpg\",\"contentUrl\":\"https:\/\/jeaken.com\/wp-content\/uploads\/2023\/03\/Combine6.jpg\",\"width\":972,\"height\":972,\"caption\":\"Mental Clarity and Gut Health Bundle\"},{\"@type\":\"BreadcrumbList\",\"@id\":\"https:\/\/jeaken.com\/it\/prodotto\/pacchetto-chiarezza-mentale-e-perdita-di-peso\/#breadcrumb\",\"itemListElement\":[{\"@type\":\"ListItem\",\"position\":1,\"name\":\"Home\",\"item\":\"https:\/\/jeaken.com\/it\/\"},{\"@type\":\"ListItem\",\"position\":2,\"name\":\"Private: Shop\",\"item\":\"https:\/\/jeaken.com\/shop\/\"},{\"@type\":\"ListItem\",\"position\":3,\"name\":\"Pacchetto chiarezza mentale e perdita di peso\"}]},{\"@type\":\"WebSite\",\"@id\":\"https:\/\/jeaken.com\/it\/#website\",\"url\":\"https:\/\/jeaken.com\/it\/\",\"name\":\"JeaKen\",\"description\":\"Organic Supplements for Health, Fitness and Nutrition\",\"publisher\":{\"@id\":\"https:\/\/jeaken.com\/it\/#organization\"},\"potentialAction\":[{\"@type\":\"SearchAction\",\"target\":{\"@type\":\"EntryPoint\",\"urlTemplate\":\"https:\/\/jeaken.com\/it\/?s={search_term_string}\"},\"query-input\":\"required name=search_term_string\"}],\"inLanguage\":\"it-IT\"},{\"@type\":\"Organization\",\"@id\":\"https:\/\/jeaken.com\/it\/#organization\",\"name\":\"JeaKen\",\"url\":\"https:\/\/jeaken.com\/it\/\",\"logo\":{\"@type\":\"ImageObject\",\"inLanguage\":\"it-IT\",\"@id\":\"https:\/\/jeaken.com\/it\/#\/schema\/logo\/image\/\",\"url\":\"https:\/\/jeaken.com\/wp-content\/uploads\/2022\/06\/jeaken-logo-23.png\",\"contentUrl\":\"https:\/\/jeaken.com\/wp-content\/uploads\/2022\/06\/jeaken-logo-23.png\",\"width\":2486,\"height\":736,\"caption\":\"JeaKen\"},\"image\":{\"@id\":\"https:\/\/jeaken.com\/it\/#\/schema\/logo\/image\/\"}}]}<\/script>\n<!-- \/ Yoast SEO plugin. -->","yoast_head_json":{"title":"Pacchetto chiarezza mentale e perdita di peso - JeaKen","robots":{"index":"index","follow":"follow","max-snippet":"max-snippet:-1","max-image-preview":"max-image-preview:large","max-video-preview":"max-video-preview:-1"},"canonical":"https:\/\/jeaken.com\/it\/prodotto\/pacchetto-chiarezza-mentale-e-perdita-di-peso\/","og_locale":"it_IT","og_type":"article","og_title":"Pacchetto chiarezza mentale e perdita di peso - JeaKen","og_description":"Il pacchetto \"Chiarezza mentale e perdita di peso\" offre una combinazione unica di prodotti studiati per migliorare la chiarezza mentale e sostenere la perdita di peso, favorendo uno stile di vita completo e una gestione efficace dello stress.","og_url":"https:\/\/jeaken.com\/it\/prodotto\/pacchetto-chiarezza-mentale-e-perdita-di-peso\/","og_site_name":"JeaKen","article_modified_time":"2023-04-06T11:31:00+00:00","og_image":[{"width":972,"height":972,"url":"https:\/\/jeaken.com\/wp-content\/uploads\/2023\/03\/Combine6.jpg","type":"image\/jpeg"}],"twitter_card":"summary_large_image","twitter_misc":{"Est. reading time":"4 minutes"},"schema":{"@context":"https:\/\/schema.org","@graph":[{"@type":"WebPage","@id":"https:\/\/jeaken.com\/it\/prodotto\/pacchetto-chiarezza-mentale-e-perdita-di-peso\/","url":"https:\/\/jeaken.com\/it\/prodotto\/pacchetto-chiarezza-mentale-e-perdita-di-peso\/","name":"Pacchetto chiarezza mentale e perdita di peso - JeaKen","isPartOf":{"@id":"https:\/\/jeaken.com\/it\/#website"},"primaryImageOfPage":{"@id":"https:\/\/jeaken.com\/it\/prodotto\/pacchetto-chiarezza-mentale-e-perdita-di-peso\/#primaryimage"},"image":{"@id":"https:\/\/jeaken.com\/it\/prodotto\/pacchetto-chiarezza-mentale-e-perdita-di-peso\/#primaryimage"},"thumbnailUrl":"https:\/\/jeaken.com\/wp-content\/uploads\/2023\/03\/Combine6.jpg","datePublished":"2023-03-16T11:24:54+00:00","dateModified":"2023-04-06T11:31:00+00:00","breadcrumb":{"@id":"https:\/\/jeaken.com\/it\/prodotto\/pacchetto-chiarezza-mentale-e-perdita-di-peso\/#breadcrumb"},"inLanguage":"it-IT","potentialAction":[{"@type":"ReadAction","target":["https:\/\/jeaken.com\/it\/prodotto\/pacchetto-chiarezza-mentale-e-perdita-di-peso\/"]}]},{"@type":"ImageObject","inLanguage":"it-IT","@id":"https:\/\/jeaken.com\/it\/prodotto\/pacchetto-chiarezza-mentale-e-perdita-di-peso\/#primaryimage","url":"https:\/\/jeaken.com\/wp-content\/uploads\/2023\/03\/Combine6.jpg","contentUrl":"https:\/\/jeaken.com\/wp-content\/uploads\/2023\/03\/Combine6.jpg","width":972,"height":972,"caption":"Mental Clarity and Gut Health Bundle"},{"@type":"BreadcrumbList","@id":"https:\/\/jeaken.com\/it\/prodotto\/pacchetto-chiarezza-mentale-e-perdita-di-peso\/#breadcrumb","itemListElement":[{"@type":"ListItem","position":1,"name":"Home","item":"https:\/\/jeaken.com\/it\/"},{"@type":"ListItem","position":2,"name":"Private: Shop","item":"https:\/\/jeaken.com\/shop\/"},{"@type":"ListItem","position":3,"name":"Pacchetto chiarezza mentale e perdita di peso"}]},{"@type":"WebSite","@id":"https:\/\/jeaken.com\/it\/#website","url":"https:\/\/jeaken.com\/it\/","name":"JeaKen","description":"Organic Supplements for Health, Fitness and Nutrition","publisher":{"@id":"https:\/\/jeaken.com\/it\/#organization"},"potentialAction":[{"@type":"SearchAction","target":{"@type":"EntryPoint","urlTemplate":"https:\/\/jeaken.com\/it\/?s={search_term_string}"},"query-input":"required name=search_term_string"}],"inLanguage":"it-IT"},{"@type":"Organization","@id":"https:\/\/jeaken.com\/it\/#organization","name":"JeaKen","url":"https:\/\/jeaken.com\/it\/","logo":{"@type":"ImageObject","inLanguage":"it-IT","@id":"https:\/\/jeaken.com\/it\/#\/schema\/logo\/image\/","url":"https:\/\/jeaken.com\/wp-content\/uploads\/2022\/06\/jeaken-logo-23.png","contentUrl":"https:\/\/jeaken.com\/wp-content\/uploads\/2022\/06\/jeaken-logo-23.png","width":2486,"height":736,"caption":"JeaKen"},"image":{"@id":"https:\/\/jeaken.com\/it\/#\/schema\/logo\/image\/"}}]}},"jetpack_sharing_enabled":true,"_links":{"self":[{"href":"https:\/\/jeaken.com\/it\/wp-json\/wp\/v2\/product\/14370","targetHints":{"allow":["GET"]}}],"collection":[{"href":"https:\/\/jeaken.com\/it\/wp-json\/wp\/v2\/product"}],"about":[{"href":"https:\/\/jeaken.com\/it\/wp-json\/wp\/v2\/types\/product"}],"wp:featuredmedia":[{"embeddable":true,"href":"https:\/\/jeaken.com\/it\/wp-json\/wp\/v2\/media\/16294"}],"wp:attachment":[{"href":"https:\/\/jeaken.com\/it\/wp-json\/wp\/v2\/media?parent=14370"}],"wp:term":[{"taxonomy":"product_cat","embeddable":true,"href":"https:\/\/jeaken.com\/it\/wp-json\/wp\/v2\/product_cat?post=14370"},{"taxonomy":"product_tag","embeddable":true,"href":"https:\/\/jeaken.com\/it\/wp-json\/wp\/v2\/product_tag?post=14370"}],"curies":[{"name":"wp","href":"https:\/\/api.w.org\/{rel}","templated":true}]}}