{"id":14354,"date":"2023-03-16T10:28:24","date_gmt":"2023-03-16T10:28:24","guid":{"rendered":"https:\/?post_type=product&#038;p=14354"},"modified":"2023-04-06T12:30:58","modified_gmt":"2023-04-06T11:30:58","slug":"fascio-di-chiarezza-mentale","status":"publish","type":"product","link":"https:\/\/jeaken.com\/it\/prodotto\/fascio-di-chiarezza-mentale\/","title":{"rendered":"Pacchetto chiarezza mentale"},"content":{"rendered":"<h2>Pacchetto chiarezza mentale<\/h2>\n<p><span data-sheets-value=\"{\"1\":2,\"2\":\"Looking to improve their mental clarity and focus, combining the Mental Clarity &amp; Focus Bundle with the right lifestyle changes can yield excellent results. In addition to incorporating a healthy diet and exercise regimen, taking regular breaks to reduce stress and staying hydrated can help. When using the Super Mind Nootropics and Mushroom Capsules in this bundle, it's important to follow the recommended dosages and take them consistently for optimal results. Additionally, the Nootropics Cognitive Enhancer can provide an extra boost to your cognitive function, especially when used in conjunction with the other supplements in this bundle. Remember to consult with a healthcare professional before starting any new supplement regimen.\"}\" data-sheets-userformat=\"{\"2\":2947,\"3\":{\"1\":0},\"4\":{\"1\":3,\"3\":2},\"10\":0,\"11\":4,\"12\":0,\"14\":{\"1\":2,\"2\":65280}}\">Per migliorare la propria lucidit\u00e0 mentale e la concentrazione, la combinazione del Mental Clarity Bundle con i giusti cambiamenti nello stile di vita pu\u00f2 dare risultati eccellenti. Oltre a seguire una dieta sana e un regime di esercizio fisico, pu\u00f2 essere utile fare pause regolari per ridurre lo stress e mantenersi idratati. Quando si utilizzano le capsule di Nootropi e Funghi Super Mind contenute in questo pacchetto, \u00e8 importante seguire i dosaggi consigliati e assumerli con costanza per ottenere risultati ottimali. Inoltre, il Nootropics Cognitive Enhancer pu\u00f2 dare un ulteriore impulso alle funzioni cognitive, soprattutto se usato insieme agli altri integratori di questo pacchetto. Ricordate di consultare un medico prima di iniziare un nuovo regime di integrazione.<\/span><\/p>\n<h4 class=\"product_title entry-title elementor-heading-title elementor-size-default\"><strong>Super Mind Nootropics &#8211; 60 capsule vegane<\/strong><\/h4>\n<p>&nbsp;<\/p>\n<ul class=\"a-unordered-list a-vertical a-spacing-none\">\n<li class=\"a-spacing-small\"><span class=\"a-list-item a-size-base\">A differenza di molti altri integratori cerebrali, le capsule di JeaKen nootropics brain boost sono composte da ingredienti naturali come la Rhodiola Rosea, che contribuiscono ad aumentare la concentrazione e la vigilanza, a potenziare l&#8217;energia mentale e a migliorare la memoria.  <\/span><\/li>\n<li class=\"a-spacing-small\"><span class=\"a-list-item a-size-base\">RIDUCE LA FATICA, MIGLIORA LA FOCALIZZAZIONE &#8211; Il guaran\u00e0, una pianta originaria dell&#8217;Amazzonia, contiene naturalmente caffeina, che si \u00e8 dimostrata molto efficace nel ridurre la fatica e nel migliorare la concentrazione mentale. La combinazione di caffeina e teanina si \u00e8 dimostrata molto efficace per migliorare le prestazioni cognitive.  <\/span><\/li>\n<li class=\"a-spacing-small\"><span class=\"a-list-item a-size-base\">SOLO I MIGLIORI INGREDIENTI &#8211; Il nostro integratore per la memoria \u00e8 composto da vitamine, minerali ed estratti di erbe completamente naturali, senza l&#8217;uso di additivi dannosi; non OGM e privo di ormoni e glutine.  <\/span><\/li>\n<li class=\"a-spacing-small\"><span class=\"a-list-item a-size-base\">SOSTENUTO DALLA SCIENZA &#8211; \u00c8 stata posta grande attenzione nel combinare la giusta quantit\u00e0 di ogni ingrediente in una formula avanzata realizzata per favorire l&#8217;ossigeno e la circolazione nelle cellule cerebrali e nei neuroni, progettata per favorire la memoria, la concentrazione e la lucidit\u00e0.<\/span><\/li>\n<\/ul>\n<h4><strong>Capsule di fungo della criniera di leone &#8211; Integratore nootropico per migliorare le funzioni cognitive e del sistema immunitario. 5000 mg.<\/strong><\/h4>\n<p>&nbsp;<\/p>\n<p><strong><span class=\"a-list-item a-size-base\">SUPPORTA LA FUNZIONE COGNITIVA  <\/span><\/strong><\/p>\n<p><span class=\"a-list-item a-size-base\">Il Lion&#8217;s Mane \u00e8 un comprovato stimolante cerebrale, che lo rende un integratore popolare per chi lavora o studia. Oltre a potenziare la memoria, le nostre capsule possono aiutare a eliminare la nebbia mentale e a fornire un supporto al sistema cerebrale e nervoso.<\/span><\/p>\n<p><strong>FAVORISCE LA SALUTE DELLE ARTICOLAZIONI<\/strong><\/p>\n<p>Le nostre capsule, di provata efficacia, supportano la salute delle articolazioni e rafforzano il sistema immunitario.<\/p>\n<p><strong>MIGLIORA LA SALUTE DEL CORPO<\/strong><\/p>\n<p>L&#8217;estratto di Reishi \u00e8 noto per la sua capacit\u00e0 di aiutare le patologie respiratorie croniche.<\/p>\n<p><strong>REGOLA GLI ORMONI<\/strong><\/p>\n<p>Le nostre capsule sono molto efficaci per aiutare a regolare gli ormoni. L&#8217;equilibrio ormonale \u00e8 fondamentale per regolare la funzione sensuale, la regolazione dell&#8217;umore e molto altro ancora.<\/p>\n<p><strong>ESTRATTO DI FUNGHI 10:1<\/strong><\/p>\n<p>I funghi hanno una parete cellulare resistente composta da chitina che l&#8217;uomo fatica a digerire. Questa parete cellulare limita il nostro accesso agli importanti composti medicinali che conferiscono ai funghi i loro meravigliosi benefici.<\/p>\n<p><strong>RIEMPITIVI A ZERO CEREALI<\/strong><\/p>\n<p>Molti prodotti a base di funghi medicinali non contengono in realt\u00e0 alcun fungo. Si ricavano dall&#8217;apparato radicale del fungo, chiamato micelio, che viene coltivato su cereali come riso, avena e sorgo.<\/p>\n<p><strong>SUPPORTA LA FUNZIONE COGNITIVA  <\/strong><\/p>\n<p>Il Criniera di Leone \u00e8 un comprovato potenziatore cognitivo, efficace per eliminare la nebbia mentale e fornire supporto al sistema cerebrale e nervoso.<\/p>\n<p><strong>RAFFORZA IL SISTEMA IMMUNITARIO  <\/strong><\/p>\n<p>Il fungo della criniera di leone \u00e8 ritenuto in grado di migliorare la funzione immunitaria e di favorire la crescita di batteri buoni nell&#8217;intestino.<\/p>\n<p><strong>AIUTA A RIEQUILIBRARE NATURALMENTE L&#8217;UMORE  <\/strong><\/p>\n<p>Le ricerche indicano che il fungo Lion&#8217;s Mane pu\u00f2 contribuire a promuovere uno stato d&#8217;animo calmo e rilassato. Ha anche propriet\u00e0 rigenerative dei nervi che possono contribuire alla buona salute del cuore.<\/p>\n<h4 class=\"product_title entry-title elementor-heading-title elementor-size-default\"><strong>Nootropics Cognitive Enhancer &#8211; Miglioratore della concentrazione e della memoria (60 capsule)<\/strong><\/h4>\n<p><strong><span class=\"a-list-item\">AUMENTA LA MEMORIA, LA CONCENTRAZIONE E LA PRONTEZZA DI RIFLESSI  <\/span><\/strong><\/p>\n<p><span class=\"a-list-item\">Le nostre capsule nootropiche per il potenziamento del cervello sono composte da ingredienti naturali che aiutano ad aumentare la concentrazione e la vigilanza, a potenziare l&#8217;energia mentale e a migliorare la memoria.<\/span><\/p>\n<p><strong><span class=\"a-list-item\">RIDUCE LA STANCHEZZA E MIGLIORA LA CONCENTRAZIONE  <\/span><\/strong><\/p>\n<p><span class=\"a-list-item\">Il guaran\u00e0, una pianta originaria dell&#8217;Amazzonia, contiene naturalmente caffeina e si \u00e8 dimostrato efficace nel ridurre la stanchezza e nel migliorare la concentrazione mentale. La potente combinazione di caffeina e teanina \u00e8 estremamente efficace per migliorare le prestazioni cognitive.<\/span><\/p>\n<p><strong><span class=\"a-list-item\">INGREDIENTI NATURALI  <\/span><\/strong><\/p>\n<p><span class=\"a-list-item\">Il nostro integratore per la memoria \u00e8 composto da vitamine, minerali ed estratti di erbe completamente naturali, senza l&#8217;uso di additivi dannosi. I nostri integratori sono non OGM e privi di ormoni e glutine.<\/span><\/p>\n<p><strong><span class=\"a-list-item\">SUPPORTATO DALLA SCIENZA  <\/span><\/strong><\/p>\n<p><span class=\"a-list-item\">\u00c8 stata posta grande attenzione nel combinare la giusta quantit\u00e0 di ogni ingrediente in una formula avanzata. \u00c8 stato accuratamente studiato per favorire l&#8217;ossigeno e la circolazione nelle cellule cerebrali e i neuroni per favorire la memoria, la concentrazione e la lucidit\u00e0.<\/span><\/p>\n<p class=\"a-spacing-mini\"><strong>MIGLIORA L&#8217;UMORE<\/strong><\/p>\n<p class=\"a-size-small\">I nostri ingredienti di prima qualit\u00e0 favoriscono livelli sani di serotonina e dopamina, che aiutano a mantenere un umore positivo.<\/p>\n","protected":false},"excerpt":{"rendered":"<p>Il Mental Clarity Bundle \u00e8 ottimo per aumentare la concentrazione, uno stile di vita sano e la gestione dello stress. Il pacchetto comprende le capsule di Funghi del Cane di Leone, i Nootropi Super Mind e i Potenziatori Cognitivi Nootropi.<\/p>\n","protected":false},"featured_media":16312,"template":"","meta":{"site-sidebar-layout":"default","site-content-layout":"default","ast-site-content-layout":"default","site-content-style":"default","site-sidebar-style":"default","ast-global-header-display":"","ast-banner-title-visibility":"","ast-main-header-display":"","ast-hfb-above-header-display":"","ast-hfb-below-header-display":"","ast-hfb-mobile-header-display":"","site-post-title":"","ast-breadcrumbs-content":"","ast-featured-img":"","footer-sml-layout":"","theme-transparent-header-meta":"default","adv-header-id-meta":"","stick-header-meta":"default","header-above-stick-meta":"","header-main-stick-meta":"","header-below-stick-meta":"","astra-migrate-meta-layouts":"default","ast-page-background-enabled":"default","ast-page-background-meta":{"desktop":{"background-color":"","background-image":"","background-repeat":"repeat","background-position":"center center","background-size":"auto","background-attachment":"scroll","background-type":"","background-media":"","overlay-type":"","overlay-color":"","overlay-opacity":"","overlay-gradient":""},"tablet":{"background-color":"","background-image":"","background-repeat":"repeat","background-position":"center center","background-size":"auto","background-attachment":"scroll","background-type":"","background-media":"","overlay-type":"","overlay-color":"","overlay-opacity":"","overlay-gradient":""},"mobile":{"background-color":"","background-image":"","background-repeat":"repeat","background-position":"center center","background-size":"auto","background-attachment":"scroll","background-type":"","background-media":"","overlay-type":"","overlay-color":"","overlay-opacity":"","overlay-gradient":""}},"ast-content-background-meta":{"desktop":{"background-color":"var(--ast-global-color-5)","background-image":"","background-repeat":"repeat","background-position":"center center","background-size":"auto","background-attachment":"scroll","background-type":"","background-media":"","overlay-type":"","overlay-color":"","overlay-opacity":"","overlay-gradient":""},"tablet":{"background-color":"var(--ast-global-color-5)","background-image":"","background-repeat":"repeat","background-position":"center center","background-size":"auto","background-attachment":"scroll","background-type":"","background-media":"","overlay-type":"","overlay-color":"","overlay-opacity":"","overlay-gradient":""},"mobile":{"background-color":"var(--ast-global-color-5)","background-image":"","background-repeat":"repeat","background-position":"center center","background-size":"auto","background-attachment":"scroll","background-type":"","background-media":"","overlay-type":"","overlay-color":"","overlay-opacity":"","overlay-gradient":""}}},"product_cat":[596,546],"product_tag":[],"class_list":{"0":"post-14354","1":"product","2":"type-product","3":"status-publish","4":"has-post-thumbnail","6":"product_cat-potenziatori-del-cervello","7":"product_cat-umore-e-benessere","8":"has-subscription-plans","9":"desktop-align-left","10":"tablet-align-left","11":"mobile-align-left","13":"first","14":"instock","15":"taxable","16":"shipping-taxable","17":"purchasable","18":"product-type-simple"},"yoast_head":"<!-- This site is optimized with the Yoast SEO plugin v22.7 - https:\/\/yoast.com\/wordpress\/plugins\/seo\/ -->\n<title>Pacchetto chiarezza mentale - JeaKen<\/title>\n<meta name=\"robots\" content=\"index, follow, max-snippet:-1, max-image-preview:large, max-video-preview:-1\" \/>\n<link rel=\"canonical\" href=\"https:\/\/jeaken.com\/it\/prodotto\/fascio-di-chiarezza-mentale\/\" \/>\n<meta property=\"og:locale\" content=\"it_IT\" \/>\n<meta property=\"og:type\" content=\"article\" \/>\n<meta property=\"og:title\" content=\"Pacchetto chiarezza mentale - JeaKen\" \/>\n<meta property=\"og:description\" content=\"Il Mental Clarity Bundle \u00e8 ottimo per aumentare la concentrazione, uno stile di vita sano e la gestione dello stress. Il pacchetto comprende le capsule di Funghi del Cane di Leone, i Nootropi Super Mind e i Potenziatori Cognitivi Nootropi.\" \/>\n<meta property=\"og:url\" content=\"https:\/\/jeaken.com\/it\/prodotto\/fascio-di-chiarezza-mentale\/\" \/>\n<meta property=\"og:site_name\" content=\"JeaKen\" \/>\n<meta property=\"article:modified_time\" content=\"2023-04-06T11:30:58+00:00\" \/>\n<meta property=\"og:image\" content=\"https:\/\/jeaken.com\/wp-content\/uploads\/2023\/03\/Combine7.jpg\" \/>\n\t<meta property=\"og:image:width\" content=\"972\" \/>\n\t<meta property=\"og:image:height\" content=\"972\" \/>\n\t<meta property=\"og:image:type\" content=\"image\/jpeg\" \/>\n<meta name=\"twitter:card\" content=\"summary_large_image\" \/>\n<script type=\"application\/ld+json\" class=\"yoast-schema-graph\">{\"@context\":\"https:\/\/schema.org\",\"@graph\":[{\"@type\":\"WebPage\",\"@id\":\"https:\/\/jeaken.com\/it\/prodotto\/fascio-di-chiarezza-mentale\/\",\"url\":\"https:\/\/jeaken.com\/it\/prodotto\/fascio-di-chiarezza-mentale\/\",\"name\":\"Pacchetto chiarezza mentale - JeaKen\",\"isPartOf\":{\"@id\":\"https:\/\/jeaken.com\/it\/#website\"},\"primaryImageOfPage\":{\"@id\":\"https:\/\/jeaken.com\/it\/prodotto\/fascio-di-chiarezza-mentale\/#primaryimage\"},\"image\":{\"@id\":\"https:\/\/jeaken.com\/it\/prodotto\/fascio-di-chiarezza-mentale\/#primaryimage\"},\"thumbnailUrl\":\"https:\/\/jeaken.com\/wp-content\/uploads\/2023\/03\/Combine7.jpg\",\"datePublished\":\"2023-03-16T10:28:24+00:00\",\"dateModified\":\"2023-04-06T11:30:58+00:00\",\"breadcrumb\":{\"@id\":\"https:\/\/jeaken.com\/it\/prodotto\/fascio-di-chiarezza-mentale\/#breadcrumb\"},\"inLanguage\":\"it-IT\",\"potentialAction\":[{\"@type\":\"ReadAction\",\"target\":[\"https:\/\/jeaken.com\/it\/prodotto\/fascio-di-chiarezza-mentale\/\"]}]},{\"@type\":\"ImageObject\",\"inLanguage\":\"it-IT\",\"@id\":\"https:\/\/jeaken.com\/it\/prodotto\/fascio-di-chiarezza-mentale\/#primaryimage\",\"url\":\"https:\/\/jeaken.com\/wp-content\/uploads\/2023\/03\/Combine7.jpg\",\"contentUrl\":\"https:\/\/jeaken.com\/wp-content\/uploads\/2023\/03\/Combine7.jpg\",\"width\":972,\"height\":972,\"caption\":\"Mental Clarity Bundle\"},{\"@type\":\"BreadcrumbList\",\"@id\":\"https:\/\/jeaken.com\/it\/prodotto\/fascio-di-chiarezza-mentale\/#breadcrumb\",\"itemListElement\":[{\"@type\":\"ListItem\",\"position\":1,\"name\":\"Home\",\"item\":\"https:\/\/jeaken.com\/it\/\"},{\"@type\":\"ListItem\",\"position\":2,\"name\":\"Private: Shop\",\"item\":\"https:\/\/jeaken.com\/shop\/\"},{\"@type\":\"ListItem\",\"position\":3,\"name\":\"Pacchetto chiarezza mentale\"}]},{\"@type\":\"WebSite\",\"@id\":\"https:\/\/jeaken.com\/it\/#website\",\"url\":\"https:\/\/jeaken.com\/it\/\",\"name\":\"JeaKen\",\"description\":\"Organic Supplements for Health, Fitness and Nutrition\",\"publisher\":{\"@id\":\"https:\/\/jeaken.com\/it\/#organization\"},\"potentialAction\":[{\"@type\":\"SearchAction\",\"target\":{\"@type\":\"EntryPoint\",\"urlTemplate\":\"https:\/\/jeaken.com\/it\/?s={search_term_string}\"},\"query-input\":\"required name=search_term_string\"}],\"inLanguage\":\"it-IT\"},{\"@type\":\"Organization\",\"@id\":\"https:\/\/jeaken.com\/it\/#organization\",\"name\":\"JeaKen\",\"url\":\"https:\/\/jeaken.com\/it\/\",\"logo\":{\"@type\":\"ImageObject\",\"inLanguage\":\"it-IT\",\"@id\":\"https:\/\/jeaken.com\/it\/#\/schema\/logo\/image\/\",\"url\":\"https:\/\/jeaken.com\/wp-content\/uploads\/2022\/06\/jeaken-logo-23.png\",\"contentUrl\":\"https:\/\/jeaken.com\/wp-content\/uploads\/2022\/06\/jeaken-logo-23.png\",\"width\":2486,\"height\":736,\"caption\":\"JeaKen\"},\"image\":{\"@id\":\"https:\/\/jeaken.com\/it\/#\/schema\/logo\/image\/\"}}]}<\/script>\n<!-- \/ Yoast SEO plugin. -->","yoast_head_json":{"title":"Pacchetto chiarezza mentale - JeaKen","robots":{"index":"index","follow":"follow","max-snippet":"max-snippet:-1","max-image-preview":"max-image-preview:large","max-video-preview":"max-video-preview:-1"},"canonical":"https:\/\/jeaken.com\/it\/prodotto\/fascio-di-chiarezza-mentale\/","og_locale":"it_IT","og_type":"article","og_title":"Pacchetto chiarezza mentale - JeaKen","og_description":"Il Mental Clarity Bundle \u00e8 ottimo per aumentare la concentrazione, uno stile di vita sano e la gestione dello stress. Il pacchetto comprende le capsule di Funghi del Cane di Leone, i Nootropi Super Mind e i Potenziatori Cognitivi Nootropi.","og_url":"https:\/\/jeaken.com\/it\/prodotto\/fascio-di-chiarezza-mentale\/","og_site_name":"JeaKen","article_modified_time":"2023-04-06T11:30:58+00:00","og_image":[{"width":972,"height":972,"url":"https:\/\/jeaken.com\/wp-content\/uploads\/2023\/03\/Combine7.jpg","type":"image\/jpeg"}],"twitter_card":"summary_large_image","schema":{"@context":"https:\/\/schema.org","@graph":[{"@type":"WebPage","@id":"https:\/\/jeaken.com\/it\/prodotto\/fascio-di-chiarezza-mentale\/","url":"https:\/\/jeaken.com\/it\/prodotto\/fascio-di-chiarezza-mentale\/","name":"Pacchetto chiarezza mentale - JeaKen","isPartOf":{"@id":"https:\/\/jeaken.com\/it\/#website"},"primaryImageOfPage":{"@id":"https:\/\/jeaken.com\/it\/prodotto\/fascio-di-chiarezza-mentale\/#primaryimage"},"image":{"@id":"https:\/\/jeaken.com\/it\/prodotto\/fascio-di-chiarezza-mentale\/#primaryimage"},"thumbnailUrl":"https:\/\/jeaken.com\/wp-content\/uploads\/2023\/03\/Combine7.jpg","datePublished":"2023-03-16T10:28:24+00:00","dateModified":"2023-04-06T11:30:58+00:00","breadcrumb":{"@id":"https:\/\/jeaken.com\/it\/prodotto\/fascio-di-chiarezza-mentale\/#breadcrumb"},"inLanguage":"it-IT","potentialAction":[{"@type":"ReadAction","target":["https:\/\/jeaken.com\/it\/prodotto\/fascio-di-chiarezza-mentale\/"]}]},{"@type":"ImageObject","inLanguage":"it-IT","@id":"https:\/\/jeaken.com\/it\/prodotto\/fascio-di-chiarezza-mentale\/#primaryimage","url":"https:\/\/jeaken.com\/wp-content\/uploads\/2023\/03\/Combine7.jpg","contentUrl":"https:\/\/jeaken.com\/wp-content\/uploads\/2023\/03\/Combine7.jpg","width":972,"height":972,"caption":"Mental Clarity Bundle"},{"@type":"BreadcrumbList","@id":"https:\/\/jeaken.com\/it\/prodotto\/fascio-di-chiarezza-mentale\/#breadcrumb","itemListElement":[{"@type":"ListItem","position":1,"name":"Home","item":"https:\/\/jeaken.com\/it\/"},{"@type":"ListItem","position":2,"name":"Private: Shop","item":"https:\/\/jeaken.com\/shop\/"},{"@type":"ListItem","position":3,"name":"Pacchetto chiarezza mentale"}]},{"@type":"WebSite","@id":"https:\/\/jeaken.com\/it\/#website","url":"https:\/\/jeaken.com\/it\/","name":"JeaKen","description":"Organic Supplements for Health, Fitness and Nutrition","publisher":{"@id":"https:\/\/jeaken.com\/it\/#organization"},"potentialAction":[{"@type":"SearchAction","target":{"@type":"EntryPoint","urlTemplate":"https:\/\/jeaken.com\/it\/?s={search_term_string}"},"query-input":"required name=search_term_string"}],"inLanguage":"it-IT"},{"@type":"Organization","@id":"https:\/\/jeaken.com\/it\/#organization","name":"JeaKen","url":"https:\/\/jeaken.com\/it\/","logo":{"@type":"ImageObject","inLanguage":"it-IT","@id":"https:\/\/jeaken.com\/it\/#\/schema\/logo\/image\/","url":"https:\/\/jeaken.com\/wp-content\/uploads\/2022\/06\/jeaken-logo-23.png","contentUrl":"https:\/\/jeaken.com\/wp-content\/uploads\/2022\/06\/jeaken-logo-23.png","width":2486,"height":736,"caption":"JeaKen"},"image":{"@id":"https:\/\/jeaken.com\/it\/#\/schema\/logo\/image\/"}}]}},"jetpack_sharing_enabled":true,"_links":{"self":[{"href":"https:\/\/jeaken.com\/it\/wp-json\/wp\/v2\/product\/14354","targetHints":{"allow":["GET"]}}],"collection":[{"href":"https:\/\/jeaken.com\/it\/wp-json\/wp\/v2\/product"}],"about":[{"href":"https:\/\/jeaken.com\/it\/wp-json\/wp\/v2\/types\/product"}],"wp:featuredmedia":[{"embeddable":true,"href":"https:\/\/jeaken.com\/it\/wp-json\/wp\/v2\/media\/16312"}],"wp:attachment":[{"href":"https:\/\/jeaken.com\/it\/wp-json\/wp\/v2\/media?parent=14354"}],"wp:term":[{"taxonomy":"product_cat","embeddable":true,"href":"https:\/\/jeaken.com\/it\/wp-json\/wp\/v2\/product_cat?post=14354"},{"taxonomy":"product_tag","embeddable":true,"href":"https:\/\/jeaken.com\/it\/wp-json\/wp\/v2\/product_tag?post=14354"}],"curies":[{"name":"wp","href":"https:\/\/api.w.org\/{rel}","templated":true}]}}