{"id":9320,"date":"2022-10-17T19:33:11","date_gmt":"2022-10-17T18:33:11","guid":{"rendered":"https:\/product\/super-mind-nootropics-60-capsules-vegetaliennes\/"},"modified":"2022-10-17T19:43:32","modified_gmt":"2022-10-17T18:43:32","slug":"super-mind-nootropics-60-capsules-vegetaliennes","status":"publish","type":"product","link":"https:\/\/jeaken.com\/fr\/produit\/super-mind-nootropics-60-capsules-vegetaliennes\/","title":{"rendered":"Super Mind Nootropics &#8211; 60 capsules v\u00e9g\u00e9taliennes"},"content":{"rendered":"<ul class=\"a-unordered-list a-vertical a-spacing-none\">\n<li class=\"a-spacing-small\"><span class=\"a-list-item a-size-base\">RENFORCEMENT DE LA M\u00c9MOIRE, DE LA CONCENTRATION ET DE LA PERFORMANCE &#8211; Contrairement \u00e0 de nombreux compl\u00e9ments c\u00e9r\u00e9braux, les capsules JeaKen nootropics brain boost sont fabriqu\u00e9es \u00e0 partir d&#8217;ingr\u00e9dients naturels tels que la Rhodiola Rosea, qui aident \u00e0 augmenter la concentration et la vigilance, \u00e0 renforcer l&#8217;\u00e9nergie mentale et \u00e0 am\u00e9liorer la m\u00e9moire.  <\/span><\/li>\n<li class=\"a-spacing-small\"><span class=\"a-list-item a-size-base\">R\u00c9DUIT LA FATIGUE, AM\u00c9LIORE LA FOCALIT\u00c9 &#8211; Le guarana, une plante originaire d&#8217;Amazonie, contient naturellement de la caf\u00e9ine, qui s&#8217;est av\u00e9r\u00e9e tr\u00e8s efficace pour r\u00e9duire la fatigue et am\u00e9liorer la concentration mentale. L&#8217;association de la caf\u00e9ine et de la th\u00e9anine s&#8217;av\u00e8re tr\u00e8s efficace pour am\u00e9liorer les performances cognitives.  <\/span><\/li>\n<li class=\"a-spacing-small\"><span class=\"a-list-item a-size-base\">SEULEMENT LES MEILLEURS INGR\u00c9DIENTS &#8211; Notre suppl\u00e9ment de m\u00e9moire est fabriqu\u00e9 \u00e0 partir de vitamines, de min\u00e9raux et d&#8217;extraits de plantes enti\u00e8rement naturels, sans utilisation d&#8217;additifs nocifs ; sans OGM, sans hormones et sans gluten.  <\/span><\/li>\n<li class=\"a-spacing-small\"><span class=\"a-list-item a-size-base\">S&#8217;APPUYANT SUR LA SCIENCE &#8211; Un grand soin a \u00e9t\u00e9 apport\u00e9 \u00e0 la combinaison de la bonne quantit\u00e9 de chaque ingr\u00e9dient dans une formule avanc\u00e9e con\u00e7ue pour favoriser l&#8217;oxyg\u00e8ne et la circulation dans les cellules du cerveau, et les neurones con\u00e7us pour favoriser la m\u00e9moire, la concentration et la clart\u00e9.<\/span><\/li>\n<\/ul>\n","protected":false},"excerpt":{"rendered":"<p>Cognitive Enhancer &#8211; Boosters c\u00e9r\u00e9braux qui augmentent la concentration, la vigilance et la m\u00e9moire &#8211; Pilules de concentration contenant des ingr\u00e9dients naturels.<\/p>\n","protected":false},"featured_media":16265,"template":"","meta":{"site-sidebar-layout":"default","site-content-layout":"default","ast-site-content-layout":"default","site-content-style":"default","site-sidebar-style":"default","ast-global-header-display":"","ast-banner-title-visibility":"","ast-main-header-display":"","ast-hfb-above-header-display":"","ast-hfb-below-header-display":"","ast-hfb-mobile-header-display":"","site-post-title":"","ast-breadcrumbs-content":"","ast-featured-img":"","footer-sml-layout":"","theme-transparent-header-meta":"default","adv-header-id-meta":"","stick-header-meta":"default","header-above-stick-meta":"","header-main-stick-meta":"","header-below-stick-meta":"","astra-migrate-meta-layouts":"default","ast-page-background-enabled":"default","ast-page-background-meta":{"desktop":{"background-color":"","background-image":"","background-repeat":"repeat","background-position":"center center","background-size":"auto","background-attachment":"scroll","background-type":"","background-media":"","overlay-type":"","overlay-color":"","overlay-opacity":"","overlay-gradient":""},"tablet":{"background-color":"","background-image":"","background-repeat":"repeat","background-position":"center center","background-size":"auto","background-attachment":"scroll","background-type":"","background-media":"","overlay-type":"","overlay-color":"","overlay-opacity":"","overlay-gradient":""},"mobile":{"background-color":"","background-image":"","background-repeat":"repeat","background-position":"center center","background-size":"auto","background-attachment":"scroll","background-type":"","background-media":"","overlay-type":"","overlay-color":"","overlay-opacity":"","overlay-gradient":""}},"ast-content-background-meta":{"desktop":{"background-color":"var(--ast-global-color-5)","background-image":"","background-repeat":"repeat","background-position":"center center","background-size":"auto","background-attachment":"scroll","background-type":"","background-media":"","overlay-type":"","overlay-color":"","overlay-opacity":"","overlay-gradient":""},"tablet":{"background-color":"var(--ast-global-color-5)","background-image":"","background-repeat":"repeat","background-position":"center center","background-size":"auto","background-attachment":"scroll","background-type":"","background-media":"","overlay-type":"","overlay-color":"","overlay-opacity":"","overlay-gradient":""},"mobile":{"background-color":"var(--ast-global-color-5)","background-image":"","background-repeat":"repeat","background-position":"center center","background-size":"auto","background-attachment":"scroll","background-type":"","background-media":"","overlay-type":"","overlay-color":"","overlay-opacity":"","overlay-gradient":""}}},"product_cat":[516,698,643,644],"product_tag":[],"class_list":{"0":"post-9320","1":"product","2":"type-product","3":"status-publish","4":"has-post-thumbnail","6":"product_cat-humeur-et-bien-etre","7":"product_cat-nutrition-fr","8":"product_cat-stimulants-pour-le-cerveau","9":"product_cat-supplements-alimentaires","10":"has-subscription-plans","11":"desktop-align-left","12":"tablet-align-left","13":"mobile-align-left","15":"first","16":"instock","17":"sale","18":"taxable","19":"shipping-taxable","20":"purchasable","21":"product-type-simple"},"yoast_head":"<!-- This site is optimized with the Yoast SEO plugin v22.7 - https:\/\/yoast.com\/wordpress\/plugins\/seo\/ -->\n<title>Super Mind Nootropics - 60 capsules v\u00e9g\u00e9taliennes - JeaKen<\/title>\n<meta name=\"robots\" content=\"index, follow, max-snippet:-1, max-image-preview:large, max-video-preview:-1\" \/>\n<link rel=\"canonical\" href=\"https:\/\/jeaken.com\/fr\/produit\/super-mind-nootropics-60-capsules-vegetaliennes\/\" \/>\n<meta property=\"og:locale\" content=\"fr_FR\" \/>\n<meta property=\"og:type\" content=\"article\" \/>\n<meta property=\"og:title\" content=\"Super Mind Nootropics - 60 capsules v\u00e9g\u00e9taliennes - JeaKen\" \/>\n<meta property=\"og:description\" content=\"Cognitive Enhancer - Boosters c\u00e9r\u00e9braux qui augmentent la concentration, la vigilance et la m\u00e9moire - Pilules de concentration contenant des ingr\u00e9dients naturels.\" \/>\n<meta property=\"og:url\" content=\"https:\/\/jeaken.com\/fr\/produit\/super-mind-nootropics-60-capsules-vegetaliennes\/\" \/>\n<meta property=\"og:site_name\" content=\"JeaKen\" \/>\n<meta property=\"article:modified_time\" content=\"2022-10-17T18:43:32+00:00\" \/>\n<meta property=\"og:image\" content=\"https:\/\/jeaken.com\/wp-content\/uploads\/2023\/03\/Super-Mind.jpg\" \/>\n\t<meta property=\"og:image:width\" content=\"512\" \/>\n\t<meta property=\"og:image:height\" content=\"600\" \/>\n\t<meta property=\"og:image:type\" content=\"image\/jpeg\" \/>\n<meta name=\"twitter:card\" content=\"summary_large_image\" \/>\n<meta name=\"twitter:label1\" content=\"Est. reading time\" \/>\n\t<meta name=\"twitter:data1\" content=\"1 minute\" \/>\n<script type=\"application\/ld+json\" class=\"yoast-schema-graph\">{\"@context\":\"https:\/\/schema.org\",\"@graph\":[{\"@type\":\"WebPage\",\"@id\":\"https:\/\/jeaken.com\/fr\/produit\/super-mind-nootropics-60-capsules-vegetaliennes\/\",\"url\":\"https:\/\/jeaken.com\/fr\/produit\/super-mind-nootropics-60-capsules-vegetaliennes\/\",\"name\":\"Super Mind Nootropics - 60 capsules v\u00e9g\u00e9taliennes - JeaKen\",\"isPartOf\":{\"@id\":\"https:\/\/jeaken.com\/fr\/#website\"},\"primaryImageOfPage\":{\"@id\":\"https:\/\/jeaken.com\/fr\/produit\/super-mind-nootropics-60-capsules-vegetaliennes\/#primaryimage\"},\"image\":{\"@id\":\"https:\/\/jeaken.com\/fr\/produit\/super-mind-nootropics-60-capsules-vegetaliennes\/#primaryimage\"},\"thumbnailUrl\":\"https:\/\/jeaken.com\/wp-content\/uploads\/2023\/03\/Super-Mind.jpg\",\"datePublished\":\"2022-10-17T18:33:11+00:00\",\"dateModified\":\"2022-10-17T18:43:32+00:00\",\"breadcrumb\":{\"@id\":\"https:\/\/jeaken.com\/fr\/produit\/super-mind-nootropics-60-capsules-vegetaliennes\/#breadcrumb\"},\"inLanguage\":\"fr-FR\",\"potentialAction\":[{\"@type\":\"ReadAction\",\"target\":[\"https:\/\/jeaken.com\/fr\/produit\/super-mind-nootropics-60-capsules-vegetaliennes\/\"]}]},{\"@type\":\"ImageObject\",\"inLanguage\":\"fr-FR\",\"@id\":\"https:\/\/jeaken.com\/fr\/produit\/super-mind-nootropics-60-capsules-vegetaliennes\/#primaryimage\",\"url\":\"https:\/\/jeaken.com\/wp-content\/uploads\/2023\/03\/Super-Mind.jpg\",\"contentUrl\":\"https:\/\/jeaken.com\/wp-content\/uploads\/2023\/03\/Super-Mind.jpg\",\"width\":512,\"height\":600,\"caption\":\"Super Mind Supplement\"},{\"@type\":\"BreadcrumbList\",\"@id\":\"https:\/\/jeaken.com\/fr\/produit\/super-mind-nootropics-60-capsules-vegetaliennes\/#breadcrumb\",\"itemListElement\":[{\"@type\":\"ListItem\",\"position\":1,\"name\":\"Home\",\"item\":\"https:\/\/jeaken.com\/fr\/\"},{\"@type\":\"ListItem\",\"position\":2,\"name\":\"Private: Shop\",\"item\":\"https:\/\/jeaken.com\/shop\/\"},{\"@type\":\"ListItem\",\"position\":3,\"name\":\"Super Mind Nootropics &#8211; 60 capsules v\u00e9g\u00e9taliennes\"}]},{\"@type\":\"WebSite\",\"@id\":\"https:\/\/jeaken.com\/fr\/#website\",\"url\":\"https:\/\/jeaken.com\/fr\/\",\"name\":\"JeaKen\",\"description\":\"Organic Supplements for Health, Fitness and Nutrition\",\"publisher\":{\"@id\":\"https:\/\/jeaken.com\/fr\/#organization\"},\"potentialAction\":[{\"@type\":\"SearchAction\",\"target\":{\"@type\":\"EntryPoint\",\"urlTemplate\":\"https:\/\/jeaken.com\/fr\/?s={search_term_string}\"},\"query-input\":\"required name=search_term_string\"}],\"inLanguage\":\"fr-FR\"},{\"@type\":\"Organization\",\"@id\":\"https:\/\/jeaken.com\/fr\/#organization\",\"name\":\"JeaKen\",\"url\":\"https:\/\/jeaken.com\/fr\/\",\"logo\":{\"@type\":\"ImageObject\",\"inLanguage\":\"fr-FR\",\"@id\":\"https:\/\/jeaken.com\/fr\/#\/schema\/logo\/image\/\",\"url\":\"https:\/\/jeaken.com\/wp-content\/uploads\/2022\/06\/jeaken-logo-23.png\",\"contentUrl\":\"https:\/\/jeaken.com\/wp-content\/uploads\/2022\/06\/jeaken-logo-23.png\",\"width\":2486,\"height\":736,\"caption\":\"JeaKen\"},\"image\":{\"@id\":\"https:\/\/jeaken.com\/fr\/#\/schema\/logo\/image\/\"}}]}<\/script>\n<!-- \/ Yoast SEO plugin. -->","yoast_head_json":{"title":"Super Mind Nootropics - 60 capsules v\u00e9g\u00e9taliennes - JeaKen","robots":{"index":"index","follow":"follow","max-snippet":"max-snippet:-1","max-image-preview":"max-image-preview:large","max-video-preview":"max-video-preview:-1"},"canonical":"https:\/\/jeaken.com\/fr\/produit\/super-mind-nootropics-60-capsules-vegetaliennes\/","og_locale":"fr_FR","og_type":"article","og_title":"Super Mind Nootropics - 60 capsules v\u00e9g\u00e9taliennes - JeaKen","og_description":"Cognitive Enhancer - Boosters c\u00e9r\u00e9braux qui augmentent la concentration, la vigilance et la m\u00e9moire - Pilules de concentration contenant des ingr\u00e9dients naturels.","og_url":"https:\/\/jeaken.com\/fr\/produit\/super-mind-nootropics-60-capsules-vegetaliennes\/","og_site_name":"JeaKen","article_modified_time":"2022-10-17T18:43:32+00:00","og_image":[{"width":512,"height":600,"url":"https:\/\/jeaken.com\/wp-content\/uploads\/2023\/03\/Super-Mind.jpg","type":"image\/jpeg"}],"twitter_card":"summary_large_image","twitter_misc":{"Est. reading time":"1 minute"},"schema":{"@context":"https:\/\/schema.org","@graph":[{"@type":"WebPage","@id":"https:\/\/jeaken.com\/fr\/produit\/super-mind-nootropics-60-capsules-vegetaliennes\/","url":"https:\/\/jeaken.com\/fr\/produit\/super-mind-nootropics-60-capsules-vegetaliennes\/","name":"Super Mind Nootropics - 60 capsules v\u00e9g\u00e9taliennes - JeaKen","isPartOf":{"@id":"https:\/\/jeaken.com\/fr\/#website"},"primaryImageOfPage":{"@id":"https:\/\/jeaken.com\/fr\/produit\/super-mind-nootropics-60-capsules-vegetaliennes\/#primaryimage"},"image":{"@id":"https:\/\/jeaken.com\/fr\/produit\/super-mind-nootropics-60-capsules-vegetaliennes\/#primaryimage"},"thumbnailUrl":"https:\/\/jeaken.com\/wp-content\/uploads\/2023\/03\/Super-Mind.jpg","datePublished":"2022-10-17T18:33:11+00:00","dateModified":"2022-10-17T18:43:32+00:00","breadcrumb":{"@id":"https:\/\/jeaken.com\/fr\/produit\/super-mind-nootropics-60-capsules-vegetaliennes\/#breadcrumb"},"inLanguage":"fr-FR","potentialAction":[{"@type":"ReadAction","target":["https:\/\/jeaken.com\/fr\/produit\/super-mind-nootropics-60-capsules-vegetaliennes\/"]}]},{"@type":"ImageObject","inLanguage":"fr-FR","@id":"https:\/\/jeaken.com\/fr\/produit\/super-mind-nootropics-60-capsules-vegetaliennes\/#primaryimage","url":"https:\/\/jeaken.com\/wp-content\/uploads\/2023\/03\/Super-Mind.jpg","contentUrl":"https:\/\/jeaken.com\/wp-content\/uploads\/2023\/03\/Super-Mind.jpg","width":512,"height":600,"caption":"Super Mind Supplement"},{"@type":"BreadcrumbList","@id":"https:\/\/jeaken.com\/fr\/produit\/super-mind-nootropics-60-capsules-vegetaliennes\/#breadcrumb","itemListElement":[{"@type":"ListItem","position":1,"name":"Home","item":"https:\/\/jeaken.com\/fr\/"},{"@type":"ListItem","position":2,"name":"Private: Shop","item":"https:\/\/jeaken.com\/shop\/"},{"@type":"ListItem","position":3,"name":"Super Mind Nootropics &#8211; 60 capsules v\u00e9g\u00e9taliennes"}]},{"@type":"WebSite","@id":"https:\/\/jeaken.com\/fr\/#website","url":"https:\/\/jeaken.com\/fr\/","name":"JeaKen","description":"Organic Supplements for Health, Fitness and Nutrition","publisher":{"@id":"https:\/\/jeaken.com\/fr\/#organization"},"potentialAction":[{"@type":"SearchAction","target":{"@type":"EntryPoint","urlTemplate":"https:\/\/jeaken.com\/fr\/?s={search_term_string}"},"query-input":"required name=search_term_string"}],"inLanguage":"fr-FR"},{"@type":"Organization","@id":"https:\/\/jeaken.com\/fr\/#organization","name":"JeaKen","url":"https:\/\/jeaken.com\/fr\/","logo":{"@type":"ImageObject","inLanguage":"fr-FR","@id":"https:\/\/jeaken.com\/fr\/#\/schema\/logo\/image\/","url":"https:\/\/jeaken.com\/wp-content\/uploads\/2022\/06\/jeaken-logo-23.png","contentUrl":"https:\/\/jeaken.com\/wp-content\/uploads\/2022\/06\/jeaken-logo-23.png","width":2486,"height":736,"caption":"JeaKen"},"image":{"@id":"https:\/\/jeaken.com\/fr\/#\/schema\/logo\/image\/"}}]}},"jetpack_sharing_enabled":true,"_links":{"self":[{"href":"https:\/\/jeaken.com\/fr\/wp-json\/wp\/v2\/product\/9320","targetHints":{"allow":["GET"]}}],"collection":[{"href":"https:\/\/jeaken.com\/fr\/wp-json\/wp\/v2\/product"}],"about":[{"href":"https:\/\/jeaken.com\/fr\/wp-json\/wp\/v2\/types\/product"}],"wp:featuredmedia":[{"embeddable":true,"href":"https:\/\/jeaken.com\/fr\/wp-json\/wp\/v2\/media\/16265"}],"wp:attachment":[{"href":"https:\/\/jeaken.com\/fr\/wp-json\/wp\/v2\/media?parent=9320"}],"wp:term":[{"taxonomy":"product_cat","embeddable":true,"href":"https:\/\/jeaken.com\/fr\/wp-json\/wp\/v2\/product_cat?post=9320"},{"taxonomy":"product_tag","embeddable":true,"href":"https:\/\/jeaken.com\/fr\/wp-json\/wp\/v2\/product_tag?post=9320"}],"curies":[{"name":"wp","href":"https:\/\/api.w.org\/{rel}","templated":true}]}}